{"id":1859757,"date":"2026-04-22T16:33:30","date_gmt":"2026-04-22T13:33:30","guid":{"rendered":"https:\/\/ruuby.ee\/?post_type=product&#038;p=1859757"},"modified":"2026-04-22T16:33:30","modified_gmt":"2026-04-22T13:33:30","slug":"kikkerland-kustutatavad-markerid-4-varvi","status":"publish","type":"product","link":"https:\/\/ruuby.ee\/en\/pood\/lapsed\/meisterdamine\/joonistusvahendid\/kikkerland-kustutatavad-markerid-4-varvi\/","title":{"rendered":"Kikkerland kustutatavad markerid, 4 v\u00e4rvi"},"content":{"rendered":"<p>Nendel v\u00e4rvilistel markeritel on \u00f5hukesed otsad ja h\u00e4mmastav kustutatav tint, nii et saate oma t\u00f6\u00f6 alati korras hoida.<\/p>\n<p>Komplektis: roosa, lilla, roheline ja kollane.<\/p>\n<p>Materjal: PP, TPE, tint.<\/p>\n<p>Toote m\u00f5\u00f5tmed: l\u00e4bim\u00f5\u00f5t 15,6 x 14 cm.<\/p>","protected":false},"excerpt":{"rendered":"<p>M\u00e4rgi k\u00f5ik vajalik ja kui midagi l\u00e4heb valesti, siis kustuta!<\/p>\n<p>Kompekti kuulub kollane, lilla, roheline ja roosa.<\/p>","protected":false},"featured_media":1859758,"comment_status":"closed","ping_status":"closed","template":"","meta":[],"product_brand":[],"product_cat":[43,661,22,881,67],"product_tag":[74],"class_list":{"0":"post-1859757","1":"product","2":"type-product","3":"status-publish","4":"has-post-thumbnail","6":"product_cat-aksessuaarid","7":"product_cat-joonistusvahendid","8":"product_cat-lapsed","9":"product_cat-markmikud-aksessuaarid","10":"product_cat-meisterdamine","11":"product_tag-vildikad","13":"first","14":"instock","15":"taxable","16":"shipping-taxable","17":"purchasable","18":"product-type-simple"},"yoast_head":"<!-- This site is optimized with the Yoast SEO plugin v27.3 - https:\/\/yoast.com\/product\/yoast-seo-wordpress\/ -->\n<title>Kikkerland kustutatavad markerid, 4 v\u00e4rvi - RUUBY<\/title>\n<meta name=\"robots\" content=\"index, follow, max-snippet:-1, max-image-preview:large, max-video-preview:-1\" \/>\n<link rel=\"canonical\" href=\"https:\/\/ruuby.ee\/en\/pood\/lapsed\/meisterdamine\/joonistusvahendid\/kikkerland-kustutatavad-markerid-4-varvi\/\" \/>\n<meta property=\"og:locale\" content=\"en_GB\" \/>\n<meta property=\"og:type\" content=\"article\" \/>\n<meta property=\"og:title\" content=\"Kikkerland kustutatavad markerid, 4 v\u00e4rvi - RUUBY\" \/>\n<meta property=\"og:description\" content=\"M\u00e4rgi k\u00f5ik vajalik ja kui midagi l\u00e4heb valesti, siis kustuta!  Kompekti kuulub kollane, lilla, roheline ja roosa.\" \/>\n<meta property=\"og:url\" content=\"https:\/\/ruuby.ee\/en\/pood\/lapsed\/meisterdamine\/joonistusvahendid\/kikkerland-kustutatavad-markerid-4-varvi\/\" \/>\n<meta property=\"og:site_name\" content=\"RUUBY\" \/>\n<meta property=\"article:publisher\" content=\"https:\/\/www.facebook.com\/ruubyconcept\" \/>\n<meta property=\"og:image\" content=\"https:\/\/ruuby.ee\/wp-content\/uploads\/2026\/04\/INK28-A_1.jpg\" \/>\n\t<meta property=\"og:image:width\" content=\"1349\" \/>\n\t<meta property=\"og:image:height\" content=\"1349\" \/>\n\t<meta property=\"og:image:type\" content=\"image\/jpeg\" \/>\n<meta name=\"twitter:card\" content=\"summary_large_image\" \/>\n<meta name=\"twitter:label1\" content=\"Estimated reading time\" \/>\n\t<meta name=\"twitter:data1\" content=\"1 minute\" \/>\n<script type=\"application\/ld+json\" class=\"yoast-schema-graph\">{\"@context\":\"https:\\\/\\\/schema.org\",\"@graph\":[{\"@type\":[\"WebPage\",\"ItemPage\"],\"@id\":\"https:\\\/\\\/ruuby.ee\\\/pood\\\/lapsed\\\/meisterdamine\\\/joonistusvahendid\\\/kikkerland-kustutatavad-markerid-4-varvi\\\/\",\"url\":\"https:\\\/\\\/ruuby.ee\\\/pood\\\/lapsed\\\/meisterdamine\\\/joonistusvahendid\\\/kikkerland-kustutatavad-markerid-4-varvi\\\/\",\"name\":\"Kikkerland kustutatavad markerid, 4 v\u00e4rvi - RUUBY\",\"isPartOf\":{\"@id\":\"http:\\\/\\\/ruuby.ee\\\/en\\\/#website\"},\"primaryImageOfPage\":{\"@id\":\"https:\\\/\\\/ruuby.ee\\\/pood\\\/lapsed\\\/meisterdamine\\\/joonistusvahendid\\\/kikkerland-kustutatavad-markerid-4-varvi\\\/#primaryimage\"},\"image\":{\"@id\":\"https:\\\/\\\/ruuby.ee\\\/pood\\\/lapsed\\\/meisterdamine\\\/joonistusvahendid\\\/kikkerland-kustutatavad-markerid-4-varvi\\\/#primaryimage\"},\"thumbnailUrl\":\"https:\\\/\\\/ruuby.ee\\\/wp-content\\\/uploads\\\/2026\\\/04\\\/INK28-A_1.jpg\",\"datePublished\":\"2026-04-22T13:33:30+00:00\",\"breadcrumb\":{\"@id\":\"https:\\\/\\\/ruuby.ee\\\/pood\\\/lapsed\\\/meisterdamine\\\/joonistusvahendid\\\/kikkerland-kustutatavad-markerid-4-varvi\\\/#breadcrumb\"},\"inLanguage\":\"en-GB\",\"potentialAction\":[{\"@type\":\"ReadAction\",\"target\":[\"https:\\\/\\\/ruuby.ee\\\/pood\\\/lapsed\\\/meisterdamine\\\/joonistusvahendid\\\/kikkerland-kustutatavad-markerid-4-varvi\\\/\"]}]},{\"@type\":\"ImageObject\",\"inLanguage\":\"en-GB\",\"@id\":\"https:\\\/\\\/ruuby.ee\\\/pood\\\/lapsed\\\/meisterdamine\\\/joonistusvahendid\\\/kikkerland-kustutatavad-markerid-4-varvi\\\/#primaryimage\",\"url\":\"https:\\\/\\\/ruuby.ee\\\/wp-content\\\/uploads\\\/2026\\\/04\\\/INK28-A_1.jpg\",\"contentUrl\":\"https:\\\/\\\/ruuby.ee\\\/wp-content\\\/uploads\\\/2026\\\/04\\\/INK28-A_1.jpg\",\"width\":1349,\"height\":1349},{\"@type\":\"BreadcrumbList\",\"@id\":\"https:\\\/\\\/ruuby.ee\\\/pood\\\/lapsed\\\/meisterdamine\\\/joonistusvahendid\\\/kikkerland-kustutatavad-markerid-4-varvi\\\/#breadcrumb\",\"itemListElement\":[{\"@type\":\"ListItem\",\"position\":1,\"name\":\"Kdu\",\"item\":\"http:\\\/\\\/ruuby.ee\\\/en\\\/\"},{\"@type\":\"ListItem\",\"position\":2,\"name\":\"Pood\",\"item\":\"http:\\\/\\\/ruuby.ee\\\/en\\\/pood\\\/\"},{\"@type\":\"ListItem\",\"position\":3,\"name\":\"Kikkerland kustutatavad markerid, 4 v\u00e4rvi\"}]},{\"@type\":\"WebSite\",\"@id\":\"http:\\\/\\\/ruuby.ee\\\/en\\\/#website\",\"url\":\"http:\\\/\\\/ruuby.ee\\\/en\\\/\",\"name\":\"RUUBY\",\"description\":\"Ruubys on \u00fchendatud elustiil ja disain\",\"publisher\":{\"@id\":\"http:\\\/\\\/ruuby.ee\\\/en\\\/#organization\"},\"alternateName\":\"Ruuby Disain\",\"potentialAction\":[{\"@type\":\"SearchAction\",\"target\":{\"@type\":\"EntryPoint\",\"urlTemplate\":\"http:\\\/\\\/ruuby.ee\\\/en\\\/?s={search_term_string}\"},\"query-input\":{\"@type\":\"PropertyValueSpecification\",\"valueRequired\":true,\"valueName\":\"search_term_string\"}}],\"inLanguage\":\"en-GB\"},{\"@type\":\"Organization\",\"@id\":\"http:\\\/\\\/ruuby.ee\\\/en\\\/#organization\",\"name\":\"Ruuby Disain O\u00dc\",\"alternateName\":\"Ruuby\",\"url\":\"http:\\\/\\\/ruuby.ee\\\/en\\\/\",\"logo\":{\"@type\":\"ImageObject\",\"inLanguage\":\"en-GB\",\"@id\":\"http:\\\/\\\/ruuby.ee\\\/en\\\/#\\\/schema\\\/logo\\\/image\\\/\",\"url\":\"https:\\\/\\\/ruuby.ee\\\/wp-content\\\/uploads\\\/2023\\\/06\\\/cropped-Black-White-Elegant-Circle-Signature-Fashion-Logo-12_large.png\",\"contentUrl\":\"https:\\\/\\\/ruuby.ee\\\/wp-content\\\/uploads\\\/2023\\\/06\\\/cropped-Black-White-Elegant-Circle-Signature-Fashion-Logo-12_large.png\",\"width\":1280,\"height\":747,\"caption\":\"Ruuby Disain O\u00dc\"},\"image\":{\"@id\":\"http:\\\/\\\/ruuby.ee\\\/en\\\/#\\\/schema\\\/logo\\\/image\\\/\"},\"sameAs\":[\"https:\\\/\\\/www.facebook.com\\\/ruubyconcept\",\"https:\\\/\\\/www.instagram.com\\\/ruuby_concept\\\/\"]}]}<\/script>\n<!-- \/ Yoast SEO plugin. -->","yoast_head_json":{"title":"Kikkerland kustutatavad markerid, 4 v\u00e4rvi - RUUBY","robots":{"index":"index","follow":"follow","max-snippet":"max-snippet:-1","max-image-preview":"max-image-preview:large","max-video-preview":"max-video-preview:-1"},"canonical":"https:\/\/ruuby.ee\/en\/pood\/lapsed\/meisterdamine\/joonistusvahendid\/kikkerland-kustutatavad-markerid-4-varvi\/","og_locale":"en_GB","og_type":"article","og_title":"Kikkerland kustutatavad markerid, 4 v\u00e4rvi - RUUBY","og_description":"M\u00e4rgi k\u00f5ik vajalik ja kui midagi l\u00e4heb valesti, siis kustuta!  Kompekti kuulub kollane, lilla, roheline ja roosa.","og_url":"https:\/\/ruuby.ee\/en\/pood\/lapsed\/meisterdamine\/joonistusvahendid\/kikkerland-kustutatavad-markerid-4-varvi\/","og_site_name":"RUUBY","article_publisher":"https:\/\/www.facebook.com\/ruubyconcept","og_image":[{"width":1349,"height":1349,"url":"https:\/\/ruuby.ee\/wp-content\/uploads\/2026\/04\/INK28-A_1.jpg","type":"image\/jpeg"}],"twitter_card":"summary_large_image","twitter_misc":{"Estimated reading time":"1 minute"},"schema":{"@context":"https:\/\/schema.org","@graph":[{"@type":["WebPage","ItemPage"],"@id":"https:\/\/ruuby.ee\/pood\/lapsed\/meisterdamine\/joonistusvahendid\/kikkerland-kustutatavad-markerid-4-varvi\/","url":"https:\/\/ruuby.ee\/pood\/lapsed\/meisterdamine\/joonistusvahendid\/kikkerland-kustutatavad-markerid-4-varvi\/","name":"Kikkerland kustutatavad markerid, 4 v\u00e4rvi - RUUBY","isPartOf":{"@id":"http:\/\/ruuby.ee\/en\/#website"},"primaryImageOfPage":{"@id":"https:\/\/ruuby.ee\/pood\/lapsed\/meisterdamine\/joonistusvahendid\/kikkerland-kustutatavad-markerid-4-varvi\/#primaryimage"},"image":{"@id":"https:\/\/ruuby.ee\/pood\/lapsed\/meisterdamine\/joonistusvahendid\/kikkerland-kustutatavad-markerid-4-varvi\/#primaryimage"},"thumbnailUrl":"https:\/\/ruuby.ee\/wp-content\/uploads\/2026\/04\/INK28-A_1.jpg","datePublished":"2026-04-22T13:33:30+00:00","breadcrumb":{"@id":"https:\/\/ruuby.ee\/pood\/lapsed\/meisterdamine\/joonistusvahendid\/kikkerland-kustutatavad-markerid-4-varvi\/#breadcrumb"},"inLanguage":"en-GB","potentialAction":[{"@type":"ReadAction","target":["https:\/\/ruuby.ee\/pood\/lapsed\/meisterdamine\/joonistusvahendid\/kikkerland-kustutatavad-markerid-4-varvi\/"]}]},{"@type":"ImageObject","inLanguage":"en-GB","@id":"https:\/\/ruuby.ee\/pood\/lapsed\/meisterdamine\/joonistusvahendid\/kikkerland-kustutatavad-markerid-4-varvi\/#primaryimage","url":"https:\/\/ruuby.ee\/wp-content\/uploads\/2026\/04\/INK28-A_1.jpg","contentUrl":"https:\/\/ruuby.ee\/wp-content\/uploads\/2026\/04\/INK28-A_1.jpg","width":1349,"height":1349},{"@type":"BreadcrumbList","@id":"https:\/\/ruuby.ee\/pood\/lapsed\/meisterdamine\/joonistusvahendid\/kikkerland-kustutatavad-markerid-4-varvi\/#breadcrumb","itemListElement":[{"@type":"ListItem","position":1,"name":"Kdu","item":"http:\/\/ruuby.ee\/en\/"},{"@type":"ListItem","position":2,"name":"Pood","item":"http:\/\/ruuby.ee\/en\/pood\/"},{"@type":"ListItem","position":3,"name":"Kikkerland kustutatavad markerid, 4 v\u00e4rvi"}]},{"@type":"WebSite","@id":"http:\/\/ruuby.ee\/en\/#website","url":"http:\/\/ruuby.ee\/en\/","name":"RUUBY","description":"Ruubys on \u00fchendatud elustiil ja disain","publisher":{"@id":"http:\/\/ruuby.ee\/en\/#organization"},"alternateName":"Ruuby Disain","potentialAction":[{"@type":"SearchAction","target":{"@type":"EntryPoint","urlTemplate":"http:\/\/ruuby.ee\/en\/?s={search_term_string}"},"query-input":{"@type":"PropertyValueSpecification","valueRequired":true,"valueName":"search_term_string"}}],"inLanguage":"en-GB"},{"@type":"Organization","@id":"http:\/\/ruuby.ee\/en\/#organization","name":"Ruuby Disain O\u00dc","alternateName":"Ruuby","url":"http:\/\/ruuby.ee\/en\/","logo":{"@type":"ImageObject","inLanguage":"en-GB","@id":"http:\/\/ruuby.ee\/en\/#\/schema\/logo\/image\/","url":"https:\/\/ruuby.ee\/wp-content\/uploads\/2023\/06\/cropped-Black-White-Elegant-Circle-Signature-Fashion-Logo-12_large.png","contentUrl":"https:\/\/ruuby.ee\/wp-content\/uploads\/2023\/06\/cropped-Black-White-Elegant-Circle-Signature-Fashion-Logo-12_large.png","width":1280,"height":747,"caption":"Ruuby Disain O\u00dc"},"image":{"@id":"http:\/\/ruuby.ee\/en\/#\/schema\/logo\/image\/"},"sameAs":["https:\/\/www.facebook.com\/ruubyconcept","https:\/\/www.instagram.com\/ruuby_concept\/"]}]}},"jetpack_sharing_enabled":true,"_links":{"self":[{"href":"https:\/\/ruuby.ee\/en\/wp-json\/wp\/v2\/product\/1859757","targetHints":{"allow":["GET"]}}],"collection":[{"href":"https:\/\/ruuby.ee\/en\/wp-json\/wp\/v2\/product"}],"about":[{"href":"https:\/\/ruuby.ee\/en\/wp-json\/wp\/v2\/types\/product"}],"replies":[{"embeddable":true,"href":"https:\/\/ruuby.ee\/en\/wp-json\/wp\/v2\/comments?post=1859757"}],"wp:featuredmedia":[{"embeddable":true,"href":"https:\/\/ruuby.ee\/en\/wp-json\/wp\/v2\/media\/1859758"}],"wp:attachment":[{"href":"https:\/\/ruuby.ee\/en\/wp-json\/wp\/v2\/media?parent=1859757"}],"wp:term":[{"taxonomy":"product_brand","embeddable":true,"href":"https:\/\/ruuby.ee\/en\/wp-json\/wp\/v2\/product_brand?post=1859757"},{"taxonomy":"product_cat","embeddable":true,"href":"https:\/\/ruuby.ee\/en\/wp-json\/wp\/v2\/product_cat?post=1859757"},{"taxonomy":"product_tag","embeddable":true,"href":"https:\/\/ruuby.ee\/en\/wp-json\/wp\/v2\/product_tag?post=1859757"}],"curies":[{"name":"wp","href":"https:\/\/api.w.org\/{rel}","templated":true}]}}