{"id":1859681,"date":"2026-04-14T13:26:42","date_gmt":"2026-04-14T10:26:42","guid":{"rendered":"https:\/\/ruuby.ee\/?post_type=product&#038;p=1859681"},"modified":"2026-04-17T06:41:11","modified_gmt":"2026-04-17T03:41:11","slug":"salt-stone-kehakreem-bergamot-hinoki-450ml","status":"publish","type":"product","link":"https:\/\/ruuby.ee\/en\/pood\/kosmeetika\/kehahooldus\/salt-stone-kehakreem-bergamot-hinoki-450ml\/","title":{"rendered":"SALT &amp; STONE kehakreem Bergamot &#038; Hinoki, 450ml"},"content":{"rendered":"<p>P\u00e4ikesevalgus s\u00e4deleb \u00f5rnalt lainetel. S\u00fcgav hinget\u00f5mme. \u00c4rka. T\u00e4ida energia. T\u00f5use. Sukeldu eukal\u00fcpti ja apelsini\u00f5ie, mullase vetiveri ja merevaigu s\u00fcgavuti, mis on soe ja p\u00fcsiv. Karge bergamot ja terav greip r\u00f5hutavad \u2013 v\u00e4rske algus, uus p\u00e4ev.<\/p>\n<p>Noodid:<\/p>\n<p>Tippnoot \u2013 Itaalia bergamot, greip<\/p>\n<p>S\u00fcdanoot \u2013 hinoki, vetiver<\/p>\n<p>P\u00f5hinoot \u2013 eukal\u00fcpt, merevaik, apelsini\u00f5is<\/p>\n<ul>\n<li>Merevetikaekstraktid ja spirulina \u2013 looduslikud pruunvetikaekstraktid aitavad nahka p\u00e4rast elementidega kokkupuudet rahustada ja taastada.<\/li>\n<li>Taimse p\u00e4ritoluga \u00f5lide segu \u2013 looduslike pehmendavate \u00f5lide segu niiskuse taastamiseks ja s\u00e4ilitamiseks. Saadud jojoba-, shea-, safloori- ja marula\u00f5lidest.<\/li>\n<li>Niatsiinamiid \u2013 tuntud ka kui B3-vitamiin, aitab toetada naha kaitsebarj\u00e4\u00e4ri, parandades samal ajal naha tekstuuri.<\/li>\n<li>E-vitamiin \u2013 looduslik antioks\u00fcdant, mis aitab v\u00f5idelda keskkonnastressoritega.<\/li>\n<\/ul>\n<p>Vesi (Aqua), kapr\u00fc\u00fcl-\/kapriintrigl\u00fctseriid, gl\u00fctseriin, isoprop\u00fc\u00fclm\u00fcristaat, tsetear\u00fc\u00fclolivaat, niatsiinamiid, sheav\u00f5i gl\u00fctseriidid, sorbitaanolivaat, tsetear\u00fc\u00fclalkohol, Jaapani laminaaria ekstrakt (Laminaria Japonica), spirulina ekstrakt (Spirulina Maxima), laminaa ekstrakt (Laminaria Digitata), mustpea (Chondrus Crispus) ekstrakt, pruunvetika (Macrocystis Pyrifera) ekstrakt, nabav\u00e4\u00e4di ekstrakt (Porphyra Umblicalis), jojoba\u00f5li (Simmondsia Chinensis), safloori\u00f5li (Carthamus Tinctorius), pol\u00fcakr\u00fclaadi ristpol\u00fcmeer-6, sclerocarya birrea \u00f5li (Sclerocarya Birrea), tokoferool, l\u00f5hnaaine (Parfum), tetranaatriumglutamaatdiatsetaat, naatriumaskorb\u00fc\u00fclfosfaat, riisikliide ekstrakt (Oryza Sativa), p\u00e4evalilleekstrakt (Helianthus Annuus), pruunvetika (Rosmarinus acrocystis Pyrifera) ekstrakt, nabav\u00e4\u00e4di ekstrakt (Porphyra Umblicalis), jojoba\u00f5li (Simmondsia Chinensis) \u00d5li, Carthamus Tinctorius (safloori) seemne\u00f5li, pol\u00fcakr\u00fclaadi ristpol\u00fcmeer-6, Sclerocarya Birrea SeOfficinalis (rosmariini) leheekstrakt, Camellia Sinensis (kameelia) leheekstrakt, fenoks\u00fcetanool, kapr\u00fc\u00fcl\u00fc\u00fclgl\u00fckool, sidrunhape, bens\u00fc\u00fclbensoaat, tsitraal, limoneen, linalool.<\/p>\n<p data-start=\"2592\" data-end=\"2697\">T\u00e4pse kirjelduse leiad toote pakendilt.<\/p>","protected":false},"excerpt":{"rendered":"<p>Kiirelt imenduv kehakreem merevetikaekstraktide ja niatsiinamiidiga. Niisutab s\u00fcgavuti ja kuivatab siidiselt pehmeks. Muidugi suurep\u00e4rase l\u00f5hnaga, mis p\u00fcsib su kehal!<\/p>\n<p><strong>V\u00f5imalik eeltellida kuni 16.04<\/strong><\/p>\n<p>Kaupa v\u00e4lja hakkame saatma al. 24.04 +\/-, k\u00f5ik oleneb tarne kiirusest.<\/p>","protected":false},"featured_media":1859682,"comment_status":"open","ping_status":"closed","template":"","meta":[],"product_brand":[],"product_cat":[690,25],"product_tag":[1235,139],"class_list":{"0":"post-1859681","1":"product","2":"type-product","3":"status-publish","4":"has-post-thumbnail","6":"product_cat-kehahooldus","7":"product_cat-kosmeetika","8":"product_tag-bergamot","9":"product_tag-kehakreem","11":"first","12":"onbackorder","13":"taxable","14":"shipping-taxable","15":"purchasable","16":"product-type-simple"},"yoast_head":"<!-- This site is optimized with the Yoast SEO plugin v27.3 - https:\/\/yoast.com\/product\/yoast-seo-wordpress\/ -->\n<title>SALT &amp; STONE kehakreem Bergamot &amp; Hinoki, 450ml - RUUBY<\/title>\n<meta name=\"robots\" content=\"index, follow, max-snippet:-1, max-image-preview:large, max-video-preview:-1\" \/>\n<link rel=\"canonical\" href=\"https:\/\/ruuby.ee\/en\/pood\/kosmeetika\/kehahooldus\/salt-stone-kehakreem-bergamot-hinoki-450ml\/\" \/>\n<meta property=\"og:locale\" content=\"en_GB\" \/>\n<meta property=\"og:type\" content=\"article\" \/>\n<meta property=\"og:title\" content=\"SALT &amp; STONE kehakreem Bergamot &amp; Hinoki, 450ml - RUUBY\" \/>\n<meta property=\"og:description\" content=\"Kiirelt imenduv kehakreem merevetikaekstraktide ja niatsiinamiidiga. Niisutab s\u00fcgavuti ja kuivatab siidiselt pehmeks. Muidugi suurep\u00e4rase l\u00f5hnaga, mis p\u00fcsib su kehal!  V\u00f5imalik eeltellida kuni 16.04  Kaupa v\u00e4lja hakkame saatma al. 24.04 +\/-, k\u00f5ik oleneb tarne kiirusest.\" \/>\n<meta property=\"og:url\" content=\"https:\/\/ruuby.ee\/en\/pood\/kosmeetika\/kehahooldus\/salt-stone-kehakreem-bergamot-hinoki-450ml\/\" \/>\n<meta property=\"og:site_name\" content=\"RUUBY\" \/>\n<meta property=\"article:publisher\" content=\"https:\/\/www.facebook.com\/ruubyconcept\" \/>\n<meta property=\"article:modified_time\" content=\"2026-04-17T03:41:11+00:00\" \/>\n<meta property=\"og:image\" content=\"https:\/\/ruuby.ee\/wp-content\/uploads\/2026\/04\/Screenshot-2026-04-14-at-13.26.22.png\" \/>\n\t<meta property=\"og:image:width\" content=\"764\" \/>\n\t<meta property=\"og:image:height\" content=\"702\" \/>\n\t<meta property=\"og:image:type\" content=\"image\/png\" \/>\n<meta name=\"twitter:card\" content=\"summary_large_image\" \/>\n<meta name=\"twitter:label1\" content=\"Estimated reading time\" \/>\n\t<meta name=\"twitter:data1\" content=\"2 minutes\" \/>\n<script type=\"application\/ld+json\" class=\"yoast-schema-graph\">{\"@context\":\"https:\\\/\\\/schema.org\",\"@graph\":[{\"@type\":[\"WebPage\",\"ItemPage\"],\"@id\":\"https:\\\/\\\/ruuby.ee\\\/en\\\/pood\\\/kosmeetika\\\/kehahooldus\\\/salt-stone-kehakreem-bergamot-hinoki-450ml\\\/\",\"url\":\"https:\\\/\\\/ruuby.ee\\\/en\\\/pood\\\/kosmeetika\\\/kehahooldus\\\/salt-stone-kehakreem-bergamot-hinoki-450ml\\\/\",\"name\":\"SALT &amp; STONE kehakreem Bergamot & Hinoki, 450ml - RUUBY\",\"isPartOf\":{\"@id\":\"https:\\\/\\\/ruuby.ee\\\/#website\"},\"primaryImageOfPage\":{\"@id\":\"https:\\\/\\\/ruuby.ee\\\/en\\\/pood\\\/kosmeetika\\\/kehahooldus\\\/salt-stone-kehakreem-bergamot-hinoki-450ml\\\/#primaryimage\"},\"image\":{\"@id\":\"https:\\\/\\\/ruuby.ee\\\/en\\\/pood\\\/kosmeetika\\\/kehahooldus\\\/salt-stone-kehakreem-bergamot-hinoki-450ml\\\/#primaryimage\"},\"thumbnailUrl\":\"https:\\\/\\\/ruuby.ee\\\/wp-content\\\/uploads\\\/2026\\\/04\\\/Screenshot-2026-04-14-at-13.26.22.png\",\"datePublished\":\"2026-04-14T10:26:42+00:00\",\"dateModified\":\"2026-04-17T03:41:11+00:00\",\"breadcrumb\":{\"@id\":\"https:\\\/\\\/ruuby.ee\\\/en\\\/pood\\\/kosmeetika\\\/kehahooldus\\\/salt-stone-kehakreem-bergamot-hinoki-450ml\\\/#breadcrumb\"},\"inLanguage\":\"en-GB\",\"potentialAction\":[{\"@type\":\"ReadAction\",\"target\":[\"https:\\\/\\\/ruuby.ee\\\/en\\\/pood\\\/kosmeetika\\\/kehahooldus\\\/salt-stone-kehakreem-bergamot-hinoki-450ml\\\/\"]}]},{\"@type\":\"ImageObject\",\"inLanguage\":\"en-GB\",\"@id\":\"https:\\\/\\\/ruuby.ee\\\/en\\\/pood\\\/kosmeetika\\\/kehahooldus\\\/salt-stone-kehakreem-bergamot-hinoki-450ml\\\/#primaryimage\",\"url\":\"https:\\\/\\\/ruuby.ee\\\/wp-content\\\/uploads\\\/2026\\\/04\\\/Screenshot-2026-04-14-at-13.26.22.png\",\"contentUrl\":\"https:\\\/\\\/ruuby.ee\\\/wp-content\\\/uploads\\\/2026\\\/04\\\/Screenshot-2026-04-14-at-13.26.22.png\",\"width\":764,\"height\":702},{\"@type\":\"BreadcrumbList\",\"@id\":\"https:\\\/\\\/ruuby.ee\\\/en\\\/pood\\\/kosmeetika\\\/kehahooldus\\\/salt-stone-kehakreem-bergamot-hinoki-450ml\\\/#breadcrumb\",\"itemListElement\":[{\"@type\":\"ListItem\",\"position\":1,\"name\":\"Kdu\",\"item\":\"https:\\\/\\\/ruuby.ee\\\/\"},{\"@type\":\"ListItem\",\"position\":2,\"name\":\"Pood\",\"item\":\"https:\\\/\\\/ruuby.ee\\\/pood\\\/\"},{\"@type\":\"ListItem\",\"position\":3,\"name\":\"SALT &amp; STONE kehakreem Bergamot &#038; Hinoki, 450ml\"}]},{\"@type\":\"WebSite\",\"@id\":\"https:\\\/\\\/ruuby.ee\\\/#website\",\"url\":\"https:\\\/\\\/ruuby.ee\\\/\",\"name\":\"RUUBY\",\"description\":\"Ruubys on \u00fchendatud elustiil ja disain\",\"publisher\":{\"@id\":\"https:\\\/\\\/ruuby.ee\\\/#organization\"},\"alternateName\":\"Ruuby Disain\",\"potentialAction\":[{\"@type\":\"SearchAction\",\"target\":{\"@type\":\"EntryPoint\",\"urlTemplate\":\"https:\\\/\\\/ruuby.ee\\\/?s={search_term_string}\"},\"query-input\":{\"@type\":\"PropertyValueSpecification\",\"valueRequired\":true,\"valueName\":\"search_term_string\"}}],\"inLanguage\":\"en-GB\"},{\"@type\":\"Organization\",\"@id\":\"https:\\\/\\\/ruuby.ee\\\/#organization\",\"name\":\"Ruuby Disain O\u00dc\",\"alternateName\":\"Ruuby\",\"url\":\"https:\\\/\\\/ruuby.ee\\\/\",\"logo\":{\"@type\":\"ImageObject\",\"inLanguage\":\"en-GB\",\"@id\":\"https:\\\/\\\/ruuby.ee\\\/#\\\/schema\\\/logo\\\/image\\\/\",\"url\":\"https:\\\/\\\/ruuby.ee\\\/wp-content\\\/uploads\\\/2023\\\/06\\\/cropped-Black-White-Elegant-Circle-Signature-Fashion-Logo-12_large.png\",\"contentUrl\":\"https:\\\/\\\/ruuby.ee\\\/wp-content\\\/uploads\\\/2023\\\/06\\\/cropped-Black-White-Elegant-Circle-Signature-Fashion-Logo-12_large.png\",\"width\":1280,\"height\":747,\"caption\":\"Ruuby Disain O\u00dc\"},\"image\":{\"@id\":\"https:\\\/\\\/ruuby.ee\\\/#\\\/schema\\\/logo\\\/image\\\/\"},\"sameAs\":[\"https:\\\/\\\/www.facebook.com\\\/ruubyconcept\",\"https:\\\/\\\/www.instagram.com\\\/ruuby_concept\\\/\"]}]}<\/script>\n<!-- \/ Yoast SEO plugin. -->","yoast_head_json":{"title":"SALT &amp; STONE kehakreem Bergamot & Hinoki, 450ml - RUUBY","robots":{"index":"index","follow":"follow","max-snippet":"max-snippet:-1","max-image-preview":"max-image-preview:large","max-video-preview":"max-video-preview:-1"},"canonical":"https:\/\/ruuby.ee\/en\/pood\/kosmeetika\/kehahooldus\/salt-stone-kehakreem-bergamot-hinoki-450ml\/","og_locale":"en_GB","og_type":"article","og_title":"SALT &amp; STONE kehakreem Bergamot & Hinoki, 450ml - RUUBY","og_description":"Kiirelt imenduv kehakreem merevetikaekstraktide ja niatsiinamiidiga. Niisutab s\u00fcgavuti ja kuivatab siidiselt pehmeks. Muidugi suurep\u00e4rase l\u00f5hnaga, mis p\u00fcsib su kehal!  V\u00f5imalik eeltellida kuni 16.04  Kaupa v\u00e4lja hakkame saatma al. 24.04 +\/-, k\u00f5ik oleneb tarne kiirusest.","og_url":"https:\/\/ruuby.ee\/en\/pood\/kosmeetika\/kehahooldus\/salt-stone-kehakreem-bergamot-hinoki-450ml\/","og_site_name":"RUUBY","article_publisher":"https:\/\/www.facebook.com\/ruubyconcept","article_modified_time":"2026-04-17T03:41:11+00:00","og_image":[{"width":764,"height":702,"url":"https:\/\/ruuby.ee\/wp-content\/uploads\/2026\/04\/Screenshot-2026-04-14-at-13.26.22.png","type":"image\/png"}],"twitter_card":"summary_large_image","twitter_misc":{"Estimated reading time":"2 minutes"},"schema":{"@context":"https:\/\/schema.org","@graph":[{"@type":["WebPage","ItemPage"],"@id":"https:\/\/ruuby.ee\/en\/pood\/kosmeetika\/kehahooldus\/salt-stone-kehakreem-bergamot-hinoki-450ml\/","url":"https:\/\/ruuby.ee\/en\/pood\/kosmeetika\/kehahooldus\/salt-stone-kehakreem-bergamot-hinoki-450ml\/","name":"SALT &amp; STONE kehakreem Bergamot & Hinoki, 450ml - RUUBY","isPartOf":{"@id":"https:\/\/ruuby.ee\/#website"},"primaryImageOfPage":{"@id":"https:\/\/ruuby.ee\/en\/pood\/kosmeetika\/kehahooldus\/salt-stone-kehakreem-bergamot-hinoki-450ml\/#primaryimage"},"image":{"@id":"https:\/\/ruuby.ee\/en\/pood\/kosmeetika\/kehahooldus\/salt-stone-kehakreem-bergamot-hinoki-450ml\/#primaryimage"},"thumbnailUrl":"https:\/\/ruuby.ee\/wp-content\/uploads\/2026\/04\/Screenshot-2026-04-14-at-13.26.22.png","datePublished":"2026-04-14T10:26:42+00:00","dateModified":"2026-04-17T03:41:11+00:00","breadcrumb":{"@id":"https:\/\/ruuby.ee\/en\/pood\/kosmeetika\/kehahooldus\/salt-stone-kehakreem-bergamot-hinoki-450ml\/#breadcrumb"},"inLanguage":"en-GB","potentialAction":[{"@type":"ReadAction","target":["https:\/\/ruuby.ee\/en\/pood\/kosmeetika\/kehahooldus\/salt-stone-kehakreem-bergamot-hinoki-450ml\/"]}]},{"@type":"ImageObject","inLanguage":"en-GB","@id":"https:\/\/ruuby.ee\/en\/pood\/kosmeetika\/kehahooldus\/salt-stone-kehakreem-bergamot-hinoki-450ml\/#primaryimage","url":"https:\/\/ruuby.ee\/wp-content\/uploads\/2026\/04\/Screenshot-2026-04-14-at-13.26.22.png","contentUrl":"https:\/\/ruuby.ee\/wp-content\/uploads\/2026\/04\/Screenshot-2026-04-14-at-13.26.22.png","width":764,"height":702},{"@type":"BreadcrumbList","@id":"https:\/\/ruuby.ee\/en\/pood\/kosmeetika\/kehahooldus\/salt-stone-kehakreem-bergamot-hinoki-450ml\/#breadcrumb","itemListElement":[{"@type":"ListItem","position":1,"name":"Kdu","item":"https:\/\/ruuby.ee\/"},{"@type":"ListItem","position":2,"name":"Pood","item":"https:\/\/ruuby.ee\/pood\/"},{"@type":"ListItem","position":3,"name":"SALT &amp; STONE kehakreem Bergamot &#038; Hinoki, 450ml"}]},{"@type":"WebSite","@id":"https:\/\/ruuby.ee\/#website","url":"https:\/\/ruuby.ee\/","name":"RUUBY","description":"Ruubys on \u00fchendatud elustiil ja disain","publisher":{"@id":"https:\/\/ruuby.ee\/#organization"},"alternateName":"Ruuby Disain","potentialAction":[{"@type":"SearchAction","target":{"@type":"EntryPoint","urlTemplate":"https:\/\/ruuby.ee\/?s={search_term_string}"},"query-input":{"@type":"PropertyValueSpecification","valueRequired":true,"valueName":"search_term_string"}}],"inLanguage":"en-GB"},{"@type":"Organization","@id":"https:\/\/ruuby.ee\/#organization","name":"Ruuby Disain O\u00dc","alternateName":"Ruuby","url":"https:\/\/ruuby.ee\/","logo":{"@type":"ImageObject","inLanguage":"en-GB","@id":"https:\/\/ruuby.ee\/#\/schema\/logo\/image\/","url":"https:\/\/ruuby.ee\/wp-content\/uploads\/2023\/06\/cropped-Black-White-Elegant-Circle-Signature-Fashion-Logo-12_large.png","contentUrl":"https:\/\/ruuby.ee\/wp-content\/uploads\/2023\/06\/cropped-Black-White-Elegant-Circle-Signature-Fashion-Logo-12_large.png","width":1280,"height":747,"caption":"Ruuby Disain O\u00dc"},"image":{"@id":"https:\/\/ruuby.ee\/#\/schema\/logo\/image\/"},"sameAs":["https:\/\/www.facebook.com\/ruubyconcept","https:\/\/www.instagram.com\/ruuby_concept\/"]}]}},"jetpack_sharing_enabled":true,"_links":{"self":[{"href":"https:\/\/ruuby.ee\/en\/wp-json\/wp\/v2\/product\/1859681","targetHints":{"allow":["GET"]}}],"collection":[{"href":"https:\/\/ruuby.ee\/en\/wp-json\/wp\/v2\/product"}],"about":[{"href":"https:\/\/ruuby.ee\/en\/wp-json\/wp\/v2\/types\/product"}],"replies":[{"embeddable":true,"href":"https:\/\/ruuby.ee\/en\/wp-json\/wp\/v2\/comments?post=1859681"}],"wp:featuredmedia":[{"embeddable":true,"href":"https:\/\/ruuby.ee\/en\/wp-json\/wp\/v2\/media\/1859682"}],"wp:attachment":[{"href":"https:\/\/ruuby.ee\/en\/wp-json\/wp\/v2\/media?parent=1859681"}],"wp:term":[{"taxonomy":"product_brand","embeddable":true,"href":"https:\/\/ruuby.ee\/en\/wp-json\/wp\/v2\/product_brand?post=1859681"},{"taxonomy":"product_cat","embeddable":true,"href":"https:\/\/ruuby.ee\/en\/wp-json\/wp\/v2\/product_cat?post=1859681"},{"taxonomy":"product_tag","embeddable":true,"href":"https:\/\/ruuby.ee\/en\/wp-json\/wp\/v2\/product_tag?post=1859681"}],"curies":[{"name":"wp","href":"https:\/\/api.w.org\/{rel}","templated":true}]}}