{"id":1859671,"date":"2026-04-14T13:13:48","date_gmt":"2026-04-14T10:13:48","guid":{"rendered":"https:\/\/ruuby.ee\/?post_type=product&#038;p=1859671"},"modified":"2026-04-17T06:41:11","modified_gmt":"2026-04-17T03:41:11","slug":"salt-stone-minideodorantide-komplekt","status":"publish","type":"product","link":"https:\/\/ruuby.ee\/en\/pood\/kosmeetika\/deodorandid\/salt-stone-minideodorantide-komplekt\/","title":{"rendered":"SALT &amp; STONE minideodorantide komplekt"},"content":{"rendered":"<p data-start=\"92\" data-end=\"310\">\n<p data-start=\"312\" data-end=\"513\"><strong data-start=\"312\" data-end=\"330\">Komplektis on:<\/strong><br \/>\n\u2013 Santal &amp; Vetiver Extra-Strength deodorant<br data-start=\"374\" data-end=\"377\" \/>\u2013 Bergamot &amp; Hinoki Extra-Strength deodorant<br data-start=\"421\" data-end=\"424\" \/>\u2013 Neroli &amp; Basil Extra-Strength deodorant<br data-start=\"465\" data-end=\"468\" \/>\u2013 Black Rose &amp; Oud Extra-Strength deodorant<\/p>\n<p data-start=\"515\" data-end=\"922\"><strong data-start=\"515\" data-end=\"548\">Miks see komplekt on eriline?<\/strong><br \/>\n\u2013 Sobib vegan elustiiliga ning ei ole loomadel testitud<br data-start=\"604\" data-end=\"607\" \/>\u2013 Ei sisalda parabeene, alkoholi ega ftalaate<br data-start=\"652\" data-end=\"655\" \/>\u2013 Sisaldab prebiootikume, mis toetavad naha loomulikku mikrobioomi tasakaalu ka aktiivse eluviisi korral<br data-start=\"759\" data-end=\"762\" \/>\u2013 Spirulina aitab nahka rahustada ja toetab selle taastumist<br data-start=\"822\" data-end=\"825\" \/>\u2013 Antioks\u00fcdantide kompleks kaitseb nahka keskkonnam\u00f5jude eest ning aitab s\u00e4ilitada selle heaolu<\/p>\n<p data-start=\"924\" data-end=\"946\"><strong data-start=\"924\" data-end=\"934\">Kogus:<\/strong> 4 \u00d7 30 ml<\/p>\n<p data-start=\"948\" data-end=\"1361\"><strong data-start=\"948\" data-end=\"960\">Koostis:<\/strong><br data-start=\"960\" data-end=\"963\" \/><em data-start=\"963\" data-end=\"1007\">Santal &amp; Vetiver Extra-Strength Deodorant:<\/em> Caprylic\/Capric Triglyceride, Tapioca Starch, Ozokerite, Magnesium Hydroxide, Sodium Bicarbonate, Cocos Nucifera (Coconut) Oil, Fragrance (Parfum), Butyrospermum Parkii (Shea) Butter, Niacinamide, Helianthus Annuus (Sunflower) Seed Oil, Tocopherol, Spirulina Platensis Extract, Lactobacillus Ferment, Maltodextrin, Benzyl Benzoate, Geraniol, Limonene.<\/p>\n<p data-start=\"1363\" data-end=\"1770\"><em data-start=\"1363\" data-end=\"1408\">Bergamot &amp; Hinoki Extra-Strength Deodorant:<\/em> Caprylic\/Capric Triglyceride, Tapioca Starch, Ozokerite, Magnesium Hydroxide, Sodium Bicarbonate, Cocos Nucifera (Coconut) Oil, Fragrance (Parfum), Butyrospermum Parkii (Shea) Butter, Niacinamide, Helianthus Annuus (Sunflower) Seed Oil, Tocopherol, Spirulina Platensis Extract, Lactobacillus Ferment, Maltodextrin, Benzyl Benzoate, Citral, Limonene, Linalool.<\/p>\n<p data-start=\"1772\" data-end=\"2191\"><em data-start=\"1772\" data-end=\"1814\">Neroli &amp; Basil Extra-Strength Deodorant:<\/em> Caprylic\/Capric Triglyceride, Tapioca Starch, Ozokerite, Magnesium Hydroxide, Sodium Bicarbonate, Cocos Nucifera (Coconut) Oil, Fragrance (Parfum), Butyrospermum Parkii (Shea) Butter, Niacinamide, Helianthus Annuus (Sunflower) Seed Oil, Tocopherol, Spirulina Platensis Extract, Lactobacillus Ferment, Maltodextrin, Citral, Citronellol, Eugenol, Geraniol, Limonene, Linalool.<\/p>\n<p data-start=\"2193\" data-end=\"2590\"><em data-start=\"2193\" data-end=\"2237\">Black Rose &amp; Oud Extra-Strength Deodorant:<\/em> Caprylic\/Capric Triglyceride, Tapioca Starch, Ozokerite, Magnesium Hydroxide, Sodium Bicarbonate, Cocos Nucifera (Coconut) Oil, Fragrance (Parfum), Butyrospermum Parkii (Shea) Butter, Niacinamide, Helianthus Annuus (Sunflower) Seed Oil, Tocopherol, Spirulina Platensis Extract, Lactobacillus Ferment, Maltodextrin, Benzyl Benzoate, Eugenol, Linalool.<\/p>\n<p data-start=\"2592\" data-end=\"2697\">T\u00e4pse kirjelduse leiad toote pakendilt.<\/p>","protected":false},"excerpt":{"rendered":"<p>Siin on neli k\u00f5ige populaarsema l\u00f5hnaga miniformaadis kinkepakend. See komplekt sobib suurep\u00e4raselt esmakordseks proovimiseks, stiilseks kingituseks v\u00f5i mugavaks reisikaaslaseks sinu igap\u00e4evases hooldusrutiinis.<\/p>\n<p><strong>V\u00f5imalik eeltellida kuni 16.04<\/strong><\/p>\n<p>Kaupa v\u00e4lja hakkame saatma al. 24.04 +\/-, k\u00f5ik oleneb tarne kiirusest.<\/p>","protected":false},"featured_media":1859675,"comment_status":"open","ping_status":"closed","template":"","meta":[],"product_brand":[],"product_cat":[686,25],"product_tag":[],"class_list":{"0":"post-1859671","1":"product","2":"type-product","3":"status-publish","4":"has-post-thumbnail","6":"product_cat-deodorandid","7":"product_cat-kosmeetika","9":"first","10":"onbackorder","11":"taxable","12":"shipping-taxable","13":"purchasable","14":"product-type-simple"},"yoast_head":"<!-- This site is optimized with the Yoast SEO plugin v27.3 - https:\/\/yoast.com\/product\/yoast-seo-wordpress\/ -->\n<title>SALT &amp; STONE minideodorantide komplekt - RUUBY<\/title>\n<meta name=\"robots\" content=\"index, follow, max-snippet:-1, max-image-preview:large, max-video-preview:-1\" \/>\n<link rel=\"canonical\" href=\"https:\/\/ruuby.ee\/en\/pood\/kosmeetika\/deodorandid\/salt-stone-minideodorantide-komplekt\/\" \/>\n<meta property=\"og:locale\" content=\"en_GB\" \/>\n<meta property=\"og:type\" content=\"article\" \/>\n<meta property=\"og:title\" content=\"SALT &amp; STONE minideodorantide komplekt - RUUBY\" \/>\n<meta property=\"og:description\" content=\"Siin on neli k\u00f5ige populaarsema l\u00f5hnaga miniformaadis kinkepakend. See komplekt sobib suurep\u00e4raselt esmakordseks proovimiseks, stiilseks kingituseks v\u00f5i mugavaks reisikaaslaseks sinu igap\u00e4evases hooldusrutiinis.  V\u00f5imalik eeltellida kuni 16.04  Kaupa v\u00e4lja hakkame saatma al. 24.04 +\/-, k\u00f5ik oleneb tarne kiirusest.\" \/>\n<meta property=\"og:url\" content=\"https:\/\/ruuby.ee\/en\/pood\/kosmeetika\/deodorandid\/salt-stone-minideodorantide-komplekt\/\" \/>\n<meta property=\"og:site_name\" content=\"RUUBY\" \/>\n<meta property=\"article:publisher\" content=\"https:\/\/www.facebook.com\/ruubyconcept\" \/>\n<meta property=\"article:modified_time\" content=\"2026-04-17T03:41:11+00:00\" \/>\n<meta property=\"og:image\" content=\"https:\/\/ruuby.ee\/wp-content\/uploads\/2026\/04\/Screenshot-2026-04-14-at-13.12.01.png\" \/>\n\t<meta property=\"og:image:width\" content=\"872\" \/>\n\t<meta property=\"og:image:height\" content=\"1170\" \/>\n\t<meta property=\"og:image:type\" content=\"image\/png\" \/>\n<meta name=\"twitter:card\" content=\"summary_large_image\" \/>\n<meta name=\"twitter:label1\" content=\"Estimated reading time\" \/>\n\t<meta name=\"twitter:data1\" content=\"2 minutes\" \/>\n<script type=\"application\/ld+json\" class=\"yoast-schema-graph\">{\"@context\":\"https:\\\/\\\/schema.org\",\"@graph\":[{\"@type\":[\"WebPage\",\"ItemPage\"],\"@id\":\"https:\\\/\\\/ruuby.ee\\\/en\\\/pood\\\/kosmeetika\\\/deodorandid\\\/salt-stone-minideodorantide-komplekt\\\/\",\"url\":\"https:\\\/\\\/ruuby.ee\\\/en\\\/pood\\\/kosmeetika\\\/deodorandid\\\/salt-stone-minideodorantide-komplekt\\\/\",\"name\":\"SALT &amp; STONE minideodorantide komplekt - RUUBY\",\"isPartOf\":{\"@id\":\"https:\\\/\\\/ruuby.ee\\\/#website\"},\"primaryImageOfPage\":{\"@id\":\"https:\\\/\\\/ruuby.ee\\\/en\\\/pood\\\/kosmeetika\\\/deodorandid\\\/salt-stone-minideodorantide-komplekt\\\/#primaryimage\"},\"image\":{\"@id\":\"https:\\\/\\\/ruuby.ee\\\/en\\\/pood\\\/kosmeetika\\\/deodorandid\\\/salt-stone-minideodorantide-komplekt\\\/#primaryimage\"},\"thumbnailUrl\":\"https:\\\/\\\/ruuby.ee\\\/wp-content\\\/uploads\\\/2026\\\/04\\\/Screenshot-2026-04-14-at-13.12.01.png\",\"datePublished\":\"2026-04-14T10:13:48+00:00\",\"dateModified\":\"2026-04-17T03:41:11+00:00\",\"breadcrumb\":{\"@id\":\"https:\\\/\\\/ruuby.ee\\\/en\\\/pood\\\/kosmeetika\\\/deodorandid\\\/salt-stone-minideodorantide-komplekt\\\/#breadcrumb\"},\"inLanguage\":\"en-GB\",\"potentialAction\":[{\"@type\":\"ReadAction\",\"target\":[\"https:\\\/\\\/ruuby.ee\\\/en\\\/pood\\\/kosmeetika\\\/deodorandid\\\/salt-stone-minideodorantide-komplekt\\\/\"]}]},{\"@type\":\"ImageObject\",\"inLanguage\":\"en-GB\",\"@id\":\"https:\\\/\\\/ruuby.ee\\\/en\\\/pood\\\/kosmeetika\\\/deodorandid\\\/salt-stone-minideodorantide-komplekt\\\/#primaryimage\",\"url\":\"https:\\\/\\\/ruuby.ee\\\/wp-content\\\/uploads\\\/2026\\\/04\\\/Screenshot-2026-04-14-at-13.12.01.png\",\"contentUrl\":\"https:\\\/\\\/ruuby.ee\\\/wp-content\\\/uploads\\\/2026\\\/04\\\/Screenshot-2026-04-14-at-13.12.01.png\",\"width\":872,\"height\":1170},{\"@type\":\"BreadcrumbList\",\"@id\":\"https:\\\/\\\/ruuby.ee\\\/en\\\/pood\\\/kosmeetika\\\/deodorandid\\\/salt-stone-minideodorantide-komplekt\\\/#breadcrumb\",\"itemListElement\":[{\"@type\":\"ListItem\",\"position\":1,\"name\":\"Kdu\",\"item\":\"https:\\\/\\\/ruuby.ee\\\/\"},{\"@type\":\"ListItem\",\"position\":2,\"name\":\"Pood\",\"item\":\"https:\\\/\\\/ruuby.ee\\\/pood\\\/\"},{\"@type\":\"ListItem\",\"position\":3,\"name\":\"SALT &amp; STONE minideodorantide komplekt\"}]},{\"@type\":\"WebSite\",\"@id\":\"https:\\\/\\\/ruuby.ee\\\/#website\",\"url\":\"https:\\\/\\\/ruuby.ee\\\/\",\"name\":\"RUUBY\",\"description\":\"Ruubys on \u00fchendatud elustiil ja disain\",\"publisher\":{\"@id\":\"https:\\\/\\\/ruuby.ee\\\/#organization\"},\"alternateName\":\"Ruuby Disain\",\"potentialAction\":[{\"@type\":\"SearchAction\",\"target\":{\"@type\":\"EntryPoint\",\"urlTemplate\":\"https:\\\/\\\/ruuby.ee\\\/?s={search_term_string}\"},\"query-input\":{\"@type\":\"PropertyValueSpecification\",\"valueRequired\":true,\"valueName\":\"search_term_string\"}}],\"inLanguage\":\"en-GB\"},{\"@type\":\"Organization\",\"@id\":\"https:\\\/\\\/ruuby.ee\\\/#organization\",\"name\":\"Ruuby Disain O\u00dc\",\"alternateName\":\"Ruuby\",\"url\":\"https:\\\/\\\/ruuby.ee\\\/\",\"logo\":{\"@type\":\"ImageObject\",\"inLanguage\":\"en-GB\",\"@id\":\"https:\\\/\\\/ruuby.ee\\\/#\\\/schema\\\/logo\\\/image\\\/\",\"url\":\"https:\\\/\\\/ruuby.ee\\\/wp-content\\\/uploads\\\/2023\\\/06\\\/cropped-Black-White-Elegant-Circle-Signature-Fashion-Logo-12_large.png\",\"contentUrl\":\"https:\\\/\\\/ruuby.ee\\\/wp-content\\\/uploads\\\/2023\\\/06\\\/cropped-Black-White-Elegant-Circle-Signature-Fashion-Logo-12_large.png\",\"width\":1280,\"height\":747,\"caption\":\"Ruuby Disain O\u00dc\"},\"image\":{\"@id\":\"https:\\\/\\\/ruuby.ee\\\/#\\\/schema\\\/logo\\\/image\\\/\"},\"sameAs\":[\"https:\\\/\\\/www.facebook.com\\\/ruubyconcept\",\"https:\\\/\\\/www.instagram.com\\\/ruuby_concept\\\/\"]}]}<\/script>\n<!-- \/ Yoast SEO plugin. -->","yoast_head_json":{"title":"SALT &amp; STONE minideodorantide komplekt - RUUBY","robots":{"index":"index","follow":"follow","max-snippet":"max-snippet:-1","max-image-preview":"max-image-preview:large","max-video-preview":"max-video-preview:-1"},"canonical":"https:\/\/ruuby.ee\/en\/pood\/kosmeetika\/deodorandid\/salt-stone-minideodorantide-komplekt\/","og_locale":"en_GB","og_type":"article","og_title":"SALT &amp; STONE minideodorantide komplekt - RUUBY","og_description":"Siin on neli k\u00f5ige populaarsema l\u00f5hnaga miniformaadis kinkepakend. See komplekt sobib suurep\u00e4raselt esmakordseks proovimiseks, stiilseks kingituseks v\u00f5i mugavaks reisikaaslaseks sinu igap\u00e4evases hooldusrutiinis.  V\u00f5imalik eeltellida kuni 16.04  Kaupa v\u00e4lja hakkame saatma al. 24.04 +\/-, k\u00f5ik oleneb tarne kiirusest.","og_url":"https:\/\/ruuby.ee\/en\/pood\/kosmeetika\/deodorandid\/salt-stone-minideodorantide-komplekt\/","og_site_name":"RUUBY","article_publisher":"https:\/\/www.facebook.com\/ruubyconcept","article_modified_time":"2026-04-17T03:41:11+00:00","og_image":[{"width":872,"height":1170,"url":"https:\/\/ruuby.ee\/wp-content\/uploads\/2026\/04\/Screenshot-2026-04-14-at-13.12.01.png","type":"image\/png"}],"twitter_card":"summary_large_image","twitter_misc":{"Estimated reading time":"2 minutes"},"schema":{"@context":"https:\/\/schema.org","@graph":[{"@type":["WebPage","ItemPage"],"@id":"https:\/\/ruuby.ee\/en\/pood\/kosmeetika\/deodorandid\/salt-stone-minideodorantide-komplekt\/","url":"https:\/\/ruuby.ee\/en\/pood\/kosmeetika\/deodorandid\/salt-stone-minideodorantide-komplekt\/","name":"SALT &amp; STONE minideodorantide komplekt - RUUBY","isPartOf":{"@id":"https:\/\/ruuby.ee\/#website"},"primaryImageOfPage":{"@id":"https:\/\/ruuby.ee\/en\/pood\/kosmeetika\/deodorandid\/salt-stone-minideodorantide-komplekt\/#primaryimage"},"image":{"@id":"https:\/\/ruuby.ee\/en\/pood\/kosmeetika\/deodorandid\/salt-stone-minideodorantide-komplekt\/#primaryimage"},"thumbnailUrl":"https:\/\/ruuby.ee\/wp-content\/uploads\/2026\/04\/Screenshot-2026-04-14-at-13.12.01.png","datePublished":"2026-04-14T10:13:48+00:00","dateModified":"2026-04-17T03:41:11+00:00","breadcrumb":{"@id":"https:\/\/ruuby.ee\/en\/pood\/kosmeetika\/deodorandid\/salt-stone-minideodorantide-komplekt\/#breadcrumb"},"inLanguage":"en-GB","potentialAction":[{"@type":"ReadAction","target":["https:\/\/ruuby.ee\/en\/pood\/kosmeetika\/deodorandid\/salt-stone-minideodorantide-komplekt\/"]}]},{"@type":"ImageObject","inLanguage":"en-GB","@id":"https:\/\/ruuby.ee\/en\/pood\/kosmeetika\/deodorandid\/salt-stone-minideodorantide-komplekt\/#primaryimage","url":"https:\/\/ruuby.ee\/wp-content\/uploads\/2026\/04\/Screenshot-2026-04-14-at-13.12.01.png","contentUrl":"https:\/\/ruuby.ee\/wp-content\/uploads\/2026\/04\/Screenshot-2026-04-14-at-13.12.01.png","width":872,"height":1170},{"@type":"BreadcrumbList","@id":"https:\/\/ruuby.ee\/en\/pood\/kosmeetika\/deodorandid\/salt-stone-minideodorantide-komplekt\/#breadcrumb","itemListElement":[{"@type":"ListItem","position":1,"name":"Kdu","item":"https:\/\/ruuby.ee\/"},{"@type":"ListItem","position":2,"name":"Pood","item":"https:\/\/ruuby.ee\/pood\/"},{"@type":"ListItem","position":3,"name":"SALT &amp; STONE minideodorantide komplekt"}]},{"@type":"WebSite","@id":"https:\/\/ruuby.ee\/#website","url":"https:\/\/ruuby.ee\/","name":"RUUBY","description":"Ruubys on \u00fchendatud elustiil ja disain","publisher":{"@id":"https:\/\/ruuby.ee\/#organization"},"alternateName":"Ruuby Disain","potentialAction":[{"@type":"SearchAction","target":{"@type":"EntryPoint","urlTemplate":"https:\/\/ruuby.ee\/?s={search_term_string}"},"query-input":{"@type":"PropertyValueSpecification","valueRequired":true,"valueName":"search_term_string"}}],"inLanguage":"en-GB"},{"@type":"Organization","@id":"https:\/\/ruuby.ee\/#organization","name":"Ruuby Disain O\u00dc","alternateName":"Ruuby","url":"https:\/\/ruuby.ee\/","logo":{"@type":"ImageObject","inLanguage":"en-GB","@id":"https:\/\/ruuby.ee\/#\/schema\/logo\/image\/","url":"https:\/\/ruuby.ee\/wp-content\/uploads\/2023\/06\/cropped-Black-White-Elegant-Circle-Signature-Fashion-Logo-12_large.png","contentUrl":"https:\/\/ruuby.ee\/wp-content\/uploads\/2023\/06\/cropped-Black-White-Elegant-Circle-Signature-Fashion-Logo-12_large.png","width":1280,"height":747,"caption":"Ruuby Disain O\u00dc"},"image":{"@id":"https:\/\/ruuby.ee\/#\/schema\/logo\/image\/"},"sameAs":["https:\/\/www.facebook.com\/ruubyconcept","https:\/\/www.instagram.com\/ruuby_concept\/"]}]}},"jetpack_sharing_enabled":true,"_links":{"self":[{"href":"https:\/\/ruuby.ee\/en\/wp-json\/wp\/v2\/product\/1859671","targetHints":{"allow":["GET"]}}],"collection":[{"href":"https:\/\/ruuby.ee\/en\/wp-json\/wp\/v2\/product"}],"about":[{"href":"https:\/\/ruuby.ee\/en\/wp-json\/wp\/v2\/types\/product"}],"replies":[{"embeddable":true,"href":"https:\/\/ruuby.ee\/en\/wp-json\/wp\/v2\/comments?post=1859671"}],"wp:featuredmedia":[{"embeddable":true,"href":"https:\/\/ruuby.ee\/en\/wp-json\/wp\/v2\/media\/1859675"}],"wp:attachment":[{"href":"https:\/\/ruuby.ee\/en\/wp-json\/wp\/v2\/media?parent=1859671"}],"wp:term":[{"taxonomy":"product_brand","embeddable":true,"href":"https:\/\/ruuby.ee\/en\/wp-json\/wp\/v2\/product_brand?post=1859671"},{"taxonomy":"product_cat","embeddable":true,"href":"https:\/\/ruuby.ee\/en\/wp-json\/wp\/v2\/product_cat?post=1859671"},{"taxonomy":"product_tag","embeddable":true,"href":"https:\/\/ruuby.ee\/en\/wp-json\/wp\/v2\/product_tag?post=1859671"}],"curies":[{"name":"wp","href":"https:\/\/api.w.org\/{rel}","templated":true}]}}