{"id":1859654,"date":"2026-04-14T09:52:29","date_gmt":"2026-04-14T06:52:29","guid":{"rendered":"https:\/\/ruuby.ee\/?post_type=product&#038;p=1859654"},"modified":"2026-04-14T09:59:39","modified_gmt":"2026-04-14T06:59:39","slug":"jesper-home-kuwana-ouepink","status":"publish","type":"product","link":"https:\/\/ruuby.ee\/en\/pood\/kodusisustus\/ouemoobel\/jesper-home-kuwana-ouepink\/","title":{"rendered":"Jesper Home Kuwana, \u00f5uepink 160cm"},"content":{"rendered":"<p>Tutvustame Jesper Home&#8217;i Kuwana \u00f5uekollektsiooni \u2013 paindlikku ja mitmekesist komplekti, mis on loodud teie \u00f5ueala t\u00e4iustamiseks. Hoolikalt loodud Kuwana kollektsioon pakub laia valikut m\u00f6\u00f6blit, sealhulgas tugitooli, s\u00f6\u00f6gitooli ja kahte pinki, mis sobivad erinevatele ruumi- ja funktsionaalsusvajadustele. Kootud mustrid on oskuslikult valmistatud, tagades mitte ainult visuaalselt meeldiva ilme, vaid ka mugavuse ja vastupidavuse, mis sobib ideaalselt \u00f5uekeskkonda.<\/p>\n<p>Selle vastupidav raam on saadaval kahes atraktiivses tiikpuu viimistluses: kaunis naturaalses tiikpuu viimistluses nimega \u201emerevaik\u201c ja pruunis tiikpuu viimistluses nimega \u201eespresso\u201c, mis annab traditsioonilise ja rikkaliku soojuse.<\/p>\n<p>Kuwana m\u00f6\u00f6bli valmistamisel on funktsionaalsus \u00fchendatud loovusega, kus tiikpuu vastupidavus on \u00fchendatud \u00f5rna n\u00f6\u00f6riga, luues kutsuva pelgupaiga. Olenemata sellest, kas naudite vaikset hommikut v\u00f5i korraldate meelelahutuslikku \u00f5htut, pakub Kuwana komplekt mugavust ja \u0161ikki stiili pingutuseta.<\/p>\n<p>Nautige rahu ja suhtlemise hetki Kuwana \u00f5uekollektsiooniga. Selle kohandatav disain, mis on saadaval erinevates kangav\u00e4rvides ja puiduviimistlustes, tagab teie \u00f5uekujundusele isikup\u00e4rase puudutuse, lubades olla lugematute m\u00e4lestuste keskpunktiks p\u00e4ikese ja t\u00e4htede all.<\/p>\n<p>M\u00f5\u00f5tmed:<\/p>\n<p>Koguk\u00f5rgus: 47 cm; Laius: 160 cm; S\u00fcgavus: 42 cm<\/p>\n<p>Istme m\u00f5\u00f5tmed: Istme k\u00f5rgus: 47 cm; Istme laius: 120 cm; Istme s\u00fcgavus: 42 cm<\/p>\n<p>Kaal: 10,34 kg<\/p>\n<p>Maksimaalne koormus: 240 kg<\/p>\n<p>Materjalid: Istme materjal: K\u00f6is. Raami materjal: Tiikpuu<\/p>\n<p>Puhastage tolmu ja prahi eemaldamiseks pehme harjaga. Vajadusel peske \u00f5rna seebi ja veega. Tugevamate plekkide puhul kasutage \u00f5rna seebilahust ja pehmet harja. Loputage hoolikalt ja laske \u00f5hu k\u00e4es kuivada.<\/p>","protected":false},"excerpt":{"rendered":"<p>Nautige rahu ja suhtlemise hetki Kuwana \u00f5uekollektsiooniga. Selle kohandatav disain, mis on saadaval erinevates kangav\u00e4rvides ja puiduviimistlustes, tagab teie \u00f5uekujundusele isikup\u00e4rase puudutuse, lubades olla lugematute m\u00e4lestuste keskpunktiks p\u00e4ikese ja t\u00e4htede all.<\/p>\n<p>Tarne 10-14 p\u00e4eva.<\/p>","protected":false},"featured_media":1859661,"comment_status":"closed","ping_status":"closed","template":"","meta":[],"product_brand":[],"product_cat":[42,641],"product_tag":[642],"class_list":{"0":"post-1859654","1":"product","2":"type-product","3":"status-publish","4":"has-post-thumbnail","6":"product_cat-kodusisustus","7":"product_cat-ouemoobel","8":"product_tag-ouemoobel","10":"first","11":"onbackorder","12":"sale","13":"taxable","14":"shipping-taxable","15":"purchasable","16":"product-type-variable","17":"rtwpvs-product"},"yoast_head":"<!-- This site is optimized with the Yoast SEO plugin v27.3 - https:\/\/yoast.com\/product\/yoast-seo-wordpress\/ -->\n<title>Jesper Home Kuwana, \u00f5uepink 160cm - RUUBY<\/title>\n<meta name=\"robots\" content=\"index, follow, max-snippet:-1, max-image-preview:large, max-video-preview:-1\" \/>\n<link rel=\"canonical\" href=\"https:\/\/ruuby.ee\/en\/pood\/kodusisustus\/ouemoobel\/jesper-home-kuwana-ouepink\/\" \/>\n<meta property=\"og:locale\" content=\"en_GB\" \/>\n<meta property=\"og:type\" content=\"article\" \/>\n<meta property=\"og:title\" content=\"Jesper Home Kuwana, \u00f5uepink 160cm - RUUBY\" \/>\n<meta property=\"og:description\" content=\"Nautige rahu ja suhtlemise hetki Kuwana \u00f5uekollektsiooniga. Selle kohandatav disain, mis on saadaval erinevates kangav\u00e4rvides ja puiduviimistlustes, tagab teie \u00f5uekujundusele isikup\u00e4rase puudutuse, lubades olla lugematute m\u00e4lestuste keskpunktiks p\u00e4ikese ja t\u00e4htede all.  Tarne 10-14 p\u00e4eva.\" \/>\n<meta property=\"og:url\" content=\"https:\/\/ruuby.ee\/en\/pood\/kodusisustus\/ouemoobel\/jesper-home-kuwana-ouepink\/\" \/>\n<meta property=\"og:site_name\" content=\"RUUBY\" \/>\n<meta property=\"article:publisher\" content=\"https:\/\/www.facebook.com\/ruubyconcept\" \/>\n<meta property=\"article:modified_time\" content=\"2026-04-14T06:59:39+00:00\" \/>\n<meta property=\"og:image\" content=\"https:\/\/ruuby.ee\/wp-content\/uploads\/2026\/04\/Screenshot-2026-04-14-at-09.51.43.png\" \/>\n\t<meta property=\"og:image:width\" content=\"1874\" \/>\n\t<meta property=\"og:image:height\" content=\"1206\" \/>\n\t<meta property=\"og:image:type\" content=\"image\/png\" \/>\n<meta name=\"twitter:card\" content=\"summary_large_image\" \/>\n<meta name=\"twitter:label1\" content=\"Estimated reading time\" \/>\n\t<meta name=\"twitter:data1\" content=\"2 minutes\" \/>\n<script type=\"application\/ld+json\" class=\"yoast-schema-graph\">{\"@context\":\"https:\\\/\\\/schema.org\",\"@graph\":[{\"@type\":[\"WebPage\",\"ItemPage\"],\"@id\":\"https:\\\/\\\/ruuby.ee\\\/pood\\\/kodusisustus\\\/ouemoobel\\\/jesper-home-kuwana-ouepink\\\/\",\"url\":\"https:\\\/\\\/ruuby.ee\\\/pood\\\/kodusisustus\\\/ouemoobel\\\/jesper-home-kuwana-ouepink\\\/\",\"name\":\"Jesper Home Kuwana, \u00f5uepink 160cm - RUUBY\",\"isPartOf\":{\"@id\":\"http:\\\/\\\/ruuby.ee\\\/#website\"},\"primaryImageOfPage\":{\"@id\":\"https:\\\/\\\/ruuby.ee\\\/pood\\\/kodusisustus\\\/ouemoobel\\\/jesper-home-kuwana-ouepink\\\/#primaryimage\"},\"image\":{\"@id\":\"https:\\\/\\\/ruuby.ee\\\/pood\\\/kodusisustus\\\/ouemoobel\\\/jesper-home-kuwana-ouepink\\\/#primaryimage\"},\"thumbnailUrl\":\"https:\\\/\\\/ruuby.ee\\\/wp-content\\\/uploads\\\/2026\\\/04\\\/Screenshot-2026-04-14-at-09.51.43.png\",\"datePublished\":\"2026-04-14T06:52:29+00:00\",\"dateModified\":\"2026-04-14T06:59:39+00:00\",\"breadcrumb\":{\"@id\":\"https:\\\/\\\/ruuby.ee\\\/pood\\\/kodusisustus\\\/ouemoobel\\\/jesper-home-kuwana-ouepink\\\/#breadcrumb\"},\"inLanguage\":\"en-GB\",\"potentialAction\":[{\"@type\":\"ReadAction\",\"target\":[\"https:\\\/\\\/ruuby.ee\\\/pood\\\/kodusisustus\\\/ouemoobel\\\/jesper-home-kuwana-ouepink\\\/\"]}]},{\"@type\":\"ImageObject\",\"inLanguage\":\"en-GB\",\"@id\":\"https:\\\/\\\/ruuby.ee\\\/pood\\\/kodusisustus\\\/ouemoobel\\\/jesper-home-kuwana-ouepink\\\/#primaryimage\",\"url\":\"https:\\\/\\\/ruuby.ee\\\/wp-content\\\/uploads\\\/2026\\\/04\\\/Screenshot-2026-04-14-at-09.51.43.png\",\"contentUrl\":\"https:\\\/\\\/ruuby.ee\\\/wp-content\\\/uploads\\\/2026\\\/04\\\/Screenshot-2026-04-14-at-09.51.43.png\",\"width\":1874,\"height\":1206},{\"@type\":\"BreadcrumbList\",\"@id\":\"https:\\\/\\\/ruuby.ee\\\/pood\\\/kodusisustus\\\/ouemoobel\\\/jesper-home-kuwana-ouepink\\\/#breadcrumb\",\"itemListElement\":[{\"@type\":\"ListItem\",\"position\":1,\"name\":\"Kdu\",\"item\":\"https:\\\/\\\/ruuby.ee\\\/en\\\/\"},{\"@type\":\"ListItem\",\"position\":2,\"name\":\"Pood\",\"item\":\"https:\\\/\\\/ruuby.ee\\\/en\\\/pood\\\/\"},{\"@type\":\"ListItem\",\"position\":3,\"name\":\"Jesper Home Kuwana, \u00f5uepink 160cm\"}]},{\"@type\":\"WebSite\",\"@id\":\"http:\\\/\\\/ruuby.ee\\\/#website\",\"url\":\"http:\\\/\\\/ruuby.ee\\\/\",\"name\":\"RUUBY\",\"description\":\"Ruubys on \u00fchendatud elustiil ja disain\",\"publisher\":{\"@id\":\"http:\\\/\\\/ruuby.ee\\\/#organization\"},\"alternateName\":\"Ruuby Disain\",\"potentialAction\":[{\"@type\":\"SearchAction\",\"target\":{\"@type\":\"EntryPoint\",\"urlTemplate\":\"http:\\\/\\\/ruuby.ee\\\/?s={search_term_string}\"},\"query-input\":{\"@type\":\"PropertyValueSpecification\",\"valueRequired\":true,\"valueName\":\"search_term_string\"}}],\"inLanguage\":\"en-GB\"},{\"@type\":\"Organization\",\"@id\":\"http:\\\/\\\/ruuby.ee\\\/#organization\",\"name\":\"Ruuby Disain O\u00dc\",\"alternateName\":\"Ruuby\",\"url\":\"http:\\\/\\\/ruuby.ee\\\/\",\"logo\":{\"@type\":\"ImageObject\",\"inLanguage\":\"en-GB\",\"@id\":\"http:\\\/\\\/ruuby.ee\\\/#\\\/schema\\\/logo\\\/image\\\/\",\"url\":\"https:\\\/\\\/ruuby.ee\\\/wp-content\\\/uploads\\\/2023\\\/06\\\/cropped-Black-White-Elegant-Circle-Signature-Fashion-Logo-12_large.png\",\"contentUrl\":\"https:\\\/\\\/ruuby.ee\\\/wp-content\\\/uploads\\\/2023\\\/06\\\/cropped-Black-White-Elegant-Circle-Signature-Fashion-Logo-12_large.png\",\"width\":1280,\"height\":747,\"caption\":\"Ruuby Disain O\u00dc\"},\"image\":{\"@id\":\"http:\\\/\\\/ruuby.ee\\\/#\\\/schema\\\/logo\\\/image\\\/\"},\"sameAs\":[\"https:\\\/\\\/www.facebook.com\\\/ruubyconcept\",\"https:\\\/\\\/www.instagram.com\\\/ruuby_concept\\\/\"]}]}<\/script>\n<!-- \/ Yoast SEO plugin. -->","yoast_head_json":{"title":"Jesper Home Kuwana, \u00f5uepink 160cm - RUUBY","robots":{"index":"index","follow":"follow","max-snippet":"max-snippet:-1","max-image-preview":"max-image-preview:large","max-video-preview":"max-video-preview:-1"},"canonical":"https:\/\/ruuby.ee\/en\/pood\/kodusisustus\/ouemoobel\/jesper-home-kuwana-ouepink\/","og_locale":"en_GB","og_type":"article","og_title":"Jesper Home Kuwana, \u00f5uepink 160cm - RUUBY","og_description":"Nautige rahu ja suhtlemise hetki Kuwana \u00f5uekollektsiooniga. Selle kohandatav disain, mis on saadaval erinevates kangav\u00e4rvides ja puiduviimistlustes, tagab teie \u00f5uekujundusele isikup\u00e4rase puudutuse, lubades olla lugematute m\u00e4lestuste keskpunktiks p\u00e4ikese ja t\u00e4htede all.  Tarne 10-14 p\u00e4eva.","og_url":"https:\/\/ruuby.ee\/en\/pood\/kodusisustus\/ouemoobel\/jesper-home-kuwana-ouepink\/","og_site_name":"RUUBY","article_publisher":"https:\/\/www.facebook.com\/ruubyconcept","article_modified_time":"2026-04-14T06:59:39+00:00","og_image":[{"width":1874,"height":1206,"url":"https:\/\/ruuby.ee\/wp-content\/uploads\/2026\/04\/Screenshot-2026-04-14-at-09.51.43.png","type":"image\/png"}],"twitter_card":"summary_large_image","twitter_misc":{"Estimated reading time":"2 minutes"},"schema":{"@context":"https:\/\/schema.org","@graph":[{"@type":["WebPage","ItemPage"],"@id":"https:\/\/ruuby.ee\/pood\/kodusisustus\/ouemoobel\/jesper-home-kuwana-ouepink\/","url":"https:\/\/ruuby.ee\/pood\/kodusisustus\/ouemoobel\/jesper-home-kuwana-ouepink\/","name":"Jesper Home Kuwana, \u00f5uepink 160cm - RUUBY","isPartOf":{"@id":"http:\/\/ruuby.ee\/#website"},"primaryImageOfPage":{"@id":"https:\/\/ruuby.ee\/pood\/kodusisustus\/ouemoobel\/jesper-home-kuwana-ouepink\/#primaryimage"},"image":{"@id":"https:\/\/ruuby.ee\/pood\/kodusisustus\/ouemoobel\/jesper-home-kuwana-ouepink\/#primaryimage"},"thumbnailUrl":"https:\/\/ruuby.ee\/wp-content\/uploads\/2026\/04\/Screenshot-2026-04-14-at-09.51.43.png","datePublished":"2026-04-14T06:52:29+00:00","dateModified":"2026-04-14T06:59:39+00:00","breadcrumb":{"@id":"https:\/\/ruuby.ee\/pood\/kodusisustus\/ouemoobel\/jesper-home-kuwana-ouepink\/#breadcrumb"},"inLanguage":"en-GB","potentialAction":[{"@type":"ReadAction","target":["https:\/\/ruuby.ee\/pood\/kodusisustus\/ouemoobel\/jesper-home-kuwana-ouepink\/"]}]},{"@type":"ImageObject","inLanguage":"en-GB","@id":"https:\/\/ruuby.ee\/pood\/kodusisustus\/ouemoobel\/jesper-home-kuwana-ouepink\/#primaryimage","url":"https:\/\/ruuby.ee\/wp-content\/uploads\/2026\/04\/Screenshot-2026-04-14-at-09.51.43.png","contentUrl":"https:\/\/ruuby.ee\/wp-content\/uploads\/2026\/04\/Screenshot-2026-04-14-at-09.51.43.png","width":1874,"height":1206},{"@type":"BreadcrumbList","@id":"https:\/\/ruuby.ee\/pood\/kodusisustus\/ouemoobel\/jesper-home-kuwana-ouepink\/#breadcrumb","itemListElement":[{"@type":"ListItem","position":1,"name":"Kdu","item":"https:\/\/ruuby.ee\/en\/"},{"@type":"ListItem","position":2,"name":"Pood","item":"https:\/\/ruuby.ee\/en\/pood\/"},{"@type":"ListItem","position":3,"name":"Jesper Home Kuwana, \u00f5uepink 160cm"}]},{"@type":"WebSite","@id":"http:\/\/ruuby.ee\/#website","url":"http:\/\/ruuby.ee\/","name":"RUUBY","description":"Ruubys on \u00fchendatud elustiil ja disain","publisher":{"@id":"http:\/\/ruuby.ee\/#organization"},"alternateName":"Ruuby Disain","potentialAction":[{"@type":"SearchAction","target":{"@type":"EntryPoint","urlTemplate":"http:\/\/ruuby.ee\/?s={search_term_string}"},"query-input":{"@type":"PropertyValueSpecification","valueRequired":true,"valueName":"search_term_string"}}],"inLanguage":"en-GB"},{"@type":"Organization","@id":"http:\/\/ruuby.ee\/#organization","name":"Ruuby Disain O\u00dc","alternateName":"Ruuby","url":"http:\/\/ruuby.ee\/","logo":{"@type":"ImageObject","inLanguage":"en-GB","@id":"http:\/\/ruuby.ee\/#\/schema\/logo\/image\/","url":"https:\/\/ruuby.ee\/wp-content\/uploads\/2023\/06\/cropped-Black-White-Elegant-Circle-Signature-Fashion-Logo-12_large.png","contentUrl":"https:\/\/ruuby.ee\/wp-content\/uploads\/2023\/06\/cropped-Black-White-Elegant-Circle-Signature-Fashion-Logo-12_large.png","width":1280,"height":747,"caption":"Ruuby Disain O\u00dc"},"image":{"@id":"http:\/\/ruuby.ee\/#\/schema\/logo\/image\/"},"sameAs":["https:\/\/www.facebook.com\/ruubyconcept","https:\/\/www.instagram.com\/ruuby_concept\/"]}]}},"jetpack_sharing_enabled":true,"_links":{"self":[{"href":"https:\/\/ruuby.ee\/en\/wp-json\/wp\/v2\/product\/1859654","targetHints":{"allow":["GET"]}}],"collection":[{"href":"https:\/\/ruuby.ee\/en\/wp-json\/wp\/v2\/product"}],"about":[{"href":"https:\/\/ruuby.ee\/en\/wp-json\/wp\/v2\/types\/product"}],"replies":[{"embeddable":true,"href":"https:\/\/ruuby.ee\/en\/wp-json\/wp\/v2\/comments?post=1859654"}],"wp:featuredmedia":[{"embeddable":true,"href":"https:\/\/ruuby.ee\/en\/wp-json\/wp\/v2\/media\/1859661"}],"wp:attachment":[{"href":"https:\/\/ruuby.ee\/en\/wp-json\/wp\/v2\/media?parent=1859654"}],"wp:term":[{"taxonomy":"product_brand","embeddable":true,"href":"https:\/\/ruuby.ee\/en\/wp-json\/wp\/v2\/product_brand?post=1859654"},{"taxonomy":"product_cat","embeddable":true,"href":"https:\/\/ruuby.ee\/en\/wp-json\/wp\/v2\/product_cat?post=1859654"},{"taxonomy":"product_tag","embeddable":true,"href":"https:\/\/ruuby.ee\/en\/wp-json\/wp\/v2\/product_tag?post=1859654"}],"curies":[{"name":"wp","href":"https:\/\/api.w.org\/{rel}","templated":true}]}}