{"id":1859637,"date":"2026-04-13T22:55:51","date_gmt":"2026-04-13T19:55:51","guid":{"rendered":"https:\/\/ruuby.ee\/?post_type=product&#038;p=1859637"},"modified":"2026-04-13T22:56:37","modified_gmt":"2026-04-13T19:56:37","slug":"jesper-home-sammu-ouemoobli-komplekt","status":"publish","type":"product","link":"https:\/\/ruuby.ee\/en\/pood\/kodusisustus\/ouemoobel\/jesper-home-sammu-ouemoobli-komplekt\/","title":{"rendered":"Jesper Home Sammu &#8211; \u00f5uem\u00f6\u00f6bli komplekt"},"content":{"rendered":"<p>Avasta Sammu \u00f5uekomplekt, mis \u00fchendab j\u00e4tkusuutlikkuse ja stiili kahekohalise pingi, toolide ja lauaga, mis on valmistatud 25% nisukiududest. Selle kompaktne disain sobib igasse ruumi ning on saadaval nisu- ja samblav\u00e4rvides. Ideaalne igale terrassile v\u00f5i aeda!<\/p>\n<p>Komplekti disain \u00f5hkub kaasaegset v\u00f5lu, mida iseloomustavad puhtad jooned ja tagasihoidlik moodne esteetika. See on hoolikalt konstrueeritud kompaktseks, v\u00f5imaldades kogu komplektil mugavalt sobida v\u00e4iksematesse terrassidesse v\u00f5i r\u00f5dudele, tagades, et isegi k\u00f5ige intiimsemad ruumid saavad nautida \u00f5ueelegantsi.<\/p>\n<p>Saadaval kahes looduslikult inspireeritud v\u00e4rvitoonis \u2013 nisu, mis meenutab looduslikke terasid, ja sammal, mis on pehme roheline, mis manab esile lopsakaid maastikke \u2013 see komplekt kutsub looduse paleti teie \u00f5uealale.\u00a0\u00a0Oma kompaktse mitmek\u00fclgsuse ja ajatu v\u00e4limusega on see ideaalne valik neile, kes hindavad nii disaini kui ka praktilisust.<\/p>\n<p>M\u00f5\u00f5tmed:<\/p>\n<p>k\u00f5rgus: 58 cm; Laius: 71 cm; S\u00fcgavus: 67 cm; Kaal: 30 kg<\/p>\n<p>Maksimaalne koormus: 120 kg<\/p>\n<p>Istme materjal: 25% nisukiud, 75% PP<\/p>\n<p>Puhasta regulaarselt tolmu v\u00f5i puhasta tolmuimejaga. Lekkinud vedelikud kuivata koheselt puhta ja kuiva lapiga. Plekkide puhastamiseks kasuta \u00f5rna pesuvahendit ja leiget vett. Testi puhastuslahust k\u00f5igepealt varjus alal.<\/p>","protected":false},"excerpt":{"rendered":"<p>Sammu \u00f5uekomplekt on loodud kestma ja muljet avaldama ning see on loodud avaldama muljet. Olenemata sellest, kas korraldate suvist grillimist, naudite hommikukohvi v\u00f5i lihtsalt naudite oma \u00f5ues rahu ja vaikust, pakub Sammu komplekt praktilist, kuid \u0161ikki lahendust.<\/p>\n<p>Tarne 10-14 p\u00e4eva.<\/p>","protected":false},"featured_media":1859638,"comment_status":"closed","ping_status":"closed","template":"","meta":[],"product_brand":[],"product_cat":[42,641],"product_tag":[642],"class_list":{"0":"post-1859637","1":"product","2":"type-product","3":"status-publish","4":"has-post-thumbnail","6":"product_cat-kodusisustus","7":"product_cat-ouemoobel","8":"product_tag-ouemoobel","10":"first","11":"onbackorder","12":"sale","13":"taxable","14":"shipping-taxable","15":"purchasable","16":"product-type-variable","17":"rtwpvs-product"},"yoast_head":"<!-- This site is optimized with the Yoast SEO plugin v27.3 - https:\/\/yoast.com\/product\/yoast-seo-wordpress\/ -->\n<title>Jesper Home Sammu - \u00f5uem\u00f6\u00f6bli komplekt - RUUBY<\/title>\n<meta name=\"robots\" content=\"index, follow, max-snippet:-1, max-image-preview:large, max-video-preview:-1\" \/>\n<link rel=\"canonical\" href=\"https:\/\/ruuby.ee\/en\/pood\/kodusisustus\/ouemoobel\/jesper-home-sammu-ouemoobli-komplekt\/\" \/>\n<meta property=\"og:locale\" content=\"en_GB\" \/>\n<meta property=\"og:type\" content=\"article\" \/>\n<meta property=\"og:title\" content=\"Jesper Home Sammu - \u00f5uem\u00f6\u00f6bli komplekt - RUUBY\" \/>\n<meta property=\"og:description\" content=\"Sammu \u00f5uekomplekt on loodud kestma ja muljet avaldama ning see on loodud avaldama muljet. Olenemata sellest, kas korraldate suvist grillimist, naudite hommikukohvi v\u00f5i lihtsalt naudite oma \u00f5ues rahu ja vaikust, pakub Sammu komplekt praktilist, kuid \u0161ikki lahendust.  Tarne 10-14 p\u00e4eva.\" \/>\n<meta property=\"og:url\" content=\"https:\/\/ruuby.ee\/en\/pood\/kodusisustus\/ouemoobel\/jesper-home-sammu-ouemoobli-komplekt\/\" \/>\n<meta property=\"og:site_name\" content=\"RUUBY\" \/>\n<meta property=\"article:publisher\" content=\"https:\/\/www.facebook.com\/ruubyconcept\" \/>\n<meta property=\"article:modified_time\" content=\"2026-04-13T19:56:37+00:00\" \/>\n<meta property=\"og:image\" content=\"https:\/\/ruuby.ee\/wp-content\/uploads\/2026\/04\/Screenshot-2026-04-13-at-22.46.28.png\" \/>\n\t<meta property=\"og:image:width\" content=\"924\" \/>\n\t<meta property=\"og:image:height\" content=\"872\" \/>\n\t<meta property=\"og:image:type\" content=\"image\/png\" \/>\n<meta name=\"twitter:card\" content=\"summary_large_image\" \/>\n<meta name=\"twitter:label1\" content=\"Estimated reading time\" \/>\n\t<meta name=\"twitter:data1\" content=\"2 minutes\" \/>\n<script type=\"application\/ld+json\" class=\"yoast-schema-graph\">{\"@context\":\"https:\\\/\\\/schema.org\",\"@graph\":[{\"@type\":[\"WebPage\",\"ItemPage\"],\"@id\":\"https:\\\/\\\/ruuby.ee\\\/en\\\/pood\\\/kodusisustus\\\/ouemoobel\\\/jesper-home-sammu-ouemoobli-komplekt\\\/\",\"url\":\"https:\\\/\\\/ruuby.ee\\\/en\\\/pood\\\/kodusisustus\\\/ouemoobel\\\/jesper-home-sammu-ouemoobli-komplekt\\\/\",\"name\":\"Jesper Home Sammu - \u00f5uem\u00f6\u00f6bli komplekt - RUUBY\",\"isPartOf\":{\"@id\":\"https:\\\/\\\/ruuby.ee\\\/#website\"},\"primaryImageOfPage\":{\"@id\":\"https:\\\/\\\/ruuby.ee\\\/en\\\/pood\\\/kodusisustus\\\/ouemoobel\\\/jesper-home-sammu-ouemoobli-komplekt\\\/#primaryimage\"},\"image\":{\"@id\":\"https:\\\/\\\/ruuby.ee\\\/en\\\/pood\\\/kodusisustus\\\/ouemoobel\\\/jesper-home-sammu-ouemoobli-komplekt\\\/#primaryimage\"},\"thumbnailUrl\":\"https:\\\/\\\/ruuby.ee\\\/wp-content\\\/uploads\\\/2026\\\/04\\\/Screenshot-2026-04-13-at-22.46.28.png\",\"datePublished\":\"2026-04-13T19:55:51+00:00\",\"dateModified\":\"2026-04-13T19:56:37+00:00\",\"breadcrumb\":{\"@id\":\"https:\\\/\\\/ruuby.ee\\\/en\\\/pood\\\/kodusisustus\\\/ouemoobel\\\/jesper-home-sammu-ouemoobli-komplekt\\\/#breadcrumb\"},\"inLanguage\":\"en-GB\",\"potentialAction\":[{\"@type\":\"ReadAction\",\"target\":[\"https:\\\/\\\/ruuby.ee\\\/en\\\/pood\\\/kodusisustus\\\/ouemoobel\\\/jesper-home-sammu-ouemoobli-komplekt\\\/\"]}]},{\"@type\":\"ImageObject\",\"inLanguage\":\"en-GB\",\"@id\":\"https:\\\/\\\/ruuby.ee\\\/en\\\/pood\\\/kodusisustus\\\/ouemoobel\\\/jesper-home-sammu-ouemoobli-komplekt\\\/#primaryimage\",\"url\":\"https:\\\/\\\/ruuby.ee\\\/wp-content\\\/uploads\\\/2026\\\/04\\\/Screenshot-2026-04-13-at-22.46.28.png\",\"contentUrl\":\"https:\\\/\\\/ruuby.ee\\\/wp-content\\\/uploads\\\/2026\\\/04\\\/Screenshot-2026-04-13-at-22.46.28.png\",\"width\":924,\"height\":872},{\"@type\":\"BreadcrumbList\",\"@id\":\"https:\\\/\\\/ruuby.ee\\\/en\\\/pood\\\/kodusisustus\\\/ouemoobel\\\/jesper-home-sammu-ouemoobli-komplekt\\\/#breadcrumb\",\"itemListElement\":[{\"@type\":\"ListItem\",\"position\":1,\"name\":\"Kdu\",\"item\":\"https:\\\/\\\/ruuby.ee\\\/\"},{\"@type\":\"ListItem\",\"position\":2,\"name\":\"Pood\",\"item\":\"https:\\\/\\\/ruuby.ee\\\/pood\\\/\"},{\"@type\":\"ListItem\",\"position\":3,\"name\":\"Jesper Home Sammu &#8211; \u00f5uem\u00f6\u00f6bli komplekt\"}]},{\"@type\":\"WebSite\",\"@id\":\"https:\\\/\\\/ruuby.ee\\\/#website\",\"url\":\"https:\\\/\\\/ruuby.ee\\\/\",\"name\":\"RUUBY\",\"description\":\"Ruubys on \u00fchendatud elustiil ja disain\",\"publisher\":{\"@id\":\"https:\\\/\\\/ruuby.ee\\\/#organization\"},\"alternateName\":\"Ruuby Disain\",\"potentialAction\":[{\"@type\":\"SearchAction\",\"target\":{\"@type\":\"EntryPoint\",\"urlTemplate\":\"https:\\\/\\\/ruuby.ee\\\/?s={search_term_string}\"},\"query-input\":{\"@type\":\"PropertyValueSpecification\",\"valueRequired\":true,\"valueName\":\"search_term_string\"}}],\"inLanguage\":\"en-GB\"},{\"@type\":\"Organization\",\"@id\":\"https:\\\/\\\/ruuby.ee\\\/#organization\",\"name\":\"Ruuby Disain O\u00dc\",\"alternateName\":\"Ruuby\",\"url\":\"https:\\\/\\\/ruuby.ee\\\/\",\"logo\":{\"@type\":\"ImageObject\",\"inLanguage\":\"en-GB\",\"@id\":\"https:\\\/\\\/ruuby.ee\\\/#\\\/schema\\\/logo\\\/image\\\/\",\"url\":\"https:\\\/\\\/ruuby.ee\\\/wp-content\\\/uploads\\\/2023\\\/06\\\/cropped-Black-White-Elegant-Circle-Signature-Fashion-Logo-12_large.png\",\"contentUrl\":\"https:\\\/\\\/ruuby.ee\\\/wp-content\\\/uploads\\\/2023\\\/06\\\/cropped-Black-White-Elegant-Circle-Signature-Fashion-Logo-12_large.png\",\"width\":1280,\"height\":747,\"caption\":\"Ruuby Disain O\u00dc\"},\"image\":{\"@id\":\"https:\\\/\\\/ruuby.ee\\\/#\\\/schema\\\/logo\\\/image\\\/\"},\"sameAs\":[\"https:\\\/\\\/www.facebook.com\\\/ruubyconcept\",\"https:\\\/\\\/www.instagram.com\\\/ruuby_concept\\\/\"]}]}<\/script>\n<!-- \/ Yoast SEO plugin. -->","yoast_head_json":{"title":"Jesper Home Sammu - \u00f5uem\u00f6\u00f6bli komplekt - RUUBY","robots":{"index":"index","follow":"follow","max-snippet":"max-snippet:-1","max-image-preview":"max-image-preview:large","max-video-preview":"max-video-preview:-1"},"canonical":"https:\/\/ruuby.ee\/en\/pood\/kodusisustus\/ouemoobel\/jesper-home-sammu-ouemoobli-komplekt\/","og_locale":"en_GB","og_type":"article","og_title":"Jesper Home Sammu - \u00f5uem\u00f6\u00f6bli komplekt - RUUBY","og_description":"Sammu \u00f5uekomplekt on loodud kestma ja muljet avaldama ning see on loodud avaldama muljet. Olenemata sellest, kas korraldate suvist grillimist, naudite hommikukohvi v\u00f5i lihtsalt naudite oma \u00f5ues rahu ja vaikust, pakub Sammu komplekt praktilist, kuid \u0161ikki lahendust.  Tarne 10-14 p\u00e4eva.","og_url":"https:\/\/ruuby.ee\/en\/pood\/kodusisustus\/ouemoobel\/jesper-home-sammu-ouemoobli-komplekt\/","og_site_name":"RUUBY","article_publisher":"https:\/\/www.facebook.com\/ruubyconcept","article_modified_time":"2026-04-13T19:56:37+00:00","og_image":[{"width":924,"height":872,"url":"https:\/\/ruuby.ee\/wp-content\/uploads\/2026\/04\/Screenshot-2026-04-13-at-22.46.28.png","type":"image\/png"}],"twitter_card":"summary_large_image","twitter_misc":{"Estimated reading time":"2 minutes"},"schema":{"@context":"https:\/\/schema.org","@graph":[{"@type":["WebPage","ItemPage"],"@id":"https:\/\/ruuby.ee\/en\/pood\/kodusisustus\/ouemoobel\/jesper-home-sammu-ouemoobli-komplekt\/","url":"https:\/\/ruuby.ee\/en\/pood\/kodusisustus\/ouemoobel\/jesper-home-sammu-ouemoobli-komplekt\/","name":"Jesper Home Sammu - \u00f5uem\u00f6\u00f6bli komplekt - RUUBY","isPartOf":{"@id":"https:\/\/ruuby.ee\/#website"},"primaryImageOfPage":{"@id":"https:\/\/ruuby.ee\/en\/pood\/kodusisustus\/ouemoobel\/jesper-home-sammu-ouemoobli-komplekt\/#primaryimage"},"image":{"@id":"https:\/\/ruuby.ee\/en\/pood\/kodusisustus\/ouemoobel\/jesper-home-sammu-ouemoobli-komplekt\/#primaryimage"},"thumbnailUrl":"https:\/\/ruuby.ee\/wp-content\/uploads\/2026\/04\/Screenshot-2026-04-13-at-22.46.28.png","datePublished":"2026-04-13T19:55:51+00:00","dateModified":"2026-04-13T19:56:37+00:00","breadcrumb":{"@id":"https:\/\/ruuby.ee\/en\/pood\/kodusisustus\/ouemoobel\/jesper-home-sammu-ouemoobli-komplekt\/#breadcrumb"},"inLanguage":"en-GB","potentialAction":[{"@type":"ReadAction","target":["https:\/\/ruuby.ee\/en\/pood\/kodusisustus\/ouemoobel\/jesper-home-sammu-ouemoobli-komplekt\/"]}]},{"@type":"ImageObject","inLanguage":"en-GB","@id":"https:\/\/ruuby.ee\/en\/pood\/kodusisustus\/ouemoobel\/jesper-home-sammu-ouemoobli-komplekt\/#primaryimage","url":"https:\/\/ruuby.ee\/wp-content\/uploads\/2026\/04\/Screenshot-2026-04-13-at-22.46.28.png","contentUrl":"https:\/\/ruuby.ee\/wp-content\/uploads\/2026\/04\/Screenshot-2026-04-13-at-22.46.28.png","width":924,"height":872},{"@type":"BreadcrumbList","@id":"https:\/\/ruuby.ee\/en\/pood\/kodusisustus\/ouemoobel\/jesper-home-sammu-ouemoobli-komplekt\/#breadcrumb","itemListElement":[{"@type":"ListItem","position":1,"name":"Kdu","item":"https:\/\/ruuby.ee\/"},{"@type":"ListItem","position":2,"name":"Pood","item":"https:\/\/ruuby.ee\/pood\/"},{"@type":"ListItem","position":3,"name":"Jesper Home Sammu &#8211; \u00f5uem\u00f6\u00f6bli komplekt"}]},{"@type":"WebSite","@id":"https:\/\/ruuby.ee\/#website","url":"https:\/\/ruuby.ee\/","name":"RUUBY","description":"Ruubys on \u00fchendatud elustiil ja disain","publisher":{"@id":"https:\/\/ruuby.ee\/#organization"},"alternateName":"Ruuby Disain","potentialAction":[{"@type":"SearchAction","target":{"@type":"EntryPoint","urlTemplate":"https:\/\/ruuby.ee\/?s={search_term_string}"},"query-input":{"@type":"PropertyValueSpecification","valueRequired":true,"valueName":"search_term_string"}}],"inLanguage":"en-GB"},{"@type":"Organization","@id":"https:\/\/ruuby.ee\/#organization","name":"Ruuby Disain O\u00dc","alternateName":"Ruuby","url":"https:\/\/ruuby.ee\/","logo":{"@type":"ImageObject","inLanguage":"en-GB","@id":"https:\/\/ruuby.ee\/#\/schema\/logo\/image\/","url":"https:\/\/ruuby.ee\/wp-content\/uploads\/2023\/06\/cropped-Black-White-Elegant-Circle-Signature-Fashion-Logo-12_large.png","contentUrl":"https:\/\/ruuby.ee\/wp-content\/uploads\/2023\/06\/cropped-Black-White-Elegant-Circle-Signature-Fashion-Logo-12_large.png","width":1280,"height":747,"caption":"Ruuby Disain O\u00dc"},"image":{"@id":"https:\/\/ruuby.ee\/#\/schema\/logo\/image\/"},"sameAs":["https:\/\/www.facebook.com\/ruubyconcept","https:\/\/www.instagram.com\/ruuby_concept\/"]}]}},"jetpack_sharing_enabled":true,"_links":{"self":[{"href":"https:\/\/ruuby.ee\/en\/wp-json\/wp\/v2\/product\/1859637","targetHints":{"allow":["GET"]}}],"collection":[{"href":"https:\/\/ruuby.ee\/en\/wp-json\/wp\/v2\/product"}],"about":[{"href":"https:\/\/ruuby.ee\/en\/wp-json\/wp\/v2\/types\/product"}],"replies":[{"embeddable":true,"href":"https:\/\/ruuby.ee\/en\/wp-json\/wp\/v2\/comments?post=1859637"}],"wp:featuredmedia":[{"embeddable":true,"href":"https:\/\/ruuby.ee\/en\/wp-json\/wp\/v2\/media\/1859638"}],"wp:attachment":[{"href":"https:\/\/ruuby.ee\/en\/wp-json\/wp\/v2\/media?parent=1859637"}],"wp:term":[{"taxonomy":"product_brand","embeddable":true,"href":"https:\/\/ruuby.ee\/en\/wp-json\/wp\/v2\/product_brand?post=1859637"},{"taxonomy":"product_cat","embeddable":true,"href":"https:\/\/ruuby.ee\/en\/wp-json\/wp\/v2\/product_cat?post=1859637"},{"taxonomy":"product_tag","embeddable":true,"href":"https:\/\/ruuby.ee\/en\/wp-json\/wp\/v2\/product_tag?post=1859637"}],"curies":[{"name":"wp","href":"https:\/\/api.w.org\/{rel}","templated":true}]}}