{"id":1859447,"date":"2026-03-24T14:29:24","date_gmt":"2026-03-24T12:29:24","guid":{"rendered":"https:\/\/ruuby.ee\/?post_type=product&#038;p=1859447"},"modified":"2026-04-08T01:28:18","modified_gmt":"2026-04-07T22:28:18","slug":"happy-socks-3ne-kinkekomplekt-golf-41-46","status":"publish","type":"product","link":"https:\/\/ruuby.ee\/en\/pood\/aksessuaarid\/sokid\/happy-socks-3ne-kinkekomplekt-golf-41-46\/","title":{"rendered":"HAPPY SOCKS \u2013 3ne kinkekomplekt Golf, 41-46"},"content":{"rendered":"<p>M\u00e4ngi stiilselt meie 3-pakkilise golfisokiga kinkekomplektiga, mis sisaldab kolme ainulaadset golfist inspireeritud disaini, mis sobivad ideaalselt igale golfis\u00f5brale. See l\u00f5bus kinkekomplekt sisaldab maalilise golfivaatega sokki, kuldse palli mustriga sokki ja stiilset rohelist ja halli mustriga sokki, k\u00f5ik pakendatud golfik\u00e4rukujulisesse anumasse. Meile on oluline autentne enesev\u00e4ljendus ja need uudsed sokid lasevad golfis\u00f5pradel n\u00e4idata oma kirge m\u00e4ngu vastu. Olenemata sellest, kas olete v\u00e4ljakul v\u00f5i v\u00e4ljaspool seda, toovad need sokid kindlasti naeratuse n\u00e4ole. Ideaalne kingitus: golfis\u00f5brale teie elus.<\/p>\n<p>Tugevdatud kand ja varvas<\/p>\n<p>Materjalid: 85% puuvill, 13% pol\u00fcamiid, 2% elastaan<\/p>\n<p>J\u00e4tkusuutlikkus on enamat kui kvaliteet ja sertifikaadid, see h\u00f5lmab ka eetilist tarneahelat, heitkoguste v\u00e4hendamist, sokkide eest \u00f5iget hoolitsemist ja PALJU MUUD!<\/p>","protected":false},"excerpt":{"rendered":"<p>M\u00e4ngi stiilselt meie 3-pakkilise golfisokiga kinkekomplektiga, mis sisaldab kolme ainulaadset golfist inspireeritud disaini, mis sobivad ideaalselt igale golfis\u00f5brale.<\/p>","protected":false},"featured_media":1859452,"comment_status":"open","ping_status":"closed","template":"","meta":[],"product_brand":[],"product_cat":[792],"product_tag":[794],"class_list":{"0":"post-1859447","1":"product","2":"type-product","3":"status-publish","4":"has-post-thumbnail","6":"product_cat-sokid","7":"product_tag-sokid","9":"first","10":"instock","11":"taxable","12":"shipping-taxable","13":"purchasable","14":"product-type-simple"},"yoast_head":"<!-- This site is optimized with the Yoast SEO plugin v27.3 - https:\/\/yoast.com\/product\/yoast-seo-wordpress\/ -->\n<title>HAPPY SOCKS \u2013 3ne kinkekomplekt Golf, 41-46 - RUUBY<\/title>\n<meta name=\"robots\" content=\"index, follow, max-snippet:-1, max-image-preview:large, max-video-preview:-1\" \/>\n<link rel=\"canonical\" href=\"https:\/\/ruuby.ee\/en\/pood\/aksessuaarid\/sokid\/happy-socks-3ne-kinkekomplekt-golf-41-46\/\" \/>\n<meta property=\"og:locale\" content=\"en_GB\" \/>\n<meta property=\"og:type\" content=\"article\" \/>\n<meta property=\"og:title\" content=\"HAPPY SOCKS \u2013 3ne kinkekomplekt Golf, 41-46 - RUUBY\" \/>\n<meta property=\"og:description\" content=\"M\u00e4ngi stiilselt meie 3-pakkilise golfisokiga kinkekomplektiga, mis sisaldab kolme ainulaadset golfist inspireeritud disaini, mis sobivad ideaalselt igale golfis\u00f5brale.\" \/>\n<meta property=\"og:url\" content=\"https:\/\/ruuby.ee\/en\/pood\/aksessuaarid\/sokid\/happy-socks-3ne-kinkekomplekt-golf-41-46\/\" \/>\n<meta property=\"og:site_name\" content=\"RUUBY\" \/>\n<meta property=\"article:publisher\" content=\"https:\/\/www.facebook.com\/ruubyconcept\" \/>\n<meta property=\"article:modified_time\" content=\"2026-04-07T22:28:18+00:00\" \/>\n<meta property=\"og:image\" content=\"https:\/\/ruuby.ee\/wp-content\/uploads\/2026\/03\/Screenshot-2026-03-24-at-14.31.21.png\" \/>\n\t<meta property=\"og:image:width\" content=\"1538\" \/>\n\t<meta property=\"og:image:height\" content=\"1092\" \/>\n\t<meta property=\"og:image:type\" content=\"image\/png\" \/>\n<meta name=\"twitter:card\" content=\"summary_large_image\" \/>\n<meta name=\"twitter:label1\" content=\"Estimated reading time\" \/>\n\t<meta name=\"twitter:data1\" content=\"1 minute\" \/>\n<script type=\"application\/ld+json\" class=\"yoast-schema-graph\">{\"@context\":\"https:\\\/\\\/schema.org\",\"@graph\":[{\"@type\":[\"WebPage\",\"ItemPage\"],\"@id\":\"https:\\\/\\\/ruuby.ee\\\/pood\\\/aksessuaarid\\\/sokid\\\/happy-socks-3ne-kinkekomplekt-golf-41-46\\\/\",\"url\":\"https:\\\/\\\/ruuby.ee\\\/pood\\\/aksessuaarid\\\/sokid\\\/happy-socks-3ne-kinkekomplekt-golf-41-46\\\/\",\"name\":\"HAPPY SOCKS \u2013 3ne kinkekomplekt Golf, 41-46 - RUUBY\",\"isPartOf\":{\"@id\":\"https:\\\/\\\/ruuby.ee\\\/#website\"},\"primaryImageOfPage\":{\"@id\":\"https:\\\/\\\/ruuby.ee\\\/pood\\\/aksessuaarid\\\/sokid\\\/happy-socks-3ne-kinkekomplekt-golf-41-46\\\/#primaryimage\"},\"image\":{\"@id\":\"https:\\\/\\\/ruuby.ee\\\/pood\\\/aksessuaarid\\\/sokid\\\/happy-socks-3ne-kinkekomplekt-golf-41-46\\\/#primaryimage\"},\"thumbnailUrl\":\"https:\\\/\\\/ruuby.ee\\\/wp-content\\\/uploads\\\/2026\\\/03\\\/Screenshot-2026-03-24-at-14.31.21.png\",\"datePublished\":\"2026-03-24T12:29:24+00:00\",\"dateModified\":\"2026-04-07T22:28:18+00:00\",\"breadcrumb\":{\"@id\":\"https:\\\/\\\/ruuby.ee\\\/pood\\\/aksessuaarid\\\/sokid\\\/happy-socks-3ne-kinkekomplekt-golf-41-46\\\/#breadcrumb\"},\"inLanguage\":\"en-GB\",\"potentialAction\":[{\"@type\":\"ReadAction\",\"target\":[\"https:\\\/\\\/ruuby.ee\\\/pood\\\/aksessuaarid\\\/sokid\\\/happy-socks-3ne-kinkekomplekt-golf-41-46\\\/\"]}]},{\"@type\":\"ImageObject\",\"inLanguage\":\"en-GB\",\"@id\":\"https:\\\/\\\/ruuby.ee\\\/pood\\\/aksessuaarid\\\/sokid\\\/happy-socks-3ne-kinkekomplekt-golf-41-46\\\/#primaryimage\",\"url\":\"https:\\\/\\\/ruuby.ee\\\/wp-content\\\/uploads\\\/2026\\\/03\\\/Screenshot-2026-03-24-at-14.31.21.png\",\"contentUrl\":\"https:\\\/\\\/ruuby.ee\\\/wp-content\\\/uploads\\\/2026\\\/03\\\/Screenshot-2026-03-24-at-14.31.21.png\",\"width\":1538,\"height\":1092},{\"@type\":\"BreadcrumbList\",\"@id\":\"https:\\\/\\\/ruuby.ee\\\/pood\\\/aksessuaarid\\\/sokid\\\/happy-socks-3ne-kinkekomplekt-golf-41-46\\\/#breadcrumb\",\"itemListElement\":[{\"@type\":\"ListItem\",\"position\":1,\"name\":\"Kdu\",\"item\":\"https:\\\/\\\/ruuby.ee\\\/\"},{\"@type\":\"ListItem\",\"position\":2,\"name\":\"Pood\",\"item\":\"https:\\\/\\\/ruuby.ee\\\/pood\\\/\"},{\"@type\":\"ListItem\",\"position\":3,\"name\":\"HAPPY SOCKS \u2013 3ne kinkekomplekt Golf, 41-46\"}]},{\"@type\":\"WebSite\",\"@id\":\"https:\\\/\\\/ruuby.ee\\\/#website\",\"url\":\"https:\\\/\\\/ruuby.ee\\\/\",\"name\":\"RUUBY\",\"description\":\"Ruubys on \u00fchendatud elustiil ja disain\",\"publisher\":{\"@id\":\"https:\\\/\\\/ruuby.ee\\\/#organization\"},\"alternateName\":\"Ruuby Disain\",\"potentialAction\":[{\"@type\":\"SearchAction\",\"target\":{\"@type\":\"EntryPoint\",\"urlTemplate\":\"https:\\\/\\\/ruuby.ee\\\/?s={search_term_string}\"},\"query-input\":{\"@type\":\"PropertyValueSpecification\",\"valueRequired\":true,\"valueName\":\"search_term_string\"}}],\"inLanguage\":\"en-GB\"},{\"@type\":\"Organization\",\"@id\":\"https:\\\/\\\/ruuby.ee\\\/#organization\",\"name\":\"Ruuby Disain O\u00dc\",\"alternateName\":\"Ruuby\",\"url\":\"https:\\\/\\\/ruuby.ee\\\/\",\"logo\":{\"@type\":\"ImageObject\",\"inLanguage\":\"en-GB\",\"@id\":\"https:\\\/\\\/ruuby.ee\\\/#\\\/schema\\\/logo\\\/image\\\/\",\"url\":\"https:\\\/\\\/ruuby.ee\\\/wp-content\\\/uploads\\\/2023\\\/06\\\/cropped-Black-White-Elegant-Circle-Signature-Fashion-Logo-12_large.png\",\"contentUrl\":\"https:\\\/\\\/ruuby.ee\\\/wp-content\\\/uploads\\\/2023\\\/06\\\/cropped-Black-White-Elegant-Circle-Signature-Fashion-Logo-12_large.png\",\"width\":1280,\"height\":747,\"caption\":\"Ruuby Disain O\u00dc\"},\"image\":{\"@id\":\"https:\\\/\\\/ruuby.ee\\\/#\\\/schema\\\/logo\\\/image\\\/\"},\"sameAs\":[\"https:\\\/\\\/www.facebook.com\\\/ruubyconcept\",\"https:\\\/\\\/www.instagram.com\\\/ruuby_concept\\\/\"]}]}<\/script>\n<!-- \/ Yoast SEO plugin. -->","yoast_head_json":{"title":"HAPPY SOCKS \u2013 3ne kinkekomplekt Golf, 41-46 - RUUBY","robots":{"index":"index","follow":"follow","max-snippet":"max-snippet:-1","max-image-preview":"max-image-preview:large","max-video-preview":"max-video-preview:-1"},"canonical":"https:\/\/ruuby.ee\/en\/pood\/aksessuaarid\/sokid\/happy-socks-3ne-kinkekomplekt-golf-41-46\/","og_locale":"en_GB","og_type":"article","og_title":"HAPPY SOCKS \u2013 3ne kinkekomplekt Golf, 41-46 - RUUBY","og_description":"M\u00e4ngi stiilselt meie 3-pakkilise golfisokiga kinkekomplektiga, mis sisaldab kolme ainulaadset golfist inspireeritud disaini, mis sobivad ideaalselt igale golfis\u00f5brale.","og_url":"https:\/\/ruuby.ee\/en\/pood\/aksessuaarid\/sokid\/happy-socks-3ne-kinkekomplekt-golf-41-46\/","og_site_name":"RUUBY","article_publisher":"https:\/\/www.facebook.com\/ruubyconcept","article_modified_time":"2026-04-07T22:28:18+00:00","og_image":[{"width":1538,"height":1092,"url":"https:\/\/ruuby.ee\/wp-content\/uploads\/2026\/03\/Screenshot-2026-03-24-at-14.31.21.png","type":"image\/png"}],"twitter_card":"summary_large_image","twitter_misc":{"Estimated reading time":"1 minute"},"schema":{"@context":"https:\/\/schema.org","@graph":[{"@type":["WebPage","ItemPage"],"@id":"https:\/\/ruuby.ee\/pood\/aksessuaarid\/sokid\/happy-socks-3ne-kinkekomplekt-golf-41-46\/","url":"https:\/\/ruuby.ee\/pood\/aksessuaarid\/sokid\/happy-socks-3ne-kinkekomplekt-golf-41-46\/","name":"HAPPY SOCKS \u2013 3ne kinkekomplekt Golf, 41-46 - RUUBY","isPartOf":{"@id":"https:\/\/ruuby.ee\/#website"},"primaryImageOfPage":{"@id":"https:\/\/ruuby.ee\/pood\/aksessuaarid\/sokid\/happy-socks-3ne-kinkekomplekt-golf-41-46\/#primaryimage"},"image":{"@id":"https:\/\/ruuby.ee\/pood\/aksessuaarid\/sokid\/happy-socks-3ne-kinkekomplekt-golf-41-46\/#primaryimage"},"thumbnailUrl":"https:\/\/ruuby.ee\/wp-content\/uploads\/2026\/03\/Screenshot-2026-03-24-at-14.31.21.png","datePublished":"2026-03-24T12:29:24+00:00","dateModified":"2026-04-07T22:28:18+00:00","breadcrumb":{"@id":"https:\/\/ruuby.ee\/pood\/aksessuaarid\/sokid\/happy-socks-3ne-kinkekomplekt-golf-41-46\/#breadcrumb"},"inLanguage":"en-GB","potentialAction":[{"@type":"ReadAction","target":["https:\/\/ruuby.ee\/pood\/aksessuaarid\/sokid\/happy-socks-3ne-kinkekomplekt-golf-41-46\/"]}]},{"@type":"ImageObject","inLanguage":"en-GB","@id":"https:\/\/ruuby.ee\/pood\/aksessuaarid\/sokid\/happy-socks-3ne-kinkekomplekt-golf-41-46\/#primaryimage","url":"https:\/\/ruuby.ee\/wp-content\/uploads\/2026\/03\/Screenshot-2026-03-24-at-14.31.21.png","contentUrl":"https:\/\/ruuby.ee\/wp-content\/uploads\/2026\/03\/Screenshot-2026-03-24-at-14.31.21.png","width":1538,"height":1092},{"@type":"BreadcrumbList","@id":"https:\/\/ruuby.ee\/pood\/aksessuaarid\/sokid\/happy-socks-3ne-kinkekomplekt-golf-41-46\/#breadcrumb","itemListElement":[{"@type":"ListItem","position":1,"name":"Kdu","item":"https:\/\/ruuby.ee\/"},{"@type":"ListItem","position":2,"name":"Pood","item":"https:\/\/ruuby.ee\/pood\/"},{"@type":"ListItem","position":3,"name":"HAPPY SOCKS \u2013 3ne kinkekomplekt Golf, 41-46"}]},{"@type":"WebSite","@id":"https:\/\/ruuby.ee\/#website","url":"https:\/\/ruuby.ee\/","name":"RUUBY","description":"Ruubys on \u00fchendatud elustiil ja disain","publisher":{"@id":"https:\/\/ruuby.ee\/#organization"},"alternateName":"Ruuby Disain","potentialAction":[{"@type":"SearchAction","target":{"@type":"EntryPoint","urlTemplate":"https:\/\/ruuby.ee\/?s={search_term_string}"},"query-input":{"@type":"PropertyValueSpecification","valueRequired":true,"valueName":"search_term_string"}}],"inLanguage":"en-GB"},{"@type":"Organization","@id":"https:\/\/ruuby.ee\/#organization","name":"Ruuby Disain O\u00dc","alternateName":"Ruuby","url":"https:\/\/ruuby.ee\/","logo":{"@type":"ImageObject","inLanguage":"en-GB","@id":"https:\/\/ruuby.ee\/#\/schema\/logo\/image\/","url":"https:\/\/ruuby.ee\/wp-content\/uploads\/2023\/06\/cropped-Black-White-Elegant-Circle-Signature-Fashion-Logo-12_large.png","contentUrl":"https:\/\/ruuby.ee\/wp-content\/uploads\/2023\/06\/cropped-Black-White-Elegant-Circle-Signature-Fashion-Logo-12_large.png","width":1280,"height":747,"caption":"Ruuby Disain O\u00dc"},"image":{"@id":"https:\/\/ruuby.ee\/#\/schema\/logo\/image\/"},"sameAs":["https:\/\/www.facebook.com\/ruubyconcept","https:\/\/www.instagram.com\/ruuby_concept\/"]}]}},"jetpack_sharing_enabled":true,"_links":{"self":[{"href":"https:\/\/ruuby.ee\/en\/wp-json\/wp\/v2\/product\/1859447","targetHints":{"allow":["GET"]}}],"collection":[{"href":"https:\/\/ruuby.ee\/en\/wp-json\/wp\/v2\/product"}],"about":[{"href":"https:\/\/ruuby.ee\/en\/wp-json\/wp\/v2\/types\/product"}],"replies":[{"embeddable":true,"href":"https:\/\/ruuby.ee\/en\/wp-json\/wp\/v2\/comments?post=1859447"}],"wp:featuredmedia":[{"embeddable":true,"href":"https:\/\/ruuby.ee\/en\/wp-json\/wp\/v2\/media\/1859452"}],"wp:attachment":[{"href":"https:\/\/ruuby.ee\/en\/wp-json\/wp\/v2\/media?parent=1859447"}],"wp:term":[{"taxonomy":"product_brand","embeddable":true,"href":"https:\/\/ruuby.ee\/en\/wp-json\/wp\/v2\/product_brand?post=1859447"},{"taxonomy":"product_cat","embeddable":true,"href":"https:\/\/ruuby.ee\/en\/wp-json\/wp\/v2\/product_cat?post=1859447"},{"taxonomy":"product_tag","embeddable":true,"href":"https:\/\/ruuby.ee\/en\/wp-json\/wp\/v2\/product_tag?post=1859447"}],"curies":[{"name":"wp","href":"https:\/\/api.w.org\/{rel}","templated":true}]}}