{"id":1859434,"date":"2026-03-24T13:58:34","date_gmt":"2026-03-24T11:58:34","guid":{"rendered":"https:\/\/ruuby.ee\/?post_type=product&#038;p=1859434"},"modified":"2026-04-08T01:28:18","modified_gmt":"2026-04-07T22:28:18","slug":"happy-socks-laste-sokid-bunny-2-6-aastastele","status":"publish","type":"product","link":"https:\/\/ruuby.ee\/en\/pood\/lapsed\/riided\/sukkpuksid\/happy-socks-laste-sokid-bunny-2-6-aastastele\/","title":{"rendered":"HAPPY SOCKS &#8211; Laste sokid, Bunny 2-6 aastastele"},"content":{"rendered":"<p>H\u00fcppa kevadele vastu meie armsate laste j\u00e4nku-sokkidega, millel on imeline j\u00e4nku-disain, mis kindlasti r\u00f5\u00f5mustab pisikesi. V\u00e4rv ja r\u00f5\u00f5m on meie m\u00e4ngu nimi ning need r\u00f5\u00f5msameelsed sokid toovad naeratuse iga n\u00e4ole. Pehmed pastelsed toonid ja armas j\u00e4nku-muster muudavad need ideaalseks nii lihav\u00f5ttep\u00fchade t\u00e4histamiseks kui ka igap\u00e4evaseks kandmiseks. Oma l\u00f5busa ja m\u00e4ngulise atmosf\u00e4\u00e4riga on need looma-sokid suurep\u00e4rane viis lapse riietusele isikup\u00e4ra lisada. Ideaalne kingitus v\u00e4ikestele lihav\u00f5ttej\u00e4nestele.<\/p>\n<p>Tugevdatud kand ja varvas ning nimesildi koht.<\/p>\n<p>Materjalid: 79% puuvill, 20% pol\u00fcamiid, 1% elastaan<\/p>\n<p>&nbsp;<\/p>\n<p>Mis ja kes on Happy Socks?<\/p>\n<p>Happy Socks on m\u00f5eldud k\u00f5igile, kes arvavad, et elu ei saa kunagi olla liiga v\u00e4rviline. Ja see t\u00f5eline \u00f5nn tuleneb vabadusest olla sina ise. Br\u00e4ndi visioon on tuua \u00f5nne ja v\u00e4rvi igasse maailma nurka \u2013 inspireerides autentset enesev\u00e4ljendust v\u00e4rvide, loovuse ja l\u00f5bususe kaudu. Br\u00e4nd l\u00e4htub lihtsast, kuid samas v\u00f5imsast p\u00f5him\u00f5ttest: iga uus kollektsioon peaks olema eelmisest parem. Leitakse pehmemaid, tugevamaid, l\u00e4ikivamaid ja s\u00e4\u00e4stvamaid materjale. Kujundatakse pilkup\u00fc\u00fcdvaid detaile ja uuenduslikke funktsioone, mida t\u00f6\u00f6stuses pole kunagi varem n\u00e4htud. Kasutatakse tipptasemel tehnikaid ja tootmisprotsesse, mis muudavad sokid ja need, kes neid armastavad, veelgi \u00f5nnelikumaks.<\/p>","protected":false},"excerpt":{"rendered":"<p>H\u00fcppa kevadele vastu meie armsate laste j\u00e4nku-sokkidega, millel on imeline j\u00e4nku-disain, mis kindlasti r\u00f5\u00f5mustab pisikesi.<\/p>","protected":false},"featured_media":1859438,"comment_status":"closed","ping_status":"closed","template":"","meta":[],"product_brand":[],"product_cat":[22,244,792,648],"product_tag":[794],"class_list":{"0":"post-1859434","1":"product","2":"type-product","3":"status-publish","4":"has-post-thumbnail","6":"product_cat-lapsed","7":"product_cat-riided","8":"product_cat-sokid","9":"product_cat-sukkpuksid","10":"product_tag-sokid","12":"first","13":"instock","14":"taxable","15":"shipping-taxable","16":"purchasable","17":"product-type-variable","18":"rtwpvs-product"},"yoast_head":"<!-- This site is optimized with the Yoast SEO plugin v27.3 - https:\/\/yoast.com\/product\/yoast-seo-wordpress\/ -->\n<title>HAPPY SOCKS - Laste sokid, Bunny 2-6 aastastele - RUUBY<\/title>\n<meta name=\"robots\" content=\"index, follow, max-snippet:-1, max-image-preview:large, max-video-preview:-1\" \/>\n<link rel=\"canonical\" href=\"https:\/\/ruuby.ee\/en\/pood\/lapsed\/riided\/sukkpuksid\/happy-socks-laste-sokid-bunny-2-6-aastastele\/\" \/>\n<meta property=\"og:locale\" content=\"en_GB\" \/>\n<meta property=\"og:type\" content=\"article\" \/>\n<meta property=\"og:title\" content=\"HAPPY SOCKS - Laste sokid, Bunny 2-6 aastastele - RUUBY\" \/>\n<meta property=\"og:description\" content=\"H\u00fcppa kevadele vastu meie armsate laste j\u00e4nku-sokkidega, millel on imeline j\u00e4nku-disain, mis kindlasti r\u00f5\u00f5mustab pisikesi.\" \/>\n<meta property=\"og:url\" content=\"https:\/\/ruuby.ee\/en\/pood\/lapsed\/riided\/sukkpuksid\/happy-socks-laste-sokid-bunny-2-6-aastastele\/\" \/>\n<meta property=\"og:site_name\" content=\"RUUBY\" \/>\n<meta property=\"article:publisher\" content=\"https:\/\/www.facebook.com\/ruubyconcept\" \/>\n<meta property=\"article:modified_time\" content=\"2026-04-07T22:28:18+00:00\" \/>\n<meta property=\"og:image\" content=\"https:\/\/ruuby.ee\/wp-content\/uploads\/2026\/03\/Screenshot-2026-03-24-at-13.59.16.png\" \/>\n\t<meta property=\"og:image:width\" content=\"1484\" \/>\n\t<meta property=\"og:image:height\" content=\"1130\" \/>\n\t<meta property=\"og:image:type\" content=\"image\/png\" \/>\n<meta name=\"twitter:card\" content=\"summary_large_image\" \/>\n<meta name=\"twitter:label1\" content=\"Estimated reading time\" \/>\n\t<meta name=\"twitter:data1\" content=\"2 minutes\" \/>\n<script type=\"application\/ld+json\" class=\"yoast-schema-graph\">{\"@context\":\"https:\\\/\\\/schema.org\",\"@graph\":[{\"@type\":[\"WebPage\",\"ItemPage\"],\"@id\":\"https:\\\/\\\/ruuby.ee\\\/en\\\/pood\\\/lapsed\\\/riided\\\/sukkpuksid\\\/happy-socks-laste-sokid-bunny-2-6-aastastele\\\/\",\"url\":\"https:\\\/\\\/ruuby.ee\\\/en\\\/pood\\\/lapsed\\\/riided\\\/sukkpuksid\\\/happy-socks-laste-sokid-bunny-2-6-aastastele\\\/\",\"name\":\"HAPPY SOCKS - Laste sokid, Bunny 2-6 aastastele - RUUBY\",\"isPartOf\":{\"@id\":\"https:\\\/\\\/ruuby.ee\\\/#website\"},\"primaryImageOfPage\":{\"@id\":\"https:\\\/\\\/ruuby.ee\\\/en\\\/pood\\\/lapsed\\\/riided\\\/sukkpuksid\\\/happy-socks-laste-sokid-bunny-2-6-aastastele\\\/#primaryimage\"},\"image\":{\"@id\":\"https:\\\/\\\/ruuby.ee\\\/en\\\/pood\\\/lapsed\\\/riided\\\/sukkpuksid\\\/happy-socks-laste-sokid-bunny-2-6-aastastele\\\/#primaryimage\"},\"thumbnailUrl\":\"https:\\\/\\\/ruuby.ee\\\/wp-content\\\/uploads\\\/2026\\\/03\\\/Screenshot-2026-03-24-at-13.59.16.png\",\"datePublished\":\"2026-03-24T11:58:34+00:00\",\"dateModified\":\"2026-04-07T22:28:18+00:00\",\"breadcrumb\":{\"@id\":\"https:\\\/\\\/ruuby.ee\\\/en\\\/pood\\\/lapsed\\\/riided\\\/sukkpuksid\\\/happy-socks-laste-sokid-bunny-2-6-aastastele\\\/#breadcrumb\"},\"inLanguage\":\"en-GB\",\"potentialAction\":[{\"@type\":\"ReadAction\",\"target\":[\"https:\\\/\\\/ruuby.ee\\\/en\\\/pood\\\/lapsed\\\/riided\\\/sukkpuksid\\\/happy-socks-laste-sokid-bunny-2-6-aastastele\\\/\"]}]},{\"@type\":\"ImageObject\",\"inLanguage\":\"en-GB\",\"@id\":\"https:\\\/\\\/ruuby.ee\\\/en\\\/pood\\\/lapsed\\\/riided\\\/sukkpuksid\\\/happy-socks-laste-sokid-bunny-2-6-aastastele\\\/#primaryimage\",\"url\":\"https:\\\/\\\/ruuby.ee\\\/wp-content\\\/uploads\\\/2026\\\/03\\\/Screenshot-2026-03-24-at-13.59.16.png\",\"contentUrl\":\"https:\\\/\\\/ruuby.ee\\\/wp-content\\\/uploads\\\/2026\\\/03\\\/Screenshot-2026-03-24-at-13.59.16.png\",\"width\":1484,\"height\":1130},{\"@type\":\"BreadcrumbList\",\"@id\":\"https:\\\/\\\/ruuby.ee\\\/en\\\/pood\\\/lapsed\\\/riided\\\/sukkpuksid\\\/happy-socks-laste-sokid-bunny-2-6-aastastele\\\/#breadcrumb\",\"itemListElement\":[{\"@type\":\"ListItem\",\"position\":1,\"name\":\"Kdu\",\"item\":\"https:\\\/\\\/ruuby.ee\\\/\"},{\"@type\":\"ListItem\",\"position\":2,\"name\":\"Pood\",\"item\":\"https:\\\/\\\/ruuby.ee\\\/pood\\\/\"},{\"@type\":\"ListItem\",\"position\":3,\"name\":\"HAPPY SOCKS &#8211; Laste sokid, Bunny 2-6 aastastele\"}]},{\"@type\":\"WebSite\",\"@id\":\"https:\\\/\\\/ruuby.ee\\\/#website\",\"url\":\"https:\\\/\\\/ruuby.ee\\\/\",\"name\":\"RUUBY\",\"description\":\"Ruubys on \u00fchendatud elustiil ja disain\",\"publisher\":{\"@id\":\"https:\\\/\\\/ruuby.ee\\\/#organization\"},\"alternateName\":\"Ruuby Disain\",\"potentialAction\":[{\"@type\":\"SearchAction\",\"target\":{\"@type\":\"EntryPoint\",\"urlTemplate\":\"https:\\\/\\\/ruuby.ee\\\/?s={search_term_string}\"},\"query-input\":{\"@type\":\"PropertyValueSpecification\",\"valueRequired\":true,\"valueName\":\"search_term_string\"}}],\"inLanguage\":\"en-GB\"},{\"@type\":\"Organization\",\"@id\":\"https:\\\/\\\/ruuby.ee\\\/#organization\",\"name\":\"Ruuby Disain O\u00dc\",\"alternateName\":\"Ruuby\",\"url\":\"https:\\\/\\\/ruuby.ee\\\/\",\"logo\":{\"@type\":\"ImageObject\",\"inLanguage\":\"en-GB\",\"@id\":\"https:\\\/\\\/ruuby.ee\\\/#\\\/schema\\\/logo\\\/image\\\/\",\"url\":\"https:\\\/\\\/ruuby.ee\\\/wp-content\\\/uploads\\\/2023\\\/06\\\/cropped-Black-White-Elegant-Circle-Signature-Fashion-Logo-12_large.png\",\"contentUrl\":\"https:\\\/\\\/ruuby.ee\\\/wp-content\\\/uploads\\\/2023\\\/06\\\/cropped-Black-White-Elegant-Circle-Signature-Fashion-Logo-12_large.png\",\"width\":1280,\"height\":747,\"caption\":\"Ruuby Disain O\u00dc\"},\"image\":{\"@id\":\"https:\\\/\\\/ruuby.ee\\\/#\\\/schema\\\/logo\\\/image\\\/\"},\"sameAs\":[\"https:\\\/\\\/www.facebook.com\\\/ruubyconcept\",\"https:\\\/\\\/www.instagram.com\\\/ruuby_concept\\\/\"]}]}<\/script>\n<!-- \/ Yoast SEO plugin. -->","yoast_head_json":{"title":"HAPPY SOCKS - Laste sokid, Bunny 2-6 aastastele - RUUBY","robots":{"index":"index","follow":"follow","max-snippet":"max-snippet:-1","max-image-preview":"max-image-preview:large","max-video-preview":"max-video-preview:-1"},"canonical":"https:\/\/ruuby.ee\/en\/pood\/lapsed\/riided\/sukkpuksid\/happy-socks-laste-sokid-bunny-2-6-aastastele\/","og_locale":"en_GB","og_type":"article","og_title":"HAPPY SOCKS - Laste sokid, Bunny 2-6 aastastele - RUUBY","og_description":"H\u00fcppa kevadele vastu meie armsate laste j\u00e4nku-sokkidega, millel on imeline j\u00e4nku-disain, mis kindlasti r\u00f5\u00f5mustab pisikesi.","og_url":"https:\/\/ruuby.ee\/en\/pood\/lapsed\/riided\/sukkpuksid\/happy-socks-laste-sokid-bunny-2-6-aastastele\/","og_site_name":"RUUBY","article_publisher":"https:\/\/www.facebook.com\/ruubyconcept","article_modified_time":"2026-04-07T22:28:18+00:00","og_image":[{"width":1484,"height":1130,"url":"https:\/\/ruuby.ee\/wp-content\/uploads\/2026\/03\/Screenshot-2026-03-24-at-13.59.16.png","type":"image\/png"}],"twitter_card":"summary_large_image","twitter_misc":{"Estimated reading time":"2 minutes"},"schema":{"@context":"https:\/\/schema.org","@graph":[{"@type":["WebPage","ItemPage"],"@id":"https:\/\/ruuby.ee\/en\/pood\/lapsed\/riided\/sukkpuksid\/happy-socks-laste-sokid-bunny-2-6-aastastele\/","url":"https:\/\/ruuby.ee\/en\/pood\/lapsed\/riided\/sukkpuksid\/happy-socks-laste-sokid-bunny-2-6-aastastele\/","name":"HAPPY SOCKS - Laste sokid, Bunny 2-6 aastastele - RUUBY","isPartOf":{"@id":"https:\/\/ruuby.ee\/#website"},"primaryImageOfPage":{"@id":"https:\/\/ruuby.ee\/en\/pood\/lapsed\/riided\/sukkpuksid\/happy-socks-laste-sokid-bunny-2-6-aastastele\/#primaryimage"},"image":{"@id":"https:\/\/ruuby.ee\/en\/pood\/lapsed\/riided\/sukkpuksid\/happy-socks-laste-sokid-bunny-2-6-aastastele\/#primaryimage"},"thumbnailUrl":"https:\/\/ruuby.ee\/wp-content\/uploads\/2026\/03\/Screenshot-2026-03-24-at-13.59.16.png","datePublished":"2026-03-24T11:58:34+00:00","dateModified":"2026-04-07T22:28:18+00:00","breadcrumb":{"@id":"https:\/\/ruuby.ee\/en\/pood\/lapsed\/riided\/sukkpuksid\/happy-socks-laste-sokid-bunny-2-6-aastastele\/#breadcrumb"},"inLanguage":"en-GB","potentialAction":[{"@type":"ReadAction","target":["https:\/\/ruuby.ee\/en\/pood\/lapsed\/riided\/sukkpuksid\/happy-socks-laste-sokid-bunny-2-6-aastastele\/"]}]},{"@type":"ImageObject","inLanguage":"en-GB","@id":"https:\/\/ruuby.ee\/en\/pood\/lapsed\/riided\/sukkpuksid\/happy-socks-laste-sokid-bunny-2-6-aastastele\/#primaryimage","url":"https:\/\/ruuby.ee\/wp-content\/uploads\/2026\/03\/Screenshot-2026-03-24-at-13.59.16.png","contentUrl":"https:\/\/ruuby.ee\/wp-content\/uploads\/2026\/03\/Screenshot-2026-03-24-at-13.59.16.png","width":1484,"height":1130},{"@type":"BreadcrumbList","@id":"https:\/\/ruuby.ee\/en\/pood\/lapsed\/riided\/sukkpuksid\/happy-socks-laste-sokid-bunny-2-6-aastastele\/#breadcrumb","itemListElement":[{"@type":"ListItem","position":1,"name":"Kdu","item":"https:\/\/ruuby.ee\/"},{"@type":"ListItem","position":2,"name":"Pood","item":"https:\/\/ruuby.ee\/pood\/"},{"@type":"ListItem","position":3,"name":"HAPPY SOCKS &#8211; Laste sokid, Bunny 2-6 aastastele"}]},{"@type":"WebSite","@id":"https:\/\/ruuby.ee\/#website","url":"https:\/\/ruuby.ee\/","name":"RUUBY","description":"Ruubys on \u00fchendatud elustiil ja disain","publisher":{"@id":"https:\/\/ruuby.ee\/#organization"},"alternateName":"Ruuby Disain","potentialAction":[{"@type":"SearchAction","target":{"@type":"EntryPoint","urlTemplate":"https:\/\/ruuby.ee\/?s={search_term_string}"},"query-input":{"@type":"PropertyValueSpecification","valueRequired":true,"valueName":"search_term_string"}}],"inLanguage":"en-GB"},{"@type":"Organization","@id":"https:\/\/ruuby.ee\/#organization","name":"Ruuby Disain O\u00dc","alternateName":"Ruuby","url":"https:\/\/ruuby.ee\/","logo":{"@type":"ImageObject","inLanguage":"en-GB","@id":"https:\/\/ruuby.ee\/#\/schema\/logo\/image\/","url":"https:\/\/ruuby.ee\/wp-content\/uploads\/2023\/06\/cropped-Black-White-Elegant-Circle-Signature-Fashion-Logo-12_large.png","contentUrl":"https:\/\/ruuby.ee\/wp-content\/uploads\/2023\/06\/cropped-Black-White-Elegant-Circle-Signature-Fashion-Logo-12_large.png","width":1280,"height":747,"caption":"Ruuby Disain O\u00dc"},"image":{"@id":"https:\/\/ruuby.ee\/#\/schema\/logo\/image\/"},"sameAs":["https:\/\/www.facebook.com\/ruubyconcept","https:\/\/www.instagram.com\/ruuby_concept\/"]}]}},"jetpack_sharing_enabled":true,"_links":{"self":[{"href":"https:\/\/ruuby.ee\/en\/wp-json\/wp\/v2\/product\/1859434","targetHints":{"allow":["GET"]}}],"collection":[{"href":"https:\/\/ruuby.ee\/en\/wp-json\/wp\/v2\/product"}],"about":[{"href":"https:\/\/ruuby.ee\/en\/wp-json\/wp\/v2\/types\/product"}],"replies":[{"embeddable":true,"href":"https:\/\/ruuby.ee\/en\/wp-json\/wp\/v2\/comments?post=1859434"}],"wp:featuredmedia":[{"embeddable":true,"href":"https:\/\/ruuby.ee\/en\/wp-json\/wp\/v2\/media\/1859438"}],"wp:attachment":[{"href":"https:\/\/ruuby.ee\/en\/wp-json\/wp\/v2\/media?parent=1859434"}],"wp:term":[{"taxonomy":"product_brand","embeddable":true,"href":"https:\/\/ruuby.ee\/en\/wp-json\/wp\/v2\/product_brand?post=1859434"},{"taxonomy":"product_cat","embeddable":true,"href":"https:\/\/ruuby.ee\/en\/wp-json\/wp\/v2\/product_cat?post=1859434"},{"taxonomy":"product_tag","embeddable":true,"href":"https:\/\/ruuby.ee\/en\/wp-json\/wp\/v2\/product_tag?post=1859434"}],"curies":[{"name":"wp","href":"https:\/\/api.w.org\/{rel}","templated":true}]}}