{"id":1858251,"date":"2025-12-01T14:22:08","date_gmt":"2025-12-01T12:22:08","guid":{"rendered":"https:\/\/ruuby.ee\/pood\/maaratlemata\/bellody-sametine-pruun-scrunchie-1tk\/"},"modified":"2026-04-06T01:26:16","modified_gmt":"2026-04-05T22:26:16","slug":"bellody-sametine-pruun-scrunchie-1tk","status":"publish","type":"product","link":"https:\/\/ruuby.ee\/en\/pood\/aksessuaarid\/bellody-sametine-pruun-scrunchie-1tk\/","title":{"rendered":"Bellody sametine pruun Scrunchie, 1tk"},"content":{"rendered":"<p>Bellody\u00ae juuksekummid \u00fchendavad tugeva hoidvuse maksimaalse juuksekaitsega.<\/p>\n<p>Integreeritud juuksen\u00f5elad kohanduvad iga soenguga \u2013 ilma kisu- v\u00f5i survej\u00e4lgi j\u00e4tmata. Kvaliteetsed kangad ja hoolikas t\u00f6\u00f6tlus muudavad juuksekummi vastupidavaks aksessuaariks, mis kaitseb teie juukseid ja n\u00e4eb samal ajal stiilne v\u00e4lja \u2013 igaks s\u00fcndmuseks ja ka trendika k\u00e4ev\u00f5runa.<\/p>","protected":false},"excerpt":{"rendered":"<p>\u2714 Tugev hoidvus terveks p\u00e4evaks \u2013 isegi paksudele v\u00f5i peenikestele juustele<\/p>\n<p>\u2714 \u00d5rn juustele \u2013 ei sisalda metalldetaile, ei kisu ega murdu<\/p>\n<p>\u2714 Suur elastsus \u2013 kohandub \u00f5rnalt ja paindlikult igale juukset\u00fc\u00fcbile<\/p>\n<p>\u2714 Stiilne ja mitmek\u00fclgne \u2013 ideaalne juukseaksessuaariks v\u00f5i k\u00e4ev\u00f5ruks teie individuaalse v\u00e4limuse saavutamiseks<\/p>\n<p>\u2714 J\u00e4tkusuutlik pakend \u2013 tarnitakse taaskasutatud papist<\/p>","protected":false},"featured_media":1858252,"comment_status":"open","ping_status":"closed","template":"","meta":[],"product_brand":[],"product_cat":[43,624],"product_tag":[633],"class_list":{"0":"post-1858251","1":"product","2":"type-product","3":"status-publish","4":"has-post-thumbnail","6":"product_cat-aksessuaarid","7":"product_cat-patsikummid","8":"product_tag-bellody","10":"first","11":"instock","12":"taxable","13":"shipping-taxable","14":"purchasable","15":"product-type-simple"},"yoast_head":"<!-- This site is optimized with the Yoast SEO plugin v27.2 - https:\/\/yoast.com\/product\/yoast-seo-wordpress\/ -->\n<title>Bellody sametine pruun Scrunchie, 1tk - RUUBY<\/title>\n<meta name=\"robots\" content=\"index, follow, max-snippet:-1, max-image-preview:large, max-video-preview:-1\" \/>\n<link rel=\"canonical\" href=\"http:\/\/ruuby.ee\/en\/pood\/aksessuaarid\/bellody-sametine-pruun-scrunchie-1tk\/\" \/>\n<meta property=\"og:locale\" content=\"en_GB\" \/>\n<meta property=\"og:type\" content=\"article\" \/>\n<meta property=\"og:title\" content=\"Bellody sametine pruun Scrunchie, 1tk - RUUBY\" \/>\n<meta property=\"og:description\" content=\"\u2714 Tugev hoidvus terveks p\u00e4evaks \u2013 isegi paksudele v\u00f5i peenikestele juustele  \u2714 \u00d5rn juustele \u2013 ei sisalda metalldetaile, ei kisu ega murdu  \u2714 Suur elastsus \u2013 kohandub \u00f5rnalt ja paindlikult igale juukset\u00fc\u00fcbile  \u2714 Stiilne ja mitmek\u00fclgne \u2013 ideaalne juukseaksessuaariks v\u00f5i k\u00e4ev\u00f5ruks teie individuaalse v\u00e4limuse saavutamiseks  \u2714 J\u00e4tkusuutlik pakend \u2013 tarnitakse taaskasutatud papist\" \/>\n<meta property=\"og:url\" content=\"http:\/\/ruuby.ee\/en\/pood\/aksessuaarid\/bellody-sametine-pruun-scrunchie-1tk\/\" \/>\n<meta property=\"og:site_name\" content=\"RUUBY\" \/>\n<meta property=\"article:publisher\" content=\"https:\/\/www.facebook.com\/ruubyconcept\" \/>\n<meta property=\"article:modified_time\" content=\"2026-04-05T22:26:16+00:00\" \/>\n<meta property=\"og:image\" content=\"http:\/\/ruuby.ee\/wp-content\/uploads\/2025\/12\/Screenshot-2025-12-01-at-14.22.42.png\" \/>\n\t<meta property=\"og:image:width\" content=\"1412\" \/>\n\t<meta property=\"og:image:height\" content=\"1136\" \/>\n\t<meta property=\"og:image:type\" content=\"image\/png\" \/>\n<meta name=\"twitter:card\" content=\"summary_large_image\" \/>\n<meta name=\"twitter:label1\" content=\"Estimated reading time\" \/>\n\t<meta name=\"twitter:data1\" content=\"1 minute\" \/>\n<script type=\"application\/ld+json\" class=\"yoast-schema-graph\">{\"@context\":\"https:\/\/schema.org\",\"@graph\":[{\"@type\":[\"WebPage\",\"ItemPage\"],\"@id\":\"http:\/\/ruuby.ee\/pood\/aksessuaarid\/bellody-sametine-pruun-scrunchie-1tk\/\",\"url\":\"http:\/\/ruuby.ee\/pood\/aksessuaarid\/bellody-sametine-pruun-scrunchie-1tk\/\",\"name\":\"Bellody sametine pruun Scrunchie, 1tk - RUUBY\",\"isPartOf\":{\"@id\":\"http:\/\/ruuby.ee\/#website\"},\"primaryImageOfPage\":{\"@id\":\"http:\/\/ruuby.ee\/pood\/aksessuaarid\/bellody-sametine-pruun-scrunchie-1tk\/#primaryimage\"},\"image\":{\"@id\":\"http:\/\/ruuby.ee\/pood\/aksessuaarid\/bellody-sametine-pruun-scrunchie-1tk\/#primaryimage\"},\"thumbnailUrl\":\"https:\/\/ruuby.ee\/wp-content\/uploads\/2025\/12\/Screenshot-2025-12-01-at-14.22.42.png\",\"datePublished\":\"2025-12-01T12:22:08+00:00\",\"dateModified\":\"2026-04-05T22:26:16+00:00\",\"breadcrumb\":{\"@id\":\"http:\/\/ruuby.ee\/pood\/aksessuaarid\/bellody-sametine-pruun-scrunchie-1tk\/#breadcrumb\"},\"inLanguage\":\"en-GB\",\"potentialAction\":[{\"@type\":\"ReadAction\",\"target\":[\"http:\/\/ruuby.ee\/pood\/aksessuaarid\/bellody-sametine-pruun-scrunchie-1tk\/\"]}]},{\"@type\":\"ImageObject\",\"inLanguage\":\"en-GB\",\"@id\":\"http:\/\/ruuby.ee\/pood\/aksessuaarid\/bellody-sametine-pruun-scrunchie-1tk\/#primaryimage\",\"url\":\"https:\/\/ruuby.ee\/wp-content\/uploads\/2025\/12\/Screenshot-2025-12-01-at-14.22.42.png\",\"contentUrl\":\"https:\/\/ruuby.ee\/wp-content\/uploads\/2025\/12\/Screenshot-2025-12-01-at-14.22.42.png\",\"width\":1412,\"height\":1136},{\"@type\":\"BreadcrumbList\",\"@id\":\"http:\/\/ruuby.ee\/pood\/aksessuaarid\/bellody-sametine-pruun-scrunchie-1tk\/#breadcrumb\",\"itemListElement\":[{\"@type\":\"ListItem\",\"position\":1,\"name\":\"Kdu\",\"item\":\"http:\/\/ruuby.ee\/\"},{\"@type\":\"ListItem\",\"position\":2,\"name\":\"Pood\",\"item\":\"https:\/\/ruuby.ee\/en\/pood\/\"},{\"@type\":\"ListItem\",\"position\":3,\"name\":\"Bellody sametine pruun Scrunchie, 1tk\"}]},{\"@type\":\"WebSite\",\"@id\":\"http:\/\/ruuby.ee\/#website\",\"url\":\"http:\/\/ruuby.ee\/\",\"name\":\"RUUBY\",\"description\":\"Ruubys on \u00fchendatud elustiil ja disain\",\"publisher\":{\"@id\":\"http:\/\/ruuby.ee\/#organization\"},\"alternateName\":\"Ruuby Disain\",\"potentialAction\":[{\"@type\":\"SearchAction\",\"target\":{\"@type\":\"EntryPoint\",\"urlTemplate\":\"http:\/\/ruuby.ee\/?s={search_term_string}\"},\"query-input\":{\"@type\":\"PropertyValueSpecification\",\"valueRequired\":true,\"valueName\":\"search_term_string\"}}],\"inLanguage\":\"en-GB\"},{\"@type\":\"Organization\",\"@id\":\"http:\/\/ruuby.ee\/#organization\",\"name\":\"Ruuby Disain O\u00dc\",\"alternateName\":\"Ruuby\",\"url\":\"http:\/\/ruuby.ee\/\",\"logo\":{\"@type\":\"ImageObject\",\"inLanguage\":\"en-GB\",\"@id\":\"http:\/\/ruuby.ee\/#\/schema\/logo\/image\/\",\"url\":\"https:\/\/ruuby.ee\/wp-content\/uploads\/2023\/06\/cropped-Black-White-Elegant-Circle-Signature-Fashion-Logo-12_large.png\",\"contentUrl\":\"https:\/\/ruuby.ee\/wp-content\/uploads\/2023\/06\/cropped-Black-White-Elegant-Circle-Signature-Fashion-Logo-12_large.png\",\"width\":1280,\"height\":747,\"caption\":\"Ruuby Disain O\u00dc\"},\"image\":{\"@id\":\"http:\/\/ruuby.ee\/#\/schema\/logo\/image\/\"},\"sameAs\":[\"https:\/\/www.facebook.com\/ruubyconcept\",\"https:\/\/www.instagram.com\/ruuby_concept\/\"]}]}<\/script>\n<!-- \/ Yoast SEO plugin. -->","yoast_head_json":{"title":"Bellody sametine pruun Scrunchie, 1tk - RUUBY","robots":{"index":"index","follow":"follow","max-snippet":"max-snippet:-1","max-image-preview":"max-image-preview:large","max-video-preview":"max-video-preview:-1"},"canonical":"http:\/\/ruuby.ee\/en\/pood\/aksessuaarid\/bellody-sametine-pruun-scrunchie-1tk\/","og_locale":"en_GB","og_type":"article","og_title":"Bellody sametine pruun Scrunchie, 1tk - RUUBY","og_description":"\u2714 Tugev hoidvus terveks p\u00e4evaks \u2013 isegi paksudele v\u00f5i peenikestele juustele  \u2714 \u00d5rn juustele \u2013 ei sisalda metalldetaile, ei kisu ega murdu  \u2714 Suur elastsus \u2013 kohandub \u00f5rnalt ja paindlikult igale juukset\u00fc\u00fcbile  \u2714 Stiilne ja mitmek\u00fclgne \u2013 ideaalne juukseaksessuaariks v\u00f5i k\u00e4ev\u00f5ruks teie individuaalse v\u00e4limuse saavutamiseks  \u2714 J\u00e4tkusuutlik pakend \u2013 tarnitakse taaskasutatud papist","og_url":"http:\/\/ruuby.ee\/en\/pood\/aksessuaarid\/bellody-sametine-pruun-scrunchie-1tk\/","og_site_name":"RUUBY","article_publisher":"https:\/\/www.facebook.com\/ruubyconcept","article_modified_time":"2026-04-05T22:26:16+00:00","og_image":[{"width":1412,"height":1136,"url":"http:\/\/ruuby.ee\/wp-content\/uploads\/2025\/12\/Screenshot-2025-12-01-at-14.22.42.png","type":"image\/png"}],"twitter_card":"summary_large_image","twitter_misc":{"Estimated reading time":"1 minute"},"schema":{"@context":"https:\/\/schema.org","@graph":[{"@type":["WebPage","ItemPage"],"@id":"http:\/\/ruuby.ee\/pood\/aksessuaarid\/bellody-sametine-pruun-scrunchie-1tk\/","url":"http:\/\/ruuby.ee\/pood\/aksessuaarid\/bellody-sametine-pruun-scrunchie-1tk\/","name":"Bellody sametine pruun Scrunchie, 1tk - RUUBY","isPartOf":{"@id":"http:\/\/ruuby.ee\/#website"},"primaryImageOfPage":{"@id":"http:\/\/ruuby.ee\/pood\/aksessuaarid\/bellody-sametine-pruun-scrunchie-1tk\/#primaryimage"},"image":{"@id":"http:\/\/ruuby.ee\/pood\/aksessuaarid\/bellody-sametine-pruun-scrunchie-1tk\/#primaryimage"},"thumbnailUrl":"https:\/\/ruuby.ee\/wp-content\/uploads\/2025\/12\/Screenshot-2025-12-01-at-14.22.42.png","datePublished":"2025-12-01T12:22:08+00:00","dateModified":"2026-04-05T22:26:16+00:00","breadcrumb":{"@id":"http:\/\/ruuby.ee\/pood\/aksessuaarid\/bellody-sametine-pruun-scrunchie-1tk\/#breadcrumb"},"inLanguage":"en-GB","potentialAction":[{"@type":"ReadAction","target":["http:\/\/ruuby.ee\/pood\/aksessuaarid\/bellody-sametine-pruun-scrunchie-1tk\/"]}]},{"@type":"ImageObject","inLanguage":"en-GB","@id":"http:\/\/ruuby.ee\/pood\/aksessuaarid\/bellody-sametine-pruun-scrunchie-1tk\/#primaryimage","url":"https:\/\/ruuby.ee\/wp-content\/uploads\/2025\/12\/Screenshot-2025-12-01-at-14.22.42.png","contentUrl":"https:\/\/ruuby.ee\/wp-content\/uploads\/2025\/12\/Screenshot-2025-12-01-at-14.22.42.png","width":1412,"height":1136},{"@type":"BreadcrumbList","@id":"http:\/\/ruuby.ee\/pood\/aksessuaarid\/bellody-sametine-pruun-scrunchie-1tk\/#breadcrumb","itemListElement":[{"@type":"ListItem","position":1,"name":"Kdu","item":"http:\/\/ruuby.ee\/"},{"@type":"ListItem","position":2,"name":"Pood","item":"https:\/\/ruuby.ee\/en\/pood\/"},{"@type":"ListItem","position":3,"name":"Bellody sametine pruun Scrunchie, 1tk"}]},{"@type":"WebSite","@id":"http:\/\/ruuby.ee\/#website","url":"http:\/\/ruuby.ee\/","name":"RUUBY","description":"Ruubys on \u00fchendatud elustiil ja disain","publisher":{"@id":"http:\/\/ruuby.ee\/#organization"},"alternateName":"Ruuby Disain","potentialAction":[{"@type":"SearchAction","target":{"@type":"EntryPoint","urlTemplate":"http:\/\/ruuby.ee\/?s={search_term_string}"},"query-input":{"@type":"PropertyValueSpecification","valueRequired":true,"valueName":"search_term_string"}}],"inLanguage":"en-GB"},{"@type":"Organization","@id":"http:\/\/ruuby.ee\/#organization","name":"Ruuby Disain O\u00dc","alternateName":"Ruuby","url":"http:\/\/ruuby.ee\/","logo":{"@type":"ImageObject","inLanguage":"en-GB","@id":"http:\/\/ruuby.ee\/#\/schema\/logo\/image\/","url":"https:\/\/ruuby.ee\/wp-content\/uploads\/2023\/06\/cropped-Black-White-Elegant-Circle-Signature-Fashion-Logo-12_large.png","contentUrl":"https:\/\/ruuby.ee\/wp-content\/uploads\/2023\/06\/cropped-Black-White-Elegant-Circle-Signature-Fashion-Logo-12_large.png","width":1280,"height":747,"caption":"Ruuby Disain O\u00dc"},"image":{"@id":"http:\/\/ruuby.ee\/#\/schema\/logo\/image\/"},"sameAs":["https:\/\/www.facebook.com\/ruubyconcept","https:\/\/www.instagram.com\/ruuby_concept\/"]}]}},"jetpack_sharing_enabled":true,"_links":{"self":[{"href":"https:\/\/ruuby.ee\/en\/wp-json\/wp\/v2\/product\/1858251","targetHints":{"allow":["GET"]}}],"collection":[{"href":"https:\/\/ruuby.ee\/en\/wp-json\/wp\/v2\/product"}],"about":[{"href":"https:\/\/ruuby.ee\/en\/wp-json\/wp\/v2\/types\/product"}],"replies":[{"embeddable":true,"href":"https:\/\/ruuby.ee\/en\/wp-json\/wp\/v2\/comments?post=1858251"}],"wp:featuredmedia":[{"embeddable":true,"href":"https:\/\/ruuby.ee\/en\/wp-json\/wp\/v2\/media\/1858252"}],"wp:attachment":[{"href":"https:\/\/ruuby.ee\/en\/wp-json\/wp\/v2\/media?parent=1858251"}],"wp:term":[{"taxonomy":"product_brand","embeddable":true,"href":"https:\/\/ruuby.ee\/en\/wp-json\/wp\/v2\/product_brand?post=1858251"},{"taxonomy":"product_cat","embeddable":true,"href":"https:\/\/ruuby.ee\/en\/wp-json\/wp\/v2\/product_cat?post=1858251"},{"taxonomy":"product_tag","embeddable":true,"href":"https:\/\/ruuby.ee\/en\/wp-json\/wp\/v2\/product_tag?post=1858251"}],"curies":[{"name":"wp","href":"https:\/\/api.w.org\/{rel}","templated":true}]}}