{"id":1857990,"date":"2025-11-23T20:15:12","date_gmt":"2025-11-23T18:15:12","guid":{"rendered":"https:\/\/ruuby.ee\/pood\/maaratlemata\/miss-nella-kinkekomplekt-rosy-glossy\/"},"modified":"2026-04-12T21:07:37","modified_gmt":"2026-04-12T18:07:37","slug":"miss-nella-kinkekomplekt-rosy-glossy","status":"publish","type":"product","link":"https:\/\/ruuby.ee\/en\/pood\/joulueri\/joulumeisterdused-lastele\/miss-nella-kinkekomplekt-rosy-glossy\/","title":{"rendered":"Miss Nella kinkekomplekt Rosy Glossy"},"content":{"rendered":"<p>L\u00f5bus ja s\u00e4rav roosa v\u00f5rkkott tugeva lukuga, mis on t\u00e4is m\u00e4ngulisi ilutoite, mis lastele meeldivad. Seest leiate v\u00e4rvilisi kosmeetikatooteid ja aksessuaare, mis on loodud ohutuks, lihtsaks ja loominguliseks eneseteostuseks. See komplekt sobib ideaalselt kingituseks v\u00f5i m\u00e4nguajale glamuuri lisamiseks ning on valmis r\u00f5\u00f5mustama, k\u00f5ik korralikult pakitud korduvkasutatavasse kotti, mis on sama armas kui praktiline.<\/p>\n<p>Meie lapses\u00f5bralik kott sisaldab:<\/p>\n<p>1 eemaldatav laste k\u00fc\u00fcnelakk teie valikul<br \/>\n1 lauv\u00e4rv<br \/>\n1 huulepalsam<br \/>\n1 kehas\u00e4delus<br \/>\n1 k\u00fc\u00fcnekleebised<br \/>\n1 roosa v\u00f5rkkott<\/p>\n<p><strong>Kuidas kasutada:<\/strong><\/p>\n<ul>\n<li>Eemaldatav k\u00fc\u00fcnelakk<\/li>\n<\/ul>\n<p>Kandke k\u00fc\u00fcnelakk k\u00fc\u00fcntele ja laske sellel kuivada. Kui teie laps on muutusteks valmis, koorige see lihtsalt maha \u2013 k\u00fc\u00fcnelakieemaldajat pole vaja!<\/p>\n<ul>\n<li>P\u00f5sepuna ja lauv\u00e4rvid<\/li>\n<\/ul>\n<p>Kasutage kaasasolevat pintslikomplekti, et kanda p\u00f5sepuna p\u00f5skedele ja lauv\u00e4rvi silmalaugudele l\u00f5busa ja lapses\u00f5braliku meigi loomiseks.<\/p>\n<ul>\n<li>K\u00fc\u00fcnte ja aksessuaaride komplekt<\/li>\n<\/ul>\n<p>Kasutage k\u00fc\u00fcnte ettevalmistamiseks varvaste eraldajaid ja k\u00fc\u00fcneviili ning kaunistage seej\u00e4rel kleebiste v\u00f5i ajutiste t\u00e4toveeringutega, et lisada l\u00f5busust!<\/p>","protected":false},"excerpt":{"rendered":"<div class=\"woocommerce-product-details__short-description\">\n<p>See armas roosa v\u00f5rkkott on t\u00e4is r\u00f5\u00f5mu, s\u00e4ra ja v\u00f5lu, muutes selle ideaalseks v\u00e4ikeseks aardeks lastele, kes armastavad m\u00e4ngida ja teeselda. Oma r\u00f5\u00f5msate v\u00e4rvide ja meeldivate \u00fcllatustega, mis on peidetud sisse, muudab see iga hetke maagiliseks. Armas, l\u00f5bus ja s\u00e4rav \u2013 see on kingitus, mida hinnatakse ja armastatakse.<\/p>\n<\/div>","protected":false},"featured_media":1858000,"comment_status":"open","ping_status":"closed","template":"","meta":[],"product_brand":[],"product_cat":[654,954,491,953,657,656,655,22,344,667],"product_tag":[492,279,70],"class_list":{"0":"post-1857990","1":"product","2":"type-product","3":"status-publish","4":"has-post-thumbnail","6":"product_cat-huulelaige","7":"product_cat-joulu-kinkekomplektid","8":"product_cat-joulueri","9":"product_cat-joulumeisterdused-lastele","10":"product_cat-kinkekomplektid","11":"product_cat-kuunekleepsud","12":"product_cat-kuunelakk","13":"product_cat-lapsed","14":"product_cat-laste-kosmeetika","15":"product_cat-nagu","16":"product_tag-joulud","17":"product_tag-kinkekomplekt","18":"product_tag-lapsed","20":"first","21":"instock","22":"taxable","23":"shipping-taxable","24":"purchasable","25":"product-type-simple"},"yoast_head":"<!-- This site is optimized with the Yoast SEO plugin v27.3 - https:\/\/yoast.com\/product\/yoast-seo-wordpress\/ -->\n<title>Miss Nella kinkekomplekt Rosy Glossy - RUUBY<\/title>\n<meta name=\"robots\" content=\"index, follow, max-snippet:-1, max-image-preview:large, max-video-preview:-1\" \/>\n<link rel=\"canonical\" href=\"https:\/\/ruuby.ee\/en\/pood\/joulueri\/joulumeisterdused-lastele\/miss-nella-kinkekomplekt-rosy-glossy\/\" \/>\n<meta property=\"og:locale\" content=\"en_GB\" \/>\n<meta property=\"og:type\" content=\"article\" \/>\n<meta property=\"og:title\" content=\"Miss Nella kinkekomplekt Rosy Glossy - RUUBY\" \/>\n<meta property=\"og:description\" content=\"See armas roosa v\u00f5rkkott on t\u00e4is r\u00f5\u00f5mu, s\u00e4ra ja v\u00f5lu, muutes selle ideaalseks v\u00e4ikeseks aardeks lastele, kes armastavad m\u00e4ngida ja teeselda. Oma r\u00f5\u00f5msate v\u00e4rvide ja meeldivate \u00fcllatustega, mis on peidetud sisse, muudab see iga hetke maagiliseks. Armas, l\u00f5bus ja s\u00e4rav \u2013 see on kingitus, mida hinnatakse ja armastatakse.\" \/>\n<meta property=\"og:url\" content=\"https:\/\/ruuby.ee\/en\/pood\/joulueri\/joulumeisterdused-lastele\/miss-nella-kinkekomplekt-rosy-glossy\/\" \/>\n<meta property=\"og:site_name\" content=\"RUUBY\" \/>\n<meta property=\"article:publisher\" content=\"https:\/\/www.facebook.com\/ruubyconcept\" \/>\n<meta property=\"article:modified_time\" content=\"2026-04-12T18:07:37+00:00\" \/>\n<meta property=\"og:image\" content=\"https:\/\/ruuby.ee\/wp-content\/uploads\/2025\/11\/Screenshot-2025-11-23-at-20.22.56.png\" \/>\n\t<meta property=\"og:image:width\" content=\"1344\" \/>\n\t<meta property=\"og:image:height\" content=\"1174\" \/>\n\t<meta property=\"og:image:type\" content=\"image\/png\" \/>\n<meta name=\"twitter:card\" content=\"summary_large_image\" \/>\n<meta name=\"twitter:label1\" content=\"Estimated reading time\" \/>\n\t<meta name=\"twitter:data1\" content=\"1 minute\" \/>\n<script type=\"application\/ld+json\" class=\"yoast-schema-graph\">{\"@context\":\"https:\\\/\\\/schema.org\",\"@graph\":[{\"@type\":[\"WebPage\",\"ItemPage\"],\"@id\":\"https:\\\/\\\/ruuby.ee\\\/en\\\/pood\\\/joulueri\\\/joulumeisterdused-lastele\\\/miss-nella-kinkekomplekt-rosy-glossy\\\/\",\"url\":\"https:\\\/\\\/ruuby.ee\\\/en\\\/pood\\\/joulueri\\\/joulumeisterdused-lastele\\\/miss-nella-kinkekomplekt-rosy-glossy\\\/\",\"name\":\"Miss Nella kinkekomplekt Rosy Glossy - RUUBY\",\"isPartOf\":{\"@id\":\"http:\\\/\\\/ruuby.ee\\\/en\\\/#website\"},\"primaryImageOfPage\":{\"@id\":\"https:\\\/\\\/ruuby.ee\\\/en\\\/pood\\\/joulueri\\\/joulumeisterdused-lastele\\\/miss-nella-kinkekomplekt-rosy-glossy\\\/#primaryimage\"},\"image\":{\"@id\":\"https:\\\/\\\/ruuby.ee\\\/en\\\/pood\\\/joulueri\\\/joulumeisterdused-lastele\\\/miss-nella-kinkekomplekt-rosy-glossy\\\/#primaryimage\"},\"thumbnailUrl\":\"https:\\\/\\\/ruuby.ee\\\/wp-content\\\/uploads\\\/2025\\\/11\\\/Screenshot-2025-11-23-at-20.22.56.png\",\"datePublished\":\"2025-11-23T18:15:12+00:00\",\"dateModified\":\"2026-04-12T18:07:37+00:00\",\"breadcrumb\":{\"@id\":\"https:\\\/\\\/ruuby.ee\\\/en\\\/pood\\\/joulueri\\\/joulumeisterdused-lastele\\\/miss-nella-kinkekomplekt-rosy-glossy\\\/#breadcrumb\"},\"inLanguage\":\"en-GB\",\"potentialAction\":[{\"@type\":\"ReadAction\",\"target\":[\"https:\\\/\\\/ruuby.ee\\\/en\\\/pood\\\/joulueri\\\/joulumeisterdused-lastele\\\/miss-nella-kinkekomplekt-rosy-glossy\\\/\"]}]},{\"@type\":\"ImageObject\",\"inLanguage\":\"en-GB\",\"@id\":\"https:\\\/\\\/ruuby.ee\\\/en\\\/pood\\\/joulueri\\\/joulumeisterdused-lastele\\\/miss-nella-kinkekomplekt-rosy-glossy\\\/#primaryimage\",\"url\":\"https:\\\/\\\/ruuby.ee\\\/wp-content\\\/uploads\\\/2025\\\/11\\\/Screenshot-2025-11-23-at-20.22.56.png\",\"contentUrl\":\"https:\\\/\\\/ruuby.ee\\\/wp-content\\\/uploads\\\/2025\\\/11\\\/Screenshot-2025-11-23-at-20.22.56.png\",\"width\":1344,\"height\":1174},{\"@type\":\"BreadcrumbList\",\"@id\":\"https:\\\/\\\/ruuby.ee\\\/en\\\/pood\\\/joulueri\\\/joulumeisterdused-lastele\\\/miss-nella-kinkekomplekt-rosy-glossy\\\/#breadcrumb\",\"itemListElement\":[{\"@type\":\"ListItem\",\"position\":1,\"name\":\"Kdu\",\"item\":\"http:\\\/\\\/ruuby.ee\\\/en\\\/\"},{\"@type\":\"ListItem\",\"position\":2,\"name\":\"Pood\",\"item\":\"http:\\\/\\\/ruuby.ee\\\/en\\\/pood\\\/\"},{\"@type\":\"ListItem\",\"position\":3,\"name\":\"Miss Nella kinkekomplekt Rosy Glossy\"}]},{\"@type\":\"WebSite\",\"@id\":\"http:\\\/\\\/ruuby.ee\\\/en\\\/#website\",\"url\":\"http:\\\/\\\/ruuby.ee\\\/en\\\/\",\"name\":\"RUUBY\",\"description\":\"Ruubys on \u00fchendatud elustiil ja disain\",\"publisher\":{\"@id\":\"http:\\\/\\\/ruuby.ee\\\/en\\\/#organization\"},\"alternateName\":\"Ruuby Disain\",\"potentialAction\":[{\"@type\":\"SearchAction\",\"target\":{\"@type\":\"EntryPoint\",\"urlTemplate\":\"http:\\\/\\\/ruuby.ee\\\/en\\\/?s={search_term_string}\"},\"query-input\":{\"@type\":\"PropertyValueSpecification\",\"valueRequired\":true,\"valueName\":\"search_term_string\"}}],\"inLanguage\":\"en-GB\"},{\"@type\":\"Organization\",\"@id\":\"http:\\\/\\\/ruuby.ee\\\/en\\\/#organization\",\"name\":\"Ruuby Disain O\u00dc\",\"alternateName\":\"Ruuby\",\"url\":\"http:\\\/\\\/ruuby.ee\\\/en\\\/\",\"logo\":{\"@type\":\"ImageObject\",\"inLanguage\":\"en-GB\",\"@id\":\"http:\\\/\\\/ruuby.ee\\\/en\\\/#\\\/schema\\\/logo\\\/image\\\/\",\"url\":\"https:\\\/\\\/ruuby.ee\\\/wp-content\\\/uploads\\\/2023\\\/06\\\/cropped-Black-White-Elegant-Circle-Signature-Fashion-Logo-12_large.png\",\"contentUrl\":\"https:\\\/\\\/ruuby.ee\\\/wp-content\\\/uploads\\\/2023\\\/06\\\/cropped-Black-White-Elegant-Circle-Signature-Fashion-Logo-12_large.png\",\"width\":1280,\"height\":747,\"caption\":\"Ruuby Disain O\u00dc\"},\"image\":{\"@id\":\"http:\\\/\\\/ruuby.ee\\\/en\\\/#\\\/schema\\\/logo\\\/image\\\/\"},\"sameAs\":[\"https:\\\/\\\/www.facebook.com\\\/ruubyconcept\",\"https:\\\/\\\/www.instagram.com\\\/ruuby_concept\\\/\"]}]}<\/script>\n<!-- \/ Yoast SEO plugin. -->","yoast_head_json":{"title":"Miss Nella kinkekomplekt Rosy Glossy - RUUBY","robots":{"index":"index","follow":"follow","max-snippet":"max-snippet:-1","max-image-preview":"max-image-preview:large","max-video-preview":"max-video-preview:-1"},"canonical":"https:\/\/ruuby.ee\/en\/pood\/joulueri\/joulumeisterdused-lastele\/miss-nella-kinkekomplekt-rosy-glossy\/","og_locale":"en_GB","og_type":"article","og_title":"Miss Nella kinkekomplekt Rosy Glossy - RUUBY","og_description":"See armas roosa v\u00f5rkkott on t\u00e4is r\u00f5\u00f5mu, s\u00e4ra ja v\u00f5lu, muutes selle ideaalseks v\u00e4ikeseks aardeks lastele, kes armastavad m\u00e4ngida ja teeselda. Oma r\u00f5\u00f5msate v\u00e4rvide ja meeldivate \u00fcllatustega, mis on peidetud sisse, muudab see iga hetke maagiliseks. Armas, l\u00f5bus ja s\u00e4rav \u2013 see on kingitus, mida hinnatakse ja armastatakse.","og_url":"https:\/\/ruuby.ee\/en\/pood\/joulueri\/joulumeisterdused-lastele\/miss-nella-kinkekomplekt-rosy-glossy\/","og_site_name":"RUUBY","article_publisher":"https:\/\/www.facebook.com\/ruubyconcept","article_modified_time":"2026-04-12T18:07:37+00:00","og_image":[{"width":1344,"height":1174,"url":"https:\/\/ruuby.ee\/wp-content\/uploads\/2025\/11\/Screenshot-2025-11-23-at-20.22.56.png","type":"image\/png"}],"twitter_card":"summary_large_image","twitter_misc":{"Estimated reading time":"1 minute"},"schema":{"@context":"https:\/\/schema.org","@graph":[{"@type":["WebPage","ItemPage"],"@id":"https:\/\/ruuby.ee\/en\/pood\/joulueri\/joulumeisterdused-lastele\/miss-nella-kinkekomplekt-rosy-glossy\/","url":"https:\/\/ruuby.ee\/en\/pood\/joulueri\/joulumeisterdused-lastele\/miss-nella-kinkekomplekt-rosy-glossy\/","name":"Miss Nella kinkekomplekt Rosy Glossy - RUUBY","isPartOf":{"@id":"http:\/\/ruuby.ee\/en\/#website"},"primaryImageOfPage":{"@id":"https:\/\/ruuby.ee\/en\/pood\/joulueri\/joulumeisterdused-lastele\/miss-nella-kinkekomplekt-rosy-glossy\/#primaryimage"},"image":{"@id":"https:\/\/ruuby.ee\/en\/pood\/joulueri\/joulumeisterdused-lastele\/miss-nella-kinkekomplekt-rosy-glossy\/#primaryimage"},"thumbnailUrl":"https:\/\/ruuby.ee\/wp-content\/uploads\/2025\/11\/Screenshot-2025-11-23-at-20.22.56.png","datePublished":"2025-11-23T18:15:12+00:00","dateModified":"2026-04-12T18:07:37+00:00","breadcrumb":{"@id":"https:\/\/ruuby.ee\/en\/pood\/joulueri\/joulumeisterdused-lastele\/miss-nella-kinkekomplekt-rosy-glossy\/#breadcrumb"},"inLanguage":"en-GB","potentialAction":[{"@type":"ReadAction","target":["https:\/\/ruuby.ee\/en\/pood\/joulueri\/joulumeisterdused-lastele\/miss-nella-kinkekomplekt-rosy-glossy\/"]}]},{"@type":"ImageObject","inLanguage":"en-GB","@id":"https:\/\/ruuby.ee\/en\/pood\/joulueri\/joulumeisterdused-lastele\/miss-nella-kinkekomplekt-rosy-glossy\/#primaryimage","url":"https:\/\/ruuby.ee\/wp-content\/uploads\/2025\/11\/Screenshot-2025-11-23-at-20.22.56.png","contentUrl":"https:\/\/ruuby.ee\/wp-content\/uploads\/2025\/11\/Screenshot-2025-11-23-at-20.22.56.png","width":1344,"height":1174},{"@type":"BreadcrumbList","@id":"https:\/\/ruuby.ee\/en\/pood\/joulueri\/joulumeisterdused-lastele\/miss-nella-kinkekomplekt-rosy-glossy\/#breadcrumb","itemListElement":[{"@type":"ListItem","position":1,"name":"Kdu","item":"http:\/\/ruuby.ee\/en\/"},{"@type":"ListItem","position":2,"name":"Pood","item":"http:\/\/ruuby.ee\/en\/pood\/"},{"@type":"ListItem","position":3,"name":"Miss Nella kinkekomplekt Rosy Glossy"}]},{"@type":"WebSite","@id":"http:\/\/ruuby.ee\/en\/#website","url":"http:\/\/ruuby.ee\/en\/","name":"RUUBY","description":"Ruubys on \u00fchendatud elustiil ja disain","publisher":{"@id":"http:\/\/ruuby.ee\/en\/#organization"},"alternateName":"Ruuby Disain","potentialAction":[{"@type":"SearchAction","target":{"@type":"EntryPoint","urlTemplate":"http:\/\/ruuby.ee\/en\/?s={search_term_string}"},"query-input":{"@type":"PropertyValueSpecification","valueRequired":true,"valueName":"search_term_string"}}],"inLanguage":"en-GB"},{"@type":"Organization","@id":"http:\/\/ruuby.ee\/en\/#organization","name":"Ruuby Disain O\u00dc","alternateName":"Ruuby","url":"http:\/\/ruuby.ee\/en\/","logo":{"@type":"ImageObject","inLanguage":"en-GB","@id":"http:\/\/ruuby.ee\/en\/#\/schema\/logo\/image\/","url":"https:\/\/ruuby.ee\/wp-content\/uploads\/2023\/06\/cropped-Black-White-Elegant-Circle-Signature-Fashion-Logo-12_large.png","contentUrl":"https:\/\/ruuby.ee\/wp-content\/uploads\/2023\/06\/cropped-Black-White-Elegant-Circle-Signature-Fashion-Logo-12_large.png","width":1280,"height":747,"caption":"Ruuby Disain O\u00dc"},"image":{"@id":"http:\/\/ruuby.ee\/en\/#\/schema\/logo\/image\/"},"sameAs":["https:\/\/www.facebook.com\/ruubyconcept","https:\/\/www.instagram.com\/ruuby_concept\/"]}]}},"jetpack_sharing_enabled":true,"_links":{"self":[{"href":"https:\/\/ruuby.ee\/en\/wp-json\/wp\/v2\/product\/1857990","targetHints":{"allow":["GET"]}}],"collection":[{"href":"https:\/\/ruuby.ee\/en\/wp-json\/wp\/v2\/product"}],"about":[{"href":"https:\/\/ruuby.ee\/en\/wp-json\/wp\/v2\/types\/product"}],"replies":[{"embeddable":true,"href":"https:\/\/ruuby.ee\/en\/wp-json\/wp\/v2\/comments?post=1857990"}],"wp:featuredmedia":[{"embeddable":true,"href":"https:\/\/ruuby.ee\/en\/wp-json\/wp\/v2\/media\/1858000"}],"wp:attachment":[{"href":"https:\/\/ruuby.ee\/en\/wp-json\/wp\/v2\/media?parent=1857990"}],"wp:term":[{"taxonomy":"product_brand","embeddable":true,"href":"https:\/\/ruuby.ee\/en\/wp-json\/wp\/v2\/product_brand?post=1857990"},{"taxonomy":"product_cat","embeddable":true,"href":"https:\/\/ruuby.ee\/en\/wp-json\/wp\/v2\/product_cat?post=1857990"},{"taxonomy":"product_tag","embeddable":true,"href":"https:\/\/ruuby.ee\/en\/wp-json\/wp\/v2\/product_tag?post=1857990"}],"curies":[{"name":"wp","href":"https:\/\/api.w.org\/{rel}","templated":true}]}}