{"id":1857961,"date":"2025-11-23T15:32:14","date_gmt":"2025-11-23T13:32:14","guid":{"rendered":"https:\/\/ruuby.ee\/pood\/maaratlemata\/rivsalt-raw-liquorice-lagrits-klaaspudelis\/"},"modified":"2026-04-08T01:28:19","modified_gmt":"2026-04-07T22:28:19","slug":"rivsalt-raw-liquorice-lagrits-klaaspudelis","status":"publish","type":"product","link":"https:\/\/ruuby.ee\/en\/pood\/joulueri\/joulugurmee\/rivsalt-raw-liquorice-lagrits-klaaspudelis\/","title":{"rendered":"RIVSALT RAW LIQUORICE lagrits, klaaspudelis"},"content":{"rendered":"<p>Kogege Itaaliast p\u00e4rit esmaklassilise toorlagritsa ainulaadset maitset! V\u00f5tke lihtsalt t\u00fckk lagritsat ja riivige \u00f5rnalt oma magustoidule, k\u00fcpsetistele ja isegi jookidele.<br \/>\nRivsalt\u2019i lagrits on t\u00e4iesti lisanditevaba, gluteenivaba ja vegan.<br \/>\nLagritsat\u00fckid on stiilses korkkaanega klaaspurgis. Purk on kaitstud s\u00e4\u00e4stlikus papist kinkekarbis, mis on disainitud ja toodetud Rootsis.<\/p>\n<p>TOORLAGRITSA PROTSESS<br \/>\nLagritsajuured puhastatakse, seej\u00e4rel l\u00f5igatakse v\u00e4ikesteks t\u00fckkideks ja l\u00f5puks keedetakse musta ekstrakti saamiseks.<br \/>\nJuuret\u00fckid filtreeritakse v\u00e4lja ja ekstrakt aurustatakse vee eemaldamiseks.<br \/>\nJ\u00e4rele j\u00e4\u00e4b k\u00f5va 5 kg toorlagritsa t\u00fckk, mis jagatakse v\u00e4iksemateks t\u00fckkideks ja pakendatakse.<\/p>","protected":false},"excerpt":{"rendered":"<p>Kogege Itaaliast p\u00e4rit esmaklassilise toorlagritsa ainulaadset maitset! V\u00f5tke lihtsalt t\u00fckk lagritsat ja riivige \u00f5rnalt oma magustoidule, k\u00fcpsetistele ja isegi jookidele.<\/p>","protected":false},"featured_media":1857985,"comment_status":"open","ping_status":"closed","template":"","meta":[],"product_brand":[],"product_cat":[26,491,952,646],"product_tag":[112,492],"class_list":{"0":"post-1857961","1":"product","2":"type-product","3":"status-publish","4":"has-post-thumbnail","6":"product_cat-gurmee","7":"product_cat-joulueri","8":"product_cat-joulugurmee","9":"product_cat-maitseained","10":"product_tag-gurmee","11":"product_tag-joulud","13":"first","14":"instock","15":"taxable","16":"shipping-taxable","17":"purchasable","18":"product-type-simple"},"yoast_head":"<!-- This site is optimized with the Yoast SEO plugin v27.3 - https:\/\/yoast.com\/product\/yoast-seo-wordpress\/ -->\n<title>RIVSALT RAW LIQUORICE lagrits, klaaspudelis - RUUBY<\/title>\n<meta name=\"robots\" content=\"index, follow, max-snippet:-1, max-image-preview:large, max-video-preview:-1\" \/>\n<link rel=\"canonical\" href=\"https:\/\/ruuby.ee\/en\/pood\/joulueri\/joulugurmee\/rivsalt-raw-liquorice-lagrits-klaaspudelis\/\" \/>\n<meta property=\"og:locale\" content=\"en_GB\" \/>\n<meta property=\"og:type\" content=\"article\" \/>\n<meta property=\"og:title\" content=\"RIVSALT RAW LIQUORICE lagrits, klaaspudelis - RUUBY\" \/>\n<meta property=\"og:description\" content=\"Kogege Itaaliast p\u00e4rit esmaklassilise toorlagritsa ainulaadset maitset! V\u00f5tke lihtsalt t\u00fckk lagritsat ja riivige \u00f5rnalt oma magustoidule, k\u00fcpsetistele ja isegi jookidele.\" \/>\n<meta property=\"og:url\" content=\"https:\/\/ruuby.ee\/en\/pood\/joulueri\/joulugurmee\/rivsalt-raw-liquorice-lagrits-klaaspudelis\/\" \/>\n<meta property=\"og:site_name\" content=\"RUUBY\" \/>\n<meta property=\"article:publisher\" content=\"https:\/\/www.facebook.com\/ruubyconcept\" \/>\n<meta property=\"article:modified_time\" content=\"2026-04-07T22:28:19+00:00\" \/>\n<meta property=\"og:image\" content=\"https:\/\/ruuby.ee\/wp-content\/uploads\/2025\/11\/Screenshot-2025-11-23-at-15.59.48.png\" \/>\n\t<meta property=\"og:image:width\" content=\"664\" \/>\n\t<meta property=\"og:image:height\" content=\"678\" \/>\n\t<meta property=\"og:image:type\" content=\"image\/png\" \/>\n<meta name=\"twitter:card\" content=\"summary_large_image\" \/>\n<meta name=\"twitter:label1\" content=\"Estimated reading time\" \/>\n\t<meta name=\"twitter:data1\" content=\"1 minute\" \/>\n<script type=\"application\/ld+json\" class=\"yoast-schema-graph\">{\"@context\":\"https:\\\/\\\/schema.org\",\"@graph\":[{\"@type\":[\"WebPage\",\"ItemPage\"],\"@id\":\"https:\\\/\\\/ruuby.ee\\\/pood\\\/joulueri\\\/joulugurmee\\\/rivsalt-raw-liquorice-lagrits-klaaspudelis\\\/\",\"url\":\"https:\\\/\\\/ruuby.ee\\\/pood\\\/joulueri\\\/joulugurmee\\\/rivsalt-raw-liquorice-lagrits-klaaspudelis\\\/\",\"name\":\"RIVSALT RAW LIQUORICE lagrits, klaaspudelis - RUUBY\",\"isPartOf\":{\"@id\":\"http:\\\/\\\/ruuby.ee\\\/en\\\/#website\"},\"primaryImageOfPage\":{\"@id\":\"https:\\\/\\\/ruuby.ee\\\/pood\\\/joulueri\\\/joulugurmee\\\/rivsalt-raw-liquorice-lagrits-klaaspudelis\\\/#primaryimage\"},\"image\":{\"@id\":\"https:\\\/\\\/ruuby.ee\\\/pood\\\/joulueri\\\/joulugurmee\\\/rivsalt-raw-liquorice-lagrits-klaaspudelis\\\/#primaryimage\"},\"thumbnailUrl\":\"https:\\\/\\\/ruuby.ee\\\/wp-content\\\/uploads\\\/2025\\\/11\\\/Screenshot-2025-11-23-at-15.59.48.png\",\"datePublished\":\"2025-11-23T13:32:14+00:00\",\"dateModified\":\"2026-04-07T22:28:19+00:00\",\"breadcrumb\":{\"@id\":\"https:\\\/\\\/ruuby.ee\\\/pood\\\/joulueri\\\/joulugurmee\\\/rivsalt-raw-liquorice-lagrits-klaaspudelis\\\/#breadcrumb\"},\"inLanguage\":\"en-GB\",\"potentialAction\":[{\"@type\":\"ReadAction\",\"target\":[\"https:\\\/\\\/ruuby.ee\\\/pood\\\/joulueri\\\/joulugurmee\\\/rivsalt-raw-liquorice-lagrits-klaaspudelis\\\/\"]}]},{\"@type\":\"ImageObject\",\"inLanguage\":\"en-GB\",\"@id\":\"https:\\\/\\\/ruuby.ee\\\/pood\\\/joulueri\\\/joulugurmee\\\/rivsalt-raw-liquorice-lagrits-klaaspudelis\\\/#primaryimage\",\"url\":\"https:\\\/\\\/ruuby.ee\\\/wp-content\\\/uploads\\\/2025\\\/11\\\/Screenshot-2025-11-23-at-15.59.48.png\",\"contentUrl\":\"https:\\\/\\\/ruuby.ee\\\/wp-content\\\/uploads\\\/2025\\\/11\\\/Screenshot-2025-11-23-at-15.59.48.png\",\"width\":664,\"height\":678},{\"@type\":\"BreadcrumbList\",\"@id\":\"https:\\\/\\\/ruuby.ee\\\/pood\\\/joulueri\\\/joulugurmee\\\/rivsalt-raw-liquorice-lagrits-klaaspudelis\\\/#breadcrumb\",\"itemListElement\":[{\"@type\":\"ListItem\",\"position\":1,\"name\":\"Kdu\",\"item\":\"http:\\\/\\\/ruuby.ee\\\/en\\\/\"},{\"@type\":\"ListItem\",\"position\":2,\"name\":\"Pood\",\"item\":\"http:\\\/\\\/ruuby.ee\\\/en\\\/pood\\\/\"},{\"@type\":\"ListItem\",\"position\":3,\"name\":\"RIVSALT RAW LIQUORICE lagrits, klaaspudelis\"}]},{\"@type\":\"WebSite\",\"@id\":\"http:\\\/\\\/ruuby.ee\\\/en\\\/#website\",\"url\":\"http:\\\/\\\/ruuby.ee\\\/en\\\/\",\"name\":\"RUUBY\",\"description\":\"Ruubys on \u00fchendatud elustiil ja disain\",\"publisher\":{\"@id\":\"http:\\\/\\\/ruuby.ee\\\/en\\\/#organization\"},\"alternateName\":\"Ruuby Disain\",\"potentialAction\":[{\"@type\":\"SearchAction\",\"target\":{\"@type\":\"EntryPoint\",\"urlTemplate\":\"http:\\\/\\\/ruuby.ee\\\/en\\\/?s={search_term_string}\"},\"query-input\":{\"@type\":\"PropertyValueSpecification\",\"valueRequired\":true,\"valueName\":\"search_term_string\"}}],\"inLanguage\":\"en-GB\"},{\"@type\":\"Organization\",\"@id\":\"http:\\\/\\\/ruuby.ee\\\/en\\\/#organization\",\"name\":\"Ruuby Disain O\u00dc\",\"alternateName\":\"Ruuby\",\"url\":\"http:\\\/\\\/ruuby.ee\\\/en\\\/\",\"logo\":{\"@type\":\"ImageObject\",\"inLanguage\":\"en-GB\",\"@id\":\"http:\\\/\\\/ruuby.ee\\\/en\\\/#\\\/schema\\\/logo\\\/image\\\/\",\"url\":\"https:\\\/\\\/ruuby.ee\\\/wp-content\\\/uploads\\\/2023\\\/06\\\/cropped-Black-White-Elegant-Circle-Signature-Fashion-Logo-12_large.png\",\"contentUrl\":\"https:\\\/\\\/ruuby.ee\\\/wp-content\\\/uploads\\\/2023\\\/06\\\/cropped-Black-White-Elegant-Circle-Signature-Fashion-Logo-12_large.png\",\"width\":1280,\"height\":747,\"caption\":\"Ruuby Disain O\u00dc\"},\"image\":{\"@id\":\"http:\\\/\\\/ruuby.ee\\\/en\\\/#\\\/schema\\\/logo\\\/image\\\/\"},\"sameAs\":[\"https:\\\/\\\/www.facebook.com\\\/ruubyconcept\",\"https:\\\/\\\/www.instagram.com\\\/ruuby_concept\\\/\"]}]}<\/script>\n<!-- \/ Yoast SEO plugin. -->","yoast_head_json":{"title":"RIVSALT RAW LIQUORICE lagrits, klaaspudelis - RUUBY","robots":{"index":"index","follow":"follow","max-snippet":"max-snippet:-1","max-image-preview":"max-image-preview:large","max-video-preview":"max-video-preview:-1"},"canonical":"https:\/\/ruuby.ee\/en\/pood\/joulueri\/joulugurmee\/rivsalt-raw-liquorice-lagrits-klaaspudelis\/","og_locale":"en_GB","og_type":"article","og_title":"RIVSALT RAW LIQUORICE lagrits, klaaspudelis - RUUBY","og_description":"Kogege Itaaliast p\u00e4rit esmaklassilise toorlagritsa ainulaadset maitset! V\u00f5tke lihtsalt t\u00fckk lagritsat ja riivige \u00f5rnalt oma magustoidule, k\u00fcpsetistele ja isegi jookidele.","og_url":"https:\/\/ruuby.ee\/en\/pood\/joulueri\/joulugurmee\/rivsalt-raw-liquorice-lagrits-klaaspudelis\/","og_site_name":"RUUBY","article_publisher":"https:\/\/www.facebook.com\/ruubyconcept","article_modified_time":"2026-04-07T22:28:19+00:00","og_image":[{"width":664,"height":678,"url":"https:\/\/ruuby.ee\/wp-content\/uploads\/2025\/11\/Screenshot-2025-11-23-at-15.59.48.png","type":"image\/png"}],"twitter_card":"summary_large_image","twitter_misc":{"Estimated reading time":"1 minute"},"schema":{"@context":"https:\/\/schema.org","@graph":[{"@type":["WebPage","ItemPage"],"@id":"https:\/\/ruuby.ee\/pood\/joulueri\/joulugurmee\/rivsalt-raw-liquorice-lagrits-klaaspudelis\/","url":"https:\/\/ruuby.ee\/pood\/joulueri\/joulugurmee\/rivsalt-raw-liquorice-lagrits-klaaspudelis\/","name":"RIVSALT RAW LIQUORICE lagrits, klaaspudelis - RUUBY","isPartOf":{"@id":"http:\/\/ruuby.ee\/en\/#website"},"primaryImageOfPage":{"@id":"https:\/\/ruuby.ee\/pood\/joulueri\/joulugurmee\/rivsalt-raw-liquorice-lagrits-klaaspudelis\/#primaryimage"},"image":{"@id":"https:\/\/ruuby.ee\/pood\/joulueri\/joulugurmee\/rivsalt-raw-liquorice-lagrits-klaaspudelis\/#primaryimage"},"thumbnailUrl":"https:\/\/ruuby.ee\/wp-content\/uploads\/2025\/11\/Screenshot-2025-11-23-at-15.59.48.png","datePublished":"2025-11-23T13:32:14+00:00","dateModified":"2026-04-07T22:28:19+00:00","breadcrumb":{"@id":"https:\/\/ruuby.ee\/pood\/joulueri\/joulugurmee\/rivsalt-raw-liquorice-lagrits-klaaspudelis\/#breadcrumb"},"inLanguage":"en-GB","potentialAction":[{"@type":"ReadAction","target":["https:\/\/ruuby.ee\/pood\/joulueri\/joulugurmee\/rivsalt-raw-liquorice-lagrits-klaaspudelis\/"]}]},{"@type":"ImageObject","inLanguage":"en-GB","@id":"https:\/\/ruuby.ee\/pood\/joulueri\/joulugurmee\/rivsalt-raw-liquorice-lagrits-klaaspudelis\/#primaryimage","url":"https:\/\/ruuby.ee\/wp-content\/uploads\/2025\/11\/Screenshot-2025-11-23-at-15.59.48.png","contentUrl":"https:\/\/ruuby.ee\/wp-content\/uploads\/2025\/11\/Screenshot-2025-11-23-at-15.59.48.png","width":664,"height":678},{"@type":"BreadcrumbList","@id":"https:\/\/ruuby.ee\/pood\/joulueri\/joulugurmee\/rivsalt-raw-liquorice-lagrits-klaaspudelis\/#breadcrumb","itemListElement":[{"@type":"ListItem","position":1,"name":"Kdu","item":"http:\/\/ruuby.ee\/en\/"},{"@type":"ListItem","position":2,"name":"Pood","item":"http:\/\/ruuby.ee\/en\/pood\/"},{"@type":"ListItem","position":3,"name":"RIVSALT RAW LIQUORICE lagrits, klaaspudelis"}]},{"@type":"WebSite","@id":"http:\/\/ruuby.ee\/en\/#website","url":"http:\/\/ruuby.ee\/en\/","name":"RUUBY","description":"Ruubys on \u00fchendatud elustiil ja disain","publisher":{"@id":"http:\/\/ruuby.ee\/en\/#organization"},"alternateName":"Ruuby Disain","potentialAction":[{"@type":"SearchAction","target":{"@type":"EntryPoint","urlTemplate":"http:\/\/ruuby.ee\/en\/?s={search_term_string}"},"query-input":{"@type":"PropertyValueSpecification","valueRequired":true,"valueName":"search_term_string"}}],"inLanguage":"en-GB"},{"@type":"Organization","@id":"http:\/\/ruuby.ee\/en\/#organization","name":"Ruuby Disain O\u00dc","alternateName":"Ruuby","url":"http:\/\/ruuby.ee\/en\/","logo":{"@type":"ImageObject","inLanguage":"en-GB","@id":"http:\/\/ruuby.ee\/en\/#\/schema\/logo\/image\/","url":"https:\/\/ruuby.ee\/wp-content\/uploads\/2023\/06\/cropped-Black-White-Elegant-Circle-Signature-Fashion-Logo-12_large.png","contentUrl":"https:\/\/ruuby.ee\/wp-content\/uploads\/2023\/06\/cropped-Black-White-Elegant-Circle-Signature-Fashion-Logo-12_large.png","width":1280,"height":747,"caption":"Ruuby Disain O\u00dc"},"image":{"@id":"http:\/\/ruuby.ee\/en\/#\/schema\/logo\/image\/"},"sameAs":["https:\/\/www.facebook.com\/ruubyconcept","https:\/\/www.instagram.com\/ruuby_concept\/"]}]}},"jetpack_sharing_enabled":true,"_links":{"self":[{"href":"https:\/\/ruuby.ee\/en\/wp-json\/wp\/v2\/product\/1857961","targetHints":{"allow":["GET"]}}],"collection":[{"href":"https:\/\/ruuby.ee\/en\/wp-json\/wp\/v2\/product"}],"about":[{"href":"https:\/\/ruuby.ee\/en\/wp-json\/wp\/v2\/types\/product"}],"replies":[{"embeddable":true,"href":"https:\/\/ruuby.ee\/en\/wp-json\/wp\/v2\/comments?post=1857961"}],"wp:featuredmedia":[{"embeddable":true,"href":"https:\/\/ruuby.ee\/en\/wp-json\/wp\/v2\/media\/1857985"}],"wp:attachment":[{"href":"https:\/\/ruuby.ee\/en\/wp-json\/wp\/v2\/media?parent=1857961"}],"wp:term":[{"taxonomy":"product_brand","embeddable":true,"href":"https:\/\/ruuby.ee\/en\/wp-json\/wp\/v2\/product_brand?post=1857961"},{"taxonomy":"product_cat","embeddable":true,"href":"https:\/\/ruuby.ee\/en\/wp-json\/wp\/v2\/product_cat?post=1857961"},{"taxonomy":"product_tag","embeddable":true,"href":"https:\/\/ruuby.ee\/en\/wp-json\/wp\/v2\/product_tag?post=1857961"}],"curies":[{"name":"wp","href":"https:\/\/api.w.org\/{rel}","templated":true}]}}