{"id":1857890,"date":"2025-11-20T22:03:37","date_gmt":"2025-11-20T20:03:37","guid":{"rendered":"https:\/\/ruuby.ee\/pood\/maaratlemata\/ester-erik-led-pikk-kuunal-30cm-artichoke\/"},"modified":"2026-04-08T01:28:19","modified_gmt":"2026-04-07T22:28:19","slug":"ester-erik-led-pikk-kuunal-30cm-artichoke","status":"publish","type":"product","link":"https:\/\/ruuby.ee\/en\/pood\/joulueri\/joulukuunlad\/ester-erik-led-pikk-kuunal-30cm-artichoke\/","title":{"rendered":"Ester &amp; Erik LED pikk k\u00fc\u00fcnal 30cm, Artichoke"},"content":{"rendered":"<p>LED koonusk\u00fc\u00fcnal on valmistatud ehtsast vahast originaalsetes ester &amp; erik v\u00e4rvides. Sellel on elutruu 3D LED-leek, mis pehmelt v\u00e4releb, pakkudes sooja ja tervitatavat s\u00e4ra. LED-k\u00fc\u00fcnlal on elegantne ja originaalne ester &amp; erik signatuurkuju. Sellel on painduv ots, mis tagab kindla sobivuse paljude k\u00fc\u00fcnlahoidjate vahel.<\/p>\n<p>K\u00fc\u00fcnalt saab p\u00f5lema panna nupust, mis asub k\u00fc\u00fcnla all.<\/p>\n<p>K\u00f5rgus: 30cm<\/p>\n<p>Kompekti kuulub 2 k\u00fc\u00fcnalt.<\/p>","protected":false},"excerpt":{"rendered":"<p>K\u00f5rgeima kvaliteediga materjalidest valmistatud LED-k\u00fc\u00fcnal on realistliku ja luksusliku v\u00e4limuse tagamiseks kaetud ehtsa vahaga.<\/p>\n<p>NB! Patareid ei kuulu komplekti.<\/p>","protected":false},"featured_media":1857897,"comment_status":"open","ping_status":"closed","template":"","meta":[],"product_brand":[],"product_cat":[491,951,42,54,946],"product_tag":[499,252],"class_list":{"0":"post-1857890","1":"product","2":"type-product","3":"status-publish","4":"has-post-thumbnail","6":"product_cat-joulueri","7":"product_cat-joulukuunlad","8":"product_cat-kodusisustus","9":"product_cat-kuunlad","10":"product_cat-led-kuunlad","11":"product_tag-cooee-design","12":"product_tag-kuunal","14":"first","15":"instock","16":"taxable","17":"shipping-taxable","18":"purchasable","19":"product-type-simple"},"yoast_head":"<!-- This site is optimized with the Yoast SEO plugin v27.5 - https:\/\/yoast.com\/product\/yoast-seo-wordpress\/ -->\n<title>Ester &amp; Erik LED pikk k\u00fc\u00fcnal 30cm, Artichoke - RUUBY<\/title>\n<meta name=\"robots\" content=\"index, follow, max-snippet:-1, max-image-preview:large, max-video-preview:-1\" \/>\n<link rel=\"canonical\" href=\"https:\/\/ruuby.ee\/en\/pood\/joulueri\/joulukuunlad\/ester-erik-led-pikk-kuunal-30cm-artichoke\/\" \/>\n<meta property=\"og:locale\" content=\"en_GB\" \/>\n<meta property=\"og:type\" content=\"article\" \/>\n<meta property=\"og:title\" content=\"Ester &amp; Erik LED pikk k\u00fc\u00fcnal 30cm, Artichoke - RUUBY\" \/>\n<meta property=\"og:description\" content=\"K\u00f5rgeima kvaliteediga materjalidest valmistatud LED-k\u00fc\u00fcnal on realistliku ja luksusliku v\u00e4limuse tagamiseks kaetud ehtsa vahaga.  NB! Patareid ei kuulu komplekti.\" \/>\n<meta property=\"og:url\" content=\"https:\/\/ruuby.ee\/en\/pood\/joulueri\/joulukuunlad\/ester-erik-led-pikk-kuunal-30cm-artichoke\/\" \/>\n<meta property=\"og:site_name\" content=\"RUUBY\" \/>\n<meta property=\"article:publisher\" content=\"https:\/\/www.facebook.com\/ruubyconcept\" \/>\n<meta property=\"article:modified_time\" content=\"2026-04-07T22:28:19+00:00\" \/>\n<meta property=\"og:image\" content=\"https:\/\/ruuby.ee\/wp-content\/uploads\/2025\/11\/Screenshot-2025-11-20-at-22.10.04.png\" \/>\n\t<meta property=\"og:image:width\" content=\"706\" \/>\n\t<meta property=\"og:image:height\" content=\"724\" \/>\n\t<meta property=\"og:image:type\" content=\"image\/png\" \/>\n<meta name=\"twitter:card\" content=\"summary_large_image\" \/>\n<meta name=\"twitter:label1\" content=\"Estimated reading time\" \/>\n\t<meta name=\"twitter:data1\" content=\"1 minute\" \/>\n<script type=\"application\/ld+json\" class=\"yoast-schema-graph\">{\"@context\":\"https:\\\/\\\/schema.org\",\"@graph\":[{\"@type\":[\"WebPage\",\"ItemPage\"],\"@id\":\"https:\\\/\\\/ruuby.ee\\\/en\\\/pood\\\/joulueri\\\/joulukuunlad\\\/ester-erik-led-pikk-kuunal-30cm-artichoke\\\/\",\"url\":\"https:\\\/\\\/ruuby.ee\\\/en\\\/pood\\\/joulueri\\\/joulukuunlad\\\/ester-erik-led-pikk-kuunal-30cm-artichoke\\\/\",\"name\":\"Ester &amp; Erik LED pikk k\u00fc\u00fcnal 30cm, Artichoke - RUUBY\",\"isPartOf\":{\"@id\":\"https:\\\/\\\/ruuby.ee\\\/#website\"},\"primaryImageOfPage\":{\"@id\":\"https:\\\/\\\/ruuby.ee\\\/en\\\/pood\\\/joulueri\\\/joulukuunlad\\\/ester-erik-led-pikk-kuunal-30cm-artichoke\\\/#primaryimage\"},\"image\":{\"@id\":\"https:\\\/\\\/ruuby.ee\\\/en\\\/pood\\\/joulueri\\\/joulukuunlad\\\/ester-erik-led-pikk-kuunal-30cm-artichoke\\\/#primaryimage\"},\"thumbnailUrl\":\"https:\\\/\\\/ruuby.ee\\\/wp-content\\\/uploads\\\/2025\\\/11\\\/Screenshot-2025-11-20-at-22.10.04.png\",\"datePublished\":\"2025-11-20T20:03:37+00:00\",\"dateModified\":\"2026-04-07T22:28:19+00:00\",\"breadcrumb\":{\"@id\":\"https:\\\/\\\/ruuby.ee\\\/en\\\/pood\\\/joulueri\\\/joulukuunlad\\\/ester-erik-led-pikk-kuunal-30cm-artichoke\\\/#breadcrumb\"},\"inLanguage\":\"en-GB\",\"potentialAction\":[{\"@type\":\"ReadAction\",\"target\":[\"https:\\\/\\\/ruuby.ee\\\/en\\\/pood\\\/joulueri\\\/joulukuunlad\\\/ester-erik-led-pikk-kuunal-30cm-artichoke\\\/\"]}]},{\"@type\":\"ImageObject\",\"inLanguage\":\"en-GB\",\"@id\":\"https:\\\/\\\/ruuby.ee\\\/en\\\/pood\\\/joulueri\\\/joulukuunlad\\\/ester-erik-led-pikk-kuunal-30cm-artichoke\\\/#primaryimage\",\"url\":\"https:\\\/\\\/ruuby.ee\\\/wp-content\\\/uploads\\\/2025\\\/11\\\/Screenshot-2025-11-20-at-22.10.04.png\",\"contentUrl\":\"https:\\\/\\\/ruuby.ee\\\/wp-content\\\/uploads\\\/2025\\\/11\\\/Screenshot-2025-11-20-at-22.10.04.png\",\"width\":706,\"height\":724},{\"@type\":\"BreadcrumbList\",\"@id\":\"https:\\\/\\\/ruuby.ee\\\/en\\\/pood\\\/joulueri\\\/joulukuunlad\\\/ester-erik-led-pikk-kuunal-30cm-artichoke\\\/#breadcrumb\",\"itemListElement\":[{\"@type\":\"ListItem\",\"position\":1,\"name\":\"Kdu\",\"item\":\"https:\\\/\\\/ruuby.ee\\\/\"},{\"@type\":\"ListItem\",\"position\":2,\"name\":\"Pood\",\"item\":\"https:\\\/\\\/ruuby.ee\\\/pood\\\/\"},{\"@type\":\"ListItem\",\"position\":3,\"name\":\"Ester &amp; Erik LED pikk k\u00fc\u00fcnal 30cm, Artichoke\"}]},{\"@type\":\"WebSite\",\"@id\":\"https:\\\/\\\/ruuby.ee\\\/#website\",\"url\":\"https:\\\/\\\/ruuby.ee\\\/\",\"name\":\"RUUBY\",\"description\":\"Ruubys on \u00fchendatud elustiil ja disain\",\"publisher\":{\"@id\":\"https:\\\/\\\/ruuby.ee\\\/#organization\"},\"alternateName\":\"Ruuby Disain\",\"potentialAction\":[{\"@type\":\"SearchAction\",\"target\":{\"@type\":\"EntryPoint\",\"urlTemplate\":\"https:\\\/\\\/ruuby.ee\\\/?s={search_term_string}\"},\"query-input\":{\"@type\":\"PropertyValueSpecification\",\"valueRequired\":true,\"valueName\":\"search_term_string\"}}],\"inLanguage\":\"en-GB\"},{\"@type\":\"Organization\",\"@id\":\"https:\\\/\\\/ruuby.ee\\\/#organization\",\"name\":\"Ruuby Disain O\u00dc\",\"alternateName\":\"Ruuby\",\"url\":\"https:\\\/\\\/ruuby.ee\\\/\",\"logo\":{\"@type\":\"ImageObject\",\"inLanguage\":\"en-GB\",\"@id\":\"https:\\\/\\\/ruuby.ee\\\/#\\\/schema\\\/logo\\\/image\\\/\",\"url\":\"https:\\\/\\\/ruuby.ee\\\/wp-content\\\/uploads\\\/2023\\\/06\\\/cropped-Black-White-Elegant-Circle-Signature-Fashion-Logo-12_large.png\",\"contentUrl\":\"https:\\\/\\\/ruuby.ee\\\/wp-content\\\/uploads\\\/2023\\\/06\\\/cropped-Black-White-Elegant-Circle-Signature-Fashion-Logo-12_large.png\",\"width\":1280,\"height\":747,\"caption\":\"Ruuby Disain O\u00dc\"},\"image\":{\"@id\":\"https:\\\/\\\/ruuby.ee\\\/#\\\/schema\\\/logo\\\/image\\\/\"},\"sameAs\":[\"https:\\\/\\\/www.facebook.com\\\/ruubyconcept\",\"https:\\\/\\\/www.instagram.com\\\/ruuby_concept\\\/\"]}]}<\/script>\n<!-- \/ Yoast SEO plugin. -->","yoast_head_json":{"title":"Ester &amp; Erik LED pikk k\u00fc\u00fcnal 30cm, Artichoke - RUUBY","robots":{"index":"index","follow":"follow","max-snippet":"max-snippet:-1","max-image-preview":"max-image-preview:large","max-video-preview":"max-video-preview:-1"},"canonical":"https:\/\/ruuby.ee\/en\/pood\/joulueri\/joulukuunlad\/ester-erik-led-pikk-kuunal-30cm-artichoke\/","og_locale":"en_GB","og_type":"article","og_title":"Ester &amp; Erik LED pikk k\u00fc\u00fcnal 30cm, Artichoke - RUUBY","og_description":"K\u00f5rgeima kvaliteediga materjalidest valmistatud LED-k\u00fc\u00fcnal on realistliku ja luksusliku v\u00e4limuse tagamiseks kaetud ehtsa vahaga.  NB! Patareid ei kuulu komplekti.","og_url":"https:\/\/ruuby.ee\/en\/pood\/joulueri\/joulukuunlad\/ester-erik-led-pikk-kuunal-30cm-artichoke\/","og_site_name":"RUUBY","article_publisher":"https:\/\/www.facebook.com\/ruubyconcept","article_modified_time":"2026-04-07T22:28:19+00:00","og_image":[{"width":706,"height":724,"url":"https:\/\/ruuby.ee\/wp-content\/uploads\/2025\/11\/Screenshot-2025-11-20-at-22.10.04.png","type":"image\/png"}],"twitter_card":"summary_large_image","twitter_misc":{"Estimated reading time":"1 minute"},"schema":{"@context":"https:\/\/schema.org","@graph":[{"@type":["WebPage","ItemPage"],"@id":"https:\/\/ruuby.ee\/en\/pood\/joulueri\/joulukuunlad\/ester-erik-led-pikk-kuunal-30cm-artichoke\/","url":"https:\/\/ruuby.ee\/en\/pood\/joulueri\/joulukuunlad\/ester-erik-led-pikk-kuunal-30cm-artichoke\/","name":"Ester &amp; Erik LED pikk k\u00fc\u00fcnal 30cm, Artichoke - RUUBY","isPartOf":{"@id":"https:\/\/ruuby.ee\/#website"},"primaryImageOfPage":{"@id":"https:\/\/ruuby.ee\/en\/pood\/joulueri\/joulukuunlad\/ester-erik-led-pikk-kuunal-30cm-artichoke\/#primaryimage"},"image":{"@id":"https:\/\/ruuby.ee\/en\/pood\/joulueri\/joulukuunlad\/ester-erik-led-pikk-kuunal-30cm-artichoke\/#primaryimage"},"thumbnailUrl":"https:\/\/ruuby.ee\/wp-content\/uploads\/2025\/11\/Screenshot-2025-11-20-at-22.10.04.png","datePublished":"2025-11-20T20:03:37+00:00","dateModified":"2026-04-07T22:28:19+00:00","breadcrumb":{"@id":"https:\/\/ruuby.ee\/en\/pood\/joulueri\/joulukuunlad\/ester-erik-led-pikk-kuunal-30cm-artichoke\/#breadcrumb"},"inLanguage":"en-GB","potentialAction":[{"@type":"ReadAction","target":["https:\/\/ruuby.ee\/en\/pood\/joulueri\/joulukuunlad\/ester-erik-led-pikk-kuunal-30cm-artichoke\/"]}]},{"@type":"ImageObject","inLanguage":"en-GB","@id":"https:\/\/ruuby.ee\/en\/pood\/joulueri\/joulukuunlad\/ester-erik-led-pikk-kuunal-30cm-artichoke\/#primaryimage","url":"https:\/\/ruuby.ee\/wp-content\/uploads\/2025\/11\/Screenshot-2025-11-20-at-22.10.04.png","contentUrl":"https:\/\/ruuby.ee\/wp-content\/uploads\/2025\/11\/Screenshot-2025-11-20-at-22.10.04.png","width":706,"height":724},{"@type":"BreadcrumbList","@id":"https:\/\/ruuby.ee\/en\/pood\/joulueri\/joulukuunlad\/ester-erik-led-pikk-kuunal-30cm-artichoke\/#breadcrumb","itemListElement":[{"@type":"ListItem","position":1,"name":"Kdu","item":"https:\/\/ruuby.ee\/"},{"@type":"ListItem","position":2,"name":"Pood","item":"https:\/\/ruuby.ee\/pood\/"},{"@type":"ListItem","position":3,"name":"Ester &amp; Erik LED pikk k\u00fc\u00fcnal 30cm, Artichoke"}]},{"@type":"WebSite","@id":"https:\/\/ruuby.ee\/#website","url":"https:\/\/ruuby.ee\/","name":"RUUBY","description":"Ruubys on \u00fchendatud elustiil ja disain","publisher":{"@id":"https:\/\/ruuby.ee\/#organization"},"alternateName":"Ruuby Disain","potentialAction":[{"@type":"SearchAction","target":{"@type":"EntryPoint","urlTemplate":"https:\/\/ruuby.ee\/?s={search_term_string}"},"query-input":{"@type":"PropertyValueSpecification","valueRequired":true,"valueName":"search_term_string"}}],"inLanguage":"en-GB"},{"@type":"Organization","@id":"https:\/\/ruuby.ee\/#organization","name":"Ruuby Disain O\u00dc","alternateName":"Ruuby","url":"https:\/\/ruuby.ee\/","logo":{"@type":"ImageObject","inLanguage":"en-GB","@id":"https:\/\/ruuby.ee\/#\/schema\/logo\/image\/","url":"https:\/\/ruuby.ee\/wp-content\/uploads\/2023\/06\/cropped-Black-White-Elegant-Circle-Signature-Fashion-Logo-12_large.png","contentUrl":"https:\/\/ruuby.ee\/wp-content\/uploads\/2023\/06\/cropped-Black-White-Elegant-Circle-Signature-Fashion-Logo-12_large.png","width":1280,"height":747,"caption":"Ruuby Disain O\u00dc"},"image":{"@id":"https:\/\/ruuby.ee\/#\/schema\/logo\/image\/"},"sameAs":["https:\/\/www.facebook.com\/ruubyconcept","https:\/\/www.instagram.com\/ruuby_concept\/"]}]}},"jetpack_sharing_enabled":true,"_links":{"self":[{"href":"https:\/\/ruuby.ee\/en\/wp-json\/wp\/v2\/product\/1857890","targetHints":{"allow":["GET"]}}],"collection":[{"href":"https:\/\/ruuby.ee\/en\/wp-json\/wp\/v2\/product"}],"about":[{"href":"https:\/\/ruuby.ee\/en\/wp-json\/wp\/v2\/types\/product"}],"replies":[{"embeddable":true,"href":"https:\/\/ruuby.ee\/en\/wp-json\/wp\/v2\/comments?post=1857890"}],"wp:featuredmedia":[{"embeddable":true,"href":"https:\/\/ruuby.ee\/en\/wp-json\/wp\/v2\/media\/1857897"}],"wp:attachment":[{"href":"https:\/\/ruuby.ee\/en\/wp-json\/wp\/v2\/media?parent=1857890"}],"wp:term":[{"taxonomy":"product_brand","embeddable":true,"href":"https:\/\/ruuby.ee\/en\/wp-json\/wp\/v2\/product_brand?post=1857890"},{"taxonomy":"product_cat","embeddable":true,"href":"https:\/\/ruuby.ee\/en\/wp-json\/wp\/v2\/product_cat?post=1857890"},{"taxonomy":"product_tag","embeddable":true,"href":"https:\/\/ruuby.ee\/en\/wp-json\/wp\/v2\/product_tag?post=1857890"}],"curies":[{"name":"wp","href":"https:\/\/api.w.org\/{rel}","templated":true}]}}