{"id":1857740,"date":"2025-11-19T20:40:09","date_gmt":"2025-11-19T18:40:09","guid":{"rendered":"https:\/\/ruuby.ee\/pood\/maaratlemata\/oyoy-zoo-loomakauss-380ml-offwhite\/"},"modified":"2026-04-07T01:27:04","modified_gmt":"2026-04-06T22:27:04","slug":"oyoy-zoo-loomakauss-380ml-offwhite","status":"publish","type":"product","link":"https:\/\/ruuby.ee\/en\/pood\/aksessuaarid\/koerad\/oyoy-zoo-loomakauss-380ml-offwhite\/","title":{"rendered":"OYOY Zoo loomakauss 380ml, Offwhite"},"content":{"rendered":"<p>Sia loomade joogikauss on p\u00f5hjamaises minimalistlikus stiilis ajatu keraamiline kauss, mis meeldib nii teile kui teie koerale. See on valmistatud glasuuriga seest ja kareda mattpinnaga v\u00e4ljast. Kasutage seda toidu v\u00f5i vee jaoks.<\/p>\n<p>Kausid taluvad ahju, mikrolaineahju, s\u00fcgavk\u00fclma ja n\u00f5udepesumasinat.<\/p>\n<p>M\u00f5\u00f5tmed: \u00d813 x K4,5 cm<\/p>","protected":false},"excerpt":{"rendered":"<div class=\"woocommerce-product-details__short-description\">\n<p>Sia loomade joogikauss on p\u00f5hjamaises minimalistlikus stiilis ajatu keraamiline kauss, mis meeldib nii teile kui teie koerale. See on valmistatud glasuuriga seest ja kareda mattpinnaga v\u00e4ljast. Kasutage seda toidu v\u00f5i vee jaoks.<\/p>\n<\/div>","protected":false},"featured_media":1857823,"comment_status":"open","ping_status":"closed","template":"","meta":[],"product_brand":[],"product_cat":[43,1154],"product_tag":[1155],"class_list":{"0":"post-1857740","1":"product","2":"type-product","3":"status-publish","4":"has-post-thumbnail","6":"product_cat-aksessuaarid","7":"product_cat-koerad","8":"product_tag-koerad","10":"first","11":"instock","12":"taxable","13":"shipping-taxable","14":"purchasable","15":"product-type-simple"},"yoast_head":"<!-- This site is optimized with the Yoast SEO plugin v27.3 - https:\/\/yoast.com\/product\/yoast-seo-wordpress\/ -->\n<title>OYOY Zoo loomakauss 380ml, Offwhite - RUUBY<\/title>\n<meta name=\"robots\" content=\"index, follow, max-snippet:-1, max-image-preview:large, max-video-preview:-1\" \/>\n<link rel=\"canonical\" href=\"https:\/\/ruuby.ee\/en\/pood\/aksessuaarid\/koerad\/oyoy-zoo-loomakauss-380ml-offwhite\/\" \/>\n<meta property=\"og:locale\" content=\"en_GB\" \/>\n<meta property=\"og:type\" content=\"article\" \/>\n<meta property=\"og:title\" content=\"OYOY Zoo loomakauss 380ml, Offwhite - RUUBY\" \/>\n<meta property=\"og:description\" content=\"Sia loomade joogikauss on p\u00f5hjamaises minimalistlikus stiilis ajatu keraamiline kauss, mis meeldib nii teile kui teie koerale. See on valmistatud glasuuriga seest ja kareda mattpinnaga v\u00e4ljast. Kasutage seda toidu v\u00f5i vee jaoks.\" \/>\n<meta property=\"og:url\" content=\"https:\/\/ruuby.ee\/en\/pood\/aksessuaarid\/koerad\/oyoy-zoo-loomakauss-380ml-offwhite\/\" \/>\n<meta property=\"og:site_name\" content=\"RUUBY\" \/>\n<meta property=\"article:publisher\" content=\"https:\/\/www.facebook.com\/ruubyconcept\" \/>\n<meta property=\"article:modified_time\" content=\"2026-04-06T22:27:04+00:00\" \/>\n<meta property=\"og:image\" content=\"https:\/\/ruuby.ee\/wp-content\/uploads\/2025\/11\/Screenshot-2025-11-19-at-21.51.21.png\" \/>\n\t<meta property=\"og:image:width\" content=\"1012\" \/>\n\t<meta property=\"og:image:height\" content=\"712\" \/>\n\t<meta property=\"og:image:type\" content=\"image\/png\" \/>\n<meta name=\"twitter:card\" content=\"summary_large_image\" \/>\n<meta name=\"twitter:label1\" content=\"Estimated reading time\" \/>\n\t<meta name=\"twitter:data1\" content=\"1 minute\" \/>\n<script type=\"application\/ld+json\" class=\"yoast-schema-graph\">{\"@context\":\"https:\\\/\\\/schema.org\",\"@graph\":[{\"@type\":[\"WebPage\",\"ItemPage\"],\"@id\":\"https:\\\/\\\/ruuby.ee\\\/pood\\\/aksessuaarid\\\/koerad\\\/oyoy-zoo-loomakauss-380ml-offwhite\\\/\",\"url\":\"https:\\\/\\\/ruuby.ee\\\/pood\\\/aksessuaarid\\\/koerad\\\/oyoy-zoo-loomakauss-380ml-offwhite\\\/\",\"name\":\"OYOY Zoo loomakauss 380ml, Offwhite - RUUBY\",\"isPartOf\":{\"@id\":\"https:\\\/\\\/ruuby.ee\\\/en\\\/#website\"},\"primaryImageOfPage\":{\"@id\":\"https:\\\/\\\/ruuby.ee\\\/pood\\\/aksessuaarid\\\/koerad\\\/oyoy-zoo-loomakauss-380ml-offwhite\\\/#primaryimage\"},\"image\":{\"@id\":\"https:\\\/\\\/ruuby.ee\\\/pood\\\/aksessuaarid\\\/koerad\\\/oyoy-zoo-loomakauss-380ml-offwhite\\\/#primaryimage\"},\"thumbnailUrl\":\"https:\\\/\\\/ruuby.ee\\\/wp-content\\\/uploads\\\/2025\\\/11\\\/Screenshot-2025-11-19-at-21.51.21.png\",\"datePublished\":\"2025-11-19T18:40:09+00:00\",\"dateModified\":\"2026-04-06T22:27:04+00:00\",\"breadcrumb\":{\"@id\":\"https:\\\/\\\/ruuby.ee\\\/pood\\\/aksessuaarid\\\/koerad\\\/oyoy-zoo-loomakauss-380ml-offwhite\\\/#breadcrumb\"},\"inLanguage\":\"en-GB\",\"potentialAction\":[{\"@type\":\"ReadAction\",\"target\":[\"https:\\\/\\\/ruuby.ee\\\/pood\\\/aksessuaarid\\\/koerad\\\/oyoy-zoo-loomakauss-380ml-offwhite\\\/\"]}]},{\"@type\":\"ImageObject\",\"inLanguage\":\"en-GB\",\"@id\":\"https:\\\/\\\/ruuby.ee\\\/pood\\\/aksessuaarid\\\/koerad\\\/oyoy-zoo-loomakauss-380ml-offwhite\\\/#primaryimage\",\"url\":\"https:\\\/\\\/ruuby.ee\\\/wp-content\\\/uploads\\\/2025\\\/11\\\/Screenshot-2025-11-19-at-21.51.21.png\",\"contentUrl\":\"https:\\\/\\\/ruuby.ee\\\/wp-content\\\/uploads\\\/2025\\\/11\\\/Screenshot-2025-11-19-at-21.51.21.png\",\"width\":1012,\"height\":712},{\"@type\":\"BreadcrumbList\",\"@id\":\"https:\\\/\\\/ruuby.ee\\\/pood\\\/aksessuaarid\\\/koerad\\\/oyoy-zoo-loomakauss-380ml-offwhite\\\/#breadcrumb\",\"itemListElement\":[{\"@type\":\"ListItem\",\"position\":1,\"name\":\"Kdu\",\"item\":\"https:\\\/\\\/ruuby.ee\\\/en\\\/\"},{\"@type\":\"ListItem\",\"position\":2,\"name\":\"Pood\",\"item\":\"https:\\\/\\\/ruuby.ee\\\/en\\\/pood\\\/\"},{\"@type\":\"ListItem\",\"position\":3,\"name\":\"OYOY Zoo loomakauss 380ml, Offwhite\"}]},{\"@type\":\"WebSite\",\"@id\":\"https:\\\/\\\/ruuby.ee\\\/en\\\/#website\",\"url\":\"https:\\\/\\\/ruuby.ee\\\/en\\\/\",\"name\":\"RUUBY\",\"description\":\"Ruubys on \u00fchendatud elustiil ja disain\",\"publisher\":{\"@id\":\"https:\\\/\\\/ruuby.ee\\\/en\\\/#organization\"},\"alternateName\":\"Ruuby Disain\",\"potentialAction\":[{\"@type\":\"SearchAction\",\"target\":{\"@type\":\"EntryPoint\",\"urlTemplate\":\"https:\\\/\\\/ruuby.ee\\\/en\\\/?s={search_term_string}\"},\"query-input\":{\"@type\":\"PropertyValueSpecification\",\"valueRequired\":true,\"valueName\":\"search_term_string\"}}],\"inLanguage\":\"en-GB\"},{\"@type\":\"Organization\",\"@id\":\"https:\\\/\\\/ruuby.ee\\\/en\\\/#organization\",\"name\":\"Ruuby Disain O\u00dc\",\"alternateName\":\"Ruuby\",\"url\":\"https:\\\/\\\/ruuby.ee\\\/en\\\/\",\"logo\":{\"@type\":\"ImageObject\",\"inLanguage\":\"en-GB\",\"@id\":\"https:\\\/\\\/ruuby.ee\\\/en\\\/#\\\/schema\\\/logo\\\/image\\\/\",\"url\":\"https:\\\/\\\/ruuby.ee\\\/wp-content\\\/uploads\\\/2023\\\/06\\\/cropped-Black-White-Elegant-Circle-Signature-Fashion-Logo-12_large.png\",\"contentUrl\":\"https:\\\/\\\/ruuby.ee\\\/wp-content\\\/uploads\\\/2023\\\/06\\\/cropped-Black-White-Elegant-Circle-Signature-Fashion-Logo-12_large.png\",\"width\":1280,\"height\":747,\"caption\":\"Ruuby Disain O\u00dc\"},\"image\":{\"@id\":\"https:\\\/\\\/ruuby.ee\\\/en\\\/#\\\/schema\\\/logo\\\/image\\\/\"},\"sameAs\":[\"https:\\\/\\\/www.facebook.com\\\/ruubyconcept\",\"https:\\\/\\\/www.instagram.com\\\/ruuby_concept\\\/\"]}]}<\/script>\n<!-- \/ Yoast SEO plugin. -->","yoast_head_json":{"title":"OYOY Zoo loomakauss 380ml, Offwhite - RUUBY","robots":{"index":"index","follow":"follow","max-snippet":"max-snippet:-1","max-image-preview":"max-image-preview:large","max-video-preview":"max-video-preview:-1"},"canonical":"https:\/\/ruuby.ee\/en\/pood\/aksessuaarid\/koerad\/oyoy-zoo-loomakauss-380ml-offwhite\/","og_locale":"en_GB","og_type":"article","og_title":"OYOY Zoo loomakauss 380ml, Offwhite - RUUBY","og_description":"Sia loomade joogikauss on p\u00f5hjamaises minimalistlikus stiilis ajatu keraamiline kauss, mis meeldib nii teile kui teie koerale. See on valmistatud glasuuriga seest ja kareda mattpinnaga v\u00e4ljast. Kasutage seda toidu v\u00f5i vee jaoks.","og_url":"https:\/\/ruuby.ee\/en\/pood\/aksessuaarid\/koerad\/oyoy-zoo-loomakauss-380ml-offwhite\/","og_site_name":"RUUBY","article_publisher":"https:\/\/www.facebook.com\/ruubyconcept","article_modified_time":"2026-04-06T22:27:04+00:00","og_image":[{"width":1012,"height":712,"url":"https:\/\/ruuby.ee\/wp-content\/uploads\/2025\/11\/Screenshot-2025-11-19-at-21.51.21.png","type":"image\/png"}],"twitter_card":"summary_large_image","twitter_misc":{"Estimated reading time":"1 minute"},"schema":{"@context":"https:\/\/schema.org","@graph":[{"@type":["WebPage","ItemPage"],"@id":"https:\/\/ruuby.ee\/pood\/aksessuaarid\/koerad\/oyoy-zoo-loomakauss-380ml-offwhite\/","url":"https:\/\/ruuby.ee\/pood\/aksessuaarid\/koerad\/oyoy-zoo-loomakauss-380ml-offwhite\/","name":"OYOY Zoo loomakauss 380ml, Offwhite - RUUBY","isPartOf":{"@id":"https:\/\/ruuby.ee\/en\/#website"},"primaryImageOfPage":{"@id":"https:\/\/ruuby.ee\/pood\/aksessuaarid\/koerad\/oyoy-zoo-loomakauss-380ml-offwhite\/#primaryimage"},"image":{"@id":"https:\/\/ruuby.ee\/pood\/aksessuaarid\/koerad\/oyoy-zoo-loomakauss-380ml-offwhite\/#primaryimage"},"thumbnailUrl":"https:\/\/ruuby.ee\/wp-content\/uploads\/2025\/11\/Screenshot-2025-11-19-at-21.51.21.png","datePublished":"2025-11-19T18:40:09+00:00","dateModified":"2026-04-06T22:27:04+00:00","breadcrumb":{"@id":"https:\/\/ruuby.ee\/pood\/aksessuaarid\/koerad\/oyoy-zoo-loomakauss-380ml-offwhite\/#breadcrumb"},"inLanguage":"en-GB","potentialAction":[{"@type":"ReadAction","target":["https:\/\/ruuby.ee\/pood\/aksessuaarid\/koerad\/oyoy-zoo-loomakauss-380ml-offwhite\/"]}]},{"@type":"ImageObject","inLanguage":"en-GB","@id":"https:\/\/ruuby.ee\/pood\/aksessuaarid\/koerad\/oyoy-zoo-loomakauss-380ml-offwhite\/#primaryimage","url":"https:\/\/ruuby.ee\/wp-content\/uploads\/2025\/11\/Screenshot-2025-11-19-at-21.51.21.png","contentUrl":"https:\/\/ruuby.ee\/wp-content\/uploads\/2025\/11\/Screenshot-2025-11-19-at-21.51.21.png","width":1012,"height":712},{"@type":"BreadcrumbList","@id":"https:\/\/ruuby.ee\/pood\/aksessuaarid\/koerad\/oyoy-zoo-loomakauss-380ml-offwhite\/#breadcrumb","itemListElement":[{"@type":"ListItem","position":1,"name":"Kdu","item":"https:\/\/ruuby.ee\/en\/"},{"@type":"ListItem","position":2,"name":"Pood","item":"https:\/\/ruuby.ee\/en\/pood\/"},{"@type":"ListItem","position":3,"name":"OYOY Zoo loomakauss 380ml, Offwhite"}]},{"@type":"WebSite","@id":"https:\/\/ruuby.ee\/en\/#website","url":"https:\/\/ruuby.ee\/en\/","name":"RUUBY","description":"Ruubys on \u00fchendatud elustiil ja disain","publisher":{"@id":"https:\/\/ruuby.ee\/en\/#organization"},"alternateName":"Ruuby Disain","potentialAction":[{"@type":"SearchAction","target":{"@type":"EntryPoint","urlTemplate":"https:\/\/ruuby.ee\/en\/?s={search_term_string}"},"query-input":{"@type":"PropertyValueSpecification","valueRequired":true,"valueName":"search_term_string"}}],"inLanguage":"en-GB"},{"@type":"Organization","@id":"https:\/\/ruuby.ee\/en\/#organization","name":"Ruuby Disain O\u00dc","alternateName":"Ruuby","url":"https:\/\/ruuby.ee\/en\/","logo":{"@type":"ImageObject","inLanguage":"en-GB","@id":"https:\/\/ruuby.ee\/en\/#\/schema\/logo\/image\/","url":"https:\/\/ruuby.ee\/wp-content\/uploads\/2023\/06\/cropped-Black-White-Elegant-Circle-Signature-Fashion-Logo-12_large.png","contentUrl":"https:\/\/ruuby.ee\/wp-content\/uploads\/2023\/06\/cropped-Black-White-Elegant-Circle-Signature-Fashion-Logo-12_large.png","width":1280,"height":747,"caption":"Ruuby Disain O\u00dc"},"image":{"@id":"https:\/\/ruuby.ee\/en\/#\/schema\/logo\/image\/"},"sameAs":["https:\/\/www.facebook.com\/ruubyconcept","https:\/\/www.instagram.com\/ruuby_concept\/"]}]}},"jetpack_sharing_enabled":true,"_links":{"self":[{"href":"https:\/\/ruuby.ee\/en\/wp-json\/wp\/v2\/product\/1857740","targetHints":{"allow":["GET"]}}],"collection":[{"href":"https:\/\/ruuby.ee\/en\/wp-json\/wp\/v2\/product"}],"about":[{"href":"https:\/\/ruuby.ee\/en\/wp-json\/wp\/v2\/types\/product"}],"replies":[{"embeddable":true,"href":"https:\/\/ruuby.ee\/en\/wp-json\/wp\/v2\/comments?post=1857740"}],"wp:featuredmedia":[{"embeddable":true,"href":"https:\/\/ruuby.ee\/en\/wp-json\/wp\/v2\/media\/1857823"}],"wp:attachment":[{"href":"https:\/\/ruuby.ee\/en\/wp-json\/wp\/v2\/media?parent=1857740"}],"wp:term":[{"taxonomy":"product_brand","embeddable":true,"href":"https:\/\/ruuby.ee\/en\/wp-json\/wp\/v2\/product_brand?post=1857740"},{"taxonomy":"product_cat","embeddable":true,"href":"https:\/\/ruuby.ee\/en\/wp-json\/wp\/v2\/product_cat?post=1857740"},{"taxonomy":"product_tag","embeddable":true,"href":"https:\/\/ruuby.ee\/en\/wp-json\/wp\/v2\/product_tag?post=1857740"}],"curies":[{"name":"wp","href":"https:\/\/api.w.org\/{rel}","templated":true}]}}