{"id":1857737,"date":"2025-11-19T20:39:55","date_gmt":"2025-11-19T18:39:55","guid":{"rendered":"https:\/\/ruuby.ee\/pood\/maaratlemata\/oyoy-mini-confetti-lauamatt-offwhite\/"},"modified":"2026-04-08T01:28:20","modified_gmt":"2026-04-07T22:28:20","slug":"oyoy-mini-confetti-lauamatt-offwhite","status":"publish","type":"product","link":"https:\/\/ruuby.ee\/en\/pood\/lapsed\/beebikaubad\/soogiaeg\/oyoy-mini-confetti-lauamatt-offwhite\/","title":{"rendered":"OYOY Mini Confetti lauamatt, Offwhite"},"content":{"rendered":"<p>100% silikoonist valmistatud lauamatt kaitseb v\u00e4rvi, markerite, m\u00e4ngutaigna ja muu eest.<\/p>\n<p>Lauamati \u00e4\u00e4red on k\u00f5rgendatud, et v\u00e4rv ja vesi maha ei valguks.<\/p>\n<p>V\u00e4rvilised konfetid lisavad m\u00e4ngulist h\u00f5ngu ja pange t\u00e4hele, et konfeti muster v\u00f5ib varieeruda, muutes iga mati ainulaadseks. Erksate konfettidega m\u00e4\u00e4rdunudvalges toonis suurendage oma loomingulist ruumi Confetti lauamati praktilisuse ja stiiliga.<\/p>\n<p>M\u00f5\u00f5tmed: P64 x L44 cm x K0,15 cm<\/p>","protected":false},"excerpt":{"rendered":"<p>100% silikoonist valmistatud matt kaitseb v\u00e4rvi, markerite, m\u00e4ngutaigna ja muu eest.<\/p>\n<p>Lauamati \u00e4\u00e4red on k\u00f5rgendatud, et v\u00e4rv ja vesi maha ei valguks.<\/p>","protected":false},"featured_media":1857811,"comment_status":"open","ping_status":"closed","template":"","meta":[],"product_brand":[],"product_cat":[262,661,22,682,67,681,659,665],"product_tag":[1152,1153],"class_list":{"0":"post-1857737","1":"product","2":"type-product","3":"status-publish","4":"has-post-thumbnail","6":"product_cat-beebikaubad","7":"product_cat-joonistusvahendid","8":"product_cat-lapsed","9":"product_cat-manguaeg","10":"product_cat-meisterdamine","11":"product_cat-soogiaeg","12":"product_cat-varviplakatid","13":"product_cat-voolimine","14":"product_tag-lauamatt","15":"product_tag-oyoy-mini","17":"first","18":"instock","19":"taxable","20":"shipping-taxable","21":"purchasable","22":"product-type-simple"},"yoast_head":"<!-- This site is optimized with the Yoast SEO plugin v27.3 - https:\/\/yoast.com\/product\/yoast-seo-wordpress\/ -->\n<title>OYOY Mini Confetti lauamatt, Offwhite - RUUBY<\/title>\n<meta name=\"robots\" content=\"index, follow, max-snippet:-1, max-image-preview:large, max-video-preview:-1\" \/>\n<link rel=\"canonical\" href=\"http:\/\/ruuby.ee\/en\/pood\/lapsed\/beebikaubad\/soogiaeg\/oyoy-mini-confetti-lauamatt-offwhite\/\" \/>\n<meta property=\"og:locale\" content=\"en_GB\" \/>\n<meta property=\"og:type\" content=\"article\" \/>\n<meta property=\"og:title\" content=\"OYOY Mini Confetti lauamatt, Offwhite - RUUBY\" \/>\n<meta property=\"og:description\" content=\"100% silikoonist valmistatud matt kaitseb v\u00e4rvi, markerite, m\u00e4ngutaigna ja muu eest.  Lauamati \u00e4\u00e4red on k\u00f5rgendatud, et v\u00e4rv ja vesi maha ei valguks.\" \/>\n<meta property=\"og:url\" content=\"http:\/\/ruuby.ee\/en\/pood\/lapsed\/beebikaubad\/soogiaeg\/oyoy-mini-confetti-lauamatt-offwhite\/\" \/>\n<meta property=\"og:site_name\" content=\"RUUBY\" \/>\n<meta property=\"article:publisher\" content=\"https:\/\/www.facebook.com\/ruubyconcept\" \/>\n<meta property=\"article:modified_time\" content=\"2026-04-07T22:28:20+00:00\" \/>\n<meta property=\"og:image\" content=\"http:\/\/ruuby.ee\/wp-content\/uploads\/2025\/11\/Screenshot-2025-11-19-at-21.42.39.png\" \/>\n\t<meta property=\"og:image:width\" content=\"1108\" \/>\n\t<meta property=\"og:image:height\" content=\"722\" \/>\n\t<meta property=\"og:image:type\" content=\"image\/png\" \/>\n<meta name=\"twitter:card\" content=\"summary_large_image\" \/>\n<meta name=\"twitter:label1\" content=\"Estimated reading time\" \/>\n\t<meta name=\"twitter:data1\" content=\"1 minute\" \/>\n<script type=\"application\/ld+json\" class=\"yoast-schema-graph\">{\"@context\":\"https:\\\/\\\/schema.org\",\"@graph\":[{\"@type\":[\"WebPage\",\"ItemPage\"],\"@id\":\"http:\\\/\\\/ruuby.ee\\\/pood\\\/lapsed\\\/beebikaubad\\\/soogiaeg\\\/oyoy-mini-confetti-lauamatt-offwhite\\\/\",\"url\":\"http:\\\/\\\/ruuby.ee\\\/pood\\\/lapsed\\\/beebikaubad\\\/soogiaeg\\\/oyoy-mini-confetti-lauamatt-offwhite\\\/\",\"name\":\"OYOY Mini Confetti lauamatt, Offwhite - RUUBY\",\"isPartOf\":{\"@id\":\"https:\\\/\\\/ruuby.ee\\\/en\\\/#website\"},\"primaryImageOfPage\":{\"@id\":\"http:\\\/\\\/ruuby.ee\\\/pood\\\/lapsed\\\/beebikaubad\\\/soogiaeg\\\/oyoy-mini-confetti-lauamatt-offwhite\\\/#primaryimage\"},\"image\":{\"@id\":\"http:\\\/\\\/ruuby.ee\\\/pood\\\/lapsed\\\/beebikaubad\\\/soogiaeg\\\/oyoy-mini-confetti-lauamatt-offwhite\\\/#primaryimage\"},\"thumbnailUrl\":\"https:\\\/\\\/ruuby.ee\\\/wp-content\\\/uploads\\\/2025\\\/11\\\/Screenshot-2025-11-19-at-21.42.39.png\",\"datePublished\":\"2025-11-19T18:39:55+00:00\",\"dateModified\":\"2026-04-07T22:28:20+00:00\",\"breadcrumb\":{\"@id\":\"http:\\\/\\\/ruuby.ee\\\/pood\\\/lapsed\\\/beebikaubad\\\/soogiaeg\\\/oyoy-mini-confetti-lauamatt-offwhite\\\/#breadcrumb\"},\"inLanguage\":\"en-GB\",\"potentialAction\":[{\"@type\":\"ReadAction\",\"target\":[\"http:\\\/\\\/ruuby.ee\\\/pood\\\/lapsed\\\/beebikaubad\\\/soogiaeg\\\/oyoy-mini-confetti-lauamatt-offwhite\\\/\"]}]},{\"@type\":\"ImageObject\",\"inLanguage\":\"en-GB\",\"@id\":\"http:\\\/\\\/ruuby.ee\\\/pood\\\/lapsed\\\/beebikaubad\\\/soogiaeg\\\/oyoy-mini-confetti-lauamatt-offwhite\\\/#primaryimage\",\"url\":\"https:\\\/\\\/ruuby.ee\\\/wp-content\\\/uploads\\\/2025\\\/11\\\/Screenshot-2025-11-19-at-21.42.39.png\",\"contentUrl\":\"https:\\\/\\\/ruuby.ee\\\/wp-content\\\/uploads\\\/2025\\\/11\\\/Screenshot-2025-11-19-at-21.42.39.png\",\"width\":1108,\"height\":722},{\"@type\":\"BreadcrumbList\",\"@id\":\"http:\\\/\\\/ruuby.ee\\\/pood\\\/lapsed\\\/beebikaubad\\\/soogiaeg\\\/oyoy-mini-confetti-lauamatt-offwhite\\\/#breadcrumb\",\"itemListElement\":[{\"@type\":\"ListItem\",\"position\":1,\"name\":\"Kdu\",\"item\":\"https:\\\/\\\/ruuby.ee\\\/en\\\/\"},{\"@type\":\"ListItem\",\"position\":2,\"name\":\"Pood\",\"item\":\"https:\\\/\\\/ruuby.ee\\\/en\\\/pood\\\/\"},{\"@type\":\"ListItem\",\"position\":3,\"name\":\"OYOY Mini Confetti lauamatt, Offwhite\"}]},{\"@type\":\"WebSite\",\"@id\":\"https:\\\/\\\/ruuby.ee\\\/en\\\/#website\",\"url\":\"https:\\\/\\\/ruuby.ee\\\/en\\\/\",\"name\":\"RUUBY\",\"description\":\"Ruubys on \u00fchendatud elustiil ja disain\",\"publisher\":{\"@id\":\"https:\\\/\\\/ruuby.ee\\\/en\\\/#organization\"},\"alternateName\":\"Ruuby Disain\",\"potentialAction\":[{\"@type\":\"SearchAction\",\"target\":{\"@type\":\"EntryPoint\",\"urlTemplate\":\"https:\\\/\\\/ruuby.ee\\\/en\\\/?s={search_term_string}\"},\"query-input\":{\"@type\":\"PropertyValueSpecification\",\"valueRequired\":true,\"valueName\":\"search_term_string\"}}],\"inLanguage\":\"en-GB\"},{\"@type\":\"Organization\",\"@id\":\"https:\\\/\\\/ruuby.ee\\\/en\\\/#organization\",\"name\":\"Ruuby Disain O\u00dc\",\"alternateName\":\"Ruuby\",\"url\":\"https:\\\/\\\/ruuby.ee\\\/en\\\/\",\"logo\":{\"@type\":\"ImageObject\",\"inLanguage\":\"en-GB\",\"@id\":\"https:\\\/\\\/ruuby.ee\\\/en\\\/#\\\/schema\\\/logo\\\/image\\\/\",\"url\":\"https:\\\/\\\/ruuby.ee\\\/wp-content\\\/uploads\\\/2023\\\/06\\\/cropped-Black-White-Elegant-Circle-Signature-Fashion-Logo-12_large.png\",\"contentUrl\":\"https:\\\/\\\/ruuby.ee\\\/wp-content\\\/uploads\\\/2023\\\/06\\\/cropped-Black-White-Elegant-Circle-Signature-Fashion-Logo-12_large.png\",\"width\":1280,\"height\":747,\"caption\":\"Ruuby Disain O\u00dc\"},\"image\":{\"@id\":\"https:\\\/\\\/ruuby.ee\\\/en\\\/#\\\/schema\\\/logo\\\/image\\\/\"},\"sameAs\":[\"https:\\\/\\\/www.facebook.com\\\/ruubyconcept\",\"https:\\\/\\\/www.instagram.com\\\/ruuby_concept\\\/\"]}]}<\/script>\n<!-- \/ Yoast SEO plugin. -->","yoast_head_json":{"title":"OYOY Mini Confetti lauamatt, Offwhite - RUUBY","robots":{"index":"index","follow":"follow","max-snippet":"max-snippet:-1","max-image-preview":"max-image-preview:large","max-video-preview":"max-video-preview:-1"},"canonical":"http:\/\/ruuby.ee\/en\/pood\/lapsed\/beebikaubad\/soogiaeg\/oyoy-mini-confetti-lauamatt-offwhite\/","og_locale":"en_GB","og_type":"article","og_title":"OYOY Mini Confetti lauamatt, Offwhite - RUUBY","og_description":"100% silikoonist valmistatud matt kaitseb v\u00e4rvi, markerite, m\u00e4ngutaigna ja muu eest.  Lauamati \u00e4\u00e4red on k\u00f5rgendatud, et v\u00e4rv ja vesi maha ei valguks.","og_url":"http:\/\/ruuby.ee\/en\/pood\/lapsed\/beebikaubad\/soogiaeg\/oyoy-mini-confetti-lauamatt-offwhite\/","og_site_name":"RUUBY","article_publisher":"https:\/\/www.facebook.com\/ruubyconcept","article_modified_time":"2026-04-07T22:28:20+00:00","og_image":[{"width":1108,"height":722,"url":"http:\/\/ruuby.ee\/wp-content\/uploads\/2025\/11\/Screenshot-2025-11-19-at-21.42.39.png","type":"image\/png"}],"twitter_card":"summary_large_image","twitter_misc":{"Estimated reading time":"1 minute"},"schema":{"@context":"https:\/\/schema.org","@graph":[{"@type":["WebPage","ItemPage"],"@id":"http:\/\/ruuby.ee\/pood\/lapsed\/beebikaubad\/soogiaeg\/oyoy-mini-confetti-lauamatt-offwhite\/","url":"http:\/\/ruuby.ee\/pood\/lapsed\/beebikaubad\/soogiaeg\/oyoy-mini-confetti-lauamatt-offwhite\/","name":"OYOY Mini Confetti lauamatt, Offwhite - RUUBY","isPartOf":{"@id":"https:\/\/ruuby.ee\/en\/#website"},"primaryImageOfPage":{"@id":"http:\/\/ruuby.ee\/pood\/lapsed\/beebikaubad\/soogiaeg\/oyoy-mini-confetti-lauamatt-offwhite\/#primaryimage"},"image":{"@id":"http:\/\/ruuby.ee\/pood\/lapsed\/beebikaubad\/soogiaeg\/oyoy-mini-confetti-lauamatt-offwhite\/#primaryimage"},"thumbnailUrl":"https:\/\/ruuby.ee\/wp-content\/uploads\/2025\/11\/Screenshot-2025-11-19-at-21.42.39.png","datePublished":"2025-11-19T18:39:55+00:00","dateModified":"2026-04-07T22:28:20+00:00","breadcrumb":{"@id":"http:\/\/ruuby.ee\/pood\/lapsed\/beebikaubad\/soogiaeg\/oyoy-mini-confetti-lauamatt-offwhite\/#breadcrumb"},"inLanguage":"en-GB","potentialAction":[{"@type":"ReadAction","target":["http:\/\/ruuby.ee\/pood\/lapsed\/beebikaubad\/soogiaeg\/oyoy-mini-confetti-lauamatt-offwhite\/"]}]},{"@type":"ImageObject","inLanguage":"en-GB","@id":"http:\/\/ruuby.ee\/pood\/lapsed\/beebikaubad\/soogiaeg\/oyoy-mini-confetti-lauamatt-offwhite\/#primaryimage","url":"https:\/\/ruuby.ee\/wp-content\/uploads\/2025\/11\/Screenshot-2025-11-19-at-21.42.39.png","contentUrl":"https:\/\/ruuby.ee\/wp-content\/uploads\/2025\/11\/Screenshot-2025-11-19-at-21.42.39.png","width":1108,"height":722},{"@type":"BreadcrumbList","@id":"http:\/\/ruuby.ee\/pood\/lapsed\/beebikaubad\/soogiaeg\/oyoy-mini-confetti-lauamatt-offwhite\/#breadcrumb","itemListElement":[{"@type":"ListItem","position":1,"name":"Kdu","item":"https:\/\/ruuby.ee\/en\/"},{"@type":"ListItem","position":2,"name":"Pood","item":"https:\/\/ruuby.ee\/en\/pood\/"},{"@type":"ListItem","position":3,"name":"OYOY Mini Confetti lauamatt, Offwhite"}]},{"@type":"WebSite","@id":"https:\/\/ruuby.ee\/en\/#website","url":"https:\/\/ruuby.ee\/en\/","name":"RUUBY","description":"Ruubys on \u00fchendatud elustiil ja disain","publisher":{"@id":"https:\/\/ruuby.ee\/en\/#organization"},"alternateName":"Ruuby Disain","potentialAction":[{"@type":"SearchAction","target":{"@type":"EntryPoint","urlTemplate":"https:\/\/ruuby.ee\/en\/?s={search_term_string}"},"query-input":{"@type":"PropertyValueSpecification","valueRequired":true,"valueName":"search_term_string"}}],"inLanguage":"en-GB"},{"@type":"Organization","@id":"https:\/\/ruuby.ee\/en\/#organization","name":"Ruuby Disain O\u00dc","alternateName":"Ruuby","url":"https:\/\/ruuby.ee\/en\/","logo":{"@type":"ImageObject","inLanguage":"en-GB","@id":"https:\/\/ruuby.ee\/en\/#\/schema\/logo\/image\/","url":"https:\/\/ruuby.ee\/wp-content\/uploads\/2023\/06\/cropped-Black-White-Elegant-Circle-Signature-Fashion-Logo-12_large.png","contentUrl":"https:\/\/ruuby.ee\/wp-content\/uploads\/2023\/06\/cropped-Black-White-Elegant-Circle-Signature-Fashion-Logo-12_large.png","width":1280,"height":747,"caption":"Ruuby Disain O\u00dc"},"image":{"@id":"https:\/\/ruuby.ee\/en\/#\/schema\/logo\/image\/"},"sameAs":["https:\/\/www.facebook.com\/ruubyconcept","https:\/\/www.instagram.com\/ruuby_concept\/"]}]}},"jetpack_sharing_enabled":true,"_links":{"self":[{"href":"https:\/\/ruuby.ee\/en\/wp-json\/wp\/v2\/product\/1857737","targetHints":{"allow":["GET"]}}],"collection":[{"href":"https:\/\/ruuby.ee\/en\/wp-json\/wp\/v2\/product"}],"about":[{"href":"https:\/\/ruuby.ee\/en\/wp-json\/wp\/v2\/types\/product"}],"replies":[{"embeddable":true,"href":"https:\/\/ruuby.ee\/en\/wp-json\/wp\/v2\/comments?post=1857737"}],"wp:featuredmedia":[{"embeddable":true,"href":"https:\/\/ruuby.ee\/en\/wp-json\/wp\/v2\/media\/1857811"}],"wp:attachment":[{"href":"https:\/\/ruuby.ee\/en\/wp-json\/wp\/v2\/media?parent=1857737"}],"wp:term":[{"taxonomy":"product_brand","embeddable":true,"href":"https:\/\/ruuby.ee\/en\/wp-json\/wp\/v2\/product_brand?post=1857737"},{"taxonomy":"product_cat","embeddable":true,"href":"https:\/\/ruuby.ee\/en\/wp-json\/wp\/v2\/product_cat?post=1857737"},{"taxonomy":"product_tag","embeddable":true,"href":"https:\/\/ruuby.ee\/en\/wp-json\/wp\/v2\/product_tag?post=1857737"}],"curies":[{"name":"wp","href":"https:\/\/api.w.org\/{rel}","templated":true}]}}