{"id":1857711,"date":"2025-11-18T22:16:57","date_gmt":"2025-11-18T20:16:57","guid":{"rendered":"https:\/\/ruuby.ee\/pood\/maaratlemata\/ester-erik-koonuskuunal-37-cm-soft-clay-2tk\/"},"modified":"2026-04-08T01:28:20","modified_gmt":"2026-04-07T22:28:20","slug":"ester-erik-koonuskuunal-37-cm-soft-clay-2tk","status":"publish","type":"product","link":"https:\/\/ruuby.ee\/en\/pood\/kodusisustus\/kuunlad\/kuunlad-kuunlad\/ester-erik-koonuskuunal-37-cm-soft-clay-2tk\/","title":{"rendered":"ESTER &amp; ERIK Koonusk\u00fc\u00fcnal 37 cm, Soft Clay 2tk"},"content":{"rendered":"<p>Algselt toodeti ester &amp; erik koonusk\u00fc\u00fcnlaid dekoratiivsete j\u00f5uluk\u00fc\u00fcnaldena pidulike p\u00e4rgade ja kaunistuste jaoks. Peagi sai aga koonusk\u00fc\u00fcnlast populaarne sisustustoode, mida n\u00fc\u00fcd m\u00fc\u00fcakse aastaringselt.<\/p>\n<p><strong>P\u00f5lemisaeg:<\/strong> 25h<\/p>\n<p><strong>Diameeter:<\/strong> 4.4cm<\/p>\n<p><strong>Materjal:<\/strong> K\u00fc\u00fcnal on valmistatud 100% puhtast l\u00f5hnavabast parafiinvahast Euroopa juhtivalt tootjalt. K\u00fc\u00fcnal on toodetud ester &amp; erik tehases Taanis ja taht on valmistatud 100% puuvillast.<\/p>\n<p><strong>Jalg:<\/strong> k\u00fc\u00fcnla jalg on koonusekujuline, mis t\u00e4hendab, et k\u00fc\u00fcnal sobib enamikule k\u00fc\u00fcnlahoidjatest.<\/p>\n<p><strong>Isekustuv:<\/strong> K\u00fc\u00fcnal on isekustuv, mist\u00f5ttu leek kustub 2-3 sentimeetri kaugusel p\u00f5hjast (soovitame siiski mitte kunagi j\u00e4tta p\u00f5levaid k\u00fc\u00fcnlaid j\u00e4relevalveta).<\/p>\n<p><strong>Kustutusjuhend:<\/strong> K\u00fc\u00fcnla kustutamiseks soovitame kasutada k\u00fc\u00fcnalkustutit. See v\u00e4ldib suitsu teket ja tagab k\u00fc\u00fcnla t\u00e4ieliku kustumise, v\u00e4ltides nii tahi suitsutamist. K\u00fc\u00fcnlakusuti kustutab p\u00f5leva tahi t\u00e4ielikult, nii et taht j\u00e4\u00e4b terveks.<\/p>\n<p><strong>K\u00fc\u00fcnlap\u00f5letamise n\u00e4pun\u00e4ited<\/strong>: K\u00fc\u00fcnla parimal v\u00f5imalikul p\u00f5lemisel soovitame hoida taht l\u00fchikesena, asetada k\u00fc\u00fcnlad \u00fcksteisest minimaalselt 10 cm kaugusele ja v\u00e4ltida k\u00fc\u00fcnalde asetamist otsese p\u00e4ikesevalguse, tuulet\u00f5mbuse v\u00f5i radiaatori kohale.<\/p>","protected":false},"excerpt":{"rendered":"<p>Koonusk\u00fc\u00fcnal on v\u00e4ga mitmek\u00fclgne toode. Klassikalise kujuga on see iseenesest elegantne, aga istub ilusti ka erinevatel k\u00fc\u00fcnlaplaatidel v\u00f5i paljudel muudel pindadel, n\u00e4iteks klaasit\u00fckil, toortsemendilaual v\u00f5i marmorit\u00fckil \u2013 k\u00f5ik on v\u00f5imalik, sest k\u00fc\u00fcnlale pole hoidja vajalik.<\/p>","protected":false},"featured_media":1857719,"comment_status":"open","ping_status":"closed","template":"","meta":[],"product_brand":[],"product_cat":[42,740,54],"product_tag":[252],"class_list":{"0":"post-1857711","1":"product","2":"type-product","3":"status-publish","4":"has-post-thumbnail","6":"product_cat-kodusisustus","7":"product_cat-kuunlad-kuunlad","8":"product_cat-kuunlad","9":"product_tag-kuunal","11":"first","12":"instock","13":"taxable","14":"shipping-taxable","15":"purchasable","16":"product-type-simple"},"yoast_head":"<!-- This site is optimized with the Yoast SEO plugin v27.3 - https:\/\/yoast.com\/product\/yoast-seo-wordpress\/ -->\n<title>ESTER &amp; ERIK Koonusk\u00fc\u00fcnal 37 cm, Soft Clay 2tk - RUUBY<\/title>\n<meta name=\"robots\" content=\"index, follow, max-snippet:-1, max-image-preview:large, max-video-preview:-1\" \/>\n<link rel=\"canonical\" href=\"http:\/\/ruuby.ee\/en\/pood\/kodusisustus\/kuunlad\/kuunlad-kuunlad\/ester-erik-koonuskuunal-37-cm-soft-clay-2tk\/\" \/>\n<meta property=\"og:locale\" content=\"en_GB\" \/>\n<meta property=\"og:type\" content=\"article\" \/>\n<meta property=\"og:title\" content=\"ESTER &amp; ERIK Koonusk\u00fc\u00fcnal 37 cm, Soft Clay 2tk - RUUBY\" \/>\n<meta property=\"og:description\" content=\"Koonusk\u00fc\u00fcnal on v\u00e4ga mitmek\u00fclgne toode. Klassikalise kujuga on see iseenesest elegantne, aga istub ilusti ka erinevatel k\u00fc\u00fcnlaplaatidel v\u00f5i paljudel muudel pindadel, n\u00e4iteks klaasit\u00fckil, toortsemendilaual v\u00f5i marmorit\u00fckil \u2013 k\u00f5ik on v\u00f5imalik, sest k\u00fc\u00fcnlale pole hoidja vajalik.\" \/>\n<meta property=\"og:url\" content=\"http:\/\/ruuby.ee\/en\/pood\/kodusisustus\/kuunlad\/kuunlad-kuunlad\/ester-erik-koonuskuunal-37-cm-soft-clay-2tk\/\" \/>\n<meta property=\"og:site_name\" content=\"RUUBY\" \/>\n<meta property=\"article:publisher\" content=\"https:\/\/www.facebook.com\/ruubyconcept\" \/>\n<meta property=\"article:modified_time\" content=\"2026-04-07T22:28:20+00:00\" \/>\n<meta property=\"og:image\" content=\"http:\/\/ruuby.ee\/wp-content\/uploads\/2025\/11\/Screenshot-2025-11-18-at-22.24.54.png\" \/>\n\t<meta property=\"og:image:width\" content=\"1150\" \/>\n\t<meta property=\"og:image:height\" content=\"1094\" \/>\n\t<meta property=\"og:image:type\" content=\"image\/png\" \/>\n<meta name=\"twitter:card\" content=\"summary_large_image\" \/>\n<meta name=\"twitter:label1\" content=\"Estimated reading time\" \/>\n\t<meta name=\"twitter:data1\" content=\"1 minute\" \/>\n<script type=\"application\/ld+json\" class=\"yoast-schema-graph\">{\"@context\":\"https:\\\/\\\/schema.org\",\"@graph\":[{\"@type\":[\"WebPage\",\"ItemPage\"],\"@id\":\"http:\\\/\\\/ruuby.ee\\\/en\\\/pood\\\/kodusisustus\\\/kuunlad\\\/kuunlad-kuunlad\\\/ester-erik-koonuskuunal-37-cm-soft-clay-2tk\\\/\",\"url\":\"http:\\\/\\\/ruuby.ee\\\/en\\\/pood\\\/kodusisustus\\\/kuunlad\\\/kuunlad-kuunlad\\\/ester-erik-koonuskuunal-37-cm-soft-clay-2tk\\\/\",\"name\":\"ESTER &amp; ERIK Koonusk\u00fc\u00fcnal 37 cm, Soft Clay 2tk - RUUBY\",\"isPartOf\":{\"@id\":\"http:\\\/\\\/ruuby.ee\\\/#website\"},\"primaryImageOfPage\":{\"@id\":\"http:\\\/\\\/ruuby.ee\\\/en\\\/pood\\\/kodusisustus\\\/kuunlad\\\/kuunlad-kuunlad\\\/ester-erik-koonuskuunal-37-cm-soft-clay-2tk\\\/#primaryimage\"},\"image\":{\"@id\":\"http:\\\/\\\/ruuby.ee\\\/en\\\/pood\\\/kodusisustus\\\/kuunlad\\\/kuunlad-kuunlad\\\/ester-erik-koonuskuunal-37-cm-soft-clay-2tk\\\/#primaryimage\"},\"thumbnailUrl\":\"https:\\\/\\\/ruuby.ee\\\/wp-content\\\/uploads\\\/2025\\\/11\\\/Screenshot-2025-11-18-at-22.24.54.png\",\"datePublished\":\"2025-11-18T20:16:57+00:00\",\"dateModified\":\"2026-04-07T22:28:20+00:00\",\"breadcrumb\":{\"@id\":\"http:\\\/\\\/ruuby.ee\\\/en\\\/pood\\\/kodusisustus\\\/kuunlad\\\/kuunlad-kuunlad\\\/ester-erik-koonuskuunal-37-cm-soft-clay-2tk\\\/#breadcrumb\"},\"inLanguage\":\"en-GB\",\"potentialAction\":[{\"@type\":\"ReadAction\",\"target\":[\"http:\\\/\\\/ruuby.ee\\\/en\\\/pood\\\/kodusisustus\\\/kuunlad\\\/kuunlad-kuunlad\\\/ester-erik-koonuskuunal-37-cm-soft-clay-2tk\\\/\"]}]},{\"@type\":\"ImageObject\",\"inLanguage\":\"en-GB\",\"@id\":\"http:\\\/\\\/ruuby.ee\\\/en\\\/pood\\\/kodusisustus\\\/kuunlad\\\/kuunlad-kuunlad\\\/ester-erik-koonuskuunal-37-cm-soft-clay-2tk\\\/#primaryimage\",\"url\":\"https:\\\/\\\/ruuby.ee\\\/wp-content\\\/uploads\\\/2025\\\/11\\\/Screenshot-2025-11-18-at-22.24.54.png\",\"contentUrl\":\"https:\\\/\\\/ruuby.ee\\\/wp-content\\\/uploads\\\/2025\\\/11\\\/Screenshot-2025-11-18-at-22.24.54.png\",\"width\":1150,\"height\":1094},{\"@type\":\"BreadcrumbList\",\"@id\":\"http:\\\/\\\/ruuby.ee\\\/en\\\/pood\\\/kodusisustus\\\/kuunlad\\\/kuunlad-kuunlad\\\/ester-erik-koonuskuunal-37-cm-soft-clay-2tk\\\/#breadcrumb\",\"itemListElement\":[{\"@type\":\"ListItem\",\"position\":1,\"name\":\"Kdu\",\"item\":\"http:\\\/\\\/ruuby.ee\\\/\"},{\"@type\":\"ListItem\",\"position\":2,\"name\":\"Pood\",\"item\":\"http:\\\/\\\/ruuby.ee\\\/pood\\\/\"},{\"@type\":\"ListItem\",\"position\":3,\"name\":\"ESTER &amp; ERIK Koonusk\u00fc\u00fcnal 37 cm, Soft Clay 2tk\"}]},{\"@type\":\"WebSite\",\"@id\":\"http:\\\/\\\/ruuby.ee\\\/#website\",\"url\":\"http:\\\/\\\/ruuby.ee\\\/\",\"name\":\"RUUBY\",\"description\":\"Ruubys on \u00fchendatud elustiil ja disain\",\"publisher\":{\"@id\":\"http:\\\/\\\/ruuby.ee\\\/#organization\"},\"alternateName\":\"Ruuby Disain\",\"potentialAction\":[{\"@type\":\"SearchAction\",\"target\":{\"@type\":\"EntryPoint\",\"urlTemplate\":\"http:\\\/\\\/ruuby.ee\\\/?s={search_term_string}\"},\"query-input\":{\"@type\":\"PropertyValueSpecification\",\"valueRequired\":true,\"valueName\":\"search_term_string\"}}],\"inLanguage\":\"en-GB\"},{\"@type\":\"Organization\",\"@id\":\"http:\\\/\\\/ruuby.ee\\\/#organization\",\"name\":\"Ruuby Disain O\u00dc\",\"alternateName\":\"Ruuby\",\"url\":\"http:\\\/\\\/ruuby.ee\\\/\",\"logo\":{\"@type\":\"ImageObject\",\"inLanguage\":\"en-GB\",\"@id\":\"http:\\\/\\\/ruuby.ee\\\/#\\\/schema\\\/logo\\\/image\\\/\",\"url\":\"https:\\\/\\\/ruuby.ee\\\/wp-content\\\/uploads\\\/2023\\\/06\\\/cropped-Black-White-Elegant-Circle-Signature-Fashion-Logo-12_large.png\",\"contentUrl\":\"https:\\\/\\\/ruuby.ee\\\/wp-content\\\/uploads\\\/2023\\\/06\\\/cropped-Black-White-Elegant-Circle-Signature-Fashion-Logo-12_large.png\",\"width\":1280,\"height\":747,\"caption\":\"Ruuby Disain O\u00dc\"},\"image\":{\"@id\":\"http:\\\/\\\/ruuby.ee\\\/#\\\/schema\\\/logo\\\/image\\\/\"},\"sameAs\":[\"https:\\\/\\\/www.facebook.com\\\/ruubyconcept\",\"https:\\\/\\\/www.instagram.com\\\/ruuby_concept\\\/\"]}]}<\/script>\n<!-- \/ Yoast SEO plugin. -->","yoast_head_json":{"title":"ESTER &amp; ERIK Koonusk\u00fc\u00fcnal 37 cm, Soft Clay 2tk - RUUBY","robots":{"index":"index","follow":"follow","max-snippet":"max-snippet:-1","max-image-preview":"max-image-preview:large","max-video-preview":"max-video-preview:-1"},"canonical":"http:\/\/ruuby.ee\/en\/pood\/kodusisustus\/kuunlad\/kuunlad-kuunlad\/ester-erik-koonuskuunal-37-cm-soft-clay-2tk\/","og_locale":"en_GB","og_type":"article","og_title":"ESTER &amp; ERIK Koonusk\u00fc\u00fcnal 37 cm, Soft Clay 2tk - RUUBY","og_description":"Koonusk\u00fc\u00fcnal on v\u00e4ga mitmek\u00fclgne toode. Klassikalise kujuga on see iseenesest elegantne, aga istub ilusti ka erinevatel k\u00fc\u00fcnlaplaatidel v\u00f5i paljudel muudel pindadel, n\u00e4iteks klaasit\u00fckil, toortsemendilaual v\u00f5i marmorit\u00fckil \u2013 k\u00f5ik on v\u00f5imalik, sest k\u00fc\u00fcnlale pole hoidja vajalik.","og_url":"http:\/\/ruuby.ee\/en\/pood\/kodusisustus\/kuunlad\/kuunlad-kuunlad\/ester-erik-koonuskuunal-37-cm-soft-clay-2tk\/","og_site_name":"RUUBY","article_publisher":"https:\/\/www.facebook.com\/ruubyconcept","article_modified_time":"2026-04-07T22:28:20+00:00","og_image":[{"width":1150,"height":1094,"url":"http:\/\/ruuby.ee\/wp-content\/uploads\/2025\/11\/Screenshot-2025-11-18-at-22.24.54.png","type":"image\/png"}],"twitter_card":"summary_large_image","twitter_misc":{"Estimated reading time":"1 minute"},"schema":{"@context":"https:\/\/schema.org","@graph":[{"@type":["WebPage","ItemPage"],"@id":"http:\/\/ruuby.ee\/en\/pood\/kodusisustus\/kuunlad\/kuunlad-kuunlad\/ester-erik-koonuskuunal-37-cm-soft-clay-2tk\/","url":"http:\/\/ruuby.ee\/en\/pood\/kodusisustus\/kuunlad\/kuunlad-kuunlad\/ester-erik-koonuskuunal-37-cm-soft-clay-2tk\/","name":"ESTER &amp; ERIK Koonusk\u00fc\u00fcnal 37 cm, Soft Clay 2tk - RUUBY","isPartOf":{"@id":"http:\/\/ruuby.ee\/#website"},"primaryImageOfPage":{"@id":"http:\/\/ruuby.ee\/en\/pood\/kodusisustus\/kuunlad\/kuunlad-kuunlad\/ester-erik-koonuskuunal-37-cm-soft-clay-2tk\/#primaryimage"},"image":{"@id":"http:\/\/ruuby.ee\/en\/pood\/kodusisustus\/kuunlad\/kuunlad-kuunlad\/ester-erik-koonuskuunal-37-cm-soft-clay-2tk\/#primaryimage"},"thumbnailUrl":"https:\/\/ruuby.ee\/wp-content\/uploads\/2025\/11\/Screenshot-2025-11-18-at-22.24.54.png","datePublished":"2025-11-18T20:16:57+00:00","dateModified":"2026-04-07T22:28:20+00:00","breadcrumb":{"@id":"http:\/\/ruuby.ee\/en\/pood\/kodusisustus\/kuunlad\/kuunlad-kuunlad\/ester-erik-koonuskuunal-37-cm-soft-clay-2tk\/#breadcrumb"},"inLanguage":"en-GB","potentialAction":[{"@type":"ReadAction","target":["http:\/\/ruuby.ee\/en\/pood\/kodusisustus\/kuunlad\/kuunlad-kuunlad\/ester-erik-koonuskuunal-37-cm-soft-clay-2tk\/"]}]},{"@type":"ImageObject","inLanguage":"en-GB","@id":"http:\/\/ruuby.ee\/en\/pood\/kodusisustus\/kuunlad\/kuunlad-kuunlad\/ester-erik-koonuskuunal-37-cm-soft-clay-2tk\/#primaryimage","url":"https:\/\/ruuby.ee\/wp-content\/uploads\/2025\/11\/Screenshot-2025-11-18-at-22.24.54.png","contentUrl":"https:\/\/ruuby.ee\/wp-content\/uploads\/2025\/11\/Screenshot-2025-11-18-at-22.24.54.png","width":1150,"height":1094},{"@type":"BreadcrumbList","@id":"http:\/\/ruuby.ee\/en\/pood\/kodusisustus\/kuunlad\/kuunlad-kuunlad\/ester-erik-koonuskuunal-37-cm-soft-clay-2tk\/#breadcrumb","itemListElement":[{"@type":"ListItem","position":1,"name":"Kdu","item":"http:\/\/ruuby.ee\/"},{"@type":"ListItem","position":2,"name":"Pood","item":"http:\/\/ruuby.ee\/pood\/"},{"@type":"ListItem","position":3,"name":"ESTER &amp; ERIK Koonusk\u00fc\u00fcnal 37 cm, Soft Clay 2tk"}]},{"@type":"WebSite","@id":"http:\/\/ruuby.ee\/#website","url":"http:\/\/ruuby.ee\/","name":"RUUBY","description":"Ruubys on \u00fchendatud elustiil ja disain","publisher":{"@id":"http:\/\/ruuby.ee\/#organization"},"alternateName":"Ruuby Disain","potentialAction":[{"@type":"SearchAction","target":{"@type":"EntryPoint","urlTemplate":"http:\/\/ruuby.ee\/?s={search_term_string}"},"query-input":{"@type":"PropertyValueSpecification","valueRequired":true,"valueName":"search_term_string"}}],"inLanguage":"en-GB"},{"@type":"Organization","@id":"http:\/\/ruuby.ee\/#organization","name":"Ruuby Disain O\u00dc","alternateName":"Ruuby","url":"http:\/\/ruuby.ee\/","logo":{"@type":"ImageObject","inLanguage":"en-GB","@id":"http:\/\/ruuby.ee\/#\/schema\/logo\/image\/","url":"https:\/\/ruuby.ee\/wp-content\/uploads\/2023\/06\/cropped-Black-White-Elegant-Circle-Signature-Fashion-Logo-12_large.png","contentUrl":"https:\/\/ruuby.ee\/wp-content\/uploads\/2023\/06\/cropped-Black-White-Elegant-Circle-Signature-Fashion-Logo-12_large.png","width":1280,"height":747,"caption":"Ruuby Disain O\u00dc"},"image":{"@id":"http:\/\/ruuby.ee\/#\/schema\/logo\/image\/"},"sameAs":["https:\/\/www.facebook.com\/ruubyconcept","https:\/\/www.instagram.com\/ruuby_concept\/"]}]}},"jetpack_sharing_enabled":true,"_links":{"self":[{"href":"https:\/\/ruuby.ee\/en\/wp-json\/wp\/v2\/product\/1857711","targetHints":{"allow":["GET"]}}],"collection":[{"href":"https:\/\/ruuby.ee\/en\/wp-json\/wp\/v2\/product"}],"about":[{"href":"https:\/\/ruuby.ee\/en\/wp-json\/wp\/v2\/types\/product"}],"replies":[{"embeddable":true,"href":"https:\/\/ruuby.ee\/en\/wp-json\/wp\/v2\/comments?post=1857711"}],"wp:featuredmedia":[{"embeddable":true,"href":"https:\/\/ruuby.ee\/en\/wp-json\/wp\/v2\/media\/1857719"}],"wp:attachment":[{"href":"https:\/\/ruuby.ee\/en\/wp-json\/wp\/v2\/media?parent=1857711"}],"wp:term":[{"taxonomy":"product_brand","embeddable":true,"href":"https:\/\/ruuby.ee\/en\/wp-json\/wp\/v2\/product_brand?post=1857711"},{"taxonomy":"product_cat","embeddable":true,"href":"https:\/\/ruuby.ee\/en\/wp-json\/wp\/v2\/product_cat?post=1857711"},{"taxonomy":"product_tag","embeddable":true,"href":"https:\/\/ruuby.ee\/en\/wp-json\/wp\/v2\/product_tag?post=1857711"}],"curies":[{"name":"wp","href":"https:\/\/api.w.org\/{rel}","templated":true}]}}