{"id":1857686,"date":"2025-11-18T21:30:47","date_gmt":"2025-11-18T19:30:47","guid":{"rendered":"https:\/\/ruuby.ee\/pood\/maaratlemata\/timi-of-sweden-kuldsed-korvarongad-noya\/"},"modified":"2026-04-05T01:25:15","modified_gmt":"2026-04-04T22:25:15","slug":"timi-of-sweden-kuldsed-korvarongad-noya","status":"publish","type":"product","link":"https:\/\/ruuby.ee\/en\/pood\/aksessuaarid\/korvarongad\/timi-of-sweden-kuldsed-korvarongad-noya\/","title":{"rendered":"Timi of Sweden &#8211; Kuldsed k\u00f5rvar\u00f5ngad, Noya"},"content":{"rendered":"<p>Minimalistlikud kiilikujulised k\u00f5rvar\u00f5ngad \u00fchendavad endas \u0161iki elegantsi \u00f5rna loodusest inspireeritud disainiga. Need peened kiilikujulised k\u00f5rvar\u00f5ngad lisavad igale riietusele v\u00f5lu ja elegantsi, sobides ideaalselt nii igap\u00e4evaseks kandmiseks kui ka erilisteks s\u00fcndmusteks. Nende peen, kuid silmatorkav stiil muudab need mitmek\u00fclgseks t\u00e4ienduseks igale ehtekollektsioonile. Neid kiilikujuliseid k\u00f5rvar\u00f5ngaid saab h\u00f5lpsasti kombineerida meie teiste stiilidega, et luua \u00fchtne ja elegantne v\u00e4limus.<\/p>\n<p>Detailid<br \/>\n&#8211; Ripatsid on 5,8 x 5,6 mm<br \/>\n&#8211; Kulla puhul messingist valmistatud<br \/>\n&#8211; 18-karaadine kullatud<br \/>\n&#8211; M\u00fc\u00fcakse paarina<br \/>\n&#8211; Valmistatud ettev\u00f5tte Happy People poolt<br \/>\n&#8211; Nikli-, kaadmiumi- ja pliivabad<\/p>","protected":false},"excerpt":{"rendered":"<p>Minimalistlikud kiilikujulised k\u00f5rvar\u00f5ngad \u00fchendavad endas \u0161iki elegantsi \u00f5rna loodusest inspireeritud disainiga. Need peened kiilikujulised k\u00f5rvar\u00f5ngad lisavad igale riietusele v\u00f5lu ja elegantsi, sobides ideaalselt nii igap\u00e4evaseks kandmiseks kui ka erilisteks s\u00fcndmusteks. Nende peen, kuid silmatorkav stiil muudab need mitmek\u00fclgseks t\u00e4ienduseks igale ehtekollektsioonile. Neid kiilikujuliseid k\u00f5rvar\u00f5ngaid saab h\u00f5lpsasti kombineerida meie teiste stiilidega, et luua \u00fchtne ja elegantne [&hellip;]<\/p>\n","protected":false},"featured_media":1857691,"comment_status":"open","ping_status":"closed","template":"","meta":[],"product_brand":[],"product_cat":[43,823,55],"product_tag":[309,905],"class_list":{"0":"post-1857686","1":"product","2":"type-product","3":"status-publish","4":"has-post-thumbnail","6":"product_cat-aksessuaarid","7":"product_cat-ehted-aksessuaarid","8":"product_cat-korvarongad","9":"product_tag-korvarongad","10":"product_tag-timi","12":"first","13":"instock","14":"taxable","15":"shipping-taxable","16":"purchasable","17":"product-type-simple"},"yoast_head":"<!-- This site is optimized with the Yoast SEO plugin v27.2 - https:\/\/yoast.com\/product\/yoast-seo-wordpress\/ -->\n<title>Timi of Sweden - Kuldsed k\u00f5rvar\u00f5ngad, Noya - RUUBY<\/title>\n<meta name=\"robots\" content=\"index, follow, max-snippet:-1, max-image-preview:large, max-video-preview:-1\" \/>\n<link rel=\"canonical\" href=\"http:\/\/ruuby.ee\/en\/pood\/aksessuaarid\/korvarongad\/timi-of-sweden-kuldsed-korvarongad-noya\/\" \/>\n<meta property=\"og:locale\" content=\"en_GB\" \/>\n<meta property=\"og:type\" content=\"article\" \/>\n<meta property=\"og:title\" content=\"Timi of Sweden - Kuldsed k\u00f5rvar\u00f5ngad, Noya - RUUBY\" \/>\n<meta property=\"og:description\" content=\"Minimalistlikud kiilikujulised k\u00f5rvar\u00f5ngad \u00fchendavad endas \u0161iki elegantsi \u00f5rna loodusest inspireeritud disainiga. Need peened kiilikujulised k\u00f5rvar\u00f5ngad lisavad igale riietusele v\u00f5lu ja elegantsi, sobides ideaalselt nii igap\u00e4evaseks kandmiseks kui ka erilisteks s\u00fcndmusteks. Nende peen, kuid silmatorkav stiil muudab need mitmek\u00fclgseks t\u00e4ienduseks igale ehtekollektsioonile. Neid kiilikujuliseid k\u00f5rvar\u00f5ngaid saab h\u00f5lpsasti kombineerida meie teiste stiilidega, et luua \u00fchtne ja elegantne [&hellip;]\" \/>\n<meta property=\"og:url\" content=\"http:\/\/ruuby.ee\/en\/pood\/aksessuaarid\/korvarongad\/timi-of-sweden-kuldsed-korvarongad-noya\/\" \/>\n<meta property=\"og:site_name\" content=\"RUUBY\" \/>\n<meta property=\"article:publisher\" content=\"https:\/\/www.facebook.com\/ruubyconcept\" \/>\n<meta property=\"article:modified_time\" content=\"2026-04-04T22:25:15+00:00\" \/>\n<meta property=\"og:image\" content=\"http:\/\/ruuby.ee\/wp-content\/uploads\/2025\/11\/Screenshot-2025-11-18-at-21.44.30.png\" \/>\n\t<meta property=\"og:image:width\" content=\"1106\" \/>\n\t<meta property=\"og:image:height\" content=\"1222\" \/>\n\t<meta property=\"og:image:type\" content=\"image\/png\" \/>\n<meta name=\"twitter:card\" content=\"summary_large_image\" \/>\n<meta name=\"twitter:label1\" content=\"Estimated reading time\" \/>\n\t<meta name=\"twitter:data1\" content=\"1 minute\" \/>\n<script type=\"application\/ld+json\" class=\"yoast-schema-graph\">{\"@context\":\"https:\/\/schema.org\",\"@graph\":[{\"@type\":[\"WebPage\",\"ItemPage\"],\"@id\":\"http:\/\/ruuby.ee\/pood\/aksessuaarid\/korvarongad\/timi-of-sweden-kuldsed-korvarongad-noya\/\",\"url\":\"http:\/\/ruuby.ee\/pood\/aksessuaarid\/korvarongad\/timi-of-sweden-kuldsed-korvarongad-noya\/\",\"name\":\"Timi of Sweden - Kuldsed k\u00f5rvar\u00f5ngad, Noya - RUUBY\",\"isPartOf\":{\"@id\":\"http:\/\/ruuby.ee\/#website\"},\"primaryImageOfPage\":{\"@id\":\"http:\/\/ruuby.ee\/pood\/aksessuaarid\/korvarongad\/timi-of-sweden-kuldsed-korvarongad-noya\/#primaryimage\"},\"image\":{\"@id\":\"http:\/\/ruuby.ee\/pood\/aksessuaarid\/korvarongad\/timi-of-sweden-kuldsed-korvarongad-noya\/#primaryimage\"},\"thumbnailUrl\":\"https:\/\/ruuby.ee\/wp-content\/uploads\/2025\/11\/Screenshot-2025-11-18-at-21.44.30.png\",\"datePublished\":\"2025-11-18T19:30:47+00:00\",\"dateModified\":\"2026-04-04T22:25:15+00:00\",\"breadcrumb\":{\"@id\":\"http:\/\/ruuby.ee\/pood\/aksessuaarid\/korvarongad\/timi-of-sweden-kuldsed-korvarongad-noya\/#breadcrumb\"},\"inLanguage\":\"en-GB\",\"potentialAction\":[{\"@type\":\"ReadAction\",\"target\":[\"http:\/\/ruuby.ee\/pood\/aksessuaarid\/korvarongad\/timi-of-sweden-kuldsed-korvarongad-noya\/\"]}]},{\"@type\":\"ImageObject\",\"inLanguage\":\"en-GB\",\"@id\":\"http:\/\/ruuby.ee\/pood\/aksessuaarid\/korvarongad\/timi-of-sweden-kuldsed-korvarongad-noya\/#primaryimage\",\"url\":\"https:\/\/ruuby.ee\/wp-content\/uploads\/2025\/11\/Screenshot-2025-11-18-at-21.44.30.png\",\"contentUrl\":\"https:\/\/ruuby.ee\/wp-content\/uploads\/2025\/11\/Screenshot-2025-11-18-at-21.44.30.png\",\"width\":1106,\"height\":1222},{\"@type\":\"BreadcrumbList\",\"@id\":\"http:\/\/ruuby.ee\/pood\/aksessuaarid\/korvarongad\/timi-of-sweden-kuldsed-korvarongad-noya\/#breadcrumb\",\"itemListElement\":[{\"@type\":\"ListItem\",\"position\":1,\"name\":\"Kdu\",\"item\":\"http:\/\/ruuby.ee\/\"},{\"@type\":\"ListItem\",\"position\":2,\"name\":\"Pood\",\"item\":\"https:\/\/ruuby.ee\/en\/pood\/\"},{\"@type\":\"ListItem\",\"position\":3,\"name\":\"Timi of Sweden &#8211; Kuldsed k\u00f5rvar\u00f5ngad, Noya\"}]},{\"@type\":\"WebSite\",\"@id\":\"http:\/\/ruuby.ee\/#website\",\"url\":\"http:\/\/ruuby.ee\/\",\"name\":\"RUUBY\",\"description\":\"Ruubys on \u00fchendatud elustiil ja disain\",\"publisher\":{\"@id\":\"http:\/\/ruuby.ee\/#organization\"},\"alternateName\":\"Ruuby Disain\",\"potentialAction\":[{\"@type\":\"SearchAction\",\"target\":{\"@type\":\"EntryPoint\",\"urlTemplate\":\"http:\/\/ruuby.ee\/?s={search_term_string}\"},\"query-input\":{\"@type\":\"PropertyValueSpecification\",\"valueRequired\":true,\"valueName\":\"search_term_string\"}}],\"inLanguage\":\"en-GB\"},{\"@type\":\"Organization\",\"@id\":\"http:\/\/ruuby.ee\/#organization\",\"name\":\"Ruuby Disain O\u00dc\",\"alternateName\":\"Ruuby\",\"url\":\"http:\/\/ruuby.ee\/\",\"logo\":{\"@type\":\"ImageObject\",\"inLanguage\":\"en-GB\",\"@id\":\"http:\/\/ruuby.ee\/#\/schema\/logo\/image\/\",\"url\":\"https:\/\/ruuby.ee\/wp-content\/uploads\/2023\/06\/cropped-Black-White-Elegant-Circle-Signature-Fashion-Logo-12_large.png\",\"contentUrl\":\"https:\/\/ruuby.ee\/wp-content\/uploads\/2023\/06\/cropped-Black-White-Elegant-Circle-Signature-Fashion-Logo-12_large.png\",\"width\":1280,\"height\":747,\"caption\":\"Ruuby Disain O\u00dc\"},\"image\":{\"@id\":\"http:\/\/ruuby.ee\/#\/schema\/logo\/image\/\"},\"sameAs\":[\"https:\/\/www.facebook.com\/ruubyconcept\",\"https:\/\/www.instagram.com\/ruuby_concept\/\"]}]}<\/script>\n<!-- \/ Yoast SEO plugin. -->","yoast_head_json":{"title":"Timi of Sweden - Kuldsed k\u00f5rvar\u00f5ngad, Noya - RUUBY","robots":{"index":"index","follow":"follow","max-snippet":"max-snippet:-1","max-image-preview":"max-image-preview:large","max-video-preview":"max-video-preview:-1"},"canonical":"http:\/\/ruuby.ee\/en\/pood\/aksessuaarid\/korvarongad\/timi-of-sweden-kuldsed-korvarongad-noya\/","og_locale":"en_GB","og_type":"article","og_title":"Timi of Sweden - Kuldsed k\u00f5rvar\u00f5ngad, Noya - RUUBY","og_description":"Minimalistlikud kiilikujulised k\u00f5rvar\u00f5ngad \u00fchendavad endas \u0161iki elegantsi \u00f5rna loodusest inspireeritud disainiga. Need peened kiilikujulised k\u00f5rvar\u00f5ngad lisavad igale riietusele v\u00f5lu ja elegantsi, sobides ideaalselt nii igap\u00e4evaseks kandmiseks kui ka erilisteks s\u00fcndmusteks. Nende peen, kuid silmatorkav stiil muudab need mitmek\u00fclgseks t\u00e4ienduseks igale ehtekollektsioonile. Neid kiilikujuliseid k\u00f5rvar\u00f5ngaid saab h\u00f5lpsasti kombineerida meie teiste stiilidega, et luua \u00fchtne ja elegantne [&hellip;]","og_url":"http:\/\/ruuby.ee\/en\/pood\/aksessuaarid\/korvarongad\/timi-of-sweden-kuldsed-korvarongad-noya\/","og_site_name":"RUUBY","article_publisher":"https:\/\/www.facebook.com\/ruubyconcept","article_modified_time":"2026-04-04T22:25:15+00:00","og_image":[{"width":1106,"height":1222,"url":"http:\/\/ruuby.ee\/wp-content\/uploads\/2025\/11\/Screenshot-2025-11-18-at-21.44.30.png","type":"image\/png"}],"twitter_card":"summary_large_image","twitter_misc":{"Estimated reading time":"1 minute"},"schema":{"@context":"https:\/\/schema.org","@graph":[{"@type":["WebPage","ItemPage"],"@id":"http:\/\/ruuby.ee\/pood\/aksessuaarid\/korvarongad\/timi-of-sweden-kuldsed-korvarongad-noya\/","url":"http:\/\/ruuby.ee\/pood\/aksessuaarid\/korvarongad\/timi-of-sweden-kuldsed-korvarongad-noya\/","name":"Timi of Sweden - Kuldsed k\u00f5rvar\u00f5ngad, Noya - RUUBY","isPartOf":{"@id":"http:\/\/ruuby.ee\/#website"},"primaryImageOfPage":{"@id":"http:\/\/ruuby.ee\/pood\/aksessuaarid\/korvarongad\/timi-of-sweden-kuldsed-korvarongad-noya\/#primaryimage"},"image":{"@id":"http:\/\/ruuby.ee\/pood\/aksessuaarid\/korvarongad\/timi-of-sweden-kuldsed-korvarongad-noya\/#primaryimage"},"thumbnailUrl":"https:\/\/ruuby.ee\/wp-content\/uploads\/2025\/11\/Screenshot-2025-11-18-at-21.44.30.png","datePublished":"2025-11-18T19:30:47+00:00","dateModified":"2026-04-04T22:25:15+00:00","breadcrumb":{"@id":"http:\/\/ruuby.ee\/pood\/aksessuaarid\/korvarongad\/timi-of-sweden-kuldsed-korvarongad-noya\/#breadcrumb"},"inLanguage":"en-GB","potentialAction":[{"@type":"ReadAction","target":["http:\/\/ruuby.ee\/pood\/aksessuaarid\/korvarongad\/timi-of-sweden-kuldsed-korvarongad-noya\/"]}]},{"@type":"ImageObject","inLanguage":"en-GB","@id":"http:\/\/ruuby.ee\/pood\/aksessuaarid\/korvarongad\/timi-of-sweden-kuldsed-korvarongad-noya\/#primaryimage","url":"https:\/\/ruuby.ee\/wp-content\/uploads\/2025\/11\/Screenshot-2025-11-18-at-21.44.30.png","contentUrl":"https:\/\/ruuby.ee\/wp-content\/uploads\/2025\/11\/Screenshot-2025-11-18-at-21.44.30.png","width":1106,"height":1222},{"@type":"BreadcrumbList","@id":"http:\/\/ruuby.ee\/pood\/aksessuaarid\/korvarongad\/timi-of-sweden-kuldsed-korvarongad-noya\/#breadcrumb","itemListElement":[{"@type":"ListItem","position":1,"name":"Kdu","item":"http:\/\/ruuby.ee\/"},{"@type":"ListItem","position":2,"name":"Pood","item":"https:\/\/ruuby.ee\/en\/pood\/"},{"@type":"ListItem","position":3,"name":"Timi of Sweden &#8211; Kuldsed k\u00f5rvar\u00f5ngad, Noya"}]},{"@type":"WebSite","@id":"http:\/\/ruuby.ee\/#website","url":"http:\/\/ruuby.ee\/","name":"RUUBY","description":"Ruubys on \u00fchendatud elustiil ja disain","publisher":{"@id":"http:\/\/ruuby.ee\/#organization"},"alternateName":"Ruuby Disain","potentialAction":[{"@type":"SearchAction","target":{"@type":"EntryPoint","urlTemplate":"http:\/\/ruuby.ee\/?s={search_term_string}"},"query-input":{"@type":"PropertyValueSpecification","valueRequired":true,"valueName":"search_term_string"}}],"inLanguage":"en-GB"},{"@type":"Organization","@id":"http:\/\/ruuby.ee\/#organization","name":"Ruuby Disain O\u00dc","alternateName":"Ruuby","url":"http:\/\/ruuby.ee\/","logo":{"@type":"ImageObject","inLanguage":"en-GB","@id":"http:\/\/ruuby.ee\/#\/schema\/logo\/image\/","url":"https:\/\/ruuby.ee\/wp-content\/uploads\/2023\/06\/cropped-Black-White-Elegant-Circle-Signature-Fashion-Logo-12_large.png","contentUrl":"https:\/\/ruuby.ee\/wp-content\/uploads\/2023\/06\/cropped-Black-White-Elegant-Circle-Signature-Fashion-Logo-12_large.png","width":1280,"height":747,"caption":"Ruuby Disain O\u00dc"},"image":{"@id":"http:\/\/ruuby.ee\/#\/schema\/logo\/image\/"},"sameAs":["https:\/\/www.facebook.com\/ruubyconcept","https:\/\/www.instagram.com\/ruuby_concept\/"]}]}},"jetpack_sharing_enabled":true,"_links":{"self":[{"href":"https:\/\/ruuby.ee\/en\/wp-json\/wp\/v2\/product\/1857686","targetHints":{"allow":["GET"]}}],"collection":[{"href":"https:\/\/ruuby.ee\/en\/wp-json\/wp\/v2\/product"}],"about":[{"href":"https:\/\/ruuby.ee\/en\/wp-json\/wp\/v2\/types\/product"}],"replies":[{"embeddable":true,"href":"https:\/\/ruuby.ee\/en\/wp-json\/wp\/v2\/comments?post=1857686"}],"wp:featuredmedia":[{"embeddable":true,"href":"https:\/\/ruuby.ee\/en\/wp-json\/wp\/v2\/media\/1857691"}],"wp:attachment":[{"href":"https:\/\/ruuby.ee\/en\/wp-json\/wp\/v2\/media?parent=1857686"}],"wp:term":[{"taxonomy":"product_brand","embeddable":true,"href":"https:\/\/ruuby.ee\/en\/wp-json\/wp\/v2\/product_brand?post=1857686"},{"taxonomy":"product_cat","embeddable":true,"href":"https:\/\/ruuby.ee\/en\/wp-json\/wp\/v2\/product_cat?post=1857686"},{"taxonomy":"product_tag","embeddable":true,"href":"https:\/\/ruuby.ee\/en\/wp-json\/wp\/v2\/product_tag?post=1857686"}],"curies":[{"name":"wp","href":"https:\/\/api.w.org\/{rel}","templated":true}]}}