{"id":1857685,"date":"2025-11-18T21:30:26","date_gmt":"2025-11-18T19:30:26","guid":{"rendered":"https:\/\/ruuby.ee\/pood\/maaratlemata\/timi-of-sweden-kuldsed-korvarongad-kahla\/"},"modified":"2026-04-05T01:25:15","modified_gmt":"2026-04-04T22:25:15","slug":"timi-of-sweden-kuldsed-korvarongad-kahla","status":"publish","type":"product","link":"https:\/\/ruuby.ee\/en\/pood\/aksessuaarid\/korvarongad\/timi-of-sweden-kuldsed-korvarongad-kahla\/","title":{"rendered":"Timi of Sweden &#8211; Kuldsed k\u00f5rvar\u00f5ngad, Kahla"},"content":{"rendered":"<p>Moodne tekstuur ja struktuurk\u00f5rvar\u00f5ngaste disain. Need ainulaadsed roostevabast terasest r\u00f5ngad uhkeldavad keeruka struktuurdisainiga, on veekindlad ja tuhmumiskindlad, andes kunstip\u00e4rase ilme. Saadaval h\u00f5bedases ja kuldses v\u00e4rvitoonis, et see sobiks teie stiili ja vajadustega.<\/p>\n<p>Detailid:<br \/>\n&#8211; L\u00e4bim\u00f5\u00f5t 23 mm<br \/>\n&#8211; Laius 3 mm<br \/>\n&#8211; Saadaval paarina<br \/>\n&#8211; Roostevabast terasest<br \/>\n&#8211; 100% veekindlad<br \/>\n&#8211; Kuldne: 18-karaadine kullatud<br \/>\n&#8211; Armastusega valmistatud. Kantud r\u00f5\u00f5muga<br \/>\n&#8211; Nikli-, kaadmiumi- ja pliivabad<\/p>","protected":false},"excerpt":{"rendered":"<p>Moodne tekstuur ja struktuurk\u00f5rvar\u00f5ngaste disain. Need ainulaadsed roostevabast terasest r\u00f5ngad uhkeldavad keeruka struktuurdisainiga, on veekindlad ja tuhmumiskindlad, andes kunstip\u00e4rase ilme. Saadaval h\u00f5bedases ja kuldses v\u00e4rvitoonis, et see sobiks teie stiili ja vajadustega. Detailid: &#8211; L\u00e4bim\u00f5\u00f5t 23 mm &#8211; Laius 3 mm &#8211; Saadaval paarina &#8211; Roostevabast terasest &#8211; 100% veekindlad &#8211; Kuldne: 18-karaadine kullatud &#8211; [&hellip;]<\/p>\n","protected":false},"featured_media":1857693,"comment_status":"open","ping_status":"closed","template":"","meta":[],"product_brand":[],"product_cat":[43,823,55],"product_tag":[309,905],"class_list":{"0":"post-1857685","1":"product","2":"type-product","3":"status-publish","4":"has-post-thumbnail","6":"product_cat-aksessuaarid","7":"product_cat-ehted-aksessuaarid","8":"product_cat-korvarongad","9":"product_tag-korvarongad","10":"product_tag-timi","12":"first","13":"instock","14":"taxable","15":"shipping-taxable","16":"purchasable","17":"product-type-simple"},"yoast_head":"<!-- This site is optimized with the Yoast SEO plugin v27.2 - https:\/\/yoast.com\/product\/yoast-seo-wordpress\/ -->\n<title>Timi of Sweden - Kuldsed k\u00f5rvar\u00f5ngad, Kahla - RUUBY<\/title>\n<meta name=\"robots\" content=\"index, follow, max-snippet:-1, max-image-preview:large, max-video-preview:-1\" \/>\n<link rel=\"canonical\" href=\"http:\/\/ruuby.ee\/en\/pood\/aksessuaarid\/korvarongad\/timi-of-sweden-kuldsed-korvarongad-kahla\/\" \/>\n<meta property=\"og:locale\" content=\"en_GB\" \/>\n<meta property=\"og:type\" content=\"article\" \/>\n<meta property=\"og:title\" content=\"Timi of Sweden - Kuldsed k\u00f5rvar\u00f5ngad, Kahla - RUUBY\" \/>\n<meta property=\"og:description\" content=\"Moodne tekstuur ja struktuurk\u00f5rvar\u00f5ngaste disain. Need ainulaadsed roostevabast terasest r\u00f5ngad uhkeldavad keeruka struktuurdisainiga, on veekindlad ja tuhmumiskindlad, andes kunstip\u00e4rase ilme. Saadaval h\u00f5bedases ja kuldses v\u00e4rvitoonis, et see sobiks teie stiili ja vajadustega. Detailid: &#8211; L\u00e4bim\u00f5\u00f5t 23 mm &#8211; Laius 3 mm &#8211; Saadaval paarina &#8211; Roostevabast terasest &#8211; 100% veekindlad &#8211; Kuldne: 18-karaadine kullatud &#8211; [&hellip;]\" \/>\n<meta property=\"og:url\" content=\"http:\/\/ruuby.ee\/en\/pood\/aksessuaarid\/korvarongad\/timi-of-sweden-kuldsed-korvarongad-kahla\/\" \/>\n<meta property=\"og:site_name\" content=\"RUUBY\" \/>\n<meta property=\"article:publisher\" content=\"https:\/\/www.facebook.com\/ruubyconcept\" \/>\n<meta property=\"article:modified_time\" content=\"2026-04-04T22:25:15+00:00\" \/>\n<meta property=\"og:image\" content=\"http:\/\/ruuby.ee\/wp-content\/uploads\/2025\/11\/Screenshot-2025-11-18-at-21.47.40.png\" \/>\n\t<meta property=\"og:image:width\" content=\"550\" \/>\n\t<meta property=\"og:image:height\" content=\"538\" \/>\n\t<meta property=\"og:image:type\" content=\"image\/png\" \/>\n<meta name=\"twitter:card\" content=\"summary_large_image\" \/>\n<meta name=\"twitter:label1\" content=\"Estimated reading time\" \/>\n\t<meta name=\"twitter:data1\" content=\"1 minute\" \/>\n<script type=\"application\/ld+json\" class=\"yoast-schema-graph\">{\"@context\":\"https:\/\/schema.org\",\"@graph\":[{\"@type\":[\"WebPage\",\"ItemPage\"],\"@id\":\"http:\/\/ruuby.ee\/pood\/aksessuaarid\/korvarongad\/timi-of-sweden-kuldsed-korvarongad-kahla\/\",\"url\":\"http:\/\/ruuby.ee\/pood\/aksessuaarid\/korvarongad\/timi-of-sweden-kuldsed-korvarongad-kahla\/\",\"name\":\"Timi of Sweden - Kuldsed k\u00f5rvar\u00f5ngad, Kahla - RUUBY\",\"isPartOf\":{\"@id\":\"http:\/\/ruuby.ee\/#website\"},\"primaryImageOfPage\":{\"@id\":\"http:\/\/ruuby.ee\/pood\/aksessuaarid\/korvarongad\/timi-of-sweden-kuldsed-korvarongad-kahla\/#primaryimage\"},\"image\":{\"@id\":\"http:\/\/ruuby.ee\/pood\/aksessuaarid\/korvarongad\/timi-of-sweden-kuldsed-korvarongad-kahla\/#primaryimage\"},\"thumbnailUrl\":\"https:\/\/ruuby.ee\/wp-content\/uploads\/2025\/11\/Screenshot-2025-11-18-at-21.47.40.png\",\"datePublished\":\"2025-11-18T19:30:26+00:00\",\"dateModified\":\"2026-04-04T22:25:15+00:00\",\"breadcrumb\":{\"@id\":\"http:\/\/ruuby.ee\/pood\/aksessuaarid\/korvarongad\/timi-of-sweden-kuldsed-korvarongad-kahla\/#breadcrumb\"},\"inLanguage\":\"en-GB\",\"potentialAction\":[{\"@type\":\"ReadAction\",\"target\":[\"http:\/\/ruuby.ee\/pood\/aksessuaarid\/korvarongad\/timi-of-sweden-kuldsed-korvarongad-kahla\/\"]}]},{\"@type\":\"ImageObject\",\"inLanguage\":\"en-GB\",\"@id\":\"http:\/\/ruuby.ee\/pood\/aksessuaarid\/korvarongad\/timi-of-sweden-kuldsed-korvarongad-kahla\/#primaryimage\",\"url\":\"https:\/\/ruuby.ee\/wp-content\/uploads\/2025\/11\/Screenshot-2025-11-18-at-21.47.40.png\",\"contentUrl\":\"https:\/\/ruuby.ee\/wp-content\/uploads\/2025\/11\/Screenshot-2025-11-18-at-21.47.40.png\",\"width\":550,\"height\":538},{\"@type\":\"BreadcrumbList\",\"@id\":\"http:\/\/ruuby.ee\/pood\/aksessuaarid\/korvarongad\/timi-of-sweden-kuldsed-korvarongad-kahla\/#breadcrumb\",\"itemListElement\":[{\"@type\":\"ListItem\",\"position\":1,\"name\":\"Kdu\",\"item\":\"http:\/\/ruuby.ee\/\"},{\"@type\":\"ListItem\",\"position\":2,\"name\":\"Pood\",\"item\":\"https:\/\/ruuby.ee\/en\/pood\/\"},{\"@type\":\"ListItem\",\"position\":3,\"name\":\"Timi of Sweden &#8211; Kuldsed k\u00f5rvar\u00f5ngad, Kahla\"}]},{\"@type\":\"WebSite\",\"@id\":\"http:\/\/ruuby.ee\/#website\",\"url\":\"http:\/\/ruuby.ee\/\",\"name\":\"RUUBY\",\"description\":\"Ruubys on \u00fchendatud elustiil ja disain\",\"publisher\":{\"@id\":\"http:\/\/ruuby.ee\/#organization\"},\"alternateName\":\"Ruuby Disain\",\"potentialAction\":[{\"@type\":\"SearchAction\",\"target\":{\"@type\":\"EntryPoint\",\"urlTemplate\":\"http:\/\/ruuby.ee\/?s={search_term_string}\"},\"query-input\":{\"@type\":\"PropertyValueSpecification\",\"valueRequired\":true,\"valueName\":\"search_term_string\"}}],\"inLanguage\":\"en-GB\"},{\"@type\":\"Organization\",\"@id\":\"http:\/\/ruuby.ee\/#organization\",\"name\":\"Ruuby Disain O\u00dc\",\"alternateName\":\"Ruuby\",\"url\":\"http:\/\/ruuby.ee\/\",\"logo\":{\"@type\":\"ImageObject\",\"inLanguage\":\"en-GB\",\"@id\":\"http:\/\/ruuby.ee\/#\/schema\/logo\/image\/\",\"url\":\"https:\/\/ruuby.ee\/wp-content\/uploads\/2023\/06\/cropped-Black-White-Elegant-Circle-Signature-Fashion-Logo-12_large.png\",\"contentUrl\":\"https:\/\/ruuby.ee\/wp-content\/uploads\/2023\/06\/cropped-Black-White-Elegant-Circle-Signature-Fashion-Logo-12_large.png\",\"width\":1280,\"height\":747,\"caption\":\"Ruuby Disain O\u00dc\"},\"image\":{\"@id\":\"http:\/\/ruuby.ee\/#\/schema\/logo\/image\/\"},\"sameAs\":[\"https:\/\/www.facebook.com\/ruubyconcept\",\"https:\/\/www.instagram.com\/ruuby_concept\/\"]}]}<\/script>\n<!-- \/ Yoast SEO plugin. -->","yoast_head_json":{"title":"Timi of Sweden - Kuldsed k\u00f5rvar\u00f5ngad, Kahla - RUUBY","robots":{"index":"index","follow":"follow","max-snippet":"max-snippet:-1","max-image-preview":"max-image-preview:large","max-video-preview":"max-video-preview:-1"},"canonical":"http:\/\/ruuby.ee\/en\/pood\/aksessuaarid\/korvarongad\/timi-of-sweden-kuldsed-korvarongad-kahla\/","og_locale":"en_GB","og_type":"article","og_title":"Timi of Sweden - Kuldsed k\u00f5rvar\u00f5ngad, Kahla - RUUBY","og_description":"Moodne tekstuur ja struktuurk\u00f5rvar\u00f5ngaste disain. Need ainulaadsed roostevabast terasest r\u00f5ngad uhkeldavad keeruka struktuurdisainiga, on veekindlad ja tuhmumiskindlad, andes kunstip\u00e4rase ilme. Saadaval h\u00f5bedases ja kuldses v\u00e4rvitoonis, et see sobiks teie stiili ja vajadustega. Detailid: &#8211; L\u00e4bim\u00f5\u00f5t 23 mm &#8211; Laius 3 mm &#8211; Saadaval paarina &#8211; Roostevabast terasest &#8211; 100% veekindlad &#8211; Kuldne: 18-karaadine kullatud &#8211; [&hellip;]","og_url":"http:\/\/ruuby.ee\/en\/pood\/aksessuaarid\/korvarongad\/timi-of-sweden-kuldsed-korvarongad-kahla\/","og_site_name":"RUUBY","article_publisher":"https:\/\/www.facebook.com\/ruubyconcept","article_modified_time":"2026-04-04T22:25:15+00:00","og_image":[{"width":550,"height":538,"url":"http:\/\/ruuby.ee\/wp-content\/uploads\/2025\/11\/Screenshot-2025-11-18-at-21.47.40.png","type":"image\/png"}],"twitter_card":"summary_large_image","twitter_misc":{"Estimated reading time":"1 minute"},"schema":{"@context":"https:\/\/schema.org","@graph":[{"@type":["WebPage","ItemPage"],"@id":"http:\/\/ruuby.ee\/pood\/aksessuaarid\/korvarongad\/timi-of-sweden-kuldsed-korvarongad-kahla\/","url":"http:\/\/ruuby.ee\/pood\/aksessuaarid\/korvarongad\/timi-of-sweden-kuldsed-korvarongad-kahla\/","name":"Timi of Sweden - Kuldsed k\u00f5rvar\u00f5ngad, Kahla - RUUBY","isPartOf":{"@id":"http:\/\/ruuby.ee\/#website"},"primaryImageOfPage":{"@id":"http:\/\/ruuby.ee\/pood\/aksessuaarid\/korvarongad\/timi-of-sweden-kuldsed-korvarongad-kahla\/#primaryimage"},"image":{"@id":"http:\/\/ruuby.ee\/pood\/aksessuaarid\/korvarongad\/timi-of-sweden-kuldsed-korvarongad-kahla\/#primaryimage"},"thumbnailUrl":"https:\/\/ruuby.ee\/wp-content\/uploads\/2025\/11\/Screenshot-2025-11-18-at-21.47.40.png","datePublished":"2025-11-18T19:30:26+00:00","dateModified":"2026-04-04T22:25:15+00:00","breadcrumb":{"@id":"http:\/\/ruuby.ee\/pood\/aksessuaarid\/korvarongad\/timi-of-sweden-kuldsed-korvarongad-kahla\/#breadcrumb"},"inLanguage":"en-GB","potentialAction":[{"@type":"ReadAction","target":["http:\/\/ruuby.ee\/pood\/aksessuaarid\/korvarongad\/timi-of-sweden-kuldsed-korvarongad-kahla\/"]}]},{"@type":"ImageObject","inLanguage":"en-GB","@id":"http:\/\/ruuby.ee\/pood\/aksessuaarid\/korvarongad\/timi-of-sweden-kuldsed-korvarongad-kahla\/#primaryimage","url":"https:\/\/ruuby.ee\/wp-content\/uploads\/2025\/11\/Screenshot-2025-11-18-at-21.47.40.png","contentUrl":"https:\/\/ruuby.ee\/wp-content\/uploads\/2025\/11\/Screenshot-2025-11-18-at-21.47.40.png","width":550,"height":538},{"@type":"BreadcrumbList","@id":"http:\/\/ruuby.ee\/pood\/aksessuaarid\/korvarongad\/timi-of-sweden-kuldsed-korvarongad-kahla\/#breadcrumb","itemListElement":[{"@type":"ListItem","position":1,"name":"Kdu","item":"http:\/\/ruuby.ee\/"},{"@type":"ListItem","position":2,"name":"Pood","item":"https:\/\/ruuby.ee\/en\/pood\/"},{"@type":"ListItem","position":3,"name":"Timi of Sweden &#8211; Kuldsed k\u00f5rvar\u00f5ngad, Kahla"}]},{"@type":"WebSite","@id":"http:\/\/ruuby.ee\/#website","url":"http:\/\/ruuby.ee\/","name":"RUUBY","description":"Ruubys on \u00fchendatud elustiil ja disain","publisher":{"@id":"http:\/\/ruuby.ee\/#organization"},"alternateName":"Ruuby Disain","potentialAction":[{"@type":"SearchAction","target":{"@type":"EntryPoint","urlTemplate":"http:\/\/ruuby.ee\/?s={search_term_string}"},"query-input":{"@type":"PropertyValueSpecification","valueRequired":true,"valueName":"search_term_string"}}],"inLanguage":"en-GB"},{"@type":"Organization","@id":"http:\/\/ruuby.ee\/#organization","name":"Ruuby Disain O\u00dc","alternateName":"Ruuby","url":"http:\/\/ruuby.ee\/","logo":{"@type":"ImageObject","inLanguage":"en-GB","@id":"http:\/\/ruuby.ee\/#\/schema\/logo\/image\/","url":"https:\/\/ruuby.ee\/wp-content\/uploads\/2023\/06\/cropped-Black-White-Elegant-Circle-Signature-Fashion-Logo-12_large.png","contentUrl":"https:\/\/ruuby.ee\/wp-content\/uploads\/2023\/06\/cropped-Black-White-Elegant-Circle-Signature-Fashion-Logo-12_large.png","width":1280,"height":747,"caption":"Ruuby Disain O\u00dc"},"image":{"@id":"http:\/\/ruuby.ee\/#\/schema\/logo\/image\/"},"sameAs":["https:\/\/www.facebook.com\/ruubyconcept","https:\/\/www.instagram.com\/ruuby_concept\/"]}]}},"jetpack_sharing_enabled":true,"_links":{"self":[{"href":"https:\/\/ruuby.ee\/en\/wp-json\/wp\/v2\/product\/1857685","targetHints":{"allow":["GET"]}}],"collection":[{"href":"https:\/\/ruuby.ee\/en\/wp-json\/wp\/v2\/product"}],"about":[{"href":"https:\/\/ruuby.ee\/en\/wp-json\/wp\/v2\/types\/product"}],"replies":[{"embeddable":true,"href":"https:\/\/ruuby.ee\/en\/wp-json\/wp\/v2\/comments?post=1857685"}],"wp:featuredmedia":[{"embeddable":true,"href":"https:\/\/ruuby.ee\/en\/wp-json\/wp\/v2\/media\/1857693"}],"wp:attachment":[{"href":"https:\/\/ruuby.ee\/en\/wp-json\/wp\/v2\/media?parent=1857685"}],"wp:term":[{"taxonomy":"product_brand","embeddable":true,"href":"https:\/\/ruuby.ee\/en\/wp-json\/wp\/v2\/product_brand?post=1857685"},{"taxonomy":"product_cat","embeddable":true,"href":"https:\/\/ruuby.ee\/en\/wp-json\/wp\/v2\/product_cat?post=1857685"},{"taxonomy":"product_tag","embeddable":true,"href":"https:\/\/ruuby.ee\/en\/wp-json\/wp\/v2\/product_tag?post=1857685"}],"curies":[{"name":"wp","href":"https:\/\/api.w.org\/{rel}","templated":true}]}}