{"id":1857430,"date":"2025-11-14T12:56:35","date_gmt":"2025-11-14T10:56:35","guid":{"rendered":"https:\/\/ruuby.ee\/pood\/maaratlemata\/izipizi-sinise-valguse-prillid-d-tortoise\/"},"modified":"2026-04-07T01:27:05","modified_gmt":"2026-04-06T22:27:05","slug":"izipizi-sinise-valguse-prillid-d-tortoise","status":"publish","type":"product","link":"https:\/\/ruuby.ee\/en\/pood\/aksessuaarid\/sinise-valguse-prillid\/izipizi-sinise-valguse-prillid-d-tortoise\/","title":{"rendered":"IZIPIZI sinise valguse prillid, #D Tortoise"},"content":{"rendered":"<p>K\u00f5ik LED-ekraanid (nutitelefonid, tahvelarvutid, arvutiekraanid, telerid jne) kiirgavad sinist valgust, mis on silmadele eriti kahjulik.<\/p>\n<p>Ekraaniprillid filtreerivad v\u00e4lja 40% ekraanide kiirgavast sinisest valgusest, v\u00e4hendades seel\u00e4bi silmade v\u00e4simust, \u00e4rritust ja peavalu. See omadus saavutatakse t\u00f6\u00f6tlusega, mis muudab l\u00e4\u00e4tsed kergelt kollakaks, ilma et see m\u00f5jutaks tegelike v\u00e4rvide n\u00e4htavust. Kummist puudutus, painduvad sangad, disainraam: mugavus ja stiil garanteeritud. P\u00fcsige \u00fchenduses ilma igasuguse mureta!<\/p>\n<p>Me veedame keskmiselt \u00fcle 50 tunni n\u00e4dalas ekraanidega kokkupuutes: nutitelefonid, arvutiekraanid, telerid, videom\u00e4ngud jne. K\u00f5ik need LED-taustvalgustusega ekraanid kiirgavad sinist valgust. T\u00e4nu spetsiaalsele revo-t\u00f6\u00f6tlusele filtreerivad meie SCREEN-prillid osa sinakasvioletsest valgusest, lastes samal ajal l\u00e4bi sinakas-t\u00fcrkiissinist valgust, mis on meie heaolu jaoks h\u00e4davajalik.<\/p>\n<p><strong>Sinise valguse vastased l\u00e4\u00e4tsed<\/strong><\/p>\n<p>SCREEN prillid filtreerivad 40% ekraanide kiirgavast sinisest valgusest, v\u00e4hendades seel\u00e4bi silmade v\u00e4simust, silmade \u00e4rritust ja peavalu. See omadus saavutatakse t\u00f6\u00f6tlusega, mis muudab l\u00e4\u00e4tsed kergelt kollakaks, ilma et see m\u00f5jutaks tegelike v\u00e4rvide n\u00e4htavust.<\/p>\n<p><strong>Kriimustuskindlad l\u00e4\u00e4tsed<\/strong><\/p>\n<p>Meie raamide l\u00e4\u00e4tsedel on kriimustuskindel kate, mis pikendab prillide kasutusiga. Soovitame siiski kasutada IZIPIZI kotti, kui prille ei kasutata.<\/p>\n<p><strong>M\u00e4\u00e4rdumisvastased l\u00e4\u00e4tsed<\/strong><\/p>\n<p>Meie raamide l\u00e4\u00e4tsedel on m\u00e4\u00e4rdumisvastane t\u00f6\u00f6tlus, mis muudab l\u00e4\u00e4tse pinna libedaks ja mittenakkuvaks. See hoiab \u00e4ra materjali ladestumise l\u00e4\u00e4tsele ja lihtsustab puhastamist.<\/p>","protected":false},"excerpt":{"rendered":"<p>Ekraaniprillid filtreerivad v\u00e4lja 40% ekraanide kiirgavast sinisest valgusest, v\u00e4hendades seel\u00e4bi silmade v\u00e4simust, \u00e4rritust ja peavalu.<\/p>","protected":false},"featured_media":1857445,"comment_status":"open","ping_status":"closed","template":"","meta":[],"product_brand":[],"product_cat":[1146],"product_tag":[320,1148,1147],"class_list":{"0":"post-1857430","1":"product","2":"type-product","3":"status-publish","4":"has-post-thumbnail","6":"product_cat-sinise-valguse-prillid","7":"product_tag-izipizi","8":"product_tag-prillid","9":"product_tag-sinine-valgus","11":"first","12":"instock","13":"taxable","14":"shipping-taxable","15":"purchasable","16":"product-type-simple"},"yoast_head":"<!-- This site is optimized with the Yoast SEO plugin v27.3 - https:\/\/yoast.com\/product\/yoast-seo-wordpress\/ -->\n<title>IZIPIZI sinise valguse prillid, #D Tortoise - RUUBY<\/title>\n<meta name=\"robots\" content=\"index, follow, max-snippet:-1, max-image-preview:large, max-video-preview:-1\" \/>\n<link rel=\"canonical\" href=\"https:\/\/ruuby.ee\/en\/pood\/aksessuaarid\/sinise-valguse-prillid\/izipizi-sinise-valguse-prillid-d-tortoise\/\" \/>\n<meta property=\"og:locale\" content=\"en_GB\" \/>\n<meta property=\"og:type\" content=\"article\" \/>\n<meta property=\"og:title\" content=\"IZIPIZI sinise valguse prillid, #D Tortoise - RUUBY\" \/>\n<meta property=\"og:description\" content=\"Ekraaniprillid filtreerivad v\u00e4lja 40% ekraanide kiirgavast sinisest valgusest, v\u00e4hendades seel\u00e4bi silmade v\u00e4simust, \u00e4rritust ja peavalu.\" \/>\n<meta property=\"og:url\" content=\"https:\/\/ruuby.ee\/en\/pood\/aksessuaarid\/sinise-valguse-prillid\/izipizi-sinise-valguse-prillid-d-tortoise\/\" \/>\n<meta property=\"og:site_name\" content=\"RUUBY\" \/>\n<meta property=\"article:publisher\" content=\"https:\/\/www.facebook.com\/ruubyconcept\" \/>\n<meta property=\"article:modified_time\" content=\"2026-04-06T22:27:05+00:00\" \/>\n<meta property=\"og:image\" content=\"https:\/\/ruuby.ee\/wp-content\/uploads\/2025\/11\/Screenshot-2025-11-14-at-13.26.06-1024x848.png\" \/>\n\t<meta property=\"og:image:width\" content=\"1024\" \/>\n\t<meta property=\"og:image:height\" content=\"848\" \/>\n\t<meta property=\"og:image:type\" content=\"image\/png\" \/>\n<meta name=\"twitter:card\" content=\"summary_large_image\" \/>\n<meta name=\"twitter:label1\" content=\"Estimated reading time\" \/>\n\t<meta name=\"twitter:data1\" content=\"2 minutes\" \/>\n<script type=\"application\/ld+json\" class=\"yoast-schema-graph\">{\"@context\":\"https:\\\/\\\/schema.org\",\"@graph\":[{\"@type\":[\"WebPage\",\"ItemPage\"],\"@id\":\"https:\\\/\\\/ruuby.ee\\\/en\\\/pood\\\/aksessuaarid\\\/sinise-valguse-prillid\\\/izipizi-sinise-valguse-prillid-d-tortoise\\\/\",\"url\":\"https:\\\/\\\/ruuby.ee\\\/en\\\/pood\\\/aksessuaarid\\\/sinise-valguse-prillid\\\/izipizi-sinise-valguse-prillid-d-tortoise\\\/\",\"name\":\"IZIPIZI sinise valguse prillid, #D Tortoise - RUUBY\",\"isPartOf\":{\"@id\":\"https:\\\/\\\/ruuby.ee\\\/en\\\/#website\"},\"primaryImageOfPage\":{\"@id\":\"https:\\\/\\\/ruuby.ee\\\/en\\\/pood\\\/aksessuaarid\\\/sinise-valguse-prillid\\\/izipizi-sinise-valguse-prillid-d-tortoise\\\/#primaryimage\"},\"image\":{\"@id\":\"https:\\\/\\\/ruuby.ee\\\/en\\\/pood\\\/aksessuaarid\\\/sinise-valguse-prillid\\\/izipizi-sinise-valguse-prillid-d-tortoise\\\/#primaryimage\"},\"thumbnailUrl\":\"https:\\\/\\\/ruuby.ee\\\/wp-content\\\/uploads\\\/2025\\\/11\\\/Screenshot-2025-11-14-at-13.26.06.png\",\"datePublished\":\"2025-11-14T10:56:35+00:00\",\"dateModified\":\"2026-04-06T22:27:05+00:00\",\"breadcrumb\":{\"@id\":\"https:\\\/\\\/ruuby.ee\\\/en\\\/pood\\\/aksessuaarid\\\/sinise-valguse-prillid\\\/izipizi-sinise-valguse-prillid-d-tortoise\\\/#breadcrumb\"},\"inLanguage\":\"en-GB\",\"potentialAction\":[{\"@type\":\"ReadAction\",\"target\":[\"https:\\\/\\\/ruuby.ee\\\/en\\\/pood\\\/aksessuaarid\\\/sinise-valguse-prillid\\\/izipizi-sinise-valguse-prillid-d-tortoise\\\/\"]}]},{\"@type\":\"ImageObject\",\"inLanguage\":\"en-GB\",\"@id\":\"https:\\\/\\\/ruuby.ee\\\/en\\\/pood\\\/aksessuaarid\\\/sinise-valguse-prillid\\\/izipizi-sinise-valguse-prillid-d-tortoise\\\/#primaryimage\",\"url\":\"https:\\\/\\\/ruuby.ee\\\/wp-content\\\/uploads\\\/2025\\\/11\\\/Screenshot-2025-11-14-at-13.26.06.png\",\"contentUrl\":\"https:\\\/\\\/ruuby.ee\\\/wp-content\\\/uploads\\\/2025\\\/11\\\/Screenshot-2025-11-14-at-13.26.06.png\",\"width\":1492,\"height\":1236},{\"@type\":\"BreadcrumbList\",\"@id\":\"https:\\\/\\\/ruuby.ee\\\/en\\\/pood\\\/aksessuaarid\\\/sinise-valguse-prillid\\\/izipizi-sinise-valguse-prillid-d-tortoise\\\/#breadcrumb\",\"itemListElement\":[{\"@type\":\"ListItem\",\"position\":1,\"name\":\"Kdu\",\"item\":\"https:\\\/\\\/ruuby.ee\\\/en\\\/\"},{\"@type\":\"ListItem\",\"position\":2,\"name\":\"Pood\",\"item\":\"https:\\\/\\\/ruuby.ee\\\/en\\\/pood\\\/\"},{\"@type\":\"ListItem\",\"position\":3,\"name\":\"IZIPIZI sinise valguse prillid, #D Tortoise\"}]},{\"@type\":\"WebSite\",\"@id\":\"https:\\\/\\\/ruuby.ee\\\/en\\\/#website\",\"url\":\"https:\\\/\\\/ruuby.ee\\\/en\\\/\",\"name\":\"RUUBY\",\"description\":\"Ruubys on \u00fchendatud elustiil ja disain\",\"publisher\":{\"@id\":\"https:\\\/\\\/ruuby.ee\\\/en\\\/#organization\"},\"alternateName\":\"Ruuby Disain\",\"potentialAction\":[{\"@type\":\"SearchAction\",\"target\":{\"@type\":\"EntryPoint\",\"urlTemplate\":\"https:\\\/\\\/ruuby.ee\\\/en\\\/?s={search_term_string}\"},\"query-input\":{\"@type\":\"PropertyValueSpecification\",\"valueRequired\":true,\"valueName\":\"search_term_string\"}}],\"inLanguage\":\"en-GB\"},{\"@type\":\"Organization\",\"@id\":\"https:\\\/\\\/ruuby.ee\\\/en\\\/#organization\",\"name\":\"Ruuby Disain O\u00dc\",\"alternateName\":\"Ruuby\",\"url\":\"https:\\\/\\\/ruuby.ee\\\/en\\\/\",\"logo\":{\"@type\":\"ImageObject\",\"inLanguage\":\"en-GB\",\"@id\":\"https:\\\/\\\/ruuby.ee\\\/en\\\/#\\\/schema\\\/logo\\\/image\\\/\",\"url\":\"https:\\\/\\\/ruuby.ee\\\/wp-content\\\/uploads\\\/2023\\\/06\\\/cropped-Black-White-Elegant-Circle-Signature-Fashion-Logo-12_large.png\",\"contentUrl\":\"https:\\\/\\\/ruuby.ee\\\/wp-content\\\/uploads\\\/2023\\\/06\\\/cropped-Black-White-Elegant-Circle-Signature-Fashion-Logo-12_large.png\",\"width\":1280,\"height\":747,\"caption\":\"Ruuby Disain O\u00dc\"},\"image\":{\"@id\":\"https:\\\/\\\/ruuby.ee\\\/en\\\/#\\\/schema\\\/logo\\\/image\\\/\"},\"sameAs\":[\"https:\\\/\\\/www.facebook.com\\\/ruubyconcept\",\"https:\\\/\\\/www.instagram.com\\\/ruuby_concept\\\/\"]}]}<\/script>\n<!-- \/ Yoast SEO plugin. -->","yoast_head_json":{"title":"IZIPIZI sinise valguse prillid, #D Tortoise - RUUBY","robots":{"index":"index","follow":"follow","max-snippet":"max-snippet:-1","max-image-preview":"max-image-preview:large","max-video-preview":"max-video-preview:-1"},"canonical":"https:\/\/ruuby.ee\/en\/pood\/aksessuaarid\/sinise-valguse-prillid\/izipizi-sinise-valguse-prillid-d-tortoise\/","og_locale":"en_GB","og_type":"article","og_title":"IZIPIZI sinise valguse prillid, #D Tortoise - RUUBY","og_description":"Ekraaniprillid filtreerivad v\u00e4lja 40% ekraanide kiirgavast sinisest valgusest, v\u00e4hendades seel\u00e4bi silmade v\u00e4simust, \u00e4rritust ja peavalu.","og_url":"https:\/\/ruuby.ee\/en\/pood\/aksessuaarid\/sinise-valguse-prillid\/izipizi-sinise-valguse-prillid-d-tortoise\/","og_site_name":"RUUBY","article_publisher":"https:\/\/www.facebook.com\/ruubyconcept","article_modified_time":"2026-04-06T22:27:05+00:00","og_image":[{"width":1024,"height":848,"url":"https:\/\/ruuby.ee\/wp-content\/uploads\/2025\/11\/Screenshot-2025-11-14-at-13.26.06-1024x848.png","type":"image\/png"}],"twitter_card":"summary_large_image","twitter_misc":{"Estimated reading time":"2 minutes"},"schema":{"@context":"https:\/\/schema.org","@graph":[{"@type":["WebPage","ItemPage"],"@id":"https:\/\/ruuby.ee\/en\/pood\/aksessuaarid\/sinise-valguse-prillid\/izipizi-sinise-valguse-prillid-d-tortoise\/","url":"https:\/\/ruuby.ee\/en\/pood\/aksessuaarid\/sinise-valguse-prillid\/izipizi-sinise-valguse-prillid-d-tortoise\/","name":"IZIPIZI sinise valguse prillid, #D Tortoise - RUUBY","isPartOf":{"@id":"https:\/\/ruuby.ee\/en\/#website"},"primaryImageOfPage":{"@id":"https:\/\/ruuby.ee\/en\/pood\/aksessuaarid\/sinise-valguse-prillid\/izipizi-sinise-valguse-prillid-d-tortoise\/#primaryimage"},"image":{"@id":"https:\/\/ruuby.ee\/en\/pood\/aksessuaarid\/sinise-valguse-prillid\/izipizi-sinise-valguse-prillid-d-tortoise\/#primaryimage"},"thumbnailUrl":"https:\/\/ruuby.ee\/wp-content\/uploads\/2025\/11\/Screenshot-2025-11-14-at-13.26.06.png","datePublished":"2025-11-14T10:56:35+00:00","dateModified":"2026-04-06T22:27:05+00:00","breadcrumb":{"@id":"https:\/\/ruuby.ee\/en\/pood\/aksessuaarid\/sinise-valguse-prillid\/izipizi-sinise-valguse-prillid-d-tortoise\/#breadcrumb"},"inLanguage":"en-GB","potentialAction":[{"@type":"ReadAction","target":["https:\/\/ruuby.ee\/en\/pood\/aksessuaarid\/sinise-valguse-prillid\/izipizi-sinise-valguse-prillid-d-tortoise\/"]}]},{"@type":"ImageObject","inLanguage":"en-GB","@id":"https:\/\/ruuby.ee\/en\/pood\/aksessuaarid\/sinise-valguse-prillid\/izipizi-sinise-valguse-prillid-d-tortoise\/#primaryimage","url":"https:\/\/ruuby.ee\/wp-content\/uploads\/2025\/11\/Screenshot-2025-11-14-at-13.26.06.png","contentUrl":"https:\/\/ruuby.ee\/wp-content\/uploads\/2025\/11\/Screenshot-2025-11-14-at-13.26.06.png","width":1492,"height":1236},{"@type":"BreadcrumbList","@id":"https:\/\/ruuby.ee\/en\/pood\/aksessuaarid\/sinise-valguse-prillid\/izipizi-sinise-valguse-prillid-d-tortoise\/#breadcrumb","itemListElement":[{"@type":"ListItem","position":1,"name":"Kdu","item":"https:\/\/ruuby.ee\/en\/"},{"@type":"ListItem","position":2,"name":"Pood","item":"https:\/\/ruuby.ee\/en\/pood\/"},{"@type":"ListItem","position":3,"name":"IZIPIZI sinise valguse prillid, #D Tortoise"}]},{"@type":"WebSite","@id":"https:\/\/ruuby.ee\/en\/#website","url":"https:\/\/ruuby.ee\/en\/","name":"RUUBY","description":"Ruubys on \u00fchendatud elustiil ja disain","publisher":{"@id":"https:\/\/ruuby.ee\/en\/#organization"},"alternateName":"Ruuby Disain","potentialAction":[{"@type":"SearchAction","target":{"@type":"EntryPoint","urlTemplate":"https:\/\/ruuby.ee\/en\/?s={search_term_string}"},"query-input":{"@type":"PropertyValueSpecification","valueRequired":true,"valueName":"search_term_string"}}],"inLanguage":"en-GB"},{"@type":"Organization","@id":"https:\/\/ruuby.ee\/en\/#organization","name":"Ruuby Disain O\u00dc","alternateName":"Ruuby","url":"https:\/\/ruuby.ee\/en\/","logo":{"@type":"ImageObject","inLanguage":"en-GB","@id":"https:\/\/ruuby.ee\/en\/#\/schema\/logo\/image\/","url":"https:\/\/ruuby.ee\/wp-content\/uploads\/2023\/06\/cropped-Black-White-Elegant-Circle-Signature-Fashion-Logo-12_large.png","contentUrl":"https:\/\/ruuby.ee\/wp-content\/uploads\/2023\/06\/cropped-Black-White-Elegant-Circle-Signature-Fashion-Logo-12_large.png","width":1280,"height":747,"caption":"Ruuby Disain O\u00dc"},"image":{"@id":"https:\/\/ruuby.ee\/en\/#\/schema\/logo\/image\/"},"sameAs":["https:\/\/www.facebook.com\/ruubyconcept","https:\/\/www.instagram.com\/ruuby_concept\/"]}]}},"jetpack_sharing_enabled":true,"_links":{"self":[{"href":"https:\/\/ruuby.ee\/en\/wp-json\/wp\/v2\/product\/1857430","targetHints":{"allow":["GET"]}}],"collection":[{"href":"https:\/\/ruuby.ee\/en\/wp-json\/wp\/v2\/product"}],"about":[{"href":"https:\/\/ruuby.ee\/en\/wp-json\/wp\/v2\/types\/product"}],"replies":[{"embeddable":true,"href":"https:\/\/ruuby.ee\/en\/wp-json\/wp\/v2\/comments?post=1857430"}],"wp:featuredmedia":[{"embeddable":true,"href":"https:\/\/ruuby.ee\/en\/wp-json\/wp\/v2\/media\/1857445"}],"wp:attachment":[{"href":"https:\/\/ruuby.ee\/en\/wp-json\/wp\/v2\/media?parent=1857430"}],"wp:term":[{"taxonomy":"product_brand","embeddable":true,"href":"https:\/\/ruuby.ee\/en\/wp-json\/wp\/v2\/product_brand?post=1857430"},{"taxonomy":"product_cat","embeddable":true,"href":"https:\/\/ruuby.ee\/en\/wp-json\/wp\/v2\/product_cat?post=1857430"},{"taxonomy":"product_tag","embeddable":true,"href":"https:\/\/ruuby.ee\/en\/wp-json\/wp\/v2\/product_tag?post=1857430"}],"curies":[{"name":"wp","href":"https:\/\/api.w.org\/{rel}","templated":true}]}}