{"id":1857381,"date":"2025-11-13T16:39:47","date_gmt":"2025-11-13T14:39:47","guid":{"rendered":"https:\/\/ruuby.ee\/?post_type=product&#038;p=1857381"},"modified":"2026-04-06T01:26:18","modified_gmt":"2026-04-05T22:26:18","slug":"happy-socks-bokserid-black-white-kinkekomplekt-s-xl","status":"publish","type":"product","link":"https:\/\/ruuby.ee\/en\/pood\/roivakaubad\/meeste-bokserid\/happy-socks-bokserid-black-white-kinkekomplekt-s-xl\/","title":{"rendered":"Happy Socks Bokserid &#8211; Black &amp; White kinkekomplekt (S-XL)"},"content":{"rendered":"<p>T\u00f5sta oma igap\u00e4evaseid olulisi esemeid meie 3-osalise mustvalge mitmikpakiga uuele tasemele.<\/p>\n<p>See mustade bokserite trio lisab teie garderoobi isikup\u00e4ra, iga\u00fchel oma ainulaadne stiil. Meile on oluline autentne enesev\u00e4ljendus ja need naljakad bokserid v\u00f5imaldavad teil just seda teha. Mugavusele keskendunud bokserite omadusteks on lai v\u00f6\u00f6koht, mahukas kahekihiline tasku ja strateegiliselt paigutatud \u00f5mblused vastupidavuse tagamiseks. Olenemata sellest, kas puhkate v\u00f5i olete liikvel, hoiavad need mustad bokserid teid v\u00e4rske ja enesekindlana.<\/p>\n<p>Ideaalne kingitus mehele, kes hindab mugavust ja huumorit.<\/p>\n<p>Materjal: 95% puuvill, 5% elastaan<\/p>","protected":false},"excerpt":{"rendered":"<p>T\u00f5sta oma igap\u00e4evaseid olulisi esemeid meie 3-osalise mustvalge mitmikpakiga uuele tasemele. See mustade bokserite trio lisab teie garderoobi isikup\u00e4ra, iga\u00fchel oma ainulaadne stiil. Meile on oluline autentne enesev\u00e4ljendus ja need naljakad bokserid v\u00f5imaldavad teil just seda teha. Mugavusele keskendunud bokserite omadusteks on lai v\u00f6\u00f6koht, mahukas kahekihiline tasku ja strateegiliselt paigutatud \u00f5mblused vastupidavuse tagamiseks. Olenemata sellest, [&hellip;]<\/p>\n","protected":false},"featured_media":1857410,"comment_status":"open","ping_status":"closed","template":"","meta":[],"product_brand":[],"product_cat":[1145,24],"product_tag":[760],"class_list":{"0":"post-1857381","1":"product","2":"type-product","3":"status-publish","4":"has-post-thumbnail","6":"product_cat-meeste-bokserid","7":"product_cat-roivakaubad","8":"product_tag-bokserid","10":"first","11":"instock","12":"taxable","13":"shipping-taxable","14":"purchasable","15":"product-type-variable","16":"rtwpvs-product"},"yoast_head":"<!-- This site is optimized with the Yoast SEO plugin v27.2 - https:\/\/yoast.com\/product\/yoast-seo-wordpress\/ -->\n<title>Happy Socks Bokserid - Black &amp; White kinkekomplekt (S-XL) - RUUBY<\/title>\n<meta name=\"robots\" content=\"index, follow, max-snippet:-1, max-image-preview:large, max-video-preview:-1\" \/>\n<link rel=\"canonical\" href=\"http:\/\/ruuby.ee\/en\/pood\/roivakaubad\/meeste-bokserid\/happy-socks-bokserid-black-white-kinkekomplekt-s-xl\/\" \/>\n<meta property=\"og:locale\" content=\"en_GB\" \/>\n<meta property=\"og:type\" content=\"article\" \/>\n<meta property=\"og:title\" content=\"Happy Socks Bokserid - Black &amp; White kinkekomplekt (S-XL) - RUUBY\" \/>\n<meta property=\"og:description\" content=\"T\u00f5sta oma igap\u00e4evaseid olulisi esemeid meie 3-osalise mustvalge mitmikpakiga uuele tasemele. See mustade bokserite trio lisab teie garderoobi isikup\u00e4ra, iga\u00fchel oma ainulaadne stiil. Meile on oluline autentne enesev\u00e4ljendus ja need naljakad bokserid v\u00f5imaldavad teil just seda teha. Mugavusele keskendunud bokserite omadusteks on lai v\u00f6\u00f6koht, mahukas kahekihiline tasku ja strateegiliselt paigutatud \u00f5mblused vastupidavuse tagamiseks. Olenemata sellest, [&hellip;]\" \/>\n<meta property=\"og:url\" content=\"http:\/\/ruuby.ee\/en\/pood\/roivakaubad\/meeste-bokserid\/happy-socks-bokserid-black-white-kinkekomplekt-s-xl\/\" \/>\n<meta property=\"og:site_name\" content=\"RUUBY\" \/>\n<meta property=\"article:publisher\" content=\"https:\/\/www.facebook.com\/ruubyconcept\" \/>\n<meta property=\"article:modified_time\" content=\"2026-04-05T22:26:18+00:00\" \/>\n<meta property=\"og:image\" content=\"http:\/\/ruuby.ee\/wp-content\/uploads\/2025\/11\/Screenshot-2025-11-13-at-16.52.34.png\" \/>\n\t<meta property=\"og:image:width\" content=\"1552\" \/>\n\t<meta property=\"og:image:height\" content=\"1128\" \/>\n\t<meta property=\"og:image:type\" content=\"image\/png\" \/>\n<meta name=\"twitter:card\" content=\"summary_large_image\" \/>\n<meta name=\"twitter:label1\" content=\"Estimated reading time\" \/>\n\t<meta name=\"twitter:data1\" content=\"1 minute\" \/>\n<script type=\"application\/ld+json\" class=\"yoast-schema-graph\">{\"@context\":\"https:\/\/schema.org\",\"@graph\":[{\"@type\":[\"WebPage\",\"ItemPage\"],\"@id\":\"http:\/\/ruuby.ee\/pood\/roivakaubad\/meeste-bokserid\/happy-socks-bokserid-black-white-kinkekomplekt-s-xl\/\",\"url\":\"http:\/\/ruuby.ee\/pood\/roivakaubad\/meeste-bokserid\/happy-socks-bokserid-black-white-kinkekomplekt-s-xl\/\",\"name\":\"Happy Socks Bokserid - Black &amp; White kinkekomplekt (S-XL) - RUUBY\",\"isPartOf\":{\"@id\":\"http:\/\/ruuby.ee\/#website\"},\"primaryImageOfPage\":{\"@id\":\"http:\/\/ruuby.ee\/pood\/roivakaubad\/meeste-bokserid\/happy-socks-bokserid-black-white-kinkekomplekt-s-xl\/#primaryimage\"},\"image\":{\"@id\":\"http:\/\/ruuby.ee\/pood\/roivakaubad\/meeste-bokserid\/happy-socks-bokserid-black-white-kinkekomplekt-s-xl\/#primaryimage\"},\"thumbnailUrl\":\"https:\/\/ruuby.ee\/wp-content\/uploads\/2025\/11\/Screenshot-2025-11-13-at-16.52.34.png\",\"datePublished\":\"2025-11-13T14:39:47+00:00\",\"dateModified\":\"2026-04-05T22:26:18+00:00\",\"breadcrumb\":{\"@id\":\"http:\/\/ruuby.ee\/pood\/roivakaubad\/meeste-bokserid\/happy-socks-bokserid-black-white-kinkekomplekt-s-xl\/#breadcrumb\"},\"inLanguage\":\"en-GB\",\"potentialAction\":[{\"@type\":\"ReadAction\",\"target\":[\"http:\/\/ruuby.ee\/pood\/roivakaubad\/meeste-bokserid\/happy-socks-bokserid-black-white-kinkekomplekt-s-xl\/\"]}]},{\"@type\":\"ImageObject\",\"inLanguage\":\"en-GB\",\"@id\":\"http:\/\/ruuby.ee\/pood\/roivakaubad\/meeste-bokserid\/happy-socks-bokserid-black-white-kinkekomplekt-s-xl\/#primaryimage\",\"url\":\"https:\/\/ruuby.ee\/wp-content\/uploads\/2025\/11\/Screenshot-2025-11-13-at-16.52.34.png\",\"contentUrl\":\"https:\/\/ruuby.ee\/wp-content\/uploads\/2025\/11\/Screenshot-2025-11-13-at-16.52.34.png\",\"width\":1552,\"height\":1128},{\"@type\":\"BreadcrumbList\",\"@id\":\"http:\/\/ruuby.ee\/pood\/roivakaubad\/meeste-bokserid\/happy-socks-bokserid-black-white-kinkekomplekt-s-xl\/#breadcrumb\",\"itemListElement\":[{\"@type\":\"ListItem\",\"position\":1,\"name\":\"Kdu\",\"item\":\"http:\/\/ruuby.ee\/\"},{\"@type\":\"ListItem\",\"position\":2,\"name\":\"Pood\",\"item\":\"https:\/\/ruuby.ee\/en\/pood\/\"},{\"@type\":\"ListItem\",\"position\":3,\"name\":\"Happy Socks Bokserid &#8211; Black &amp; White kinkekomplekt (S-XL)\"}]},{\"@type\":\"WebSite\",\"@id\":\"http:\/\/ruuby.ee\/#website\",\"url\":\"http:\/\/ruuby.ee\/\",\"name\":\"RUUBY\",\"description\":\"Ruubys on \u00fchendatud elustiil ja disain\",\"publisher\":{\"@id\":\"http:\/\/ruuby.ee\/#organization\"},\"alternateName\":\"Ruuby Disain\",\"potentialAction\":[{\"@type\":\"SearchAction\",\"target\":{\"@type\":\"EntryPoint\",\"urlTemplate\":\"http:\/\/ruuby.ee\/?s={search_term_string}\"},\"query-input\":{\"@type\":\"PropertyValueSpecification\",\"valueRequired\":true,\"valueName\":\"search_term_string\"}}],\"inLanguage\":\"en-GB\"},{\"@type\":\"Organization\",\"@id\":\"http:\/\/ruuby.ee\/#organization\",\"name\":\"Ruuby Disain O\u00dc\",\"alternateName\":\"Ruuby\",\"url\":\"http:\/\/ruuby.ee\/\",\"logo\":{\"@type\":\"ImageObject\",\"inLanguage\":\"en-GB\",\"@id\":\"http:\/\/ruuby.ee\/#\/schema\/logo\/image\/\",\"url\":\"https:\/\/ruuby.ee\/wp-content\/uploads\/2023\/06\/cropped-Black-White-Elegant-Circle-Signature-Fashion-Logo-12_large.png\",\"contentUrl\":\"https:\/\/ruuby.ee\/wp-content\/uploads\/2023\/06\/cropped-Black-White-Elegant-Circle-Signature-Fashion-Logo-12_large.png\",\"width\":1280,\"height\":747,\"caption\":\"Ruuby Disain O\u00dc\"},\"image\":{\"@id\":\"http:\/\/ruuby.ee\/#\/schema\/logo\/image\/\"},\"sameAs\":[\"https:\/\/www.facebook.com\/ruubyconcept\",\"https:\/\/www.instagram.com\/ruuby_concept\/\"]}]}<\/script>\n<!-- \/ Yoast SEO plugin. -->","yoast_head_json":{"title":"Happy Socks Bokserid - Black &amp; White kinkekomplekt (S-XL) - RUUBY","robots":{"index":"index","follow":"follow","max-snippet":"max-snippet:-1","max-image-preview":"max-image-preview:large","max-video-preview":"max-video-preview:-1"},"canonical":"http:\/\/ruuby.ee\/en\/pood\/roivakaubad\/meeste-bokserid\/happy-socks-bokserid-black-white-kinkekomplekt-s-xl\/","og_locale":"en_GB","og_type":"article","og_title":"Happy Socks Bokserid - Black &amp; White kinkekomplekt (S-XL) - RUUBY","og_description":"T\u00f5sta oma igap\u00e4evaseid olulisi esemeid meie 3-osalise mustvalge mitmikpakiga uuele tasemele. See mustade bokserite trio lisab teie garderoobi isikup\u00e4ra, iga\u00fchel oma ainulaadne stiil. Meile on oluline autentne enesev\u00e4ljendus ja need naljakad bokserid v\u00f5imaldavad teil just seda teha. Mugavusele keskendunud bokserite omadusteks on lai v\u00f6\u00f6koht, mahukas kahekihiline tasku ja strateegiliselt paigutatud \u00f5mblused vastupidavuse tagamiseks. Olenemata sellest, [&hellip;]","og_url":"http:\/\/ruuby.ee\/en\/pood\/roivakaubad\/meeste-bokserid\/happy-socks-bokserid-black-white-kinkekomplekt-s-xl\/","og_site_name":"RUUBY","article_publisher":"https:\/\/www.facebook.com\/ruubyconcept","article_modified_time":"2026-04-05T22:26:18+00:00","og_image":[{"width":1552,"height":1128,"url":"http:\/\/ruuby.ee\/wp-content\/uploads\/2025\/11\/Screenshot-2025-11-13-at-16.52.34.png","type":"image\/png"}],"twitter_card":"summary_large_image","twitter_misc":{"Estimated reading time":"1 minute"},"schema":{"@context":"https:\/\/schema.org","@graph":[{"@type":["WebPage","ItemPage"],"@id":"http:\/\/ruuby.ee\/pood\/roivakaubad\/meeste-bokserid\/happy-socks-bokserid-black-white-kinkekomplekt-s-xl\/","url":"http:\/\/ruuby.ee\/pood\/roivakaubad\/meeste-bokserid\/happy-socks-bokserid-black-white-kinkekomplekt-s-xl\/","name":"Happy Socks Bokserid - Black &amp; White kinkekomplekt (S-XL) - RUUBY","isPartOf":{"@id":"http:\/\/ruuby.ee\/#website"},"primaryImageOfPage":{"@id":"http:\/\/ruuby.ee\/pood\/roivakaubad\/meeste-bokserid\/happy-socks-bokserid-black-white-kinkekomplekt-s-xl\/#primaryimage"},"image":{"@id":"http:\/\/ruuby.ee\/pood\/roivakaubad\/meeste-bokserid\/happy-socks-bokserid-black-white-kinkekomplekt-s-xl\/#primaryimage"},"thumbnailUrl":"https:\/\/ruuby.ee\/wp-content\/uploads\/2025\/11\/Screenshot-2025-11-13-at-16.52.34.png","datePublished":"2025-11-13T14:39:47+00:00","dateModified":"2026-04-05T22:26:18+00:00","breadcrumb":{"@id":"http:\/\/ruuby.ee\/pood\/roivakaubad\/meeste-bokserid\/happy-socks-bokserid-black-white-kinkekomplekt-s-xl\/#breadcrumb"},"inLanguage":"en-GB","potentialAction":[{"@type":"ReadAction","target":["http:\/\/ruuby.ee\/pood\/roivakaubad\/meeste-bokserid\/happy-socks-bokserid-black-white-kinkekomplekt-s-xl\/"]}]},{"@type":"ImageObject","inLanguage":"en-GB","@id":"http:\/\/ruuby.ee\/pood\/roivakaubad\/meeste-bokserid\/happy-socks-bokserid-black-white-kinkekomplekt-s-xl\/#primaryimage","url":"https:\/\/ruuby.ee\/wp-content\/uploads\/2025\/11\/Screenshot-2025-11-13-at-16.52.34.png","contentUrl":"https:\/\/ruuby.ee\/wp-content\/uploads\/2025\/11\/Screenshot-2025-11-13-at-16.52.34.png","width":1552,"height":1128},{"@type":"BreadcrumbList","@id":"http:\/\/ruuby.ee\/pood\/roivakaubad\/meeste-bokserid\/happy-socks-bokserid-black-white-kinkekomplekt-s-xl\/#breadcrumb","itemListElement":[{"@type":"ListItem","position":1,"name":"Kdu","item":"http:\/\/ruuby.ee\/"},{"@type":"ListItem","position":2,"name":"Pood","item":"https:\/\/ruuby.ee\/en\/pood\/"},{"@type":"ListItem","position":3,"name":"Happy Socks Bokserid &#8211; Black &amp; White kinkekomplekt (S-XL)"}]},{"@type":"WebSite","@id":"http:\/\/ruuby.ee\/#website","url":"http:\/\/ruuby.ee\/","name":"RUUBY","description":"Ruubys on \u00fchendatud elustiil ja disain","publisher":{"@id":"http:\/\/ruuby.ee\/#organization"},"alternateName":"Ruuby Disain","potentialAction":[{"@type":"SearchAction","target":{"@type":"EntryPoint","urlTemplate":"http:\/\/ruuby.ee\/?s={search_term_string}"},"query-input":{"@type":"PropertyValueSpecification","valueRequired":true,"valueName":"search_term_string"}}],"inLanguage":"en-GB"},{"@type":"Organization","@id":"http:\/\/ruuby.ee\/#organization","name":"Ruuby Disain O\u00dc","alternateName":"Ruuby","url":"http:\/\/ruuby.ee\/","logo":{"@type":"ImageObject","inLanguage":"en-GB","@id":"http:\/\/ruuby.ee\/#\/schema\/logo\/image\/","url":"https:\/\/ruuby.ee\/wp-content\/uploads\/2023\/06\/cropped-Black-White-Elegant-Circle-Signature-Fashion-Logo-12_large.png","contentUrl":"https:\/\/ruuby.ee\/wp-content\/uploads\/2023\/06\/cropped-Black-White-Elegant-Circle-Signature-Fashion-Logo-12_large.png","width":1280,"height":747,"caption":"Ruuby Disain O\u00dc"},"image":{"@id":"http:\/\/ruuby.ee\/#\/schema\/logo\/image\/"},"sameAs":["https:\/\/www.facebook.com\/ruubyconcept","https:\/\/www.instagram.com\/ruuby_concept\/"]}]}},"jetpack_sharing_enabled":true,"_links":{"self":[{"href":"https:\/\/ruuby.ee\/en\/wp-json\/wp\/v2\/product\/1857381","targetHints":{"allow":["GET"]}}],"collection":[{"href":"https:\/\/ruuby.ee\/en\/wp-json\/wp\/v2\/product"}],"about":[{"href":"https:\/\/ruuby.ee\/en\/wp-json\/wp\/v2\/types\/product"}],"replies":[{"embeddable":true,"href":"https:\/\/ruuby.ee\/en\/wp-json\/wp\/v2\/comments?post=1857381"}],"wp:featuredmedia":[{"embeddable":true,"href":"https:\/\/ruuby.ee\/en\/wp-json\/wp\/v2\/media\/1857410"}],"wp:attachment":[{"href":"https:\/\/ruuby.ee\/en\/wp-json\/wp\/v2\/media?parent=1857381"}],"wp:term":[{"taxonomy":"product_brand","embeddable":true,"href":"https:\/\/ruuby.ee\/en\/wp-json\/wp\/v2\/product_brand?post=1857381"},{"taxonomy":"product_cat","embeddable":true,"href":"https:\/\/ruuby.ee\/en\/wp-json\/wp\/v2\/product_cat?post=1857381"},{"taxonomy":"product_tag","embeddable":true,"href":"https:\/\/ruuby.ee\/en\/wp-json\/wp\/v2\/product_tag?post=1857381"}],"curies":[{"name":"wp","href":"https:\/\/api.w.org\/{rel}","templated":true}]}}