{"id":1857362,"date":"2025-11-13T16:39:09","date_gmt":"2025-11-13T14:39:09","guid":{"rendered":"https:\/\/ruuby.ee\/?post_type=product&#038;p=1857362"},"modified":"2026-04-06T01:26:18","modified_gmt":"2026-04-05T22:26:18","slug":"happy-socks-bokserid-cloudy-kinkekomplekt-s-xl","status":"publish","type":"product","link":"https:\/\/ruuby.ee\/en\/pood\/roivakaubad\/meeste-bokserid\/happy-socks-bokserid-cloudy-kinkekomplekt-s-xl\/","title":{"rendered":"Happy Socks Bokserid &#8211; Cloudy kinkekomplekt (S-XL)"},"content":{"rendered":"<p>Sukeldu mugavuse pilvedesse meie 1-pakis olevate l\u00fchikeste pilvebokseritega.<\/p>\n<p>Need pehmed sinised bokserid on kaunistatud koheva valge pilvemustriga, mis on sama rahustav kui \u00f5rn tuuleiil. Meile on oluline autentne enesev\u00e4ljendus ja need l\u00f5busad bokserid v\u00f5imaldavad sul oma m\u00e4ngulist poolt n\u00e4idata. Nutikas disain tagab \u00fclima mugavuse koos laia v\u00f6\u00f6koha, mahuka tasku ja strateegiliselt paigutatud \u00f5mblustega. Olenemata sellest, kas lebotad ringi v\u00f5i ajad asju, hoiavad need bokserid sind kerge ja muretu tundega.<\/p>\n<p>Ideaalne kingitus: mehele, kellele meeldib stiilselt l\u00f5\u00f5gastuda.<\/p>\n<p>Materjal: 95% puuvill, 5% elastaan<\/p>","protected":false},"excerpt":{"rendered":"<p>Sukeldu mugavuse pilvedesse meie 1-pakis olevate l\u00fchikeste pilvebokseritega. Need pehmed sinised bokserid on kaunistatud koheva valge pilvemustriga, mis on sama rahustav kui \u00f5rn tuuleiil. Meile on oluline autentne enesev\u00e4ljendus ja need l\u00f5busad bokserid v\u00f5imaldavad sul oma m\u00e4ngulist poolt n\u00e4idata. Nutikas disain tagab \u00fclima mugavuse koos laia v\u00f6\u00f6koha, mahuka tasku ja strateegiliselt paigutatud \u00f5mblustega. Olenemata sellest, [&hellip;]<\/p>\n","protected":false},"featured_media":1857414,"comment_status":"open","ping_status":"closed","template":"","meta":[],"product_brand":[],"product_cat":[1145,24],"product_tag":[760],"class_list":{"0":"post-1857362","1":"product","2":"type-product","3":"status-publish","4":"has-post-thumbnail","6":"product_cat-meeste-bokserid","7":"product_cat-roivakaubad","8":"product_tag-bokserid","10":"first","11":"instock","12":"taxable","13":"shipping-taxable","14":"purchasable","15":"product-type-variable","16":"rtwpvs-product"},"yoast_head":"<!-- This site is optimized with the Yoast SEO plugin v27.2 - https:\/\/yoast.com\/product\/yoast-seo-wordpress\/ -->\n<title>Happy Socks Bokserid - Cloudy kinkekomplekt (S-XL) - RUUBY<\/title>\n<meta name=\"robots\" content=\"index, follow, max-snippet:-1, max-image-preview:large, max-video-preview:-1\" \/>\n<link rel=\"canonical\" href=\"https:\/\/ruuby.ee\/en\/pood\/roivakaubad\/meeste-bokserid\/happy-socks-bokserid-cloudy-kinkekomplekt-s-xl\/\" \/>\n<meta property=\"og:locale\" content=\"en_GB\" \/>\n<meta property=\"og:type\" content=\"article\" \/>\n<meta property=\"og:title\" content=\"Happy Socks Bokserid - Cloudy kinkekomplekt (S-XL) - RUUBY\" \/>\n<meta property=\"og:description\" content=\"Sukeldu mugavuse pilvedesse meie 1-pakis olevate l\u00fchikeste pilvebokseritega. Need pehmed sinised bokserid on kaunistatud koheva valge pilvemustriga, mis on sama rahustav kui \u00f5rn tuuleiil. Meile on oluline autentne enesev\u00e4ljendus ja need l\u00f5busad bokserid v\u00f5imaldavad sul oma m\u00e4ngulist poolt n\u00e4idata. Nutikas disain tagab \u00fclima mugavuse koos laia v\u00f6\u00f6koha, mahuka tasku ja strateegiliselt paigutatud \u00f5mblustega. Olenemata sellest, [&hellip;]\" \/>\n<meta property=\"og:url\" content=\"https:\/\/ruuby.ee\/en\/pood\/roivakaubad\/meeste-bokserid\/happy-socks-bokserid-cloudy-kinkekomplekt-s-xl\/\" \/>\n<meta property=\"og:site_name\" content=\"RUUBY\" \/>\n<meta property=\"article:publisher\" content=\"https:\/\/www.facebook.com\/ruubyconcept\" \/>\n<meta property=\"article:modified_time\" content=\"2026-04-05T22:26:18+00:00\" \/>\n<meta property=\"og:image\" content=\"https:\/\/ruuby.ee\/wp-content\/uploads\/2025\/11\/Screenshot-2025-11-13-at-16.57.41.png\" \/>\n\t<meta property=\"og:image:width\" content=\"1590\" \/>\n\t<meta property=\"og:image:height\" content=\"1128\" \/>\n\t<meta property=\"og:image:type\" content=\"image\/png\" \/>\n<meta name=\"twitter:card\" content=\"summary_large_image\" \/>\n<meta name=\"twitter:label1\" content=\"Estimated reading time\" \/>\n\t<meta name=\"twitter:data1\" content=\"1 minute\" \/>\n<script type=\"application\/ld+json\" class=\"yoast-schema-graph\">{\"@context\":\"https:\/\/schema.org\",\"@graph\":[{\"@type\":[\"WebPage\",\"ItemPage\"],\"@id\":\"https:\/\/ruuby.ee\/en\/pood\/roivakaubad\/meeste-bokserid\/happy-socks-bokserid-cloudy-kinkekomplekt-s-xl\/\",\"url\":\"https:\/\/ruuby.ee\/en\/pood\/roivakaubad\/meeste-bokserid\/happy-socks-bokserid-cloudy-kinkekomplekt-s-xl\/\",\"name\":\"Happy Socks Bokserid - Cloudy kinkekomplekt (S-XL) - RUUBY\",\"isPartOf\":{\"@id\":\"http:\/\/ruuby.ee\/#website\"},\"primaryImageOfPage\":{\"@id\":\"https:\/\/ruuby.ee\/en\/pood\/roivakaubad\/meeste-bokserid\/happy-socks-bokserid-cloudy-kinkekomplekt-s-xl\/#primaryimage\"},\"image\":{\"@id\":\"https:\/\/ruuby.ee\/en\/pood\/roivakaubad\/meeste-bokserid\/happy-socks-bokserid-cloudy-kinkekomplekt-s-xl\/#primaryimage\"},\"thumbnailUrl\":\"https:\/\/ruuby.ee\/wp-content\/uploads\/2025\/11\/Screenshot-2025-11-13-at-16.57.41.png\",\"datePublished\":\"2025-11-13T14:39:09+00:00\",\"dateModified\":\"2026-04-05T22:26:18+00:00\",\"breadcrumb\":{\"@id\":\"https:\/\/ruuby.ee\/en\/pood\/roivakaubad\/meeste-bokserid\/happy-socks-bokserid-cloudy-kinkekomplekt-s-xl\/#breadcrumb\"},\"inLanguage\":\"en-GB\",\"potentialAction\":[{\"@type\":\"ReadAction\",\"target\":[\"https:\/\/ruuby.ee\/en\/pood\/roivakaubad\/meeste-bokserid\/happy-socks-bokserid-cloudy-kinkekomplekt-s-xl\/\"]}]},{\"@type\":\"ImageObject\",\"inLanguage\":\"en-GB\",\"@id\":\"https:\/\/ruuby.ee\/en\/pood\/roivakaubad\/meeste-bokserid\/happy-socks-bokserid-cloudy-kinkekomplekt-s-xl\/#primaryimage\",\"url\":\"https:\/\/ruuby.ee\/wp-content\/uploads\/2025\/11\/Screenshot-2025-11-13-at-16.57.41.png\",\"contentUrl\":\"https:\/\/ruuby.ee\/wp-content\/uploads\/2025\/11\/Screenshot-2025-11-13-at-16.57.41.png\",\"width\":1590,\"height\":1128},{\"@type\":\"BreadcrumbList\",\"@id\":\"https:\/\/ruuby.ee\/en\/pood\/roivakaubad\/meeste-bokserid\/happy-socks-bokserid-cloudy-kinkekomplekt-s-xl\/#breadcrumb\",\"itemListElement\":[{\"@type\":\"ListItem\",\"position\":1,\"name\":\"Kdu\",\"item\":\"http:\/\/ruuby.ee\/\"},{\"@type\":\"ListItem\",\"position\":2,\"name\":\"Pood\",\"item\":\"https:\/\/ruuby.ee\/en\/pood\/\"},{\"@type\":\"ListItem\",\"position\":3,\"name\":\"Happy Socks Bokserid &#8211; Cloudy kinkekomplekt (S-XL)\"}]},{\"@type\":\"WebSite\",\"@id\":\"http:\/\/ruuby.ee\/#website\",\"url\":\"http:\/\/ruuby.ee\/\",\"name\":\"RUUBY\",\"description\":\"Ruubys on \u00fchendatud elustiil ja disain\",\"publisher\":{\"@id\":\"http:\/\/ruuby.ee\/#organization\"},\"alternateName\":\"Ruuby Disain\",\"potentialAction\":[{\"@type\":\"SearchAction\",\"target\":{\"@type\":\"EntryPoint\",\"urlTemplate\":\"http:\/\/ruuby.ee\/?s={search_term_string}\"},\"query-input\":{\"@type\":\"PropertyValueSpecification\",\"valueRequired\":true,\"valueName\":\"search_term_string\"}}],\"inLanguage\":\"en-GB\"},{\"@type\":\"Organization\",\"@id\":\"http:\/\/ruuby.ee\/#organization\",\"name\":\"Ruuby Disain O\u00dc\",\"alternateName\":\"Ruuby\",\"url\":\"http:\/\/ruuby.ee\/\",\"logo\":{\"@type\":\"ImageObject\",\"inLanguage\":\"en-GB\",\"@id\":\"http:\/\/ruuby.ee\/#\/schema\/logo\/image\/\",\"url\":\"https:\/\/ruuby.ee\/wp-content\/uploads\/2023\/06\/cropped-Black-White-Elegant-Circle-Signature-Fashion-Logo-12_large.png\",\"contentUrl\":\"https:\/\/ruuby.ee\/wp-content\/uploads\/2023\/06\/cropped-Black-White-Elegant-Circle-Signature-Fashion-Logo-12_large.png\",\"width\":1280,\"height\":747,\"caption\":\"Ruuby Disain O\u00dc\"},\"image\":{\"@id\":\"http:\/\/ruuby.ee\/#\/schema\/logo\/image\/\"},\"sameAs\":[\"https:\/\/www.facebook.com\/ruubyconcept\",\"https:\/\/www.instagram.com\/ruuby_concept\/\"]}]}<\/script>\n<!-- \/ Yoast SEO plugin. -->","yoast_head_json":{"title":"Happy Socks Bokserid - Cloudy kinkekomplekt (S-XL) - RUUBY","robots":{"index":"index","follow":"follow","max-snippet":"max-snippet:-1","max-image-preview":"max-image-preview:large","max-video-preview":"max-video-preview:-1"},"canonical":"https:\/\/ruuby.ee\/en\/pood\/roivakaubad\/meeste-bokserid\/happy-socks-bokserid-cloudy-kinkekomplekt-s-xl\/","og_locale":"en_GB","og_type":"article","og_title":"Happy Socks Bokserid - Cloudy kinkekomplekt (S-XL) - RUUBY","og_description":"Sukeldu mugavuse pilvedesse meie 1-pakis olevate l\u00fchikeste pilvebokseritega. Need pehmed sinised bokserid on kaunistatud koheva valge pilvemustriga, mis on sama rahustav kui \u00f5rn tuuleiil. Meile on oluline autentne enesev\u00e4ljendus ja need l\u00f5busad bokserid v\u00f5imaldavad sul oma m\u00e4ngulist poolt n\u00e4idata. Nutikas disain tagab \u00fclima mugavuse koos laia v\u00f6\u00f6koha, mahuka tasku ja strateegiliselt paigutatud \u00f5mblustega. Olenemata sellest, [&hellip;]","og_url":"https:\/\/ruuby.ee\/en\/pood\/roivakaubad\/meeste-bokserid\/happy-socks-bokserid-cloudy-kinkekomplekt-s-xl\/","og_site_name":"RUUBY","article_publisher":"https:\/\/www.facebook.com\/ruubyconcept","article_modified_time":"2026-04-05T22:26:18+00:00","og_image":[{"width":1590,"height":1128,"url":"https:\/\/ruuby.ee\/wp-content\/uploads\/2025\/11\/Screenshot-2025-11-13-at-16.57.41.png","type":"image\/png"}],"twitter_card":"summary_large_image","twitter_misc":{"Estimated reading time":"1 minute"},"schema":{"@context":"https:\/\/schema.org","@graph":[{"@type":["WebPage","ItemPage"],"@id":"https:\/\/ruuby.ee\/en\/pood\/roivakaubad\/meeste-bokserid\/happy-socks-bokserid-cloudy-kinkekomplekt-s-xl\/","url":"https:\/\/ruuby.ee\/en\/pood\/roivakaubad\/meeste-bokserid\/happy-socks-bokserid-cloudy-kinkekomplekt-s-xl\/","name":"Happy Socks Bokserid - Cloudy kinkekomplekt (S-XL) - RUUBY","isPartOf":{"@id":"http:\/\/ruuby.ee\/#website"},"primaryImageOfPage":{"@id":"https:\/\/ruuby.ee\/en\/pood\/roivakaubad\/meeste-bokserid\/happy-socks-bokserid-cloudy-kinkekomplekt-s-xl\/#primaryimage"},"image":{"@id":"https:\/\/ruuby.ee\/en\/pood\/roivakaubad\/meeste-bokserid\/happy-socks-bokserid-cloudy-kinkekomplekt-s-xl\/#primaryimage"},"thumbnailUrl":"https:\/\/ruuby.ee\/wp-content\/uploads\/2025\/11\/Screenshot-2025-11-13-at-16.57.41.png","datePublished":"2025-11-13T14:39:09+00:00","dateModified":"2026-04-05T22:26:18+00:00","breadcrumb":{"@id":"https:\/\/ruuby.ee\/en\/pood\/roivakaubad\/meeste-bokserid\/happy-socks-bokserid-cloudy-kinkekomplekt-s-xl\/#breadcrumb"},"inLanguage":"en-GB","potentialAction":[{"@type":"ReadAction","target":["https:\/\/ruuby.ee\/en\/pood\/roivakaubad\/meeste-bokserid\/happy-socks-bokserid-cloudy-kinkekomplekt-s-xl\/"]}]},{"@type":"ImageObject","inLanguage":"en-GB","@id":"https:\/\/ruuby.ee\/en\/pood\/roivakaubad\/meeste-bokserid\/happy-socks-bokserid-cloudy-kinkekomplekt-s-xl\/#primaryimage","url":"https:\/\/ruuby.ee\/wp-content\/uploads\/2025\/11\/Screenshot-2025-11-13-at-16.57.41.png","contentUrl":"https:\/\/ruuby.ee\/wp-content\/uploads\/2025\/11\/Screenshot-2025-11-13-at-16.57.41.png","width":1590,"height":1128},{"@type":"BreadcrumbList","@id":"https:\/\/ruuby.ee\/en\/pood\/roivakaubad\/meeste-bokserid\/happy-socks-bokserid-cloudy-kinkekomplekt-s-xl\/#breadcrumb","itemListElement":[{"@type":"ListItem","position":1,"name":"Kdu","item":"http:\/\/ruuby.ee\/"},{"@type":"ListItem","position":2,"name":"Pood","item":"https:\/\/ruuby.ee\/en\/pood\/"},{"@type":"ListItem","position":3,"name":"Happy Socks Bokserid &#8211; Cloudy kinkekomplekt (S-XL)"}]},{"@type":"WebSite","@id":"http:\/\/ruuby.ee\/#website","url":"http:\/\/ruuby.ee\/","name":"RUUBY","description":"Ruubys on \u00fchendatud elustiil ja disain","publisher":{"@id":"http:\/\/ruuby.ee\/#organization"},"alternateName":"Ruuby Disain","potentialAction":[{"@type":"SearchAction","target":{"@type":"EntryPoint","urlTemplate":"http:\/\/ruuby.ee\/?s={search_term_string}"},"query-input":{"@type":"PropertyValueSpecification","valueRequired":true,"valueName":"search_term_string"}}],"inLanguage":"en-GB"},{"@type":"Organization","@id":"http:\/\/ruuby.ee\/#organization","name":"Ruuby Disain O\u00dc","alternateName":"Ruuby","url":"http:\/\/ruuby.ee\/","logo":{"@type":"ImageObject","inLanguage":"en-GB","@id":"http:\/\/ruuby.ee\/#\/schema\/logo\/image\/","url":"https:\/\/ruuby.ee\/wp-content\/uploads\/2023\/06\/cropped-Black-White-Elegant-Circle-Signature-Fashion-Logo-12_large.png","contentUrl":"https:\/\/ruuby.ee\/wp-content\/uploads\/2023\/06\/cropped-Black-White-Elegant-Circle-Signature-Fashion-Logo-12_large.png","width":1280,"height":747,"caption":"Ruuby Disain O\u00dc"},"image":{"@id":"http:\/\/ruuby.ee\/#\/schema\/logo\/image\/"},"sameAs":["https:\/\/www.facebook.com\/ruubyconcept","https:\/\/www.instagram.com\/ruuby_concept\/"]}]}},"jetpack_sharing_enabled":true,"_links":{"self":[{"href":"https:\/\/ruuby.ee\/en\/wp-json\/wp\/v2\/product\/1857362","targetHints":{"allow":["GET"]}}],"collection":[{"href":"https:\/\/ruuby.ee\/en\/wp-json\/wp\/v2\/product"}],"about":[{"href":"https:\/\/ruuby.ee\/en\/wp-json\/wp\/v2\/types\/product"}],"replies":[{"embeddable":true,"href":"https:\/\/ruuby.ee\/en\/wp-json\/wp\/v2\/comments?post=1857362"}],"wp:featuredmedia":[{"embeddable":true,"href":"https:\/\/ruuby.ee\/en\/wp-json\/wp\/v2\/media\/1857414"}],"wp:attachment":[{"href":"https:\/\/ruuby.ee\/en\/wp-json\/wp\/v2\/media?parent=1857362"}],"wp:term":[{"taxonomy":"product_brand","embeddable":true,"href":"https:\/\/ruuby.ee\/en\/wp-json\/wp\/v2\/product_brand?post=1857362"},{"taxonomy":"product_cat","embeddable":true,"href":"https:\/\/ruuby.ee\/en\/wp-json\/wp\/v2\/product_cat?post=1857362"},{"taxonomy":"product_tag","embeddable":true,"href":"https:\/\/ruuby.ee\/en\/wp-json\/wp\/v2\/product_tag?post=1857362"}],"curies":[{"name":"wp","href":"https:\/\/api.w.org\/{rel}","templated":true}]}}