{"id":1857235,"date":"2025-11-07T13:28:08","date_gmt":"2025-11-07T11:28:08","guid":{"rendered":"https:\/\/ruuby.ee\/?post_type=product&#038;p=1857235"},"modified":"2026-04-08T01:28:21","modified_gmt":"2026-04-07T22:28:21","slug":"happy-socks-sleigh-36-40-41-46","status":"publish","type":"product","link":"https:\/\/ruuby.ee\/en\/pood\/joulueri\/joulusokid\/happy-socks-sleigh-36-40-41-46\/","title":{"rendered":"HAPPY SOCKS \u2013 Sleigh 36-40\/41-46"},"content":{"rendered":"<p>Valmistu p\u00fchadeaja kelgutamiseks meie pidulike kelgusokkidega. See r\u00f5\u00f5msameelne must sokk kujutab j\u00f5uluvana ikoonilist kelku koos p\u00f5hjap\u00f5tradega, mis toob j\u00f5ulumaagia teie jalgadele. Oleme loonud l\u00f5busa ja m\u00e4ngulise disaini, mis lisab v\u00e4rvi ja r\u00f5\u00f5mu \u00fche sokipaari kaupa, pakkudes kindlasti r\u00f5\u00f5mu nii lastele kui ka t\u00e4iskasvanutele. Need j\u00f5ulusokid on suurep\u00e4rane viis oma riietusele p\u00fchader\u00f5\u00f5mu lisada ja sobivad suurep\u00e4raselt igale pidulikule komplektile.<\/p>\n<p>Ideaalne kingitus salajasele j\u00f5uluvanale v\u00f5i j\u00f5ulukingituste t\u00e4itjale.<\/p>\n<p>Tugevdatud kand ja varvas.<\/p>\n<p>Materjalid: 85% puuvill, 13% pol\u00fcamiid, 2% elastaan<\/p>","protected":false},"excerpt":{"rendered":"<p>Valmistu p\u00fchadeaja kelgutamiseks meie pidulike kelgusokkidega.<\/p>","protected":false},"featured_media":1857251,"comment_status":"open","ping_status":"closed","template":"","meta":[],"product_brand":[],"product_cat":[491,950,792],"product_tag":[492,794],"class_list":{"0":"post-1857235","1":"product","2":"type-product","3":"status-publish","4":"has-post-thumbnail","6":"product_cat-joulueri","7":"product_cat-joulusokid","8":"product_cat-sokid","9":"product_tag-joulud","10":"product_tag-sokid","12":"first","13":"instock","14":"taxable","15":"shipping-taxable","16":"purchasable","17":"product-type-variable","18":"rtwpvs-product"},"yoast_head":"<!-- This site is optimized with the Yoast SEO plugin v27.3 - https:\/\/yoast.com\/product\/yoast-seo-wordpress\/ -->\n<title>HAPPY SOCKS \u2013 Sleigh 36-40\/41-46 - RUUBY<\/title>\n<meta name=\"robots\" content=\"index, follow, max-snippet:-1, max-image-preview:large, max-video-preview:-1\" \/>\n<link rel=\"canonical\" href=\"http:\/\/ruuby.ee\/en\/pood\/joulueri\/joulusokid\/happy-socks-sleigh-36-40-41-46\/\" \/>\n<meta property=\"og:locale\" content=\"en_GB\" \/>\n<meta property=\"og:type\" content=\"article\" \/>\n<meta property=\"og:title\" content=\"HAPPY SOCKS \u2013 Sleigh 36-40\/41-46 - RUUBY\" \/>\n<meta property=\"og:description\" content=\"Valmistu p\u00fchadeaja kelgutamiseks meie pidulike kelgusokkidega.\" \/>\n<meta property=\"og:url\" content=\"http:\/\/ruuby.ee\/en\/pood\/joulueri\/joulusokid\/happy-socks-sleigh-36-40-41-46\/\" \/>\n<meta property=\"og:site_name\" content=\"RUUBY\" \/>\n<meta property=\"article:publisher\" content=\"https:\/\/www.facebook.com\/ruubyconcept\" \/>\n<meta property=\"article:modified_time\" content=\"2026-04-07T22:28:21+00:00\" \/>\n<meta property=\"og:image\" content=\"http:\/\/ruuby.ee\/wp-content\/uploads\/2025\/11\/Screenshot-2025-11-07-at-14.08.36.png\" \/>\n\t<meta property=\"og:image:width\" content=\"1558\" \/>\n\t<meta property=\"og:image:height\" content=\"1344\" \/>\n\t<meta property=\"og:image:type\" content=\"image\/png\" \/>\n<meta name=\"twitter:card\" content=\"summary_large_image\" \/>\n<meta name=\"twitter:label1\" content=\"Estimated reading time\" \/>\n\t<meta name=\"twitter:data1\" content=\"1 minute\" \/>\n<script type=\"application\/ld+json\" class=\"yoast-schema-graph\">{\"@context\":\"https:\\\/\\\/schema.org\",\"@graph\":[{\"@type\":[\"WebPage\",\"ItemPage\"],\"@id\":\"http:\\\/\\\/ruuby.ee\\\/en\\\/pood\\\/joulueri\\\/joulusokid\\\/happy-socks-sleigh-36-40-41-46\\\/\",\"url\":\"http:\\\/\\\/ruuby.ee\\\/en\\\/pood\\\/joulueri\\\/joulusokid\\\/happy-socks-sleigh-36-40-41-46\\\/\",\"name\":\"HAPPY SOCKS \u2013 Sleigh 36-40\\\/41-46 - RUUBY\",\"isPartOf\":{\"@id\":\"http:\\\/\\\/ruuby.ee\\\/en\\\/#website\"},\"primaryImageOfPage\":{\"@id\":\"http:\\\/\\\/ruuby.ee\\\/en\\\/pood\\\/joulueri\\\/joulusokid\\\/happy-socks-sleigh-36-40-41-46\\\/#primaryimage\"},\"image\":{\"@id\":\"http:\\\/\\\/ruuby.ee\\\/en\\\/pood\\\/joulueri\\\/joulusokid\\\/happy-socks-sleigh-36-40-41-46\\\/#primaryimage\"},\"thumbnailUrl\":\"https:\\\/\\\/ruuby.ee\\\/wp-content\\\/uploads\\\/2025\\\/11\\\/Screenshot-2025-11-07-at-14.08.36.png\",\"datePublished\":\"2025-11-07T11:28:08+00:00\",\"dateModified\":\"2026-04-07T22:28:21+00:00\",\"breadcrumb\":{\"@id\":\"http:\\\/\\\/ruuby.ee\\\/en\\\/pood\\\/joulueri\\\/joulusokid\\\/happy-socks-sleigh-36-40-41-46\\\/#breadcrumb\"},\"inLanguage\":\"en-GB\",\"potentialAction\":[{\"@type\":\"ReadAction\",\"target\":[\"http:\\\/\\\/ruuby.ee\\\/en\\\/pood\\\/joulueri\\\/joulusokid\\\/happy-socks-sleigh-36-40-41-46\\\/\"]}]},{\"@type\":\"ImageObject\",\"inLanguage\":\"en-GB\",\"@id\":\"http:\\\/\\\/ruuby.ee\\\/en\\\/pood\\\/joulueri\\\/joulusokid\\\/happy-socks-sleigh-36-40-41-46\\\/#primaryimage\",\"url\":\"https:\\\/\\\/ruuby.ee\\\/wp-content\\\/uploads\\\/2025\\\/11\\\/Screenshot-2025-11-07-at-14.08.36.png\",\"contentUrl\":\"https:\\\/\\\/ruuby.ee\\\/wp-content\\\/uploads\\\/2025\\\/11\\\/Screenshot-2025-11-07-at-14.08.36.png\",\"width\":1558,\"height\":1344},{\"@type\":\"BreadcrumbList\",\"@id\":\"http:\\\/\\\/ruuby.ee\\\/en\\\/pood\\\/joulueri\\\/joulusokid\\\/happy-socks-sleigh-36-40-41-46\\\/#breadcrumb\",\"itemListElement\":[{\"@type\":\"ListItem\",\"position\":1,\"name\":\"Kdu\",\"item\":\"http:\\\/\\\/ruuby.ee\\\/en\\\/\"},{\"@type\":\"ListItem\",\"position\":2,\"name\":\"Pood\",\"item\":\"http:\\\/\\\/ruuby.ee\\\/en\\\/pood\\\/\"},{\"@type\":\"ListItem\",\"position\":3,\"name\":\"HAPPY SOCKS \u2013 Sleigh 36-40\\\/41-46\"}]},{\"@type\":\"WebSite\",\"@id\":\"http:\\\/\\\/ruuby.ee\\\/en\\\/#website\",\"url\":\"http:\\\/\\\/ruuby.ee\\\/en\\\/\",\"name\":\"RUUBY\",\"description\":\"Ruubys on \u00fchendatud elustiil ja disain\",\"publisher\":{\"@id\":\"http:\\\/\\\/ruuby.ee\\\/en\\\/#organization\"},\"alternateName\":\"Ruuby Disain\",\"potentialAction\":[{\"@type\":\"SearchAction\",\"target\":{\"@type\":\"EntryPoint\",\"urlTemplate\":\"http:\\\/\\\/ruuby.ee\\\/en\\\/?s={search_term_string}\"},\"query-input\":{\"@type\":\"PropertyValueSpecification\",\"valueRequired\":true,\"valueName\":\"search_term_string\"}}],\"inLanguage\":\"en-GB\"},{\"@type\":\"Organization\",\"@id\":\"http:\\\/\\\/ruuby.ee\\\/en\\\/#organization\",\"name\":\"Ruuby Disain O\u00dc\",\"alternateName\":\"Ruuby\",\"url\":\"http:\\\/\\\/ruuby.ee\\\/en\\\/\",\"logo\":{\"@type\":\"ImageObject\",\"inLanguage\":\"en-GB\",\"@id\":\"http:\\\/\\\/ruuby.ee\\\/en\\\/#\\\/schema\\\/logo\\\/image\\\/\",\"url\":\"https:\\\/\\\/ruuby.ee\\\/wp-content\\\/uploads\\\/2023\\\/06\\\/cropped-Black-White-Elegant-Circle-Signature-Fashion-Logo-12_large.png\",\"contentUrl\":\"https:\\\/\\\/ruuby.ee\\\/wp-content\\\/uploads\\\/2023\\\/06\\\/cropped-Black-White-Elegant-Circle-Signature-Fashion-Logo-12_large.png\",\"width\":1280,\"height\":747,\"caption\":\"Ruuby Disain O\u00dc\"},\"image\":{\"@id\":\"http:\\\/\\\/ruuby.ee\\\/en\\\/#\\\/schema\\\/logo\\\/image\\\/\"},\"sameAs\":[\"https:\\\/\\\/www.facebook.com\\\/ruubyconcept\",\"https:\\\/\\\/www.instagram.com\\\/ruuby_concept\\\/\"]}]}<\/script>\n<!-- \/ Yoast SEO plugin. -->","yoast_head_json":{"title":"HAPPY SOCKS \u2013 Sleigh 36-40\/41-46 - RUUBY","robots":{"index":"index","follow":"follow","max-snippet":"max-snippet:-1","max-image-preview":"max-image-preview:large","max-video-preview":"max-video-preview:-1"},"canonical":"http:\/\/ruuby.ee\/en\/pood\/joulueri\/joulusokid\/happy-socks-sleigh-36-40-41-46\/","og_locale":"en_GB","og_type":"article","og_title":"HAPPY SOCKS \u2013 Sleigh 36-40\/41-46 - RUUBY","og_description":"Valmistu p\u00fchadeaja kelgutamiseks meie pidulike kelgusokkidega.","og_url":"http:\/\/ruuby.ee\/en\/pood\/joulueri\/joulusokid\/happy-socks-sleigh-36-40-41-46\/","og_site_name":"RUUBY","article_publisher":"https:\/\/www.facebook.com\/ruubyconcept","article_modified_time":"2026-04-07T22:28:21+00:00","og_image":[{"width":1558,"height":1344,"url":"http:\/\/ruuby.ee\/wp-content\/uploads\/2025\/11\/Screenshot-2025-11-07-at-14.08.36.png","type":"image\/png"}],"twitter_card":"summary_large_image","twitter_misc":{"Estimated reading time":"1 minute"},"schema":{"@context":"https:\/\/schema.org","@graph":[{"@type":["WebPage","ItemPage"],"@id":"http:\/\/ruuby.ee\/en\/pood\/joulueri\/joulusokid\/happy-socks-sleigh-36-40-41-46\/","url":"http:\/\/ruuby.ee\/en\/pood\/joulueri\/joulusokid\/happy-socks-sleigh-36-40-41-46\/","name":"HAPPY SOCKS \u2013 Sleigh 36-40\/41-46 - RUUBY","isPartOf":{"@id":"http:\/\/ruuby.ee\/en\/#website"},"primaryImageOfPage":{"@id":"http:\/\/ruuby.ee\/en\/pood\/joulueri\/joulusokid\/happy-socks-sleigh-36-40-41-46\/#primaryimage"},"image":{"@id":"http:\/\/ruuby.ee\/en\/pood\/joulueri\/joulusokid\/happy-socks-sleigh-36-40-41-46\/#primaryimage"},"thumbnailUrl":"https:\/\/ruuby.ee\/wp-content\/uploads\/2025\/11\/Screenshot-2025-11-07-at-14.08.36.png","datePublished":"2025-11-07T11:28:08+00:00","dateModified":"2026-04-07T22:28:21+00:00","breadcrumb":{"@id":"http:\/\/ruuby.ee\/en\/pood\/joulueri\/joulusokid\/happy-socks-sleigh-36-40-41-46\/#breadcrumb"},"inLanguage":"en-GB","potentialAction":[{"@type":"ReadAction","target":["http:\/\/ruuby.ee\/en\/pood\/joulueri\/joulusokid\/happy-socks-sleigh-36-40-41-46\/"]}]},{"@type":"ImageObject","inLanguage":"en-GB","@id":"http:\/\/ruuby.ee\/en\/pood\/joulueri\/joulusokid\/happy-socks-sleigh-36-40-41-46\/#primaryimage","url":"https:\/\/ruuby.ee\/wp-content\/uploads\/2025\/11\/Screenshot-2025-11-07-at-14.08.36.png","contentUrl":"https:\/\/ruuby.ee\/wp-content\/uploads\/2025\/11\/Screenshot-2025-11-07-at-14.08.36.png","width":1558,"height":1344},{"@type":"BreadcrumbList","@id":"http:\/\/ruuby.ee\/en\/pood\/joulueri\/joulusokid\/happy-socks-sleigh-36-40-41-46\/#breadcrumb","itemListElement":[{"@type":"ListItem","position":1,"name":"Kdu","item":"http:\/\/ruuby.ee\/en\/"},{"@type":"ListItem","position":2,"name":"Pood","item":"http:\/\/ruuby.ee\/en\/pood\/"},{"@type":"ListItem","position":3,"name":"HAPPY SOCKS \u2013 Sleigh 36-40\/41-46"}]},{"@type":"WebSite","@id":"http:\/\/ruuby.ee\/en\/#website","url":"http:\/\/ruuby.ee\/en\/","name":"RUUBY","description":"Ruubys on \u00fchendatud elustiil ja disain","publisher":{"@id":"http:\/\/ruuby.ee\/en\/#organization"},"alternateName":"Ruuby Disain","potentialAction":[{"@type":"SearchAction","target":{"@type":"EntryPoint","urlTemplate":"http:\/\/ruuby.ee\/en\/?s={search_term_string}"},"query-input":{"@type":"PropertyValueSpecification","valueRequired":true,"valueName":"search_term_string"}}],"inLanguage":"en-GB"},{"@type":"Organization","@id":"http:\/\/ruuby.ee\/en\/#organization","name":"Ruuby Disain O\u00dc","alternateName":"Ruuby","url":"http:\/\/ruuby.ee\/en\/","logo":{"@type":"ImageObject","inLanguage":"en-GB","@id":"http:\/\/ruuby.ee\/en\/#\/schema\/logo\/image\/","url":"https:\/\/ruuby.ee\/wp-content\/uploads\/2023\/06\/cropped-Black-White-Elegant-Circle-Signature-Fashion-Logo-12_large.png","contentUrl":"https:\/\/ruuby.ee\/wp-content\/uploads\/2023\/06\/cropped-Black-White-Elegant-Circle-Signature-Fashion-Logo-12_large.png","width":1280,"height":747,"caption":"Ruuby Disain O\u00dc"},"image":{"@id":"http:\/\/ruuby.ee\/en\/#\/schema\/logo\/image\/"},"sameAs":["https:\/\/www.facebook.com\/ruubyconcept","https:\/\/www.instagram.com\/ruuby_concept\/"]}]}},"jetpack_sharing_enabled":true,"_links":{"self":[{"href":"https:\/\/ruuby.ee\/en\/wp-json\/wp\/v2\/product\/1857235","targetHints":{"allow":["GET"]}}],"collection":[{"href":"https:\/\/ruuby.ee\/en\/wp-json\/wp\/v2\/product"}],"about":[{"href":"https:\/\/ruuby.ee\/en\/wp-json\/wp\/v2\/types\/product"}],"replies":[{"embeddable":true,"href":"https:\/\/ruuby.ee\/en\/wp-json\/wp\/v2\/comments?post=1857235"}],"wp:featuredmedia":[{"embeddable":true,"href":"https:\/\/ruuby.ee\/en\/wp-json\/wp\/v2\/media\/1857251"}],"wp:attachment":[{"href":"https:\/\/ruuby.ee\/en\/wp-json\/wp\/v2\/media?parent=1857235"}],"wp:term":[{"taxonomy":"product_brand","embeddable":true,"href":"https:\/\/ruuby.ee\/en\/wp-json\/wp\/v2\/product_brand?post=1857235"},{"taxonomy":"product_cat","embeddable":true,"href":"https:\/\/ruuby.ee\/en\/wp-json\/wp\/v2\/product_cat?post=1857235"},{"taxonomy":"product_tag","embeddable":true,"href":"https:\/\/ruuby.ee\/en\/wp-json\/wp\/v2\/product_tag?post=1857235"}],"curies":[{"name":"wp","href":"https:\/\/api.w.org\/{rel}","templated":true}]}}