{"id":1857232,"date":"2025-11-07T13:27:57","date_gmt":"2025-11-07T11:27:57","guid":{"rendered":"https:\/\/ruuby.ee\/?post_type=product&#038;p=1857232"},"modified":"2026-04-08T01:28:21","modified_gmt":"2026-04-07T22:28:21","slug":"happy-socks-winter-night-36-40-41-46","status":"publish","type":"product","link":"https:\/\/ruuby.ee\/en\/pood\/joulueri\/joulusokid\/happy-socks-winter-night-36-40-41-46\/","title":{"rendered":"HAPPY SOCKS \u2013 Winter Night 36-40\/41-46"},"content":{"rendered":"<p>Oli j\u00f5ulueelne \u00f6\u00f6, kui kogu majas ei liikunud \u00fckski olend, isegi mitte hiir, sokid riputati hoolikalt korstna juurde lootuses, et varsti saabuvad p\u00e4kapikud. Valmistatud pehmest ja hingavast kammitud puuvillast ning tugevdatud kanna ja varbaosaga. Talve\u00f6\u00f6 sokid toovad teie jalgadele piduliku r\u00f5\u00f5mu oma lummava sinise tooni ja erilise disainiga. Maagilise talvevaatega hubased sokid sobivad ideaalselt kamina \u00e4\u00e4res m\u00f5nusalt aega veetmiseks v\u00f5i p\u00fchader\u00f5ivastusele v\u00e4rvilaigu lisamiseks. J\u00e4iste siniste ja lumivalgete toonidega paletiga meenutavad need l\u00f5busad sokid aastaaja v\u00f5lu. Happy Socksis usume v\u00e4rvi, loovusse ja l\u00f5bu! Olenemata sellest, kas lebotate ringi v\u00f5i levitate p\u00fchader\u00f5\u00f5mu, toovad need v\u00e4rvilised sokid kindlasti teie n\u00e4ole naeratuse.<\/p>\n<p>Ideaalne kingitus p\u00fchadepeo korraldajatele ja talvev\u00f5ludemaa austajatele.<\/p>\n<p>Tugevdatud kand ja varbaosa.<\/p>\n<p>Materjalid: 86% puuvill, 12% pol\u00fcamiid, 2% elastaan<\/p>","protected":false},"excerpt":{"rendered":"<p>Oli j\u00f5ulueelne \u00f6\u00f6, kui kogu majas ei liikunud \u00fckski olend, isegi mitte hiir, sokid riputati hoolikalt korstna juurde lootuses, et varsti saabuvad p\u00e4kapikud. Valmistatud pehmest ja hingavast kammitud puuvillast ning tugevdatud kanna ja varbaosaga. Talve\u00f6\u00f6 sokid toovad teie jalgadele piduliku r\u00f5\u00f5mu oma lummava sinise tooni ja erilise disainiga. Maagilise talvevaatega hubased sokid sobivad ideaalselt kamina [&hellip;]<\/p>\n","protected":false},"featured_media":1857255,"comment_status":"open","ping_status":"closed","template":"","meta":[],"product_brand":[],"product_cat":[491,950,792],"product_tag":[492,794],"class_list":{"0":"post-1857232","1":"product","2":"type-product","3":"status-publish","4":"has-post-thumbnail","6":"product_cat-joulueri","7":"product_cat-joulusokid","8":"product_cat-sokid","9":"product_tag-joulud","10":"product_tag-sokid","12":"first","13":"instock","14":"taxable","15":"shipping-taxable","16":"purchasable","17":"product-type-variable","18":"rtwpvs-product"},"yoast_head":"<!-- This site is optimized with the Yoast SEO plugin v27.3 - https:\/\/yoast.com\/product\/yoast-seo-wordpress\/ -->\n<title>HAPPY SOCKS \u2013 Winter Night 36-40\/41-46 - RUUBY<\/title>\n<meta name=\"robots\" content=\"index, follow, max-snippet:-1, max-image-preview:large, max-video-preview:-1\" \/>\n<link rel=\"canonical\" href=\"http:\/\/ruuby.ee\/en\/pood\/joulueri\/joulusokid\/happy-socks-winter-night-36-40-41-46\/\" \/>\n<meta property=\"og:locale\" content=\"en_GB\" \/>\n<meta property=\"og:type\" content=\"article\" \/>\n<meta property=\"og:title\" content=\"HAPPY SOCKS \u2013 Winter Night 36-40\/41-46 - RUUBY\" \/>\n<meta property=\"og:description\" content=\"Oli j\u00f5ulueelne \u00f6\u00f6, kui kogu majas ei liikunud \u00fckski olend, isegi mitte hiir, sokid riputati hoolikalt korstna juurde lootuses, et varsti saabuvad p\u00e4kapikud. Valmistatud pehmest ja hingavast kammitud puuvillast ning tugevdatud kanna ja varbaosaga. Talve\u00f6\u00f6 sokid toovad teie jalgadele piduliku r\u00f5\u00f5mu oma lummava sinise tooni ja erilise disainiga. Maagilise talvevaatega hubased sokid sobivad ideaalselt kamina [&hellip;]\" \/>\n<meta property=\"og:url\" content=\"http:\/\/ruuby.ee\/en\/pood\/joulueri\/joulusokid\/happy-socks-winter-night-36-40-41-46\/\" \/>\n<meta property=\"og:site_name\" content=\"RUUBY\" \/>\n<meta property=\"article:publisher\" content=\"https:\/\/www.facebook.com\/ruubyconcept\" \/>\n<meta property=\"article:modified_time\" content=\"2026-04-07T22:28:21+00:00\" \/>\n<meta property=\"og:image\" content=\"http:\/\/ruuby.ee\/wp-content\/uploads\/2025\/11\/Screenshot-2025-11-07-at-14.17.05-1000x1024.png\" \/>\n\t<meta property=\"og:image:width\" content=\"1000\" \/>\n\t<meta property=\"og:image:height\" content=\"1024\" \/>\n\t<meta property=\"og:image:type\" content=\"image\/png\" \/>\n<meta name=\"twitter:card\" content=\"summary_large_image\" \/>\n<meta name=\"twitter:label1\" content=\"Estimated reading time\" \/>\n\t<meta name=\"twitter:data1\" content=\"1 minute\" \/>\n<script type=\"application\/ld+json\" class=\"yoast-schema-graph\">{\"@context\":\"https:\\\/\\\/schema.org\",\"@graph\":[{\"@type\":[\"WebPage\",\"ItemPage\"],\"@id\":\"http:\\\/\\\/ruuby.ee\\\/pood\\\/joulueri\\\/joulusokid\\\/happy-socks-winter-night-36-40-41-46\\\/\",\"url\":\"http:\\\/\\\/ruuby.ee\\\/pood\\\/joulueri\\\/joulusokid\\\/happy-socks-winter-night-36-40-41-46\\\/\",\"name\":\"HAPPY SOCKS \u2013 Winter Night 36-40\\\/41-46 - RUUBY\",\"isPartOf\":{\"@id\":\"http:\\\/\\\/ruuby.ee\\\/en\\\/#website\"},\"primaryImageOfPage\":{\"@id\":\"http:\\\/\\\/ruuby.ee\\\/pood\\\/joulueri\\\/joulusokid\\\/happy-socks-winter-night-36-40-41-46\\\/#primaryimage\"},\"image\":{\"@id\":\"http:\\\/\\\/ruuby.ee\\\/pood\\\/joulueri\\\/joulusokid\\\/happy-socks-winter-night-36-40-41-46\\\/#primaryimage\"},\"thumbnailUrl\":\"https:\\\/\\\/ruuby.ee\\\/wp-content\\\/uploads\\\/2025\\\/11\\\/Screenshot-2025-11-07-at-14.17.05.png\",\"datePublished\":\"2025-11-07T11:27:57+00:00\",\"dateModified\":\"2026-04-07T22:28:21+00:00\",\"breadcrumb\":{\"@id\":\"http:\\\/\\\/ruuby.ee\\\/pood\\\/joulueri\\\/joulusokid\\\/happy-socks-winter-night-36-40-41-46\\\/#breadcrumb\"},\"inLanguage\":\"en-GB\",\"potentialAction\":[{\"@type\":\"ReadAction\",\"target\":[\"http:\\\/\\\/ruuby.ee\\\/pood\\\/joulueri\\\/joulusokid\\\/happy-socks-winter-night-36-40-41-46\\\/\"]}]},{\"@type\":\"ImageObject\",\"inLanguage\":\"en-GB\",\"@id\":\"http:\\\/\\\/ruuby.ee\\\/pood\\\/joulueri\\\/joulusokid\\\/happy-socks-winter-night-36-40-41-46\\\/#primaryimage\",\"url\":\"https:\\\/\\\/ruuby.ee\\\/wp-content\\\/uploads\\\/2025\\\/11\\\/Screenshot-2025-11-07-at-14.17.05.png\",\"contentUrl\":\"https:\\\/\\\/ruuby.ee\\\/wp-content\\\/uploads\\\/2025\\\/11\\\/Screenshot-2025-11-07-at-14.17.05.png\",\"width\":1446,\"height\":1480},{\"@type\":\"BreadcrumbList\",\"@id\":\"http:\\\/\\\/ruuby.ee\\\/pood\\\/joulueri\\\/joulusokid\\\/happy-socks-winter-night-36-40-41-46\\\/#breadcrumb\",\"itemListElement\":[{\"@type\":\"ListItem\",\"position\":1,\"name\":\"Kdu\",\"item\":\"http:\\\/\\\/ruuby.ee\\\/en\\\/\"},{\"@type\":\"ListItem\",\"position\":2,\"name\":\"Pood\",\"item\":\"http:\\\/\\\/ruuby.ee\\\/en\\\/pood\\\/\"},{\"@type\":\"ListItem\",\"position\":3,\"name\":\"HAPPY SOCKS \u2013 Winter Night 36-40\\\/41-46\"}]},{\"@type\":\"WebSite\",\"@id\":\"http:\\\/\\\/ruuby.ee\\\/en\\\/#website\",\"url\":\"http:\\\/\\\/ruuby.ee\\\/en\\\/\",\"name\":\"RUUBY\",\"description\":\"Ruubys on \u00fchendatud elustiil ja disain\",\"publisher\":{\"@id\":\"http:\\\/\\\/ruuby.ee\\\/en\\\/#organization\"},\"alternateName\":\"Ruuby Disain\",\"potentialAction\":[{\"@type\":\"SearchAction\",\"target\":{\"@type\":\"EntryPoint\",\"urlTemplate\":\"http:\\\/\\\/ruuby.ee\\\/en\\\/?s={search_term_string}\"},\"query-input\":{\"@type\":\"PropertyValueSpecification\",\"valueRequired\":true,\"valueName\":\"search_term_string\"}}],\"inLanguage\":\"en-GB\"},{\"@type\":\"Organization\",\"@id\":\"http:\\\/\\\/ruuby.ee\\\/en\\\/#organization\",\"name\":\"Ruuby Disain O\u00dc\",\"alternateName\":\"Ruuby\",\"url\":\"http:\\\/\\\/ruuby.ee\\\/en\\\/\",\"logo\":{\"@type\":\"ImageObject\",\"inLanguage\":\"en-GB\",\"@id\":\"http:\\\/\\\/ruuby.ee\\\/en\\\/#\\\/schema\\\/logo\\\/image\\\/\",\"url\":\"https:\\\/\\\/ruuby.ee\\\/wp-content\\\/uploads\\\/2023\\\/06\\\/cropped-Black-White-Elegant-Circle-Signature-Fashion-Logo-12_large.png\",\"contentUrl\":\"https:\\\/\\\/ruuby.ee\\\/wp-content\\\/uploads\\\/2023\\\/06\\\/cropped-Black-White-Elegant-Circle-Signature-Fashion-Logo-12_large.png\",\"width\":1280,\"height\":747,\"caption\":\"Ruuby Disain O\u00dc\"},\"image\":{\"@id\":\"http:\\\/\\\/ruuby.ee\\\/en\\\/#\\\/schema\\\/logo\\\/image\\\/\"},\"sameAs\":[\"https:\\\/\\\/www.facebook.com\\\/ruubyconcept\",\"https:\\\/\\\/www.instagram.com\\\/ruuby_concept\\\/\"]}]}<\/script>\n<!-- \/ Yoast SEO plugin. -->","yoast_head_json":{"title":"HAPPY SOCKS \u2013 Winter Night 36-40\/41-46 - RUUBY","robots":{"index":"index","follow":"follow","max-snippet":"max-snippet:-1","max-image-preview":"max-image-preview:large","max-video-preview":"max-video-preview:-1"},"canonical":"http:\/\/ruuby.ee\/en\/pood\/joulueri\/joulusokid\/happy-socks-winter-night-36-40-41-46\/","og_locale":"en_GB","og_type":"article","og_title":"HAPPY SOCKS \u2013 Winter Night 36-40\/41-46 - RUUBY","og_description":"Oli j\u00f5ulueelne \u00f6\u00f6, kui kogu majas ei liikunud \u00fckski olend, isegi mitte hiir, sokid riputati hoolikalt korstna juurde lootuses, et varsti saabuvad p\u00e4kapikud. Valmistatud pehmest ja hingavast kammitud puuvillast ning tugevdatud kanna ja varbaosaga. Talve\u00f6\u00f6 sokid toovad teie jalgadele piduliku r\u00f5\u00f5mu oma lummava sinise tooni ja erilise disainiga. Maagilise talvevaatega hubased sokid sobivad ideaalselt kamina [&hellip;]","og_url":"http:\/\/ruuby.ee\/en\/pood\/joulueri\/joulusokid\/happy-socks-winter-night-36-40-41-46\/","og_site_name":"RUUBY","article_publisher":"https:\/\/www.facebook.com\/ruubyconcept","article_modified_time":"2026-04-07T22:28:21+00:00","og_image":[{"width":1000,"height":1024,"url":"http:\/\/ruuby.ee\/wp-content\/uploads\/2025\/11\/Screenshot-2025-11-07-at-14.17.05-1000x1024.png","type":"image\/png"}],"twitter_card":"summary_large_image","twitter_misc":{"Estimated reading time":"1 minute"},"schema":{"@context":"https:\/\/schema.org","@graph":[{"@type":["WebPage","ItemPage"],"@id":"http:\/\/ruuby.ee\/pood\/joulueri\/joulusokid\/happy-socks-winter-night-36-40-41-46\/","url":"http:\/\/ruuby.ee\/pood\/joulueri\/joulusokid\/happy-socks-winter-night-36-40-41-46\/","name":"HAPPY SOCKS \u2013 Winter Night 36-40\/41-46 - RUUBY","isPartOf":{"@id":"http:\/\/ruuby.ee\/en\/#website"},"primaryImageOfPage":{"@id":"http:\/\/ruuby.ee\/pood\/joulueri\/joulusokid\/happy-socks-winter-night-36-40-41-46\/#primaryimage"},"image":{"@id":"http:\/\/ruuby.ee\/pood\/joulueri\/joulusokid\/happy-socks-winter-night-36-40-41-46\/#primaryimage"},"thumbnailUrl":"https:\/\/ruuby.ee\/wp-content\/uploads\/2025\/11\/Screenshot-2025-11-07-at-14.17.05.png","datePublished":"2025-11-07T11:27:57+00:00","dateModified":"2026-04-07T22:28:21+00:00","breadcrumb":{"@id":"http:\/\/ruuby.ee\/pood\/joulueri\/joulusokid\/happy-socks-winter-night-36-40-41-46\/#breadcrumb"},"inLanguage":"en-GB","potentialAction":[{"@type":"ReadAction","target":["http:\/\/ruuby.ee\/pood\/joulueri\/joulusokid\/happy-socks-winter-night-36-40-41-46\/"]}]},{"@type":"ImageObject","inLanguage":"en-GB","@id":"http:\/\/ruuby.ee\/pood\/joulueri\/joulusokid\/happy-socks-winter-night-36-40-41-46\/#primaryimage","url":"https:\/\/ruuby.ee\/wp-content\/uploads\/2025\/11\/Screenshot-2025-11-07-at-14.17.05.png","contentUrl":"https:\/\/ruuby.ee\/wp-content\/uploads\/2025\/11\/Screenshot-2025-11-07-at-14.17.05.png","width":1446,"height":1480},{"@type":"BreadcrumbList","@id":"http:\/\/ruuby.ee\/pood\/joulueri\/joulusokid\/happy-socks-winter-night-36-40-41-46\/#breadcrumb","itemListElement":[{"@type":"ListItem","position":1,"name":"Kdu","item":"http:\/\/ruuby.ee\/en\/"},{"@type":"ListItem","position":2,"name":"Pood","item":"http:\/\/ruuby.ee\/en\/pood\/"},{"@type":"ListItem","position":3,"name":"HAPPY SOCKS \u2013 Winter Night 36-40\/41-46"}]},{"@type":"WebSite","@id":"http:\/\/ruuby.ee\/en\/#website","url":"http:\/\/ruuby.ee\/en\/","name":"RUUBY","description":"Ruubys on \u00fchendatud elustiil ja disain","publisher":{"@id":"http:\/\/ruuby.ee\/en\/#organization"},"alternateName":"Ruuby Disain","potentialAction":[{"@type":"SearchAction","target":{"@type":"EntryPoint","urlTemplate":"http:\/\/ruuby.ee\/en\/?s={search_term_string}"},"query-input":{"@type":"PropertyValueSpecification","valueRequired":true,"valueName":"search_term_string"}}],"inLanguage":"en-GB"},{"@type":"Organization","@id":"http:\/\/ruuby.ee\/en\/#organization","name":"Ruuby Disain O\u00dc","alternateName":"Ruuby","url":"http:\/\/ruuby.ee\/en\/","logo":{"@type":"ImageObject","inLanguage":"en-GB","@id":"http:\/\/ruuby.ee\/en\/#\/schema\/logo\/image\/","url":"https:\/\/ruuby.ee\/wp-content\/uploads\/2023\/06\/cropped-Black-White-Elegant-Circle-Signature-Fashion-Logo-12_large.png","contentUrl":"https:\/\/ruuby.ee\/wp-content\/uploads\/2023\/06\/cropped-Black-White-Elegant-Circle-Signature-Fashion-Logo-12_large.png","width":1280,"height":747,"caption":"Ruuby Disain O\u00dc"},"image":{"@id":"http:\/\/ruuby.ee\/en\/#\/schema\/logo\/image\/"},"sameAs":["https:\/\/www.facebook.com\/ruubyconcept","https:\/\/www.instagram.com\/ruuby_concept\/"]}]}},"jetpack_sharing_enabled":true,"_links":{"self":[{"href":"https:\/\/ruuby.ee\/en\/wp-json\/wp\/v2\/product\/1857232","targetHints":{"allow":["GET"]}}],"collection":[{"href":"https:\/\/ruuby.ee\/en\/wp-json\/wp\/v2\/product"}],"about":[{"href":"https:\/\/ruuby.ee\/en\/wp-json\/wp\/v2\/types\/product"}],"replies":[{"embeddable":true,"href":"https:\/\/ruuby.ee\/en\/wp-json\/wp\/v2\/comments?post=1857232"}],"wp:featuredmedia":[{"embeddable":true,"href":"https:\/\/ruuby.ee\/en\/wp-json\/wp\/v2\/media\/1857255"}],"wp:attachment":[{"href":"https:\/\/ruuby.ee\/en\/wp-json\/wp\/v2\/media?parent=1857232"}],"wp:term":[{"taxonomy":"product_brand","embeddable":true,"href":"https:\/\/ruuby.ee\/en\/wp-json\/wp\/v2\/product_brand?post=1857232"},{"taxonomy":"product_cat","embeddable":true,"href":"https:\/\/ruuby.ee\/en\/wp-json\/wp\/v2\/product_cat?post=1857232"},{"taxonomy":"product_tag","embeddable":true,"href":"https:\/\/ruuby.ee\/en\/wp-json\/wp\/v2\/product_tag?post=1857232"}],"curies":[{"name":"wp","href":"https:\/\/api.w.org\/{rel}","templated":true}]}}