{"id":1857226,"date":"2025-11-07T13:27:40","date_gmt":"2025-11-07T11:27:40","guid":{"rendered":"https:\/\/ruuby.ee\/?post_type=product&#038;p=1857226"},"modified":"2026-04-08T01:28:21","modified_gmt":"2026-04-07T22:28:21","slug":"happy-socks-laste-sokid-gingerbread-man-2-9-aastastele","status":"publish","type":"product","link":"https:\/\/ruuby.ee\/en\/pood\/joulueri\/joulusokid\/happy-socks-laste-sokid-gingerbread-man-2-9-aastastele\/","title":{"rendered":"HAPPY SOCKS \u2013 Laste sokid, Gingerbread Man 2-9 aastastele"},"content":{"rendered":"<p>Hellita end j\u00f5ulumeeleoluga meie laste piparkoogimehe sokkidega. Nendel armsatel j\u00f5ulusokkidel on korduv piparkoogimuster, mis toob kindlasti naeratuse v\u00e4ikestele n\u00e4gudele. Meie pidulik disain, mis levitab v\u00e4rvi ja r\u00f5\u00f5mu, \u00fcks paar sokke korraga, sobib ideaalselt lastele, kes armastavad p\u00fchadehooaja v\u00f5lu. Erksad v\u00e4rvid ja m\u00e4nguline muster muudavad need sokid lastele p\u00fchade ajal maiuspalaks.<\/p>\n<p>Ideaalne kingitus v\u00e4ikestele p\u00fchadehuvilistele.<\/p>\n<ul>\n<li>Tugevdatud kand ja varvas<\/li>\n<li>Nimesilt<\/li>\n<li>Orgaanilise puuvilla segu<\/li>\n<li>Taaskasutatud segu<\/li>\n<\/ul>\n<p>Materjalid: 79% puuvill, 20% pol\u00fcamiid, 1% elastaan<br \/>\nT\u00e4psem info: 79% orgaanilise puuvilla segu, 14% taaskasutatud pol\u00fcamiid, 6% pol\u00fcamiid, 1% elastaan<\/p>","protected":false},"excerpt":{"rendered":"<p>Hellita end j\u00f5ulumeeleoluga meie laste piparkoogimehe sokkidega. Nendel armsatel j\u00f5ulusokkidel on korduv piparkoogimuster, mis toob kindlasti naeratuse v\u00e4ikestele n\u00e4gudele. Meie pidulik disain, mis levitab v\u00e4rvi ja r\u00f5\u00f5mu, \u00fcks paar sokke korraga, sobib ideaalselt lastele, kes armastavad p\u00fchadehooaja v\u00f5lu. Erksad v\u00e4rvid ja m\u00e4nguline muster muudavad need sokid lastele p\u00fchade ajal maiuspalaks. Ideaalne kingitus v\u00e4ikestele p\u00fchadehuvilistele. Tugevdatud [&hellip;]<\/p>\n","protected":false},"featured_media":1857258,"comment_status":"open","ping_status":"closed","template":"","meta":[],"product_brand":[],"product_cat":[491,950,22,792,648],"product_tag":[492,794],"class_list":{"0":"post-1857226","1":"product","2":"type-product","3":"status-publish","4":"has-post-thumbnail","6":"product_cat-joulueri","7":"product_cat-joulusokid","8":"product_cat-lapsed","9":"product_cat-sokid","10":"product_cat-sukkpuksid","11":"product_tag-joulud","12":"product_tag-sokid","14":"first","15":"instock","16":"taxable","17":"shipping-taxable","18":"purchasable","19":"product-type-variable","20":"rtwpvs-product"},"yoast_head":"<!-- This site is optimized with the Yoast SEO plugin v27.3 - https:\/\/yoast.com\/product\/yoast-seo-wordpress\/ -->\n<title>HAPPY SOCKS \u2013 Laste sokid, Gingerbread Man 2-9 aastastele - RUUBY<\/title>\n<meta name=\"robots\" content=\"index, follow, max-snippet:-1, max-image-preview:large, max-video-preview:-1\" \/>\n<link rel=\"canonical\" href=\"http:\/\/ruuby.ee\/en\/pood\/joulueri\/joulusokid\/happy-socks-laste-sokid-gingerbread-man-2-9-aastastele\/\" \/>\n<meta property=\"og:locale\" content=\"en_GB\" \/>\n<meta property=\"og:type\" content=\"article\" \/>\n<meta property=\"og:title\" content=\"HAPPY SOCKS \u2013 Laste sokid, Gingerbread Man 2-9 aastastele - RUUBY\" \/>\n<meta property=\"og:description\" content=\"Hellita end j\u00f5ulumeeleoluga meie laste piparkoogimehe sokkidega. Nendel armsatel j\u00f5ulusokkidel on korduv piparkoogimuster, mis toob kindlasti naeratuse v\u00e4ikestele n\u00e4gudele. Meie pidulik disain, mis levitab v\u00e4rvi ja r\u00f5\u00f5mu, \u00fcks paar sokke korraga, sobib ideaalselt lastele, kes armastavad p\u00fchadehooaja v\u00f5lu. Erksad v\u00e4rvid ja m\u00e4nguline muster muudavad need sokid lastele p\u00fchade ajal maiuspalaks. Ideaalne kingitus v\u00e4ikestele p\u00fchadehuvilistele. Tugevdatud [&hellip;]\" \/>\n<meta property=\"og:url\" content=\"http:\/\/ruuby.ee\/en\/pood\/joulueri\/joulusokid\/happy-socks-laste-sokid-gingerbread-man-2-9-aastastele\/\" \/>\n<meta property=\"og:site_name\" content=\"RUUBY\" \/>\n<meta property=\"article:publisher\" content=\"https:\/\/www.facebook.com\/ruubyconcept\" \/>\n<meta property=\"article:modified_time\" content=\"2026-04-07T22:28:21+00:00\" \/>\n<meta property=\"og:image\" content=\"http:\/\/ruuby.ee\/wp-content\/uploads\/2025\/11\/Screenshot-2025-11-07-at-14.46.25.png\" \/>\n\t<meta property=\"og:image:width\" content=\"1386\" \/>\n\t<meta property=\"og:image:height\" content=\"1266\" \/>\n\t<meta property=\"og:image:type\" content=\"image\/png\" \/>\n<meta name=\"twitter:card\" content=\"summary_large_image\" \/>\n<meta name=\"twitter:label1\" content=\"Estimated reading time\" \/>\n\t<meta name=\"twitter:data1\" content=\"1 minute\" \/>\n<script type=\"application\/ld+json\" class=\"yoast-schema-graph\">{\"@context\":\"https:\\\/\\\/schema.org\",\"@graph\":[{\"@type\":[\"WebPage\",\"ItemPage\"],\"@id\":\"http:\\\/\\\/ruuby.ee\\\/pood\\\/joulueri\\\/joulusokid\\\/happy-socks-laste-sokid-gingerbread-man-2-9-aastastele\\\/\",\"url\":\"http:\\\/\\\/ruuby.ee\\\/pood\\\/joulueri\\\/joulusokid\\\/happy-socks-laste-sokid-gingerbread-man-2-9-aastastele\\\/\",\"name\":\"HAPPY SOCKS \u2013 Laste sokid, Gingerbread Man 2-9 aastastele - RUUBY\",\"isPartOf\":{\"@id\":\"http:\\\/\\\/ruuby.ee\\\/en\\\/#website\"},\"primaryImageOfPage\":{\"@id\":\"http:\\\/\\\/ruuby.ee\\\/pood\\\/joulueri\\\/joulusokid\\\/happy-socks-laste-sokid-gingerbread-man-2-9-aastastele\\\/#primaryimage\"},\"image\":{\"@id\":\"http:\\\/\\\/ruuby.ee\\\/pood\\\/joulueri\\\/joulusokid\\\/happy-socks-laste-sokid-gingerbread-man-2-9-aastastele\\\/#primaryimage\"},\"thumbnailUrl\":\"https:\\\/\\\/ruuby.ee\\\/wp-content\\\/uploads\\\/2025\\\/11\\\/Screenshot-2025-11-07-at-14.46.25.png\",\"datePublished\":\"2025-11-07T11:27:40+00:00\",\"dateModified\":\"2026-04-07T22:28:21+00:00\",\"breadcrumb\":{\"@id\":\"http:\\\/\\\/ruuby.ee\\\/pood\\\/joulueri\\\/joulusokid\\\/happy-socks-laste-sokid-gingerbread-man-2-9-aastastele\\\/#breadcrumb\"},\"inLanguage\":\"en-GB\",\"potentialAction\":[{\"@type\":\"ReadAction\",\"target\":[\"http:\\\/\\\/ruuby.ee\\\/pood\\\/joulueri\\\/joulusokid\\\/happy-socks-laste-sokid-gingerbread-man-2-9-aastastele\\\/\"]}]},{\"@type\":\"ImageObject\",\"inLanguage\":\"en-GB\",\"@id\":\"http:\\\/\\\/ruuby.ee\\\/pood\\\/joulueri\\\/joulusokid\\\/happy-socks-laste-sokid-gingerbread-man-2-9-aastastele\\\/#primaryimage\",\"url\":\"https:\\\/\\\/ruuby.ee\\\/wp-content\\\/uploads\\\/2025\\\/11\\\/Screenshot-2025-11-07-at-14.46.25.png\",\"contentUrl\":\"https:\\\/\\\/ruuby.ee\\\/wp-content\\\/uploads\\\/2025\\\/11\\\/Screenshot-2025-11-07-at-14.46.25.png\",\"width\":1386,\"height\":1266},{\"@type\":\"BreadcrumbList\",\"@id\":\"http:\\\/\\\/ruuby.ee\\\/pood\\\/joulueri\\\/joulusokid\\\/happy-socks-laste-sokid-gingerbread-man-2-9-aastastele\\\/#breadcrumb\",\"itemListElement\":[{\"@type\":\"ListItem\",\"position\":1,\"name\":\"Kdu\",\"item\":\"http:\\\/\\\/ruuby.ee\\\/en\\\/\"},{\"@type\":\"ListItem\",\"position\":2,\"name\":\"Pood\",\"item\":\"http:\\\/\\\/ruuby.ee\\\/en\\\/pood\\\/\"},{\"@type\":\"ListItem\",\"position\":3,\"name\":\"HAPPY SOCKS \u2013 Laste sokid, Gingerbread Man 2-9 aastastele\"}]},{\"@type\":\"WebSite\",\"@id\":\"http:\\\/\\\/ruuby.ee\\\/en\\\/#website\",\"url\":\"http:\\\/\\\/ruuby.ee\\\/en\\\/\",\"name\":\"RUUBY\",\"description\":\"Ruubys on \u00fchendatud elustiil ja disain\",\"publisher\":{\"@id\":\"http:\\\/\\\/ruuby.ee\\\/en\\\/#organization\"},\"alternateName\":\"Ruuby Disain\",\"potentialAction\":[{\"@type\":\"SearchAction\",\"target\":{\"@type\":\"EntryPoint\",\"urlTemplate\":\"http:\\\/\\\/ruuby.ee\\\/en\\\/?s={search_term_string}\"},\"query-input\":{\"@type\":\"PropertyValueSpecification\",\"valueRequired\":true,\"valueName\":\"search_term_string\"}}],\"inLanguage\":\"en-GB\"},{\"@type\":\"Organization\",\"@id\":\"http:\\\/\\\/ruuby.ee\\\/en\\\/#organization\",\"name\":\"Ruuby Disain O\u00dc\",\"alternateName\":\"Ruuby\",\"url\":\"http:\\\/\\\/ruuby.ee\\\/en\\\/\",\"logo\":{\"@type\":\"ImageObject\",\"inLanguage\":\"en-GB\",\"@id\":\"http:\\\/\\\/ruuby.ee\\\/en\\\/#\\\/schema\\\/logo\\\/image\\\/\",\"url\":\"https:\\\/\\\/ruuby.ee\\\/wp-content\\\/uploads\\\/2023\\\/06\\\/cropped-Black-White-Elegant-Circle-Signature-Fashion-Logo-12_large.png\",\"contentUrl\":\"https:\\\/\\\/ruuby.ee\\\/wp-content\\\/uploads\\\/2023\\\/06\\\/cropped-Black-White-Elegant-Circle-Signature-Fashion-Logo-12_large.png\",\"width\":1280,\"height\":747,\"caption\":\"Ruuby Disain O\u00dc\"},\"image\":{\"@id\":\"http:\\\/\\\/ruuby.ee\\\/en\\\/#\\\/schema\\\/logo\\\/image\\\/\"},\"sameAs\":[\"https:\\\/\\\/www.facebook.com\\\/ruubyconcept\",\"https:\\\/\\\/www.instagram.com\\\/ruuby_concept\\\/\"]}]}<\/script>\n<!-- \/ Yoast SEO plugin. -->","yoast_head_json":{"title":"HAPPY SOCKS \u2013 Laste sokid, Gingerbread Man 2-9 aastastele - RUUBY","robots":{"index":"index","follow":"follow","max-snippet":"max-snippet:-1","max-image-preview":"max-image-preview:large","max-video-preview":"max-video-preview:-1"},"canonical":"http:\/\/ruuby.ee\/en\/pood\/joulueri\/joulusokid\/happy-socks-laste-sokid-gingerbread-man-2-9-aastastele\/","og_locale":"en_GB","og_type":"article","og_title":"HAPPY SOCKS \u2013 Laste sokid, Gingerbread Man 2-9 aastastele - RUUBY","og_description":"Hellita end j\u00f5ulumeeleoluga meie laste piparkoogimehe sokkidega. Nendel armsatel j\u00f5ulusokkidel on korduv piparkoogimuster, mis toob kindlasti naeratuse v\u00e4ikestele n\u00e4gudele. Meie pidulik disain, mis levitab v\u00e4rvi ja r\u00f5\u00f5mu, \u00fcks paar sokke korraga, sobib ideaalselt lastele, kes armastavad p\u00fchadehooaja v\u00f5lu. Erksad v\u00e4rvid ja m\u00e4nguline muster muudavad need sokid lastele p\u00fchade ajal maiuspalaks. Ideaalne kingitus v\u00e4ikestele p\u00fchadehuvilistele. Tugevdatud [&hellip;]","og_url":"http:\/\/ruuby.ee\/en\/pood\/joulueri\/joulusokid\/happy-socks-laste-sokid-gingerbread-man-2-9-aastastele\/","og_site_name":"RUUBY","article_publisher":"https:\/\/www.facebook.com\/ruubyconcept","article_modified_time":"2026-04-07T22:28:21+00:00","og_image":[{"width":1386,"height":1266,"url":"http:\/\/ruuby.ee\/wp-content\/uploads\/2025\/11\/Screenshot-2025-11-07-at-14.46.25.png","type":"image\/png"}],"twitter_card":"summary_large_image","twitter_misc":{"Estimated reading time":"1 minute"},"schema":{"@context":"https:\/\/schema.org","@graph":[{"@type":["WebPage","ItemPage"],"@id":"http:\/\/ruuby.ee\/pood\/joulueri\/joulusokid\/happy-socks-laste-sokid-gingerbread-man-2-9-aastastele\/","url":"http:\/\/ruuby.ee\/pood\/joulueri\/joulusokid\/happy-socks-laste-sokid-gingerbread-man-2-9-aastastele\/","name":"HAPPY SOCKS \u2013 Laste sokid, Gingerbread Man 2-9 aastastele - RUUBY","isPartOf":{"@id":"http:\/\/ruuby.ee\/en\/#website"},"primaryImageOfPage":{"@id":"http:\/\/ruuby.ee\/pood\/joulueri\/joulusokid\/happy-socks-laste-sokid-gingerbread-man-2-9-aastastele\/#primaryimage"},"image":{"@id":"http:\/\/ruuby.ee\/pood\/joulueri\/joulusokid\/happy-socks-laste-sokid-gingerbread-man-2-9-aastastele\/#primaryimage"},"thumbnailUrl":"https:\/\/ruuby.ee\/wp-content\/uploads\/2025\/11\/Screenshot-2025-11-07-at-14.46.25.png","datePublished":"2025-11-07T11:27:40+00:00","dateModified":"2026-04-07T22:28:21+00:00","breadcrumb":{"@id":"http:\/\/ruuby.ee\/pood\/joulueri\/joulusokid\/happy-socks-laste-sokid-gingerbread-man-2-9-aastastele\/#breadcrumb"},"inLanguage":"en-GB","potentialAction":[{"@type":"ReadAction","target":["http:\/\/ruuby.ee\/pood\/joulueri\/joulusokid\/happy-socks-laste-sokid-gingerbread-man-2-9-aastastele\/"]}]},{"@type":"ImageObject","inLanguage":"en-GB","@id":"http:\/\/ruuby.ee\/pood\/joulueri\/joulusokid\/happy-socks-laste-sokid-gingerbread-man-2-9-aastastele\/#primaryimage","url":"https:\/\/ruuby.ee\/wp-content\/uploads\/2025\/11\/Screenshot-2025-11-07-at-14.46.25.png","contentUrl":"https:\/\/ruuby.ee\/wp-content\/uploads\/2025\/11\/Screenshot-2025-11-07-at-14.46.25.png","width":1386,"height":1266},{"@type":"BreadcrumbList","@id":"http:\/\/ruuby.ee\/pood\/joulueri\/joulusokid\/happy-socks-laste-sokid-gingerbread-man-2-9-aastastele\/#breadcrumb","itemListElement":[{"@type":"ListItem","position":1,"name":"Kdu","item":"http:\/\/ruuby.ee\/en\/"},{"@type":"ListItem","position":2,"name":"Pood","item":"http:\/\/ruuby.ee\/en\/pood\/"},{"@type":"ListItem","position":3,"name":"HAPPY SOCKS \u2013 Laste sokid, Gingerbread Man 2-9 aastastele"}]},{"@type":"WebSite","@id":"http:\/\/ruuby.ee\/en\/#website","url":"http:\/\/ruuby.ee\/en\/","name":"RUUBY","description":"Ruubys on \u00fchendatud elustiil ja disain","publisher":{"@id":"http:\/\/ruuby.ee\/en\/#organization"},"alternateName":"Ruuby Disain","potentialAction":[{"@type":"SearchAction","target":{"@type":"EntryPoint","urlTemplate":"http:\/\/ruuby.ee\/en\/?s={search_term_string}"},"query-input":{"@type":"PropertyValueSpecification","valueRequired":true,"valueName":"search_term_string"}}],"inLanguage":"en-GB"},{"@type":"Organization","@id":"http:\/\/ruuby.ee\/en\/#organization","name":"Ruuby Disain O\u00dc","alternateName":"Ruuby","url":"http:\/\/ruuby.ee\/en\/","logo":{"@type":"ImageObject","inLanguage":"en-GB","@id":"http:\/\/ruuby.ee\/en\/#\/schema\/logo\/image\/","url":"https:\/\/ruuby.ee\/wp-content\/uploads\/2023\/06\/cropped-Black-White-Elegant-Circle-Signature-Fashion-Logo-12_large.png","contentUrl":"https:\/\/ruuby.ee\/wp-content\/uploads\/2023\/06\/cropped-Black-White-Elegant-Circle-Signature-Fashion-Logo-12_large.png","width":1280,"height":747,"caption":"Ruuby Disain O\u00dc"},"image":{"@id":"http:\/\/ruuby.ee\/en\/#\/schema\/logo\/image\/"},"sameAs":["https:\/\/www.facebook.com\/ruubyconcept","https:\/\/www.instagram.com\/ruuby_concept\/"]}]}},"jetpack_sharing_enabled":true,"_links":{"self":[{"href":"https:\/\/ruuby.ee\/en\/wp-json\/wp\/v2\/product\/1857226","targetHints":{"allow":["GET"]}}],"collection":[{"href":"https:\/\/ruuby.ee\/en\/wp-json\/wp\/v2\/product"}],"about":[{"href":"https:\/\/ruuby.ee\/en\/wp-json\/wp\/v2\/types\/product"}],"replies":[{"embeddable":true,"href":"https:\/\/ruuby.ee\/en\/wp-json\/wp\/v2\/comments?post=1857226"}],"wp:featuredmedia":[{"embeddable":true,"href":"https:\/\/ruuby.ee\/en\/wp-json\/wp\/v2\/media\/1857258"}],"wp:attachment":[{"href":"https:\/\/ruuby.ee\/en\/wp-json\/wp\/v2\/media?parent=1857226"}],"wp:term":[{"taxonomy":"product_brand","embeddable":true,"href":"https:\/\/ruuby.ee\/en\/wp-json\/wp\/v2\/product_brand?post=1857226"},{"taxonomy":"product_cat","embeddable":true,"href":"https:\/\/ruuby.ee\/en\/wp-json\/wp\/v2\/product_cat?post=1857226"},{"taxonomy":"product_tag","embeddable":true,"href":"https:\/\/ruuby.ee\/en\/wp-json\/wp\/v2\/product_tag?post=1857226"}],"curies":[{"name":"wp","href":"https:\/\/api.w.org\/{rel}","templated":true}]}}