{"id":1857131,"date":"2025-11-04T14:19:11","date_gmt":"2025-11-04T12:19:11","guid":{"rendered":"https:\/\/ruuby.ee\/pood\/maaratlemata\/bonobo-taimetee-pune\/"},"modified":"2026-04-08T01:28:21","modified_gmt":"2026-04-07T22:28:21","slug":"bonobo-taimetee-pune","status":"publish","type":"product","link":"https:\/\/ruuby.ee\/en\/pood\/gurmee\/tee\/bonobo-taimetee-pune\/","title":{"rendered":"Bonobo Taimetee, Pune"},"content":{"rendered":"<div>\n<p><strong>Pune<\/strong> rahustab, vaigistab peavalu ja toob hea une.\u00a0\u00a0Pune sobib kasutamiseks k\u00f6ha ja k\u00fclmetushaiguste puhul. See aromaatne taim leevendab k\u00f5hugaase, k\u00f5hukinnisust, ergutades seeden\u00e4\u00e4rmete talitlust. Kui tunned k\u00f5rvus kohinat, siis proovi pune teed.<\/p>\n<p>(Raseduse ajal ei ole soovitav suures koguses tarvitada)<\/p>\n<\/div>\n<div class=\"o9v6fnle cxmmr5t8 oygrvhab hcukyx3x c1et5uql ii04i59q\">\n<div dir=\"auto\">\n<p><em><strong>Netokogus<\/strong>:<\/em> u 25 g.<\/p>\n<p><em><strong>Valmistamine<\/strong>: <\/em>v\u00f5ta 1 spl \u00f5isi, valada \u00fcle 90 kraadise veega. Lase t\u00f5mmata 5 minutit, kurnata. Naudi teed!<\/p>\n<p><strong><em>Kasutamine<\/em><\/strong>: juua soojalt endale sobival ajal. V\u00f5ib lisada mett v\u00f5i suhkrut.<\/p>\n<p><em><strong>S\u00e4ilitamine<\/strong>:<\/em> hoida laste eest varjatud ja k\u00e4ttesaamatus kohas. Hoida kuivas, valguse eest kaitstult. S\u00e4ilib 6 kuud peale avamist.<\/p>\n<\/div>\n<\/div>","protected":false},"excerpt":{"rendered":"<p><strong><em>Origanum Vulgaris.<\/em><\/strong><\/p>\n<p><em><strong>25 g \/ u 24<\/strong><\/em><em><strong>\u00a0tassi teed<\/strong><\/em><\/p>\n<p><strong>Pune<\/strong> rahustab, vaigistab peavalu ja toob hea une.\u00a0\u00a0Pune sobib kasutamiseks k\u00f6ha ja k\u00fclmetushaiguste puhul. See aromaatne taim leevendab k\u00f5hugaase, k\u00f5hukinnisust, ergutades seeden\u00e4\u00e4rmete talitlust. Kui tunned k\u00f5rvus kohinat, siis proovi pune teed.<\/p>\n<p>&nbsp;<\/p>\n<p>SOODUSHINNAGA parim enne: 12.2025<\/p>","protected":false},"featured_media":1857143,"comment_status":"open","ping_status":"closed","template":"","meta":[],"product_brand":[],"product_cat":[26,643],"product_tag":[531,1142],"class_list":{"0":"post-1857131","1":"product","2":"type-product","3":"status-publish","4":"has-post-thumbnail","6":"product_cat-gurmee","7":"product_cat-tee","8":"product_tag-bonobo","9":"product_tag-taimetee","11":"first","12":"outofstock","13":"taxable","14":"shipping-taxable","15":"purchasable","16":"product-type-simple"},"yoast_head":"<!-- This site is optimized with the Yoast SEO plugin v27.3 - https:\/\/yoast.com\/product\/yoast-seo-wordpress\/ -->\n<title>Bonobo Taimetee, Pune - RUUBY<\/title>\n<meta name=\"robots\" content=\"index, follow, max-snippet:-1, max-image-preview:large, max-video-preview:-1\" \/>\n<link rel=\"canonical\" href=\"https:\/\/ruuby.ee\/en\/pood\/gurmee\/tee\/bonobo-taimetee-pune\/\" \/>\n<meta property=\"og:locale\" content=\"en_GB\" \/>\n<meta property=\"og:type\" content=\"article\" \/>\n<meta property=\"og:title\" content=\"Bonobo Taimetee, Pune - RUUBY\" \/>\n<meta property=\"og:description\" content=\"Origanum Vulgaris.  25 g \/ u 24\u00a0tassi teed  Pune rahustab, vaigistab peavalu ja toob hea une.\u00a0\u00a0Pune sobib kasutamiseks k\u00f6ha ja k\u00fclmetushaiguste puhul. See aromaatne taim leevendab k\u00f5hugaase, k\u00f5hukinnisust, ergutades seeden\u00e4\u00e4rmete talitlust. Kui tunned k\u00f5rvus kohinat, siis proovi pune teed.  &nbsp;  SOODUSHINNAGA parim enne: 12.2025\" \/>\n<meta property=\"og:url\" content=\"https:\/\/ruuby.ee\/en\/pood\/gurmee\/tee\/bonobo-taimetee-pune\/\" \/>\n<meta property=\"og:site_name\" content=\"RUUBY\" \/>\n<meta property=\"article:publisher\" content=\"https:\/\/www.facebook.com\/ruubyconcept\" \/>\n<meta property=\"article:modified_time\" content=\"2026-04-07T22:28:21+00:00\" \/>\n<meta property=\"og:image\" content=\"https:\/\/ruuby.ee\/wp-content\/uploads\/2025\/11\/Screenshot-2025-11-04-at-14.30.30.png\" \/>\n\t<meta property=\"og:image:width\" content=\"776\" \/>\n\t<meta property=\"og:image:height\" content=\"1170\" \/>\n\t<meta property=\"og:image:type\" content=\"image\/png\" \/>\n<meta name=\"twitter:card\" content=\"summary_large_image\" \/>\n<meta name=\"twitter:label1\" content=\"Estimated reading time\" \/>\n\t<meta name=\"twitter:data1\" content=\"1 minute\" \/>\n<script type=\"application\/ld+json\" class=\"yoast-schema-graph\">{\"@context\":\"https:\\\/\\\/schema.org\",\"@graph\":[{\"@type\":[\"WebPage\",\"ItemPage\"],\"@id\":\"https:\\\/\\\/ruuby.ee\\\/en\\\/pood\\\/gurmee\\\/tee\\\/bonobo-taimetee-pune\\\/\",\"url\":\"https:\\\/\\\/ruuby.ee\\\/en\\\/pood\\\/gurmee\\\/tee\\\/bonobo-taimetee-pune\\\/\",\"name\":\"Bonobo Taimetee, Pune - RUUBY\",\"isPartOf\":{\"@id\":\"http:\\\/\\\/ruuby.ee\\\/en\\\/#website\"},\"primaryImageOfPage\":{\"@id\":\"https:\\\/\\\/ruuby.ee\\\/en\\\/pood\\\/gurmee\\\/tee\\\/bonobo-taimetee-pune\\\/#primaryimage\"},\"image\":{\"@id\":\"https:\\\/\\\/ruuby.ee\\\/en\\\/pood\\\/gurmee\\\/tee\\\/bonobo-taimetee-pune\\\/#primaryimage\"},\"thumbnailUrl\":\"https:\\\/\\\/ruuby.ee\\\/wp-content\\\/uploads\\\/2025\\\/11\\\/Screenshot-2025-11-04-at-14.30.30.png\",\"datePublished\":\"2025-11-04T12:19:11+00:00\",\"dateModified\":\"2026-04-07T22:28:21+00:00\",\"breadcrumb\":{\"@id\":\"https:\\\/\\\/ruuby.ee\\\/en\\\/pood\\\/gurmee\\\/tee\\\/bonobo-taimetee-pune\\\/#breadcrumb\"},\"inLanguage\":\"en-GB\",\"potentialAction\":[{\"@type\":\"ReadAction\",\"target\":[\"https:\\\/\\\/ruuby.ee\\\/en\\\/pood\\\/gurmee\\\/tee\\\/bonobo-taimetee-pune\\\/\"]}]},{\"@type\":\"ImageObject\",\"inLanguage\":\"en-GB\",\"@id\":\"https:\\\/\\\/ruuby.ee\\\/en\\\/pood\\\/gurmee\\\/tee\\\/bonobo-taimetee-pune\\\/#primaryimage\",\"url\":\"https:\\\/\\\/ruuby.ee\\\/wp-content\\\/uploads\\\/2025\\\/11\\\/Screenshot-2025-11-04-at-14.30.30.png\",\"contentUrl\":\"https:\\\/\\\/ruuby.ee\\\/wp-content\\\/uploads\\\/2025\\\/11\\\/Screenshot-2025-11-04-at-14.30.30.png\",\"width\":776,\"height\":1170},{\"@type\":\"BreadcrumbList\",\"@id\":\"https:\\\/\\\/ruuby.ee\\\/en\\\/pood\\\/gurmee\\\/tee\\\/bonobo-taimetee-pune\\\/#breadcrumb\",\"itemListElement\":[{\"@type\":\"ListItem\",\"position\":1,\"name\":\"Kdu\",\"item\":\"http:\\\/\\\/ruuby.ee\\\/en\\\/\"},{\"@type\":\"ListItem\",\"position\":2,\"name\":\"Pood\",\"item\":\"http:\\\/\\\/ruuby.ee\\\/en\\\/pood\\\/\"},{\"@type\":\"ListItem\",\"position\":3,\"name\":\"Bonobo Taimetee, Pune\"}]},{\"@type\":\"WebSite\",\"@id\":\"http:\\\/\\\/ruuby.ee\\\/en\\\/#website\",\"url\":\"http:\\\/\\\/ruuby.ee\\\/en\\\/\",\"name\":\"RUUBY\",\"description\":\"Ruubys on \u00fchendatud elustiil ja disain\",\"publisher\":{\"@id\":\"http:\\\/\\\/ruuby.ee\\\/en\\\/#organization\"},\"alternateName\":\"Ruuby Disain\",\"potentialAction\":[{\"@type\":\"SearchAction\",\"target\":{\"@type\":\"EntryPoint\",\"urlTemplate\":\"http:\\\/\\\/ruuby.ee\\\/en\\\/?s={search_term_string}\"},\"query-input\":{\"@type\":\"PropertyValueSpecification\",\"valueRequired\":true,\"valueName\":\"search_term_string\"}}],\"inLanguage\":\"en-GB\"},{\"@type\":\"Organization\",\"@id\":\"http:\\\/\\\/ruuby.ee\\\/en\\\/#organization\",\"name\":\"Ruuby Disain O\u00dc\",\"alternateName\":\"Ruuby\",\"url\":\"http:\\\/\\\/ruuby.ee\\\/en\\\/\",\"logo\":{\"@type\":\"ImageObject\",\"inLanguage\":\"en-GB\",\"@id\":\"http:\\\/\\\/ruuby.ee\\\/en\\\/#\\\/schema\\\/logo\\\/image\\\/\",\"url\":\"https:\\\/\\\/ruuby.ee\\\/wp-content\\\/uploads\\\/2023\\\/06\\\/cropped-Black-White-Elegant-Circle-Signature-Fashion-Logo-12_large.png\",\"contentUrl\":\"https:\\\/\\\/ruuby.ee\\\/wp-content\\\/uploads\\\/2023\\\/06\\\/cropped-Black-White-Elegant-Circle-Signature-Fashion-Logo-12_large.png\",\"width\":1280,\"height\":747,\"caption\":\"Ruuby Disain O\u00dc\"},\"image\":{\"@id\":\"http:\\\/\\\/ruuby.ee\\\/en\\\/#\\\/schema\\\/logo\\\/image\\\/\"},\"sameAs\":[\"https:\\\/\\\/www.facebook.com\\\/ruubyconcept\",\"https:\\\/\\\/www.instagram.com\\\/ruuby_concept\\\/\"]}]}<\/script>\n<!-- \/ Yoast SEO plugin. -->","yoast_head_json":{"title":"Bonobo Taimetee, Pune - RUUBY","robots":{"index":"index","follow":"follow","max-snippet":"max-snippet:-1","max-image-preview":"max-image-preview:large","max-video-preview":"max-video-preview:-1"},"canonical":"https:\/\/ruuby.ee\/en\/pood\/gurmee\/tee\/bonobo-taimetee-pune\/","og_locale":"en_GB","og_type":"article","og_title":"Bonobo Taimetee, Pune - RUUBY","og_description":"Origanum Vulgaris.  25 g \/ u 24\u00a0tassi teed  Pune rahustab, vaigistab peavalu ja toob hea une.\u00a0\u00a0Pune sobib kasutamiseks k\u00f6ha ja k\u00fclmetushaiguste puhul. See aromaatne taim leevendab k\u00f5hugaase, k\u00f5hukinnisust, ergutades seeden\u00e4\u00e4rmete talitlust. Kui tunned k\u00f5rvus kohinat, siis proovi pune teed.  &nbsp;  SOODUSHINNAGA parim enne: 12.2025","og_url":"https:\/\/ruuby.ee\/en\/pood\/gurmee\/tee\/bonobo-taimetee-pune\/","og_site_name":"RUUBY","article_publisher":"https:\/\/www.facebook.com\/ruubyconcept","article_modified_time":"2026-04-07T22:28:21+00:00","og_image":[{"width":776,"height":1170,"url":"https:\/\/ruuby.ee\/wp-content\/uploads\/2025\/11\/Screenshot-2025-11-04-at-14.30.30.png","type":"image\/png"}],"twitter_card":"summary_large_image","twitter_misc":{"Estimated reading time":"1 minute"},"schema":{"@context":"https:\/\/schema.org","@graph":[{"@type":["WebPage","ItemPage"],"@id":"https:\/\/ruuby.ee\/en\/pood\/gurmee\/tee\/bonobo-taimetee-pune\/","url":"https:\/\/ruuby.ee\/en\/pood\/gurmee\/tee\/bonobo-taimetee-pune\/","name":"Bonobo Taimetee, Pune - RUUBY","isPartOf":{"@id":"http:\/\/ruuby.ee\/en\/#website"},"primaryImageOfPage":{"@id":"https:\/\/ruuby.ee\/en\/pood\/gurmee\/tee\/bonobo-taimetee-pune\/#primaryimage"},"image":{"@id":"https:\/\/ruuby.ee\/en\/pood\/gurmee\/tee\/bonobo-taimetee-pune\/#primaryimage"},"thumbnailUrl":"https:\/\/ruuby.ee\/wp-content\/uploads\/2025\/11\/Screenshot-2025-11-04-at-14.30.30.png","datePublished":"2025-11-04T12:19:11+00:00","dateModified":"2026-04-07T22:28:21+00:00","breadcrumb":{"@id":"https:\/\/ruuby.ee\/en\/pood\/gurmee\/tee\/bonobo-taimetee-pune\/#breadcrumb"},"inLanguage":"en-GB","potentialAction":[{"@type":"ReadAction","target":["https:\/\/ruuby.ee\/en\/pood\/gurmee\/tee\/bonobo-taimetee-pune\/"]}]},{"@type":"ImageObject","inLanguage":"en-GB","@id":"https:\/\/ruuby.ee\/en\/pood\/gurmee\/tee\/bonobo-taimetee-pune\/#primaryimage","url":"https:\/\/ruuby.ee\/wp-content\/uploads\/2025\/11\/Screenshot-2025-11-04-at-14.30.30.png","contentUrl":"https:\/\/ruuby.ee\/wp-content\/uploads\/2025\/11\/Screenshot-2025-11-04-at-14.30.30.png","width":776,"height":1170},{"@type":"BreadcrumbList","@id":"https:\/\/ruuby.ee\/en\/pood\/gurmee\/tee\/bonobo-taimetee-pune\/#breadcrumb","itemListElement":[{"@type":"ListItem","position":1,"name":"Kdu","item":"http:\/\/ruuby.ee\/en\/"},{"@type":"ListItem","position":2,"name":"Pood","item":"http:\/\/ruuby.ee\/en\/pood\/"},{"@type":"ListItem","position":3,"name":"Bonobo Taimetee, Pune"}]},{"@type":"WebSite","@id":"http:\/\/ruuby.ee\/en\/#website","url":"http:\/\/ruuby.ee\/en\/","name":"RUUBY","description":"Ruubys on \u00fchendatud elustiil ja disain","publisher":{"@id":"http:\/\/ruuby.ee\/en\/#organization"},"alternateName":"Ruuby Disain","potentialAction":[{"@type":"SearchAction","target":{"@type":"EntryPoint","urlTemplate":"http:\/\/ruuby.ee\/en\/?s={search_term_string}"},"query-input":{"@type":"PropertyValueSpecification","valueRequired":true,"valueName":"search_term_string"}}],"inLanguage":"en-GB"},{"@type":"Organization","@id":"http:\/\/ruuby.ee\/en\/#organization","name":"Ruuby Disain O\u00dc","alternateName":"Ruuby","url":"http:\/\/ruuby.ee\/en\/","logo":{"@type":"ImageObject","inLanguage":"en-GB","@id":"http:\/\/ruuby.ee\/en\/#\/schema\/logo\/image\/","url":"https:\/\/ruuby.ee\/wp-content\/uploads\/2023\/06\/cropped-Black-White-Elegant-Circle-Signature-Fashion-Logo-12_large.png","contentUrl":"https:\/\/ruuby.ee\/wp-content\/uploads\/2023\/06\/cropped-Black-White-Elegant-Circle-Signature-Fashion-Logo-12_large.png","width":1280,"height":747,"caption":"Ruuby Disain O\u00dc"},"image":{"@id":"http:\/\/ruuby.ee\/en\/#\/schema\/logo\/image\/"},"sameAs":["https:\/\/www.facebook.com\/ruubyconcept","https:\/\/www.instagram.com\/ruuby_concept\/"]}]}},"jetpack_sharing_enabled":true,"_links":{"self":[{"href":"https:\/\/ruuby.ee\/en\/wp-json\/wp\/v2\/product\/1857131","targetHints":{"allow":["GET"]}}],"collection":[{"href":"https:\/\/ruuby.ee\/en\/wp-json\/wp\/v2\/product"}],"about":[{"href":"https:\/\/ruuby.ee\/en\/wp-json\/wp\/v2\/types\/product"}],"replies":[{"embeddable":true,"href":"https:\/\/ruuby.ee\/en\/wp-json\/wp\/v2\/comments?post=1857131"}],"wp:featuredmedia":[{"embeddable":true,"href":"https:\/\/ruuby.ee\/en\/wp-json\/wp\/v2\/media\/1857143"}],"wp:attachment":[{"href":"https:\/\/ruuby.ee\/en\/wp-json\/wp\/v2\/media?parent=1857131"}],"wp:term":[{"taxonomy":"product_brand","embeddable":true,"href":"https:\/\/ruuby.ee\/en\/wp-json\/wp\/v2\/product_brand?post=1857131"},{"taxonomy":"product_cat","embeddable":true,"href":"https:\/\/ruuby.ee\/en\/wp-json\/wp\/v2\/product_cat?post=1857131"},{"taxonomy":"product_tag","embeddable":true,"href":"https:\/\/ruuby.ee\/en\/wp-json\/wp\/v2\/product_tag?post=1857131"}],"curies":[{"name":"wp","href":"https:\/\/api.w.org\/{rel}","templated":true}]}}