{"id":1857129,"date":"2025-11-04T14:19:04","date_gmt":"2025-11-04T12:19:04","guid":{"rendered":"https:\/\/ruuby.ee\/pood\/maaratlemata\/bonobo-taimetee-parnaois\/"},"modified":"2026-04-08T01:28:21","modified_gmt":"2026-04-07T22:28:21","slug":"bonobo-taimetee-parnaois","status":"publish","type":"product","link":"https:\/\/ruuby.ee\/en\/pood\/gurmee\/tee\/bonobo-taimetee-parnaois\/","title":{"rendered":"Bonobo Taimetee, P\u00e4rna\u00f5is"},"content":{"rendered":"<p>Pingelisel perioodil m\u00f5jub <strong>p\u00e4rna\u00f5ietee<\/strong> rahustavalt, samuti aitab see kergemate seedeh\u00e4irete korral. P\u00e4rna\u00f5itest tehtud teed joo palaviku alandamiseks k\u00fclmetushaiguste p\u00f5demise ajal.\u00a0\u00dclemiste hingamisteede katarri korral tee p\u00e4rna\u00f5ieauru v\u00f5i kurista kurku.\u00a0\u00a0Lihaspingete korral puista p\u00e4rna\u00f5isi vannivette. P\u00e4rna\u00f5ieleotis aitab pleegitada tedret\u00e4ppe ja pigmendilaike.<\/p>\n<p><strong><em>Netokogus:<\/em><\/strong> u 25g.<\/p>\n<p><strong><em>Koostisosad<\/em>:<\/strong> hariliku p\u00e4rna\u00f5ie \u00f5ied (<em>Tilia Cordata<\/em>).<\/p>\n<p><strong><em>Valmistamine: <\/em><\/strong>v\u00f5ta 1 spl \u00f5isi, valada \u00fcle 90 kraadise veega. Lase t\u00f5mmata 5 minutit, kurnata. Naudi teed!<\/p>\n<p><strong><em>Kasutamine<\/em>:<\/strong> juua soojalt endale sobival ajal. V\u00f5ib lisada mett v\u00f5i suhkrut.<\/p>\n<p><strong><em>S\u00e4ilitamine:<\/em><\/strong> hoida laste eest varjatud ja k\u00e4ttesaamatus kohas. Hoida kuivas, valguse eest kaitstult. S\u00e4ilib 6 kuud peale avamist.<\/p>","protected":false},"excerpt":{"rendered":"<p><em>Tilia cordata.<\/em><\/p>\n<p><em><strong>u 25 g \/ u 24 tassi teed<\/strong><\/em><\/p>\n<p><strong>P\u00e4rna\u00f5ietee<\/strong> avab emadust ja naiselikkust Sinu sees, p\u00e4rna\u00f5ites on palju hellust ja mahedust.<\/p>\n<p>&nbsp;<\/p>","protected":false},"featured_media":1857135,"comment_status":"open","ping_status":"closed","template":"","meta":[],"product_brand":[],"product_cat":[26,643],"product_tag":[531,1142],"class_list":{"0":"post-1857129","1":"product","2":"type-product","3":"status-publish","4":"has-post-thumbnail","6":"product_cat-gurmee","7":"product_cat-tee","8":"product_tag-bonobo","9":"product_tag-taimetee","11":"first","12":"instock","13":"taxable","14":"shipping-taxable","15":"purchasable","16":"product-type-simple"},"yoast_head":"<!-- This site is optimized with the Yoast SEO plugin v27.3 - https:\/\/yoast.com\/product\/yoast-seo-wordpress\/ -->\n<title>Bonobo Taimetee, P\u00e4rna\u00f5is - RUUBY<\/title>\n<meta name=\"robots\" content=\"index, follow, max-snippet:-1, max-image-preview:large, max-video-preview:-1\" \/>\n<link rel=\"canonical\" href=\"https:\/\/ruuby.ee\/en\/pood\/gurmee\/tee\/bonobo-taimetee-parnaois\/\" \/>\n<meta property=\"og:locale\" content=\"en_GB\" \/>\n<meta property=\"og:type\" content=\"article\" \/>\n<meta property=\"og:title\" content=\"Bonobo Taimetee, P\u00e4rna\u00f5is - RUUBY\" \/>\n<meta property=\"og:description\" content=\"Tilia cordata.  u 25 g \/ u 24 tassi teed  P\u00e4rna\u00f5ietee avab emadust ja naiselikkust Sinu sees, p\u00e4rna\u00f5ites on palju hellust ja mahedust.  &nbsp;\" \/>\n<meta property=\"og:url\" content=\"https:\/\/ruuby.ee\/en\/pood\/gurmee\/tee\/bonobo-taimetee-parnaois\/\" \/>\n<meta property=\"og:site_name\" content=\"RUUBY\" \/>\n<meta property=\"article:publisher\" content=\"https:\/\/www.facebook.com\/ruubyconcept\" \/>\n<meta property=\"article:modified_time\" content=\"2026-04-07T22:28:21+00:00\" \/>\n<meta property=\"og:image\" content=\"https:\/\/ruuby.ee\/wp-content\/uploads\/2025\/11\/Screenshot-2025-11-04-at-14.20.19.png\" \/>\n\t<meta property=\"og:image:width\" content=\"768\" \/>\n\t<meta property=\"og:image:height\" content=\"1168\" \/>\n\t<meta property=\"og:image:type\" content=\"image\/png\" \/>\n<meta name=\"twitter:card\" content=\"summary_large_image\" \/>\n<meta name=\"twitter:label1\" content=\"Estimated reading time\" \/>\n\t<meta name=\"twitter:data1\" content=\"1 minute\" \/>\n<script type=\"application\/ld+json\" class=\"yoast-schema-graph\">{\"@context\":\"https:\\\/\\\/schema.org\",\"@graph\":[{\"@type\":[\"WebPage\",\"ItemPage\"],\"@id\":\"https:\\\/\\\/ruuby.ee\\\/pood\\\/gurmee\\\/tee\\\/bonobo-taimetee-parnaois\\\/\",\"url\":\"https:\\\/\\\/ruuby.ee\\\/pood\\\/gurmee\\\/tee\\\/bonobo-taimetee-parnaois\\\/\",\"name\":\"Bonobo Taimetee, P\u00e4rna\u00f5is - RUUBY\",\"isPartOf\":{\"@id\":\"http:\\\/\\\/ruuby.ee\\\/en\\\/#website\"},\"primaryImageOfPage\":{\"@id\":\"https:\\\/\\\/ruuby.ee\\\/pood\\\/gurmee\\\/tee\\\/bonobo-taimetee-parnaois\\\/#primaryimage\"},\"image\":{\"@id\":\"https:\\\/\\\/ruuby.ee\\\/pood\\\/gurmee\\\/tee\\\/bonobo-taimetee-parnaois\\\/#primaryimage\"},\"thumbnailUrl\":\"https:\\\/\\\/ruuby.ee\\\/wp-content\\\/uploads\\\/2025\\\/11\\\/Screenshot-2025-11-04-at-14.20.19.png\",\"datePublished\":\"2025-11-04T12:19:04+00:00\",\"dateModified\":\"2026-04-07T22:28:21+00:00\",\"breadcrumb\":{\"@id\":\"https:\\\/\\\/ruuby.ee\\\/pood\\\/gurmee\\\/tee\\\/bonobo-taimetee-parnaois\\\/#breadcrumb\"},\"inLanguage\":\"en-GB\",\"potentialAction\":[{\"@type\":\"ReadAction\",\"target\":[\"https:\\\/\\\/ruuby.ee\\\/pood\\\/gurmee\\\/tee\\\/bonobo-taimetee-parnaois\\\/\"]}]},{\"@type\":\"ImageObject\",\"inLanguage\":\"en-GB\",\"@id\":\"https:\\\/\\\/ruuby.ee\\\/pood\\\/gurmee\\\/tee\\\/bonobo-taimetee-parnaois\\\/#primaryimage\",\"url\":\"https:\\\/\\\/ruuby.ee\\\/wp-content\\\/uploads\\\/2025\\\/11\\\/Screenshot-2025-11-04-at-14.20.19.png\",\"contentUrl\":\"https:\\\/\\\/ruuby.ee\\\/wp-content\\\/uploads\\\/2025\\\/11\\\/Screenshot-2025-11-04-at-14.20.19.png\",\"width\":768,\"height\":1168},{\"@type\":\"BreadcrumbList\",\"@id\":\"https:\\\/\\\/ruuby.ee\\\/pood\\\/gurmee\\\/tee\\\/bonobo-taimetee-parnaois\\\/#breadcrumb\",\"itemListElement\":[{\"@type\":\"ListItem\",\"position\":1,\"name\":\"Kdu\",\"item\":\"http:\\\/\\\/ruuby.ee\\\/en\\\/\"},{\"@type\":\"ListItem\",\"position\":2,\"name\":\"Pood\",\"item\":\"http:\\\/\\\/ruuby.ee\\\/en\\\/pood\\\/\"},{\"@type\":\"ListItem\",\"position\":3,\"name\":\"Bonobo Taimetee, P\u00e4rna\u00f5is\"}]},{\"@type\":\"WebSite\",\"@id\":\"http:\\\/\\\/ruuby.ee\\\/en\\\/#website\",\"url\":\"http:\\\/\\\/ruuby.ee\\\/en\\\/\",\"name\":\"RUUBY\",\"description\":\"Ruubys on \u00fchendatud elustiil ja disain\",\"publisher\":{\"@id\":\"http:\\\/\\\/ruuby.ee\\\/en\\\/#organization\"},\"alternateName\":\"Ruuby Disain\",\"potentialAction\":[{\"@type\":\"SearchAction\",\"target\":{\"@type\":\"EntryPoint\",\"urlTemplate\":\"http:\\\/\\\/ruuby.ee\\\/en\\\/?s={search_term_string}\"},\"query-input\":{\"@type\":\"PropertyValueSpecification\",\"valueRequired\":true,\"valueName\":\"search_term_string\"}}],\"inLanguage\":\"en-GB\"},{\"@type\":\"Organization\",\"@id\":\"http:\\\/\\\/ruuby.ee\\\/en\\\/#organization\",\"name\":\"Ruuby Disain O\u00dc\",\"alternateName\":\"Ruuby\",\"url\":\"http:\\\/\\\/ruuby.ee\\\/en\\\/\",\"logo\":{\"@type\":\"ImageObject\",\"inLanguage\":\"en-GB\",\"@id\":\"http:\\\/\\\/ruuby.ee\\\/en\\\/#\\\/schema\\\/logo\\\/image\\\/\",\"url\":\"https:\\\/\\\/ruuby.ee\\\/wp-content\\\/uploads\\\/2023\\\/06\\\/cropped-Black-White-Elegant-Circle-Signature-Fashion-Logo-12_large.png\",\"contentUrl\":\"https:\\\/\\\/ruuby.ee\\\/wp-content\\\/uploads\\\/2023\\\/06\\\/cropped-Black-White-Elegant-Circle-Signature-Fashion-Logo-12_large.png\",\"width\":1280,\"height\":747,\"caption\":\"Ruuby Disain O\u00dc\"},\"image\":{\"@id\":\"http:\\\/\\\/ruuby.ee\\\/en\\\/#\\\/schema\\\/logo\\\/image\\\/\"},\"sameAs\":[\"https:\\\/\\\/www.facebook.com\\\/ruubyconcept\",\"https:\\\/\\\/www.instagram.com\\\/ruuby_concept\\\/\"]}]}<\/script>\n<!-- \/ Yoast SEO plugin. -->","yoast_head_json":{"title":"Bonobo Taimetee, P\u00e4rna\u00f5is - RUUBY","robots":{"index":"index","follow":"follow","max-snippet":"max-snippet:-1","max-image-preview":"max-image-preview:large","max-video-preview":"max-video-preview:-1"},"canonical":"https:\/\/ruuby.ee\/en\/pood\/gurmee\/tee\/bonobo-taimetee-parnaois\/","og_locale":"en_GB","og_type":"article","og_title":"Bonobo Taimetee, P\u00e4rna\u00f5is - RUUBY","og_description":"Tilia cordata.  u 25 g \/ u 24 tassi teed  P\u00e4rna\u00f5ietee avab emadust ja naiselikkust Sinu sees, p\u00e4rna\u00f5ites on palju hellust ja mahedust.  &nbsp;","og_url":"https:\/\/ruuby.ee\/en\/pood\/gurmee\/tee\/bonobo-taimetee-parnaois\/","og_site_name":"RUUBY","article_publisher":"https:\/\/www.facebook.com\/ruubyconcept","article_modified_time":"2026-04-07T22:28:21+00:00","og_image":[{"width":768,"height":1168,"url":"https:\/\/ruuby.ee\/wp-content\/uploads\/2025\/11\/Screenshot-2025-11-04-at-14.20.19.png","type":"image\/png"}],"twitter_card":"summary_large_image","twitter_misc":{"Estimated reading time":"1 minute"},"schema":{"@context":"https:\/\/schema.org","@graph":[{"@type":["WebPage","ItemPage"],"@id":"https:\/\/ruuby.ee\/pood\/gurmee\/tee\/bonobo-taimetee-parnaois\/","url":"https:\/\/ruuby.ee\/pood\/gurmee\/tee\/bonobo-taimetee-parnaois\/","name":"Bonobo Taimetee, P\u00e4rna\u00f5is - RUUBY","isPartOf":{"@id":"http:\/\/ruuby.ee\/en\/#website"},"primaryImageOfPage":{"@id":"https:\/\/ruuby.ee\/pood\/gurmee\/tee\/bonobo-taimetee-parnaois\/#primaryimage"},"image":{"@id":"https:\/\/ruuby.ee\/pood\/gurmee\/tee\/bonobo-taimetee-parnaois\/#primaryimage"},"thumbnailUrl":"https:\/\/ruuby.ee\/wp-content\/uploads\/2025\/11\/Screenshot-2025-11-04-at-14.20.19.png","datePublished":"2025-11-04T12:19:04+00:00","dateModified":"2026-04-07T22:28:21+00:00","breadcrumb":{"@id":"https:\/\/ruuby.ee\/pood\/gurmee\/tee\/bonobo-taimetee-parnaois\/#breadcrumb"},"inLanguage":"en-GB","potentialAction":[{"@type":"ReadAction","target":["https:\/\/ruuby.ee\/pood\/gurmee\/tee\/bonobo-taimetee-parnaois\/"]}]},{"@type":"ImageObject","inLanguage":"en-GB","@id":"https:\/\/ruuby.ee\/pood\/gurmee\/tee\/bonobo-taimetee-parnaois\/#primaryimage","url":"https:\/\/ruuby.ee\/wp-content\/uploads\/2025\/11\/Screenshot-2025-11-04-at-14.20.19.png","contentUrl":"https:\/\/ruuby.ee\/wp-content\/uploads\/2025\/11\/Screenshot-2025-11-04-at-14.20.19.png","width":768,"height":1168},{"@type":"BreadcrumbList","@id":"https:\/\/ruuby.ee\/pood\/gurmee\/tee\/bonobo-taimetee-parnaois\/#breadcrumb","itemListElement":[{"@type":"ListItem","position":1,"name":"Kdu","item":"http:\/\/ruuby.ee\/en\/"},{"@type":"ListItem","position":2,"name":"Pood","item":"http:\/\/ruuby.ee\/en\/pood\/"},{"@type":"ListItem","position":3,"name":"Bonobo Taimetee, P\u00e4rna\u00f5is"}]},{"@type":"WebSite","@id":"http:\/\/ruuby.ee\/en\/#website","url":"http:\/\/ruuby.ee\/en\/","name":"RUUBY","description":"Ruubys on \u00fchendatud elustiil ja disain","publisher":{"@id":"http:\/\/ruuby.ee\/en\/#organization"},"alternateName":"Ruuby Disain","potentialAction":[{"@type":"SearchAction","target":{"@type":"EntryPoint","urlTemplate":"http:\/\/ruuby.ee\/en\/?s={search_term_string}"},"query-input":{"@type":"PropertyValueSpecification","valueRequired":true,"valueName":"search_term_string"}}],"inLanguage":"en-GB"},{"@type":"Organization","@id":"http:\/\/ruuby.ee\/en\/#organization","name":"Ruuby Disain O\u00dc","alternateName":"Ruuby","url":"http:\/\/ruuby.ee\/en\/","logo":{"@type":"ImageObject","inLanguage":"en-GB","@id":"http:\/\/ruuby.ee\/en\/#\/schema\/logo\/image\/","url":"https:\/\/ruuby.ee\/wp-content\/uploads\/2023\/06\/cropped-Black-White-Elegant-Circle-Signature-Fashion-Logo-12_large.png","contentUrl":"https:\/\/ruuby.ee\/wp-content\/uploads\/2023\/06\/cropped-Black-White-Elegant-Circle-Signature-Fashion-Logo-12_large.png","width":1280,"height":747,"caption":"Ruuby Disain O\u00dc"},"image":{"@id":"http:\/\/ruuby.ee\/en\/#\/schema\/logo\/image\/"},"sameAs":["https:\/\/www.facebook.com\/ruubyconcept","https:\/\/www.instagram.com\/ruuby_concept\/"]}]}},"jetpack_sharing_enabled":true,"_links":{"self":[{"href":"https:\/\/ruuby.ee\/en\/wp-json\/wp\/v2\/product\/1857129","targetHints":{"allow":["GET"]}}],"collection":[{"href":"https:\/\/ruuby.ee\/en\/wp-json\/wp\/v2\/product"}],"about":[{"href":"https:\/\/ruuby.ee\/en\/wp-json\/wp\/v2\/types\/product"}],"replies":[{"embeddable":true,"href":"https:\/\/ruuby.ee\/en\/wp-json\/wp\/v2\/comments?post=1857129"}],"wp:featuredmedia":[{"embeddable":true,"href":"https:\/\/ruuby.ee\/en\/wp-json\/wp\/v2\/media\/1857135"}],"wp:attachment":[{"href":"https:\/\/ruuby.ee\/en\/wp-json\/wp\/v2\/media?parent=1857129"}],"wp:term":[{"taxonomy":"product_brand","embeddable":true,"href":"https:\/\/ruuby.ee\/en\/wp-json\/wp\/v2\/product_brand?post=1857129"},{"taxonomy":"product_cat","embeddable":true,"href":"https:\/\/ruuby.ee\/en\/wp-json\/wp\/v2\/product_cat?post=1857129"},{"taxonomy":"product_tag","embeddable":true,"href":"https:\/\/ruuby.ee\/en\/wp-json\/wp\/v2\/product_tag?post=1857129"}],"curies":[{"name":"wp","href":"https:\/\/api.w.org\/{rel}","templated":true}]}}