{"id":1857024,"date":"2025-10-28T21:16:34","date_gmt":"2025-10-28T19:16:34","guid":{"rendered":"https:\/\/ruuby.ee\/pood\/maaratlemata\/oyoy-living-toppu-vaike-kausike\/"},"modified":"2026-04-05T01:25:16","modified_gmt":"2026-04-04T22:25:16","slug":"oyoy-living-toppu-vaike-kausike","status":"publish","type":"product","link":"https:\/\/ruuby.ee\/en\/pood\/kodusisustus\/soogituba\/oyoy-living-toppu-vaike-kausike\/","title":{"rendered":"OYOY LIVING Toppu, v\u00e4ike kausike"},"content":{"rendered":"<p>Meie 10. aastap\u00e4eva t\u00e4histamiseks oleme loonud piiratud v\u00e4ljaande aastap\u00e4evakollektsiooni.<\/p>\n<p>Toppu minikauss on osa populaarsest Toppu sarjast. Toppu sari koosneb keraamilistest dekoratiivsetest kujundustest ja on \u00fcks meie populaarsemaid disaine. Toppu esitleti esmakordselt 2017. aasta kevad-suvehooaja kollektsioonis ning iseloomulikke triipe on sellest ajast edasi arendatud terveks ainulaadsete toodete sarjaks, mis on inspireeritud tolleaegsetest trendidest. Erinevalt meie varasematest Toppu disainidest on see sari pehmema ja loomulikuma v\u00e4limusega, mullase tooniga, andes sellele v\u00e4ga p\u00f5hjamaise ilme.<\/p>\n<p>Kasutage kaussi dekoratiivse elemendina v\u00f5i hoiustamiseks.<\/p>\n<p>Sari on valmistatud 100% keraamikast ja on k\u00e4sitsi valmistatud.<\/p>\n<p>Puhastamiseks on soovitatav pesta veega ja p\u00fchkida kuiva lapiga.<\/p>\n<p>M\u00f5\u00f5dud: L12.6 x W12.6 x H10<\/p>\n<p>&nbsp;<\/p>\n<p><strong>OYOY Living Design<\/strong> on uhkelt Taanis loodud oskuslike disainerite poolt, ammutades inspiratsiooni kallitest m\u00e4lestustest ja rikkalikest Taani traditsioonidest. Iga ese peegeldab Skandinaavia lihtsuse olemust, pakkudes samas kodu soojust. OYOY kodu \u00f5hkkonnas \u00fchendavad meie disainid ajatu elegantsi moodsa funktsionaalsusega, luues kauneid ja l\u00e4bim\u00f5eldud esemeid igap\u00e4evaseks eluks.<\/p>","protected":false},"excerpt":{"rendered":"<p>Meie 10. aastap\u00e4eva t\u00e4histamiseks oleme loonud piiratud v\u00e4ljaande aastap\u00e4evakollektsiooni. Toppu minikauss on osa populaarsest Toppu sarjast. Toppu sari koosneb keraamilistest dekoratiivsetest kujundustest ja on \u00fcks meie populaarsemaid disaine. Toppu esitleti esmakordselt 2017. aasta kevad-suvehooaja kollektsioonis ning iseloomulikke triipe on sellest ajast edasi arendatud terveks ainulaadsete toodete sarjaks, mis on inspireeritud tolleaegsetest trendidest. Erinevalt meie varasematest [&hellip;]<\/p>\n","protected":false},"featured_media":1857038,"comment_status":"open","ping_status":"closed","template":"","meta":[],"product_brand":[],"product_cat":[42,60],"product_tag":[272,1135],"class_list":{"0":"post-1857024","1":"product","2":"type-product","3":"status-publish","4":"has-post-thumbnail","6":"product_cat-kodusisustus","7":"product_cat-soogituba","8":"product_tag-kauss","9":"product_tag-oyoy","11":"first","12":"instock","13":"taxable","14":"shipping-taxable","15":"purchasable","16":"product-type-simple"},"yoast_head":"<!-- This site is optimized with the Yoast SEO plugin v27.2 - https:\/\/yoast.com\/product\/yoast-seo-wordpress\/ -->\n<title>OYOY LIVING Toppu, v\u00e4ike kausike - RUUBY<\/title>\n<meta name=\"robots\" content=\"index, follow, max-snippet:-1, max-image-preview:large, max-video-preview:-1\" \/>\n<link rel=\"canonical\" href=\"http:\/\/ruuby.ee\/en\/pood\/kodusisustus\/soogituba\/oyoy-living-toppu-vaike-kausike\/\" \/>\n<meta property=\"og:locale\" content=\"en_GB\" \/>\n<meta property=\"og:type\" content=\"article\" \/>\n<meta property=\"og:title\" content=\"OYOY LIVING Toppu, v\u00e4ike kausike - RUUBY\" \/>\n<meta property=\"og:description\" content=\"Meie 10. aastap\u00e4eva t\u00e4histamiseks oleme loonud piiratud v\u00e4ljaande aastap\u00e4evakollektsiooni. Toppu minikauss on osa populaarsest Toppu sarjast. Toppu sari koosneb keraamilistest dekoratiivsetest kujundustest ja on \u00fcks meie populaarsemaid disaine. Toppu esitleti esmakordselt 2017. aasta kevad-suvehooaja kollektsioonis ning iseloomulikke triipe on sellest ajast edasi arendatud terveks ainulaadsete toodete sarjaks, mis on inspireeritud tolleaegsetest trendidest. Erinevalt meie varasematest [&hellip;]\" \/>\n<meta property=\"og:url\" content=\"http:\/\/ruuby.ee\/en\/pood\/kodusisustus\/soogituba\/oyoy-living-toppu-vaike-kausike\/\" \/>\n<meta property=\"og:site_name\" content=\"RUUBY\" \/>\n<meta property=\"article:publisher\" content=\"https:\/\/www.facebook.com\/ruubyconcept\" \/>\n<meta property=\"article:modified_time\" content=\"2026-04-04T22:25:16+00:00\" \/>\n<meta property=\"og:image\" content=\"http:\/\/ruuby.ee\/wp-content\/uploads\/2025\/10\/Screenshot-2025-10-28-at-21.30.37.png\" \/>\n\t<meta property=\"og:image:width\" content=\"872\" \/>\n\t<meta property=\"og:image:height\" content=\"1130\" \/>\n\t<meta property=\"og:image:type\" content=\"image\/png\" \/>\n<meta name=\"twitter:card\" content=\"summary_large_image\" \/>\n<meta name=\"twitter:label1\" content=\"Estimated reading time\" \/>\n\t<meta name=\"twitter:data1\" content=\"1 minute\" \/>\n<script type=\"application\/ld+json\" class=\"yoast-schema-graph\">{\"@context\":\"https:\/\/schema.org\",\"@graph\":[{\"@type\":[\"WebPage\",\"ItemPage\"],\"@id\":\"http:\/\/ruuby.ee\/pood\/kodusisustus\/soogituba\/oyoy-living-toppu-vaike-kausike\/\",\"url\":\"http:\/\/ruuby.ee\/pood\/kodusisustus\/soogituba\/oyoy-living-toppu-vaike-kausike\/\",\"name\":\"OYOY LIVING Toppu, v\u00e4ike kausike - RUUBY\",\"isPartOf\":{\"@id\":\"http:\/\/ruuby.ee\/#website\"},\"primaryImageOfPage\":{\"@id\":\"http:\/\/ruuby.ee\/pood\/kodusisustus\/soogituba\/oyoy-living-toppu-vaike-kausike\/#primaryimage\"},\"image\":{\"@id\":\"http:\/\/ruuby.ee\/pood\/kodusisustus\/soogituba\/oyoy-living-toppu-vaike-kausike\/#primaryimage\"},\"thumbnailUrl\":\"https:\/\/ruuby.ee\/wp-content\/uploads\/2025\/10\/Screenshot-2025-10-28-at-21.30.37.png\",\"datePublished\":\"2025-10-28T19:16:34+00:00\",\"dateModified\":\"2026-04-04T22:25:16+00:00\",\"breadcrumb\":{\"@id\":\"http:\/\/ruuby.ee\/pood\/kodusisustus\/soogituba\/oyoy-living-toppu-vaike-kausike\/#breadcrumb\"},\"inLanguage\":\"en-GB\",\"potentialAction\":[{\"@type\":\"ReadAction\",\"target\":[\"http:\/\/ruuby.ee\/pood\/kodusisustus\/soogituba\/oyoy-living-toppu-vaike-kausike\/\"]}]},{\"@type\":\"ImageObject\",\"inLanguage\":\"en-GB\",\"@id\":\"http:\/\/ruuby.ee\/pood\/kodusisustus\/soogituba\/oyoy-living-toppu-vaike-kausike\/#primaryimage\",\"url\":\"https:\/\/ruuby.ee\/wp-content\/uploads\/2025\/10\/Screenshot-2025-10-28-at-21.30.37.png\",\"contentUrl\":\"https:\/\/ruuby.ee\/wp-content\/uploads\/2025\/10\/Screenshot-2025-10-28-at-21.30.37.png\",\"width\":872,\"height\":1130},{\"@type\":\"BreadcrumbList\",\"@id\":\"http:\/\/ruuby.ee\/pood\/kodusisustus\/soogituba\/oyoy-living-toppu-vaike-kausike\/#breadcrumb\",\"itemListElement\":[{\"@type\":\"ListItem\",\"position\":1,\"name\":\"Kdu\",\"item\":\"http:\/\/ruuby.ee\/\"},{\"@type\":\"ListItem\",\"position\":2,\"name\":\"Pood\",\"item\":\"https:\/\/ruuby.ee\/en\/pood\/\"},{\"@type\":\"ListItem\",\"position\":3,\"name\":\"OYOY LIVING Toppu, v\u00e4ike kausike\"}]},{\"@type\":\"WebSite\",\"@id\":\"http:\/\/ruuby.ee\/#website\",\"url\":\"http:\/\/ruuby.ee\/\",\"name\":\"RUUBY\",\"description\":\"Ruubys on \u00fchendatud elustiil ja disain\",\"publisher\":{\"@id\":\"http:\/\/ruuby.ee\/#organization\"},\"alternateName\":\"Ruuby Disain\",\"potentialAction\":[{\"@type\":\"SearchAction\",\"target\":{\"@type\":\"EntryPoint\",\"urlTemplate\":\"http:\/\/ruuby.ee\/?s={search_term_string}\"},\"query-input\":{\"@type\":\"PropertyValueSpecification\",\"valueRequired\":true,\"valueName\":\"search_term_string\"}}],\"inLanguage\":\"en-GB\"},{\"@type\":\"Organization\",\"@id\":\"http:\/\/ruuby.ee\/#organization\",\"name\":\"Ruuby Disain O\u00dc\",\"alternateName\":\"Ruuby\",\"url\":\"http:\/\/ruuby.ee\/\",\"logo\":{\"@type\":\"ImageObject\",\"inLanguage\":\"en-GB\",\"@id\":\"http:\/\/ruuby.ee\/#\/schema\/logo\/image\/\",\"url\":\"https:\/\/ruuby.ee\/wp-content\/uploads\/2023\/06\/cropped-Black-White-Elegant-Circle-Signature-Fashion-Logo-12_large.png\",\"contentUrl\":\"https:\/\/ruuby.ee\/wp-content\/uploads\/2023\/06\/cropped-Black-White-Elegant-Circle-Signature-Fashion-Logo-12_large.png\",\"width\":1280,\"height\":747,\"caption\":\"Ruuby Disain O\u00dc\"},\"image\":{\"@id\":\"http:\/\/ruuby.ee\/#\/schema\/logo\/image\/\"},\"sameAs\":[\"https:\/\/www.facebook.com\/ruubyconcept\",\"https:\/\/www.instagram.com\/ruuby_concept\/\"]}]}<\/script>\n<!-- \/ Yoast SEO plugin. -->","yoast_head_json":{"title":"OYOY LIVING Toppu, v\u00e4ike kausike - RUUBY","robots":{"index":"index","follow":"follow","max-snippet":"max-snippet:-1","max-image-preview":"max-image-preview:large","max-video-preview":"max-video-preview:-1"},"canonical":"http:\/\/ruuby.ee\/en\/pood\/kodusisustus\/soogituba\/oyoy-living-toppu-vaike-kausike\/","og_locale":"en_GB","og_type":"article","og_title":"OYOY LIVING Toppu, v\u00e4ike kausike - RUUBY","og_description":"Meie 10. aastap\u00e4eva t\u00e4histamiseks oleme loonud piiratud v\u00e4ljaande aastap\u00e4evakollektsiooni. Toppu minikauss on osa populaarsest Toppu sarjast. Toppu sari koosneb keraamilistest dekoratiivsetest kujundustest ja on \u00fcks meie populaarsemaid disaine. Toppu esitleti esmakordselt 2017. aasta kevad-suvehooaja kollektsioonis ning iseloomulikke triipe on sellest ajast edasi arendatud terveks ainulaadsete toodete sarjaks, mis on inspireeritud tolleaegsetest trendidest. Erinevalt meie varasematest [&hellip;]","og_url":"http:\/\/ruuby.ee\/en\/pood\/kodusisustus\/soogituba\/oyoy-living-toppu-vaike-kausike\/","og_site_name":"RUUBY","article_publisher":"https:\/\/www.facebook.com\/ruubyconcept","article_modified_time":"2026-04-04T22:25:16+00:00","og_image":[{"width":872,"height":1130,"url":"http:\/\/ruuby.ee\/wp-content\/uploads\/2025\/10\/Screenshot-2025-10-28-at-21.30.37.png","type":"image\/png"}],"twitter_card":"summary_large_image","twitter_misc":{"Estimated reading time":"1 minute"},"schema":{"@context":"https:\/\/schema.org","@graph":[{"@type":["WebPage","ItemPage"],"@id":"http:\/\/ruuby.ee\/pood\/kodusisustus\/soogituba\/oyoy-living-toppu-vaike-kausike\/","url":"http:\/\/ruuby.ee\/pood\/kodusisustus\/soogituba\/oyoy-living-toppu-vaike-kausike\/","name":"OYOY LIVING Toppu, v\u00e4ike kausike - RUUBY","isPartOf":{"@id":"http:\/\/ruuby.ee\/#website"},"primaryImageOfPage":{"@id":"http:\/\/ruuby.ee\/pood\/kodusisustus\/soogituba\/oyoy-living-toppu-vaike-kausike\/#primaryimage"},"image":{"@id":"http:\/\/ruuby.ee\/pood\/kodusisustus\/soogituba\/oyoy-living-toppu-vaike-kausike\/#primaryimage"},"thumbnailUrl":"https:\/\/ruuby.ee\/wp-content\/uploads\/2025\/10\/Screenshot-2025-10-28-at-21.30.37.png","datePublished":"2025-10-28T19:16:34+00:00","dateModified":"2026-04-04T22:25:16+00:00","breadcrumb":{"@id":"http:\/\/ruuby.ee\/pood\/kodusisustus\/soogituba\/oyoy-living-toppu-vaike-kausike\/#breadcrumb"},"inLanguage":"en-GB","potentialAction":[{"@type":"ReadAction","target":["http:\/\/ruuby.ee\/pood\/kodusisustus\/soogituba\/oyoy-living-toppu-vaike-kausike\/"]}]},{"@type":"ImageObject","inLanguage":"en-GB","@id":"http:\/\/ruuby.ee\/pood\/kodusisustus\/soogituba\/oyoy-living-toppu-vaike-kausike\/#primaryimage","url":"https:\/\/ruuby.ee\/wp-content\/uploads\/2025\/10\/Screenshot-2025-10-28-at-21.30.37.png","contentUrl":"https:\/\/ruuby.ee\/wp-content\/uploads\/2025\/10\/Screenshot-2025-10-28-at-21.30.37.png","width":872,"height":1130},{"@type":"BreadcrumbList","@id":"http:\/\/ruuby.ee\/pood\/kodusisustus\/soogituba\/oyoy-living-toppu-vaike-kausike\/#breadcrumb","itemListElement":[{"@type":"ListItem","position":1,"name":"Kdu","item":"http:\/\/ruuby.ee\/"},{"@type":"ListItem","position":2,"name":"Pood","item":"https:\/\/ruuby.ee\/en\/pood\/"},{"@type":"ListItem","position":3,"name":"OYOY LIVING Toppu, v\u00e4ike kausike"}]},{"@type":"WebSite","@id":"http:\/\/ruuby.ee\/#website","url":"http:\/\/ruuby.ee\/","name":"RUUBY","description":"Ruubys on \u00fchendatud elustiil ja disain","publisher":{"@id":"http:\/\/ruuby.ee\/#organization"},"alternateName":"Ruuby Disain","potentialAction":[{"@type":"SearchAction","target":{"@type":"EntryPoint","urlTemplate":"http:\/\/ruuby.ee\/?s={search_term_string}"},"query-input":{"@type":"PropertyValueSpecification","valueRequired":true,"valueName":"search_term_string"}}],"inLanguage":"en-GB"},{"@type":"Organization","@id":"http:\/\/ruuby.ee\/#organization","name":"Ruuby Disain O\u00dc","alternateName":"Ruuby","url":"http:\/\/ruuby.ee\/","logo":{"@type":"ImageObject","inLanguage":"en-GB","@id":"http:\/\/ruuby.ee\/#\/schema\/logo\/image\/","url":"https:\/\/ruuby.ee\/wp-content\/uploads\/2023\/06\/cropped-Black-White-Elegant-Circle-Signature-Fashion-Logo-12_large.png","contentUrl":"https:\/\/ruuby.ee\/wp-content\/uploads\/2023\/06\/cropped-Black-White-Elegant-Circle-Signature-Fashion-Logo-12_large.png","width":1280,"height":747,"caption":"Ruuby Disain O\u00dc"},"image":{"@id":"http:\/\/ruuby.ee\/#\/schema\/logo\/image\/"},"sameAs":["https:\/\/www.facebook.com\/ruubyconcept","https:\/\/www.instagram.com\/ruuby_concept\/"]}]}},"jetpack_sharing_enabled":true,"_links":{"self":[{"href":"https:\/\/ruuby.ee\/en\/wp-json\/wp\/v2\/product\/1857024","targetHints":{"allow":["GET"]}}],"collection":[{"href":"https:\/\/ruuby.ee\/en\/wp-json\/wp\/v2\/product"}],"about":[{"href":"https:\/\/ruuby.ee\/en\/wp-json\/wp\/v2\/types\/product"}],"replies":[{"embeddable":true,"href":"https:\/\/ruuby.ee\/en\/wp-json\/wp\/v2\/comments?post=1857024"}],"wp:featuredmedia":[{"embeddable":true,"href":"https:\/\/ruuby.ee\/en\/wp-json\/wp\/v2\/media\/1857038"}],"wp:attachment":[{"href":"https:\/\/ruuby.ee\/en\/wp-json\/wp\/v2\/media?parent=1857024"}],"wp:term":[{"taxonomy":"product_brand","embeddable":true,"href":"https:\/\/ruuby.ee\/en\/wp-json\/wp\/v2\/product_brand?post=1857024"},{"taxonomy":"product_cat","embeddable":true,"href":"https:\/\/ruuby.ee\/en\/wp-json\/wp\/v2\/product_cat?post=1857024"},{"taxonomy":"product_tag","embeddable":true,"href":"https:\/\/ruuby.ee\/en\/wp-json\/wp\/v2\/product_tag?post=1857024"}],"curies":[{"name":"wp","href":"https:\/\/api.w.org\/{rel}","templated":true}]}}