{"id":1857021,"date":"2025-10-28T21:16:23","date_gmt":"2025-10-28T19:16:23","guid":{"rendered":"https:\/\/ruuby.ee\/pood\/maaratlemata\/oyoy-living-rainbow-trivet-kuumaalus-rose\/"},"modified":"2026-04-05T01:25:16","modified_gmt":"2026-04-04T22:25:16","slug":"oyoy-living-rainbow-trivet-kuumaalus-rose","status":"publish","type":"product","link":"https:\/\/ruuby.ee\/en\/pood\/kodusisustus\/soogituba\/oyoy-living-rainbow-trivet-kuumaalus-rose\/","title":{"rendered":"OYOY LIVING  Rainbow Trivet, kuumaalus, Rose"},"content":{"rendered":"<p>See kuumaalus kujutab vikerkaart ja sobib OYOY Living Designi vikerkaaresarjaga.<\/p>\n<p>Kui vajate kuumaalust, mida te ei soovi k\u00f6\u00f6gisahtlis hoida, siis on see ideaalne. Praktiline ja dekoratiivne kuumaalus, mis valmistatud 100% silikoonist. Puhastamiseks on soovitatav p\u00fchkida niiske lapiga.<\/p>\n<p>V\u00e4rv: Rose.<\/p>\n<p>Materjal: 100% silikoon.<\/p>\n<p>M\u00f5\u00f5dud: K 1,2 x P 15 x L 15 cm<\/p>\n<p>&nbsp;<\/p>\n<p><strong>OYOY Living Design<\/strong> on uhkelt Taanis loodud oskuslike disainerite poolt, ammutades inspiratsiooni kallitest m\u00e4lestustest ja rikkalikest Taani traditsioonidest. Iga ese peegeldab Skandinaavia lihtsuse olemust, pakkudes samas kodu soojust. OYOY kodu \u00f5hkkonnas \u00fchendavad meie disainid ajatu elegantsi moodsa funktsionaalsusega, luues kauneid ja l\u00e4bim\u00f5eldud esemeid igap\u00e4evaseks eluks.<\/p>","protected":false},"excerpt":{"rendered":"<p>See kuumaalus kujutab vikerkaart ja sobib OYOY Living Designi vikerkaaresarjaga. Kui vajate kuumaalust, mida te ei soovi k\u00f6\u00f6gisahtlis hoida, siis on see ideaalne. Praktiline ja dekoratiivne kuumaalus, mis valmistatud 100% silikoonist. Puhastamiseks on soovitatav p\u00fchkida niiske lapiga. V\u00e4rv: Rose. Materjal: 100% silikoon. M\u00f5\u00f5dud: K 1,2 x P 15 x L 15 cm &nbsp; OYOY Living [&hellip;]<\/p>\n","protected":false},"featured_media":1857031,"comment_status":"open","ping_status":"closed","template":"","meta":[],"product_brand":[],"product_cat":[42,60],"product_tag":[1136,1135],"class_list":{"0":"post-1857021","1":"product","2":"type-product","3":"status-publish","4":"has-post-thumbnail","6":"product_cat-kodusisustus","7":"product_cat-soogituba","8":"product_tag-kuumaalus","9":"product_tag-oyoy","11":"first","12":"instock","13":"taxable","14":"shipping-taxable","15":"purchasable","16":"product-type-simple"},"yoast_head":"<!-- This site is optimized with the Yoast SEO plugin v27.2 - https:\/\/yoast.com\/product\/yoast-seo-wordpress\/ -->\n<title>OYOY LIVING Rainbow Trivet, kuumaalus, Rose - RUUBY<\/title>\n<meta name=\"robots\" content=\"index, follow, max-snippet:-1, max-image-preview:large, max-video-preview:-1\" \/>\n<link rel=\"canonical\" href=\"https:\/\/ruuby.ee\/en\/pood\/kodusisustus\/soogituba\/oyoy-living-rainbow-trivet-kuumaalus-rose\/\" \/>\n<meta property=\"og:locale\" content=\"en_GB\" \/>\n<meta property=\"og:type\" content=\"article\" \/>\n<meta property=\"og:title\" content=\"OYOY LIVING Rainbow Trivet, kuumaalus, Rose - RUUBY\" \/>\n<meta property=\"og:description\" content=\"See kuumaalus kujutab vikerkaart ja sobib OYOY Living Designi vikerkaaresarjaga. Kui vajate kuumaalust, mida te ei soovi k\u00f6\u00f6gisahtlis hoida, siis on see ideaalne. Praktiline ja dekoratiivne kuumaalus, mis valmistatud 100% silikoonist. Puhastamiseks on soovitatav p\u00fchkida niiske lapiga. V\u00e4rv: Rose. Materjal: 100% silikoon. M\u00f5\u00f5dud: K 1,2 x P 15 x L 15 cm &nbsp; OYOY Living [&hellip;]\" \/>\n<meta property=\"og:url\" content=\"https:\/\/ruuby.ee\/en\/pood\/kodusisustus\/soogituba\/oyoy-living-rainbow-trivet-kuumaalus-rose\/\" \/>\n<meta property=\"og:site_name\" content=\"RUUBY\" \/>\n<meta property=\"article:publisher\" content=\"https:\/\/www.facebook.com\/ruubyconcept\" \/>\n<meta property=\"article:modified_time\" content=\"2026-04-04T22:25:16+00:00\" \/>\n<meta property=\"og:image\" content=\"https:\/\/ruuby.ee\/wp-content\/uploads\/2025\/10\/Screenshot-2025-10-28-at-21.23.35.png\" \/>\n\t<meta property=\"og:image:width\" content=\"784\" \/>\n\t<meta property=\"og:image:height\" content=\"814\" \/>\n\t<meta property=\"og:image:type\" content=\"image\/png\" \/>\n<meta name=\"twitter:card\" content=\"summary_large_image\" \/>\n<meta name=\"twitter:label1\" content=\"Estimated reading time\" \/>\n\t<meta name=\"twitter:data1\" content=\"1 minute\" \/>\n<script type=\"application\/ld+json\" class=\"yoast-schema-graph\">{\"@context\":\"https:\/\/schema.org\",\"@graph\":[{\"@type\":[\"WebPage\",\"ItemPage\"],\"@id\":\"https:\/\/ruuby.ee\/en\/pood\/kodusisustus\/soogituba\/oyoy-living-rainbow-trivet-kuumaalus-rose\/\",\"url\":\"https:\/\/ruuby.ee\/en\/pood\/kodusisustus\/soogituba\/oyoy-living-rainbow-trivet-kuumaalus-rose\/\",\"name\":\"OYOY LIVING Rainbow Trivet, kuumaalus, Rose - RUUBY\",\"isPartOf\":{\"@id\":\"http:\/\/ruuby.ee\/#website\"},\"primaryImageOfPage\":{\"@id\":\"https:\/\/ruuby.ee\/en\/pood\/kodusisustus\/soogituba\/oyoy-living-rainbow-trivet-kuumaalus-rose\/#primaryimage\"},\"image\":{\"@id\":\"https:\/\/ruuby.ee\/en\/pood\/kodusisustus\/soogituba\/oyoy-living-rainbow-trivet-kuumaalus-rose\/#primaryimage\"},\"thumbnailUrl\":\"https:\/\/ruuby.ee\/wp-content\/uploads\/2025\/10\/Screenshot-2025-10-28-at-21.23.35.png\",\"datePublished\":\"2025-10-28T19:16:23+00:00\",\"dateModified\":\"2026-04-04T22:25:16+00:00\",\"breadcrumb\":{\"@id\":\"https:\/\/ruuby.ee\/en\/pood\/kodusisustus\/soogituba\/oyoy-living-rainbow-trivet-kuumaalus-rose\/#breadcrumb\"},\"inLanguage\":\"en-GB\",\"potentialAction\":[{\"@type\":\"ReadAction\",\"target\":[\"https:\/\/ruuby.ee\/en\/pood\/kodusisustus\/soogituba\/oyoy-living-rainbow-trivet-kuumaalus-rose\/\"]}]},{\"@type\":\"ImageObject\",\"inLanguage\":\"en-GB\",\"@id\":\"https:\/\/ruuby.ee\/en\/pood\/kodusisustus\/soogituba\/oyoy-living-rainbow-trivet-kuumaalus-rose\/#primaryimage\",\"url\":\"https:\/\/ruuby.ee\/wp-content\/uploads\/2025\/10\/Screenshot-2025-10-28-at-21.23.35.png\",\"contentUrl\":\"https:\/\/ruuby.ee\/wp-content\/uploads\/2025\/10\/Screenshot-2025-10-28-at-21.23.35.png\",\"width\":784,\"height\":814},{\"@type\":\"BreadcrumbList\",\"@id\":\"https:\/\/ruuby.ee\/en\/pood\/kodusisustus\/soogituba\/oyoy-living-rainbow-trivet-kuumaalus-rose\/#breadcrumb\",\"itemListElement\":[{\"@type\":\"ListItem\",\"position\":1,\"name\":\"Kdu\",\"item\":\"http:\/\/ruuby.ee\/\"},{\"@type\":\"ListItem\",\"position\":2,\"name\":\"Pood\",\"item\":\"https:\/\/ruuby.ee\/en\/pood\/\"},{\"@type\":\"ListItem\",\"position\":3,\"name\":\"OYOY LIVING Rainbow Trivet, kuumaalus, Rose\"}]},{\"@type\":\"WebSite\",\"@id\":\"http:\/\/ruuby.ee\/#website\",\"url\":\"http:\/\/ruuby.ee\/\",\"name\":\"RUUBY\",\"description\":\"Ruubys on \u00fchendatud elustiil ja disain\",\"publisher\":{\"@id\":\"http:\/\/ruuby.ee\/#organization\"},\"alternateName\":\"Ruuby Disain\",\"potentialAction\":[{\"@type\":\"SearchAction\",\"target\":{\"@type\":\"EntryPoint\",\"urlTemplate\":\"http:\/\/ruuby.ee\/?s={search_term_string}\"},\"query-input\":{\"@type\":\"PropertyValueSpecification\",\"valueRequired\":true,\"valueName\":\"search_term_string\"}}],\"inLanguage\":\"en-GB\"},{\"@type\":\"Organization\",\"@id\":\"http:\/\/ruuby.ee\/#organization\",\"name\":\"Ruuby Disain O\u00dc\",\"alternateName\":\"Ruuby\",\"url\":\"http:\/\/ruuby.ee\/\",\"logo\":{\"@type\":\"ImageObject\",\"inLanguage\":\"en-GB\",\"@id\":\"http:\/\/ruuby.ee\/#\/schema\/logo\/image\/\",\"url\":\"https:\/\/ruuby.ee\/wp-content\/uploads\/2023\/06\/cropped-Black-White-Elegant-Circle-Signature-Fashion-Logo-12_large.png\",\"contentUrl\":\"https:\/\/ruuby.ee\/wp-content\/uploads\/2023\/06\/cropped-Black-White-Elegant-Circle-Signature-Fashion-Logo-12_large.png\",\"width\":1280,\"height\":747,\"caption\":\"Ruuby Disain O\u00dc\"},\"image\":{\"@id\":\"http:\/\/ruuby.ee\/#\/schema\/logo\/image\/\"},\"sameAs\":[\"https:\/\/www.facebook.com\/ruubyconcept\",\"https:\/\/www.instagram.com\/ruuby_concept\/\"]}]}<\/script>\n<!-- \/ Yoast SEO plugin. -->","yoast_head_json":{"title":"OYOY LIVING Rainbow Trivet, kuumaalus, Rose - RUUBY","robots":{"index":"index","follow":"follow","max-snippet":"max-snippet:-1","max-image-preview":"max-image-preview:large","max-video-preview":"max-video-preview:-1"},"canonical":"https:\/\/ruuby.ee\/en\/pood\/kodusisustus\/soogituba\/oyoy-living-rainbow-trivet-kuumaalus-rose\/","og_locale":"en_GB","og_type":"article","og_title":"OYOY LIVING Rainbow Trivet, kuumaalus, Rose - RUUBY","og_description":"See kuumaalus kujutab vikerkaart ja sobib OYOY Living Designi vikerkaaresarjaga. Kui vajate kuumaalust, mida te ei soovi k\u00f6\u00f6gisahtlis hoida, siis on see ideaalne. Praktiline ja dekoratiivne kuumaalus, mis valmistatud 100% silikoonist. Puhastamiseks on soovitatav p\u00fchkida niiske lapiga. V\u00e4rv: Rose. Materjal: 100% silikoon. M\u00f5\u00f5dud: K 1,2 x P 15 x L 15 cm &nbsp; OYOY Living [&hellip;]","og_url":"https:\/\/ruuby.ee\/en\/pood\/kodusisustus\/soogituba\/oyoy-living-rainbow-trivet-kuumaalus-rose\/","og_site_name":"RUUBY","article_publisher":"https:\/\/www.facebook.com\/ruubyconcept","article_modified_time":"2026-04-04T22:25:16+00:00","og_image":[{"width":784,"height":814,"url":"https:\/\/ruuby.ee\/wp-content\/uploads\/2025\/10\/Screenshot-2025-10-28-at-21.23.35.png","type":"image\/png"}],"twitter_card":"summary_large_image","twitter_misc":{"Estimated reading time":"1 minute"},"schema":{"@context":"https:\/\/schema.org","@graph":[{"@type":["WebPage","ItemPage"],"@id":"https:\/\/ruuby.ee\/en\/pood\/kodusisustus\/soogituba\/oyoy-living-rainbow-trivet-kuumaalus-rose\/","url":"https:\/\/ruuby.ee\/en\/pood\/kodusisustus\/soogituba\/oyoy-living-rainbow-trivet-kuumaalus-rose\/","name":"OYOY LIVING Rainbow Trivet, kuumaalus, Rose - RUUBY","isPartOf":{"@id":"http:\/\/ruuby.ee\/#website"},"primaryImageOfPage":{"@id":"https:\/\/ruuby.ee\/en\/pood\/kodusisustus\/soogituba\/oyoy-living-rainbow-trivet-kuumaalus-rose\/#primaryimage"},"image":{"@id":"https:\/\/ruuby.ee\/en\/pood\/kodusisustus\/soogituba\/oyoy-living-rainbow-trivet-kuumaalus-rose\/#primaryimage"},"thumbnailUrl":"https:\/\/ruuby.ee\/wp-content\/uploads\/2025\/10\/Screenshot-2025-10-28-at-21.23.35.png","datePublished":"2025-10-28T19:16:23+00:00","dateModified":"2026-04-04T22:25:16+00:00","breadcrumb":{"@id":"https:\/\/ruuby.ee\/en\/pood\/kodusisustus\/soogituba\/oyoy-living-rainbow-trivet-kuumaalus-rose\/#breadcrumb"},"inLanguage":"en-GB","potentialAction":[{"@type":"ReadAction","target":["https:\/\/ruuby.ee\/en\/pood\/kodusisustus\/soogituba\/oyoy-living-rainbow-trivet-kuumaalus-rose\/"]}]},{"@type":"ImageObject","inLanguage":"en-GB","@id":"https:\/\/ruuby.ee\/en\/pood\/kodusisustus\/soogituba\/oyoy-living-rainbow-trivet-kuumaalus-rose\/#primaryimage","url":"https:\/\/ruuby.ee\/wp-content\/uploads\/2025\/10\/Screenshot-2025-10-28-at-21.23.35.png","contentUrl":"https:\/\/ruuby.ee\/wp-content\/uploads\/2025\/10\/Screenshot-2025-10-28-at-21.23.35.png","width":784,"height":814},{"@type":"BreadcrumbList","@id":"https:\/\/ruuby.ee\/en\/pood\/kodusisustus\/soogituba\/oyoy-living-rainbow-trivet-kuumaalus-rose\/#breadcrumb","itemListElement":[{"@type":"ListItem","position":1,"name":"Kdu","item":"http:\/\/ruuby.ee\/"},{"@type":"ListItem","position":2,"name":"Pood","item":"https:\/\/ruuby.ee\/en\/pood\/"},{"@type":"ListItem","position":3,"name":"OYOY LIVING Rainbow Trivet, kuumaalus, Rose"}]},{"@type":"WebSite","@id":"http:\/\/ruuby.ee\/#website","url":"http:\/\/ruuby.ee\/","name":"RUUBY","description":"Ruubys on \u00fchendatud elustiil ja disain","publisher":{"@id":"http:\/\/ruuby.ee\/#organization"},"alternateName":"Ruuby Disain","potentialAction":[{"@type":"SearchAction","target":{"@type":"EntryPoint","urlTemplate":"http:\/\/ruuby.ee\/?s={search_term_string}"},"query-input":{"@type":"PropertyValueSpecification","valueRequired":true,"valueName":"search_term_string"}}],"inLanguage":"en-GB"},{"@type":"Organization","@id":"http:\/\/ruuby.ee\/#organization","name":"Ruuby Disain O\u00dc","alternateName":"Ruuby","url":"http:\/\/ruuby.ee\/","logo":{"@type":"ImageObject","inLanguage":"en-GB","@id":"http:\/\/ruuby.ee\/#\/schema\/logo\/image\/","url":"https:\/\/ruuby.ee\/wp-content\/uploads\/2023\/06\/cropped-Black-White-Elegant-Circle-Signature-Fashion-Logo-12_large.png","contentUrl":"https:\/\/ruuby.ee\/wp-content\/uploads\/2023\/06\/cropped-Black-White-Elegant-Circle-Signature-Fashion-Logo-12_large.png","width":1280,"height":747,"caption":"Ruuby Disain O\u00dc"},"image":{"@id":"http:\/\/ruuby.ee\/#\/schema\/logo\/image\/"},"sameAs":["https:\/\/www.facebook.com\/ruubyconcept","https:\/\/www.instagram.com\/ruuby_concept\/"]}]}},"jetpack_sharing_enabled":true,"_links":{"self":[{"href":"https:\/\/ruuby.ee\/en\/wp-json\/wp\/v2\/product\/1857021","targetHints":{"allow":["GET"]}}],"collection":[{"href":"https:\/\/ruuby.ee\/en\/wp-json\/wp\/v2\/product"}],"about":[{"href":"https:\/\/ruuby.ee\/en\/wp-json\/wp\/v2\/types\/product"}],"replies":[{"embeddable":true,"href":"https:\/\/ruuby.ee\/en\/wp-json\/wp\/v2\/comments?post=1857021"}],"wp:featuredmedia":[{"embeddable":true,"href":"https:\/\/ruuby.ee\/en\/wp-json\/wp\/v2\/media\/1857031"}],"wp:attachment":[{"href":"https:\/\/ruuby.ee\/en\/wp-json\/wp\/v2\/media?parent=1857021"}],"wp:term":[{"taxonomy":"product_brand","embeddable":true,"href":"https:\/\/ruuby.ee\/en\/wp-json\/wp\/v2\/product_brand?post=1857021"},{"taxonomy":"product_cat","embeddable":true,"href":"https:\/\/ruuby.ee\/en\/wp-json\/wp\/v2\/product_cat?post=1857021"},{"taxonomy":"product_tag","embeddable":true,"href":"https:\/\/ruuby.ee\/en\/wp-json\/wp\/v2\/product_tag?post=1857021"}],"curies":[{"name":"wp","href":"https:\/\/api.w.org\/{rel}","templated":true}]}}