{"id":1856628,"date":"2025-10-15T16:38:11","date_gmt":"2025-10-15T13:38:11","guid":{"rendered":"https:\/\/ruuby.ee\/pood\/maaratlemata\/poule-party-pontso-kaki-taiskasvanud\/"},"modified":"2026-04-06T01:26:19","modified_gmt":"2026-04-05T22:26:19","slug":"poule-party-pontso-kaki-taiskasvanud","status":"publish","type":"product","link":"https:\/\/ruuby.ee\/en\/pood\/roivakaubad\/poule-party-pontso-kaki-taiskasvanud\/","title":{"rendered":"Poule Party Pont\u0161o, KAKI, t\u00e4iskasvanud"},"content":{"rendered":"<p>\ud83d\udca7 Laitmatu veekindlus: Peab vastu 10 000 mm veele, paduvihmale, pole hullu!<\/p>\n<p>\ud83d\udca8 Tuulekindel: \u00dckski tuuleiil ei aja teie juukseid sassi.<\/p>\n<p>\u00dclipraktiline: T\u00e4nu l\u00fchikesele l\u00f5ikele on seda veelgi lihtsam p\u00e4he panna ja \u00e4ra pakkida.<\/p>\n<p>Takjapaelaga kapuuts: Enam ei kuku kapuuts silmadele! J\u00e4\u00e4 stiilseks ja valmis vihmaga silmitsi seisma ilma igasuguse vaevata.<\/p>\n<p>Kuumtihendatud \u00f5mblused ja hingavad aasad: Kuiv, kuid hingav \u2013 ideaalne kombinatsioon l\u00fchikese pont\u0161o jaoks.<\/p>\n<p>Nutikas voltimine: Muundub kompaktseks kotiks, mida on veelgi lihtsam kotti pista.<\/p>\n<p>\ud83d\udccf \u00dcks suurus sobib k\u00f5igile t\u00e4iskasvanutele: Sobib pikkusele 1,55\u20131,82 m, pont\u0161o, mis kohandub igale kehakujule.<\/p>\n<p>Kas olete valmis vihma trotsima trendika l\u00fchikese v\u00e4limusega? \ud83d\udca6\ud83d\ude0a<\/p>","protected":false},"excerpt":{"rendered":"<p>\ud83c\udf27 100% taaskasutatud ja 100% l\u00f5bus: see stiilne pont\u0161o kaitseb sind igal juhul \u2013 olgu siis linnas, jalgrattal, m\u00e4gedes matkates v\u00f5i isegi merel!<\/p>","protected":false},"featured_media":1856649,"comment_status":"open","ping_status":"closed","template":"","meta":[],"product_brand":[],"product_cat":[24,627],"product_tag":[87],"class_list":{"0":"post-1856628","1":"product","2":"type-product","3":"status-publish","4":"has-post-thumbnail","6":"product_cat-roivakaubad","7":"product_cat-vihmakeebid","8":"product_tag-vihmakeep","10":"first","11":"outofstock","12":"taxable","13":"shipping-taxable","14":"purchasable","15":"product-type-simple"},"yoast_head":"<!-- This site is optimized with the Yoast SEO plugin v27.2 - https:\/\/yoast.com\/product\/yoast-seo-wordpress\/ -->\n<title>Poule Party Pont\u0161o, KAKI, t\u00e4iskasvanud - RUUBY<\/title>\n<meta name=\"robots\" content=\"index, follow, max-snippet:-1, max-image-preview:large, max-video-preview:-1\" \/>\n<link rel=\"canonical\" href=\"http:\/\/ruuby.ee\/en\/pood\/roivakaubad\/poule-party-pontso-kaki-taiskasvanud\/\" \/>\n<meta property=\"og:locale\" content=\"en_GB\" \/>\n<meta property=\"og:type\" content=\"article\" \/>\n<meta property=\"og:title\" content=\"Poule Party Pont\u0161o, KAKI, t\u00e4iskasvanud - RUUBY\" \/>\n<meta property=\"og:description\" content=\"\ud83c\udf27 100% taaskasutatud ja 100% l\u00f5bus: see stiilne pont\u0161o kaitseb sind igal juhul \u2013 olgu siis linnas, jalgrattal, m\u00e4gedes matkates v\u00f5i isegi merel!\" \/>\n<meta property=\"og:url\" content=\"http:\/\/ruuby.ee\/en\/pood\/roivakaubad\/poule-party-pontso-kaki-taiskasvanud\/\" \/>\n<meta property=\"og:site_name\" content=\"RUUBY\" \/>\n<meta property=\"article:publisher\" content=\"https:\/\/www.facebook.com\/ruubyconcept\" \/>\n<meta property=\"article:modified_time\" content=\"2026-04-05T22:26:19+00:00\" \/>\n<meta property=\"og:image\" content=\"http:\/\/ruuby.ee\/wp-content\/uploads\/2025\/10\/Screenshot-2025-10-15-at-16.56.02.png\" \/>\n\t<meta property=\"og:image:width\" content=\"1010\" \/>\n\t<meta property=\"og:image:height\" content=\"1136\" \/>\n\t<meta property=\"og:image:type\" content=\"image\/png\" \/>\n<meta name=\"twitter:card\" content=\"summary_large_image\" \/>\n<meta name=\"twitter:label1\" content=\"Estimated reading time\" \/>\n\t<meta name=\"twitter:data1\" content=\"1 minute\" \/>\n<script type=\"application\/ld+json\" class=\"yoast-schema-graph\">{\"@context\":\"https:\/\/schema.org\",\"@graph\":[{\"@type\":[\"WebPage\",\"ItemPage\"],\"@id\":\"http:\/\/ruuby.ee\/pood\/roivakaubad\/poule-party-pontso-kaki-taiskasvanud\/\",\"url\":\"http:\/\/ruuby.ee\/pood\/roivakaubad\/poule-party-pontso-kaki-taiskasvanud\/\",\"name\":\"Poule Party Pont\u0161o, KAKI, t\u00e4iskasvanud - RUUBY\",\"isPartOf\":{\"@id\":\"http:\/\/ruuby.ee\/#website\"},\"primaryImageOfPage\":{\"@id\":\"http:\/\/ruuby.ee\/pood\/roivakaubad\/poule-party-pontso-kaki-taiskasvanud\/#primaryimage\"},\"image\":{\"@id\":\"http:\/\/ruuby.ee\/pood\/roivakaubad\/poule-party-pontso-kaki-taiskasvanud\/#primaryimage\"},\"thumbnailUrl\":\"https:\/\/ruuby.ee\/wp-content\/uploads\/2025\/10\/Screenshot-2025-10-15-at-16.56.02.png\",\"datePublished\":\"2025-10-15T13:38:11+00:00\",\"dateModified\":\"2026-04-05T22:26:19+00:00\",\"breadcrumb\":{\"@id\":\"http:\/\/ruuby.ee\/pood\/roivakaubad\/poule-party-pontso-kaki-taiskasvanud\/#breadcrumb\"},\"inLanguage\":\"en-GB\",\"potentialAction\":[{\"@type\":\"ReadAction\",\"target\":[\"http:\/\/ruuby.ee\/pood\/roivakaubad\/poule-party-pontso-kaki-taiskasvanud\/\"]}]},{\"@type\":\"ImageObject\",\"inLanguage\":\"en-GB\",\"@id\":\"http:\/\/ruuby.ee\/pood\/roivakaubad\/poule-party-pontso-kaki-taiskasvanud\/#primaryimage\",\"url\":\"https:\/\/ruuby.ee\/wp-content\/uploads\/2025\/10\/Screenshot-2025-10-15-at-16.56.02.png\",\"contentUrl\":\"https:\/\/ruuby.ee\/wp-content\/uploads\/2025\/10\/Screenshot-2025-10-15-at-16.56.02.png\",\"width\":1010,\"height\":1136},{\"@type\":\"BreadcrumbList\",\"@id\":\"http:\/\/ruuby.ee\/pood\/roivakaubad\/poule-party-pontso-kaki-taiskasvanud\/#breadcrumb\",\"itemListElement\":[{\"@type\":\"ListItem\",\"position\":1,\"name\":\"Kdu\",\"item\":\"http:\/\/ruuby.ee\/\"},{\"@type\":\"ListItem\",\"position\":2,\"name\":\"Pood\",\"item\":\"https:\/\/ruuby.ee\/en\/pood\/\"},{\"@type\":\"ListItem\",\"position\":3,\"name\":\"Poule Party Pont\u0161o, KAKI, t\u00e4iskasvanud\"}]},{\"@type\":\"WebSite\",\"@id\":\"http:\/\/ruuby.ee\/#website\",\"url\":\"http:\/\/ruuby.ee\/\",\"name\":\"RUUBY\",\"description\":\"Ruubys on \u00fchendatud elustiil ja disain\",\"publisher\":{\"@id\":\"http:\/\/ruuby.ee\/#organization\"},\"alternateName\":\"Ruuby Disain\",\"potentialAction\":[{\"@type\":\"SearchAction\",\"target\":{\"@type\":\"EntryPoint\",\"urlTemplate\":\"http:\/\/ruuby.ee\/?s={search_term_string}\"},\"query-input\":{\"@type\":\"PropertyValueSpecification\",\"valueRequired\":true,\"valueName\":\"search_term_string\"}}],\"inLanguage\":\"en-GB\"},{\"@type\":\"Organization\",\"@id\":\"http:\/\/ruuby.ee\/#organization\",\"name\":\"Ruuby Disain O\u00dc\",\"alternateName\":\"Ruuby\",\"url\":\"http:\/\/ruuby.ee\/\",\"logo\":{\"@type\":\"ImageObject\",\"inLanguage\":\"en-GB\",\"@id\":\"http:\/\/ruuby.ee\/#\/schema\/logo\/image\/\",\"url\":\"https:\/\/ruuby.ee\/wp-content\/uploads\/2023\/06\/cropped-Black-White-Elegant-Circle-Signature-Fashion-Logo-12_large.png\",\"contentUrl\":\"https:\/\/ruuby.ee\/wp-content\/uploads\/2023\/06\/cropped-Black-White-Elegant-Circle-Signature-Fashion-Logo-12_large.png\",\"width\":1280,\"height\":747,\"caption\":\"Ruuby Disain O\u00dc\"},\"image\":{\"@id\":\"http:\/\/ruuby.ee\/#\/schema\/logo\/image\/\"},\"sameAs\":[\"https:\/\/www.facebook.com\/ruubyconcept\",\"https:\/\/www.instagram.com\/ruuby_concept\/\"]}]}<\/script>\n<!-- \/ Yoast SEO plugin. -->","yoast_head_json":{"title":"Poule Party Pont\u0161o, KAKI, t\u00e4iskasvanud - RUUBY","robots":{"index":"index","follow":"follow","max-snippet":"max-snippet:-1","max-image-preview":"max-image-preview:large","max-video-preview":"max-video-preview:-1"},"canonical":"http:\/\/ruuby.ee\/en\/pood\/roivakaubad\/poule-party-pontso-kaki-taiskasvanud\/","og_locale":"en_GB","og_type":"article","og_title":"Poule Party Pont\u0161o, KAKI, t\u00e4iskasvanud - RUUBY","og_description":"\ud83c\udf27 100% taaskasutatud ja 100% l\u00f5bus: see stiilne pont\u0161o kaitseb sind igal juhul \u2013 olgu siis linnas, jalgrattal, m\u00e4gedes matkates v\u00f5i isegi merel!","og_url":"http:\/\/ruuby.ee\/en\/pood\/roivakaubad\/poule-party-pontso-kaki-taiskasvanud\/","og_site_name":"RUUBY","article_publisher":"https:\/\/www.facebook.com\/ruubyconcept","article_modified_time":"2026-04-05T22:26:19+00:00","og_image":[{"width":1010,"height":1136,"url":"http:\/\/ruuby.ee\/wp-content\/uploads\/2025\/10\/Screenshot-2025-10-15-at-16.56.02.png","type":"image\/png"}],"twitter_card":"summary_large_image","twitter_misc":{"Estimated reading time":"1 minute"},"schema":{"@context":"https:\/\/schema.org","@graph":[{"@type":["WebPage","ItemPage"],"@id":"http:\/\/ruuby.ee\/pood\/roivakaubad\/poule-party-pontso-kaki-taiskasvanud\/","url":"http:\/\/ruuby.ee\/pood\/roivakaubad\/poule-party-pontso-kaki-taiskasvanud\/","name":"Poule Party Pont\u0161o, KAKI, t\u00e4iskasvanud - RUUBY","isPartOf":{"@id":"http:\/\/ruuby.ee\/#website"},"primaryImageOfPage":{"@id":"http:\/\/ruuby.ee\/pood\/roivakaubad\/poule-party-pontso-kaki-taiskasvanud\/#primaryimage"},"image":{"@id":"http:\/\/ruuby.ee\/pood\/roivakaubad\/poule-party-pontso-kaki-taiskasvanud\/#primaryimage"},"thumbnailUrl":"https:\/\/ruuby.ee\/wp-content\/uploads\/2025\/10\/Screenshot-2025-10-15-at-16.56.02.png","datePublished":"2025-10-15T13:38:11+00:00","dateModified":"2026-04-05T22:26:19+00:00","breadcrumb":{"@id":"http:\/\/ruuby.ee\/pood\/roivakaubad\/poule-party-pontso-kaki-taiskasvanud\/#breadcrumb"},"inLanguage":"en-GB","potentialAction":[{"@type":"ReadAction","target":["http:\/\/ruuby.ee\/pood\/roivakaubad\/poule-party-pontso-kaki-taiskasvanud\/"]}]},{"@type":"ImageObject","inLanguage":"en-GB","@id":"http:\/\/ruuby.ee\/pood\/roivakaubad\/poule-party-pontso-kaki-taiskasvanud\/#primaryimage","url":"https:\/\/ruuby.ee\/wp-content\/uploads\/2025\/10\/Screenshot-2025-10-15-at-16.56.02.png","contentUrl":"https:\/\/ruuby.ee\/wp-content\/uploads\/2025\/10\/Screenshot-2025-10-15-at-16.56.02.png","width":1010,"height":1136},{"@type":"BreadcrumbList","@id":"http:\/\/ruuby.ee\/pood\/roivakaubad\/poule-party-pontso-kaki-taiskasvanud\/#breadcrumb","itemListElement":[{"@type":"ListItem","position":1,"name":"Kdu","item":"http:\/\/ruuby.ee\/"},{"@type":"ListItem","position":2,"name":"Pood","item":"https:\/\/ruuby.ee\/en\/pood\/"},{"@type":"ListItem","position":3,"name":"Poule Party Pont\u0161o, KAKI, t\u00e4iskasvanud"}]},{"@type":"WebSite","@id":"http:\/\/ruuby.ee\/#website","url":"http:\/\/ruuby.ee\/","name":"RUUBY","description":"Ruubys on \u00fchendatud elustiil ja disain","publisher":{"@id":"http:\/\/ruuby.ee\/#organization"},"alternateName":"Ruuby Disain","potentialAction":[{"@type":"SearchAction","target":{"@type":"EntryPoint","urlTemplate":"http:\/\/ruuby.ee\/?s={search_term_string}"},"query-input":{"@type":"PropertyValueSpecification","valueRequired":true,"valueName":"search_term_string"}}],"inLanguage":"en-GB"},{"@type":"Organization","@id":"http:\/\/ruuby.ee\/#organization","name":"Ruuby Disain O\u00dc","alternateName":"Ruuby","url":"http:\/\/ruuby.ee\/","logo":{"@type":"ImageObject","inLanguage":"en-GB","@id":"http:\/\/ruuby.ee\/#\/schema\/logo\/image\/","url":"https:\/\/ruuby.ee\/wp-content\/uploads\/2023\/06\/cropped-Black-White-Elegant-Circle-Signature-Fashion-Logo-12_large.png","contentUrl":"https:\/\/ruuby.ee\/wp-content\/uploads\/2023\/06\/cropped-Black-White-Elegant-Circle-Signature-Fashion-Logo-12_large.png","width":1280,"height":747,"caption":"Ruuby Disain O\u00dc"},"image":{"@id":"http:\/\/ruuby.ee\/#\/schema\/logo\/image\/"},"sameAs":["https:\/\/www.facebook.com\/ruubyconcept","https:\/\/www.instagram.com\/ruuby_concept\/"]}]}},"jetpack_sharing_enabled":true,"_links":{"self":[{"href":"https:\/\/ruuby.ee\/en\/wp-json\/wp\/v2\/product\/1856628","targetHints":{"allow":["GET"]}}],"collection":[{"href":"https:\/\/ruuby.ee\/en\/wp-json\/wp\/v2\/product"}],"about":[{"href":"https:\/\/ruuby.ee\/en\/wp-json\/wp\/v2\/types\/product"}],"replies":[{"embeddable":true,"href":"https:\/\/ruuby.ee\/en\/wp-json\/wp\/v2\/comments?post=1856628"}],"wp:featuredmedia":[{"embeddable":true,"href":"https:\/\/ruuby.ee\/en\/wp-json\/wp\/v2\/media\/1856649"}],"wp:attachment":[{"href":"https:\/\/ruuby.ee\/en\/wp-json\/wp\/v2\/media?parent=1856628"}],"wp:term":[{"taxonomy":"product_brand","embeddable":true,"href":"https:\/\/ruuby.ee\/en\/wp-json\/wp\/v2\/product_brand?post=1856628"},{"taxonomy":"product_cat","embeddable":true,"href":"https:\/\/ruuby.ee\/en\/wp-json\/wp\/v2\/product_cat?post=1856628"},{"taxonomy":"product_tag","embeddable":true,"href":"https:\/\/ruuby.ee\/en\/wp-json\/wp\/v2\/product_tag?post=1856628"}],"curies":[{"name":"wp","href":"https:\/\/api.w.org\/{rel}","templated":true}]}}