{"id":1856625,"date":"2025-10-15T16:38:02","date_gmt":"2025-10-15T13:38:02","guid":{"rendered":"https:\/\/ruuby.ee\/pood\/maaratlemata\/poule-party-vihmakeep-chocolate-zebra-taiskasvanud\/"},"modified":"2026-04-05T01:25:17","modified_gmt":"2026-04-04T22:25:17","slug":"poule-party-vihmakeep-chocolate-zebra-taiskasvanud","status":"publish","type":"product","link":"https:\/\/ruuby.ee\/en\/pood\/roivakaubad\/poule-party-vihmakeep-chocolate-zebra-taiskasvanud\/","title":{"rendered":"Poule Party vihmakeep, CHOCOLATE ZEBRA, t\u00e4iskasvanud"},"content":{"rendered":"<p>Kas oled v\u00e4sinud hallist ilmast ja l\u00e4bim\u00e4rjaks saamisest? See ruuduline vihmamantel toob naeratuse tagasi n\u00e4ole isegi paduvihmas! J\u00e4ta h\u00fcvasti klassikalise ja igava pont\u0161oga \u2013 siin on keep, mis teeb silmad k\u00f5ikjal, kuhu l\u00e4hed!<\/p>\n<p>\ud83c\udf27 100% taaskasutatud ja 100% l\u00f5bus: see stiilne pont\u0161o kaitseb sind igal juhul \u2013 olgu siis linnas, jalgrattal, m\u00e4gedes matkates v\u00f5i isegi merel!<\/p>\n<p>MIS TEEB SELLE PONT\u0160O VASTUPANDAMATUKS:<\/p>\n<ul>\n<li>Veekindel: talub 10 000 mm vett (see on t\u00f5sine asi!)<\/li>\n<li>Tuulekindel: \u00fckski tuuleiil ei aja su juukseid sassi.<\/li>\n<li>\u00dclipraktiline: lihtne selga panna ja sama lihtne pakkida.<\/li>\n<\/ul>\n<p>Takjapaelaga kapuuts: t\u00e4nu takjapaelaga sulgemisele j\u00e4ta h\u00fcvasti kapuutsidega, mis muudavad sind mutiks: see p\u00fcsib paigal ega vaju silmadele. J\u00e4\u00e4d soengusse s\u00e4titud, stiilseks ja valmis ilmastikuoludega silmitsi seisma ilma udus kobamata!<\/p>\n<p>Kuumutatud \u00f5mblused ja hingavad aasad: Kuiv, aga hingav \u2013 ideaalne kombinatsioon.<\/p>\n<p>Nutikas voltimine: Muundub kompaktseks taskuks, mis on kohe kotti pistatav.<\/p>\n<p>Vihmamantlid on valmistatud 100% taaskasutatud pol\u00fcestrist.<\/p>\n<p>Tootmine: Erinevalt peaaegu k\u00f5igist vihmariietest, mis tavaliselt Hiinas valmistatakse, on meie oma disainitud Bordeaux\u2019s ja toodetud kohapeal meie usaldusv\u00e4\u00e4rses t\u00f6\u00f6kojas P\u00f5hja-T\u00fcrgis. See on eetiline valik muuta keskkonnas\u00f5bralikud tooted k\u00f5igile k\u00e4ttesaadavaks.<\/p>\n<p><img fetchpriority=\"high\" decoding=\"async\" class=\"alignnone size-medium wp-image-1856008 lazy loaded\" src=\"http:\/\/ruuby.ee\/wp-content\/uploads\/2025\/10\/Screenshot-2025-10-03-at-13.58.20-298x300.png\" sizes=\"(max-width: 298px) 100vw, 298px\" srcset=\"https:\/\/ruuby.ee\/wp-content\/uploads\/2025\/10\/Screenshot-2025-10-03-at-13.58.20-298x300.png 298w, https:\/\/ruuby.ee\/wp-content\/uploads\/2025\/10\/Screenshot-2025-10-03-at-13.58.20-150x150.png 150w, https:\/\/ruuby.ee\/wp-content\/uploads\/2025\/10\/Screenshot-2025-10-03-at-13.58.20-12x12.png 12w, https:\/\/ruuby.ee\/wp-content\/uploads\/2025\/10\/Screenshot-2025-10-03-at-13.58.20-416x419.png 416w, https:\/\/ruuby.ee\/wp-content\/uploads\/2025\/10\/Screenshot-2025-10-03-at-13.58.20-100x100.png 100w, https:\/\/ruuby.ee\/wp-content\/uploads\/2025\/10\/Screenshot-2025-10-03-at-13.58.20-64x64.png 64w, https:\/\/ruuby.ee\/wp-content\/uploads\/2025\/10\/Screenshot-2025-10-03-at-13.58.20.png 604w\" alt=\"\" width=\"298\" height=\"300\" data-src=\"http:\/\/ruuby.ee\/wp-content\/uploads\/2025\/10\/Screenshot-2025-10-03-at-13.58.20-298x300.png\" data-srcset=\"https:\/\/ruuby.ee\/wp-content\/uploads\/2025\/10\/Screenshot-2025-10-03-at-13.58.20-298x300.png 298w, https:\/\/ruuby.ee\/wp-content\/uploads\/2025\/10\/Screenshot-2025-10-03-at-13.58.20-150x150.png 150w, https:\/\/ruuby.ee\/wp-content\/uploads\/2025\/10\/Screenshot-2025-10-03-at-13.58.20-12x12.png 12w, https:\/\/ruuby.ee\/wp-content\/uploads\/2025\/10\/Screenshot-2025-10-03-at-13.58.20-416x419.png 416w, https:\/\/ruuby.ee\/wp-content\/uploads\/2025\/10\/Screenshot-2025-10-03-at-13.58.20-100x100.png 100w, https:\/\/ruuby.ee\/wp-content\/uploads\/2025\/10\/Screenshot-2025-10-03-at-13.58.20-64x64.png 64w, https:\/\/ruuby.ee\/wp-content\/uploads\/2025\/10\/Screenshot-2025-10-03-at-13.58.20.png 604w\" data-sizes=\"(max-width: 298px) 100vw, 298px\" data-was-processed=\"true\" \/><img decoding=\"async\" class=\"alignnone size-medium wp-image-1856009 lazy loaded\" src=\"http:\/\/ruuby.ee\/wp-content\/uploads\/2025\/10\/Screenshot-2025-10-03-at-13.58.15-300x300.png\" sizes=\"(max-width: 300px) 100vw, 300px\" srcset=\"https:\/\/ruuby.ee\/wp-content\/uploads\/2025\/10\/Screenshot-2025-10-03-at-13.58.15-300x300.png 300w, https:\/\/ruuby.ee\/wp-content\/uploads\/2025\/10\/Screenshot-2025-10-03-at-13.58.15-150x150.png 150w, https:\/\/ruuby.ee\/wp-content\/uploads\/2025\/10\/Screenshot-2025-10-03-at-13.58.15-12x12.png 12w, https:\/\/ruuby.ee\/wp-content\/uploads\/2025\/10\/Screenshot-2025-10-03-at-13.58.15-324x324.png 324w, https:\/\/ruuby.ee\/wp-content\/uploads\/2025\/10\/Screenshot-2025-10-03-at-13.58.15-416x415.png 416w, https:\/\/ruuby.ee\/wp-content\/uploads\/2025\/10\/Screenshot-2025-10-03-at-13.58.15-100x100.png 100w, https:\/\/ruuby.ee\/wp-content\/uploads\/2025\/10\/Screenshot-2025-10-03-at-13.58.15-64x64.png 64w, https:\/\/ruuby.ee\/wp-content\/uploads\/2025\/10\/Screenshot-2025-10-03-at-13.58.15.png 614w\" alt=\"\" width=\"300\" height=\"300\" data-src=\"http:\/\/ruuby.ee\/wp-content\/uploads\/2025\/10\/Screenshot-2025-10-03-at-13.58.15-300x300.png\" data-srcset=\"https:\/\/ruuby.ee\/wp-content\/uploads\/2025\/10\/Screenshot-2025-10-03-at-13.58.15-300x300.png 300w, https:\/\/ruuby.ee\/wp-content\/uploads\/2025\/10\/Screenshot-2025-10-03-at-13.58.15-150x150.png 150w, https:\/\/ruuby.ee\/wp-content\/uploads\/2025\/10\/Screenshot-2025-10-03-at-13.58.15-12x12.png 12w, https:\/\/ruuby.ee\/wp-content\/uploads\/2025\/10\/Screenshot-2025-10-03-at-13.58.15-324x324.png 324w, https:\/\/ruuby.ee\/wp-content\/uploads\/2025\/10\/Screenshot-2025-10-03-at-13.58.15-416x415.png 416w, https:\/\/ruuby.ee\/wp-content\/uploads\/2025\/10\/Screenshot-2025-10-03-at-13.58.15-100x100.png 100w, https:\/\/ruuby.ee\/wp-content\/uploads\/2025\/10\/Screenshot-2025-10-03-at-13.58.15-64x64.png 64w, https:\/\/ruuby.ee\/wp-content\/uploads\/2025\/10\/Screenshot-2025-10-03-at-13.58.15.png 614w\" data-sizes=\"(max-width: 300px) 100vw, 300px\" data-was-processed=\"true\" \/><img decoding=\"async\" class=\"alignnone size-medium wp-image-1856010 lazy loaded\" src=\"http:\/\/ruuby.ee\/wp-content\/uploads\/2025\/10\/Screenshot-2025-10-03-at-13.58.10-300x300.png\" sizes=\"(max-width: 300px) 100vw, 300px\" srcset=\"https:\/\/ruuby.ee\/wp-content\/uploads\/2025\/10\/Screenshot-2025-10-03-at-13.58.10-300x300.png 300w, https:\/\/ruuby.ee\/wp-content\/uploads\/2025\/10\/Screenshot-2025-10-03-at-13.58.10-150x150.png 150w, https:\/\/ruuby.ee\/wp-content\/uploads\/2025\/10\/Screenshot-2025-10-03-at-13.58.10-12x12.png 12w, https:\/\/ruuby.ee\/wp-content\/uploads\/2025\/10\/Screenshot-2025-10-03-at-13.58.10-324x324.png 324w, https:\/\/ruuby.ee\/wp-content\/uploads\/2025\/10\/Screenshot-2025-10-03-at-13.58.10-416x416.png 416w, https:\/\/ruuby.ee\/wp-content\/uploads\/2025\/10\/Screenshot-2025-10-03-at-13.58.10-100x100.png 100w, https:\/\/ruuby.ee\/wp-content\/uploads\/2025\/10\/Screenshot-2025-10-03-at-13.58.10-64x64.png 64w, https:\/\/ruuby.ee\/wp-content\/uploads\/2025\/10\/Screenshot-2025-10-03-at-13.58.10.png 602w\" alt=\"\" width=\"300\" height=\"300\" data-src=\"http:\/\/ruuby.ee\/wp-content\/uploads\/2025\/10\/Screenshot-2025-10-03-at-13.58.10-300x300.png\" data-srcset=\"https:\/\/ruuby.ee\/wp-content\/uploads\/2025\/10\/Screenshot-2025-10-03-at-13.58.10-300x300.png 300w, https:\/\/ruuby.ee\/wp-content\/uploads\/2025\/10\/Screenshot-2025-10-03-at-13.58.10-150x150.png 150w, https:\/\/ruuby.ee\/wp-content\/uploads\/2025\/10\/Screenshot-2025-10-03-at-13.58.10-12x12.png 12w, https:\/\/ruuby.ee\/wp-content\/uploads\/2025\/10\/Screenshot-2025-10-03-at-13.58.10-324x324.png 324w, https:\/\/ruuby.ee\/wp-content\/uploads\/2025\/10\/Screenshot-2025-10-03-at-13.58.10-416x416.png 416w, https:\/\/ruuby.ee\/wp-content\/uploads\/2025\/10\/Screenshot-2025-10-03-at-13.58.10-100x100.png 100w, https:\/\/ruuby.ee\/wp-content\/uploads\/2025\/10\/Screenshot-2025-10-03-at-13.58.10-64x64.png 64w, https:\/\/ruuby.ee\/wp-content\/uploads\/2025\/10\/Screenshot-2025-10-03-at-13.58.10.png 602w\" data-sizes=\"(max-width: 300px) 100vw, 300px\" data-was-processed=\"true\" \/><\/p>","protected":false},"excerpt":{"rendered":"<p>Kas oled v\u00e4sinud hallist ilmast ja l\u00e4bim\u00e4rjaks saamisest? See ruuduline vihmamantel toob naeratuse tagasi n\u00e4ole isegi paduvihmas! J\u00e4ta h\u00fcvasti klassikalise ja igava pont\u0161oga \u2013 siin on keep, mis teeb silmad k\u00f5ikjal, kuhu l\u00e4hed! \ud83c\udf27 100% taaskasutatud ja 100% l\u00f5bus: see stiilne pont\u0161o kaitseb sind igal juhul \u2013 olgu siis linnas, jalgrattal, m\u00e4gedes matkates v\u00f5i isegi [&hellip;]<\/p>\n","protected":false},"featured_media":1856629,"comment_status":"open","ping_status":"closed","template":"","meta":[],"product_brand":[],"product_cat":[24,627],"product_tag":[87],"class_list":{"0":"post-1856625","1":"product","2":"type-product","3":"status-publish","4":"has-post-thumbnail","6":"product_cat-roivakaubad","7":"product_cat-vihmakeebid","8":"product_tag-vihmakeep","10":"first","11":"outofstock","12":"taxable","13":"shipping-taxable","14":"purchasable","15":"product-type-simple"},"yoast_head":"<!-- This site is optimized with the Yoast SEO plugin v27.2 - https:\/\/yoast.com\/product\/yoast-seo-wordpress\/ -->\n<title>Poule Party vihmakeep, CHOCOLATE ZEBRA, t\u00e4iskasvanud - RUUBY<\/title>\n<meta name=\"robots\" content=\"index, follow, max-snippet:-1, max-image-preview:large, max-video-preview:-1\" \/>\n<link rel=\"canonical\" href=\"https:\/\/ruuby.ee\/en\/pood\/roivakaubad\/poule-party-vihmakeep-chocolate-zebra-taiskasvanud\/\" \/>\n<meta property=\"og:locale\" content=\"en_GB\" \/>\n<meta property=\"og:type\" content=\"article\" \/>\n<meta property=\"og:title\" content=\"Poule Party vihmakeep, CHOCOLATE ZEBRA, t\u00e4iskasvanud - RUUBY\" \/>\n<meta property=\"og:description\" content=\"Kas oled v\u00e4sinud hallist ilmast ja l\u00e4bim\u00e4rjaks saamisest? See ruuduline vihmamantel toob naeratuse tagasi n\u00e4ole isegi paduvihmas! J\u00e4ta h\u00fcvasti klassikalise ja igava pont\u0161oga \u2013 siin on keep, mis teeb silmad k\u00f5ikjal, kuhu l\u00e4hed! \ud83c\udf27 100% taaskasutatud ja 100% l\u00f5bus: see stiilne pont\u0161o kaitseb sind igal juhul \u2013 olgu siis linnas, jalgrattal, m\u00e4gedes matkates v\u00f5i isegi [&hellip;]\" \/>\n<meta property=\"og:url\" content=\"https:\/\/ruuby.ee\/en\/pood\/roivakaubad\/poule-party-vihmakeep-chocolate-zebra-taiskasvanud\/\" \/>\n<meta property=\"og:site_name\" content=\"RUUBY\" \/>\n<meta property=\"article:publisher\" content=\"https:\/\/www.facebook.com\/ruubyconcept\" \/>\n<meta property=\"article:modified_time\" content=\"2026-04-04T22:25:17+00:00\" \/>\n<meta property=\"og:image\" content=\"https:\/\/ruuby.ee\/wp-content\/uploads\/2025\/10\/Screenshot-2025-10-15-at-16.41.07-694x1024.png\" \/>\n\t<meta property=\"og:image:width\" content=\"694\" \/>\n\t<meta property=\"og:image:height\" content=\"1024\" \/>\n\t<meta property=\"og:image:type\" content=\"image\/png\" \/>\n<meta name=\"twitter:card\" content=\"summary_large_image\" \/>\n<meta name=\"twitter:label1\" content=\"Estimated reading time\" \/>\n\t<meta name=\"twitter:data1\" content=\"2 minutes\" \/>\n<script type=\"application\/ld+json\" class=\"yoast-schema-graph\">{\"@context\":\"https:\/\/schema.org\",\"@graph\":[{\"@type\":[\"WebPage\",\"ItemPage\"],\"@id\":\"https:\/\/ruuby.ee\/en\/pood\/roivakaubad\/poule-party-vihmakeep-chocolate-zebra-taiskasvanud\/\",\"url\":\"https:\/\/ruuby.ee\/en\/pood\/roivakaubad\/poule-party-vihmakeep-chocolate-zebra-taiskasvanud\/\",\"name\":\"Poule Party vihmakeep, CHOCOLATE ZEBRA, t\u00e4iskasvanud - RUUBY\",\"isPartOf\":{\"@id\":\"http:\/\/ruuby.ee\/#website\"},\"primaryImageOfPage\":{\"@id\":\"https:\/\/ruuby.ee\/en\/pood\/roivakaubad\/poule-party-vihmakeep-chocolate-zebra-taiskasvanud\/#primaryimage\"},\"image\":{\"@id\":\"https:\/\/ruuby.ee\/en\/pood\/roivakaubad\/poule-party-vihmakeep-chocolate-zebra-taiskasvanud\/#primaryimage\"},\"thumbnailUrl\":\"https:\/\/ruuby.ee\/wp-content\/uploads\/2025\/10\/Screenshot-2025-10-15-at-16.41.07.png\",\"datePublished\":\"2025-10-15T13:38:02+00:00\",\"dateModified\":\"2026-04-04T22:25:17+00:00\",\"breadcrumb\":{\"@id\":\"https:\/\/ruuby.ee\/en\/pood\/roivakaubad\/poule-party-vihmakeep-chocolate-zebra-taiskasvanud\/#breadcrumb\"},\"inLanguage\":\"en-GB\",\"potentialAction\":[{\"@type\":\"ReadAction\",\"target\":[\"https:\/\/ruuby.ee\/en\/pood\/roivakaubad\/poule-party-vihmakeep-chocolate-zebra-taiskasvanud\/\"]}]},{\"@type\":\"ImageObject\",\"inLanguage\":\"en-GB\",\"@id\":\"https:\/\/ruuby.ee\/en\/pood\/roivakaubad\/poule-party-vihmakeep-chocolate-zebra-taiskasvanud\/#primaryimage\",\"url\":\"https:\/\/ruuby.ee\/wp-content\/uploads\/2025\/10\/Screenshot-2025-10-15-at-16.41.07.png\",\"contentUrl\":\"https:\/\/ruuby.ee\/wp-content\/uploads\/2025\/10\/Screenshot-2025-10-15-at-16.41.07.png\",\"width\":1056,\"height\":1558},{\"@type\":\"BreadcrumbList\",\"@id\":\"https:\/\/ruuby.ee\/en\/pood\/roivakaubad\/poule-party-vihmakeep-chocolate-zebra-taiskasvanud\/#breadcrumb\",\"itemListElement\":[{\"@type\":\"ListItem\",\"position\":1,\"name\":\"Kdu\",\"item\":\"http:\/\/ruuby.ee\/\"},{\"@type\":\"ListItem\",\"position\":2,\"name\":\"Pood\",\"item\":\"https:\/\/ruuby.ee\/en\/pood\/\"},{\"@type\":\"ListItem\",\"position\":3,\"name\":\"Poule Party vihmakeep, CHOCOLATE ZEBRA, t\u00e4iskasvanud\"}]},{\"@type\":\"WebSite\",\"@id\":\"http:\/\/ruuby.ee\/#website\",\"url\":\"http:\/\/ruuby.ee\/\",\"name\":\"RUUBY\",\"description\":\"Ruubys on \u00fchendatud elustiil ja disain\",\"publisher\":{\"@id\":\"http:\/\/ruuby.ee\/#organization\"},\"alternateName\":\"Ruuby Disain\",\"potentialAction\":[{\"@type\":\"SearchAction\",\"target\":{\"@type\":\"EntryPoint\",\"urlTemplate\":\"http:\/\/ruuby.ee\/?s={search_term_string}\"},\"query-input\":{\"@type\":\"PropertyValueSpecification\",\"valueRequired\":true,\"valueName\":\"search_term_string\"}}],\"inLanguage\":\"en-GB\"},{\"@type\":\"Organization\",\"@id\":\"http:\/\/ruuby.ee\/#organization\",\"name\":\"Ruuby Disain O\u00dc\",\"alternateName\":\"Ruuby\",\"url\":\"http:\/\/ruuby.ee\/\",\"logo\":{\"@type\":\"ImageObject\",\"inLanguage\":\"en-GB\",\"@id\":\"http:\/\/ruuby.ee\/#\/schema\/logo\/image\/\",\"url\":\"https:\/\/ruuby.ee\/wp-content\/uploads\/2023\/06\/cropped-Black-White-Elegant-Circle-Signature-Fashion-Logo-12_large.png\",\"contentUrl\":\"https:\/\/ruuby.ee\/wp-content\/uploads\/2023\/06\/cropped-Black-White-Elegant-Circle-Signature-Fashion-Logo-12_large.png\",\"width\":1280,\"height\":747,\"caption\":\"Ruuby Disain O\u00dc\"},\"image\":{\"@id\":\"http:\/\/ruuby.ee\/#\/schema\/logo\/image\/\"},\"sameAs\":[\"https:\/\/www.facebook.com\/ruubyconcept\",\"https:\/\/www.instagram.com\/ruuby_concept\/\"]}]}<\/script>\n<!-- \/ Yoast SEO plugin. -->","yoast_head_json":{"title":"Poule Party vihmakeep, CHOCOLATE ZEBRA, t\u00e4iskasvanud - RUUBY","robots":{"index":"index","follow":"follow","max-snippet":"max-snippet:-1","max-image-preview":"max-image-preview:large","max-video-preview":"max-video-preview:-1"},"canonical":"https:\/\/ruuby.ee\/en\/pood\/roivakaubad\/poule-party-vihmakeep-chocolate-zebra-taiskasvanud\/","og_locale":"en_GB","og_type":"article","og_title":"Poule Party vihmakeep, CHOCOLATE ZEBRA, t\u00e4iskasvanud - RUUBY","og_description":"Kas oled v\u00e4sinud hallist ilmast ja l\u00e4bim\u00e4rjaks saamisest? See ruuduline vihmamantel toob naeratuse tagasi n\u00e4ole isegi paduvihmas! J\u00e4ta h\u00fcvasti klassikalise ja igava pont\u0161oga \u2013 siin on keep, mis teeb silmad k\u00f5ikjal, kuhu l\u00e4hed! \ud83c\udf27 100% taaskasutatud ja 100% l\u00f5bus: see stiilne pont\u0161o kaitseb sind igal juhul \u2013 olgu siis linnas, jalgrattal, m\u00e4gedes matkates v\u00f5i isegi [&hellip;]","og_url":"https:\/\/ruuby.ee\/en\/pood\/roivakaubad\/poule-party-vihmakeep-chocolate-zebra-taiskasvanud\/","og_site_name":"RUUBY","article_publisher":"https:\/\/www.facebook.com\/ruubyconcept","article_modified_time":"2026-04-04T22:25:17+00:00","og_image":[{"width":694,"height":1024,"url":"https:\/\/ruuby.ee\/wp-content\/uploads\/2025\/10\/Screenshot-2025-10-15-at-16.41.07-694x1024.png","type":"image\/png"}],"twitter_card":"summary_large_image","twitter_misc":{"Estimated reading time":"2 minutes"},"schema":{"@context":"https:\/\/schema.org","@graph":[{"@type":["WebPage","ItemPage"],"@id":"https:\/\/ruuby.ee\/en\/pood\/roivakaubad\/poule-party-vihmakeep-chocolate-zebra-taiskasvanud\/","url":"https:\/\/ruuby.ee\/en\/pood\/roivakaubad\/poule-party-vihmakeep-chocolate-zebra-taiskasvanud\/","name":"Poule Party vihmakeep, CHOCOLATE ZEBRA, t\u00e4iskasvanud - RUUBY","isPartOf":{"@id":"http:\/\/ruuby.ee\/#website"},"primaryImageOfPage":{"@id":"https:\/\/ruuby.ee\/en\/pood\/roivakaubad\/poule-party-vihmakeep-chocolate-zebra-taiskasvanud\/#primaryimage"},"image":{"@id":"https:\/\/ruuby.ee\/en\/pood\/roivakaubad\/poule-party-vihmakeep-chocolate-zebra-taiskasvanud\/#primaryimage"},"thumbnailUrl":"https:\/\/ruuby.ee\/wp-content\/uploads\/2025\/10\/Screenshot-2025-10-15-at-16.41.07.png","datePublished":"2025-10-15T13:38:02+00:00","dateModified":"2026-04-04T22:25:17+00:00","breadcrumb":{"@id":"https:\/\/ruuby.ee\/en\/pood\/roivakaubad\/poule-party-vihmakeep-chocolate-zebra-taiskasvanud\/#breadcrumb"},"inLanguage":"en-GB","potentialAction":[{"@type":"ReadAction","target":["https:\/\/ruuby.ee\/en\/pood\/roivakaubad\/poule-party-vihmakeep-chocolate-zebra-taiskasvanud\/"]}]},{"@type":"ImageObject","inLanguage":"en-GB","@id":"https:\/\/ruuby.ee\/en\/pood\/roivakaubad\/poule-party-vihmakeep-chocolate-zebra-taiskasvanud\/#primaryimage","url":"https:\/\/ruuby.ee\/wp-content\/uploads\/2025\/10\/Screenshot-2025-10-15-at-16.41.07.png","contentUrl":"https:\/\/ruuby.ee\/wp-content\/uploads\/2025\/10\/Screenshot-2025-10-15-at-16.41.07.png","width":1056,"height":1558},{"@type":"BreadcrumbList","@id":"https:\/\/ruuby.ee\/en\/pood\/roivakaubad\/poule-party-vihmakeep-chocolate-zebra-taiskasvanud\/#breadcrumb","itemListElement":[{"@type":"ListItem","position":1,"name":"Kdu","item":"http:\/\/ruuby.ee\/"},{"@type":"ListItem","position":2,"name":"Pood","item":"https:\/\/ruuby.ee\/en\/pood\/"},{"@type":"ListItem","position":3,"name":"Poule Party vihmakeep, CHOCOLATE ZEBRA, t\u00e4iskasvanud"}]},{"@type":"WebSite","@id":"http:\/\/ruuby.ee\/#website","url":"http:\/\/ruuby.ee\/","name":"RUUBY","description":"Ruubys on \u00fchendatud elustiil ja disain","publisher":{"@id":"http:\/\/ruuby.ee\/#organization"},"alternateName":"Ruuby Disain","potentialAction":[{"@type":"SearchAction","target":{"@type":"EntryPoint","urlTemplate":"http:\/\/ruuby.ee\/?s={search_term_string}"},"query-input":{"@type":"PropertyValueSpecification","valueRequired":true,"valueName":"search_term_string"}}],"inLanguage":"en-GB"},{"@type":"Organization","@id":"http:\/\/ruuby.ee\/#organization","name":"Ruuby Disain O\u00dc","alternateName":"Ruuby","url":"http:\/\/ruuby.ee\/","logo":{"@type":"ImageObject","inLanguage":"en-GB","@id":"http:\/\/ruuby.ee\/#\/schema\/logo\/image\/","url":"https:\/\/ruuby.ee\/wp-content\/uploads\/2023\/06\/cropped-Black-White-Elegant-Circle-Signature-Fashion-Logo-12_large.png","contentUrl":"https:\/\/ruuby.ee\/wp-content\/uploads\/2023\/06\/cropped-Black-White-Elegant-Circle-Signature-Fashion-Logo-12_large.png","width":1280,"height":747,"caption":"Ruuby Disain O\u00dc"},"image":{"@id":"http:\/\/ruuby.ee\/#\/schema\/logo\/image\/"},"sameAs":["https:\/\/www.facebook.com\/ruubyconcept","https:\/\/www.instagram.com\/ruuby_concept\/"]}]}},"jetpack_sharing_enabled":true,"_links":{"self":[{"href":"https:\/\/ruuby.ee\/en\/wp-json\/wp\/v2\/product\/1856625","targetHints":{"allow":["GET"]}}],"collection":[{"href":"https:\/\/ruuby.ee\/en\/wp-json\/wp\/v2\/product"}],"about":[{"href":"https:\/\/ruuby.ee\/en\/wp-json\/wp\/v2\/types\/product"}],"replies":[{"embeddable":true,"href":"https:\/\/ruuby.ee\/en\/wp-json\/wp\/v2\/comments?post=1856625"}],"wp:featuredmedia":[{"embeddable":true,"href":"https:\/\/ruuby.ee\/en\/wp-json\/wp\/v2\/media\/1856629"}],"wp:attachment":[{"href":"https:\/\/ruuby.ee\/en\/wp-json\/wp\/v2\/media?parent=1856625"}],"wp:term":[{"taxonomy":"product_brand","embeddable":true,"href":"https:\/\/ruuby.ee\/en\/wp-json\/wp\/v2\/product_brand?post=1856625"},{"taxonomy":"product_cat","embeddable":true,"href":"https:\/\/ruuby.ee\/en\/wp-json\/wp\/v2\/product_cat?post=1856625"},{"taxonomy":"product_tag","embeddable":true,"href":"https:\/\/ruuby.ee\/en\/wp-json\/wp\/v2\/product_tag?post=1856625"}],"curies":[{"name":"wp","href":"https:\/\/api.w.org\/{rel}","templated":true}]}}