{"id":1856395,"date":"2025-10-12T12:46:23","date_gmt":"2025-10-12T09:46:23","guid":{"rendered":"https:\/\/ruuby.ee\/pood\/maaratlemata\/kirivoo-kaelakee-kee-hobe-45-50cm\/"},"modified":"2026-04-07T01:27:06","modified_gmt":"2026-04-06T22:27:06","slug":"kirivoo-kaelakee-kee-hobe-45-50cm","status":"publish","type":"product","link":"https:\/\/ruuby.ee\/en\/pood\/aksessuaarid\/kaelakeed\/kirivoo-kaelakee-kee-hobe-45-50cm\/","title":{"rendered":"KiRiVOO kaelakee kee, h\u00f5be 45-50cm"},"content":{"rendered":"<p>\u2713 V\u00e4iksem s\u00fcsiniku jalaj\u00e4lg \u27a4<br \/>\nValmistatud taaskasutatud v\u00e4\u00e4rismetallidest<br \/>\nIga valmistatud ja m\u00fc\u00fcdud ese istutab puu<\/p>\n<p>\u2713 H\u00fcpoallergeenne ja eetiliselt hangitud*<br \/>\nH\u00f5be 925, kaetud 24K v\u00f5i 18K kullaga<\/p>\n<p>\u2713 Eluaegne garantii ja parandus \u27a4<br \/>\nAjatu stiil, mis on loodud kestma<\/p>\n<p><strong>KIRJELDUS<\/strong><\/p>\n<p>KiRiVoo KLASSIKALINE ketiga kaelakee on 100% ehtne ja valmistatud eetiliselt hangitud taaskasutatud h\u00f5bedast Itaaliast. See toode on saadaval ja m\u00fc\u00fcakse meie klientidele, kes ostavad KiRiVOO ehteid.<\/p>\n<p><strong>TOOTEINFO<\/strong><\/p>\n<p>1. Meie tarnijal on LBMA vastutustundliku h\u00f5beda sertifikaat. Tooraineallikad, peamiselt t\u00f6\u00f6stusj\u00e4\u00e4gid ja kasutatud ehted, vastavad Dodd-Franki seadusele:<\/p>\n<p>Materjal: 925 h\u00f5be 925 (valmistatud taaskasutatud h\u00f5bedast), mis koosneb 92,5% puhtast h\u00f5bedast ja 7,5% muudest sulammaterjalidest (sulam on sisuliselt kahe v\u00f5i enama perioodilisuss\u00fcsteemi elemendi segu). Selle konkreetse materjali puhul v\u00f5ivad sulamid sisaldada tsinki ja vaske. Toode on plii-, kaadmiumi-, ts\u00fcaniidi- ja niklivaba.<\/p>\n<p>2. M\u00f5\u00f5tmed: 45\u201350 cm pikk (reguleeritav), 2,45 g<\/p>\n<p>3. Autentsussertifikaat: valmistatud taaskasutatud v\u00f5i FSC\u00ae sertifitseeritud paberist<\/p>\n<p>4. Pakend: FSC\u00ae sertifitseeritud keskkonnas\u00f5bralik k\u00e4sit\u00f6\u00f6paber (65x65x17 mm v\u00f5i 86x86x17 mm) eemaldatava s\u00e4\u00e4stva tall\u00f5list valmistatud vahtplastist siset\u00fckiga. Tarnitakse taaskasutatavas k\u00e4sit\u00f6\u00f6\u00fcmbrikus.<\/p>\n<p>5. P\u00e4ritolu: Itaalia<\/p>","protected":false},"excerpt":{"rendered":"<p><strong>KiRiVOO ehted valmivad n\u00f5udlusp\u00f5hiselt kuni 10 t\u00f6\u00f6p\u00e4eva jooksul.<\/strong><\/p>","protected":false},"featured_media":1856464,"comment_status":"open","ping_status":"closed","template":"","meta":[],"product_brand":[],"product_cat":[43,823,632],"product_tag":[1123],"class_list":{"0":"post-1856395","1":"product","2":"type-product","3":"status-publish","4":"has-post-thumbnail","6":"product_cat-aksessuaarid","7":"product_cat-ehted-aksessuaarid","8":"product_cat-kaelakeed","9":"product_tag-kirivoo","11":"first","12":"onbackorder","13":"taxable","14":"shipping-taxable","15":"purchasable","16":"product-type-simple"},"yoast_head":"<!-- This site is optimized with the Yoast SEO plugin v27.3 - https:\/\/yoast.com\/product\/yoast-seo-wordpress\/ -->\n<title>KiRiVOO kaelakee kee, h\u00f5be 45-50cm - RUUBY<\/title>\n<meta name=\"robots\" content=\"index, follow, max-snippet:-1, max-image-preview:large, max-video-preview:-1\" \/>\n<link rel=\"canonical\" href=\"https:\/\/ruuby.ee\/en\/pood\/aksessuaarid\/kaelakeed\/kirivoo-kaelakee-kee-hobe-45-50cm\/\" \/>\n<meta property=\"og:locale\" content=\"en_GB\" \/>\n<meta property=\"og:type\" content=\"article\" \/>\n<meta property=\"og:title\" content=\"KiRiVOO kaelakee kee, h\u00f5be 45-50cm - RUUBY\" \/>\n<meta property=\"og:description\" content=\"KiRiVOO ehted valmivad n\u00f5udlusp\u00f5hiselt kuni 10 t\u00f6\u00f6p\u00e4eva jooksul.\" \/>\n<meta property=\"og:url\" content=\"https:\/\/ruuby.ee\/en\/pood\/aksessuaarid\/kaelakeed\/kirivoo-kaelakee-kee-hobe-45-50cm\/\" \/>\n<meta property=\"og:site_name\" content=\"RUUBY\" \/>\n<meta property=\"article:publisher\" content=\"https:\/\/www.facebook.com\/ruubyconcept\" \/>\n<meta property=\"article:modified_time\" content=\"2026-04-06T22:27:06+00:00\" \/>\n<meta property=\"og:image\" content=\"https:\/\/ruuby.ee\/wp-content\/uploads\/2025\/10\/Screenshot-2025-10-12-at-14.06.46.png\" \/>\n\t<meta property=\"og:image:width\" content=\"926\" \/>\n\t<meta property=\"og:image:height\" content=\"1126\" \/>\n\t<meta property=\"og:image:type\" content=\"image\/png\" \/>\n<meta name=\"twitter:card\" content=\"summary_large_image\" \/>\n<meta name=\"twitter:label1\" content=\"Estimated reading time\" \/>\n\t<meta name=\"twitter:data1\" content=\"2 minutes\" \/>\n<script type=\"application\/ld+json\" class=\"yoast-schema-graph\">{\"@context\":\"https:\\\/\\\/schema.org\",\"@graph\":[{\"@type\":[\"WebPage\",\"ItemPage\"],\"@id\":\"https:\\\/\\\/ruuby.ee\\\/pood\\\/aksessuaarid\\\/kaelakeed\\\/kirivoo-kaelakee-kee-hobe-45-50cm\\\/\",\"url\":\"https:\\\/\\\/ruuby.ee\\\/pood\\\/aksessuaarid\\\/kaelakeed\\\/kirivoo-kaelakee-kee-hobe-45-50cm\\\/\",\"name\":\"KiRiVOO kaelakee kee, h\u00f5be 45-50cm - RUUBY\",\"isPartOf\":{\"@id\":\"https:\\\/\\\/ruuby.ee\\\/en\\\/#website\"},\"primaryImageOfPage\":{\"@id\":\"https:\\\/\\\/ruuby.ee\\\/pood\\\/aksessuaarid\\\/kaelakeed\\\/kirivoo-kaelakee-kee-hobe-45-50cm\\\/#primaryimage\"},\"image\":{\"@id\":\"https:\\\/\\\/ruuby.ee\\\/pood\\\/aksessuaarid\\\/kaelakeed\\\/kirivoo-kaelakee-kee-hobe-45-50cm\\\/#primaryimage\"},\"thumbnailUrl\":\"https:\\\/\\\/ruuby.ee\\\/wp-content\\\/uploads\\\/2025\\\/10\\\/Screenshot-2025-10-12-at-14.06.46.png\",\"datePublished\":\"2025-10-12T09:46:23+00:00\",\"dateModified\":\"2026-04-06T22:27:06+00:00\",\"breadcrumb\":{\"@id\":\"https:\\\/\\\/ruuby.ee\\\/pood\\\/aksessuaarid\\\/kaelakeed\\\/kirivoo-kaelakee-kee-hobe-45-50cm\\\/#breadcrumb\"},\"inLanguage\":\"en-GB\",\"potentialAction\":[{\"@type\":\"ReadAction\",\"target\":[\"https:\\\/\\\/ruuby.ee\\\/pood\\\/aksessuaarid\\\/kaelakeed\\\/kirivoo-kaelakee-kee-hobe-45-50cm\\\/\"]}]},{\"@type\":\"ImageObject\",\"inLanguage\":\"en-GB\",\"@id\":\"https:\\\/\\\/ruuby.ee\\\/pood\\\/aksessuaarid\\\/kaelakeed\\\/kirivoo-kaelakee-kee-hobe-45-50cm\\\/#primaryimage\",\"url\":\"https:\\\/\\\/ruuby.ee\\\/wp-content\\\/uploads\\\/2025\\\/10\\\/Screenshot-2025-10-12-at-14.06.46.png\",\"contentUrl\":\"https:\\\/\\\/ruuby.ee\\\/wp-content\\\/uploads\\\/2025\\\/10\\\/Screenshot-2025-10-12-at-14.06.46.png\",\"width\":926,\"height\":1126},{\"@type\":\"BreadcrumbList\",\"@id\":\"https:\\\/\\\/ruuby.ee\\\/pood\\\/aksessuaarid\\\/kaelakeed\\\/kirivoo-kaelakee-kee-hobe-45-50cm\\\/#breadcrumb\",\"itemListElement\":[{\"@type\":\"ListItem\",\"position\":1,\"name\":\"Kdu\",\"item\":\"https:\\\/\\\/ruuby.ee\\\/en\\\/\"},{\"@type\":\"ListItem\",\"position\":2,\"name\":\"Pood\",\"item\":\"https:\\\/\\\/ruuby.ee\\\/en\\\/pood\\\/\"},{\"@type\":\"ListItem\",\"position\":3,\"name\":\"KiRiVOO kaelakee kee, h\u00f5be 45-50cm\"}]},{\"@type\":\"WebSite\",\"@id\":\"https:\\\/\\\/ruuby.ee\\\/en\\\/#website\",\"url\":\"https:\\\/\\\/ruuby.ee\\\/en\\\/\",\"name\":\"RUUBY\",\"description\":\"Ruubys on \u00fchendatud elustiil ja disain\",\"publisher\":{\"@id\":\"https:\\\/\\\/ruuby.ee\\\/en\\\/#organization\"},\"alternateName\":\"Ruuby Disain\",\"potentialAction\":[{\"@type\":\"SearchAction\",\"target\":{\"@type\":\"EntryPoint\",\"urlTemplate\":\"https:\\\/\\\/ruuby.ee\\\/en\\\/?s={search_term_string}\"},\"query-input\":{\"@type\":\"PropertyValueSpecification\",\"valueRequired\":true,\"valueName\":\"search_term_string\"}}],\"inLanguage\":\"en-GB\"},{\"@type\":\"Organization\",\"@id\":\"https:\\\/\\\/ruuby.ee\\\/en\\\/#organization\",\"name\":\"Ruuby Disain O\u00dc\",\"alternateName\":\"Ruuby\",\"url\":\"https:\\\/\\\/ruuby.ee\\\/en\\\/\",\"logo\":{\"@type\":\"ImageObject\",\"inLanguage\":\"en-GB\",\"@id\":\"https:\\\/\\\/ruuby.ee\\\/en\\\/#\\\/schema\\\/logo\\\/image\\\/\",\"url\":\"https:\\\/\\\/ruuby.ee\\\/wp-content\\\/uploads\\\/2023\\\/06\\\/cropped-Black-White-Elegant-Circle-Signature-Fashion-Logo-12_large.png\",\"contentUrl\":\"https:\\\/\\\/ruuby.ee\\\/wp-content\\\/uploads\\\/2023\\\/06\\\/cropped-Black-White-Elegant-Circle-Signature-Fashion-Logo-12_large.png\",\"width\":1280,\"height\":747,\"caption\":\"Ruuby Disain O\u00dc\"},\"image\":{\"@id\":\"https:\\\/\\\/ruuby.ee\\\/en\\\/#\\\/schema\\\/logo\\\/image\\\/\"},\"sameAs\":[\"https:\\\/\\\/www.facebook.com\\\/ruubyconcept\",\"https:\\\/\\\/www.instagram.com\\\/ruuby_concept\\\/\"]}]}<\/script>\n<!-- \/ Yoast SEO plugin. -->","yoast_head_json":{"title":"KiRiVOO kaelakee kee, h\u00f5be 45-50cm - RUUBY","robots":{"index":"index","follow":"follow","max-snippet":"max-snippet:-1","max-image-preview":"max-image-preview:large","max-video-preview":"max-video-preview:-1"},"canonical":"https:\/\/ruuby.ee\/en\/pood\/aksessuaarid\/kaelakeed\/kirivoo-kaelakee-kee-hobe-45-50cm\/","og_locale":"en_GB","og_type":"article","og_title":"KiRiVOO kaelakee kee, h\u00f5be 45-50cm - RUUBY","og_description":"KiRiVOO ehted valmivad n\u00f5udlusp\u00f5hiselt kuni 10 t\u00f6\u00f6p\u00e4eva jooksul.","og_url":"https:\/\/ruuby.ee\/en\/pood\/aksessuaarid\/kaelakeed\/kirivoo-kaelakee-kee-hobe-45-50cm\/","og_site_name":"RUUBY","article_publisher":"https:\/\/www.facebook.com\/ruubyconcept","article_modified_time":"2026-04-06T22:27:06+00:00","og_image":[{"width":926,"height":1126,"url":"https:\/\/ruuby.ee\/wp-content\/uploads\/2025\/10\/Screenshot-2025-10-12-at-14.06.46.png","type":"image\/png"}],"twitter_card":"summary_large_image","twitter_misc":{"Estimated reading time":"2 minutes"},"schema":{"@context":"https:\/\/schema.org","@graph":[{"@type":["WebPage","ItemPage"],"@id":"https:\/\/ruuby.ee\/pood\/aksessuaarid\/kaelakeed\/kirivoo-kaelakee-kee-hobe-45-50cm\/","url":"https:\/\/ruuby.ee\/pood\/aksessuaarid\/kaelakeed\/kirivoo-kaelakee-kee-hobe-45-50cm\/","name":"KiRiVOO kaelakee kee, h\u00f5be 45-50cm - RUUBY","isPartOf":{"@id":"https:\/\/ruuby.ee\/en\/#website"},"primaryImageOfPage":{"@id":"https:\/\/ruuby.ee\/pood\/aksessuaarid\/kaelakeed\/kirivoo-kaelakee-kee-hobe-45-50cm\/#primaryimage"},"image":{"@id":"https:\/\/ruuby.ee\/pood\/aksessuaarid\/kaelakeed\/kirivoo-kaelakee-kee-hobe-45-50cm\/#primaryimage"},"thumbnailUrl":"https:\/\/ruuby.ee\/wp-content\/uploads\/2025\/10\/Screenshot-2025-10-12-at-14.06.46.png","datePublished":"2025-10-12T09:46:23+00:00","dateModified":"2026-04-06T22:27:06+00:00","breadcrumb":{"@id":"https:\/\/ruuby.ee\/pood\/aksessuaarid\/kaelakeed\/kirivoo-kaelakee-kee-hobe-45-50cm\/#breadcrumb"},"inLanguage":"en-GB","potentialAction":[{"@type":"ReadAction","target":["https:\/\/ruuby.ee\/pood\/aksessuaarid\/kaelakeed\/kirivoo-kaelakee-kee-hobe-45-50cm\/"]}]},{"@type":"ImageObject","inLanguage":"en-GB","@id":"https:\/\/ruuby.ee\/pood\/aksessuaarid\/kaelakeed\/kirivoo-kaelakee-kee-hobe-45-50cm\/#primaryimage","url":"https:\/\/ruuby.ee\/wp-content\/uploads\/2025\/10\/Screenshot-2025-10-12-at-14.06.46.png","contentUrl":"https:\/\/ruuby.ee\/wp-content\/uploads\/2025\/10\/Screenshot-2025-10-12-at-14.06.46.png","width":926,"height":1126},{"@type":"BreadcrumbList","@id":"https:\/\/ruuby.ee\/pood\/aksessuaarid\/kaelakeed\/kirivoo-kaelakee-kee-hobe-45-50cm\/#breadcrumb","itemListElement":[{"@type":"ListItem","position":1,"name":"Kdu","item":"https:\/\/ruuby.ee\/en\/"},{"@type":"ListItem","position":2,"name":"Pood","item":"https:\/\/ruuby.ee\/en\/pood\/"},{"@type":"ListItem","position":3,"name":"KiRiVOO kaelakee kee, h\u00f5be 45-50cm"}]},{"@type":"WebSite","@id":"https:\/\/ruuby.ee\/en\/#website","url":"https:\/\/ruuby.ee\/en\/","name":"RUUBY","description":"Ruubys on \u00fchendatud elustiil ja disain","publisher":{"@id":"https:\/\/ruuby.ee\/en\/#organization"},"alternateName":"Ruuby Disain","potentialAction":[{"@type":"SearchAction","target":{"@type":"EntryPoint","urlTemplate":"https:\/\/ruuby.ee\/en\/?s={search_term_string}"},"query-input":{"@type":"PropertyValueSpecification","valueRequired":true,"valueName":"search_term_string"}}],"inLanguage":"en-GB"},{"@type":"Organization","@id":"https:\/\/ruuby.ee\/en\/#organization","name":"Ruuby Disain O\u00dc","alternateName":"Ruuby","url":"https:\/\/ruuby.ee\/en\/","logo":{"@type":"ImageObject","inLanguage":"en-GB","@id":"https:\/\/ruuby.ee\/en\/#\/schema\/logo\/image\/","url":"https:\/\/ruuby.ee\/wp-content\/uploads\/2023\/06\/cropped-Black-White-Elegant-Circle-Signature-Fashion-Logo-12_large.png","contentUrl":"https:\/\/ruuby.ee\/wp-content\/uploads\/2023\/06\/cropped-Black-White-Elegant-Circle-Signature-Fashion-Logo-12_large.png","width":1280,"height":747,"caption":"Ruuby Disain O\u00dc"},"image":{"@id":"https:\/\/ruuby.ee\/en\/#\/schema\/logo\/image\/"},"sameAs":["https:\/\/www.facebook.com\/ruubyconcept","https:\/\/www.instagram.com\/ruuby_concept\/"]}]}},"jetpack_sharing_enabled":true,"_links":{"self":[{"href":"https:\/\/ruuby.ee\/en\/wp-json\/wp\/v2\/product\/1856395","targetHints":{"allow":["GET"]}}],"collection":[{"href":"https:\/\/ruuby.ee\/en\/wp-json\/wp\/v2\/product"}],"about":[{"href":"https:\/\/ruuby.ee\/en\/wp-json\/wp\/v2\/types\/product"}],"replies":[{"embeddable":true,"href":"https:\/\/ruuby.ee\/en\/wp-json\/wp\/v2\/comments?post=1856395"}],"wp:featuredmedia":[{"embeddable":true,"href":"https:\/\/ruuby.ee\/en\/wp-json\/wp\/v2\/media\/1856464"}],"wp:attachment":[{"href":"https:\/\/ruuby.ee\/en\/wp-json\/wp\/v2\/media?parent=1856395"}],"wp:term":[{"taxonomy":"product_brand","embeddable":true,"href":"https:\/\/ruuby.ee\/en\/wp-json\/wp\/v2\/product_brand?post=1856395"},{"taxonomy":"product_cat","embeddable":true,"href":"https:\/\/ruuby.ee\/en\/wp-json\/wp\/v2\/product_cat?post=1856395"},{"taxonomy":"product_tag","embeddable":true,"href":"https:\/\/ruuby.ee\/en\/wp-json\/wp\/v2\/product_tag?post=1856395"}],"curies":[{"name":"wp","href":"https:\/\/api.w.org\/{rel}","templated":true}]}}