{"id":1856386,"date":"2025-10-12T12:45:38","date_gmt":"2025-10-12T09:45:38","guid":{"rendered":"https:\/\/ruuby.ee\/pood\/maaratlemata\/kirivoo-hobedast-korvarongad-diamond-leaf\/"},"modified":"2026-04-05T01:25:17","modified_gmt":"2026-04-04T22:25:17","slug":"kirivoo-hobedast-korvarongad-diamond-leaf","status":"publish","type":"product","link":"https:\/\/ruuby.ee\/en\/pood\/aksessuaarid\/korvarongad\/kirivoo-hobedast-korvarongad-diamond-leaf\/","title":{"rendered":"KiRiVOO h\u00f5bedast k\u00f5rvar\u00f5ngad, DIAMOND LEAF"},"content":{"rendered":"<p>\u2713 \u00dcle 80% v\u00e4iksem s\u00fcsiniku jalaj\u00e4lg \u27a4<br \/>\n3D-prinditud taaskasutatud v\u00e4\u00e4rismetallidest<br \/>\nTarnitakse keskkonnas\u00f5bralikus kinke-\/hoiukarbis<br \/>\nIga valmistatud ja m\u00fc\u00fcdud ese istutab puu<\/p>\n<p>\u2713 H\u00fcpoallergeenne ja eetiliselt hangitud*<br \/>\nH\u00f5be 925, kaetud 24K v\u00f5i 18K kullaga<\/p>\n<p>\u2713 Eluaegne garantii ja parandus \u27a4<br \/>\nAjatu stiil, mis on loodud kestma<\/p>\n<p><strong>KIRJELDUS<\/strong><\/p>\n<p>KiRiVoo vapustavad, p\u00f5hjamaise esteetilised ja loodusest inspireeritud k\u00f5rvar\u00f5ngad DIAMOND LEAF on 100% ehtsad ja toodetud tellimuse peale, kasutades taaskasutatud v\u00e4\u00e4rismetalle ja lisandtootmismeetodit Eestis.<\/p>\n<p><strong>TOOTEINFO<\/strong><\/p>\n<p>1. K\u00f5ik v\u00e4\u00e4rismetallid on 100% taaskasutatud ja kontrollitud tarneahelast, millel on Vastutustundliku Ehtet\u00f6\u00f6stuse N\u00f5ukogu (Responsible Jewellery Council) sertifikaat:<\/p>\n<p>Argentium h\u00f5be 925 sisaldab v\u00e4hemalt 93% h\u00f5bedat ja 7% vaske ning muid sulamelemente (germaaniumi). Toode on plii-, kaadmiumi- ja niklivaba.<br \/>\nKullatud 18K roosa kulla v\u00f5i 24K kollase kullaga (puhtus 99,9), katmisvann kontsentratsiooniga 0,8 g\/l kulla.<\/p>\n<p>2. Esemete kaal: 1,85 g.<\/p>\n<p>3. Autentsussertifikaat: valmistatud taaskasutatud v\u00f5i FSC\u00ae sertifitseeritud paberist.<\/p>\n<p>4. Pakend: FSC\u00ae sertifitseeritud keskkonnas\u00f5bralik k\u00e4sit\u00f6\u00f6 (65x65x17 mm v\u00f5i 86x86x17 mm) taaskasutatud paberist siset\u00fckiga v\u00f5i eemaldatava s\u00e4\u00e4stva tall\u00f5list valmistatud vahuga.<\/p>\n<p>5. Disain: Eesti\/\u00dchendkuningriik<\/p>\n<p>&nbsp;<\/p>","protected":false},"excerpt":{"rendered":"<p><strong>KiRiVOO ehted valmivad n\u00f5udlusp\u00f5hiselt kuni 10 t\u00f6\u00f6p\u00e4eva jooksul.<\/strong><\/p>","protected":false},"featured_media":1859233,"comment_status":"open","ping_status":"closed","template":"","meta":[],"product_brand":[],"product_cat":[43,823,55],"product_tag":[1123,309],"class_list":{"0":"post-1856386","1":"product","2":"type-product","3":"status-publish","4":"has-post-thumbnail","6":"product_cat-aksessuaarid","7":"product_cat-ehted-aksessuaarid","8":"product_cat-korvarongad","9":"product_tag-kirivoo","10":"product_tag-korvarongad","12":"first","13":"onbackorder","14":"taxable","15":"shipping-taxable","16":"purchasable","17":"product-type-simple"},"yoast_head":"<!-- This site is optimized with the Yoast SEO plugin v27.2 - https:\/\/yoast.com\/product\/yoast-seo-wordpress\/ -->\n<title>KiRiVOO h\u00f5bedast k\u00f5rvar\u00f5ngad, DIAMOND LEAF - RUUBY<\/title>\n<meta name=\"robots\" content=\"index, follow, max-snippet:-1, max-image-preview:large, max-video-preview:-1\" \/>\n<link rel=\"canonical\" href=\"http:\/\/ruuby.ee\/en\/pood\/aksessuaarid\/korvarongad\/kirivoo-hobedast-korvarongad-diamond-leaf\/\" \/>\n<meta property=\"og:locale\" content=\"en_GB\" \/>\n<meta property=\"og:type\" content=\"article\" \/>\n<meta property=\"og:title\" content=\"KiRiVOO h\u00f5bedast k\u00f5rvar\u00f5ngad, DIAMOND LEAF - RUUBY\" \/>\n<meta property=\"og:description\" content=\"KiRiVOO ehted valmivad n\u00f5udlusp\u00f5hiselt kuni 10 t\u00f6\u00f6p\u00e4eva jooksul.\" \/>\n<meta property=\"og:url\" content=\"http:\/\/ruuby.ee\/en\/pood\/aksessuaarid\/korvarongad\/kirivoo-hobedast-korvarongad-diamond-leaf\/\" \/>\n<meta property=\"og:site_name\" content=\"RUUBY\" \/>\n<meta property=\"article:publisher\" content=\"https:\/\/www.facebook.com\/ruubyconcept\" \/>\n<meta property=\"article:modified_time\" content=\"2026-04-04T22:25:17+00:00\" \/>\n<meta property=\"og:image\" content=\"http:\/\/ruuby.ee\/wp-content\/uploads\/2025\/10\/Screenshot-2026-03-12-at-10.54.03.png\" \/>\n\t<meta property=\"og:image:width\" content=\"808\" \/>\n\t<meta property=\"og:image:height\" content=\"974\" \/>\n\t<meta property=\"og:image:type\" content=\"image\/png\" \/>\n<meta name=\"twitter:card\" content=\"summary_large_image\" \/>\n<meta name=\"twitter:label1\" content=\"Estimated reading time\" \/>\n\t<meta name=\"twitter:data1\" content=\"2 minutes\" \/>\n<script type=\"application\/ld+json\" class=\"yoast-schema-graph\">{\"@context\":\"https:\/\/schema.org\",\"@graph\":[{\"@type\":[\"WebPage\",\"ItemPage\"],\"@id\":\"http:\/\/ruuby.ee\/pood\/aksessuaarid\/korvarongad\/kirivoo-hobedast-korvarongad-diamond-leaf\/\",\"url\":\"http:\/\/ruuby.ee\/pood\/aksessuaarid\/korvarongad\/kirivoo-hobedast-korvarongad-diamond-leaf\/\",\"name\":\"KiRiVOO h\u00f5bedast k\u00f5rvar\u00f5ngad, DIAMOND LEAF - RUUBY\",\"isPartOf\":{\"@id\":\"http:\/\/ruuby.ee\/#website\"},\"primaryImageOfPage\":{\"@id\":\"http:\/\/ruuby.ee\/pood\/aksessuaarid\/korvarongad\/kirivoo-hobedast-korvarongad-diamond-leaf\/#primaryimage\"},\"image\":{\"@id\":\"http:\/\/ruuby.ee\/pood\/aksessuaarid\/korvarongad\/kirivoo-hobedast-korvarongad-diamond-leaf\/#primaryimage\"},\"thumbnailUrl\":\"https:\/\/ruuby.ee\/wp-content\/uploads\/2025\/10\/Screenshot-2026-03-12-at-10.54.03.png\",\"datePublished\":\"2025-10-12T09:45:38+00:00\",\"dateModified\":\"2026-04-04T22:25:17+00:00\",\"breadcrumb\":{\"@id\":\"http:\/\/ruuby.ee\/pood\/aksessuaarid\/korvarongad\/kirivoo-hobedast-korvarongad-diamond-leaf\/#breadcrumb\"},\"inLanguage\":\"en-GB\",\"potentialAction\":[{\"@type\":\"ReadAction\",\"target\":[\"http:\/\/ruuby.ee\/pood\/aksessuaarid\/korvarongad\/kirivoo-hobedast-korvarongad-diamond-leaf\/\"]}]},{\"@type\":\"ImageObject\",\"inLanguage\":\"en-GB\",\"@id\":\"http:\/\/ruuby.ee\/pood\/aksessuaarid\/korvarongad\/kirivoo-hobedast-korvarongad-diamond-leaf\/#primaryimage\",\"url\":\"https:\/\/ruuby.ee\/wp-content\/uploads\/2025\/10\/Screenshot-2026-03-12-at-10.54.03.png\",\"contentUrl\":\"https:\/\/ruuby.ee\/wp-content\/uploads\/2025\/10\/Screenshot-2026-03-12-at-10.54.03.png\",\"width\":808,\"height\":974},{\"@type\":\"BreadcrumbList\",\"@id\":\"http:\/\/ruuby.ee\/pood\/aksessuaarid\/korvarongad\/kirivoo-hobedast-korvarongad-diamond-leaf\/#breadcrumb\",\"itemListElement\":[{\"@type\":\"ListItem\",\"position\":1,\"name\":\"Kdu\",\"item\":\"http:\/\/ruuby.ee\/\"},{\"@type\":\"ListItem\",\"position\":2,\"name\":\"Pood\",\"item\":\"https:\/\/ruuby.ee\/en\/pood\/\"},{\"@type\":\"ListItem\",\"position\":3,\"name\":\"KiRiVOO h\u00f5bedast k\u00f5rvar\u00f5ngad, DIAMOND LEAF\"}]},{\"@type\":\"WebSite\",\"@id\":\"http:\/\/ruuby.ee\/#website\",\"url\":\"http:\/\/ruuby.ee\/\",\"name\":\"RUUBY\",\"description\":\"Ruubys on \u00fchendatud elustiil ja disain\",\"publisher\":{\"@id\":\"http:\/\/ruuby.ee\/#organization\"},\"alternateName\":\"Ruuby Disain\",\"potentialAction\":[{\"@type\":\"SearchAction\",\"target\":{\"@type\":\"EntryPoint\",\"urlTemplate\":\"http:\/\/ruuby.ee\/?s={search_term_string}\"},\"query-input\":{\"@type\":\"PropertyValueSpecification\",\"valueRequired\":true,\"valueName\":\"search_term_string\"}}],\"inLanguage\":\"en-GB\"},{\"@type\":\"Organization\",\"@id\":\"http:\/\/ruuby.ee\/#organization\",\"name\":\"Ruuby Disain O\u00dc\",\"alternateName\":\"Ruuby\",\"url\":\"http:\/\/ruuby.ee\/\",\"logo\":{\"@type\":\"ImageObject\",\"inLanguage\":\"en-GB\",\"@id\":\"http:\/\/ruuby.ee\/#\/schema\/logo\/image\/\",\"url\":\"https:\/\/ruuby.ee\/wp-content\/uploads\/2023\/06\/cropped-Black-White-Elegant-Circle-Signature-Fashion-Logo-12_large.png\",\"contentUrl\":\"https:\/\/ruuby.ee\/wp-content\/uploads\/2023\/06\/cropped-Black-White-Elegant-Circle-Signature-Fashion-Logo-12_large.png\",\"width\":1280,\"height\":747,\"caption\":\"Ruuby Disain O\u00dc\"},\"image\":{\"@id\":\"http:\/\/ruuby.ee\/#\/schema\/logo\/image\/\"},\"sameAs\":[\"https:\/\/www.facebook.com\/ruubyconcept\",\"https:\/\/www.instagram.com\/ruuby_concept\/\"]}]}<\/script>\n<!-- \/ Yoast SEO plugin. -->","yoast_head_json":{"title":"KiRiVOO h\u00f5bedast k\u00f5rvar\u00f5ngad, DIAMOND LEAF - RUUBY","robots":{"index":"index","follow":"follow","max-snippet":"max-snippet:-1","max-image-preview":"max-image-preview:large","max-video-preview":"max-video-preview:-1"},"canonical":"http:\/\/ruuby.ee\/en\/pood\/aksessuaarid\/korvarongad\/kirivoo-hobedast-korvarongad-diamond-leaf\/","og_locale":"en_GB","og_type":"article","og_title":"KiRiVOO h\u00f5bedast k\u00f5rvar\u00f5ngad, DIAMOND LEAF - RUUBY","og_description":"KiRiVOO ehted valmivad n\u00f5udlusp\u00f5hiselt kuni 10 t\u00f6\u00f6p\u00e4eva jooksul.","og_url":"http:\/\/ruuby.ee\/en\/pood\/aksessuaarid\/korvarongad\/kirivoo-hobedast-korvarongad-diamond-leaf\/","og_site_name":"RUUBY","article_publisher":"https:\/\/www.facebook.com\/ruubyconcept","article_modified_time":"2026-04-04T22:25:17+00:00","og_image":[{"width":808,"height":974,"url":"http:\/\/ruuby.ee\/wp-content\/uploads\/2025\/10\/Screenshot-2026-03-12-at-10.54.03.png","type":"image\/png"}],"twitter_card":"summary_large_image","twitter_misc":{"Estimated reading time":"2 minutes"},"schema":{"@context":"https:\/\/schema.org","@graph":[{"@type":["WebPage","ItemPage"],"@id":"http:\/\/ruuby.ee\/pood\/aksessuaarid\/korvarongad\/kirivoo-hobedast-korvarongad-diamond-leaf\/","url":"http:\/\/ruuby.ee\/pood\/aksessuaarid\/korvarongad\/kirivoo-hobedast-korvarongad-diamond-leaf\/","name":"KiRiVOO h\u00f5bedast k\u00f5rvar\u00f5ngad, DIAMOND LEAF - RUUBY","isPartOf":{"@id":"http:\/\/ruuby.ee\/#website"},"primaryImageOfPage":{"@id":"http:\/\/ruuby.ee\/pood\/aksessuaarid\/korvarongad\/kirivoo-hobedast-korvarongad-diamond-leaf\/#primaryimage"},"image":{"@id":"http:\/\/ruuby.ee\/pood\/aksessuaarid\/korvarongad\/kirivoo-hobedast-korvarongad-diamond-leaf\/#primaryimage"},"thumbnailUrl":"https:\/\/ruuby.ee\/wp-content\/uploads\/2025\/10\/Screenshot-2026-03-12-at-10.54.03.png","datePublished":"2025-10-12T09:45:38+00:00","dateModified":"2026-04-04T22:25:17+00:00","breadcrumb":{"@id":"http:\/\/ruuby.ee\/pood\/aksessuaarid\/korvarongad\/kirivoo-hobedast-korvarongad-diamond-leaf\/#breadcrumb"},"inLanguage":"en-GB","potentialAction":[{"@type":"ReadAction","target":["http:\/\/ruuby.ee\/pood\/aksessuaarid\/korvarongad\/kirivoo-hobedast-korvarongad-diamond-leaf\/"]}]},{"@type":"ImageObject","inLanguage":"en-GB","@id":"http:\/\/ruuby.ee\/pood\/aksessuaarid\/korvarongad\/kirivoo-hobedast-korvarongad-diamond-leaf\/#primaryimage","url":"https:\/\/ruuby.ee\/wp-content\/uploads\/2025\/10\/Screenshot-2026-03-12-at-10.54.03.png","contentUrl":"https:\/\/ruuby.ee\/wp-content\/uploads\/2025\/10\/Screenshot-2026-03-12-at-10.54.03.png","width":808,"height":974},{"@type":"BreadcrumbList","@id":"http:\/\/ruuby.ee\/pood\/aksessuaarid\/korvarongad\/kirivoo-hobedast-korvarongad-diamond-leaf\/#breadcrumb","itemListElement":[{"@type":"ListItem","position":1,"name":"Kdu","item":"http:\/\/ruuby.ee\/"},{"@type":"ListItem","position":2,"name":"Pood","item":"https:\/\/ruuby.ee\/en\/pood\/"},{"@type":"ListItem","position":3,"name":"KiRiVOO h\u00f5bedast k\u00f5rvar\u00f5ngad, DIAMOND LEAF"}]},{"@type":"WebSite","@id":"http:\/\/ruuby.ee\/#website","url":"http:\/\/ruuby.ee\/","name":"RUUBY","description":"Ruubys on \u00fchendatud elustiil ja disain","publisher":{"@id":"http:\/\/ruuby.ee\/#organization"},"alternateName":"Ruuby Disain","potentialAction":[{"@type":"SearchAction","target":{"@type":"EntryPoint","urlTemplate":"http:\/\/ruuby.ee\/?s={search_term_string}"},"query-input":{"@type":"PropertyValueSpecification","valueRequired":true,"valueName":"search_term_string"}}],"inLanguage":"en-GB"},{"@type":"Organization","@id":"http:\/\/ruuby.ee\/#organization","name":"Ruuby Disain O\u00dc","alternateName":"Ruuby","url":"http:\/\/ruuby.ee\/","logo":{"@type":"ImageObject","inLanguage":"en-GB","@id":"http:\/\/ruuby.ee\/#\/schema\/logo\/image\/","url":"https:\/\/ruuby.ee\/wp-content\/uploads\/2023\/06\/cropped-Black-White-Elegant-Circle-Signature-Fashion-Logo-12_large.png","contentUrl":"https:\/\/ruuby.ee\/wp-content\/uploads\/2023\/06\/cropped-Black-White-Elegant-Circle-Signature-Fashion-Logo-12_large.png","width":1280,"height":747,"caption":"Ruuby Disain O\u00dc"},"image":{"@id":"http:\/\/ruuby.ee\/#\/schema\/logo\/image\/"},"sameAs":["https:\/\/www.facebook.com\/ruubyconcept","https:\/\/www.instagram.com\/ruuby_concept\/"]}]}},"jetpack_sharing_enabled":true,"_links":{"self":[{"href":"https:\/\/ruuby.ee\/en\/wp-json\/wp\/v2\/product\/1856386","targetHints":{"allow":["GET"]}}],"collection":[{"href":"https:\/\/ruuby.ee\/en\/wp-json\/wp\/v2\/product"}],"about":[{"href":"https:\/\/ruuby.ee\/en\/wp-json\/wp\/v2\/types\/product"}],"replies":[{"embeddable":true,"href":"https:\/\/ruuby.ee\/en\/wp-json\/wp\/v2\/comments?post=1856386"}],"wp:featuredmedia":[{"embeddable":true,"href":"https:\/\/ruuby.ee\/en\/wp-json\/wp\/v2\/media\/1859233"}],"wp:attachment":[{"href":"https:\/\/ruuby.ee\/en\/wp-json\/wp\/v2\/media?parent=1856386"}],"wp:term":[{"taxonomy":"product_brand","embeddable":true,"href":"https:\/\/ruuby.ee\/en\/wp-json\/wp\/v2\/product_brand?post=1856386"},{"taxonomy":"product_cat","embeddable":true,"href":"https:\/\/ruuby.ee\/en\/wp-json\/wp\/v2\/product_cat?post=1856386"},{"taxonomy":"product_tag","embeddable":true,"href":"https:\/\/ruuby.ee\/en\/wp-json\/wp\/v2\/product_tag?post=1856386"}],"curies":[{"name":"wp","href":"https:\/\/api.w.org\/{rel}","templated":true}]}}