{"id":1856233,"date":"2025-10-09T14:45:48","date_gmt":"2025-10-09T11:45:48","guid":{"rendered":"https:\/\/ruuby.ee\/pood\/maaratlemata\/salt-stone-body-mist-saffron-cedar\/"},"modified":"2026-04-05T01:25:17","modified_gmt":"2026-04-04T22:25:17","slug":"salt-stone-body-mist-saffron-cedar","status":"publish","type":"product","link":"https:\/\/ruuby.ee\/en\/pood\/kosmeetika\/kehahooldus\/salt-stone-body-mist-saffron-cedar\/","title":{"rendered":"SALT &amp; STONE Body Mist, Saffron &amp; Cedar"},"content":{"rendered":"<p>Sool tantsib tuules seal, kus ookean kohtub m\u00e4gedega. V\u00e4rske vihm soojal maapinnal. Puitunud seeder. Lainevaha. Vaikse ookeani rannikul liikudes tabab sind nostalgialaine ja elu on kerge.<\/p>\n<p>L\u00f5hnad:<br \/>\nTippnoot \u2014 safran, neroli<br \/>\nS\u00fcdamonoodid \u2014 jasmiin, tammesammal, lainevaha<br \/>\nP\u00f5hinoodid \u2014 suhkruroog, seedripuu<\/p>\n<p>Punavetikad \u2014 Aitab parandada niisutust ja on tuntud naha pringimu soodustava toime poolest.<\/p>\n<p>Gl\u00fctseriin \u2014 Suurendab niisutust, et leevendada kuivust ja v\u00e4rskendada nahka.<\/p>\n<p>Koostis: Denatureeritud alkohol, vesi (Aqua), l\u00f5hnaaine (Parfum), etoks\u00fcdigl\u00fckool, Jania Rubensi ekstrakt, gl\u00fctseriin, bensotriasol\u00fc\u00fcldodets\u00fc\u00fcl-p-kresool, tris(tetramet\u00fc\u00fclh\u00fcdroks\u00fcpiperidinool)tsitraat, punane 40 (CI 16035), kollane 5 (CI 19140), roheline 3 (CI 42053), limoneen.<\/p>","protected":false},"excerpt":{"rendered":"<p>Toitaineterikas kehasprei, mis on piisavalt \u00f5rn igale nahatollule. Gl\u00fctseriini ja punavetikatega rikastatud, et muuta nahk pehmeks ja vastupandamatult l\u00f5hnavaks.<\/p>","protected":false},"featured_media":1856236,"comment_status":"open","ping_status":"closed","template":"","meta":[],"product_brand":[],"product_cat":[690,25],"product_tag":[1121,1040,573],"class_list":{"0":"post-1856233","1":"product","2":"type-product","3":"status-publish","4":"has-post-thumbnail","6":"product_cat-kehahooldus","7":"product_cat-kosmeetika","8":"product_tag-body-mist","9":"product_tag-saffron","10":"product_tag-salt-stone","12":"first","13":"outofstock","14":"taxable","15":"shipping-taxable","16":"purchasable","17":"product-type-simple"},"yoast_head":"<!-- This site is optimized with the Yoast SEO plugin v27.2 - https:\/\/yoast.com\/product\/yoast-seo-wordpress\/ -->\n<title>SALT &amp; STONE Body Mist, Saffron &amp; Cedar - RUUBY<\/title>\n<meta name=\"robots\" content=\"index, follow, max-snippet:-1, max-image-preview:large, max-video-preview:-1\" \/>\n<link rel=\"canonical\" href=\"https:\/\/ruuby.ee\/en\/pood\/kosmeetika\/kehahooldus\/salt-stone-body-mist-saffron-cedar\/\" \/>\n<meta property=\"og:locale\" content=\"en_GB\" \/>\n<meta property=\"og:type\" content=\"article\" \/>\n<meta property=\"og:title\" content=\"SALT &amp; STONE Body Mist, Saffron &amp; Cedar - RUUBY\" \/>\n<meta property=\"og:description\" content=\"Toitaineterikas kehasprei, mis on piisavalt \u00f5rn igale nahatollule. Gl\u00fctseriini ja punavetikatega rikastatud, et muuta nahk pehmeks ja vastupandamatult l\u00f5hnavaks.\" \/>\n<meta property=\"og:url\" content=\"https:\/\/ruuby.ee\/en\/pood\/kosmeetika\/kehahooldus\/salt-stone-body-mist-saffron-cedar\/\" \/>\n<meta property=\"og:site_name\" content=\"RUUBY\" \/>\n<meta property=\"article:publisher\" content=\"https:\/\/www.facebook.com\/ruubyconcept\" \/>\n<meta property=\"article:modified_time\" content=\"2026-04-04T22:25:17+00:00\" \/>\n<meta property=\"og:image\" content=\"https:\/\/ruuby.ee\/wp-content\/uploads\/2025\/10\/Screenshot-2025-10-09-at-14.47.55.png\" \/>\n\t<meta property=\"og:image:width\" content=\"1132\" \/>\n\t<meta property=\"og:image:height\" content=\"1026\" \/>\n\t<meta property=\"og:image:type\" content=\"image\/png\" \/>\n<meta name=\"twitter:card\" content=\"summary_large_image\" \/>\n<meta name=\"twitter:label1\" content=\"Estimated reading time\" \/>\n\t<meta name=\"twitter:data1\" content=\"1 minute\" \/>\n<script type=\"application\/ld+json\" class=\"yoast-schema-graph\">{\"@context\":\"https:\/\/schema.org\",\"@graph\":[{\"@type\":[\"WebPage\",\"ItemPage\"],\"@id\":\"https:\/\/ruuby.ee\/pood\/kosmeetika\/kehahooldus\/salt-stone-body-mist-saffron-cedar\/\",\"url\":\"https:\/\/ruuby.ee\/pood\/kosmeetika\/kehahooldus\/salt-stone-body-mist-saffron-cedar\/\",\"name\":\"SALT &amp; STONE Body Mist, Saffron &amp; Cedar - RUUBY\",\"isPartOf\":{\"@id\":\"http:\/\/ruuby.ee\/#website\"},\"primaryImageOfPage\":{\"@id\":\"https:\/\/ruuby.ee\/pood\/kosmeetika\/kehahooldus\/salt-stone-body-mist-saffron-cedar\/#primaryimage\"},\"image\":{\"@id\":\"https:\/\/ruuby.ee\/pood\/kosmeetika\/kehahooldus\/salt-stone-body-mist-saffron-cedar\/#primaryimage\"},\"thumbnailUrl\":\"https:\/\/ruuby.ee\/wp-content\/uploads\/2025\/10\/Screenshot-2025-10-09-at-14.47.55.png\",\"datePublished\":\"2025-10-09T11:45:48+00:00\",\"dateModified\":\"2026-04-04T22:25:17+00:00\",\"breadcrumb\":{\"@id\":\"https:\/\/ruuby.ee\/pood\/kosmeetika\/kehahooldus\/salt-stone-body-mist-saffron-cedar\/#breadcrumb\"},\"inLanguage\":\"en-GB\",\"potentialAction\":[{\"@type\":\"ReadAction\",\"target\":[\"https:\/\/ruuby.ee\/pood\/kosmeetika\/kehahooldus\/salt-stone-body-mist-saffron-cedar\/\"]}]},{\"@type\":\"ImageObject\",\"inLanguage\":\"en-GB\",\"@id\":\"https:\/\/ruuby.ee\/pood\/kosmeetika\/kehahooldus\/salt-stone-body-mist-saffron-cedar\/#primaryimage\",\"url\":\"https:\/\/ruuby.ee\/wp-content\/uploads\/2025\/10\/Screenshot-2025-10-09-at-14.47.55.png\",\"contentUrl\":\"https:\/\/ruuby.ee\/wp-content\/uploads\/2025\/10\/Screenshot-2025-10-09-at-14.47.55.png\",\"width\":1132,\"height\":1026},{\"@type\":\"BreadcrumbList\",\"@id\":\"https:\/\/ruuby.ee\/pood\/kosmeetika\/kehahooldus\/salt-stone-body-mist-saffron-cedar\/#breadcrumb\",\"itemListElement\":[{\"@type\":\"ListItem\",\"position\":1,\"name\":\"Kdu\",\"item\":\"http:\/\/ruuby.ee\/\"},{\"@type\":\"ListItem\",\"position\":2,\"name\":\"Pood\",\"item\":\"https:\/\/ruuby.ee\/en\/pood\/\"},{\"@type\":\"ListItem\",\"position\":3,\"name\":\"SALT &amp; STONE Body Mist, Saffron &amp; Cedar\"}]},{\"@type\":\"WebSite\",\"@id\":\"http:\/\/ruuby.ee\/#website\",\"url\":\"http:\/\/ruuby.ee\/\",\"name\":\"RUUBY\",\"description\":\"Ruubys on \u00fchendatud elustiil ja disain\",\"publisher\":{\"@id\":\"http:\/\/ruuby.ee\/#organization\"},\"alternateName\":\"Ruuby Disain\",\"potentialAction\":[{\"@type\":\"SearchAction\",\"target\":{\"@type\":\"EntryPoint\",\"urlTemplate\":\"http:\/\/ruuby.ee\/?s={search_term_string}\"},\"query-input\":{\"@type\":\"PropertyValueSpecification\",\"valueRequired\":true,\"valueName\":\"search_term_string\"}}],\"inLanguage\":\"en-GB\"},{\"@type\":\"Organization\",\"@id\":\"http:\/\/ruuby.ee\/#organization\",\"name\":\"Ruuby Disain O\u00dc\",\"alternateName\":\"Ruuby\",\"url\":\"http:\/\/ruuby.ee\/\",\"logo\":{\"@type\":\"ImageObject\",\"inLanguage\":\"en-GB\",\"@id\":\"http:\/\/ruuby.ee\/#\/schema\/logo\/image\/\",\"url\":\"https:\/\/ruuby.ee\/wp-content\/uploads\/2023\/06\/cropped-Black-White-Elegant-Circle-Signature-Fashion-Logo-12_large.png\",\"contentUrl\":\"https:\/\/ruuby.ee\/wp-content\/uploads\/2023\/06\/cropped-Black-White-Elegant-Circle-Signature-Fashion-Logo-12_large.png\",\"width\":1280,\"height\":747,\"caption\":\"Ruuby Disain O\u00dc\"},\"image\":{\"@id\":\"http:\/\/ruuby.ee\/#\/schema\/logo\/image\/\"},\"sameAs\":[\"https:\/\/www.facebook.com\/ruubyconcept\",\"https:\/\/www.instagram.com\/ruuby_concept\/\"]}]}<\/script>\n<!-- \/ Yoast SEO plugin. -->","yoast_head_json":{"title":"SALT &amp; STONE Body Mist, Saffron &amp; Cedar - RUUBY","robots":{"index":"index","follow":"follow","max-snippet":"max-snippet:-1","max-image-preview":"max-image-preview:large","max-video-preview":"max-video-preview:-1"},"canonical":"https:\/\/ruuby.ee\/en\/pood\/kosmeetika\/kehahooldus\/salt-stone-body-mist-saffron-cedar\/","og_locale":"en_GB","og_type":"article","og_title":"SALT &amp; STONE Body Mist, Saffron &amp; Cedar - RUUBY","og_description":"Toitaineterikas kehasprei, mis on piisavalt \u00f5rn igale nahatollule. Gl\u00fctseriini ja punavetikatega rikastatud, et muuta nahk pehmeks ja vastupandamatult l\u00f5hnavaks.","og_url":"https:\/\/ruuby.ee\/en\/pood\/kosmeetika\/kehahooldus\/salt-stone-body-mist-saffron-cedar\/","og_site_name":"RUUBY","article_publisher":"https:\/\/www.facebook.com\/ruubyconcept","article_modified_time":"2026-04-04T22:25:17+00:00","og_image":[{"width":1132,"height":1026,"url":"https:\/\/ruuby.ee\/wp-content\/uploads\/2025\/10\/Screenshot-2025-10-09-at-14.47.55.png","type":"image\/png"}],"twitter_card":"summary_large_image","twitter_misc":{"Estimated reading time":"1 minute"},"schema":{"@context":"https:\/\/schema.org","@graph":[{"@type":["WebPage","ItemPage"],"@id":"https:\/\/ruuby.ee\/pood\/kosmeetika\/kehahooldus\/salt-stone-body-mist-saffron-cedar\/","url":"https:\/\/ruuby.ee\/pood\/kosmeetika\/kehahooldus\/salt-stone-body-mist-saffron-cedar\/","name":"SALT &amp; STONE Body Mist, Saffron &amp; Cedar - RUUBY","isPartOf":{"@id":"http:\/\/ruuby.ee\/#website"},"primaryImageOfPage":{"@id":"https:\/\/ruuby.ee\/pood\/kosmeetika\/kehahooldus\/salt-stone-body-mist-saffron-cedar\/#primaryimage"},"image":{"@id":"https:\/\/ruuby.ee\/pood\/kosmeetika\/kehahooldus\/salt-stone-body-mist-saffron-cedar\/#primaryimage"},"thumbnailUrl":"https:\/\/ruuby.ee\/wp-content\/uploads\/2025\/10\/Screenshot-2025-10-09-at-14.47.55.png","datePublished":"2025-10-09T11:45:48+00:00","dateModified":"2026-04-04T22:25:17+00:00","breadcrumb":{"@id":"https:\/\/ruuby.ee\/pood\/kosmeetika\/kehahooldus\/salt-stone-body-mist-saffron-cedar\/#breadcrumb"},"inLanguage":"en-GB","potentialAction":[{"@type":"ReadAction","target":["https:\/\/ruuby.ee\/pood\/kosmeetika\/kehahooldus\/salt-stone-body-mist-saffron-cedar\/"]}]},{"@type":"ImageObject","inLanguage":"en-GB","@id":"https:\/\/ruuby.ee\/pood\/kosmeetika\/kehahooldus\/salt-stone-body-mist-saffron-cedar\/#primaryimage","url":"https:\/\/ruuby.ee\/wp-content\/uploads\/2025\/10\/Screenshot-2025-10-09-at-14.47.55.png","contentUrl":"https:\/\/ruuby.ee\/wp-content\/uploads\/2025\/10\/Screenshot-2025-10-09-at-14.47.55.png","width":1132,"height":1026},{"@type":"BreadcrumbList","@id":"https:\/\/ruuby.ee\/pood\/kosmeetika\/kehahooldus\/salt-stone-body-mist-saffron-cedar\/#breadcrumb","itemListElement":[{"@type":"ListItem","position":1,"name":"Kdu","item":"http:\/\/ruuby.ee\/"},{"@type":"ListItem","position":2,"name":"Pood","item":"https:\/\/ruuby.ee\/en\/pood\/"},{"@type":"ListItem","position":3,"name":"SALT &amp; STONE Body Mist, Saffron &amp; Cedar"}]},{"@type":"WebSite","@id":"http:\/\/ruuby.ee\/#website","url":"http:\/\/ruuby.ee\/","name":"RUUBY","description":"Ruubys on \u00fchendatud elustiil ja disain","publisher":{"@id":"http:\/\/ruuby.ee\/#organization"},"alternateName":"Ruuby Disain","potentialAction":[{"@type":"SearchAction","target":{"@type":"EntryPoint","urlTemplate":"http:\/\/ruuby.ee\/?s={search_term_string}"},"query-input":{"@type":"PropertyValueSpecification","valueRequired":true,"valueName":"search_term_string"}}],"inLanguage":"en-GB"},{"@type":"Organization","@id":"http:\/\/ruuby.ee\/#organization","name":"Ruuby Disain O\u00dc","alternateName":"Ruuby","url":"http:\/\/ruuby.ee\/","logo":{"@type":"ImageObject","inLanguage":"en-GB","@id":"http:\/\/ruuby.ee\/#\/schema\/logo\/image\/","url":"https:\/\/ruuby.ee\/wp-content\/uploads\/2023\/06\/cropped-Black-White-Elegant-Circle-Signature-Fashion-Logo-12_large.png","contentUrl":"https:\/\/ruuby.ee\/wp-content\/uploads\/2023\/06\/cropped-Black-White-Elegant-Circle-Signature-Fashion-Logo-12_large.png","width":1280,"height":747,"caption":"Ruuby Disain O\u00dc"},"image":{"@id":"http:\/\/ruuby.ee\/#\/schema\/logo\/image\/"},"sameAs":["https:\/\/www.facebook.com\/ruubyconcept","https:\/\/www.instagram.com\/ruuby_concept\/"]}]}},"jetpack_sharing_enabled":true,"_links":{"self":[{"href":"https:\/\/ruuby.ee\/en\/wp-json\/wp\/v2\/product\/1856233","targetHints":{"allow":["GET"]}}],"collection":[{"href":"https:\/\/ruuby.ee\/en\/wp-json\/wp\/v2\/product"}],"about":[{"href":"https:\/\/ruuby.ee\/en\/wp-json\/wp\/v2\/types\/product"}],"replies":[{"embeddable":true,"href":"https:\/\/ruuby.ee\/en\/wp-json\/wp\/v2\/comments?post=1856233"}],"wp:featuredmedia":[{"embeddable":true,"href":"https:\/\/ruuby.ee\/en\/wp-json\/wp\/v2\/media\/1856236"}],"wp:attachment":[{"href":"https:\/\/ruuby.ee\/en\/wp-json\/wp\/v2\/media?parent=1856233"}],"wp:term":[{"taxonomy":"product_brand","embeddable":true,"href":"https:\/\/ruuby.ee\/en\/wp-json\/wp\/v2\/product_brand?post=1856233"},{"taxonomy":"product_cat","embeddable":true,"href":"https:\/\/ruuby.ee\/en\/wp-json\/wp\/v2\/product_cat?post=1856233"},{"taxonomy":"product_tag","embeddable":true,"href":"https:\/\/ruuby.ee\/en\/wp-json\/wp\/v2\/product_tag?post=1856233"}],"curies":[{"name":"wp","href":"https:\/\/api.w.org\/{rel}","templated":true}]}}