{"id":1856110,"date":"2025-10-07T17:15:21","date_gmt":"2025-10-07T14:15:21","guid":{"rendered":"https:\/\/ruuby.ee\/pood\/maaratlemata\/norev-mudelauto-vw-beetle-1303-1973-n53-154\/"},"modified":"2026-04-08T01:28:23","modified_gmt":"2026-04-07T22:28:23","slug":"norev-mudelauto-vw-beetle-1303-1973-n53-154","status":"publish","type":"product","link":"https:\/\/ruuby.ee\/en\/pood\/lapsed\/mudelautod\/norev-mudelauto-vw-beetle-1303-1973-n53-154\/","title":{"rendered":"NOREV mudelauto, VW Beetle 1303 1973 N\u00b053 1:54"},"content":{"rendered":"<p>VW Beetle hoiab maailma enimm\u00fc\u00fcdud auto rekordit. Kergesti \u00e4ratuntav, \u00fcmar disain ja globaalne haare on toonud sellele hellitavad h\u00fc\u00fcdnimed, mis meenutavad mardikat: inglise keeles &#8220;Beetle&#8221;, saksa keeles &#8220;K\u00e4fer&#8221;, hispaania keeles &#8220;Escarabajo&#8221; ja itaalia keeles &#8220;Maggiolino&#8221;.<\/p>\n<p>Meie miniatuurne Mardikas j\u00e4ljendab seda ikoonilist disaini, mis on kuulus erinevatest filmidest ja telesarjadest. Pehmed plastrehvid lisavad realismi.<\/p>\n<p>Volkswagen Beetle 1303 1973 N\u00b053 1:54<\/p>\n<p>Skaala &#8211; 1:64<br \/>\nMudelitootja &#8211; Norev<br \/>\nAasta &#8211; 1973<br \/>\nV\u00e4rv &#8211; Bee\u017e<br \/>\nMaterjal &#8211; Metall (Zamak)<br \/>\nAutotootja &#8211; VOLKSWAGEN<br \/>\nSaadavus kuu &#8211; 2024\/08<\/p>","protected":false},"excerpt":{"rendered":"<p>VW Beetle hoiab maailma enimm\u00fc\u00fcdud auto rekordit. Kergesti \u00e4ratuntav, \u00fcmar disain ja globaalne haare on toonud sellele hellitavad h\u00fc\u00fcdnimed, mis meenutavad mardikat: inglise keeles &#8220;Beetle&#8221;, saksa keeles &#8220;K\u00e4fer&#8221;, hispaania keeles &#8220;Escarabajo&#8221; ja itaalia keeles &#8220;Maggiolino&#8221;. Meie miniatuurne Mardikas j\u00e4ljendab seda ikoonilist disaini, mis on kuulus erinevatest filmidest ja telesarjadest. Pehmed plastrehvid lisavad realismi. Volkswagen Beetle [&hellip;]<\/p>\n","protected":false},"featured_media":1856150,"comment_status":"open","ping_status":"closed","template":"","meta":[],"product_brand":[],"product_cat":[22,1119],"product_tag":[1120],"class_list":{"0":"post-1856110","1":"product","2":"type-product","3":"status-publish","4":"has-post-thumbnail","6":"product_cat-lapsed","7":"product_cat-mudelautod","8":"product_tag-mudelautod","10":"first","11":"instock","12":"taxable","13":"shipping-taxable","14":"purchasable","15":"product-type-simple"},"yoast_head":"<!-- This site is optimized with the Yoast SEO plugin v27.3 - https:\/\/yoast.com\/product\/yoast-seo-wordpress\/ -->\n<title>NOREV mudelauto, VW Beetle 1303 1973 N\u00b053 1:54 - RUUBY<\/title>\n<meta name=\"robots\" content=\"index, follow, max-snippet:-1, max-image-preview:large, max-video-preview:-1\" \/>\n<link rel=\"canonical\" href=\"http:\/\/ruuby.ee\/en\/pood\/lapsed\/mudelautod\/norev-mudelauto-vw-beetle-1303-1973-n53-154\/\" \/>\n<meta property=\"og:locale\" content=\"en_GB\" \/>\n<meta property=\"og:type\" content=\"article\" \/>\n<meta property=\"og:title\" content=\"NOREV mudelauto, VW Beetle 1303 1973 N\u00b053 1:54 - RUUBY\" \/>\n<meta property=\"og:description\" content=\"VW Beetle hoiab maailma enimm\u00fc\u00fcdud auto rekordit. Kergesti \u00e4ratuntav, \u00fcmar disain ja globaalne haare on toonud sellele hellitavad h\u00fc\u00fcdnimed, mis meenutavad mardikat: inglise keeles &#8220;Beetle&#8221;, saksa keeles &#8220;K\u00e4fer&#8221;, hispaania keeles &#8220;Escarabajo&#8221; ja itaalia keeles &#8220;Maggiolino&#8221;. Meie miniatuurne Mardikas j\u00e4ljendab seda ikoonilist disaini, mis on kuulus erinevatest filmidest ja telesarjadest. Pehmed plastrehvid lisavad realismi. Volkswagen Beetle [&hellip;]\" \/>\n<meta property=\"og:url\" content=\"http:\/\/ruuby.ee\/en\/pood\/lapsed\/mudelautod\/norev-mudelauto-vw-beetle-1303-1973-n53-154\/\" \/>\n<meta property=\"og:site_name\" content=\"RUUBY\" \/>\n<meta property=\"article:publisher\" content=\"https:\/\/www.facebook.com\/ruubyconcept\" \/>\n<meta property=\"article:modified_time\" content=\"2026-04-07T22:28:23+00:00\" \/>\n<meta property=\"og:image\" content=\"http:\/\/ruuby.ee\/wp-content\/uploads\/2025\/10\/Screenshot-2025-10-07-at-17.37.57.png\" \/>\n\t<meta property=\"og:image:width\" content=\"1174\" \/>\n\t<meta property=\"og:image:height\" content=\"1174\" \/>\n\t<meta property=\"og:image:type\" content=\"image\/png\" \/>\n<meta name=\"twitter:card\" content=\"summary_large_image\" \/>\n<meta name=\"twitter:label1\" content=\"Estimated reading time\" \/>\n\t<meta name=\"twitter:data1\" content=\"1 minute\" \/>\n<script type=\"application\/ld+json\" class=\"yoast-schema-graph\">{\"@context\":\"https:\\\/\\\/schema.org\",\"@graph\":[{\"@type\":[\"WebPage\",\"ItemPage\"],\"@id\":\"http:\\\/\\\/ruuby.ee\\\/pood\\\/lapsed\\\/mudelautod\\\/norev-mudelauto-vw-beetle-1303-1973-n53-154\\\/\",\"url\":\"http:\\\/\\\/ruuby.ee\\\/pood\\\/lapsed\\\/mudelautod\\\/norev-mudelauto-vw-beetle-1303-1973-n53-154\\\/\",\"name\":\"NOREV mudelauto, VW Beetle 1303 1973 N\u00b053 1:54 - RUUBY\",\"isPartOf\":{\"@id\":\"http:\\\/\\\/ruuby.ee\\\/en\\\/#website\"},\"primaryImageOfPage\":{\"@id\":\"http:\\\/\\\/ruuby.ee\\\/pood\\\/lapsed\\\/mudelautod\\\/norev-mudelauto-vw-beetle-1303-1973-n53-154\\\/#primaryimage\"},\"image\":{\"@id\":\"http:\\\/\\\/ruuby.ee\\\/pood\\\/lapsed\\\/mudelautod\\\/norev-mudelauto-vw-beetle-1303-1973-n53-154\\\/#primaryimage\"},\"thumbnailUrl\":\"https:\\\/\\\/ruuby.ee\\\/wp-content\\\/uploads\\\/2025\\\/10\\\/Screenshot-2025-10-07-at-17.37.57.png\",\"datePublished\":\"2025-10-07T14:15:21+00:00\",\"dateModified\":\"2026-04-07T22:28:23+00:00\",\"breadcrumb\":{\"@id\":\"http:\\\/\\\/ruuby.ee\\\/pood\\\/lapsed\\\/mudelautod\\\/norev-mudelauto-vw-beetle-1303-1973-n53-154\\\/#breadcrumb\"},\"inLanguage\":\"en-GB\",\"potentialAction\":[{\"@type\":\"ReadAction\",\"target\":[\"http:\\\/\\\/ruuby.ee\\\/pood\\\/lapsed\\\/mudelautod\\\/norev-mudelauto-vw-beetle-1303-1973-n53-154\\\/\"]}]},{\"@type\":\"ImageObject\",\"inLanguage\":\"en-GB\",\"@id\":\"http:\\\/\\\/ruuby.ee\\\/pood\\\/lapsed\\\/mudelautod\\\/norev-mudelauto-vw-beetle-1303-1973-n53-154\\\/#primaryimage\",\"url\":\"https:\\\/\\\/ruuby.ee\\\/wp-content\\\/uploads\\\/2025\\\/10\\\/Screenshot-2025-10-07-at-17.37.57.png\",\"contentUrl\":\"https:\\\/\\\/ruuby.ee\\\/wp-content\\\/uploads\\\/2025\\\/10\\\/Screenshot-2025-10-07-at-17.37.57.png\",\"width\":1174,\"height\":1174},{\"@type\":\"BreadcrumbList\",\"@id\":\"http:\\\/\\\/ruuby.ee\\\/pood\\\/lapsed\\\/mudelautod\\\/norev-mudelauto-vw-beetle-1303-1973-n53-154\\\/#breadcrumb\",\"itemListElement\":[{\"@type\":\"ListItem\",\"position\":1,\"name\":\"Kdu\",\"item\":\"http:\\\/\\\/ruuby.ee\\\/en\\\/\"},{\"@type\":\"ListItem\",\"position\":2,\"name\":\"Pood\",\"item\":\"http:\\\/\\\/ruuby.ee\\\/en\\\/pood\\\/\"},{\"@type\":\"ListItem\",\"position\":3,\"name\":\"NOREV mudelauto, VW Beetle 1303 1973 N\u00b053 1:54\"}]},{\"@type\":\"WebSite\",\"@id\":\"http:\\\/\\\/ruuby.ee\\\/en\\\/#website\",\"url\":\"http:\\\/\\\/ruuby.ee\\\/en\\\/\",\"name\":\"RUUBY\",\"description\":\"Ruubys on \u00fchendatud elustiil ja disain\",\"publisher\":{\"@id\":\"http:\\\/\\\/ruuby.ee\\\/en\\\/#organization\"},\"alternateName\":\"Ruuby Disain\",\"potentialAction\":[{\"@type\":\"SearchAction\",\"target\":{\"@type\":\"EntryPoint\",\"urlTemplate\":\"http:\\\/\\\/ruuby.ee\\\/en\\\/?s={search_term_string}\"},\"query-input\":{\"@type\":\"PropertyValueSpecification\",\"valueRequired\":true,\"valueName\":\"search_term_string\"}}],\"inLanguage\":\"en-GB\"},{\"@type\":\"Organization\",\"@id\":\"http:\\\/\\\/ruuby.ee\\\/en\\\/#organization\",\"name\":\"Ruuby Disain O\u00dc\",\"alternateName\":\"Ruuby\",\"url\":\"http:\\\/\\\/ruuby.ee\\\/en\\\/\",\"logo\":{\"@type\":\"ImageObject\",\"inLanguage\":\"en-GB\",\"@id\":\"http:\\\/\\\/ruuby.ee\\\/en\\\/#\\\/schema\\\/logo\\\/image\\\/\",\"url\":\"https:\\\/\\\/ruuby.ee\\\/wp-content\\\/uploads\\\/2023\\\/06\\\/cropped-Black-White-Elegant-Circle-Signature-Fashion-Logo-12_large.png\",\"contentUrl\":\"https:\\\/\\\/ruuby.ee\\\/wp-content\\\/uploads\\\/2023\\\/06\\\/cropped-Black-White-Elegant-Circle-Signature-Fashion-Logo-12_large.png\",\"width\":1280,\"height\":747,\"caption\":\"Ruuby Disain O\u00dc\"},\"image\":{\"@id\":\"http:\\\/\\\/ruuby.ee\\\/en\\\/#\\\/schema\\\/logo\\\/image\\\/\"},\"sameAs\":[\"https:\\\/\\\/www.facebook.com\\\/ruubyconcept\",\"https:\\\/\\\/www.instagram.com\\\/ruuby_concept\\\/\"]}]}<\/script>\n<!-- \/ Yoast SEO plugin. -->","yoast_head_json":{"title":"NOREV mudelauto, VW Beetle 1303 1973 N\u00b053 1:54 - RUUBY","robots":{"index":"index","follow":"follow","max-snippet":"max-snippet:-1","max-image-preview":"max-image-preview:large","max-video-preview":"max-video-preview:-1"},"canonical":"http:\/\/ruuby.ee\/en\/pood\/lapsed\/mudelautod\/norev-mudelauto-vw-beetle-1303-1973-n53-154\/","og_locale":"en_GB","og_type":"article","og_title":"NOREV mudelauto, VW Beetle 1303 1973 N\u00b053 1:54 - RUUBY","og_description":"VW Beetle hoiab maailma enimm\u00fc\u00fcdud auto rekordit. Kergesti \u00e4ratuntav, \u00fcmar disain ja globaalne haare on toonud sellele hellitavad h\u00fc\u00fcdnimed, mis meenutavad mardikat: inglise keeles &#8220;Beetle&#8221;, saksa keeles &#8220;K\u00e4fer&#8221;, hispaania keeles &#8220;Escarabajo&#8221; ja itaalia keeles &#8220;Maggiolino&#8221;. Meie miniatuurne Mardikas j\u00e4ljendab seda ikoonilist disaini, mis on kuulus erinevatest filmidest ja telesarjadest. Pehmed plastrehvid lisavad realismi. Volkswagen Beetle [&hellip;]","og_url":"http:\/\/ruuby.ee\/en\/pood\/lapsed\/mudelautod\/norev-mudelauto-vw-beetle-1303-1973-n53-154\/","og_site_name":"RUUBY","article_publisher":"https:\/\/www.facebook.com\/ruubyconcept","article_modified_time":"2026-04-07T22:28:23+00:00","og_image":[{"width":1174,"height":1174,"url":"http:\/\/ruuby.ee\/wp-content\/uploads\/2025\/10\/Screenshot-2025-10-07-at-17.37.57.png","type":"image\/png"}],"twitter_card":"summary_large_image","twitter_misc":{"Estimated reading time":"1 minute"},"schema":{"@context":"https:\/\/schema.org","@graph":[{"@type":["WebPage","ItemPage"],"@id":"http:\/\/ruuby.ee\/pood\/lapsed\/mudelautod\/norev-mudelauto-vw-beetle-1303-1973-n53-154\/","url":"http:\/\/ruuby.ee\/pood\/lapsed\/mudelautod\/norev-mudelauto-vw-beetle-1303-1973-n53-154\/","name":"NOREV mudelauto, VW Beetle 1303 1973 N\u00b053 1:54 - RUUBY","isPartOf":{"@id":"http:\/\/ruuby.ee\/en\/#website"},"primaryImageOfPage":{"@id":"http:\/\/ruuby.ee\/pood\/lapsed\/mudelautod\/norev-mudelauto-vw-beetle-1303-1973-n53-154\/#primaryimage"},"image":{"@id":"http:\/\/ruuby.ee\/pood\/lapsed\/mudelautod\/norev-mudelauto-vw-beetle-1303-1973-n53-154\/#primaryimage"},"thumbnailUrl":"https:\/\/ruuby.ee\/wp-content\/uploads\/2025\/10\/Screenshot-2025-10-07-at-17.37.57.png","datePublished":"2025-10-07T14:15:21+00:00","dateModified":"2026-04-07T22:28:23+00:00","breadcrumb":{"@id":"http:\/\/ruuby.ee\/pood\/lapsed\/mudelautod\/norev-mudelauto-vw-beetle-1303-1973-n53-154\/#breadcrumb"},"inLanguage":"en-GB","potentialAction":[{"@type":"ReadAction","target":["http:\/\/ruuby.ee\/pood\/lapsed\/mudelautod\/norev-mudelauto-vw-beetle-1303-1973-n53-154\/"]}]},{"@type":"ImageObject","inLanguage":"en-GB","@id":"http:\/\/ruuby.ee\/pood\/lapsed\/mudelautod\/norev-mudelauto-vw-beetle-1303-1973-n53-154\/#primaryimage","url":"https:\/\/ruuby.ee\/wp-content\/uploads\/2025\/10\/Screenshot-2025-10-07-at-17.37.57.png","contentUrl":"https:\/\/ruuby.ee\/wp-content\/uploads\/2025\/10\/Screenshot-2025-10-07-at-17.37.57.png","width":1174,"height":1174},{"@type":"BreadcrumbList","@id":"http:\/\/ruuby.ee\/pood\/lapsed\/mudelautod\/norev-mudelauto-vw-beetle-1303-1973-n53-154\/#breadcrumb","itemListElement":[{"@type":"ListItem","position":1,"name":"Kdu","item":"http:\/\/ruuby.ee\/en\/"},{"@type":"ListItem","position":2,"name":"Pood","item":"http:\/\/ruuby.ee\/en\/pood\/"},{"@type":"ListItem","position":3,"name":"NOREV mudelauto, VW Beetle 1303 1973 N\u00b053 1:54"}]},{"@type":"WebSite","@id":"http:\/\/ruuby.ee\/en\/#website","url":"http:\/\/ruuby.ee\/en\/","name":"RUUBY","description":"Ruubys on \u00fchendatud elustiil ja disain","publisher":{"@id":"http:\/\/ruuby.ee\/en\/#organization"},"alternateName":"Ruuby Disain","potentialAction":[{"@type":"SearchAction","target":{"@type":"EntryPoint","urlTemplate":"http:\/\/ruuby.ee\/en\/?s={search_term_string}"},"query-input":{"@type":"PropertyValueSpecification","valueRequired":true,"valueName":"search_term_string"}}],"inLanguage":"en-GB"},{"@type":"Organization","@id":"http:\/\/ruuby.ee\/en\/#organization","name":"Ruuby Disain O\u00dc","alternateName":"Ruuby","url":"http:\/\/ruuby.ee\/en\/","logo":{"@type":"ImageObject","inLanguage":"en-GB","@id":"http:\/\/ruuby.ee\/en\/#\/schema\/logo\/image\/","url":"https:\/\/ruuby.ee\/wp-content\/uploads\/2023\/06\/cropped-Black-White-Elegant-Circle-Signature-Fashion-Logo-12_large.png","contentUrl":"https:\/\/ruuby.ee\/wp-content\/uploads\/2023\/06\/cropped-Black-White-Elegant-Circle-Signature-Fashion-Logo-12_large.png","width":1280,"height":747,"caption":"Ruuby Disain O\u00dc"},"image":{"@id":"http:\/\/ruuby.ee\/en\/#\/schema\/logo\/image\/"},"sameAs":["https:\/\/www.facebook.com\/ruubyconcept","https:\/\/www.instagram.com\/ruuby_concept\/"]}]}},"jetpack_sharing_enabled":true,"_links":{"self":[{"href":"https:\/\/ruuby.ee\/en\/wp-json\/wp\/v2\/product\/1856110","targetHints":{"allow":["GET"]}}],"collection":[{"href":"https:\/\/ruuby.ee\/en\/wp-json\/wp\/v2\/product"}],"about":[{"href":"https:\/\/ruuby.ee\/en\/wp-json\/wp\/v2\/types\/product"}],"replies":[{"embeddable":true,"href":"https:\/\/ruuby.ee\/en\/wp-json\/wp\/v2\/comments?post=1856110"}],"wp:featuredmedia":[{"embeddable":true,"href":"https:\/\/ruuby.ee\/en\/wp-json\/wp\/v2\/media\/1856150"}],"wp:attachment":[{"href":"https:\/\/ruuby.ee\/en\/wp-json\/wp\/v2\/media?parent=1856110"}],"wp:term":[{"taxonomy":"product_brand","embeddable":true,"href":"https:\/\/ruuby.ee\/en\/wp-json\/wp\/v2\/product_brand?post=1856110"},{"taxonomy":"product_cat","embeddable":true,"href":"https:\/\/ruuby.ee\/en\/wp-json\/wp\/v2\/product_cat?post=1856110"},{"taxonomy":"product_tag","embeddable":true,"href":"https:\/\/ruuby.ee\/en\/wp-json\/wp\/v2\/product_tag?post=1856110"}],"curies":[{"name":"wp","href":"https:\/\/api.w.org\/{rel}","templated":true}]}}