{"id":1855924,"date":"2025-10-01T12:58:46","date_gmt":"2025-10-01T09:58:46","guid":{"rendered":"https:\/\/ruuby.ee\/pood\/maaratlemata\/monk-anna-kaekott-farou-half-moon-black\/"},"modified":"2026-04-08T01:28:23","modified_gmt":"2026-04-07T22:28:23","slug":"monk-anna-kaekott-farou-half-moon-black","status":"publish","type":"product","link":"https:\/\/ruuby.ee\/en\/pood\/aksessuaarid\/kotid\/monk-anna-kaekott-farou-half-moon-black\/","title":{"rendered":"Monk &amp; Anna k\u00e4ekott, Farou half moon, Black"},"content":{"rendered":"<p>Materjal: Alati eesm\u00e4rk on v\u00e4hendada oma jalaj\u00e4lge selles kaunis maailmas. Tegime uue sammu ja tegime selle Monk &amp; Anna koti taaskasutatud PU-nahast. Pole enam kilesse m\u00e4hitud, vaid kaitstud mittekootud tolmukotiga. Samuti on lihtne oma Monk &amp; Anna kotti hoida, kui te seda ei kanna.<\/p>\n<p>Seest leiate lisatasku v\u00e4ikeste asjade hoidmiseks.<\/p>\n<p>Suurus \u2013 25 x 16 cm<br \/>\nReguleeritav rihm \u2013 1,5 x 120 cm<\/p>\n<p>Nautige!<\/p>\n<p>&nbsp;<\/p>\n<p>Monk &amp; Anna pakub v\u00e4ikeseid ilusate kaupade kollektsioone, mis on kujundatud suure hoolega ja milles on palju pisidetailid. K\u00f5ik tooted on oma pakendis, millel on oma lugu ja oma nimi. Looming minimalistlikust, kuid esteetilisest maailmast, mis on t\u00e4idetud pehmetes maal\u00e4hedastes toonides ja erinevate tekstuuridega toodetega. Inspireeritud Jaapanist, loodusest, moest ja k\u00e4sit\u00f6\u00f6st \u00fcldiselt. Uus kollektsioon algab alati uute v\u00e4rvipalettide uurimisega ja tekstuuride hankimisega. Sealt edasi on loomingulised meeled vabad, et saada igap\u00e4evaelust inspiratsiooni. Nii j\u00e4\u00e4vad Monk &amp; Anna p\u00f5nevaks ja elavaks.<\/p>","protected":false},"excerpt":{"rendered":"<p>\u00dcks meie armastatud klassikutest, Farou poolkuu kujuline kott, on parim valik igap\u00e4evaseks \u00f5lakotiks. See hoiab sinu olulised asjad sinu juures. Kvaliteetsest vegannahast valmistatud \u00f5lakott on \u0161ikk pilgup\u00fc\u00fcdja.<\/p>","protected":false},"featured_media":1855937,"comment_status":"open","ping_status":"closed","template":"","meta":[],"product_brand":[],"product_cat":[43,672,33],"product_tag":[98],"class_list":{"0":"post-1855924","1":"product","2":"type-product","3":"status-publish","4":"has-post-thumbnail","6":"product_cat-aksessuaarid","7":"product_cat-kaekott","8":"product_cat-kotid","9":"product_tag-kaekott","11":"first","12":"outofstock","13":"taxable","14":"shipping-taxable","15":"purchasable","16":"product-type-simple"},"yoast_head":"<!-- This site is optimized with the Yoast SEO plugin v27.3 - https:\/\/yoast.com\/product\/yoast-seo-wordpress\/ -->\n<title>Monk &amp; Anna k\u00e4ekott, Farou half moon, Black - RUUBY<\/title>\n<meta name=\"robots\" content=\"index, follow, max-snippet:-1, max-image-preview:large, max-video-preview:-1\" \/>\n<link rel=\"canonical\" href=\"https:\/\/ruuby.ee\/en\/pood\/aksessuaarid\/kotid\/monk-anna-kaekott-farou-half-moon-black\/\" \/>\n<meta property=\"og:locale\" content=\"en_GB\" \/>\n<meta property=\"og:type\" content=\"article\" \/>\n<meta property=\"og:title\" content=\"Monk &amp; Anna k\u00e4ekott, Farou half moon, Black - RUUBY\" \/>\n<meta property=\"og:description\" content=\"\u00dcks meie armastatud klassikutest, Farou poolkuu kujuline kott, on parim valik igap\u00e4evaseks \u00f5lakotiks. See hoiab sinu olulised asjad sinu juures. Kvaliteetsest vegannahast valmistatud \u00f5lakott on \u0161ikk pilgup\u00fc\u00fcdja.\" \/>\n<meta property=\"og:url\" content=\"https:\/\/ruuby.ee\/en\/pood\/aksessuaarid\/kotid\/monk-anna-kaekott-farou-half-moon-black\/\" \/>\n<meta property=\"og:site_name\" content=\"RUUBY\" \/>\n<meta property=\"article:publisher\" content=\"https:\/\/www.facebook.com\/ruubyconcept\" \/>\n<meta property=\"article:modified_time\" content=\"2026-04-07T22:28:23+00:00\" \/>\n<meta property=\"og:image\" content=\"https:\/\/ruuby.ee\/wp-content\/uploads\/2025\/10\/Screenshot-2025-10-01-at-13.11.06.png\" \/>\n\t<meta property=\"og:image:width\" content=\"974\" \/>\n\t<meta property=\"og:image:height\" content=\"978\" \/>\n\t<meta property=\"og:image:type\" content=\"image\/png\" \/>\n<meta name=\"twitter:card\" content=\"summary_large_image\" \/>\n<meta name=\"twitter:label1\" content=\"Estimated reading time\" \/>\n\t<meta name=\"twitter:data1\" content=\"1 minute\" \/>\n<script type=\"application\/ld+json\" class=\"yoast-schema-graph\">{\"@context\":\"https:\\\/\\\/schema.org\",\"@graph\":[{\"@type\":[\"WebPage\",\"ItemPage\"],\"@id\":\"https:\\\/\\\/ruuby.ee\\\/pood\\\/aksessuaarid\\\/kotid\\\/monk-anna-kaekott-farou-half-moon-black\\\/\",\"url\":\"https:\\\/\\\/ruuby.ee\\\/pood\\\/aksessuaarid\\\/kotid\\\/monk-anna-kaekott-farou-half-moon-black\\\/\",\"name\":\"Monk &amp; Anna k\u00e4ekott, Farou half moon, Black - RUUBY\",\"isPartOf\":{\"@id\":\"https:\\\/\\\/ruuby.ee\\\/#website\"},\"primaryImageOfPage\":{\"@id\":\"https:\\\/\\\/ruuby.ee\\\/pood\\\/aksessuaarid\\\/kotid\\\/monk-anna-kaekott-farou-half-moon-black\\\/#primaryimage\"},\"image\":{\"@id\":\"https:\\\/\\\/ruuby.ee\\\/pood\\\/aksessuaarid\\\/kotid\\\/monk-anna-kaekott-farou-half-moon-black\\\/#primaryimage\"},\"thumbnailUrl\":\"https:\\\/\\\/ruuby.ee\\\/wp-content\\\/uploads\\\/2025\\\/10\\\/Screenshot-2025-10-01-at-13.11.06.png\",\"datePublished\":\"2025-10-01T09:58:46+00:00\",\"dateModified\":\"2026-04-07T22:28:23+00:00\",\"breadcrumb\":{\"@id\":\"https:\\\/\\\/ruuby.ee\\\/pood\\\/aksessuaarid\\\/kotid\\\/monk-anna-kaekott-farou-half-moon-black\\\/#breadcrumb\"},\"inLanguage\":\"en-GB\",\"potentialAction\":[{\"@type\":\"ReadAction\",\"target\":[\"https:\\\/\\\/ruuby.ee\\\/pood\\\/aksessuaarid\\\/kotid\\\/monk-anna-kaekott-farou-half-moon-black\\\/\"]}]},{\"@type\":\"ImageObject\",\"inLanguage\":\"en-GB\",\"@id\":\"https:\\\/\\\/ruuby.ee\\\/pood\\\/aksessuaarid\\\/kotid\\\/monk-anna-kaekott-farou-half-moon-black\\\/#primaryimage\",\"url\":\"https:\\\/\\\/ruuby.ee\\\/wp-content\\\/uploads\\\/2025\\\/10\\\/Screenshot-2025-10-01-at-13.11.06.png\",\"contentUrl\":\"https:\\\/\\\/ruuby.ee\\\/wp-content\\\/uploads\\\/2025\\\/10\\\/Screenshot-2025-10-01-at-13.11.06.png\",\"width\":974,\"height\":978},{\"@type\":\"BreadcrumbList\",\"@id\":\"https:\\\/\\\/ruuby.ee\\\/pood\\\/aksessuaarid\\\/kotid\\\/monk-anna-kaekott-farou-half-moon-black\\\/#breadcrumb\",\"itemListElement\":[{\"@type\":\"ListItem\",\"position\":1,\"name\":\"Kdu\",\"item\":\"https:\\\/\\\/ruuby.ee\\\/\"},{\"@type\":\"ListItem\",\"position\":2,\"name\":\"Pood\",\"item\":\"https:\\\/\\\/ruuby.ee\\\/pood\\\/\"},{\"@type\":\"ListItem\",\"position\":3,\"name\":\"Monk &amp; Anna k\u00e4ekott, Farou half moon, Black\"}]},{\"@type\":\"WebSite\",\"@id\":\"https:\\\/\\\/ruuby.ee\\\/#website\",\"url\":\"https:\\\/\\\/ruuby.ee\\\/\",\"name\":\"RUUBY\",\"description\":\"Ruubys on \u00fchendatud elustiil ja disain\",\"publisher\":{\"@id\":\"https:\\\/\\\/ruuby.ee\\\/#organization\"},\"alternateName\":\"Ruuby Disain\",\"potentialAction\":[{\"@type\":\"SearchAction\",\"target\":{\"@type\":\"EntryPoint\",\"urlTemplate\":\"https:\\\/\\\/ruuby.ee\\\/?s={search_term_string}\"},\"query-input\":{\"@type\":\"PropertyValueSpecification\",\"valueRequired\":true,\"valueName\":\"search_term_string\"}}],\"inLanguage\":\"en-GB\"},{\"@type\":\"Organization\",\"@id\":\"https:\\\/\\\/ruuby.ee\\\/#organization\",\"name\":\"Ruuby Disain O\u00dc\",\"alternateName\":\"Ruuby\",\"url\":\"https:\\\/\\\/ruuby.ee\\\/\",\"logo\":{\"@type\":\"ImageObject\",\"inLanguage\":\"en-GB\",\"@id\":\"https:\\\/\\\/ruuby.ee\\\/#\\\/schema\\\/logo\\\/image\\\/\",\"url\":\"https:\\\/\\\/ruuby.ee\\\/wp-content\\\/uploads\\\/2023\\\/06\\\/cropped-Black-White-Elegant-Circle-Signature-Fashion-Logo-12_large.png\",\"contentUrl\":\"https:\\\/\\\/ruuby.ee\\\/wp-content\\\/uploads\\\/2023\\\/06\\\/cropped-Black-White-Elegant-Circle-Signature-Fashion-Logo-12_large.png\",\"width\":1280,\"height\":747,\"caption\":\"Ruuby Disain O\u00dc\"},\"image\":{\"@id\":\"https:\\\/\\\/ruuby.ee\\\/#\\\/schema\\\/logo\\\/image\\\/\"},\"sameAs\":[\"https:\\\/\\\/www.facebook.com\\\/ruubyconcept\",\"https:\\\/\\\/www.instagram.com\\\/ruuby_concept\\\/\"]}]}<\/script>\n<!-- \/ Yoast SEO plugin. -->","yoast_head_json":{"title":"Monk &amp; Anna k\u00e4ekott, Farou half moon, Black - RUUBY","robots":{"index":"index","follow":"follow","max-snippet":"max-snippet:-1","max-image-preview":"max-image-preview:large","max-video-preview":"max-video-preview:-1"},"canonical":"https:\/\/ruuby.ee\/en\/pood\/aksessuaarid\/kotid\/monk-anna-kaekott-farou-half-moon-black\/","og_locale":"en_GB","og_type":"article","og_title":"Monk &amp; Anna k\u00e4ekott, Farou half moon, Black - RUUBY","og_description":"\u00dcks meie armastatud klassikutest, Farou poolkuu kujuline kott, on parim valik igap\u00e4evaseks \u00f5lakotiks. See hoiab sinu olulised asjad sinu juures. Kvaliteetsest vegannahast valmistatud \u00f5lakott on \u0161ikk pilgup\u00fc\u00fcdja.","og_url":"https:\/\/ruuby.ee\/en\/pood\/aksessuaarid\/kotid\/monk-anna-kaekott-farou-half-moon-black\/","og_site_name":"RUUBY","article_publisher":"https:\/\/www.facebook.com\/ruubyconcept","article_modified_time":"2026-04-07T22:28:23+00:00","og_image":[{"width":974,"height":978,"url":"https:\/\/ruuby.ee\/wp-content\/uploads\/2025\/10\/Screenshot-2025-10-01-at-13.11.06.png","type":"image\/png"}],"twitter_card":"summary_large_image","twitter_misc":{"Estimated reading time":"1 minute"},"schema":{"@context":"https:\/\/schema.org","@graph":[{"@type":["WebPage","ItemPage"],"@id":"https:\/\/ruuby.ee\/pood\/aksessuaarid\/kotid\/monk-anna-kaekott-farou-half-moon-black\/","url":"https:\/\/ruuby.ee\/pood\/aksessuaarid\/kotid\/monk-anna-kaekott-farou-half-moon-black\/","name":"Monk &amp; Anna k\u00e4ekott, Farou half moon, Black - RUUBY","isPartOf":{"@id":"https:\/\/ruuby.ee\/#website"},"primaryImageOfPage":{"@id":"https:\/\/ruuby.ee\/pood\/aksessuaarid\/kotid\/monk-anna-kaekott-farou-half-moon-black\/#primaryimage"},"image":{"@id":"https:\/\/ruuby.ee\/pood\/aksessuaarid\/kotid\/monk-anna-kaekott-farou-half-moon-black\/#primaryimage"},"thumbnailUrl":"https:\/\/ruuby.ee\/wp-content\/uploads\/2025\/10\/Screenshot-2025-10-01-at-13.11.06.png","datePublished":"2025-10-01T09:58:46+00:00","dateModified":"2026-04-07T22:28:23+00:00","breadcrumb":{"@id":"https:\/\/ruuby.ee\/pood\/aksessuaarid\/kotid\/monk-anna-kaekott-farou-half-moon-black\/#breadcrumb"},"inLanguage":"en-GB","potentialAction":[{"@type":"ReadAction","target":["https:\/\/ruuby.ee\/pood\/aksessuaarid\/kotid\/monk-anna-kaekott-farou-half-moon-black\/"]}]},{"@type":"ImageObject","inLanguage":"en-GB","@id":"https:\/\/ruuby.ee\/pood\/aksessuaarid\/kotid\/monk-anna-kaekott-farou-half-moon-black\/#primaryimage","url":"https:\/\/ruuby.ee\/wp-content\/uploads\/2025\/10\/Screenshot-2025-10-01-at-13.11.06.png","contentUrl":"https:\/\/ruuby.ee\/wp-content\/uploads\/2025\/10\/Screenshot-2025-10-01-at-13.11.06.png","width":974,"height":978},{"@type":"BreadcrumbList","@id":"https:\/\/ruuby.ee\/pood\/aksessuaarid\/kotid\/monk-anna-kaekott-farou-half-moon-black\/#breadcrumb","itemListElement":[{"@type":"ListItem","position":1,"name":"Kdu","item":"https:\/\/ruuby.ee\/"},{"@type":"ListItem","position":2,"name":"Pood","item":"https:\/\/ruuby.ee\/pood\/"},{"@type":"ListItem","position":3,"name":"Monk &amp; Anna k\u00e4ekott, Farou half moon, Black"}]},{"@type":"WebSite","@id":"https:\/\/ruuby.ee\/#website","url":"https:\/\/ruuby.ee\/","name":"RUUBY","description":"Ruubys on \u00fchendatud elustiil ja disain","publisher":{"@id":"https:\/\/ruuby.ee\/#organization"},"alternateName":"Ruuby Disain","potentialAction":[{"@type":"SearchAction","target":{"@type":"EntryPoint","urlTemplate":"https:\/\/ruuby.ee\/?s={search_term_string}"},"query-input":{"@type":"PropertyValueSpecification","valueRequired":true,"valueName":"search_term_string"}}],"inLanguage":"en-GB"},{"@type":"Organization","@id":"https:\/\/ruuby.ee\/#organization","name":"Ruuby Disain O\u00dc","alternateName":"Ruuby","url":"https:\/\/ruuby.ee\/","logo":{"@type":"ImageObject","inLanguage":"en-GB","@id":"https:\/\/ruuby.ee\/#\/schema\/logo\/image\/","url":"https:\/\/ruuby.ee\/wp-content\/uploads\/2023\/06\/cropped-Black-White-Elegant-Circle-Signature-Fashion-Logo-12_large.png","contentUrl":"https:\/\/ruuby.ee\/wp-content\/uploads\/2023\/06\/cropped-Black-White-Elegant-Circle-Signature-Fashion-Logo-12_large.png","width":1280,"height":747,"caption":"Ruuby Disain O\u00dc"},"image":{"@id":"https:\/\/ruuby.ee\/#\/schema\/logo\/image\/"},"sameAs":["https:\/\/www.facebook.com\/ruubyconcept","https:\/\/www.instagram.com\/ruuby_concept\/"]}]}},"jetpack_sharing_enabled":true,"_links":{"self":[{"href":"https:\/\/ruuby.ee\/en\/wp-json\/wp\/v2\/product\/1855924","targetHints":{"allow":["GET"]}}],"collection":[{"href":"https:\/\/ruuby.ee\/en\/wp-json\/wp\/v2\/product"}],"about":[{"href":"https:\/\/ruuby.ee\/en\/wp-json\/wp\/v2\/types\/product"}],"replies":[{"embeddable":true,"href":"https:\/\/ruuby.ee\/en\/wp-json\/wp\/v2\/comments?post=1855924"}],"wp:featuredmedia":[{"embeddable":true,"href":"https:\/\/ruuby.ee\/en\/wp-json\/wp\/v2\/media\/1855937"}],"wp:attachment":[{"href":"https:\/\/ruuby.ee\/en\/wp-json\/wp\/v2\/media?parent=1855924"}],"wp:term":[{"taxonomy":"product_brand","embeddable":true,"href":"https:\/\/ruuby.ee\/en\/wp-json\/wp\/v2\/product_brand?post=1855924"},{"taxonomy":"product_cat","embeddable":true,"href":"https:\/\/ruuby.ee\/en\/wp-json\/wp\/v2\/product_cat?post=1855924"},{"taxonomy":"product_tag","embeddable":true,"href":"https:\/\/ruuby.ee\/en\/wp-json\/wp\/v2\/product_tag?post=1855924"}],"curies":[{"name":"wp","href":"https:\/\/api.w.org\/{rel}","templated":true}]}}