{"id":1855793,"date":"2025-09-27T13:07:10","date_gmt":"2025-09-27T10:07:10","guid":{"rendered":"https:\/\/ruuby.ee\/pood\/maaratlemata\/house-nordic-marmor-laualamp-sheffield\/"},"modified":"2026-04-05T01:25:18","modified_gmt":"2026-04-04T22:25:18","slug":"house-nordic-marmor-laualamp-sheffield","status":"publish","type":"product","link":"https:\/\/ruuby.ee\/en\/pood\/kodusisustus\/valgustus\/laualamabid\/house-nordic-marmor-laualamp-sheffield\/","title":{"rendered":"House Nordic marmor laualamp, Sheffield"},"content":{"rendered":"<p>House Nordicu Sheffield laualamp on praktiline ja stiilne aktsent- v\u00f5i laualamp. Marmorist ja metallist valmistatud lamp on House Nordicu toode \u2013 Taani br\u00e4nd, mis on tuntud oma kire poolest m\u00f6\u00f6bli ja sisustustoodete vastu. P\u00fchendununa kvaliteedile tagab House Nordic, et iga toode on hoolikalt valitud parimatelt tarnijatelt \u00fcle maailma.<\/p>\n<p>Materjal: marmor ja metall.<\/p>\n<p>M\u00f5\u00f5dud:25x25x45cm<\/p>\n<p>Kaal: 3.22kg<\/p>","protected":false},"excerpt":{"rendered":"<p>House Nordicu Sheffield laualamp on praktiline ja stiilne aktsent- v\u00f5i laualamp. Marmorist ja metallist valmistatud lamp on House Nordicu toode \u2013 Taani br\u00e4nd, mis on tuntud oma kire poolest m\u00f6\u00f6bli ja sisustustoodete vastu. P\u00fchendununa kvaliteedile tagab House Nordic, et iga toode on hoolikalt valitud parimatelt tarnijatelt \u00fcle maailma. Materjal: marmor ja metall. M\u00f5\u00f5dud:25x25x45cm Kaal: 3.22kg<\/p>","protected":false},"featured_media":1855826,"comment_status":"open","ping_status":"closed","template":"","meta":[],"product_brand":[],"product_cat":[42,796,59],"product_tag":[151],"class_list":{"0":"post-1855793","1":"product","2":"type-product","3":"status-publish","4":"has-post-thumbnail","6":"product_cat-kodusisustus","7":"product_cat-laualamabid","8":"product_cat-valgustus","9":"product_tag-laualamp","11":"first","12":"outofstock","13":"taxable","14":"shipping-taxable","15":"purchasable","16":"product-type-simple"},"yoast_head":"<!-- This site is optimized with the Yoast SEO plugin v27.2 - https:\/\/yoast.com\/product\/yoast-seo-wordpress\/ -->\n<title>House Nordic marmor laualamp, Sheffield - RUUBY<\/title>\n<meta name=\"robots\" content=\"index, follow, max-snippet:-1, max-image-preview:large, max-video-preview:-1\" \/>\n<link rel=\"canonical\" href=\"http:\/\/ruuby.ee\/en\/pood\/kodusisustus\/valgustus\/laualamabid\/house-nordic-marmor-laualamp-sheffield\/\" \/>\n<meta property=\"og:locale\" content=\"en_GB\" \/>\n<meta property=\"og:type\" content=\"article\" \/>\n<meta property=\"og:title\" content=\"House Nordic marmor laualamp, Sheffield - RUUBY\" \/>\n<meta property=\"og:description\" content=\"House Nordicu Sheffield laualamp on praktiline ja stiilne aktsent- v\u00f5i laualamp. Marmorist ja metallist valmistatud lamp on House Nordicu toode \u2013 Taani br\u00e4nd, mis on tuntud oma kire poolest m\u00f6\u00f6bli ja sisustustoodete vastu. P\u00fchendununa kvaliteedile tagab House Nordic, et iga toode on hoolikalt valitud parimatelt tarnijatelt \u00fcle maailma. Materjal: marmor ja metall. M\u00f5\u00f5dud:25x25x45cm Kaal: 3.22kg\" \/>\n<meta property=\"og:url\" content=\"http:\/\/ruuby.ee\/en\/pood\/kodusisustus\/valgustus\/laualamabid\/house-nordic-marmor-laualamp-sheffield\/\" \/>\n<meta property=\"og:site_name\" content=\"RUUBY\" \/>\n<meta property=\"article:publisher\" content=\"https:\/\/www.facebook.com\/ruubyconcept\" \/>\n<meta property=\"article:modified_time\" content=\"2026-04-04T22:25:18+00:00\" \/>\n<meta property=\"og:image\" content=\"http:\/\/ruuby.ee\/wp-content\/uploads\/2025\/09\/Screenshot-2025-09-27-at-14.27.26.png\" \/>\n\t<meta property=\"og:image:width\" content=\"1796\" \/>\n\t<meta property=\"og:image:height\" content=\"1280\" \/>\n\t<meta property=\"og:image:type\" content=\"image\/png\" \/>\n<meta name=\"twitter:card\" content=\"summary_large_image\" \/>\n<meta name=\"twitter:label1\" content=\"Estimated reading time\" \/>\n\t<meta name=\"twitter:data1\" content=\"1 minute\" \/>\n<script type=\"application\/ld+json\" class=\"yoast-schema-graph\">{\"@context\":\"https:\/\/schema.org\",\"@graph\":[{\"@type\":[\"WebPage\",\"ItemPage\"],\"@id\":\"http:\/\/ruuby.ee\/en\/pood\/kodusisustus\/valgustus\/laualamabid\/house-nordic-marmor-laualamp-sheffield\/\",\"url\":\"http:\/\/ruuby.ee\/en\/pood\/kodusisustus\/valgustus\/laualamabid\/house-nordic-marmor-laualamp-sheffield\/\",\"name\":\"House Nordic marmor laualamp, Sheffield - RUUBY\",\"isPartOf\":{\"@id\":\"http:\/\/ruuby.ee\/#website\"},\"primaryImageOfPage\":{\"@id\":\"http:\/\/ruuby.ee\/en\/pood\/kodusisustus\/valgustus\/laualamabid\/house-nordic-marmor-laualamp-sheffield\/#primaryimage\"},\"image\":{\"@id\":\"http:\/\/ruuby.ee\/en\/pood\/kodusisustus\/valgustus\/laualamabid\/house-nordic-marmor-laualamp-sheffield\/#primaryimage\"},\"thumbnailUrl\":\"https:\/\/ruuby.ee\/wp-content\/uploads\/2025\/09\/Screenshot-2025-09-27-at-14.27.26.png\",\"datePublished\":\"2025-09-27T10:07:10+00:00\",\"dateModified\":\"2026-04-04T22:25:18+00:00\",\"breadcrumb\":{\"@id\":\"http:\/\/ruuby.ee\/en\/pood\/kodusisustus\/valgustus\/laualamabid\/house-nordic-marmor-laualamp-sheffield\/#breadcrumb\"},\"inLanguage\":\"en-GB\",\"potentialAction\":[{\"@type\":\"ReadAction\",\"target\":[\"http:\/\/ruuby.ee\/en\/pood\/kodusisustus\/valgustus\/laualamabid\/house-nordic-marmor-laualamp-sheffield\/\"]}]},{\"@type\":\"ImageObject\",\"inLanguage\":\"en-GB\",\"@id\":\"http:\/\/ruuby.ee\/en\/pood\/kodusisustus\/valgustus\/laualamabid\/house-nordic-marmor-laualamp-sheffield\/#primaryimage\",\"url\":\"https:\/\/ruuby.ee\/wp-content\/uploads\/2025\/09\/Screenshot-2025-09-27-at-14.27.26.png\",\"contentUrl\":\"https:\/\/ruuby.ee\/wp-content\/uploads\/2025\/09\/Screenshot-2025-09-27-at-14.27.26.png\",\"width\":1796,\"height\":1280},{\"@type\":\"BreadcrumbList\",\"@id\":\"http:\/\/ruuby.ee\/en\/pood\/kodusisustus\/valgustus\/laualamabid\/house-nordic-marmor-laualamp-sheffield\/#breadcrumb\",\"itemListElement\":[{\"@type\":\"ListItem\",\"position\":1,\"name\":\"Kdu\",\"item\":\"http:\/\/ruuby.ee\/\"},{\"@type\":\"ListItem\",\"position\":2,\"name\":\"Pood\",\"item\":\"https:\/\/ruuby.ee\/en\/pood\/\"},{\"@type\":\"ListItem\",\"position\":3,\"name\":\"House Nordic marmor laualamp, Sheffield\"}]},{\"@type\":\"WebSite\",\"@id\":\"http:\/\/ruuby.ee\/#website\",\"url\":\"http:\/\/ruuby.ee\/\",\"name\":\"RUUBY\",\"description\":\"Ruubys on \u00fchendatud elustiil ja disain\",\"publisher\":{\"@id\":\"http:\/\/ruuby.ee\/#organization\"},\"alternateName\":\"Ruuby Disain\",\"potentialAction\":[{\"@type\":\"SearchAction\",\"target\":{\"@type\":\"EntryPoint\",\"urlTemplate\":\"http:\/\/ruuby.ee\/?s={search_term_string}\"},\"query-input\":{\"@type\":\"PropertyValueSpecification\",\"valueRequired\":true,\"valueName\":\"search_term_string\"}}],\"inLanguage\":\"en-GB\"},{\"@type\":\"Organization\",\"@id\":\"http:\/\/ruuby.ee\/#organization\",\"name\":\"Ruuby Disain O\u00dc\",\"alternateName\":\"Ruuby\",\"url\":\"http:\/\/ruuby.ee\/\",\"logo\":{\"@type\":\"ImageObject\",\"inLanguage\":\"en-GB\",\"@id\":\"http:\/\/ruuby.ee\/#\/schema\/logo\/image\/\",\"url\":\"https:\/\/ruuby.ee\/wp-content\/uploads\/2023\/06\/cropped-Black-White-Elegant-Circle-Signature-Fashion-Logo-12_large.png\",\"contentUrl\":\"https:\/\/ruuby.ee\/wp-content\/uploads\/2023\/06\/cropped-Black-White-Elegant-Circle-Signature-Fashion-Logo-12_large.png\",\"width\":1280,\"height\":747,\"caption\":\"Ruuby Disain O\u00dc\"},\"image\":{\"@id\":\"http:\/\/ruuby.ee\/#\/schema\/logo\/image\/\"},\"sameAs\":[\"https:\/\/www.facebook.com\/ruubyconcept\",\"https:\/\/www.instagram.com\/ruuby_concept\/\"]}]}<\/script>\n<!-- \/ Yoast SEO plugin. -->","yoast_head_json":{"title":"House Nordic marmor laualamp, Sheffield - RUUBY","robots":{"index":"index","follow":"follow","max-snippet":"max-snippet:-1","max-image-preview":"max-image-preview:large","max-video-preview":"max-video-preview:-1"},"canonical":"http:\/\/ruuby.ee\/en\/pood\/kodusisustus\/valgustus\/laualamabid\/house-nordic-marmor-laualamp-sheffield\/","og_locale":"en_GB","og_type":"article","og_title":"House Nordic marmor laualamp, Sheffield - RUUBY","og_description":"House Nordicu Sheffield laualamp on praktiline ja stiilne aktsent- v\u00f5i laualamp. Marmorist ja metallist valmistatud lamp on House Nordicu toode \u2013 Taani br\u00e4nd, mis on tuntud oma kire poolest m\u00f6\u00f6bli ja sisustustoodete vastu. P\u00fchendununa kvaliteedile tagab House Nordic, et iga toode on hoolikalt valitud parimatelt tarnijatelt \u00fcle maailma. Materjal: marmor ja metall. M\u00f5\u00f5dud:25x25x45cm Kaal: 3.22kg","og_url":"http:\/\/ruuby.ee\/en\/pood\/kodusisustus\/valgustus\/laualamabid\/house-nordic-marmor-laualamp-sheffield\/","og_site_name":"RUUBY","article_publisher":"https:\/\/www.facebook.com\/ruubyconcept","article_modified_time":"2026-04-04T22:25:18+00:00","og_image":[{"width":1796,"height":1280,"url":"http:\/\/ruuby.ee\/wp-content\/uploads\/2025\/09\/Screenshot-2025-09-27-at-14.27.26.png","type":"image\/png"}],"twitter_card":"summary_large_image","twitter_misc":{"Estimated reading time":"1 minute"},"schema":{"@context":"https:\/\/schema.org","@graph":[{"@type":["WebPage","ItemPage"],"@id":"http:\/\/ruuby.ee\/en\/pood\/kodusisustus\/valgustus\/laualamabid\/house-nordic-marmor-laualamp-sheffield\/","url":"http:\/\/ruuby.ee\/en\/pood\/kodusisustus\/valgustus\/laualamabid\/house-nordic-marmor-laualamp-sheffield\/","name":"House Nordic marmor laualamp, Sheffield - RUUBY","isPartOf":{"@id":"http:\/\/ruuby.ee\/#website"},"primaryImageOfPage":{"@id":"http:\/\/ruuby.ee\/en\/pood\/kodusisustus\/valgustus\/laualamabid\/house-nordic-marmor-laualamp-sheffield\/#primaryimage"},"image":{"@id":"http:\/\/ruuby.ee\/en\/pood\/kodusisustus\/valgustus\/laualamabid\/house-nordic-marmor-laualamp-sheffield\/#primaryimage"},"thumbnailUrl":"https:\/\/ruuby.ee\/wp-content\/uploads\/2025\/09\/Screenshot-2025-09-27-at-14.27.26.png","datePublished":"2025-09-27T10:07:10+00:00","dateModified":"2026-04-04T22:25:18+00:00","breadcrumb":{"@id":"http:\/\/ruuby.ee\/en\/pood\/kodusisustus\/valgustus\/laualamabid\/house-nordic-marmor-laualamp-sheffield\/#breadcrumb"},"inLanguage":"en-GB","potentialAction":[{"@type":"ReadAction","target":["http:\/\/ruuby.ee\/en\/pood\/kodusisustus\/valgustus\/laualamabid\/house-nordic-marmor-laualamp-sheffield\/"]}]},{"@type":"ImageObject","inLanguage":"en-GB","@id":"http:\/\/ruuby.ee\/en\/pood\/kodusisustus\/valgustus\/laualamabid\/house-nordic-marmor-laualamp-sheffield\/#primaryimage","url":"https:\/\/ruuby.ee\/wp-content\/uploads\/2025\/09\/Screenshot-2025-09-27-at-14.27.26.png","contentUrl":"https:\/\/ruuby.ee\/wp-content\/uploads\/2025\/09\/Screenshot-2025-09-27-at-14.27.26.png","width":1796,"height":1280},{"@type":"BreadcrumbList","@id":"http:\/\/ruuby.ee\/en\/pood\/kodusisustus\/valgustus\/laualamabid\/house-nordic-marmor-laualamp-sheffield\/#breadcrumb","itemListElement":[{"@type":"ListItem","position":1,"name":"Kdu","item":"http:\/\/ruuby.ee\/"},{"@type":"ListItem","position":2,"name":"Pood","item":"https:\/\/ruuby.ee\/en\/pood\/"},{"@type":"ListItem","position":3,"name":"House Nordic marmor laualamp, Sheffield"}]},{"@type":"WebSite","@id":"http:\/\/ruuby.ee\/#website","url":"http:\/\/ruuby.ee\/","name":"RUUBY","description":"Ruubys on \u00fchendatud elustiil ja disain","publisher":{"@id":"http:\/\/ruuby.ee\/#organization"},"alternateName":"Ruuby Disain","potentialAction":[{"@type":"SearchAction","target":{"@type":"EntryPoint","urlTemplate":"http:\/\/ruuby.ee\/?s={search_term_string}"},"query-input":{"@type":"PropertyValueSpecification","valueRequired":true,"valueName":"search_term_string"}}],"inLanguage":"en-GB"},{"@type":"Organization","@id":"http:\/\/ruuby.ee\/#organization","name":"Ruuby Disain O\u00dc","alternateName":"Ruuby","url":"http:\/\/ruuby.ee\/","logo":{"@type":"ImageObject","inLanguage":"en-GB","@id":"http:\/\/ruuby.ee\/#\/schema\/logo\/image\/","url":"https:\/\/ruuby.ee\/wp-content\/uploads\/2023\/06\/cropped-Black-White-Elegant-Circle-Signature-Fashion-Logo-12_large.png","contentUrl":"https:\/\/ruuby.ee\/wp-content\/uploads\/2023\/06\/cropped-Black-White-Elegant-Circle-Signature-Fashion-Logo-12_large.png","width":1280,"height":747,"caption":"Ruuby Disain O\u00dc"},"image":{"@id":"http:\/\/ruuby.ee\/#\/schema\/logo\/image\/"},"sameAs":["https:\/\/www.facebook.com\/ruubyconcept","https:\/\/www.instagram.com\/ruuby_concept\/"]}]}},"jetpack_sharing_enabled":true,"_links":{"self":[{"href":"https:\/\/ruuby.ee\/en\/wp-json\/wp\/v2\/product\/1855793","targetHints":{"allow":["GET"]}}],"collection":[{"href":"https:\/\/ruuby.ee\/en\/wp-json\/wp\/v2\/product"}],"about":[{"href":"https:\/\/ruuby.ee\/en\/wp-json\/wp\/v2\/types\/product"}],"replies":[{"embeddable":true,"href":"https:\/\/ruuby.ee\/en\/wp-json\/wp\/v2\/comments?post=1855793"}],"wp:featuredmedia":[{"embeddable":true,"href":"https:\/\/ruuby.ee\/en\/wp-json\/wp\/v2\/media\/1855826"}],"wp:attachment":[{"href":"https:\/\/ruuby.ee\/en\/wp-json\/wp\/v2\/media?parent=1855793"}],"wp:term":[{"taxonomy":"product_brand","embeddable":true,"href":"https:\/\/ruuby.ee\/en\/wp-json\/wp\/v2\/product_brand?post=1855793"},{"taxonomy":"product_cat","embeddable":true,"href":"https:\/\/ruuby.ee\/en\/wp-json\/wp\/v2\/product_cat?post=1855793"},{"taxonomy":"product_tag","embeddable":true,"href":"https:\/\/ruuby.ee\/en\/wp-json\/wp\/v2\/product_tag?post=1855793"}],"curies":[{"name":"wp","href":"https:\/\/api.w.org\/{rel}","templated":true}]}}