{"id":1855784,"date":"2025-09-27T13:06:35","date_gmt":"2025-09-27T10:06:35","guid":{"rendered":"https:\/\/ruuby.ee\/pood\/maaratlemata\/house-nordic-tumba-brooklyn-pouf\/"},"modified":"2026-04-08T01:28:23","modified_gmt":"2026-04-07T22:28:23","slug":"house-nordic-tumba-brooklyn-pouf","status":"publish","type":"product","link":"https:\/\/ruuby.ee\/en\/pood\/kodusisustus\/moobel\/toolid\/house-nordic-tumba-brooklyn-pouf\/","title":{"rendered":"House Nordic tumba, Brooklyn Pouf"},"content":{"rendered":"<p data-start=\"257\" data-end=\"482\">Brooklyn tumba \u00fchendab endas mugavuse ja funktsionaalsuse \u2014 pehme boucl\u00e9-tekstuuriga pind, mis kutsub istuma ning panipaik, mis aitab hoida ruumi korras. Neutraalne bee\u017e toon muudab selle lihtsasti sobitumaks k\u00f5igega sinu ruumis.<\/p>\n<p data-start=\"484\" data-end=\"517\"><strong data-start=\"484\" data-end=\"515\">Materjalid &amp; konstruktsioon<\/strong><\/p>\n<ul data-start=\"518\" data-end=\"960\">\n<li data-start=\"518\" data-end=\"642\">\n<p data-start=\"520\" data-end=\"642\">Diameeter \u00d8 44 cm, k\u00f5rgus 44 cm \u2014 \u00fcmar ja kompaktne, aga piisavalt suur, et pakkuda ruumi nii istumiseks kui panipaigaks<\/p>\n<\/li>\n<li data-start=\"643\" data-end=\"733\">\n<p data-start=\"645\" data-end=\"733\">Kattematerjal: boucl\u00e9-stiilis kangas, mis annab tekstuuri, soojuse ja kutsuva visuaali<\/p>\n<\/li>\n<li data-start=\"863\" data-end=\"960\">\n<p data-start=\"865\" data-end=\"960\">Sisemine panipaik avaneb pealt \u2014 sobib hoiustamiseks (nt padjad, tekid, ajakirjad).<\/p>\n<\/li>\n<\/ul>","protected":false},"excerpt":{"rendered":"<p>Brooklyn tumba \u00fchendab endas mugavuse ja funktsionaalsuse \u2014 pehme boucl\u00e9-tekstuuriga pind, mis kutsub istuma ning panipaik, mis aitab hoida ruumi korras. Neutraalne bee\u017e toon muudab selle lihtsasti sobitumaks k\u00f5igega sinu ruumis. Materjalid &amp; konstruktsioon Diameeter \u00d8 44 cm, k\u00f5rgus 44 cm \u2014 \u00fcmar ja kompaktne, aga piisavalt suur, et pakkuda ruumi nii istumiseks kui panipaigaks [&hellip;]<\/p>\n","protected":false},"featured_media":1855810,"comment_status":"open","ping_status":"closed","template":"","meta":[],"product_brand":[],"product_cat":[42,825,1017,555],"product_tag":[285],"class_list":{"0":"post-1855784","1":"product","2":"type-product","3":"status-publish","4":"has-post-thumbnail","6":"product_cat-kodusisustus","7":"product_cat-moobel","8":"product_cat-pingid-tumbad","9":"product_cat-toolid","10":"product_tag-tumba","12":"first","13":"instock","14":"taxable","15":"shipping-taxable","16":"purchasable","17":"product-type-simple"},"yoast_head":"<!-- This site is optimized with the Yoast SEO plugin v27.3 - https:\/\/yoast.com\/product\/yoast-seo-wordpress\/ -->\n<title>House Nordic tumba, Brooklyn Pouf - RUUBY<\/title>\n<meta name=\"robots\" content=\"index, follow, max-snippet:-1, max-image-preview:large, max-video-preview:-1\" \/>\n<link rel=\"canonical\" href=\"https:\/\/ruuby.ee\/en\/pood\/kodusisustus\/moobel\/toolid\/house-nordic-tumba-brooklyn-pouf\/\" \/>\n<meta property=\"og:locale\" content=\"en_GB\" \/>\n<meta property=\"og:type\" content=\"article\" \/>\n<meta property=\"og:title\" content=\"House Nordic tumba, Brooklyn Pouf - RUUBY\" \/>\n<meta property=\"og:description\" content=\"Brooklyn tumba \u00fchendab endas mugavuse ja funktsionaalsuse \u2014 pehme boucl\u00e9-tekstuuriga pind, mis kutsub istuma ning panipaik, mis aitab hoida ruumi korras. Neutraalne bee\u017e toon muudab selle lihtsasti sobitumaks k\u00f5igega sinu ruumis. Materjalid &amp; konstruktsioon Diameeter \u00d8 44 cm, k\u00f5rgus 44 cm \u2014 \u00fcmar ja kompaktne, aga piisavalt suur, et pakkuda ruumi nii istumiseks kui panipaigaks [&hellip;]\" \/>\n<meta property=\"og:url\" content=\"https:\/\/ruuby.ee\/en\/pood\/kodusisustus\/moobel\/toolid\/house-nordic-tumba-brooklyn-pouf\/\" \/>\n<meta property=\"og:site_name\" content=\"RUUBY\" \/>\n<meta property=\"article:publisher\" content=\"https:\/\/www.facebook.com\/ruubyconcept\" \/>\n<meta property=\"article:modified_time\" content=\"2026-04-07T22:28:23+00:00\" \/>\n<meta property=\"og:image\" content=\"https:\/\/ruuby.ee\/wp-content\/uploads\/2025\/09\/Screenshot-2025-09-27-at-13.28.39.png\" \/>\n\t<meta property=\"og:image:width\" content=\"896\" \/>\n\t<meta property=\"og:image:height\" content=\"918\" \/>\n\t<meta property=\"og:image:type\" content=\"image\/png\" \/>\n<meta name=\"twitter:card\" content=\"summary_large_image\" \/>\n<meta name=\"twitter:label1\" content=\"Estimated reading time\" \/>\n\t<meta name=\"twitter:data1\" content=\"1 minute\" \/>\n<script type=\"application\/ld+json\" class=\"yoast-schema-graph\">{\"@context\":\"https:\\\/\\\/schema.org\",\"@graph\":[{\"@type\":[\"WebPage\",\"ItemPage\"],\"@id\":\"https:\\\/\\\/ruuby.ee\\\/pood\\\/kodusisustus\\\/moobel\\\/toolid\\\/house-nordic-tumba-brooklyn-pouf\\\/\",\"url\":\"https:\\\/\\\/ruuby.ee\\\/pood\\\/kodusisustus\\\/moobel\\\/toolid\\\/house-nordic-tumba-brooklyn-pouf\\\/\",\"name\":\"House Nordic tumba, Brooklyn Pouf - RUUBY\",\"isPartOf\":{\"@id\":\"http:\\\/\\\/ruuby.ee\\\/en\\\/#website\"},\"primaryImageOfPage\":{\"@id\":\"https:\\\/\\\/ruuby.ee\\\/pood\\\/kodusisustus\\\/moobel\\\/toolid\\\/house-nordic-tumba-brooklyn-pouf\\\/#primaryimage\"},\"image\":{\"@id\":\"https:\\\/\\\/ruuby.ee\\\/pood\\\/kodusisustus\\\/moobel\\\/toolid\\\/house-nordic-tumba-brooklyn-pouf\\\/#primaryimage\"},\"thumbnailUrl\":\"https:\\\/\\\/ruuby.ee\\\/wp-content\\\/uploads\\\/2025\\\/09\\\/Screenshot-2025-09-27-at-13.28.39.png\",\"datePublished\":\"2025-09-27T10:06:35+00:00\",\"dateModified\":\"2026-04-07T22:28:23+00:00\",\"breadcrumb\":{\"@id\":\"https:\\\/\\\/ruuby.ee\\\/pood\\\/kodusisustus\\\/moobel\\\/toolid\\\/house-nordic-tumba-brooklyn-pouf\\\/#breadcrumb\"},\"inLanguage\":\"en-GB\",\"potentialAction\":[{\"@type\":\"ReadAction\",\"target\":[\"https:\\\/\\\/ruuby.ee\\\/pood\\\/kodusisustus\\\/moobel\\\/toolid\\\/house-nordic-tumba-brooklyn-pouf\\\/\"]}]},{\"@type\":\"ImageObject\",\"inLanguage\":\"en-GB\",\"@id\":\"https:\\\/\\\/ruuby.ee\\\/pood\\\/kodusisustus\\\/moobel\\\/toolid\\\/house-nordic-tumba-brooklyn-pouf\\\/#primaryimage\",\"url\":\"https:\\\/\\\/ruuby.ee\\\/wp-content\\\/uploads\\\/2025\\\/09\\\/Screenshot-2025-09-27-at-13.28.39.png\",\"contentUrl\":\"https:\\\/\\\/ruuby.ee\\\/wp-content\\\/uploads\\\/2025\\\/09\\\/Screenshot-2025-09-27-at-13.28.39.png\",\"width\":896,\"height\":918},{\"@type\":\"BreadcrumbList\",\"@id\":\"https:\\\/\\\/ruuby.ee\\\/pood\\\/kodusisustus\\\/moobel\\\/toolid\\\/house-nordic-tumba-brooklyn-pouf\\\/#breadcrumb\",\"itemListElement\":[{\"@type\":\"ListItem\",\"position\":1,\"name\":\"Kdu\",\"item\":\"http:\\\/\\\/ruuby.ee\\\/en\\\/\"},{\"@type\":\"ListItem\",\"position\":2,\"name\":\"Pood\",\"item\":\"http:\\\/\\\/ruuby.ee\\\/en\\\/pood\\\/\"},{\"@type\":\"ListItem\",\"position\":3,\"name\":\"House Nordic tumba, Brooklyn Pouf\"}]},{\"@type\":\"WebSite\",\"@id\":\"http:\\\/\\\/ruuby.ee\\\/en\\\/#website\",\"url\":\"http:\\\/\\\/ruuby.ee\\\/en\\\/\",\"name\":\"RUUBY\",\"description\":\"Ruubys on \u00fchendatud elustiil ja disain\",\"publisher\":{\"@id\":\"http:\\\/\\\/ruuby.ee\\\/en\\\/#organization\"},\"alternateName\":\"Ruuby Disain\",\"potentialAction\":[{\"@type\":\"SearchAction\",\"target\":{\"@type\":\"EntryPoint\",\"urlTemplate\":\"http:\\\/\\\/ruuby.ee\\\/en\\\/?s={search_term_string}\"},\"query-input\":{\"@type\":\"PropertyValueSpecification\",\"valueRequired\":true,\"valueName\":\"search_term_string\"}}],\"inLanguage\":\"en-GB\"},{\"@type\":\"Organization\",\"@id\":\"http:\\\/\\\/ruuby.ee\\\/en\\\/#organization\",\"name\":\"Ruuby Disain O\u00dc\",\"alternateName\":\"Ruuby\",\"url\":\"http:\\\/\\\/ruuby.ee\\\/en\\\/\",\"logo\":{\"@type\":\"ImageObject\",\"inLanguage\":\"en-GB\",\"@id\":\"http:\\\/\\\/ruuby.ee\\\/en\\\/#\\\/schema\\\/logo\\\/image\\\/\",\"url\":\"https:\\\/\\\/ruuby.ee\\\/wp-content\\\/uploads\\\/2023\\\/06\\\/cropped-Black-White-Elegant-Circle-Signature-Fashion-Logo-12_large.png\",\"contentUrl\":\"https:\\\/\\\/ruuby.ee\\\/wp-content\\\/uploads\\\/2023\\\/06\\\/cropped-Black-White-Elegant-Circle-Signature-Fashion-Logo-12_large.png\",\"width\":1280,\"height\":747,\"caption\":\"Ruuby Disain O\u00dc\"},\"image\":{\"@id\":\"http:\\\/\\\/ruuby.ee\\\/en\\\/#\\\/schema\\\/logo\\\/image\\\/\"},\"sameAs\":[\"https:\\\/\\\/www.facebook.com\\\/ruubyconcept\",\"https:\\\/\\\/www.instagram.com\\\/ruuby_concept\\\/\"]}]}<\/script>\n<!-- \/ Yoast SEO plugin. -->","yoast_head_json":{"title":"House Nordic tumba, Brooklyn Pouf - RUUBY","robots":{"index":"index","follow":"follow","max-snippet":"max-snippet:-1","max-image-preview":"max-image-preview:large","max-video-preview":"max-video-preview:-1"},"canonical":"https:\/\/ruuby.ee\/en\/pood\/kodusisustus\/moobel\/toolid\/house-nordic-tumba-brooklyn-pouf\/","og_locale":"en_GB","og_type":"article","og_title":"House Nordic tumba, Brooklyn Pouf - RUUBY","og_description":"Brooklyn tumba \u00fchendab endas mugavuse ja funktsionaalsuse \u2014 pehme boucl\u00e9-tekstuuriga pind, mis kutsub istuma ning panipaik, mis aitab hoida ruumi korras. Neutraalne bee\u017e toon muudab selle lihtsasti sobitumaks k\u00f5igega sinu ruumis. Materjalid &amp; konstruktsioon Diameeter \u00d8 44 cm, k\u00f5rgus 44 cm \u2014 \u00fcmar ja kompaktne, aga piisavalt suur, et pakkuda ruumi nii istumiseks kui panipaigaks [&hellip;]","og_url":"https:\/\/ruuby.ee\/en\/pood\/kodusisustus\/moobel\/toolid\/house-nordic-tumba-brooklyn-pouf\/","og_site_name":"RUUBY","article_publisher":"https:\/\/www.facebook.com\/ruubyconcept","article_modified_time":"2026-04-07T22:28:23+00:00","og_image":[{"width":896,"height":918,"url":"https:\/\/ruuby.ee\/wp-content\/uploads\/2025\/09\/Screenshot-2025-09-27-at-13.28.39.png","type":"image\/png"}],"twitter_card":"summary_large_image","twitter_misc":{"Estimated reading time":"1 minute"},"schema":{"@context":"https:\/\/schema.org","@graph":[{"@type":["WebPage","ItemPage"],"@id":"https:\/\/ruuby.ee\/pood\/kodusisustus\/moobel\/toolid\/house-nordic-tumba-brooklyn-pouf\/","url":"https:\/\/ruuby.ee\/pood\/kodusisustus\/moobel\/toolid\/house-nordic-tumba-brooklyn-pouf\/","name":"House Nordic tumba, Brooklyn Pouf - RUUBY","isPartOf":{"@id":"http:\/\/ruuby.ee\/en\/#website"},"primaryImageOfPage":{"@id":"https:\/\/ruuby.ee\/pood\/kodusisustus\/moobel\/toolid\/house-nordic-tumba-brooklyn-pouf\/#primaryimage"},"image":{"@id":"https:\/\/ruuby.ee\/pood\/kodusisustus\/moobel\/toolid\/house-nordic-tumba-brooklyn-pouf\/#primaryimage"},"thumbnailUrl":"https:\/\/ruuby.ee\/wp-content\/uploads\/2025\/09\/Screenshot-2025-09-27-at-13.28.39.png","datePublished":"2025-09-27T10:06:35+00:00","dateModified":"2026-04-07T22:28:23+00:00","breadcrumb":{"@id":"https:\/\/ruuby.ee\/pood\/kodusisustus\/moobel\/toolid\/house-nordic-tumba-brooklyn-pouf\/#breadcrumb"},"inLanguage":"en-GB","potentialAction":[{"@type":"ReadAction","target":["https:\/\/ruuby.ee\/pood\/kodusisustus\/moobel\/toolid\/house-nordic-tumba-brooklyn-pouf\/"]}]},{"@type":"ImageObject","inLanguage":"en-GB","@id":"https:\/\/ruuby.ee\/pood\/kodusisustus\/moobel\/toolid\/house-nordic-tumba-brooklyn-pouf\/#primaryimage","url":"https:\/\/ruuby.ee\/wp-content\/uploads\/2025\/09\/Screenshot-2025-09-27-at-13.28.39.png","contentUrl":"https:\/\/ruuby.ee\/wp-content\/uploads\/2025\/09\/Screenshot-2025-09-27-at-13.28.39.png","width":896,"height":918},{"@type":"BreadcrumbList","@id":"https:\/\/ruuby.ee\/pood\/kodusisustus\/moobel\/toolid\/house-nordic-tumba-brooklyn-pouf\/#breadcrumb","itemListElement":[{"@type":"ListItem","position":1,"name":"Kdu","item":"http:\/\/ruuby.ee\/en\/"},{"@type":"ListItem","position":2,"name":"Pood","item":"http:\/\/ruuby.ee\/en\/pood\/"},{"@type":"ListItem","position":3,"name":"House Nordic tumba, Brooklyn Pouf"}]},{"@type":"WebSite","@id":"http:\/\/ruuby.ee\/en\/#website","url":"http:\/\/ruuby.ee\/en\/","name":"RUUBY","description":"Ruubys on \u00fchendatud elustiil ja disain","publisher":{"@id":"http:\/\/ruuby.ee\/en\/#organization"},"alternateName":"Ruuby Disain","potentialAction":[{"@type":"SearchAction","target":{"@type":"EntryPoint","urlTemplate":"http:\/\/ruuby.ee\/en\/?s={search_term_string}"},"query-input":{"@type":"PropertyValueSpecification","valueRequired":true,"valueName":"search_term_string"}}],"inLanguage":"en-GB"},{"@type":"Organization","@id":"http:\/\/ruuby.ee\/en\/#organization","name":"Ruuby Disain O\u00dc","alternateName":"Ruuby","url":"http:\/\/ruuby.ee\/en\/","logo":{"@type":"ImageObject","inLanguage":"en-GB","@id":"http:\/\/ruuby.ee\/en\/#\/schema\/logo\/image\/","url":"https:\/\/ruuby.ee\/wp-content\/uploads\/2023\/06\/cropped-Black-White-Elegant-Circle-Signature-Fashion-Logo-12_large.png","contentUrl":"https:\/\/ruuby.ee\/wp-content\/uploads\/2023\/06\/cropped-Black-White-Elegant-Circle-Signature-Fashion-Logo-12_large.png","width":1280,"height":747,"caption":"Ruuby Disain O\u00dc"},"image":{"@id":"http:\/\/ruuby.ee\/en\/#\/schema\/logo\/image\/"},"sameAs":["https:\/\/www.facebook.com\/ruubyconcept","https:\/\/www.instagram.com\/ruuby_concept\/"]}]}},"jetpack_sharing_enabled":true,"_links":{"self":[{"href":"https:\/\/ruuby.ee\/en\/wp-json\/wp\/v2\/product\/1855784","targetHints":{"allow":["GET"]}}],"collection":[{"href":"https:\/\/ruuby.ee\/en\/wp-json\/wp\/v2\/product"}],"about":[{"href":"https:\/\/ruuby.ee\/en\/wp-json\/wp\/v2\/types\/product"}],"replies":[{"embeddable":true,"href":"https:\/\/ruuby.ee\/en\/wp-json\/wp\/v2\/comments?post=1855784"}],"wp:featuredmedia":[{"embeddable":true,"href":"https:\/\/ruuby.ee\/en\/wp-json\/wp\/v2\/media\/1855810"}],"wp:attachment":[{"href":"https:\/\/ruuby.ee\/en\/wp-json\/wp\/v2\/media?parent=1855784"}],"wp:term":[{"taxonomy":"product_brand","embeddable":true,"href":"https:\/\/ruuby.ee\/en\/wp-json\/wp\/v2\/product_brand?post=1855784"},{"taxonomy":"product_cat","embeddable":true,"href":"https:\/\/ruuby.ee\/en\/wp-json\/wp\/v2\/product_cat?post=1855784"},{"taxonomy":"product_tag","embeddable":true,"href":"https:\/\/ruuby.ee\/en\/wp-json\/wp\/v2\/product_tag?post=1855784"}],"curies":[{"name":"wp","href":"https:\/\/api.w.org\/{rel}","templated":true}]}}