{"id":1855175,"date":"2025-09-25T15:01:05","date_gmt":"2025-09-25T12:01:05","guid":{"rendered":"https:\/\/ruuby.ee\/?post_type=product&#038;p=1855175"},"modified":"2026-04-08T01:28:23","modified_gmt":"2026-04-07T22:28:23","slug":"poule-party-100-puuvilla-laste-tuukrimuts-marron-et-terracotta","status":"publish","type":"product","link":"https:\/\/ruuby.ee\/en\/pood\/aksessuaarid\/mutsid-ja-sallid\/poule-party-100-puuvilla-laste-tuukrimuts-marron-et-terracotta\/","title":{"rendered":"Poule Party &#8211; 100% puuvilla laste tuukrim\u00fcts, MARRON ET TERRACOTTA"},"content":{"rendered":"<p>Terrakota ja pruuni v\u00e4rvi kooslus on valmis s\u00e4rama ja hoidma teie pisikest m\u00f5nusalt soojas! Enam pole \u201cs\u00fcgelust!\u201d ja \u201ckipitust!\u201d \u2013 siin on t\u00e4ielik mugavus garanteeritud!<\/p>\n<p>\ud83c\udf31 Miks? Sest me valisime pehme ja naturaalse kootud eseme, mis on valmistatud 100% GOTS-sertifitseeritud orgaanilisest puuvillast. Poule Party\u00ae-s on mugavus meie prioriteet!<\/p>\n<p>\ud83d\udccd Meie Portugali t\u00f6\u00f6kojas hoolikalt valmistatud trendikas tuukrim\u00fcts on kiiresti muutumas talveks mugavalt vastu minekuks h\u00e4davajalikuks esemeks.<\/p>","protected":false},"excerpt":{"rendered":"<p>Terrakota ja pruuni v\u00e4rvi kooslus on valmis s\u00e4rama ja hoidma teie pisikest m\u00f5nusalt soojas! Enam pole \u201cs\u00fcgelust!\u201d ja \u201ckipitust!\u201d \u2013 siin on t\u00e4ielik mugavus garanteeritud!<\/p>","protected":false},"featured_media":1855204,"comment_status":"open","ping_status":"closed","template":"","meta":[],"product_brand":[],"product_cat":[43,1113],"product_tag":[406],"class_list":{"0":"post-1855175","1":"product","2":"type-product","3":"status-publish","4":"has-post-thumbnail","6":"product_cat-aksessuaarid","7":"product_cat-mutsid-ja-sallid","8":"product_tag-mutsid","10":"first","11":"outofstock","12":"taxable","13":"shipping-taxable","14":"purchasable","15":"product-type-variable","16":"rtwpvs-product"},"yoast_head":"<!-- This site is optimized with the Yoast SEO plugin v27.3 - https:\/\/yoast.com\/product\/yoast-seo-wordpress\/ -->\n<title>Poule Party - 100% puuvilla laste tuukrim\u00fcts, MARRON ET TERRACOTTA - RUUBY<\/title>\n<meta name=\"robots\" content=\"index, follow, max-snippet:-1, max-image-preview:large, max-video-preview:-1\" \/>\n<link rel=\"canonical\" href=\"http:\/\/ruuby.ee\/en\/pood\/aksessuaarid\/mutsid-ja-sallid\/poule-party-100-puuvilla-laste-tuukrimuts-marron-et-terracotta\/\" \/>\n<meta property=\"og:locale\" content=\"en_GB\" \/>\n<meta property=\"og:type\" content=\"article\" \/>\n<meta property=\"og:title\" content=\"Poule Party - 100% puuvilla laste tuukrim\u00fcts, MARRON ET TERRACOTTA - RUUBY\" \/>\n<meta property=\"og:description\" content=\"Terrakota ja pruuni v\u00e4rvi kooslus on valmis s\u00e4rama ja hoidma teie pisikest m\u00f5nusalt soojas! Enam pole \u201cs\u00fcgelust!\u201d ja \u201ckipitust!\u201d \u2013 siin on t\u00e4ielik mugavus garanteeritud!\" \/>\n<meta property=\"og:url\" content=\"http:\/\/ruuby.ee\/en\/pood\/aksessuaarid\/mutsid-ja-sallid\/poule-party-100-puuvilla-laste-tuukrimuts-marron-et-terracotta\/\" \/>\n<meta property=\"og:site_name\" content=\"RUUBY\" \/>\n<meta property=\"article:publisher\" content=\"https:\/\/www.facebook.com\/ruubyconcept\" \/>\n<meta property=\"article:modified_time\" content=\"2026-04-07T22:28:23+00:00\" \/>\n<meta property=\"og:image\" content=\"http:\/\/ruuby.ee\/wp-content\/uploads\/2025\/09\/Screenshot-2025-09-25-at-15.38.56-831x1024.png\" \/>\n\t<meta property=\"og:image:width\" content=\"831\" \/>\n\t<meta property=\"og:image:height\" content=\"1024\" \/>\n\t<meta property=\"og:image:type\" content=\"image\/png\" \/>\n<meta name=\"twitter:card\" content=\"summary_large_image\" \/>\n<meta name=\"twitter:label1\" content=\"Estimated reading time\" \/>\n\t<meta name=\"twitter:data1\" content=\"1 minute\" \/>\n<script type=\"application\/ld+json\" class=\"yoast-schema-graph\">{\"@context\":\"https:\\\/\\\/schema.org\",\"@graph\":[{\"@type\":[\"WebPage\",\"ItemPage\"],\"@id\":\"http:\\\/\\\/ruuby.ee\\\/en\\\/pood\\\/aksessuaarid\\\/mutsid-ja-sallid\\\/poule-party-100-puuvilla-laste-tuukrimuts-marron-et-terracotta\\\/\",\"url\":\"http:\\\/\\\/ruuby.ee\\\/en\\\/pood\\\/aksessuaarid\\\/mutsid-ja-sallid\\\/poule-party-100-puuvilla-laste-tuukrimuts-marron-et-terracotta\\\/\",\"name\":\"Poule Party - 100% puuvilla laste tuukrim\u00fcts, MARRON ET TERRACOTTA - RUUBY\",\"isPartOf\":{\"@id\":\"http:\\\/\\\/ruuby.ee\\\/en\\\/#website\"},\"primaryImageOfPage\":{\"@id\":\"http:\\\/\\\/ruuby.ee\\\/en\\\/pood\\\/aksessuaarid\\\/mutsid-ja-sallid\\\/poule-party-100-puuvilla-laste-tuukrimuts-marron-et-terracotta\\\/#primaryimage\"},\"image\":{\"@id\":\"http:\\\/\\\/ruuby.ee\\\/en\\\/pood\\\/aksessuaarid\\\/mutsid-ja-sallid\\\/poule-party-100-puuvilla-laste-tuukrimuts-marron-et-terracotta\\\/#primaryimage\"},\"thumbnailUrl\":\"https:\\\/\\\/ruuby.ee\\\/wp-content\\\/uploads\\\/2025\\\/09\\\/Screenshot-2025-09-25-at-15.38.56.png\",\"datePublished\":\"2025-09-25T12:01:05+00:00\",\"dateModified\":\"2026-04-07T22:28:23+00:00\",\"breadcrumb\":{\"@id\":\"http:\\\/\\\/ruuby.ee\\\/en\\\/pood\\\/aksessuaarid\\\/mutsid-ja-sallid\\\/poule-party-100-puuvilla-laste-tuukrimuts-marron-et-terracotta\\\/#breadcrumb\"},\"inLanguage\":\"en-GB\",\"potentialAction\":[{\"@type\":\"ReadAction\",\"target\":[\"http:\\\/\\\/ruuby.ee\\\/en\\\/pood\\\/aksessuaarid\\\/mutsid-ja-sallid\\\/poule-party-100-puuvilla-laste-tuukrimuts-marron-et-terracotta\\\/\"]}]},{\"@type\":\"ImageObject\",\"inLanguage\":\"en-GB\",\"@id\":\"http:\\\/\\\/ruuby.ee\\\/en\\\/pood\\\/aksessuaarid\\\/mutsid-ja-sallid\\\/poule-party-100-puuvilla-laste-tuukrimuts-marron-et-terracotta\\\/#primaryimage\",\"url\":\"https:\\\/\\\/ruuby.ee\\\/wp-content\\\/uploads\\\/2025\\\/09\\\/Screenshot-2025-09-25-at-15.38.56.png\",\"contentUrl\":\"https:\\\/\\\/ruuby.ee\\\/wp-content\\\/uploads\\\/2025\\\/09\\\/Screenshot-2025-09-25-at-15.38.56.png\",\"width\":988,\"height\":1218},{\"@type\":\"BreadcrumbList\",\"@id\":\"http:\\\/\\\/ruuby.ee\\\/en\\\/pood\\\/aksessuaarid\\\/mutsid-ja-sallid\\\/poule-party-100-puuvilla-laste-tuukrimuts-marron-et-terracotta\\\/#breadcrumb\",\"itemListElement\":[{\"@type\":\"ListItem\",\"position\":1,\"name\":\"Kdu\",\"item\":\"http:\\\/\\\/ruuby.ee\\\/en\\\/\"},{\"@type\":\"ListItem\",\"position\":2,\"name\":\"Pood\",\"item\":\"http:\\\/\\\/ruuby.ee\\\/en\\\/pood\\\/\"},{\"@type\":\"ListItem\",\"position\":3,\"name\":\"Poule Party &#8211; 100% puuvilla laste tuukrim\u00fcts, MARRON ET TERRACOTTA\"}]},{\"@type\":\"WebSite\",\"@id\":\"http:\\\/\\\/ruuby.ee\\\/en\\\/#website\",\"url\":\"http:\\\/\\\/ruuby.ee\\\/en\\\/\",\"name\":\"RUUBY\",\"description\":\"Ruubys on \u00fchendatud elustiil ja disain\",\"publisher\":{\"@id\":\"http:\\\/\\\/ruuby.ee\\\/en\\\/#organization\"},\"alternateName\":\"Ruuby Disain\",\"potentialAction\":[{\"@type\":\"SearchAction\",\"target\":{\"@type\":\"EntryPoint\",\"urlTemplate\":\"http:\\\/\\\/ruuby.ee\\\/en\\\/?s={search_term_string}\"},\"query-input\":{\"@type\":\"PropertyValueSpecification\",\"valueRequired\":true,\"valueName\":\"search_term_string\"}}],\"inLanguage\":\"en-GB\"},{\"@type\":\"Organization\",\"@id\":\"http:\\\/\\\/ruuby.ee\\\/en\\\/#organization\",\"name\":\"Ruuby Disain O\u00dc\",\"alternateName\":\"Ruuby\",\"url\":\"http:\\\/\\\/ruuby.ee\\\/en\\\/\",\"logo\":{\"@type\":\"ImageObject\",\"inLanguage\":\"en-GB\",\"@id\":\"http:\\\/\\\/ruuby.ee\\\/en\\\/#\\\/schema\\\/logo\\\/image\\\/\",\"url\":\"https:\\\/\\\/ruuby.ee\\\/wp-content\\\/uploads\\\/2023\\\/06\\\/cropped-Black-White-Elegant-Circle-Signature-Fashion-Logo-12_large.png\",\"contentUrl\":\"https:\\\/\\\/ruuby.ee\\\/wp-content\\\/uploads\\\/2023\\\/06\\\/cropped-Black-White-Elegant-Circle-Signature-Fashion-Logo-12_large.png\",\"width\":1280,\"height\":747,\"caption\":\"Ruuby Disain O\u00dc\"},\"image\":{\"@id\":\"http:\\\/\\\/ruuby.ee\\\/en\\\/#\\\/schema\\\/logo\\\/image\\\/\"},\"sameAs\":[\"https:\\\/\\\/www.facebook.com\\\/ruubyconcept\",\"https:\\\/\\\/www.instagram.com\\\/ruuby_concept\\\/\"]}]}<\/script>\n<!-- \/ Yoast SEO plugin. -->","yoast_head_json":{"title":"Poule Party - 100% puuvilla laste tuukrim\u00fcts, MARRON ET TERRACOTTA - RUUBY","robots":{"index":"index","follow":"follow","max-snippet":"max-snippet:-1","max-image-preview":"max-image-preview:large","max-video-preview":"max-video-preview:-1"},"canonical":"http:\/\/ruuby.ee\/en\/pood\/aksessuaarid\/mutsid-ja-sallid\/poule-party-100-puuvilla-laste-tuukrimuts-marron-et-terracotta\/","og_locale":"en_GB","og_type":"article","og_title":"Poule Party - 100% puuvilla laste tuukrim\u00fcts, MARRON ET TERRACOTTA - RUUBY","og_description":"Terrakota ja pruuni v\u00e4rvi kooslus on valmis s\u00e4rama ja hoidma teie pisikest m\u00f5nusalt soojas! Enam pole \u201cs\u00fcgelust!\u201d ja \u201ckipitust!\u201d \u2013 siin on t\u00e4ielik mugavus garanteeritud!","og_url":"http:\/\/ruuby.ee\/en\/pood\/aksessuaarid\/mutsid-ja-sallid\/poule-party-100-puuvilla-laste-tuukrimuts-marron-et-terracotta\/","og_site_name":"RUUBY","article_publisher":"https:\/\/www.facebook.com\/ruubyconcept","article_modified_time":"2026-04-07T22:28:23+00:00","og_image":[{"width":831,"height":1024,"url":"http:\/\/ruuby.ee\/wp-content\/uploads\/2025\/09\/Screenshot-2025-09-25-at-15.38.56-831x1024.png","type":"image\/png"}],"twitter_card":"summary_large_image","twitter_misc":{"Estimated reading time":"1 minute"},"schema":{"@context":"https:\/\/schema.org","@graph":[{"@type":["WebPage","ItemPage"],"@id":"http:\/\/ruuby.ee\/en\/pood\/aksessuaarid\/mutsid-ja-sallid\/poule-party-100-puuvilla-laste-tuukrimuts-marron-et-terracotta\/","url":"http:\/\/ruuby.ee\/en\/pood\/aksessuaarid\/mutsid-ja-sallid\/poule-party-100-puuvilla-laste-tuukrimuts-marron-et-terracotta\/","name":"Poule Party - 100% puuvilla laste tuukrim\u00fcts, MARRON ET TERRACOTTA - RUUBY","isPartOf":{"@id":"http:\/\/ruuby.ee\/en\/#website"},"primaryImageOfPage":{"@id":"http:\/\/ruuby.ee\/en\/pood\/aksessuaarid\/mutsid-ja-sallid\/poule-party-100-puuvilla-laste-tuukrimuts-marron-et-terracotta\/#primaryimage"},"image":{"@id":"http:\/\/ruuby.ee\/en\/pood\/aksessuaarid\/mutsid-ja-sallid\/poule-party-100-puuvilla-laste-tuukrimuts-marron-et-terracotta\/#primaryimage"},"thumbnailUrl":"https:\/\/ruuby.ee\/wp-content\/uploads\/2025\/09\/Screenshot-2025-09-25-at-15.38.56.png","datePublished":"2025-09-25T12:01:05+00:00","dateModified":"2026-04-07T22:28:23+00:00","breadcrumb":{"@id":"http:\/\/ruuby.ee\/en\/pood\/aksessuaarid\/mutsid-ja-sallid\/poule-party-100-puuvilla-laste-tuukrimuts-marron-et-terracotta\/#breadcrumb"},"inLanguage":"en-GB","potentialAction":[{"@type":"ReadAction","target":["http:\/\/ruuby.ee\/en\/pood\/aksessuaarid\/mutsid-ja-sallid\/poule-party-100-puuvilla-laste-tuukrimuts-marron-et-terracotta\/"]}]},{"@type":"ImageObject","inLanguage":"en-GB","@id":"http:\/\/ruuby.ee\/en\/pood\/aksessuaarid\/mutsid-ja-sallid\/poule-party-100-puuvilla-laste-tuukrimuts-marron-et-terracotta\/#primaryimage","url":"https:\/\/ruuby.ee\/wp-content\/uploads\/2025\/09\/Screenshot-2025-09-25-at-15.38.56.png","contentUrl":"https:\/\/ruuby.ee\/wp-content\/uploads\/2025\/09\/Screenshot-2025-09-25-at-15.38.56.png","width":988,"height":1218},{"@type":"BreadcrumbList","@id":"http:\/\/ruuby.ee\/en\/pood\/aksessuaarid\/mutsid-ja-sallid\/poule-party-100-puuvilla-laste-tuukrimuts-marron-et-terracotta\/#breadcrumb","itemListElement":[{"@type":"ListItem","position":1,"name":"Kdu","item":"http:\/\/ruuby.ee\/en\/"},{"@type":"ListItem","position":2,"name":"Pood","item":"http:\/\/ruuby.ee\/en\/pood\/"},{"@type":"ListItem","position":3,"name":"Poule Party &#8211; 100% puuvilla laste tuukrim\u00fcts, MARRON ET TERRACOTTA"}]},{"@type":"WebSite","@id":"http:\/\/ruuby.ee\/en\/#website","url":"http:\/\/ruuby.ee\/en\/","name":"RUUBY","description":"Ruubys on \u00fchendatud elustiil ja disain","publisher":{"@id":"http:\/\/ruuby.ee\/en\/#organization"},"alternateName":"Ruuby Disain","potentialAction":[{"@type":"SearchAction","target":{"@type":"EntryPoint","urlTemplate":"http:\/\/ruuby.ee\/en\/?s={search_term_string}"},"query-input":{"@type":"PropertyValueSpecification","valueRequired":true,"valueName":"search_term_string"}}],"inLanguage":"en-GB"},{"@type":"Organization","@id":"http:\/\/ruuby.ee\/en\/#organization","name":"Ruuby Disain O\u00dc","alternateName":"Ruuby","url":"http:\/\/ruuby.ee\/en\/","logo":{"@type":"ImageObject","inLanguage":"en-GB","@id":"http:\/\/ruuby.ee\/en\/#\/schema\/logo\/image\/","url":"https:\/\/ruuby.ee\/wp-content\/uploads\/2023\/06\/cropped-Black-White-Elegant-Circle-Signature-Fashion-Logo-12_large.png","contentUrl":"https:\/\/ruuby.ee\/wp-content\/uploads\/2023\/06\/cropped-Black-White-Elegant-Circle-Signature-Fashion-Logo-12_large.png","width":1280,"height":747,"caption":"Ruuby Disain O\u00dc"},"image":{"@id":"http:\/\/ruuby.ee\/en\/#\/schema\/logo\/image\/"},"sameAs":["https:\/\/www.facebook.com\/ruubyconcept","https:\/\/www.instagram.com\/ruuby_concept\/"]}]}},"jetpack_sharing_enabled":true,"_links":{"self":[{"href":"https:\/\/ruuby.ee\/en\/wp-json\/wp\/v2\/product\/1855175","targetHints":{"allow":["GET"]}}],"collection":[{"href":"https:\/\/ruuby.ee\/en\/wp-json\/wp\/v2\/product"}],"about":[{"href":"https:\/\/ruuby.ee\/en\/wp-json\/wp\/v2\/types\/product"}],"replies":[{"embeddable":true,"href":"https:\/\/ruuby.ee\/en\/wp-json\/wp\/v2\/comments?post=1855175"}],"wp:featuredmedia":[{"embeddable":true,"href":"https:\/\/ruuby.ee\/en\/wp-json\/wp\/v2\/media\/1855204"}],"wp:attachment":[{"href":"https:\/\/ruuby.ee\/en\/wp-json\/wp\/v2\/media?parent=1855175"}],"wp:term":[{"taxonomy":"product_brand","embeddable":true,"href":"https:\/\/ruuby.ee\/en\/wp-json\/wp\/v2\/product_brand?post=1855175"},{"taxonomy":"product_cat","embeddable":true,"href":"https:\/\/ruuby.ee\/en\/wp-json\/wp\/v2\/product_cat?post=1855175"},{"taxonomy":"product_tag","embeddable":true,"href":"https:\/\/ruuby.ee\/en\/wp-json\/wp\/v2\/product_tag?post=1855175"}],"curies":[{"name":"wp","href":"https:\/\/api.w.org\/{rel}","templated":true}]}}