{"id":1855166,"date":"2025-09-25T15:00:29","date_gmt":"2025-09-25T12:00:29","guid":{"rendered":"https:\/\/ruuby.ee\/?post_type=product&#038;p=1855166"},"modified":"2026-04-07T01:27:06","modified_gmt":"2026-04-06T22:27:06","slug":"poule-party-100-puuvilla-mutsid-valge","status":"publish","type":"product","link":"https:\/\/ruuby.ee\/en\/pood\/aksessuaarid\/mutsid-ja-sallid\/poule-party-100-puuvilla-mutsid-valge\/","title":{"rendered":"Poule Party &#8211; 100% puuvilla m\u00fctsid, valge"},"content":{"rendered":"<p>Keskkonnas\u00f5bralik ja orgaaniline Fawn Clubi m\u00fcts pehmes heledas tuhkpruunis v\u00e4rvitoonis, mida kaunistab kollakaspruun muster, sobib ideaalselt pea soojas hoidmiseks ja loomuliku helluse lisamiseks!<\/p>\n<p>\ud83c\udf31 100% GOTS-sertifitseeritud orgaaniline puuvill: \u00fclipehme ja kemikaalide vaba \u2013 sest Poule Party\u00ae-s hoolitseme nii suurte kui ka v\u00e4ikeste peade eest.<\/p>\n<p>V\u00e4rv: valge, ajatu ilme saavutamiseks.<\/p>\n<p>\ud83d\udccd Valmistatud: Portugalis<\/p>\n<p>Saadaval laste ja t\u00e4iskasvanute suurustes stiilse duo loomiseks! Ja t\u00e4ieliku talvise ilme saamiseks lisage juurde ka kaelussall!<\/p>\n<p>&nbsp;<\/p>\n<p>M\u00fctsid on saadaval ka erinevates suurustes, et need sobiksid teie pisikestega esimestest elukuudest kuni esimeste seiklusteni!<\/p>\n<p>Pea\u00fcmberm\u00f5\u00f5t 45\/46 cm: umbes 6-12 kuud<\/p>\n<p>Pea\u00fcmberm\u00f5\u00f5t 48\/49 cm: umbes 1-3 aastat<\/p>\n<p>Pea\u00fcmberm\u00f5\u00f5t 51\/52 cm: umbes 3\/4 kuni 6 aastat<\/p>\n<p>Nagu ka m\u00fctside puhul on iga laps ainulaadne! 3-aastane saab vabalt kanda suurust +6 aastat, olenevalt oma pea suurusest.<\/p>","protected":false},"excerpt":{"rendered":"<p>\ud83c\udf31 100% GOTS-sertifitseeritud orgaaniline puuvill: \u00fclipehme ja kemikaalide vaba \u2013 sest Poule Party\u00ae-s hoolitseme nii suurte kui ka v\u00e4ikeste peade eest.<\/p>","protected":false},"featured_media":1855182,"comment_status":"open","ping_status":"closed","template":"","meta":[],"product_brand":[],"product_cat":[43,1113],"product_tag":[406],"class_list":{"0":"post-1855166","1":"product","2":"type-product","3":"status-publish","4":"has-post-thumbnail","6":"product_cat-aksessuaarid","7":"product_cat-mutsid-ja-sallid","8":"product_tag-mutsid","10":"first","11":"instock","12":"taxable","13":"shipping-taxable","14":"purchasable","15":"product-type-variable","16":"rtwpvs-product"},"yoast_head":"<!-- This site is optimized with the Yoast SEO plugin v27.3 - https:\/\/yoast.com\/product\/yoast-seo-wordpress\/ -->\n<title>Poule Party - 100% puuvilla m\u00fctsid, valge - RUUBY<\/title>\n<meta name=\"robots\" content=\"index, follow, max-snippet:-1, max-image-preview:large, max-video-preview:-1\" \/>\n<link rel=\"canonical\" href=\"http:\/\/ruuby.ee\/en\/pood\/aksessuaarid\/mutsid-ja-sallid\/poule-party-100-puuvilla-mutsid-valge\/\" \/>\n<meta property=\"og:locale\" content=\"en_GB\" \/>\n<meta property=\"og:type\" content=\"article\" \/>\n<meta property=\"og:title\" content=\"Poule Party - 100% puuvilla m\u00fctsid, valge - RUUBY\" \/>\n<meta property=\"og:description\" content=\"\ud83c\udf31 100% GOTS-sertifitseeritud orgaaniline puuvill: \u00fclipehme ja kemikaalide vaba \u2013 sest Poule Party\u00ae-s hoolitseme nii suurte kui ka v\u00e4ikeste peade eest.\" \/>\n<meta property=\"og:url\" content=\"http:\/\/ruuby.ee\/en\/pood\/aksessuaarid\/mutsid-ja-sallid\/poule-party-100-puuvilla-mutsid-valge\/\" \/>\n<meta property=\"og:site_name\" content=\"RUUBY\" \/>\n<meta property=\"article:publisher\" content=\"https:\/\/www.facebook.com\/ruubyconcept\" \/>\n<meta property=\"article:modified_time\" content=\"2026-04-06T22:27:06+00:00\" \/>\n<meta property=\"og:image\" content=\"http:\/\/ruuby.ee\/wp-content\/uploads\/2025\/09\/Screenshot-2025-09-25-at-15.12.46.png\" \/>\n\t<meta property=\"og:image:width\" content=\"1084\" \/>\n\t<meta property=\"og:image:height\" content=\"956\" \/>\n\t<meta property=\"og:image:type\" content=\"image\/png\" \/>\n<meta name=\"twitter:card\" content=\"summary_large_image\" \/>\n<meta name=\"twitter:label1\" content=\"Estimated reading time\" \/>\n\t<meta name=\"twitter:data1\" content=\"1 minute\" \/>\n<script type=\"application\/ld+json\" class=\"yoast-schema-graph\">{\"@context\":\"https:\\\/\\\/schema.org\",\"@graph\":[{\"@type\":[\"WebPage\",\"ItemPage\"],\"@id\":\"http:\\\/\\\/ruuby.ee\\\/pood\\\/aksessuaarid\\\/mutsid-ja-sallid\\\/poule-party-100-puuvilla-mutsid-valge\\\/\",\"url\":\"http:\\\/\\\/ruuby.ee\\\/pood\\\/aksessuaarid\\\/mutsid-ja-sallid\\\/poule-party-100-puuvilla-mutsid-valge\\\/\",\"name\":\"Poule Party - 100% puuvilla m\u00fctsid, valge - RUUBY\",\"isPartOf\":{\"@id\":\"http:\\\/\\\/ruuby.ee\\\/en\\\/#website\"},\"primaryImageOfPage\":{\"@id\":\"http:\\\/\\\/ruuby.ee\\\/pood\\\/aksessuaarid\\\/mutsid-ja-sallid\\\/poule-party-100-puuvilla-mutsid-valge\\\/#primaryimage\"},\"image\":{\"@id\":\"http:\\\/\\\/ruuby.ee\\\/pood\\\/aksessuaarid\\\/mutsid-ja-sallid\\\/poule-party-100-puuvilla-mutsid-valge\\\/#primaryimage\"},\"thumbnailUrl\":\"https:\\\/\\\/ruuby.ee\\\/wp-content\\\/uploads\\\/2025\\\/09\\\/Screenshot-2025-09-25-at-15.12.46.png\",\"datePublished\":\"2025-09-25T12:00:29+00:00\",\"dateModified\":\"2026-04-06T22:27:06+00:00\",\"breadcrumb\":{\"@id\":\"http:\\\/\\\/ruuby.ee\\\/pood\\\/aksessuaarid\\\/mutsid-ja-sallid\\\/poule-party-100-puuvilla-mutsid-valge\\\/#breadcrumb\"},\"inLanguage\":\"en-GB\",\"potentialAction\":[{\"@type\":\"ReadAction\",\"target\":[\"http:\\\/\\\/ruuby.ee\\\/pood\\\/aksessuaarid\\\/mutsid-ja-sallid\\\/poule-party-100-puuvilla-mutsid-valge\\\/\"]}]},{\"@type\":\"ImageObject\",\"inLanguage\":\"en-GB\",\"@id\":\"http:\\\/\\\/ruuby.ee\\\/pood\\\/aksessuaarid\\\/mutsid-ja-sallid\\\/poule-party-100-puuvilla-mutsid-valge\\\/#primaryimage\",\"url\":\"https:\\\/\\\/ruuby.ee\\\/wp-content\\\/uploads\\\/2025\\\/09\\\/Screenshot-2025-09-25-at-15.12.46.png\",\"contentUrl\":\"https:\\\/\\\/ruuby.ee\\\/wp-content\\\/uploads\\\/2025\\\/09\\\/Screenshot-2025-09-25-at-15.12.46.png\",\"width\":1084,\"height\":956},{\"@type\":\"BreadcrumbList\",\"@id\":\"http:\\\/\\\/ruuby.ee\\\/pood\\\/aksessuaarid\\\/mutsid-ja-sallid\\\/poule-party-100-puuvilla-mutsid-valge\\\/#breadcrumb\",\"itemListElement\":[{\"@type\":\"ListItem\",\"position\":1,\"name\":\"Kdu\",\"item\":\"http:\\\/\\\/ruuby.ee\\\/en\\\/\"},{\"@type\":\"ListItem\",\"position\":2,\"name\":\"Pood\",\"item\":\"http:\\\/\\\/ruuby.ee\\\/en\\\/pood\\\/\"},{\"@type\":\"ListItem\",\"position\":3,\"name\":\"Poule Party &#8211; 100% puuvilla m\u00fctsid, valge\"}]},{\"@type\":\"WebSite\",\"@id\":\"http:\\\/\\\/ruuby.ee\\\/en\\\/#website\",\"url\":\"http:\\\/\\\/ruuby.ee\\\/en\\\/\",\"name\":\"RUUBY\",\"description\":\"Ruubys on \u00fchendatud elustiil ja disain\",\"publisher\":{\"@id\":\"http:\\\/\\\/ruuby.ee\\\/en\\\/#organization\"},\"alternateName\":\"Ruuby Disain\",\"potentialAction\":[{\"@type\":\"SearchAction\",\"target\":{\"@type\":\"EntryPoint\",\"urlTemplate\":\"http:\\\/\\\/ruuby.ee\\\/en\\\/?s={search_term_string}\"},\"query-input\":{\"@type\":\"PropertyValueSpecification\",\"valueRequired\":true,\"valueName\":\"search_term_string\"}}],\"inLanguage\":\"en-GB\"},{\"@type\":\"Organization\",\"@id\":\"http:\\\/\\\/ruuby.ee\\\/en\\\/#organization\",\"name\":\"Ruuby Disain O\u00dc\",\"alternateName\":\"Ruuby\",\"url\":\"http:\\\/\\\/ruuby.ee\\\/en\\\/\",\"logo\":{\"@type\":\"ImageObject\",\"inLanguage\":\"en-GB\",\"@id\":\"http:\\\/\\\/ruuby.ee\\\/en\\\/#\\\/schema\\\/logo\\\/image\\\/\",\"url\":\"https:\\\/\\\/ruuby.ee\\\/wp-content\\\/uploads\\\/2023\\\/06\\\/cropped-Black-White-Elegant-Circle-Signature-Fashion-Logo-12_large.png\",\"contentUrl\":\"https:\\\/\\\/ruuby.ee\\\/wp-content\\\/uploads\\\/2023\\\/06\\\/cropped-Black-White-Elegant-Circle-Signature-Fashion-Logo-12_large.png\",\"width\":1280,\"height\":747,\"caption\":\"Ruuby Disain O\u00dc\"},\"image\":{\"@id\":\"http:\\\/\\\/ruuby.ee\\\/en\\\/#\\\/schema\\\/logo\\\/image\\\/\"},\"sameAs\":[\"https:\\\/\\\/www.facebook.com\\\/ruubyconcept\",\"https:\\\/\\\/www.instagram.com\\\/ruuby_concept\\\/\"]}]}<\/script>\n<!-- \/ Yoast SEO plugin. -->","yoast_head_json":{"title":"Poule Party - 100% puuvilla m\u00fctsid, valge - RUUBY","robots":{"index":"index","follow":"follow","max-snippet":"max-snippet:-1","max-image-preview":"max-image-preview:large","max-video-preview":"max-video-preview:-1"},"canonical":"http:\/\/ruuby.ee\/en\/pood\/aksessuaarid\/mutsid-ja-sallid\/poule-party-100-puuvilla-mutsid-valge\/","og_locale":"en_GB","og_type":"article","og_title":"Poule Party - 100% puuvilla m\u00fctsid, valge - RUUBY","og_description":"\ud83c\udf31 100% GOTS-sertifitseeritud orgaaniline puuvill: \u00fclipehme ja kemikaalide vaba \u2013 sest Poule Party\u00ae-s hoolitseme nii suurte kui ka v\u00e4ikeste peade eest.","og_url":"http:\/\/ruuby.ee\/en\/pood\/aksessuaarid\/mutsid-ja-sallid\/poule-party-100-puuvilla-mutsid-valge\/","og_site_name":"RUUBY","article_publisher":"https:\/\/www.facebook.com\/ruubyconcept","article_modified_time":"2026-04-06T22:27:06+00:00","og_image":[{"width":1084,"height":956,"url":"http:\/\/ruuby.ee\/wp-content\/uploads\/2025\/09\/Screenshot-2025-09-25-at-15.12.46.png","type":"image\/png"}],"twitter_card":"summary_large_image","twitter_misc":{"Estimated reading time":"1 minute"},"schema":{"@context":"https:\/\/schema.org","@graph":[{"@type":["WebPage","ItemPage"],"@id":"http:\/\/ruuby.ee\/pood\/aksessuaarid\/mutsid-ja-sallid\/poule-party-100-puuvilla-mutsid-valge\/","url":"http:\/\/ruuby.ee\/pood\/aksessuaarid\/mutsid-ja-sallid\/poule-party-100-puuvilla-mutsid-valge\/","name":"Poule Party - 100% puuvilla m\u00fctsid, valge - RUUBY","isPartOf":{"@id":"http:\/\/ruuby.ee\/en\/#website"},"primaryImageOfPage":{"@id":"http:\/\/ruuby.ee\/pood\/aksessuaarid\/mutsid-ja-sallid\/poule-party-100-puuvilla-mutsid-valge\/#primaryimage"},"image":{"@id":"http:\/\/ruuby.ee\/pood\/aksessuaarid\/mutsid-ja-sallid\/poule-party-100-puuvilla-mutsid-valge\/#primaryimage"},"thumbnailUrl":"https:\/\/ruuby.ee\/wp-content\/uploads\/2025\/09\/Screenshot-2025-09-25-at-15.12.46.png","datePublished":"2025-09-25T12:00:29+00:00","dateModified":"2026-04-06T22:27:06+00:00","breadcrumb":{"@id":"http:\/\/ruuby.ee\/pood\/aksessuaarid\/mutsid-ja-sallid\/poule-party-100-puuvilla-mutsid-valge\/#breadcrumb"},"inLanguage":"en-GB","potentialAction":[{"@type":"ReadAction","target":["http:\/\/ruuby.ee\/pood\/aksessuaarid\/mutsid-ja-sallid\/poule-party-100-puuvilla-mutsid-valge\/"]}]},{"@type":"ImageObject","inLanguage":"en-GB","@id":"http:\/\/ruuby.ee\/pood\/aksessuaarid\/mutsid-ja-sallid\/poule-party-100-puuvilla-mutsid-valge\/#primaryimage","url":"https:\/\/ruuby.ee\/wp-content\/uploads\/2025\/09\/Screenshot-2025-09-25-at-15.12.46.png","contentUrl":"https:\/\/ruuby.ee\/wp-content\/uploads\/2025\/09\/Screenshot-2025-09-25-at-15.12.46.png","width":1084,"height":956},{"@type":"BreadcrumbList","@id":"http:\/\/ruuby.ee\/pood\/aksessuaarid\/mutsid-ja-sallid\/poule-party-100-puuvilla-mutsid-valge\/#breadcrumb","itemListElement":[{"@type":"ListItem","position":1,"name":"Kdu","item":"http:\/\/ruuby.ee\/en\/"},{"@type":"ListItem","position":2,"name":"Pood","item":"http:\/\/ruuby.ee\/en\/pood\/"},{"@type":"ListItem","position":3,"name":"Poule Party &#8211; 100% puuvilla m\u00fctsid, valge"}]},{"@type":"WebSite","@id":"http:\/\/ruuby.ee\/en\/#website","url":"http:\/\/ruuby.ee\/en\/","name":"RUUBY","description":"Ruubys on \u00fchendatud elustiil ja disain","publisher":{"@id":"http:\/\/ruuby.ee\/en\/#organization"},"alternateName":"Ruuby Disain","potentialAction":[{"@type":"SearchAction","target":{"@type":"EntryPoint","urlTemplate":"http:\/\/ruuby.ee\/en\/?s={search_term_string}"},"query-input":{"@type":"PropertyValueSpecification","valueRequired":true,"valueName":"search_term_string"}}],"inLanguage":"en-GB"},{"@type":"Organization","@id":"http:\/\/ruuby.ee\/en\/#organization","name":"Ruuby Disain O\u00dc","alternateName":"Ruuby","url":"http:\/\/ruuby.ee\/en\/","logo":{"@type":"ImageObject","inLanguage":"en-GB","@id":"http:\/\/ruuby.ee\/en\/#\/schema\/logo\/image\/","url":"https:\/\/ruuby.ee\/wp-content\/uploads\/2023\/06\/cropped-Black-White-Elegant-Circle-Signature-Fashion-Logo-12_large.png","contentUrl":"https:\/\/ruuby.ee\/wp-content\/uploads\/2023\/06\/cropped-Black-White-Elegant-Circle-Signature-Fashion-Logo-12_large.png","width":1280,"height":747,"caption":"Ruuby Disain O\u00dc"},"image":{"@id":"http:\/\/ruuby.ee\/en\/#\/schema\/logo\/image\/"},"sameAs":["https:\/\/www.facebook.com\/ruubyconcept","https:\/\/www.instagram.com\/ruuby_concept\/"]}]}},"jetpack_sharing_enabled":true,"_links":{"self":[{"href":"https:\/\/ruuby.ee\/en\/wp-json\/wp\/v2\/product\/1855166","targetHints":{"allow":["GET"]}}],"collection":[{"href":"https:\/\/ruuby.ee\/en\/wp-json\/wp\/v2\/product"}],"about":[{"href":"https:\/\/ruuby.ee\/en\/wp-json\/wp\/v2\/types\/product"}],"replies":[{"embeddable":true,"href":"https:\/\/ruuby.ee\/en\/wp-json\/wp\/v2\/comments?post=1855166"}],"wp:featuredmedia":[{"embeddable":true,"href":"https:\/\/ruuby.ee\/en\/wp-json\/wp\/v2\/media\/1855182"}],"wp:attachment":[{"href":"https:\/\/ruuby.ee\/en\/wp-json\/wp\/v2\/media?parent=1855166"}],"wp:term":[{"taxonomy":"product_brand","embeddable":true,"href":"https:\/\/ruuby.ee\/en\/wp-json\/wp\/v2\/product_brand?post=1855166"},{"taxonomy":"product_cat","embeddable":true,"href":"https:\/\/ruuby.ee\/en\/wp-json\/wp\/v2\/product_cat?post=1855166"},{"taxonomy":"product_tag","embeddable":true,"href":"https:\/\/ruuby.ee\/en\/wp-json\/wp\/v2\/product_tag?post=1855166"}],"curies":[{"name":"wp","href":"https:\/\/api.w.org\/{rel}","templated":true}]}}