{"id":1855116,"date":"2025-09-22T13:37:06","date_gmt":"2025-09-22T10:37:06","guid":{"rendered":"https:\/\/ruuby.ee\/pood\/maaratlemata\/the-mallows-maasikataidisega-vahukommid-rikkaliku-vaarikaga\/"},"modified":"2026-04-05T01:25:18","modified_gmt":"2026-04-04T22:25:18","slug":"the-mallows-maasikataidisega-vahukommid-rikkaliku-vaarikaga","status":"publish","type":"product","link":"https:\/\/ruuby.ee\/en\/pood\/gurmee\/maiustused\/the-mallows-maasikataidisega-vahukommid-rikkaliku-vaarikaga\/","title":{"rendered":"The Mallows maasikat\u00e4idisega vahukommid, rikkaliku vaarikaga"},"content":{"rendered":"<p>Avasta t\u00e4iesti uus maitseelamus meie uusima vahukommiloominguga.<\/p>\n<p>Maasikat\u00e4idisega vahukommid + rikkalikud vaarikad ja Belgia valge \u0161okolaad on maasikat\u00e4idisega vahukommid, mis on kaetud Belgia valge \u0161okolaadiga ja kergelt puistatud peene vaarikapulbriga. Magus, suvine maitseelamus, millest saab kindlasti teie uus lemmik.<\/p>\n<p>Vastupandamatu ja t\u00f5eliselt ainulaadne maitseelamus!<\/p>\n<p>Koostisosad: VAHUKOMMID VALGE \u0160OKOLAADI 42% JA MAASIKAT\u00c4IDISEGA 14%<br \/>\nKoostisosad: gl\u00fckoos, valge \u0161okolaad 42% (suhkur, kakaov\u00f5i, t\u00e4ispiimapulber, emulgaator (sojaletsitiin), looduslik vanilje l\u00f5hna- ja maitseaine), maasikat\u00e4idis 14% (gl\u00fckoosisiirup, dekstroos, suhkur, maasikap\u00fcree, vesi, paksendaja (pektiin), looduslik l\u00f5hna- ja maitseaine, sidrunhape, musta porgandi mahla kontsentraat), suhkur, k\u00fclmkuivatatud vaarikas 4%, dekstroos, vesi, \u017eelatiin, sidrunhape, l\u00f5hna- ja maitseained.<\/p>\n<p>&nbsp;<\/p>\n<p>&nbsp;<\/p>","protected":false},"excerpt":{"rendered":"<p>Avasta t\u00e4iesti uus maitseelamus meie uusima vahukommiloominguga.<\/p>\n<p>Maasikat\u00e4idisega vahukommid + rikkalikud vaarikad ja Belgia valge \u0161okolaad on maasikat\u00e4idisega vahukommid, mis on kaetud Belgia valge \u0161okolaadiga ja kergelt puistatud peene vaarikapulbriga. Magus, suvine maitseelamus, millest saab kindlasti teie uus lemmik.<\/p>","protected":false},"featured_media":1855121,"comment_status":"open","ping_status":"closed","template":"","meta":[],"product_brand":[],"product_cat":[26,644],"product_tag":[112,273,274],"class_list":{"0":"post-1855116","1":"product","2":"type-product","3":"status-publish","4":"has-post-thumbnail","6":"product_cat-gurmee","7":"product_cat-maiustused","8":"product_tag-gurmee","9":"product_tag-the-mallows","10":"product_tag-vahukommid","12":"first","13":"outofstock","14":"taxable","15":"shipping-taxable","16":"purchasable","17":"product-type-simple"},"yoast_head":"<!-- This site is optimized with the Yoast SEO plugin v27.2 - https:\/\/yoast.com\/product\/yoast-seo-wordpress\/ -->\n<title>The Mallows maasikat\u00e4idisega vahukommid, rikkaliku vaarikaga - RUUBY<\/title>\n<meta name=\"robots\" content=\"index, follow, max-snippet:-1, max-image-preview:large, max-video-preview:-1\" \/>\n<link rel=\"canonical\" href=\"https:\/\/ruuby.ee\/en\/pood\/gurmee\/maiustused\/the-mallows-maasikataidisega-vahukommid-rikkaliku-vaarikaga\/\" \/>\n<meta property=\"og:locale\" content=\"en_GB\" \/>\n<meta property=\"og:type\" content=\"article\" \/>\n<meta property=\"og:title\" content=\"The Mallows maasikat\u00e4idisega vahukommid, rikkaliku vaarikaga - RUUBY\" \/>\n<meta property=\"og:description\" content=\"Avasta t\u00e4iesti uus maitseelamus meie uusima vahukommiloominguga.  Maasikat\u00e4idisega vahukommid + rikkalikud vaarikad ja Belgia valge \u0161okolaad on maasikat\u00e4idisega vahukommid, mis on kaetud Belgia valge \u0161okolaadiga ja kergelt puistatud peene vaarikapulbriga. Magus, suvine maitseelamus, millest saab kindlasti teie uus lemmik.\" \/>\n<meta property=\"og:url\" content=\"https:\/\/ruuby.ee\/en\/pood\/gurmee\/maiustused\/the-mallows-maasikataidisega-vahukommid-rikkaliku-vaarikaga\/\" \/>\n<meta property=\"og:site_name\" content=\"RUUBY\" \/>\n<meta property=\"article:publisher\" content=\"https:\/\/www.facebook.com\/ruubyconcept\" \/>\n<meta property=\"article:modified_time\" content=\"2026-04-04T22:25:18+00:00\" \/>\n<meta property=\"og:image\" content=\"https:\/\/ruuby.ee\/wp-content\/uploads\/2025\/09\/Screenshot-2025-09-22-at-14.14.29.png\" \/>\n\t<meta property=\"og:image:width\" content=\"1210\" \/>\n\t<meta property=\"og:image:height\" content=\"1096\" \/>\n\t<meta property=\"og:image:type\" content=\"image\/png\" \/>\n<meta name=\"twitter:card\" content=\"summary_large_image\" \/>\n<meta name=\"twitter:label1\" content=\"Estimated reading time\" \/>\n\t<meta name=\"twitter:data1\" content=\"1 minute\" \/>\n<script type=\"application\/ld+json\" class=\"yoast-schema-graph\">{\"@context\":\"https:\/\/schema.org\",\"@graph\":[{\"@type\":[\"WebPage\",\"ItemPage\"],\"@id\":\"https:\/\/ruuby.ee\/en\/pood\/gurmee\/maiustused\/the-mallows-maasikataidisega-vahukommid-rikkaliku-vaarikaga\/\",\"url\":\"https:\/\/ruuby.ee\/en\/pood\/gurmee\/maiustused\/the-mallows-maasikataidisega-vahukommid-rikkaliku-vaarikaga\/\",\"name\":\"The Mallows maasikat\u00e4idisega vahukommid, rikkaliku vaarikaga - RUUBY\",\"isPartOf\":{\"@id\":\"http:\/\/ruuby.ee\/#website\"},\"primaryImageOfPage\":{\"@id\":\"https:\/\/ruuby.ee\/en\/pood\/gurmee\/maiustused\/the-mallows-maasikataidisega-vahukommid-rikkaliku-vaarikaga\/#primaryimage\"},\"image\":{\"@id\":\"https:\/\/ruuby.ee\/en\/pood\/gurmee\/maiustused\/the-mallows-maasikataidisega-vahukommid-rikkaliku-vaarikaga\/#primaryimage\"},\"thumbnailUrl\":\"https:\/\/ruuby.ee\/wp-content\/uploads\/2025\/09\/Screenshot-2025-09-22-at-14.14.29.png\",\"datePublished\":\"2025-09-22T10:37:06+00:00\",\"dateModified\":\"2026-04-04T22:25:18+00:00\",\"breadcrumb\":{\"@id\":\"https:\/\/ruuby.ee\/en\/pood\/gurmee\/maiustused\/the-mallows-maasikataidisega-vahukommid-rikkaliku-vaarikaga\/#breadcrumb\"},\"inLanguage\":\"en-GB\",\"potentialAction\":[{\"@type\":\"ReadAction\",\"target\":[\"https:\/\/ruuby.ee\/en\/pood\/gurmee\/maiustused\/the-mallows-maasikataidisega-vahukommid-rikkaliku-vaarikaga\/\"]}]},{\"@type\":\"ImageObject\",\"inLanguage\":\"en-GB\",\"@id\":\"https:\/\/ruuby.ee\/en\/pood\/gurmee\/maiustused\/the-mallows-maasikataidisega-vahukommid-rikkaliku-vaarikaga\/#primaryimage\",\"url\":\"https:\/\/ruuby.ee\/wp-content\/uploads\/2025\/09\/Screenshot-2025-09-22-at-14.14.29.png\",\"contentUrl\":\"https:\/\/ruuby.ee\/wp-content\/uploads\/2025\/09\/Screenshot-2025-09-22-at-14.14.29.png\",\"width\":1210,\"height\":1096},{\"@type\":\"BreadcrumbList\",\"@id\":\"https:\/\/ruuby.ee\/en\/pood\/gurmee\/maiustused\/the-mallows-maasikataidisega-vahukommid-rikkaliku-vaarikaga\/#breadcrumb\",\"itemListElement\":[{\"@type\":\"ListItem\",\"position\":1,\"name\":\"Kdu\",\"item\":\"http:\/\/ruuby.ee\/\"},{\"@type\":\"ListItem\",\"position\":2,\"name\":\"Pood\",\"item\":\"https:\/\/ruuby.ee\/en\/pood\/\"},{\"@type\":\"ListItem\",\"position\":3,\"name\":\"The Mallows maasikat\u00e4idisega vahukommid, rikkaliku vaarikaga\"}]},{\"@type\":\"WebSite\",\"@id\":\"http:\/\/ruuby.ee\/#website\",\"url\":\"http:\/\/ruuby.ee\/\",\"name\":\"RUUBY\",\"description\":\"Ruubys on \u00fchendatud elustiil ja disain\",\"publisher\":{\"@id\":\"http:\/\/ruuby.ee\/#organization\"},\"alternateName\":\"Ruuby Disain\",\"potentialAction\":[{\"@type\":\"SearchAction\",\"target\":{\"@type\":\"EntryPoint\",\"urlTemplate\":\"http:\/\/ruuby.ee\/?s={search_term_string}\"},\"query-input\":{\"@type\":\"PropertyValueSpecification\",\"valueRequired\":true,\"valueName\":\"search_term_string\"}}],\"inLanguage\":\"en-GB\"},{\"@type\":\"Organization\",\"@id\":\"http:\/\/ruuby.ee\/#organization\",\"name\":\"Ruuby Disain O\u00dc\",\"alternateName\":\"Ruuby\",\"url\":\"http:\/\/ruuby.ee\/\",\"logo\":{\"@type\":\"ImageObject\",\"inLanguage\":\"en-GB\",\"@id\":\"http:\/\/ruuby.ee\/#\/schema\/logo\/image\/\",\"url\":\"https:\/\/ruuby.ee\/wp-content\/uploads\/2023\/06\/cropped-Black-White-Elegant-Circle-Signature-Fashion-Logo-12_large.png\",\"contentUrl\":\"https:\/\/ruuby.ee\/wp-content\/uploads\/2023\/06\/cropped-Black-White-Elegant-Circle-Signature-Fashion-Logo-12_large.png\",\"width\":1280,\"height\":747,\"caption\":\"Ruuby Disain O\u00dc\"},\"image\":{\"@id\":\"http:\/\/ruuby.ee\/#\/schema\/logo\/image\/\"},\"sameAs\":[\"https:\/\/www.facebook.com\/ruubyconcept\",\"https:\/\/www.instagram.com\/ruuby_concept\/\"]}]}<\/script>\n<!-- \/ Yoast SEO plugin. -->","yoast_head_json":{"title":"The Mallows maasikat\u00e4idisega vahukommid, rikkaliku vaarikaga - RUUBY","robots":{"index":"index","follow":"follow","max-snippet":"max-snippet:-1","max-image-preview":"max-image-preview:large","max-video-preview":"max-video-preview:-1"},"canonical":"https:\/\/ruuby.ee\/en\/pood\/gurmee\/maiustused\/the-mallows-maasikataidisega-vahukommid-rikkaliku-vaarikaga\/","og_locale":"en_GB","og_type":"article","og_title":"The Mallows maasikat\u00e4idisega vahukommid, rikkaliku vaarikaga - RUUBY","og_description":"Avasta t\u00e4iesti uus maitseelamus meie uusima vahukommiloominguga.  Maasikat\u00e4idisega vahukommid + rikkalikud vaarikad ja Belgia valge \u0161okolaad on maasikat\u00e4idisega vahukommid, mis on kaetud Belgia valge \u0161okolaadiga ja kergelt puistatud peene vaarikapulbriga. Magus, suvine maitseelamus, millest saab kindlasti teie uus lemmik.","og_url":"https:\/\/ruuby.ee\/en\/pood\/gurmee\/maiustused\/the-mallows-maasikataidisega-vahukommid-rikkaliku-vaarikaga\/","og_site_name":"RUUBY","article_publisher":"https:\/\/www.facebook.com\/ruubyconcept","article_modified_time":"2026-04-04T22:25:18+00:00","og_image":[{"width":1210,"height":1096,"url":"https:\/\/ruuby.ee\/wp-content\/uploads\/2025\/09\/Screenshot-2025-09-22-at-14.14.29.png","type":"image\/png"}],"twitter_card":"summary_large_image","twitter_misc":{"Estimated reading time":"1 minute"},"schema":{"@context":"https:\/\/schema.org","@graph":[{"@type":["WebPage","ItemPage"],"@id":"https:\/\/ruuby.ee\/en\/pood\/gurmee\/maiustused\/the-mallows-maasikataidisega-vahukommid-rikkaliku-vaarikaga\/","url":"https:\/\/ruuby.ee\/en\/pood\/gurmee\/maiustused\/the-mallows-maasikataidisega-vahukommid-rikkaliku-vaarikaga\/","name":"The Mallows maasikat\u00e4idisega vahukommid, rikkaliku vaarikaga - RUUBY","isPartOf":{"@id":"http:\/\/ruuby.ee\/#website"},"primaryImageOfPage":{"@id":"https:\/\/ruuby.ee\/en\/pood\/gurmee\/maiustused\/the-mallows-maasikataidisega-vahukommid-rikkaliku-vaarikaga\/#primaryimage"},"image":{"@id":"https:\/\/ruuby.ee\/en\/pood\/gurmee\/maiustused\/the-mallows-maasikataidisega-vahukommid-rikkaliku-vaarikaga\/#primaryimage"},"thumbnailUrl":"https:\/\/ruuby.ee\/wp-content\/uploads\/2025\/09\/Screenshot-2025-09-22-at-14.14.29.png","datePublished":"2025-09-22T10:37:06+00:00","dateModified":"2026-04-04T22:25:18+00:00","breadcrumb":{"@id":"https:\/\/ruuby.ee\/en\/pood\/gurmee\/maiustused\/the-mallows-maasikataidisega-vahukommid-rikkaliku-vaarikaga\/#breadcrumb"},"inLanguage":"en-GB","potentialAction":[{"@type":"ReadAction","target":["https:\/\/ruuby.ee\/en\/pood\/gurmee\/maiustused\/the-mallows-maasikataidisega-vahukommid-rikkaliku-vaarikaga\/"]}]},{"@type":"ImageObject","inLanguage":"en-GB","@id":"https:\/\/ruuby.ee\/en\/pood\/gurmee\/maiustused\/the-mallows-maasikataidisega-vahukommid-rikkaliku-vaarikaga\/#primaryimage","url":"https:\/\/ruuby.ee\/wp-content\/uploads\/2025\/09\/Screenshot-2025-09-22-at-14.14.29.png","contentUrl":"https:\/\/ruuby.ee\/wp-content\/uploads\/2025\/09\/Screenshot-2025-09-22-at-14.14.29.png","width":1210,"height":1096},{"@type":"BreadcrumbList","@id":"https:\/\/ruuby.ee\/en\/pood\/gurmee\/maiustused\/the-mallows-maasikataidisega-vahukommid-rikkaliku-vaarikaga\/#breadcrumb","itemListElement":[{"@type":"ListItem","position":1,"name":"Kdu","item":"http:\/\/ruuby.ee\/"},{"@type":"ListItem","position":2,"name":"Pood","item":"https:\/\/ruuby.ee\/en\/pood\/"},{"@type":"ListItem","position":3,"name":"The Mallows maasikat\u00e4idisega vahukommid, rikkaliku vaarikaga"}]},{"@type":"WebSite","@id":"http:\/\/ruuby.ee\/#website","url":"http:\/\/ruuby.ee\/","name":"RUUBY","description":"Ruubys on \u00fchendatud elustiil ja disain","publisher":{"@id":"http:\/\/ruuby.ee\/#organization"},"alternateName":"Ruuby Disain","potentialAction":[{"@type":"SearchAction","target":{"@type":"EntryPoint","urlTemplate":"http:\/\/ruuby.ee\/?s={search_term_string}"},"query-input":{"@type":"PropertyValueSpecification","valueRequired":true,"valueName":"search_term_string"}}],"inLanguage":"en-GB"},{"@type":"Organization","@id":"http:\/\/ruuby.ee\/#organization","name":"Ruuby Disain O\u00dc","alternateName":"Ruuby","url":"http:\/\/ruuby.ee\/","logo":{"@type":"ImageObject","inLanguage":"en-GB","@id":"http:\/\/ruuby.ee\/#\/schema\/logo\/image\/","url":"https:\/\/ruuby.ee\/wp-content\/uploads\/2023\/06\/cropped-Black-White-Elegant-Circle-Signature-Fashion-Logo-12_large.png","contentUrl":"https:\/\/ruuby.ee\/wp-content\/uploads\/2023\/06\/cropped-Black-White-Elegant-Circle-Signature-Fashion-Logo-12_large.png","width":1280,"height":747,"caption":"Ruuby Disain O\u00dc"},"image":{"@id":"http:\/\/ruuby.ee\/#\/schema\/logo\/image\/"},"sameAs":["https:\/\/www.facebook.com\/ruubyconcept","https:\/\/www.instagram.com\/ruuby_concept\/"]}]}},"jetpack_sharing_enabled":true,"_links":{"self":[{"href":"https:\/\/ruuby.ee\/en\/wp-json\/wp\/v2\/product\/1855116","targetHints":{"allow":["GET"]}}],"collection":[{"href":"https:\/\/ruuby.ee\/en\/wp-json\/wp\/v2\/product"}],"about":[{"href":"https:\/\/ruuby.ee\/en\/wp-json\/wp\/v2\/types\/product"}],"replies":[{"embeddable":true,"href":"https:\/\/ruuby.ee\/en\/wp-json\/wp\/v2\/comments?post=1855116"}],"wp:featuredmedia":[{"embeddable":true,"href":"https:\/\/ruuby.ee\/en\/wp-json\/wp\/v2\/media\/1855121"}],"wp:attachment":[{"href":"https:\/\/ruuby.ee\/en\/wp-json\/wp\/v2\/media?parent=1855116"}],"wp:term":[{"taxonomy":"product_brand","embeddable":true,"href":"https:\/\/ruuby.ee\/en\/wp-json\/wp\/v2\/product_brand?post=1855116"},{"taxonomy":"product_cat","embeddable":true,"href":"https:\/\/ruuby.ee\/en\/wp-json\/wp\/v2\/product_cat?post=1855116"},{"taxonomy":"product_tag","embeddable":true,"href":"https:\/\/ruuby.ee\/en\/wp-json\/wp\/v2\/product_tag?post=1855116"}],"curies":[{"name":"wp","href":"https:\/\/api.w.org\/{rel}","templated":true}]}}