{"id":1855062,"date":"2025-09-18T14:39:01","date_gmt":"2025-09-18T11:39:01","guid":{"rendered":"https:\/\/ruuby.ee\/pood\/maaratlemata\/vinoos-veini-maitsed-kommis-sparkling-rose-0vol\/"},"modified":"2026-04-05T01:25:18","modified_gmt":"2026-04-04T22:25:18","slug":"vinoos-veini-maitsed-kommis-sparkling-rose-0vol","status":"publish","type":"product","link":"https:\/\/ruuby.ee\/en\/pood\/joulueri\/joulugurmee\/vinoos-veini-maitsed-kommis-sparkling-rose-0vol\/","title":{"rendered":"Vinoos &#8211; Veini maitsed kommis, Sparkling Rose, 0%vol"},"content":{"rendered":"<p>Need Sparkling Ros\u00e9 kummikommid paistavad silma juba esimesest ampsust alates, pakkudes k\u00f5iki noote, mida v\u00f5iksite oodata! Ideaalne neile, kes soovivad pidulikku maitset. Ninale omased v\u00f5luvad vaarika aroomid konkureerivad valgete lillede n\u00fcanssidega. Suurep\u00e4rane koos puuviljaste magustoitudega.<\/p>\n<p>Koostisosad: Gl\u00fckoosisiirup, suhkur, modifitseeritud t\u00e4rklis (nisu, mais, kartul), happed: sidrunhape, piimhape, \u00f5unhape, naatriummalaat, Sparkling Ros\u00e9 aroom, taime\u00f5li (kookos), karnaubavaha.<\/p>\n<p>50 grammi<\/p>\n<p>Gluteenisisaldus on alla seadusliku normi. (Codex Alimentarius, 41\/2009)<\/p>","protected":false},"excerpt":{"rendered":"<p>See imeline vahuvein Ros\u00e9 on \u00f5rn ja maitseelamus plahvatab keelel!<\/p>","protected":false},"featured_media":1855081,"comment_status":"open","ping_status":"closed","template":"","meta":[],"product_brand":[],"product_cat":[26,491,952,644],"product_tag":[112,1102,1101],"class_list":{"0":"post-1855062","1":"product","2":"type-product","3":"status-publish","4":"has-post-thumbnail","6":"product_cat-gurmee","7":"product_cat-joulueri","8":"product_cat-joulugurmee","9":"product_cat-maiustused","10":"product_tag-gurmee","11":"product_tag-kummikomm","12":"product_tag-vinoos","14":"first","15":"instock","16":"taxable","17":"shipping-taxable","18":"purchasable","19":"product-type-simple"},"yoast_head":"<!-- This site is optimized with the Yoast SEO plugin v27.2 - https:\/\/yoast.com\/product\/yoast-seo-wordpress\/ -->\n<title>Vinoos - Veini maitsed kommis, Sparkling Rose, 0%vol - RUUBY<\/title>\n<meta name=\"robots\" content=\"index, follow, max-snippet:-1, max-image-preview:large, max-video-preview:-1\" \/>\n<link rel=\"canonical\" href=\"https:\/\/ruuby.ee\/en\/pood\/joulueri\/joulugurmee\/vinoos-veini-maitsed-kommis-sparkling-rose-0vol\/\" \/>\n<meta property=\"og:locale\" content=\"en_GB\" \/>\n<meta property=\"og:type\" content=\"article\" \/>\n<meta property=\"og:title\" content=\"Vinoos - Veini maitsed kommis, Sparkling Rose, 0%vol - RUUBY\" \/>\n<meta property=\"og:description\" content=\"See imeline vahuvein Ros\u00e9 on \u00f5rn ja maitseelamus plahvatab keelel!\" \/>\n<meta property=\"og:url\" content=\"https:\/\/ruuby.ee\/en\/pood\/joulueri\/joulugurmee\/vinoos-veini-maitsed-kommis-sparkling-rose-0vol\/\" \/>\n<meta property=\"og:site_name\" content=\"RUUBY\" \/>\n<meta property=\"article:publisher\" content=\"https:\/\/www.facebook.com\/ruubyconcept\" \/>\n<meta property=\"article:modified_time\" content=\"2026-04-04T22:25:18+00:00\" \/>\n<meta property=\"og:image\" content=\"https:\/\/ruuby.ee\/wp-content\/uploads\/2025\/09\/Screenshot-2025-09-18-at-15.21.28.png\" \/>\n\t<meta property=\"og:image:width\" content=\"1314\" \/>\n\t<meta property=\"og:image:height\" content=\"1124\" \/>\n\t<meta property=\"og:image:type\" content=\"image\/png\" \/>\n<meta name=\"twitter:card\" content=\"summary_large_image\" \/>\n<meta name=\"twitter:label1\" content=\"Estimated reading time\" \/>\n\t<meta name=\"twitter:data1\" content=\"1 minute\" \/>\n<script type=\"application\/ld+json\" class=\"yoast-schema-graph\">{\"@context\":\"https:\/\/schema.org\",\"@graph\":[{\"@type\":[\"WebPage\",\"ItemPage\"],\"@id\":\"https:\/\/ruuby.ee\/en\/pood\/joulueri\/joulugurmee\/vinoos-veini-maitsed-kommis-sparkling-rose-0vol\/\",\"url\":\"https:\/\/ruuby.ee\/en\/pood\/joulueri\/joulugurmee\/vinoos-veini-maitsed-kommis-sparkling-rose-0vol\/\",\"name\":\"Vinoos - Veini maitsed kommis, Sparkling Rose, 0%vol - RUUBY\",\"isPartOf\":{\"@id\":\"http:\/\/ruuby.ee\/#website\"},\"primaryImageOfPage\":{\"@id\":\"https:\/\/ruuby.ee\/en\/pood\/joulueri\/joulugurmee\/vinoos-veini-maitsed-kommis-sparkling-rose-0vol\/#primaryimage\"},\"image\":{\"@id\":\"https:\/\/ruuby.ee\/en\/pood\/joulueri\/joulugurmee\/vinoos-veini-maitsed-kommis-sparkling-rose-0vol\/#primaryimage\"},\"thumbnailUrl\":\"https:\/\/ruuby.ee\/wp-content\/uploads\/2025\/09\/Screenshot-2025-09-18-at-15.21.28.png\",\"datePublished\":\"2025-09-18T11:39:01+00:00\",\"dateModified\":\"2026-04-04T22:25:18+00:00\",\"breadcrumb\":{\"@id\":\"https:\/\/ruuby.ee\/en\/pood\/joulueri\/joulugurmee\/vinoos-veini-maitsed-kommis-sparkling-rose-0vol\/#breadcrumb\"},\"inLanguage\":\"en-GB\",\"potentialAction\":[{\"@type\":\"ReadAction\",\"target\":[\"https:\/\/ruuby.ee\/en\/pood\/joulueri\/joulugurmee\/vinoos-veini-maitsed-kommis-sparkling-rose-0vol\/\"]}]},{\"@type\":\"ImageObject\",\"inLanguage\":\"en-GB\",\"@id\":\"https:\/\/ruuby.ee\/en\/pood\/joulueri\/joulugurmee\/vinoos-veini-maitsed-kommis-sparkling-rose-0vol\/#primaryimage\",\"url\":\"https:\/\/ruuby.ee\/wp-content\/uploads\/2025\/09\/Screenshot-2025-09-18-at-15.21.28.png\",\"contentUrl\":\"https:\/\/ruuby.ee\/wp-content\/uploads\/2025\/09\/Screenshot-2025-09-18-at-15.21.28.png\",\"width\":1314,\"height\":1124},{\"@type\":\"BreadcrumbList\",\"@id\":\"https:\/\/ruuby.ee\/en\/pood\/joulueri\/joulugurmee\/vinoos-veini-maitsed-kommis-sparkling-rose-0vol\/#breadcrumb\",\"itemListElement\":[{\"@type\":\"ListItem\",\"position\":1,\"name\":\"Kdu\",\"item\":\"http:\/\/ruuby.ee\/\"},{\"@type\":\"ListItem\",\"position\":2,\"name\":\"Pood\",\"item\":\"https:\/\/ruuby.ee\/en\/pood\/\"},{\"@type\":\"ListItem\",\"position\":3,\"name\":\"Vinoos &#8211; Veini maitsed kommis, Sparkling Rose, 0%vol\"}]},{\"@type\":\"WebSite\",\"@id\":\"http:\/\/ruuby.ee\/#website\",\"url\":\"http:\/\/ruuby.ee\/\",\"name\":\"RUUBY\",\"description\":\"Ruubys on \u00fchendatud elustiil ja disain\",\"publisher\":{\"@id\":\"http:\/\/ruuby.ee\/#organization\"},\"alternateName\":\"Ruuby Disain\",\"potentialAction\":[{\"@type\":\"SearchAction\",\"target\":{\"@type\":\"EntryPoint\",\"urlTemplate\":\"http:\/\/ruuby.ee\/?s={search_term_string}\"},\"query-input\":{\"@type\":\"PropertyValueSpecification\",\"valueRequired\":true,\"valueName\":\"search_term_string\"}}],\"inLanguage\":\"en-GB\"},{\"@type\":\"Organization\",\"@id\":\"http:\/\/ruuby.ee\/#organization\",\"name\":\"Ruuby Disain O\u00dc\",\"alternateName\":\"Ruuby\",\"url\":\"http:\/\/ruuby.ee\/\",\"logo\":{\"@type\":\"ImageObject\",\"inLanguage\":\"en-GB\",\"@id\":\"http:\/\/ruuby.ee\/#\/schema\/logo\/image\/\",\"url\":\"https:\/\/ruuby.ee\/wp-content\/uploads\/2023\/06\/cropped-Black-White-Elegant-Circle-Signature-Fashion-Logo-12_large.png\",\"contentUrl\":\"https:\/\/ruuby.ee\/wp-content\/uploads\/2023\/06\/cropped-Black-White-Elegant-Circle-Signature-Fashion-Logo-12_large.png\",\"width\":1280,\"height\":747,\"caption\":\"Ruuby Disain O\u00dc\"},\"image\":{\"@id\":\"http:\/\/ruuby.ee\/#\/schema\/logo\/image\/\"},\"sameAs\":[\"https:\/\/www.facebook.com\/ruubyconcept\",\"https:\/\/www.instagram.com\/ruuby_concept\/\"]}]}<\/script>\n<!-- \/ Yoast SEO plugin. -->","yoast_head_json":{"title":"Vinoos - Veini maitsed kommis, Sparkling Rose, 0%vol - RUUBY","robots":{"index":"index","follow":"follow","max-snippet":"max-snippet:-1","max-image-preview":"max-image-preview:large","max-video-preview":"max-video-preview:-1"},"canonical":"https:\/\/ruuby.ee\/en\/pood\/joulueri\/joulugurmee\/vinoos-veini-maitsed-kommis-sparkling-rose-0vol\/","og_locale":"en_GB","og_type":"article","og_title":"Vinoos - Veini maitsed kommis, Sparkling Rose, 0%vol - RUUBY","og_description":"See imeline vahuvein Ros\u00e9 on \u00f5rn ja maitseelamus plahvatab keelel!","og_url":"https:\/\/ruuby.ee\/en\/pood\/joulueri\/joulugurmee\/vinoos-veini-maitsed-kommis-sparkling-rose-0vol\/","og_site_name":"RUUBY","article_publisher":"https:\/\/www.facebook.com\/ruubyconcept","article_modified_time":"2026-04-04T22:25:18+00:00","og_image":[{"width":1314,"height":1124,"url":"https:\/\/ruuby.ee\/wp-content\/uploads\/2025\/09\/Screenshot-2025-09-18-at-15.21.28.png","type":"image\/png"}],"twitter_card":"summary_large_image","twitter_misc":{"Estimated reading time":"1 minute"},"schema":{"@context":"https:\/\/schema.org","@graph":[{"@type":["WebPage","ItemPage"],"@id":"https:\/\/ruuby.ee\/en\/pood\/joulueri\/joulugurmee\/vinoos-veini-maitsed-kommis-sparkling-rose-0vol\/","url":"https:\/\/ruuby.ee\/en\/pood\/joulueri\/joulugurmee\/vinoos-veini-maitsed-kommis-sparkling-rose-0vol\/","name":"Vinoos - Veini maitsed kommis, Sparkling Rose, 0%vol - RUUBY","isPartOf":{"@id":"http:\/\/ruuby.ee\/#website"},"primaryImageOfPage":{"@id":"https:\/\/ruuby.ee\/en\/pood\/joulueri\/joulugurmee\/vinoos-veini-maitsed-kommis-sparkling-rose-0vol\/#primaryimage"},"image":{"@id":"https:\/\/ruuby.ee\/en\/pood\/joulueri\/joulugurmee\/vinoos-veini-maitsed-kommis-sparkling-rose-0vol\/#primaryimage"},"thumbnailUrl":"https:\/\/ruuby.ee\/wp-content\/uploads\/2025\/09\/Screenshot-2025-09-18-at-15.21.28.png","datePublished":"2025-09-18T11:39:01+00:00","dateModified":"2026-04-04T22:25:18+00:00","breadcrumb":{"@id":"https:\/\/ruuby.ee\/en\/pood\/joulueri\/joulugurmee\/vinoos-veini-maitsed-kommis-sparkling-rose-0vol\/#breadcrumb"},"inLanguage":"en-GB","potentialAction":[{"@type":"ReadAction","target":["https:\/\/ruuby.ee\/en\/pood\/joulueri\/joulugurmee\/vinoos-veini-maitsed-kommis-sparkling-rose-0vol\/"]}]},{"@type":"ImageObject","inLanguage":"en-GB","@id":"https:\/\/ruuby.ee\/en\/pood\/joulueri\/joulugurmee\/vinoos-veini-maitsed-kommis-sparkling-rose-0vol\/#primaryimage","url":"https:\/\/ruuby.ee\/wp-content\/uploads\/2025\/09\/Screenshot-2025-09-18-at-15.21.28.png","contentUrl":"https:\/\/ruuby.ee\/wp-content\/uploads\/2025\/09\/Screenshot-2025-09-18-at-15.21.28.png","width":1314,"height":1124},{"@type":"BreadcrumbList","@id":"https:\/\/ruuby.ee\/en\/pood\/joulueri\/joulugurmee\/vinoos-veini-maitsed-kommis-sparkling-rose-0vol\/#breadcrumb","itemListElement":[{"@type":"ListItem","position":1,"name":"Kdu","item":"http:\/\/ruuby.ee\/"},{"@type":"ListItem","position":2,"name":"Pood","item":"https:\/\/ruuby.ee\/en\/pood\/"},{"@type":"ListItem","position":3,"name":"Vinoos &#8211; Veini maitsed kommis, Sparkling Rose, 0%vol"}]},{"@type":"WebSite","@id":"http:\/\/ruuby.ee\/#website","url":"http:\/\/ruuby.ee\/","name":"RUUBY","description":"Ruubys on \u00fchendatud elustiil ja disain","publisher":{"@id":"http:\/\/ruuby.ee\/#organization"},"alternateName":"Ruuby Disain","potentialAction":[{"@type":"SearchAction","target":{"@type":"EntryPoint","urlTemplate":"http:\/\/ruuby.ee\/?s={search_term_string}"},"query-input":{"@type":"PropertyValueSpecification","valueRequired":true,"valueName":"search_term_string"}}],"inLanguage":"en-GB"},{"@type":"Organization","@id":"http:\/\/ruuby.ee\/#organization","name":"Ruuby Disain O\u00dc","alternateName":"Ruuby","url":"http:\/\/ruuby.ee\/","logo":{"@type":"ImageObject","inLanguage":"en-GB","@id":"http:\/\/ruuby.ee\/#\/schema\/logo\/image\/","url":"https:\/\/ruuby.ee\/wp-content\/uploads\/2023\/06\/cropped-Black-White-Elegant-Circle-Signature-Fashion-Logo-12_large.png","contentUrl":"https:\/\/ruuby.ee\/wp-content\/uploads\/2023\/06\/cropped-Black-White-Elegant-Circle-Signature-Fashion-Logo-12_large.png","width":1280,"height":747,"caption":"Ruuby Disain O\u00dc"},"image":{"@id":"http:\/\/ruuby.ee\/#\/schema\/logo\/image\/"},"sameAs":["https:\/\/www.facebook.com\/ruubyconcept","https:\/\/www.instagram.com\/ruuby_concept\/"]}]}},"jetpack_sharing_enabled":true,"_links":{"self":[{"href":"https:\/\/ruuby.ee\/en\/wp-json\/wp\/v2\/product\/1855062","targetHints":{"allow":["GET"]}}],"collection":[{"href":"https:\/\/ruuby.ee\/en\/wp-json\/wp\/v2\/product"}],"about":[{"href":"https:\/\/ruuby.ee\/en\/wp-json\/wp\/v2\/types\/product"}],"replies":[{"embeddable":true,"href":"https:\/\/ruuby.ee\/en\/wp-json\/wp\/v2\/comments?post=1855062"}],"wp:featuredmedia":[{"embeddable":true,"href":"https:\/\/ruuby.ee\/en\/wp-json\/wp\/v2\/media\/1855081"}],"wp:attachment":[{"href":"https:\/\/ruuby.ee\/en\/wp-json\/wp\/v2\/media?parent=1855062"}],"wp:term":[{"taxonomy":"product_brand","embeddable":true,"href":"https:\/\/ruuby.ee\/en\/wp-json\/wp\/v2\/product_brand?post=1855062"},{"taxonomy":"product_cat","embeddable":true,"href":"https:\/\/ruuby.ee\/en\/wp-json\/wp\/v2\/product_cat?post=1855062"},{"taxonomy":"product_tag","embeddable":true,"href":"https:\/\/ruuby.ee\/en\/wp-json\/wp\/v2\/product_tag?post=1855062"}],"curies":[{"name":"wp","href":"https:\/\/api.w.org\/{rel}","templated":true}]}}