{"id":1854930,"date":"2025-09-08T12:05:44","date_gmt":"2025-09-08T09:05:44","guid":{"rendered":"https:\/\/ruuby.ee\/pood\/maaratlemata\/pestle-mortar-hudrogeel-silmamaskid-60tk\/"},"modified":"2026-04-08T01:28:23","modified_gmt":"2026-04-07T22:28:23","slug":"pestle-mortar-hudrogeel-silmamaskid-60tk","status":"publish","type":"product","link":"https:\/\/ruuby.ee\/en\/pood\/kosmeetika\/naohooldus\/pestle-mortar-hudrogeel-silmamaskid-60tk\/","title":{"rendered":"PESTLE &amp; MORTAR h\u00fcdrogeel silmamaskid, 60tk"},"content":{"rendered":"<p>MIKS NEED TOIMIVAD:<br \/>\nH\u00fcaluroonhappe ja peptiidide infusiooniga rikastatud jahutavad h\u00fcdrogeelplaastrid pakuvad iga kasutuskorraga s\u00fcgavat niisutust, pinguldades ja elustades silmaaluseid. Iga plaaster on immutatud mitmeraske h\u00fcaluroonhappega, et taastada niiskust s\u00fcgaval nahakihtides, samal ajal kui pinguldav peptiidikompleks silub peeneid jooni, taastab elastsuse ja v\u00e4hendab turseid.<\/p>\n<p>MIKS ME NEED VALMISTASIME:<br \/>\nMeie puhas h\u00fcaluroonhappe seerum on kultuslik lemmik, mida armastatakse selle v\u00f5ime eest pakkuda s\u00fcgavat ja kaalutut niisutust ning koheselt nahka t\u00e4idlasemaks muuta. Inspireerituna selle v\u00f5rratust niisutust suurendavast j\u00f5ust, tahtsime luua \u00f5rnale silmaalusele piirkonnale suunatud hoolduse \u2013 midagi, mis toimib kiiresti, tundub v\u00e4rskendav ja annab koheselt n\u00e4htavaid tulemusi. Kombineerides mitmes\u00fcgava h\u00fcaluroonhappe niisutuse pinguldava peptiidikompleksiga, l\u00f5ime jahutavad h\u00fcdrogeelplaastrid, mis taaselustavad koheselt v\u00e4sinud silmi, siluvad peeneid jooni ja lukustavad p\u00fcsiva niiskuse.<\/p>\n<p>KUIDAS KASUTADA:<\/p>\n<p>Kasutage pintsette, et \u00fcks plaaster purgist v\u00e4lja v\u00f5tta.<br \/>\nAsetage \u00fcks plaaster puhtale ja kuivale nahale iga silma alla.<br \/>\nJ\u00e4tage see 10\u201315 minutiks peale ja seej\u00e4rel eemaldage. Iga plaaster on \u00fchekordselt kasutatav.<br \/>\nPatsutage \u00fclej\u00e4\u00e4nud seerum nahka \u2013 loputamist pole vaja.<br \/>\nKasutage iga p\u00e4ev v\u00f5i vastavalt vajadusele niisutuse suurendamiseks<\/p>\n<p>&nbsp;<\/p>\n<p>KOOSTISOSADE T\u00c4IELIK LOEND:<br \/>\nVesi, gl\u00fctseriin, met\u00fc\u00fclpropaandiool, jaanileivapuu ekstrakt, 1,2-heksaandiool, jaanileivapuu (Ceratonia Siliqua) kummi, h\u00fcdroks\u00fcatsetofenoon, tsellulooskummi, allantoiin, ksantaankummi, kaaliumkloriid, PEG-60 h\u00fcdrogeenitud kastoor\u00f5li, pantenool, must raudoksiid (CI 77499), gl\u00fctser\u00fc\u00fclkapr\u00fclaat, aaloe vera lehemahl, but\u00fcleengl\u00fckool, sahharoos, dinaatrium EDTA, naatriumh\u00fcaluronaat, kurgi (Cucumis Sativus) viljaekstrakt, jaanileivapuu (Ceratonia Siliqua) viljaekstrakt, sidrunhape, h\u00fcdrol\u00fc\u00fcsitud h\u00fcaluroonhape, lahustuv kollageen, kaaliumh\u00fcaluronaat, kaaliumsorbaat, h\u00fcdroks\u00fcprop\u00fc\u00fcltrimooniumh\u00fcaluronaat, h\u00fcaluroonhape, h\u00fcdrol\u00fc\u00fcsitud naatriumh\u00fcaluronaat, pent\u00fcleengl\u00fckool, naatriumbensoaat, naatriumh\u00fcaluronaadi ristpol\u00fcmeer, mannoos, naatriumatset\u00fc\u00fclitud h\u00fcaluronaat Et\u00fc\u00fclheks\u00fc\u00fclgl\u00fctseriin, gl\u00fckoos, vasktripeptiid-1, atset\u00fc\u00fclheksapeptiid-8, oligopeptiid-29, oligopeptiid-32, palmito\u00fc\u00fclpentapeptiid-4.<\/p>\n<p>&nbsp;<\/p>","protected":false},"excerpt":{"rendered":"<p>MIS NEED ON?<br \/>\nJahutavad h\u00fcdrogeelsilmaplaastrid, mis on rikastatud h\u00fcaluroonhappe ja peptiididega, niisutavad, v\u00e4hendavad turset ja v\u00e4rskendavad v\u00e4sinud silmi koheselt.<\/p>","protected":false},"featured_media":1854932,"comment_status":"open","ping_status":"closed","template":"","meta":[],"product_brand":[],"product_cat":[25,691],"product_tag":[1049,597],"class_list":{"0":"post-1854930","1":"product","2":"type-product","3":"status-publish","4":"has-post-thumbnail","6":"product_cat-kosmeetika","7":"product_cat-naohooldus","8":"product_tag-pestle-mortar","9":"product_tag-silmamask","11":"first","12":"outofstock","13":"taxable","14":"shipping-taxable","15":"purchasable","16":"product-type-simple"},"yoast_head":"<!-- This site is optimized with the Yoast SEO plugin v27.3 - https:\/\/yoast.com\/product\/yoast-seo-wordpress\/ -->\n<title>PESTLE &amp; MORTAR h\u00fcdrogeel silmamaskid, 60tk - RUUBY<\/title>\n<meta name=\"robots\" content=\"index, follow, max-snippet:-1, max-image-preview:large, max-video-preview:-1\" \/>\n<link rel=\"canonical\" href=\"http:\/\/ruuby.ee\/en\/pood\/kosmeetika\/naohooldus\/pestle-mortar-hudrogeel-silmamaskid-60tk\/\" \/>\n<meta property=\"og:locale\" content=\"en_GB\" \/>\n<meta property=\"og:type\" content=\"article\" \/>\n<meta property=\"og:title\" content=\"PESTLE &amp; MORTAR h\u00fcdrogeel silmamaskid, 60tk - RUUBY\" \/>\n<meta property=\"og:description\" content=\"MIS NEED ON? Jahutavad h\u00fcdrogeelsilmaplaastrid, mis on rikastatud h\u00fcaluroonhappe ja peptiididega, niisutavad, v\u00e4hendavad turset ja v\u00e4rskendavad v\u00e4sinud silmi koheselt.\" \/>\n<meta property=\"og:url\" content=\"http:\/\/ruuby.ee\/en\/pood\/kosmeetika\/naohooldus\/pestle-mortar-hudrogeel-silmamaskid-60tk\/\" \/>\n<meta property=\"og:site_name\" content=\"RUUBY\" \/>\n<meta property=\"article:publisher\" content=\"https:\/\/www.facebook.com\/ruubyconcept\" \/>\n<meta property=\"article:modified_time\" content=\"2026-04-07T22:28:23+00:00\" \/>\n<meta property=\"og:image\" content=\"http:\/\/ruuby.ee\/wp-content\/uploads\/2025\/09\/Screenshot-2025-09-08-at-12.15.22.png\" \/>\n\t<meta property=\"og:image:width\" content=\"1406\" \/>\n\t<meta property=\"og:image:height\" content=\"1178\" \/>\n\t<meta property=\"og:image:type\" content=\"image\/png\" \/>\n<meta name=\"twitter:card\" content=\"summary_large_image\" \/>\n<meta name=\"twitter:label1\" content=\"Estimated reading time\" \/>\n\t<meta name=\"twitter:data1\" content=\"2 minutes\" \/>\n<script type=\"application\/ld+json\" class=\"yoast-schema-graph\">{\"@context\":\"https:\\\/\\\/schema.org\",\"@graph\":[{\"@type\":[\"WebPage\",\"ItemPage\"],\"@id\":\"http:\\\/\\\/ruuby.ee\\\/en\\\/pood\\\/kosmeetika\\\/naohooldus\\\/pestle-mortar-hudrogeel-silmamaskid-60tk\\\/\",\"url\":\"http:\\\/\\\/ruuby.ee\\\/en\\\/pood\\\/kosmeetika\\\/naohooldus\\\/pestle-mortar-hudrogeel-silmamaskid-60tk\\\/\",\"name\":\"PESTLE &amp; MORTAR h\u00fcdrogeel silmamaskid, 60tk - RUUBY\",\"isPartOf\":{\"@id\":\"http:\\\/\\\/ruuby.ee\\\/#website\"},\"primaryImageOfPage\":{\"@id\":\"http:\\\/\\\/ruuby.ee\\\/en\\\/pood\\\/kosmeetika\\\/naohooldus\\\/pestle-mortar-hudrogeel-silmamaskid-60tk\\\/#primaryimage\"},\"image\":{\"@id\":\"http:\\\/\\\/ruuby.ee\\\/en\\\/pood\\\/kosmeetika\\\/naohooldus\\\/pestle-mortar-hudrogeel-silmamaskid-60tk\\\/#primaryimage\"},\"thumbnailUrl\":\"https:\\\/\\\/ruuby.ee\\\/wp-content\\\/uploads\\\/2025\\\/09\\\/Screenshot-2025-09-08-at-12.15.22.png\",\"datePublished\":\"2025-09-08T09:05:44+00:00\",\"dateModified\":\"2026-04-07T22:28:23+00:00\",\"breadcrumb\":{\"@id\":\"http:\\\/\\\/ruuby.ee\\\/en\\\/pood\\\/kosmeetika\\\/naohooldus\\\/pestle-mortar-hudrogeel-silmamaskid-60tk\\\/#breadcrumb\"},\"inLanguage\":\"en-GB\",\"potentialAction\":[{\"@type\":\"ReadAction\",\"target\":[\"http:\\\/\\\/ruuby.ee\\\/en\\\/pood\\\/kosmeetika\\\/naohooldus\\\/pestle-mortar-hudrogeel-silmamaskid-60tk\\\/\"]}]},{\"@type\":\"ImageObject\",\"inLanguage\":\"en-GB\",\"@id\":\"http:\\\/\\\/ruuby.ee\\\/en\\\/pood\\\/kosmeetika\\\/naohooldus\\\/pestle-mortar-hudrogeel-silmamaskid-60tk\\\/#primaryimage\",\"url\":\"https:\\\/\\\/ruuby.ee\\\/wp-content\\\/uploads\\\/2025\\\/09\\\/Screenshot-2025-09-08-at-12.15.22.png\",\"contentUrl\":\"https:\\\/\\\/ruuby.ee\\\/wp-content\\\/uploads\\\/2025\\\/09\\\/Screenshot-2025-09-08-at-12.15.22.png\",\"width\":1406,\"height\":1178},{\"@type\":\"BreadcrumbList\",\"@id\":\"http:\\\/\\\/ruuby.ee\\\/en\\\/pood\\\/kosmeetika\\\/naohooldus\\\/pestle-mortar-hudrogeel-silmamaskid-60tk\\\/#breadcrumb\",\"itemListElement\":[{\"@type\":\"ListItem\",\"position\":1,\"name\":\"Kdu\",\"item\":\"http:\\\/\\\/ruuby.ee\\\/\"},{\"@type\":\"ListItem\",\"position\":2,\"name\":\"Pood\",\"item\":\"http:\\\/\\\/ruuby.ee\\\/pood\\\/\"},{\"@type\":\"ListItem\",\"position\":3,\"name\":\"PESTLE &amp; MORTAR h\u00fcdrogeel silmamaskid, 60tk\"}]},{\"@type\":\"WebSite\",\"@id\":\"http:\\\/\\\/ruuby.ee\\\/#website\",\"url\":\"http:\\\/\\\/ruuby.ee\\\/\",\"name\":\"RUUBY\",\"description\":\"Ruubys on \u00fchendatud elustiil ja disain\",\"publisher\":{\"@id\":\"http:\\\/\\\/ruuby.ee\\\/#organization\"},\"alternateName\":\"Ruuby Disain\",\"potentialAction\":[{\"@type\":\"SearchAction\",\"target\":{\"@type\":\"EntryPoint\",\"urlTemplate\":\"http:\\\/\\\/ruuby.ee\\\/?s={search_term_string}\"},\"query-input\":{\"@type\":\"PropertyValueSpecification\",\"valueRequired\":true,\"valueName\":\"search_term_string\"}}],\"inLanguage\":\"en-GB\"},{\"@type\":\"Organization\",\"@id\":\"http:\\\/\\\/ruuby.ee\\\/#organization\",\"name\":\"Ruuby Disain O\u00dc\",\"alternateName\":\"Ruuby\",\"url\":\"http:\\\/\\\/ruuby.ee\\\/\",\"logo\":{\"@type\":\"ImageObject\",\"inLanguage\":\"en-GB\",\"@id\":\"http:\\\/\\\/ruuby.ee\\\/#\\\/schema\\\/logo\\\/image\\\/\",\"url\":\"https:\\\/\\\/ruuby.ee\\\/wp-content\\\/uploads\\\/2023\\\/06\\\/cropped-Black-White-Elegant-Circle-Signature-Fashion-Logo-12_large.png\",\"contentUrl\":\"https:\\\/\\\/ruuby.ee\\\/wp-content\\\/uploads\\\/2023\\\/06\\\/cropped-Black-White-Elegant-Circle-Signature-Fashion-Logo-12_large.png\",\"width\":1280,\"height\":747,\"caption\":\"Ruuby Disain O\u00dc\"},\"image\":{\"@id\":\"http:\\\/\\\/ruuby.ee\\\/#\\\/schema\\\/logo\\\/image\\\/\"},\"sameAs\":[\"https:\\\/\\\/www.facebook.com\\\/ruubyconcept\",\"https:\\\/\\\/www.instagram.com\\\/ruuby_concept\\\/\"]}]}<\/script>\n<!-- \/ Yoast SEO plugin. -->","yoast_head_json":{"title":"PESTLE &amp; MORTAR h\u00fcdrogeel silmamaskid, 60tk - RUUBY","robots":{"index":"index","follow":"follow","max-snippet":"max-snippet:-1","max-image-preview":"max-image-preview:large","max-video-preview":"max-video-preview:-1"},"canonical":"http:\/\/ruuby.ee\/en\/pood\/kosmeetika\/naohooldus\/pestle-mortar-hudrogeel-silmamaskid-60tk\/","og_locale":"en_GB","og_type":"article","og_title":"PESTLE &amp; MORTAR h\u00fcdrogeel silmamaskid, 60tk - RUUBY","og_description":"MIS NEED ON? Jahutavad h\u00fcdrogeelsilmaplaastrid, mis on rikastatud h\u00fcaluroonhappe ja peptiididega, niisutavad, v\u00e4hendavad turset ja v\u00e4rskendavad v\u00e4sinud silmi koheselt.","og_url":"http:\/\/ruuby.ee\/en\/pood\/kosmeetika\/naohooldus\/pestle-mortar-hudrogeel-silmamaskid-60tk\/","og_site_name":"RUUBY","article_publisher":"https:\/\/www.facebook.com\/ruubyconcept","article_modified_time":"2026-04-07T22:28:23+00:00","og_image":[{"width":1406,"height":1178,"url":"http:\/\/ruuby.ee\/wp-content\/uploads\/2025\/09\/Screenshot-2025-09-08-at-12.15.22.png","type":"image\/png"}],"twitter_card":"summary_large_image","twitter_misc":{"Estimated reading time":"2 minutes"},"schema":{"@context":"https:\/\/schema.org","@graph":[{"@type":["WebPage","ItemPage"],"@id":"http:\/\/ruuby.ee\/en\/pood\/kosmeetika\/naohooldus\/pestle-mortar-hudrogeel-silmamaskid-60tk\/","url":"http:\/\/ruuby.ee\/en\/pood\/kosmeetika\/naohooldus\/pestle-mortar-hudrogeel-silmamaskid-60tk\/","name":"PESTLE &amp; MORTAR h\u00fcdrogeel silmamaskid, 60tk - RUUBY","isPartOf":{"@id":"http:\/\/ruuby.ee\/#website"},"primaryImageOfPage":{"@id":"http:\/\/ruuby.ee\/en\/pood\/kosmeetika\/naohooldus\/pestle-mortar-hudrogeel-silmamaskid-60tk\/#primaryimage"},"image":{"@id":"http:\/\/ruuby.ee\/en\/pood\/kosmeetika\/naohooldus\/pestle-mortar-hudrogeel-silmamaskid-60tk\/#primaryimage"},"thumbnailUrl":"https:\/\/ruuby.ee\/wp-content\/uploads\/2025\/09\/Screenshot-2025-09-08-at-12.15.22.png","datePublished":"2025-09-08T09:05:44+00:00","dateModified":"2026-04-07T22:28:23+00:00","breadcrumb":{"@id":"http:\/\/ruuby.ee\/en\/pood\/kosmeetika\/naohooldus\/pestle-mortar-hudrogeel-silmamaskid-60tk\/#breadcrumb"},"inLanguage":"en-GB","potentialAction":[{"@type":"ReadAction","target":["http:\/\/ruuby.ee\/en\/pood\/kosmeetika\/naohooldus\/pestle-mortar-hudrogeel-silmamaskid-60tk\/"]}]},{"@type":"ImageObject","inLanguage":"en-GB","@id":"http:\/\/ruuby.ee\/en\/pood\/kosmeetika\/naohooldus\/pestle-mortar-hudrogeel-silmamaskid-60tk\/#primaryimage","url":"https:\/\/ruuby.ee\/wp-content\/uploads\/2025\/09\/Screenshot-2025-09-08-at-12.15.22.png","contentUrl":"https:\/\/ruuby.ee\/wp-content\/uploads\/2025\/09\/Screenshot-2025-09-08-at-12.15.22.png","width":1406,"height":1178},{"@type":"BreadcrumbList","@id":"http:\/\/ruuby.ee\/en\/pood\/kosmeetika\/naohooldus\/pestle-mortar-hudrogeel-silmamaskid-60tk\/#breadcrumb","itemListElement":[{"@type":"ListItem","position":1,"name":"Kdu","item":"http:\/\/ruuby.ee\/"},{"@type":"ListItem","position":2,"name":"Pood","item":"http:\/\/ruuby.ee\/pood\/"},{"@type":"ListItem","position":3,"name":"PESTLE &amp; MORTAR h\u00fcdrogeel silmamaskid, 60tk"}]},{"@type":"WebSite","@id":"http:\/\/ruuby.ee\/#website","url":"http:\/\/ruuby.ee\/","name":"RUUBY","description":"Ruubys on \u00fchendatud elustiil ja disain","publisher":{"@id":"http:\/\/ruuby.ee\/#organization"},"alternateName":"Ruuby Disain","potentialAction":[{"@type":"SearchAction","target":{"@type":"EntryPoint","urlTemplate":"http:\/\/ruuby.ee\/?s={search_term_string}"},"query-input":{"@type":"PropertyValueSpecification","valueRequired":true,"valueName":"search_term_string"}}],"inLanguage":"en-GB"},{"@type":"Organization","@id":"http:\/\/ruuby.ee\/#organization","name":"Ruuby Disain O\u00dc","alternateName":"Ruuby","url":"http:\/\/ruuby.ee\/","logo":{"@type":"ImageObject","inLanguage":"en-GB","@id":"http:\/\/ruuby.ee\/#\/schema\/logo\/image\/","url":"https:\/\/ruuby.ee\/wp-content\/uploads\/2023\/06\/cropped-Black-White-Elegant-Circle-Signature-Fashion-Logo-12_large.png","contentUrl":"https:\/\/ruuby.ee\/wp-content\/uploads\/2023\/06\/cropped-Black-White-Elegant-Circle-Signature-Fashion-Logo-12_large.png","width":1280,"height":747,"caption":"Ruuby Disain O\u00dc"},"image":{"@id":"http:\/\/ruuby.ee\/#\/schema\/logo\/image\/"},"sameAs":["https:\/\/www.facebook.com\/ruubyconcept","https:\/\/www.instagram.com\/ruuby_concept\/"]}]}},"jetpack_sharing_enabled":true,"_links":{"self":[{"href":"https:\/\/ruuby.ee\/en\/wp-json\/wp\/v2\/product\/1854930","targetHints":{"allow":["GET"]}}],"collection":[{"href":"https:\/\/ruuby.ee\/en\/wp-json\/wp\/v2\/product"}],"about":[{"href":"https:\/\/ruuby.ee\/en\/wp-json\/wp\/v2\/types\/product"}],"replies":[{"embeddable":true,"href":"https:\/\/ruuby.ee\/en\/wp-json\/wp\/v2\/comments?post=1854930"}],"wp:featuredmedia":[{"embeddable":true,"href":"https:\/\/ruuby.ee\/en\/wp-json\/wp\/v2\/media\/1854932"}],"wp:attachment":[{"href":"https:\/\/ruuby.ee\/en\/wp-json\/wp\/v2\/media?parent=1854930"}],"wp:term":[{"taxonomy":"product_brand","embeddable":true,"href":"https:\/\/ruuby.ee\/en\/wp-json\/wp\/v2\/product_brand?post=1854930"},{"taxonomy":"product_cat","embeddable":true,"href":"https:\/\/ruuby.ee\/en\/wp-json\/wp\/v2\/product_cat?post=1854930"},{"taxonomy":"product_tag","embeddable":true,"href":"https:\/\/ruuby.ee\/en\/wp-json\/wp\/v2\/product_tag?post=1854930"}],"curies":[{"name":"wp","href":"https:\/\/api.w.org\/{rel}","templated":true}]}}