{"id":1854739,"date":"2025-08-12T17:47:04","date_gmt":"2025-08-12T14:47:04","guid":{"rendered":"https:\/\/ruuby.ee\/pood\/maaratlemata\/rainkiss-vihmakeep-damier\/"},"modified":"2026-04-05T01:25:19","modified_gmt":"2026-04-04T22:25:19","slug":"rainkiss-vihmakeep-damier","status":"publish","type":"product","link":"https:\/\/ruuby.ee\/en\/pood\/roivakaubad\/rainkiss-vihmakeep-damier\/","title":{"rendered":"RAINKISS vihmakeep, Damier"},"content":{"rendered":"<p>Lavalt vihmasajuni Damier&#8217; vihmapont\u0161oga. \u201eDamier\u201d on prantsuse keeles ruuduline termin, millel on rikas moeajalugu. See kaunis ruudumuster \u00fchendab Pariisi poole pilku heites neutraalse pruuni ja helepruuni tooni meie Rainkiss huulekarbi logoga. Klassikaline, seksikas ja tagasihoidlik elegants \u2013 Damier&#8217; pont\u0161o.<\/p>\n<p>Meie vihmapont\u0161od on t\u00e4iuslikult l\u00f5igatud teibitud \u00f5mbluste ja 7000 mm veekindla sambaga. Meie jaoks on v\u00e4ga oluline t\u00f6\u00f6tada ainult j\u00e4tkusuutlike materjalidega, nagu ringlussev\u00f5etud pol\u00fcester. M\u00f5ned valikud elus on seda v\u00e4\u00e4rt.<\/p>\n<div>\n<p>\u2013 \u00dcks suurus sobib k\u00f5igile<br \/>\n\u2013 7000 mm veekindel sammas, hoiab teid t\u00f5siselt kuivana<br \/>\n\u2013 T\u00e4pselt l\u00f5igatud<br \/>\n\u2013 Sertifitseeritud 100% taaskasutatud pol\u00fcester<br \/>\n\u2013 Lihtne kokku panna \u2013 Sisseehitatud hoiukott<br \/>\n\u2013 Esmaklassiline takjakinnitusega mansettsulgur QR-koodidega Weather Appi ja Spotify esitusloendite jaoks<br \/>\n\u2013 Reguleeritav kapuuts<br \/>\n\u2013 Kahe nupu k\u00fcljepaneeli reguleerimine \u2013 ideaalne jalgrattaga s\u00f5itmiseks<br \/>\n\u2013 Lihtne kaasas kanda \u2013 Kaal: 250 g \u2013 M\u00f5\u00f5dud kotis: 31 x 33 x 2 cm<\/p>\n<\/div>","protected":false},"excerpt":{"rendered":"<p>Lavalt vihmasajuni Damier&#8217; vihmapont\u0161oga. \u201eDamier\u201d on prantsuse keeles ruuduline termin, millel on rikas moeajalugu. See kaunis ruudumuster \u00fchendab Pariisi poole pilku heites neutraalse pruuni ja helepruuni tooni meie Rainkiss huulekarbi logoga. Klassikaline, seksikas ja tagasihoidlik elegants \u2013 Damier&#8217; pont\u0161o. Meie vihmapont\u0161od on t\u00e4iuslikult l\u00f5igatud teibitud \u00f5mbluste ja 7000 mm veekindla sambaga. Meie jaoks on v\u00e4ga [&hellip;]<\/p>\n","protected":false},"featured_media":1854747,"comment_status":"open","ping_status":"closed","template":"","meta":[],"product_brand":[],"product_cat":[24,627],"product_tag":[412,87],"class_list":{"0":"post-1854739","1":"product","2":"type-product","3":"status-publish","4":"has-post-thumbnail","6":"product_cat-roivakaubad","7":"product_cat-vihmakeebid","8":"product_tag-rainkiss","9":"product_tag-vihmakeep","11":"first","12":"outofstock","13":"taxable","14":"shipping-taxable","15":"purchasable","16":"product-type-simple"},"yoast_head":"<!-- This site is optimized with the Yoast SEO plugin v27.2 - https:\/\/yoast.com\/product\/yoast-seo-wordpress\/ -->\n<title>RAINKISS vihmakeep, Damier - RUUBY<\/title>\n<meta name=\"robots\" content=\"index, follow, max-snippet:-1, max-image-preview:large, max-video-preview:-1\" \/>\n<link rel=\"canonical\" href=\"http:\/\/ruuby.ee\/en\/pood\/roivakaubad\/rainkiss-vihmakeep-damier\/\" \/>\n<meta property=\"og:locale\" content=\"en_GB\" \/>\n<meta property=\"og:type\" content=\"article\" \/>\n<meta property=\"og:title\" content=\"RAINKISS vihmakeep, Damier - RUUBY\" \/>\n<meta property=\"og:description\" content=\"Lavalt vihmasajuni Damier&#8217; vihmapont\u0161oga. \u201eDamier\u201d on prantsuse keeles ruuduline termin, millel on rikas moeajalugu. See kaunis ruudumuster \u00fchendab Pariisi poole pilku heites neutraalse pruuni ja helepruuni tooni meie Rainkiss huulekarbi logoga. Klassikaline, seksikas ja tagasihoidlik elegants \u2013 Damier&#8217; pont\u0161o. Meie vihmapont\u0161od on t\u00e4iuslikult l\u00f5igatud teibitud \u00f5mbluste ja 7000 mm veekindla sambaga. Meie jaoks on v\u00e4ga [&hellip;]\" \/>\n<meta property=\"og:url\" content=\"http:\/\/ruuby.ee\/en\/pood\/roivakaubad\/rainkiss-vihmakeep-damier\/\" \/>\n<meta property=\"og:site_name\" content=\"RUUBY\" \/>\n<meta property=\"article:publisher\" content=\"https:\/\/www.facebook.com\/ruubyconcept\" \/>\n<meta property=\"article:modified_time\" content=\"2026-04-04T22:25:19+00:00\" \/>\n<meta property=\"og:image\" content=\"http:\/\/ruuby.ee\/wp-content\/uploads\/2025\/08\/image.png\" \/>\n\t<meta property=\"og:image:width\" content=\"430\" \/>\n\t<meta property=\"og:image:height\" content=\"600\" \/>\n\t<meta property=\"og:image:type\" content=\"image\/png\" \/>\n<meta name=\"twitter:card\" content=\"summary_large_image\" \/>\n<meta name=\"twitter:label1\" content=\"Estimated reading time\" \/>\n\t<meta name=\"twitter:data1\" content=\"1 minute\" \/>\n<script type=\"application\/ld+json\" class=\"yoast-schema-graph\">{\"@context\":\"https:\/\/schema.org\",\"@graph\":[{\"@type\":[\"WebPage\",\"ItemPage\"],\"@id\":\"http:\/\/ruuby.ee\/en\/pood\/roivakaubad\/rainkiss-vihmakeep-damier\/\",\"url\":\"http:\/\/ruuby.ee\/en\/pood\/roivakaubad\/rainkiss-vihmakeep-damier\/\",\"name\":\"RAINKISS vihmakeep, Damier - RUUBY\",\"isPartOf\":{\"@id\":\"http:\/\/ruuby.ee\/#website\"},\"primaryImageOfPage\":{\"@id\":\"http:\/\/ruuby.ee\/en\/pood\/roivakaubad\/rainkiss-vihmakeep-damier\/#primaryimage\"},\"image\":{\"@id\":\"http:\/\/ruuby.ee\/en\/pood\/roivakaubad\/rainkiss-vihmakeep-damier\/#primaryimage\"},\"thumbnailUrl\":\"https:\/\/ruuby.ee\/wp-content\/uploads\/2025\/08\/image.png\",\"datePublished\":\"2025-08-12T14:47:04+00:00\",\"dateModified\":\"2026-04-04T22:25:19+00:00\",\"breadcrumb\":{\"@id\":\"http:\/\/ruuby.ee\/en\/pood\/roivakaubad\/rainkiss-vihmakeep-damier\/#breadcrumb\"},\"inLanguage\":\"en-GB\",\"potentialAction\":[{\"@type\":\"ReadAction\",\"target\":[\"http:\/\/ruuby.ee\/en\/pood\/roivakaubad\/rainkiss-vihmakeep-damier\/\"]}]},{\"@type\":\"ImageObject\",\"inLanguage\":\"en-GB\",\"@id\":\"http:\/\/ruuby.ee\/en\/pood\/roivakaubad\/rainkiss-vihmakeep-damier\/#primaryimage\",\"url\":\"https:\/\/ruuby.ee\/wp-content\/uploads\/2025\/08\/image.png\",\"contentUrl\":\"https:\/\/ruuby.ee\/wp-content\/uploads\/2025\/08\/image.png\",\"width\":430,\"height\":600},{\"@type\":\"BreadcrumbList\",\"@id\":\"http:\/\/ruuby.ee\/en\/pood\/roivakaubad\/rainkiss-vihmakeep-damier\/#breadcrumb\",\"itemListElement\":[{\"@type\":\"ListItem\",\"position\":1,\"name\":\"Kdu\",\"item\":\"http:\/\/ruuby.ee\/\"},{\"@type\":\"ListItem\",\"position\":2,\"name\":\"Pood\",\"item\":\"https:\/\/ruuby.ee\/en\/pood\/\"},{\"@type\":\"ListItem\",\"position\":3,\"name\":\"RAINKISS vihmakeep, Damier\"}]},{\"@type\":\"WebSite\",\"@id\":\"http:\/\/ruuby.ee\/#website\",\"url\":\"http:\/\/ruuby.ee\/\",\"name\":\"RUUBY\",\"description\":\"Ruubys on \u00fchendatud elustiil ja disain\",\"publisher\":{\"@id\":\"http:\/\/ruuby.ee\/#organization\"},\"alternateName\":\"Ruuby Disain\",\"potentialAction\":[{\"@type\":\"SearchAction\",\"target\":{\"@type\":\"EntryPoint\",\"urlTemplate\":\"http:\/\/ruuby.ee\/?s={search_term_string}\"},\"query-input\":{\"@type\":\"PropertyValueSpecification\",\"valueRequired\":true,\"valueName\":\"search_term_string\"}}],\"inLanguage\":\"en-GB\"},{\"@type\":\"Organization\",\"@id\":\"http:\/\/ruuby.ee\/#organization\",\"name\":\"Ruuby Disain O\u00dc\",\"alternateName\":\"Ruuby\",\"url\":\"http:\/\/ruuby.ee\/\",\"logo\":{\"@type\":\"ImageObject\",\"inLanguage\":\"en-GB\",\"@id\":\"http:\/\/ruuby.ee\/#\/schema\/logo\/image\/\",\"url\":\"https:\/\/ruuby.ee\/wp-content\/uploads\/2023\/06\/cropped-Black-White-Elegant-Circle-Signature-Fashion-Logo-12_large.png\",\"contentUrl\":\"https:\/\/ruuby.ee\/wp-content\/uploads\/2023\/06\/cropped-Black-White-Elegant-Circle-Signature-Fashion-Logo-12_large.png\",\"width\":1280,\"height\":747,\"caption\":\"Ruuby Disain O\u00dc\"},\"image\":{\"@id\":\"http:\/\/ruuby.ee\/#\/schema\/logo\/image\/\"},\"sameAs\":[\"https:\/\/www.facebook.com\/ruubyconcept\",\"https:\/\/www.instagram.com\/ruuby_concept\/\"]}]}<\/script>\n<!-- \/ Yoast SEO plugin. -->","yoast_head_json":{"title":"RAINKISS vihmakeep, Damier - RUUBY","robots":{"index":"index","follow":"follow","max-snippet":"max-snippet:-1","max-image-preview":"max-image-preview:large","max-video-preview":"max-video-preview:-1"},"canonical":"http:\/\/ruuby.ee\/en\/pood\/roivakaubad\/rainkiss-vihmakeep-damier\/","og_locale":"en_GB","og_type":"article","og_title":"RAINKISS vihmakeep, Damier - RUUBY","og_description":"Lavalt vihmasajuni Damier&#8217; vihmapont\u0161oga. \u201eDamier\u201d on prantsuse keeles ruuduline termin, millel on rikas moeajalugu. See kaunis ruudumuster \u00fchendab Pariisi poole pilku heites neutraalse pruuni ja helepruuni tooni meie Rainkiss huulekarbi logoga. Klassikaline, seksikas ja tagasihoidlik elegants \u2013 Damier&#8217; pont\u0161o. Meie vihmapont\u0161od on t\u00e4iuslikult l\u00f5igatud teibitud \u00f5mbluste ja 7000 mm veekindla sambaga. Meie jaoks on v\u00e4ga [&hellip;]","og_url":"http:\/\/ruuby.ee\/en\/pood\/roivakaubad\/rainkiss-vihmakeep-damier\/","og_site_name":"RUUBY","article_publisher":"https:\/\/www.facebook.com\/ruubyconcept","article_modified_time":"2026-04-04T22:25:19+00:00","og_image":[{"width":430,"height":600,"url":"http:\/\/ruuby.ee\/wp-content\/uploads\/2025\/08\/image.png","type":"image\/png"}],"twitter_card":"summary_large_image","twitter_misc":{"Estimated reading time":"1 minute"},"schema":{"@context":"https:\/\/schema.org","@graph":[{"@type":["WebPage","ItemPage"],"@id":"http:\/\/ruuby.ee\/en\/pood\/roivakaubad\/rainkiss-vihmakeep-damier\/","url":"http:\/\/ruuby.ee\/en\/pood\/roivakaubad\/rainkiss-vihmakeep-damier\/","name":"RAINKISS vihmakeep, Damier - RUUBY","isPartOf":{"@id":"http:\/\/ruuby.ee\/#website"},"primaryImageOfPage":{"@id":"http:\/\/ruuby.ee\/en\/pood\/roivakaubad\/rainkiss-vihmakeep-damier\/#primaryimage"},"image":{"@id":"http:\/\/ruuby.ee\/en\/pood\/roivakaubad\/rainkiss-vihmakeep-damier\/#primaryimage"},"thumbnailUrl":"https:\/\/ruuby.ee\/wp-content\/uploads\/2025\/08\/image.png","datePublished":"2025-08-12T14:47:04+00:00","dateModified":"2026-04-04T22:25:19+00:00","breadcrumb":{"@id":"http:\/\/ruuby.ee\/en\/pood\/roivakaubad\/rainkiss-vihmakeep-damier\/#breadcrumb"},"inLanguage":"en-GB","potentialAction":[{"@type":"ReadAction","target":["http:\/\/ruuby.ee\/en\/pood\/roivakaubad\/rainkiss-vihmakeep-damier\/"]}]},{"@type":"ImageObject","inLanguage":"en-GB","@id":"http:\/\/ruuby.ee\/en\/pood\/roivakaubad\/rainkiss-vihmakeep-damier\/#primaryimage","url":"https:\/\/ruuby.ee\/wp-content\/uploads\/2025\/08\/image.png","contentUrl":"https:\/\/ruuby.ee\/wp-content\/uploads\/2025\/08\/image.png","width":430,"height":600},{"@type":"BreadcrumbList","@id":"http:\/\/ruuby.ee\/en\/pood\/roivakaubad\/rainkiss-vihmakeep-damier\/#breadcrumb","itemListElement":[{"@type":"ListItem","position":1,"name":"Kdu","item":"http:\/\/ruuby.ee\/"},{"@type":"ListItem","position":2,"name":"Pood","item":"https:\/\/ruuby.ee\/en\/pood\/"},{"@type":"ListItem","position":3,"name":"RAINKISS vihmakeep, Damier"}]},{"@type":"WebSite","@id":"http:\/\/ruuby.ee\/#website","url":"http:\/\/ruuby.ee\/","name":"RUUBY","description":"Ruubys on \u00fchendatud elustiil ja disain","publisher":{"@id":"http:\/\/ruuby.ee\/#organization"},"alternateName":"Ruuby Disain","potentialAction":[{"@type":"SearchAction","target":{"@type":"EntryPoint","urlTemplate":"http:\/\/ruuby.ee\/?s={search_term_string}"},"query-input":{"@type":"PropertyValueSpecification","valueRequired":true,"valueName":"search_term_string"}}],"inLanguage":"en-GB"},{"@type":"Organization","@id":"http:\/\/ruuby.ee\/#organization","name":"Ruuby Disain O\u00dc","alternateName":"Ruuby","url":"http:\/\/ruuby.ee\/","logo":{"@type":"ImageObject","inLanguage":"en-GB","@id":"http:\/\/ruuby.ee\/#\/schema\/logo\/image\/","url":"https:\/\/ruuby.ee\/wp-content\/uploads\/2023\/06\/cropped-Black-White-Elegant-Circle-Signature-Fashion-Logo-12_large.png","contentUrl":"https:\/\/ruuby.ee\/wp-content\/uploads\/2023\/06\/cropped-Black-White-Elegant-Circle-Signature-Fashion-Logo-12_large.png","width":1280,"height":747,"caption":"Ruuby Disain O\u00dc"},"image":{"@id":"http:\/\/ruuby.ee\/#\/schema\/logo\/image\/"},"sameAs":["https:\/\/www.facebook.com\/ruubyconcept","https:\/\/www.instagram.com\/ruuby_concept\/"]}]}},"jetpack_sharing_enabled":true,"_links":{"self":[{"href":"https:\/\/ruuby.ee\/en\/wp-json\/wp\/v2\/product\/1854739","targetHints":{"allow":["GET"]}}],"collection":[{"href":"https:\/\/ruuby.ee\/en\/wp-json\/wp\/v2\/product"}],"about":[{"href":"https:\/\/ruuby.ee\/en\/wp-json\/wp\/v2\/types\/product"}],"replies":[{"embeddable":true,"href":"https:\/\/ruuby.ee\/en\/wp-json\/wp\/v2\/comments?post=1854739"}],"wp:featuredmedia":[{"embeddable":true,"href":"https:\/\/ruuby.ee\/en\/wp-json\/wp\/v2\/media\/1854747"}],"wp:attachment":[{"href":"https:\/\/ruuby.ee\/en\/wp-json\/wp\/v2\/media?parent=1854739"}],"wp:term":[{"taxonomy":"product_brand","embeddable":true,"href":"https:\/\/ruuby.ee\/en\/wp-json\/wp\/v2\/product_brand?post=1854739"},{"taxonomy":"product_cat","embeddable":true,"href":"https:\/\/ruuby.ee\/en\/wp-json\/wp\/v2\/product_cat?post=1854739"},{"taxonomy":"product_tag","embeddable":true,"href":"https:\/\/ruuby.ee\/en\/wp-json\/wp\/v2\/product_tag?post=1854739"}],"curies":[{"name":"wp","href":"https:\/\/api.w.org\/{rel}","templated":true}]}}