{"id":1854152,"date":"2025-07-07T17:41:35","date_gmt":"2025-07-07T14:41:35","guid":{"rendered":"https:\/\/ruuby.ee\/pood\/maaratlemata\/fan-palm-siidist-magamismask-rode-hibiscus\/"},"modified":"2026-04-08T01:28:24","modified_gmt":"2026-04-07T22:28:24","slug":"fan-palm-siidist-magamismask-rode-hibiscus","status":"publish","type":"product","link":"https:\/\/ruuby.ee\/en\/pood\/aksessuaarid\/magamismask\/fan-palm-siidist-magamismask-rode-hibiscus\/","title":{"rendered":"Fan Palm siidist magamismask, Rose Hibiscus"},"content":{"rendered":"<p>See unemask istub pehmelt teie n\u00e4ol, blokeerides samal ajal valgust, ja kaetud elastne rihm tagab maksimaalse mugavuse ilma juukseid kahjustamata. Lehvikpalmi siidist mask aitab teil saavutada \u00fclimalt l\u00f5\u00f5gastava une.<\/p>\n<p>See on pakendatud kaunisse sahtlikarpi, mis teeb sellest ideaalse kingituse v\u00f5i maiustuse endale.<\/p>\n<p>Valmistatud 100% mooruspuu siidist.<\/p>","protected":false},"excerpt":{"rendered":"<p>See unemask istub pehmelt teie n\u00e4ol, blokeerides samal ajal valgust, ja kaetud elastne rihm tagab maksimaalse mugavuse ilma juukseid kahjustamata. Lehvikpalmi siidist mask aitab teil saavutada \u00fclimalt l\u00f5\u00f5gastava une. See on pakendatud kaunisse sahtlikarpi, mis teeb sellest ideaalse kingituse v\u00f5i maiustuse endale. Valmistatud 100% mooruspuu siidist.<\/p>","protected":false},"featured_media":1854176,"comment_status":"open","ping_status":"closed","template":"","meta":[],"product_brand":[],"product_cat":[43,1079,626],"product_tag":[1078,1080],"class_list":{"0":"post-1854152","1":"product","2":"type-product","3":"status-publish","4":"has-post-thumbnail","6":"product_cat-aksessuaarid","7":"product_cat-magamismask","8":"product_cat-ooriided","9":"product_tag-fan-palm","10":"product_tag-magamismask","12":"first","13":"instock","14":"taxable","15":"shipping-taxable","16":"purchasable","17":"product-type-simple"},"yoast_head":"<!-- This site is optimized with the Yoast SEO plugin v27.3 - https:\/\/yoast.com\/product\/yoast-seo-wordpress\/ -->\n<title>Fan Palm siidist magamismask, Rose Hibiscus - RUUBY<\/title>\n<meta name=\"robots\" content=\"index, follow, max-snippet:-1, max-image-preview:large, max-video-preview:-1\" \/>\n<link rel=\"canonical\" href=\"https:\/\/ruuby.ee\/en\/pood\/aksessuaarid\/magamismask\/fan-palm-siidist-magamismask-rode-hibiscus\/\" \/>\n<meta property=\"og:locale\" content=\"en_GB\" \/>\n<meta property=\"og:type\" content=\"article\" \/>\n<meta property=\"og:title\" content=\"Fan Palm siidist magamismask, Rose Hibiscus - RUUBY\" \/>\n<meta property=\"og:description\" content=\"See unemask istub pehmelt teie n\u00e4ol, blokeerides samal ajal valgust, ja kaetud elastne rihm tagab maksimaalse mugavuse ilma juukseid kahjustamata. Lehvikpalmi siidist mask aitab teil saavutada \u00fclimalt l\u00f5\u00f5gastava une. See on pakendatud kaunisse sahtlikarpi, mis teeb sellest ideaalse kingituse v\u00f5i maiustuse endale. Valmistatud 100% mooruspuu siidist.\" \/>\n<meta property=\"og:url\" content=\"https:\/\/ruuby.ee\/en\/pood\/aksessuaarid\/magamismask\/fan-palm-siidist-magamismask-rode-hibiscus\/\" \/>\n<meta property=\"og:site_name\" content=\"RUUBY\" \/>\n<meta property=\"article:publisher\" content=\"https:\/\/www.facebook.com\/ruubyconcept\" \/>\n<meta property=\"article:modified_time\" content=\"2026-04-07T22:28:24+00:00\" \/>\n<meta property=\"og:image\" content=\"https:\/\/ruuby.ee\/wp-content\/uploads\/2025\/07\/Screenshot-2025-07-07-at-18.14.29.png\" \/>\n\t<meta property=\"og:image:width\" content=\"1196\" \/>\n\t<meta property=\"og:image:height\" content=\"1166\" \/>\n\t<meta property=\"og:image:type\" content=\"image\/png\" \/>\n<meta name=\"twitter:card\" content=\"summary_large_image\" \/>\n<meta name=\"twitter:label1\" content=\"Estimated reading time\" \/>\n\t<meta name=\"twitter:data1\" content=\"1 minute\" \/>\n<script type=\"application\/ld+json\" class=\"yoast-schema-graph\">{\"@context\":\"https:\\\/\\\/schema.org\",\"@graph\":[{\"@type\":[\"WebPage\",\"ItemPage\"],\"@id\":\"https:\\\/\\\/ruuby.ee\\\/pood\\\/aksessuaarid\\\/magamismask\\\/fan-palm-siidist-magamismask-rode-hibiscus\\\/\",\"url\":\"https:\\\/\\\/ruuby.ee\\\/pood\\\/aksessuaarid\\\/magamismask\\\/fan-palm-siidist-magamismask-rode-hibiscus\\\/\",\"name\":\"Fan Palm siidist magamismask, Rose Hibiscus - RUUBY\",\"isPartOf\":{\"@id\":\"http:\\\/\\\/ruuby.ee\\\/en\\\/#website\"},\"primaryImageOfPage\":{\"@id\":\"https:\\\/\\\/ruuby.ee\\\/pood\\\/aksessuaarid\\\/magamismask\\\/fan-palm-siidist-magamismask-rode-hibiscus\\\/#primaryimage\"},\"image\":{\"@id\":\"https:\\\/\\\/ruuby.ee\\\/pood\\\/aksessuaarid\\\/magamismask\\\/fan-palm-siidist-magamismask-rode-hibiscus\\\/#primaryimage\"},\"thumbnailUrl\":\"https:\\\/\\\/ruuby.ee\\\/wp-content\\\/uploads\\\/2025\\\/07\\\/Screenshot-2025-07-07-at-18.14.29.png\",\"datePublished\":\"2025-07-07T14:41:35+00:00\",\"dateModified\":\"2026-04-07T22:28:24+00:00\",\"breadcrumb\":{\"@id\":\"https:\\\/\\\/ruuby.ee\\\/pood\\\/aksessuaarid\\\/magamismask\\\/fan-palm-siidist-magamismask-rode-hibiscus\\\/#breadcrumb\"},\"inLanguage\":\"en-GB\",\"potentialAction\":[{\"@type\":\"ReadAction\",\"target\":[\"https:\\\/\\\/ruuby.ee\\\/pood\\\/aksessuaarid\\\/magamismask\\\/fan-palm-siidist-magamismask-rode-hibiscus\\\/\"]}]},{\"@type\":\"ImageObject\",\"inLanguage\":\"en-GB\",\"@id\":\"https:\\\/\\\/ruuby.ee\\\/pood\\\/aksessuaarid\\\/magamismask\\\/fan-palm-siidist-magamismask-rode-hibiscus\\\/#primaryimage\",\"url\":\"https:\\\/\\\/ruuby.ee\\\/wp-content\\\/uploads\\\/2025\\\/07\\\/Screenshot-2025-07-07-at-18.14.29.png\",\"contentUrl\":\"https:\\\/\\\/ruuby.ee\\\/wp-content\\\/uploads\\\/2025\\\/07\\\/Screenshot-2025-07-07-at-18.14.29.png\",\"width\":1196,\"height\":1166},{\"@type\":\"BreadcrumbList\",\"@id\":\"https:\\\/\\\/ruuby.ee\\\/pood\\\/aksessuaarid\\\/magamismask\\\/fan-palm-siidist-magamismask-rode-hibiscus\\\/#breadcrumb\",\"itemListElement\":[{\"@type\":\"ListItem\",\"position\":1,\"name\":\"Kdu\",\"item\":\"http:\\\/\\\/ruuby.ee\\\/en\\\/\"},{\"@type\":\"ListItem\",\"position\":2,\"name\":\"Pood\",\"item\":\"http:\\\/\\\/ruuby.ee\\\/en\\\/pood\\\/\"},{\"@type\":\"ListItem\",\"position\":3,\"name\":\"Fan Palm siidist magamismask, Rose Hibiscus\"}]},{\"@type\":\"WebSite\",\"@id\":\"http:\\\/\\\/ruuby.ee\\\/en\\\/#website\",\"url\":\"http:\\\/\\\/ruuby.ee\\\/en\\\/\",\"name\":\"RUUBY\",\"description\":\"Ruubys on \u00fchendatud elustiil ja disain\",\"publisher\":{\"@id\":\"http:\\\/\\\/ruuby.ee\\\/en\\\/#organization\"},\"alternateName\":\"Ruuby Disain\",\"potentialAction\":[{\"@type\":\"SearchAction\",\"target\":{\"@type\":\"EntryPoint\",\"urlTemplate\":\"http:\\\/\\\/ruuby.ee\\\/en\\\/?s={search_term_string}\"},\"query-input\":{\"@type\":\"PropertyValueSpecification\",\"valueRequired\":true,\"valueName\":\"search_term_string\"}}],\"inLanguage\":\"en-GB\"},{\"@type\":\"Organization\",\"@id\":\"http:\\\/\\\/ruuby.ee\\\/en\\\/#organization\",\"name\":\"Ruuby Disain O\u00dc\",\"alternateName\":\"Ruuby\",\"url\":\"http:\\\/\\\/ruuby.ee\\\/en\\\/\",\"logo\":{\"@type\":\"ImageObject\",\"inLanguage\":\"en-GB\",\"@id\":\"http:\\\/\\\/ruuby.ee\\\/en\\\/#\\\/schema\\\/logo\\\/image\\\/\",\"url\":\"https:\\\/\\\/ruuby.ee\\\/wp-content\\\/uploads\\\/2023\\\/06\\\/cropped-Black-White-Elegant-Circle-Signature-Fashion-Logo-12_large.png\",\"contentUrl\":\"https:\\\/\\\/ruuby.ee\\\/wp-content\\\/uploads\\\/2023\\\/06\\\/cropped-Black-White-Elegant-Circle-Signature-Fashion-Logo-12_large.png\",\"width\":1280,\"height\":747,\"caption\":\"Ruuby Disain O\u00dc\"},\"image\":{\"@id\":\"http:\\\/\\\/ruuby.ee\\\/en\\\/#\\\/schema\\\/logo\\\/image\\\/\"},\"sameAs\":[\"https:\\\/\\\/www.facebook.com\\\/ruubyconcept\",\"https:\\\/\\\/www.instagram.com\\\/ruuby_concept\\\/\"]}]}<\/script>\n<!-- \/ Yoast SEO plugin. -->","yoast_head_json":{"title":"Fan Palm siidist magamismask, Rose Hibiscus - RUUBY","robots":{"index":"index","follow":"follow","max-snippet":"max-snippet:-1","max-image-preview":"max-image-preview:large","max-video-preview":"max-video-preview:-1"},"canonical":"https:\/\/ruuby.ee\/en\/pood\/aksessuaarid\/magamismask\/fan-palm-siidist-magamismask-rode-hibiscus\/","og_locale":"en_GB","og_type":"article","og_title":"Fan Palm siidist magamismask, Rose Hibiscus - RUUBY","og_description":"See unemask istub pehmelt teie n\u00e4ol, blokeerides samal ajal valgust, ja kaetud elastne rihm tagab maksimaalse mugavuse ilma juukseid kahjustamata. Lehvikpalmi siidist mask aitab teil saavutada \u00fclimalt l\u00f5\u00f5gastava une. See on pakendatud kaunisse sahtlikarpi, mis teeb sellest ideaalse kingituse v\u00f5i maiustuse endale. Valmistatud 100% mooruspuu siidist.","og_url":"https:\/\/ruuby.ee\/en\/pood\/aksessuaarid\/magamismask\/fan-palm-siidist-magamismask-rode-hibiscus\/","og_site_name":"RUUBY","article_publisher":"https:\/\/www.facebook.com\/ruubyconcept","article_modified_time":"2026-04-07T22:28:24+00:00","og_image":[{"width":1196,"height":1166,"url":"https:\/\/ruuby.ee\/wp-content\/uploads\/2025\/07\/Screenshot-2025-07-07-at-18.14.29.png","type":"image\/png"}],"twitter_card":"summary_large_image","twitter_misc":{"Estimated reading time":"1 minute"},"schema":{"@context":"https:\/\/schema.org","@graph":[{"@type":["WebPage","ItemPage"],"@id":"https:\/\/ruuby.ee\/pood\/aksessuaarid\/magamismask\/fan-palm-siidist-magamismask-rode-hibiscus\/","url":"https:\/\/ruuby.ee\/pood\/aksessuaarid\/magamismask\/fan-palm-siidist-magamismask-rode-hibiscus\/","name":"Fan Palm siidist magamismask, Rose Hibiscus - RUUBY","isPartOf":{"@id":"http:\/\/ruuby.ee\/en\/#website"},"primaryImageOfPage":{"@id":"https:\/\/ruuby.ee\/pood\/aksessuaarid\/magamismask\/fan-palm-siidist-magamismask-rode-hibiscus\/#primaryimage"},"image":{"@id":"https:\/\/ruuby.ee\/pood\/aksessuaarid\/magamismask\/fan-palm-siidist-magamismask-rode-hibiscus\/#primaryimage"},"thumbnailUrl":"https:\/\/ruuby.ee\/wp-content\/uploads\/2025\/07\/Screenshot-2025-07-07-at-18.14.29.png","datePublished":"2025-07-07T14:41:35+00:00","dateModified":"2026-04-07T22:28:24+00:00","breadcrumb":{"@id":"https:\/\/ruuby.ee\/pood\/aksessuaarid\/magamismask\/fan-palm-siidist-magamismask-rode-hibiscus\/#breadcrumb"},"inLanguage":"en-GB","potentialAction":[{"@type":"ReadAction","target":["https:\/\/ruuby.ee\/pood\/aksessuaarid\/magamismask\/fan-palm-siidist-magamismask-rode-hibiscus\/"]}]},{"@type":"ImageObject","inLanguage":"en-GB","@id":"https:\/\/ruuby.ee\/pood\/aksessuaarid\/magamismask\/fan-palm-siidist-magamismask-rode-hibiscus\/#primaryimage","url":"https:\/\/ruuby.ee\/wp-content\/uploads\/2025\/07\/Screenshot-2025-07-07-at-18.14.29.png","contentUrl":"https:\/\/ruuby.ee\/wp-content\/uploads\/2025\/07\/Screenshot-2025-07-07-at-18.14.29.png","width":1196,"height":1166},{"@type":"BreadcrumbList","@id":"https:\/\/ruuby.ee\/pood\/aksessuaarid\/magamismask\/fan-palm-siidist-magamismask-rode-hibiscus\/#breadcrumb","itemListElement":[{"@type":"ListItem","position":1,"name":"Kdu","item":"http:\/\/ruuby.ee\/en\/"},{"@type":"ListItem","position":2,"name":"Pood","item":"http:\/\/ruuby.ee\/en\/pood\/"},{"@type":"ListItem","position":3,"name":"Fan Palm siidist magamismask, Rose Hibiscus"}]},{"@type":"WebSite","@id":"http:\/\/ruuby.ee\/en\/#website","url":"http:\/\/ruuby.ee\/en\/","name":"RUUBY","description":"Ruubys on \u00fchendatud elustiil ja disain","publisher":{"@id":"http:\/\/ruuby.ee\/en\/#organization"},"alternateName":"Ruuby Disain","potentialAction":[{"@type":"SearchAction","target":{"@type":"EntryPoint","urlTemplate":"http:\/\/ruuby.ee\/en\/?s={search_term_string}"},"query-input":{"@type":"PropertyValueSpecification","valueRequired":true,"valueName":"search_term_string"}}],"inLanguage":"en-GB"},{"@type":"Organization","@id":"http:\/\/ruuby.ee\/en\/#organization","name":"Ruuby Disain O\u00dc","alternateName":"Ruuby","url":"http:\/\/ruuby.ee\/en\/","logo":{"@type":"ImageObject","inLanguage":"en-GB","@id":"http:\/\/ruuby.ee\/en\/#\/schema\/logo\/image\/","url":"https:\/\/ruuby.ee\/wp-content\/uploads\/2023\/06\/cropped-Black-White-Elegant-Circle-Signature-Fashion-Logo-12_large.png","contentUrl":"https:\/\/ruuby.ee\/wp-content\/uploads\/2023\/06\/cropped-Black-White-Elegant-Circle-Signature-Fashion-Logo-12_large.png","width":1280,"height":747,"caption":"Ruuby Disain O\u00dc"},"image":{"@id":"http:\/\/ruuby.ee\/en\/#\/schema\/logo\/image\/"},"sameAs":["https:\/\/www.facebook.com\/ruubyconcept","https:\/\/www.instagram.com\/ruuby_concept\/"]}]}},"jetpack_sharing_enabled":true,"_links":{"self":[{"href":"https:\/\/ruuby.ee\/en\/wp-json\/wp\/v2\/product\/1854152","targetHints":{"allow":["GET"]}}],"collection":[{"href":"https:\/\/ruuby.ee\/en\/wp-json\/wp\/v2\/product"}],"about":[{"href":"https:\/\/ruuby.ee\/en\/wp-json\/wp\/v2\/types\/product"}],"replies":[{"embeddable":true,"href":"https:\/\/ruuby.ee\/en\/wp-json\/wp\/v2\/comments?post=1854152"}],"wp:featuredmedia":[{"embeddable":true,"href":"https:\/\/ruuby.ee\/en\/wp-json\/wp\/v2\/media\/1854176"}],"wp:attachment":[{"href":"https:\/\/ruuby.ee\/en\/wp-json\/wp\/v2\/media?parent=1854152"}],"wp:term":[{"taxonomy":"product_brand","embeddable":true,"href":"https:\/\/ruuby.ee\/en\/wp-json\/wp\/v2\/product_brand?post=1854152"},{"taxonomy":"product_cat","embeddable":true,"href":"https:\/\/ruuby.ee\/en\/wp-json\/wp\/v2\/product_cat?post=1854152"},{"taxonomy":"product_tag","embeddable":true,"href":"https:\/\/ruuby.ee\/en\/wp-json\/wp\/v2\/product_tag?post=1854152"}],"curies":[{"name":"wp","href":"https:\/\/api.w.org\/{rel}","templated":true}]}}