{"id":1854149,"date":"2025-07-07T17:24:04","date_gmt":"2025-07-07T14:24:04","guid":{"rendered":"https:\/\/ruuby.ee\/pood\/maaratlemata\/izipizi-kids-plus-d-paikeseprillid-3-5-a-tortoise\/"},"modified":"2026-04-06T01:26:20","modified_gmt":"2026-04-05T22:26:20","slug":"izipizi-kids-plus-d-paikeseprillid-3-5-a-tortoise","status":"publish","type":"product","link":"https:\/\/ruuby.ee\/en\/pood\/aksessuaarid\/prillid\/izipizi-sun-3-5-a\/izipizi-kids-plus-d-paikeseprillid-3-5-a-tortoise\/","title":{"rendered":"IZIPIZI KIDS PLUS #D p\u00e4ikeseprillid (3-5.a) \u2013 Tortoise"},"content":{"rendered":"<p>IZIPIZI hoolitseb teie pisikeste eest oma KIDS + p\u00e4ikeseprillide sarjaga 3\u20135-aastastele lastele (pea\u00fcmberm\u00f5\u00f5t 46\u201353 cm). Meie mudelid kaitsevad laste silmi igas olukorras, alates linnast kuni maaleikluste ja \u00f5uetegevusteni, nii suvel kui ka talvel! Meie 100% UV-kategooria 3 (UV 400) polariseeritud hallid l\u00e4\u00e4tsed pakuvad maksimaalset kaitset, austades samal ajal looduslikke v\u00e4rve.<\/p>\n<p>Need v\u00e4hendavad valguse intensiivsust ja kaitsevad teie imikuid pimestamise eest. \u00dclipealt painduvad, bisfenool-A-vabad ja h\u00fcpoallergeensed raamid sobivad ideaalselt laste igap\u00e4evaellu. Sirged sangad t\u00e4hendavad, et need kohanduvad ka teie lapse kasvuga.<\/p>\n<p>Neil on eemaldatav silikoonriba optimaalse haarde tagamiseks. Pakkudes armsust ja kaitset, on meie KIDS+ uued olulised esemed laste v\u00e4ljas\u00f5itudeks, mis on garanteeritud armsusega ja kaitsega! Avastage meie BABY ja KIDS mudelid noorematele lastele! Teave on esitatud ainult soovituslikul eesm\u00e4rgil.<\/p>\n<p>&nbsp;<\/p>","protected":false},"excerpt":{"rendered":"<p>IZIPIZI hoolitseb teie pisikeste eest oma KIDS + p\u00e4ikeseprillide sarjaga 3\u20135-aastastele lastele (pea\u00fcmberm\u00f5\u00f5t 46\u201353 cm). Meie mudelid kaitsevad laste silmi igas olukorras, alates linnast kuni maaleikluste ja \u00f5uetegevusteni, nii suvel kui ka talvel! Meie 100% UV-kategooria 3 (UV 400) polariseeritud hallid l\u00e4\u00e4tsed pakuvad maksimaalset kaitset, austades samal ajal looduslikke v\u00e4rve. Need v\u00e4hendavad valguse intensiivsust ja [&hellip;]<\/p>\n","protected":false},"featured_media":1854193,"comment_status":"open","ping_status":"closed","template":"","meta":[],"product_brand":[],"product_cat":[43,1026,1022,61],"product_tag":[320,781],"class_list":{"0":"post-1854149","1":"product","2":"type-product","3":"status-publish","4":"has-post-thumbnail","6":"product_cat-aksessuaarid","7":"product_cat-izipizi","8":"product_cat-izipizi-sun-3-5-a","9":"product_cat-prillid","10":"product_tag-izipizi","11":"product_tag-tortoise","13":"first","14":"outofstock","15":"taxable","16":"shipping-taxable","17":"purchasable","18":"product-type-simple"},"yoast_head":"<!-- This site is optimized with the Yoast SEO plugin v27.2 - https:\/\/yoast.com\/product\/yoast-seo-wordpress\/ -->\n<title>IZIPIZI KIDS PLUS #D p\u00e4ikeseprillid (3-5.a) \u2013 Tortoise - RUUBY<\/title>\n<meta name=\"robots\" content=\"index, follow, max-snippet:-1, max-image-preview:large, max-video-preview:-1\" \/>\n<link rel=\"canonical\" href=\"http:\/\/ruuby.ee\/en\/pood\/aksessuaarid\/prillid\/izipizi-sun-3-5-a\/izipizi-kids-plus-d-paikeseprillid-3-5-a-tortoise\/\" \/>\n<meta property=\"og:locale\" content=\"en_GB\" \/>\n<meta property=\"og:type\" content=\"article\" \/>\n<meta property=\"og:title\" content=\"IZIPIZI KIDS PLUS #D p\u00e4ikeseprillid (3-5.a) \u2013 Tortoise - RUUBY\" \/>\n<meta property=\"og:description\" content=\"IZIPIZI hoolitseb teie pisikeste eest oma KIDS + p\u00e4ikeseprillide sarjaga 3\u20135-aastastele lastele (pea\u00fcmberm\u00f5\u00f5t 46\u201353 cm). Meie mudelid kaitsevad laste silmi igas olukorras, alates linnast kuni maaleikluste ja \u00f5uetegevusteni, nii suvel kui ka talvel! Meie 100% UV-kategooria 3 (UV 400) polariseeritud hallid l\u00e4\u00e4tsed pakuvad maksimaalset kaitset, austades samal ajal looduslikke v\u00e4rve. Need v\u00e4hendavad valguse intensiivsust ja [&hellip;]\" \/>\n<meta property=\"og:url\" content=\"http:\/\/ruuby.ee\/en\/pood\/aksessuaarid\/prillid\/izipizi-sun-3-5-a\/izipizi-kids-plus-d-paikeseprillid-3-5-a-tortoise\/\" \/>\n<meta property=\"og:site_name\" content=\"RUUBY\" \/>\n<meta property=\"article:publisher\" content=\"https:\/\/www.facebook.com\/ruubyconcept\" \/>\n<meta property=\"article:modified_time\" content=\"2026-04-05T22:26:20+00:00\" \/>\n<meta property=\"og:image\" content=\"http:\/\/ruuby.ee\/wp-content\/uploads\/2025\/07\/Screenshot-2025-07-08-at-10.15.55.png\" \/>\n\t<meta property=\"og:image:width\" content=\"1432\" \/>\n\t<meta property=\"og:image:height\" content=\"1214\" \/>\n\t<meta property=\"og:image:type\" content=\"image\/png\" \/>\n<meta name=\"twitter:card\" content=\"summary_large_image\" \/>\n<meta name=\"twitter:label1\" content=\"Estimated reading time\" \/>\n\t<meta name=\"twitter:data1\" content=\"1 minute\" \/>\n<script type=\"application\/ld+json\" class=\"yoast-schema-graph\">{\"@context\":\"https:\/\/schema.org\",\"@graph\":[{\"@type\":[\"WebPage\",\"ItemPage\"],\"@id\":\"http:\/\/ruuby.ee\/en\/pood\/aksessuaarid\/prillid\/izipizi-sun-3-5-a\/izipizi-kids-plus-d-paikeseprillid-3-5-a-tortoise\/\",\"url\":\"http:\/\/ruuby.ee\/en\/pood\/aksessuaarid\/prillid\/izipizi-sun-3-5-a\/izipizi-kids-plus-d-paikeseprillid-3-5-a-tortoise\/\",\"name\":\"IZIPIZI KIDS PLUS #D p\u00e4ikeseprillid (3-5.a) \u2013 Tortoise - RUUBY\",\"isPartOf\":{\"@id\":\"http:\/\/ruuby.ee\/#website\"},\"primaryImageOfPage\":{\"@id\":\"http:\/\/ruuby.ee\/en\/pood\/aksessuaarid\/prillid\/izipizi-sun-3-5-a\/izipizi-kids-plus-d-paikeseprillid-3-5-a-tortoise\/#primaryimage\"},\"image\":{\"@id\":\"http:\/\/ruuby.ee\/en\/pood\/aksessuaarid\/prillid\/izipizi-sun-3-5-a\/izipizi-kids-plus-d-paikeseprillid-3-5-a-tortoise\/#primaryimage\"},\"thumbnailUrl\":\"https:\/\/ruuby.ee\/wp-content\/uploads\/2025\/07\/Screenshot-2025-07-08-at-10.15.55.png\",\"datePublished\":\"2025-07-07T14:24:04+00:00\",\"dateModified\":\"2026-04-05T22:26:20+00:00\",\"breadcrumb\":{\"@id\":\"http:\/\/ruuby.ee\/en\/pood\/aksessuaarid\/prillid\/izipizi-sun-3-5-a\/izipizi-kids-plus-d-paikeseprillid-3-5-a-tortoise\/#breadcrumb\"},\"inLanguage\":\"en-GB\",\"potentialAction\":[{\"@type\":\"ReadAction\",\"target\":[\"http:\/\/ruuby.ee\/en\/pood\/aksessuaarid\/prillid\/izipizi-sun-3-5-a\/izipizi-kids-plus-d-paikeseprillid-3-5-a-tortoise\/\"]}]},{\"@type\":\"ImageObject\",\"inLanguage\":\"en-GB\",\"@id\":\"http:\/\/ruuby.ee\/en\/pood\/aksessuaarid\/prillid\/izipizi-sun-3-5-a\/izipizi-kids-plus-d-paikeseprillid-3-5-a-tortoise\/#primaryimage\",\"url\":\"https:\/\/ruuby.ee\/wp-content\/uploads\/2025\/07\/Screenshot-2025-07-08-at-10.15.55.png\",\"contentUrl\":\"https:\/\/ruuby.ee\/wp-content\/uploads\/2025\/07\/Screenshot-2025-07-08-at-10.15.55.png\",\"width\":1432,\"height\":1214},{\"@type\":\"BreadcrumbList\",\"@id\":\"http:\/\/ruuby.ee\/en\/pood\/aksessuaarid\/prillid\/izipizi-sun-3-5-a\/izipizi-kids-plus-d-paikeseprillid-3-5-a-tortoise\/#breadcrumb\",\"itemListElement\":[{\"@type\":\"ListItem\",\"position\":1,\"name\":\"Kdu\",\"item\":\"http:\/\/ruuby.ee\/\"},{\"@type\":\"ListItem\",\"position\":2,\"name\":\"Pood\",\"item\":\"https:\/\/ruuby.ee\/en\/pood\/\"},{\"@type\":\"ListItem\",\"position\":3,\"name\":\"IZIPIZI KIDS PLUS #D p\u00e4ikeseprillid (3-5.a) \u2013 Tortoise\"}]},{\"@type\":\"WebSite\",\"@id\":\"http:\/\/ruuby.ee\/#website\",\"url\":\"http:\/\/ruuby.ee\/\",\"name\":\"RUUBY\",\"description\":\"Ruubys on \u00fchendatud elustiil ja disain\",\"publisher\":{\"@id\":\"http:\/\/ruuby.ee\/#organization\"},\"alternateName\":\"Ruuby Disain\",\"potentialAction\":[{\"@type\":\"SearchAction\",\"target\":{\"@type\":\"EntryPoint\",\"urlTemplate\":\"http:\/\/ruuby.ee\/?s={search_term_string}\"},\"query-input\":{\"@type\":\"PropertyValueSpecification\",\"valueRequired\":true,\"valueName\":\"search_term_string\"}}],\"inLanguage\":\"en-GB\"},{\"@type\":\"Organization\",\"@id\":\"http:\/\/ruuby.ee\/#organization\",\"name\":\"Ruuby Disain O\u00dc\",\"alternateName\":\"Ruuby\",\"url\":\"http:\/\/ruuby.ee\/\",\"logo\":{\"@type\":\"ImageObject\",\"inLanguage\":\"en-GB\",\"@id\":\"http:\/\/ruuby.ee\/#\/schema\/logo\/image\/\",\"url\":\"https:\/\/ruuby.ee\/wp-content\/uploads\/2023\/06\/cropped-Black-White-Elegant-Circle-Signature-Fashion-Logo-12_large.png\",\"contentUrl\":\"https:\/\/ruuby.ee\/wp-content\/uploads\/2023\/06\/cropped-Black-White-Elegant-Circle-Signature-Fashion-Logo-12_large.png\",\"width\":1280,\"height\":747,\"caption\":\"Ruuby Disain O\u00dc\"},\"image\":{\"@id\":\"http:\/\/ruuby.ee\/#\/schema\/logo\/image\/\"},\"sameAs\":[\"https:\/\/www.facebook.com\/ruubyconcept\",\"https:\/\/www.instagram.com\/ruuby_concept\/\"]}]}<\/script>\n<!-- \/ Yoast SEO plugin. -->","yoast_head_json":{"title":"IZIPIZI KIDS PLUS #D p\u00e4ikeseprillid (3-5.a) \u2013 Tortoise - RUUBY","robots":{"index":"index","follow":"follow","max-snippet":"max-snippet:-1","max-image-preview":"max-image-preview:large","max-video-preview":"max-video-preview:-1"},"canonical":"http:\/\/ruuby.ee\/en\/pood\/aksessuaarid\/prillid\/izipizi-sun-3-5-a\/izipizi-kids-plus-d-paikeseprillid-3-5-a-tortoise\/","og_locale":"en_GB","og_type":"article","og_title":"IZIPIZI KIDS PLUS #D p\u00e4ikeseprillid (3-5.a) \u2013 Tortoise - RUUBY","og_description":"IZIPIZI hoolitseb teie pisikeste eest oma KIDS + p\u00e4ikeseprillide sarjaga 3\u20135-aastastele lastele (pea\u00fcmberm\u00f5\u00f5t 46\u201353 cm). Meie mudelid kaitsevad laste silmi igas olukorras, alates linnast kuni maaleikluste ja \u00f5uetegevusteni, nii suvel kui ka talvel! Meie 100% UV-kategooria 3 (UV 400) polariseeritud hallid l\u00e4\u00e4tsed pakuvad maksimaalset kaitset, austades samal ajal looduslikke v\u00e4rve. Need v\u00e4hendavad valguse intensiivsust ja [&hellip;]","og_url":"http:\/\/ruuby.ee\/en\/pood\/aksessuaarid\/prillid\/izipizi-sun-3-5-a\/izipizi-kids-plus-d-paikeseprillid-3-5-a-tortoise\/","og_site_name":"RUUBY","article_publisher":"https:\/\/www.facebook.com\/ruubyconcept","article_modified_time":"2026-04-05T22:26:20+00:00","og_image":[{"width":1432,"height":1214,"url":"http:\/\/ruuby.ee\/wp-content\/uploads\/2025\/07\/Screenshot-2025-07-08-at-10.15.55.png","type":"image\/png"}],"twitter_card":"summary_large_image","twitter_misc":{"Estimated reading time":"1 minute"},"schema":{"@context":"https:\/\/schema.org","@graph":[{"@type":["WebPage","ItemPage"],"@id":"http:\/\/ruuby.ee\/en\/pood\/aksessuaarid\/prillid\/izipizi-sun-3-5-a\/izipizi-kids-plus-d-paikeseprillid-3-5-a-tortoise\/","url":"http:\/\/ruuby.ee\/en\/pood\/aksessuaarid\/prillid\/izipizi-sun-3-5-a\/izipizi-kids-plus-d-paikeseprillid-3-5-a-tortoise\/","name":"IZIPIZI KIDS PLUS #D p\u00e4ikeseprillid (3-5.a) \u2013 Tortoise - RUUBY","isPartOf":{"@id":"http:\/\/ruuby.ee\/#website"},"primaryImageOfPage":{"@id":"http:\/\/ruuby.ee\/en\/pood\/aksessuaarid\/prillid\/izipizi-sun-3-5-a\/izipizi-kids-plus-d-paikeseprillid-3-5-a-tortoise\/#primaryimage"},"image":{"@id":"http:\/\/ruuby.ee\/en\/pood\/aksessuaarid\/prillid\/izipizi-sun-3-5-a\/izipizi-kids-plus-d-paikeseprillid-3-5-a-tortoise\/#primaryimage"},"thumbnailUrl":"https:\/\/ruuby.ee\/wp-content\/uploads\/2025\/07\/Screenshot-2025-07-08-at-10.15.55.png","datePublished":"2025-07-07T14:24:04+00:00","dateModified":"2026-04-05T22:26:20+00:00","breadcrumb":{"@id":"http:\/\/ruuby.ee\/en\/pood\/aksessuaarid\/prillid\/izipizi-sun-3-5-a\/izipizi-kids-plus-d-paikeseprillid-3-5-a-tortoise\/#breadcrumb"},"inLanguage":"en-GB","potentialAction":[{"@type":"ReadAction","target":["http:\/\/ruuby.ee\/en\/pood\/aksessuaarid\/prillid\/izipizi-sun-3-5-a\/izipizi-kids-plus-d-paikeseprillid-3-5-a-tortoise\/"]}]},{"@type":"ImageObject","inLanguage":"en-GB","@id":"http:\/\/ruuby.ee\/en\/pood\/aksessuaarid\/prillid\/izipizi-sun-3-5-a\/izipizi-kids-plus-d-paikeseprillid-3-5-a-tortoise\/#primaryimage","url":"https:\/\/ruuby.ee\/wp-content\/uploads\/2025\/07\/Screenshot-2025-07-08-at-10.15.55.png","contentUrl":"https:\/\/ruuby.ee\/wp-content\/uploads\/2025\/07\/Screenshot-2025-07-08-at-10.15.55.png","width":1432,"height":1214},{"@type":"BreadcrumbList","@id":"http:\/\/ruuby.ee\/en\/pood\/aksessuaarid\/prillid\/izipizi-sun-3-5-a\/izipizi-kids-plus-d-paikeseprillid-3-5-a-tortoise\/#breadcrumb","itemListElement":[{"@type":"ListItem","position":1,"name":"Kdu","item":"http:\/\/ruuby.ee\/"},{"@type":"ListItem","position":2,"name":"Pood","item":"https:\/\/ruuby.ee\/en\/pood\/"},{"@type":"ListItem","position":3,"name":"IZIPIZI KIDS PLUS #D p\u00e4ikeseprillid (3-5.a) \u2013 Tortoise"}]},{"@type":"WebSite","@id":"http:\/\/ruuby.ee\/#website","url":"http:\/\/ruuby.ee\/","name":"RUUBY","description":"Ruubys on \u00fchendatud elustiil ja disain","publisher":{"@id":"http:\/\/ruuby.ee\/#organization"},"alternateName":"Ruuby Disain","potentialAction":[{"@type":"SearchAction","target":{"@type":"EntryPoint","urlTemplate":"http:\/\/ruuby.ee\/?s={search_term_string}"},"query-input":{"@type":"PropertyValueSpecification","valueRequired":true,"valueName":"search_term_string"}}],"inLanguage":"en-GB"},{"@type":"Organization","@id":"http:\/\/ruuby.ee\/#organization","name":"Ruuby Disain O\u00dc","alternateName":"Ruuby","url":"http:\/\/ruuby.ee\/","logo":{"@type":"ImageObject","inLanguage":"en-GB","@id":"http:\/\/ruuby.ee\/#\/schema\/logo\/image\/","url":"https:\/\/ruuby.ee\/wp-content\/uploads\/2023\/06\/cropped-Black-White-Elegant-Circle-Signature-Fashion-Logo-12_large.png","contentUrl":"https:\/\/ruuby.ee\/wp-content\/uploads\/2023\/06\/cropped-Black-White-Elegant-Circle-Signature-Fashion-Logo-12_large.png","width":1280,"height":747,"caption":"Ruuby Disain O\u00dc"},"image":{"@id":"http:\/\/ruuby.ee\/#\/schema\/logo\/image\/"},"sameAs":["https:\/\/www.facebook.com\/ruubyconcept","https:\/\/www.instagram.com\/ruuby_concept\/"]}]}},"jetpack_sharing_enabled":true,"_links":{"self":[{"href":"https:\/\/ruuby.ee\/en\/wp-json\/wp\/v2\/product\/1854149","targetHints":{"allow":["GET"]}}],"collection":[{"href":"https:\/\/ruuby.ee\/en\/wp-json\/wp\/v2\/product"}],"about":[{"href":"https:\/\/ruuby.ee\/en\/wp-json\/wp\/v2\/types\/product"}],"replies":[{"embeddable":true,"href":"https:\/\/ruuby.ee\/en\/wp-json\/wp\/v2\/comments?post=1854149"}],"wp:featuredmedia":[{"embeddable":true,"href":"https:\/\/ruuby.ee\/en\/wp-json\/wp\/v2\/media\/1854193"}],"wp:attachment":[{"href":"https:\/\/ruuby.ee\/en\/wp-json\/wp\/v2\/media?parent=1854149"}],"wp:term":[{"taxonomy":"product_brand","embeddable":true,"href":"https:\/\/ruuby.ee\/en\/wp-json\/wp\/v2\/product_brand?post=1854149"},{"taxonomy":"product_cat","embeddable":true,"href":"https:\/\/ruuby.ee\/en\/wp-json\/wp\/v2\/product_cat?post=1854149"},{"taxonomy":"product_tag","embeddable":true,"href":"https:\/\/ruuby.ee\/en\/wp-json\/wp\/v2\/product_tag?post=1854149"}],"curies":[{"name":"wp","href":"https:\/\/api.w.org\/{rel}","templated":true}]}}