{"id":1854126,"date":"2025-07-06T16:06:56","date_gmt":"2025-07-06T13:06:56","guid":{"rendered":"https:\/\/ruuby.ee\/?post_type=product&#038;p=1854126"},"modified":"2026-04-08T01:28:24","modified_gmt":"2026-04-07T22:28:24","slug":"helge-kuu-sojavahast-mullikuunal","status":"publish","type":"product","link":"https:\/\/ruuby.ee\/en\/pood\/kodusisustus\/kuunlad\/kuunlad-kuunlad\/helge-kuu-sojavahast-mullikuunal\/","title":{"rendered":"Helge Kuu &#8211; Sojavahast Mullik\u00fc\u00fcnal"},"content":{"rendered":"<ul>\n<li>Helge Kuu mullik\u00fc\u00fcnal on stiilne kaunistuselement sinu kohvilauale, s\u00f6\u00f6gituppa v\u00f5i vannitoa riiulitele. Meeldivalt mahedad v\u00e4rvid ning kvaliteetsed aroomid kaunistavad igat interj\u00f6\u00f6ri.<\/li>\n<li>100% Naturaalne sojavaha<\/li>\n<li>Kaal:\u00a0 130 grammi<\/li>\n<li>Suurus: 6 x 6 cm<\/li>\n<li>P\u00f5lemisaeg ~25h<\/li>\n<li>K\u00e4sitsi valatud Eestis<\/li>\n<\/ul>\n<p>K\u00f5ik Helge Kuu k\u00fc\u00fcnlad on k\u00e4sitsi valatud, kasutades puhast sojavaha, vastupidavaid puuvillast k\u00fc\u00fcnlatahte ning kvaliteetseid aroom\u00f5lisid. Disainitud dekoratiivseks kasutamiseks. P\u00f5letamisel tuleb arvestada, et sojavaha v\u00f5ib laiali voolata, seega soovitame kasutada kuumakindlat alust.<\/p>","protected":false},"excerpt":{"rendered":"<p>Helge Kuu mullik\u00fc\u00fcnal on stiilne kaunistuselement sinu kohvilauale, s\u00f6\u00f6gituppa v\u00f5i vannitoa riiulitele. Meeldivalt mahedad v\u00e4rvid ning kvaliteetsed aroomid kaunistavad igat interj\u00f6\u00f6ri. 100% Naturaalne sojavaha Kaal:\u00a0 130 grammi Suurus: 6 x 6 cm P\u00f5lemisaeg ~25h K\u00e4sitsi valatud Eestis K\u00f5ik Helge Kuu k\u00fc\u00fcnlad on k\u00e4sitsi valatud, kasutades puhast sojavaha, vastupidavaid puuvillast k\u00fc\u00fcnlatahte ning kvaliteetseid aroom\u00f5lisid. Disainitud dekoratiivseks [&hellip;]<\/p>\n","protected":false},"featured_media":1854202,"comment_status":"open","ping_status":"closed","template":"","meta":[],"product_brand":[],"product_cat":[42,740],"product_tag":[477,231],"class_list":{"0":"post-1854126","1":"product","2":"type-product","3":"status-publish","4":"has-post-thumbnail","6":"product_cat-kodusisustus","7":"product_cat-kuunlad-kuunlad","8":"product_tag-helge-kuu","9":"product_tag-kuunlad","11":"first","12":"instock","13":"taxable","14":"shipping-taxable","15":"purchasable","16":"product-type-variable","17":"rtwpvs-product"},"yoast_head":"<!-- This site is optimized with the Yoast SEO plugin v27.3 - https:\/\/yoast.com\/product\/yoast-seo-wordpress\/ -->\n<title>Helge Kuu - Sojavahast Mullik\u00fc\u00fcnal - RUUBY<\/title>\n<meta name=\"robots\" content=\"index, follow, max-snippet:-1, max-image-preview:large, max-video-preview:-1\" \/>\n<link rel=\"canonical\" href=\"http:\/\/ruuby.ee\/en\/pood\/kodusisustus\/kuunlad\/kuunlad-kuunlad\/helge-kuu-sojavahast-mullikuunal\/\" \/>\n<meta property=\"og:locale\" content=\"en_GB\" \/>\n<meta property=\"og:type\" content=\"article\" \/>\n<meta property=\"og:title\" content=\"Helge Kuu - Sojavahast Mullik\u00fc\u00fcnal - RUUBY\" \/>\n<meta property=\"og:description\" content=\"Helge Kuu mullik\u00fc\u00fcnal on stiilne kaunistuselement sinu kohvilauale, s\u00f6\u00f6gituppa v\u00f5i vannitoa riiulitele. Meeldivalt mahedad v\u00e4rvid ning kvaliteetsed aroomid kaunistavad igat interj\u00f6\u00f6ri. 100% Naturaalne sojavaha Kaal:\u00a0 130 grammi Suurus: 6 x 6 cm P\u00f5lemisaeg ~25h K\u00e4sitsi valatud Eestis K\u00f5ik Helge Kuu k\u00fc\u00fcnlad on k\u00e4sitsi valatud, kasutades puhast sojavaha, vastupidavaid puuvillast k\u00fc\u00fcnlatahte ning kvaliteetseid aroom\u00f5lisid. Disainitud dekoratiivseks [&hellip;]\" \/>\n<meta property=\"og:url\" content=\"http:\/\/ruuby.ee\/en\/pood\/kodusisustus\/kuunlad\/kuunlad-kuunlad\/helge-kuu-sojavahast-mullikuunal\/\" \/>\n<meta property=\"og:site_name\" content=\"RUUBY\" \/>\n<meta property=\"article:publisher\" content=\"https:\/\/www.facebook.com\/ruubyconcept\" \/>\n<meta property=\"article:modified_time\" content=\"2026-04-07T22:28:24+00:00\" \/>\n<meta property=\"og:image\" content=\"http:\/\/ruuby.ee\/wp-content\/uploads\/2025\/07\/Screenshot-2025-07-08-at-10.23.58.png\" \/>\n\t<meta property=\"og:image:width\" content=\"1226\" \/>\n\t<meta property=\"og:image:height\" content=\"1122\" \/>\n\t<meta property=\"og:image:type\" content=\"image\/png\" \/>\n<meta name=\"twitter:card\" content=\"summary_large_image\" \/>\n<meta name=\"twitter:label1\" content=\"Estimated reading time\" \/>\n\t<meta name=\"twitter:data1\" content=\"1 minute\" \/>\n<script type=\"application\/ld+json\" class=\"yoast-schema-graph\">{\"@context\":\"https:\\\/\\\/schema.org\",\"@graph\":[{\"@type\":[\"WebPage\",\"ItemPage\"],\"@id\":\"http:\\\/\\\/ruuby.ee\\\/pood\\\/kodusisustus\\\/kuunlad\\\/kuunlad-kuunlad\\\/helge-kuu-sojavahast-mullikuunal\\\/\",\"url\":\"http:\\\/\\\/ruuby.ee\\\/pood\\\/kodusisustus\\\/kuunlad\\\/kuunlad-kuunlad\\\/helge-kuu-sojavahast-mullikuunal\\\/\",\"name\":\"Helge Kuu - Sojavahast Mullik\u00fc\u00fcnal - RUUBY\",\"isPartOf\":{\"@id\":\"http:\\\/\\\/ruuby.ee\\\/en\\\/#website\"},\"primaryImageOfPage\":{\"@id\":\"http:\\\/\\\/ruuby.ee\\\/pood\\\/kodusisustus\\\/kuunlad\\\/kuunlad-kuunlad\\\/helge-kuu-sojavahast-mullikuunal\\\/#primaryimage\"},\"image\":{\"@id\":\"http:\\\/\\\/ruuby.ee\\\/pood\\\/kodusisustus\\\/kuunlad\\\/kuunlad-kuunlad\\\/helge-kuu-sojavahast-mullikuunal\\\/#primaryimage\"},\"thumbnailUrl\":\"https:\\\/\\\/ruuby.ee\\\/wp-content\\\/uploads\\\/2025\\\/07\\\/Screenshot-2025-07-08-at-10.23.58.png\",\"datePublished\":\"2025-07-06T13:06:56+00:00\",\"dateModified\":\"2026-04-07T22:28:24+00:00\",\"breadcrumb\":{\"@id\":\"http:\\\/\\\/ruuby.ee\\\/pood\\\/kodusisustus\\\/kuunlad\\\/kuunlad-kuunlad\\\/helge-kuu-sojavahast-mullikuunal\\\/#breadcrumb\"},\"inLanguage\":\"en-GB\",\"potentialAction\":[{\"@type\":\"ReadAction\",\"target\":[\"http:\\\/\\\/ruuby.ee\\\/pood\\\/kodusisustus\\\/kuunlad\\\/kuunlad-kuunlad\\\/helge-kuu-sojavahast-mullikuunal\\\/\"]}]},{\"@type\":\"ImageObject\",\"inLanguage\":\"en-GB\",\"@id\":\"http:\\\/\\\/ruuby.ee\\\/pood\\\/kodusisustus\\\/kuunlad\\\/kuunlad-kuunlad\\\/helge-kuu-sojavahast-mullikuunal\\\/#primaryimage\",\"url\":\"https:\\\/\\\/ruuby.ee\\\/wp-content\\\/uploads\\\/2025\\\/07\\\/Screenshot-2025-07-08-at-10.23.58.png\",\"contentUrl\":\"https:\\\/\\\/ruuby.ee\\\/wp-content\\\/uploads\\\/2025\\\/07\\\/Screenshot-2025-07-08-at-10.23.58.png\",\"width\":1226,\"height\":1122},{\"@type\":\"BreadcrumbList\",\"@id\":\"http:\\\/\\\/ruuby.ee\\\/pood\\\/kodusisustus\\\/kuunlad\\\/kuunlad-kuunlad\\\/helge-kuu-sojavahast-mullikuunal\\\/#breadcrumb\",\"itemListElement\":[{\"@type\":\"ListItem\",\"position\":1,\"name\":\"Kdu\",\"item\":\"http:\\\/\\\/ruuby.ee\\\/en\\\/\"},{\"@type\":\"ListItem\",\"position\":2,\"name\":\"Pood\",\"item\":\"http:\\\/\\\/ruuby.ee\\\/en\\\/pood\\\/\"},{\"@type\":\"ListItem\",\"position\":3,\"name\":\"Helge Kuu &#8211; Sojavahast Mullik\u00fc\u00fcnal\"}]},{\"@type\":\"WebSite\",\"@id\":\"http:\\\/\\\/ruuby.ee\\\/en\\\/#website\",\"url\":\"http:\\\/\\\/ruuby.ee\\\/en\\\/\",\"name\":\"RUUBY\",\"description\":\"Ruubys on \u00fchendatud elustiil ja disain\",\"publisher\":{\"@id\":\"http:\\\/\\\/ruuby.ee\\\/en\\\/#organization\"},\"alternateName\":\"Ruuby Disain\",\"potentialAction\":[{\"@type\":\"SearchAction\",\"target\":{\"@type\":\"EntryPoint\",\"urlTemplate\":\"http:\\\/\\\/ruuby.ee\\\/en\\\/?s={search_term_string}\"},\"query-input\":{\"@type\":\"PropertyValueSpecification\",\"valueRequired\":true,\"valueName\":\"search_term_string\"}}],\"inLanguage\":\"en-GB\"},{\"@type\":\"Organization\",\"@id\":\"http:\\\/\\\/ruuby.ee\\\/en\\\/#organization\",\"name\":\"Ruuby Disain O\u00dc\",\"alternateName\":\"Ruuby\",\"url\":\"http:\\\/\\\/ruuby.ee\\\/en\\\/\",\"logo\":{\"@type\":\"ImageObject\",\"inLanguage\":\"en-GB\",\"@id\":\"http:\\\/\\\/ruuby.ee\\\/en\\\/#\\\/schema\\\/logo\\\/image\\\/\",\"url\":\"https:\\\/\\\/ruuby.ee\\\/wp-content\\\/uploads\\\/2023\\\/06\\\/cropped-Black-White-Elegant-Circle-Signature-Fashion-Logo-12_large.png\",\"contentUrl\":\"https:\\\/\\\/ruuby.ee\\\/wp-content\\\/uploads\\\/2023\\\/06\\\/cropped-Black-White-Elegant-Circle-Signature-Fashion-Logo-12_large.png\",\"width\":1280,\"height\":747,\"caption\":\"Ruuby Disain O\u00dc\"},\"image\":{\"@id\":\"http:\\\/\\\/ruuby.ee\\\/en\\\/#\\\/schema\\\/logo\\\/image\\\/\"},\"sameAs\":[\"https:\\\/\\\/www.facebook.com\\\/ruubyconcept\",\"https:\\\/\\\/www.instagram.com\\\/ruuby_concept\\\/\"]}]}<\/script>\n<!-- \/ Yoast SEO plugin. -->","yoast_head_json":{"title":"Helge Kuu - Sojavahast Mullik\u00fc\u00fcnal - RUUBY","robots":{"index":"index","follow":"follow","max-snippet":"max-snippet:-1","max-image-preview":"max-image-preview:large","max-video-preview":"max-video-preview:-1"},"canonical":"http:\/\/ruuby.ee\/en\/pood\/kodusisustus\/kuunlad\/kuunlad-kuunlad\/helge-kuu-sojavahast-mullikuunal\/","og_locale":"en_GB","og_type":"article","og_title":"Helge Kuu - Sojavahast Mullik\u00fc\u00fcnal - RUUBY","og_description":"Helge Kuu mullik\u00fc\u00fcnal on stiilne kaunistuselement sinu kohvilauale, s\u00f6\u00f6gituppa v\u00f5i vannitoa riiulitele. Meeldivalt mahedad v\u00e4rvid ning kvaliteetsed aroomid kaunistavad igat interj\u00f6\u00f6ri. 100% Naturaalne sojavaha Kaal:\u00a0 130 grammi Suurus: 6 x 6 cm P\u00f5lemisaeg ~25h K\u00e4sitsi valatud Eestis K\u00f5ik Helge Kuu k\u00fc\u00fcnlad on k\u00e4sitsi valatud, kasutades puhast sojavaha, vastupidavaid puuvillast k\u00fc\u00fcnlatahte ning kvaliteetseid aroom\u00f5lisid. Disainitud dekoratiivseks [&hellip;]","og_url":"http:\/\/ruuby.ee\/en\/pood\/kodusisustus\/kuunlad\/kuunlad-kuunlad\/helge-kuu-sojavahast-mullikuunal\/","og_site_name":"RUUBY","article_publisher":"https:\/\/www.facebook.com\/ruubyconcept","article_modified_time":"2026-04-07T22:28:24+00:00","og_image":[{"width":1226,"height":1122,"url":"http:\/\/ruuby.ee\/wp-content\/uploads\/2025\/07\/Screenshot-2025-07-08-at-10.23.58.png","type":"image\/png"}],"twitter_card":"summary_large_image","twitter_misc":{"Estimated reading time":"1 minute"},"schema":{"@context":"https:\/\/schema.org","@graph":[{"@type":["WebPage","ItemPage"],"@id":"http:\/\/ruuby.ee\/pood\/kodusisustus\/kuunlad\/kuunlad-kuunlad\/helge-kuu-sojavahast-mullikuunal\/","url":"http:\/\/ruuby.ee\/pood\/kodusisustus\/kuunlad\/kuunlad-kuunlad\/helge-kuu-sojavahast-mullikuunal\/","name":"Helge Kuu - Sojavahast Mullik\u00fc\u00fcnal - RUUBY","isPartOf":{"@id":"http:\/\/ruuby.ee\/en\/#website"},"primaryImageOfPage":{"@id":"http:\/\/ruuby.ee\/pood\/kodusisustus\/kuunlad\/kuunlad-kuunlad\/helge-kuu-sojavahast-mullikuunal\/#primaryimage"},"image":{"@id":"http:\/\/ruuby.ee\/pood\/kodusisustus\/kuunlad\/kuunlad-kuunlad\/helge-kuu-sojavahast-mullikuunal\/#primaryimage"},"thumbnailUrl":"https:\/\/ruuby.ee\/wp-content\/uploads\/2025\/07\/Screenshot-2025-07-08-at-10.23.58.png","datePublished":"2025-07-06T13:06:56+00:00","dateModified":"2026-04-07T22:28:24+00:00","breadcrumb":{"@id":"http:\/\/ruuby.ee\/pood\/kodusisustus\/kuunlad\/kuunlad-kuunlad\/helge-kuu-sojavahast-mullikuunal\/#breadcrumb"},"inLanguage":"en-GB","potentialAction":[{"@type":"ReadAction","target":["http:\/\/ruuby.ee\/pood\/kodusisustus\/kuunlad\/kuunlad-kuunlad\/helge-kuu-sojavahast-mullikuunal\/"]}]},{"@type":"ImageObject","inLanguage":"en-GB","@id":"http:\/\/ruuby.ee\/pood\/kodusisustus\/kuunlad\/kuunlad-kuunlad\/helge-kuu-sojavahast-mullikuunal\/#primaryimage","url":"https:\/\/ruuby.ee\/wp-content\/uploads\/2025\/07\/Screenshot-2025-07-08-at-10.23.58.png","contentUrl":"https:\/\/ruuby.ee\/wp-content\/uploads\/2025\/07\/Screenshot-2025-07-08-at-10.23.58.png","width":1226,"height":1122},{"@type":"BreadcrumbList","@id":"http:\/\/ruuby.ee\/pood\/kodusisustus\/kuunlad\/kuunlad-kuunlad\/helge-kuu-sojavahast-mullikuunal\/#breadcrumb","itemListElement":[{"@type":"ListItem","position":1,"name":"Kdu","item":"http:\/\/ruuby.ee\/en\/"},{"@type":"ListItem","position":2,"name":"Pood","item":"http:\/\/ruuby.ee\/en\/pood\/"},{"@type":"ListItem","position":3,"name":"Helge Kuu &#8211; Sojavahast Mullik\u00fc\u00fcnal"}]},{"@type":"WebSite","@id":"http:\/\/ruuby.ee\/en\/#website","url":"http:\/\/ruuby.ee\/en\/","name":"RUUBY","description":"Ruubys on \u00fchendatud elustiil ja disain","publisher":{"@id":"http:\/\/ruuby.ee\/en\/#organization"},"alternateName":"Ruuby Disain","potentialAction":[{"@type":"SearchAction","target":{"@type":"EntryPoint","urlTemplate":"http:\/\/ruuby.ee\/en\/?s={search_term_string}"},"query-input":{"@type":"PropertyValueSpecification","valueRequired":true,"valueName":"search_term_string"}}],"inLanguage":"en-GB"},{"@type":"Organization","@id":"http:\/\/ruuby.ee\/en\/#organization","name":"Ruuby Disain O\u00dc","alternateName":"Ruuby","url":"http:\/\/ruuby.ee\/en\/","logo":{"@type":"ImageObject","inLanguage":"en-GB","@id":"http:\/\/ruuby.ee\/en\/#\/schema\/logo\/image\/","url":"https:\/\/ruuby.ee\/wp-content\/uploads\/2023\/06\/cropped-Black-White-Elegant-Circle-Signature-Fashion-Logo-12_large.png","contentUrl":"https:\/\/ruuby.ee\/wp-content\/uploads\/2023\/06\/cropped-Black-White-Elegant-Circle-Signature-Fashion-Logo-12_large.png","width":1280,"height":747,"caption":"Ruuby Disain O\u00dc"},"image":{"@id":"http:\/\/ruuby.ee\/en\/#\/schema\/logo\/image\/"},"sameAs":["https:\/\/www.facebook.com\/ruubyconcept","https:\/\/www.instagram.com\/ruuby_concept\/"]}]}},"jetpack_sharing_enabled":true,"_links":{"self":[{"href":"https:\/\/ruuby.ee\/en\/wp-json\/wp\/v2\/product\/1854126","targetHints":{"allow":["GET"]}}],"collection":[{"href":"https:\/\/ruuby.ee\/en\/wp-json\/wp\/v2\/product"}],"about":[{"href":"https:\/\/ruuby.ee\/en\/wp-json\/wp\/v2\/types\/product"}],"replies":[{"embeddable":true,"href":"https:\/\/ruuby.ee\/en\/wp-json\/wp\/v2\/comments?post=1854126"}],"wp:featuredmedia":[{"embeddable":true,"href":"https:\/\/ruuby.ee\/en\/wp-json\/wp\/v2\/media\/1854202"}],"wp:attachment":[{"href":"https:\/\/ruuby.ee\/en\/wp-json\/wp\/v2\/media?parent=1854126"}],"wp:term":[{"taxonomy":"product_brand","embeddable":true,"href":"https:\/\/ruuby.ee\/en\/wp-json\/wp\/v2\/product_brand?post=1854126"},{"taxonomy":"product_cat","embeddable":true,"href":"https:\/\/ruuby.ee\/en\/wp-json\/wp\/v2\/product_cat?post=1854126"},{"taxonomy":"product_tag","embeddable":true,"href":"https:\/\/ruuby.ee\/en\/wp-json\/wp\/v2\/product_tag?post=1854126"}],"curies":[{"name":"wp","href":"https:\/\/api.w.org\/{rel}","templated":true}]}}