{"id":1854116,"date":"2025-07-06T12:57:11","date_gmt":"2025-07-06T09:57:11","guid":{"rendered":"https:\/\/ruuby.ee\/pood\/maaratlemata\/nore-kodulohnastaja-laim-basiilik\/"},"modified":"2026-04-08T01:28:24","modified_gmt":"2026-04-07T22:28:24","slug":"nore-kodulohnastaja-laim-basiilik","status":"publish","type":"product","link":"https:\/\/ruuby.ee\/en\/pood\/kodusisustus\/ruumilohnastajad\/nore-kodulohnastaja-laim-basiilik\/","title":{"rendered":"NORE kodul\u00f5hnastaja laim-basiilik"},"content":{"rendered":"<p>Lummav kooslus laimi, basiiliku ja k\u00fcpsete mandariinide aroomidest, mida tasakaalustavad valge t\u00fc\u00fcmian ja pat\u0161uli.<\/p>\n<p>Nore kodul\u00f5hnastajad valmivad k\u00e4sit\u00f6\u00f6na looduss\u00f5bralikest baas\u00f5lidest ning k\u00f5rgekvaliteedilistest aroomi\u00f5lidest.<\/p>\n<p>Eemaldage pudelilt kaitsekork ja asetage pulgad pudelisse. V\u00e4ikses ruumis kasutage v\u00e4hem pulki, suures rohkem. L\u00f5hn hakkab eralduma 24 tunni jooksul, kui vedelik on pulkadesse imbunud. Intensiivsema l\u00f5hna saamiseks soovitame \u00fcks kord n\u00e4dalas pulgad \u00fcmber keerata (kasutage selleks kaitsekindaid). Asetage anum alati stabiilsele alusele, vedelik v\u00f5ib kahjustada tekstiilist, klaasist, puidust v\u00f5i plastist pindasid. Hoida lastele ja loomadele k\u00e4ttesaamatus kohas.<\/p>\n<p>&nbsp;<\/p>\n<p>&nbsp;<\/p>","protected":false},"excerpt":{"rendered":"<p>Lummav kooslus laimi, basiiliku ja k\u00fcpsete mandariinide aroomidest, mida tasakaalustavad valge t\u00fc\u00fcmian ja pat\u0161uli. Nore kodul\u00f5hnastajad valmivad k\u00e4sit\u00f6\u00f6na looduss\u00f5bralikest baas\u00f5lidest ning k\u00f5rgekvaliteedilistest aroomi\u00f5lidest. Eemaldage pudelilt kaitsekork ja asetage pulgad pudelisse. V\u00e4ikses ruumis kasutage v\u00e4hem pulki, suures rohkem. L\u00f5hn hakkab eralduma 24 tunni jooksul, kui vedelik on pulkadesse imbunud. Intensiivsema l\u00f5hna saamiseks soovitame \u00fcks kord n\u00e4dalas [&hellip;]<\/p>\n","protected":false},"featured_media":1854221,"comment_status":"open","ping_status":"closed","template":"","meta":[],"product_brand":[],"product_cat":[42,44],"product_tag":[],"class_list":{"0":"post-1854116","1":"product","2":"type-product","3":"status-publish","4":"has-post-thumbnail","6":"product_cat-kodusisustus","7":"product_cat-ruumilohnastajad","9":"first","10":"instock","11":"taxable","12":"shipping-taxable","13":"purchasable","14":"product-type-simple"},"yoast_head":"<!-- This site is optimized with the Yoast SEO plugin v27.3 - https:\/\/yoast.com\/product\/yoast-seo-wordpress\/ -->\n<title>NORE kodul\u00f5hnastaja laim-basiilik - RUUBY<\/title>\n<meta name=\"robots\" content=\"index, follow, max-snippet:-1, max-image-preview:large, max-video-preview:-1\" \/>\n<link rel=\"canonical\" href=\"https:\/\/ruuby.ee\/en\/pood\/kodusisustus\/ruumilohnastajad\/nore-kodulohnastaja-laim-basiilik\/\" \/>\n<meta property=\"og:locale\" content=\"en_GB\" \/>\n<meta property=\"og:type\" content=\"article\" \/>\n<meta property=\"og:title\" content=\"NORE kodul\u00f5hnastaja laim-basiilik - RUUBY\" \/>\n<meta property=\"og:description\" content=\"Lummav kooslus laimi, basiiliku ja k\u00fcpsete mandariinide aroomidest, mida tasakaalustavad valge t\u00fc\u00fcmian ja pat\u0161uli. Nore kodul\u00f5hnastajad valmivad k\u00e4sit\u00f6\u00f6na looduss\u00f5bralikest baas\u00f5lidest ning k\u00f5rgekvaliteedilistest aroomi\u00f5lidest. Eemaldage pudelilt kaitsekork ja asetage pulgad pudelisse. V\u00e4ikses ruumis kasutage v\u00e4hem pulki, suures rohkem. L\u00f5hn hakkab eralduma 24 tunni jooksul, kui vedelik on pulkadesse imbunud. Intensiivsema l\u00f5hna saamiseks soovitame \u00fcks kord n\u00e4dalas [&hellip;]\" \/>\n<meta property=\"og:url\" content=\"https:\/\/ruuby.ee\/en\/pood\/kodusisustus\/ruumilohnastajad\/nore-kodulohnastaja-laim-basiilik\/\" \/>\n<meta property=\"og:site_name\" content=\"RUUBY\" \/>\n<meta property=\"article:publisher\" content=\"https:\/\/www.facebook.com\/ruubyconcept\" \/>\n<meta property=\"article:modified_time\" content=\"2026-04-07T22:28:24+00:00\" \/>\n<meta property=\"og:image\" content=\"https:\/\/ruuby.ee\/wp-content\/uploads\/2025\/07\/Screenshot-2025-07-08-at-10.49.13.png\" \/>\n\t<meta property=\"og:image:width\" content=\"884\" \/>\n\t<meta property=\"og:image:height\" content=\"1120\" \/>\n\t<meta property=\"og:image:type\" content=\"image\/png\" \/>\n<meta name=\"twitter:card\" content=\"summary_large_image\" \/>\n<meta name=\"twitter:label1\" content=\"Estimated reading time\" \/>\n\t<meta name=\"twitter:data1\" content=\"1 minute\" \/>\n<script type=\"application\/ld+json\" class=\"yoast-schema-graph\">{\"@context\":\"https:\\\/\\\/schema.org\",\"@graph\":[{\"@type\":[\"WebPage\",\"ItemPage\"],\"@id\":\"https:\\\/\\\/ruuby.ee\\\/pood\\\/kodusisustus\\\/ruumilohnastajad\\\/nore-kodulohnastaja-laim-basiilik\\\/\",\"url\":\"https:\\\/\\\/ruuby.ee\\\/pood\\\/kodusisustus\\\/ruumilohnastajad\\\/nore-kodulohnastaja-laim-basiilik\\\/\",\"name\":\"NORE kodul\u00f5hnastaja laim-basiilik - RUUBY\",\"isPartOf\":{\"@id\":\"https:\\\/\\\/ruuby.ee\\\/#website\"},\"primaryImageOfPage\":{\"@id\":\"https:\\\/\\\/ruuby.ee\\\/pood\\\/kodusisustus\\\/ruumilohnastajad\\\/nore-kodulohnastaja-laim-basiilik\\\/#primaryimage\"},\"image\":{\"@id\":\"https:\\\/\\\/ruuby.ee\\\/pood\\\/kodusisustus\\\/ruumilohnastajad\\\/nore-kodulohnastaja-laim-basiilik\\\/#primaryimage\"},\"thumbnailUrl\":\"https:\\\/\\\/ruuby.ee\\\/wp-content\\\/uploads\\\/2025\\\/07\\\/Screenshot-2025-07-08-at-10.49.13.png\",\"datePublished\":\"2025-07-06T09:57:11+00:00\",\"dateModified\":\"2026-04-07T22:28:24+00:00\",\"breadcrumb\":{\"@id\":\"https:\\\/\\\/ruuby.ee\\\/pood\\\/kodusisustus\\\/ruumilohnastajad\\\/nore-kodulohnastaja-laim-basiilik\\\/#breadcrumb\"},\"inLanguage\":\"en-GB\",\"potentialAction\":[{\"@type\":\"ReadAction\",\"target\":[\"https:\\\/\\\/ruuby.ee\\\/pood\\\/kodusisustus\\\/ruumilohnastajad\\\/nore-kodulohnastaja-laim-basiilik\\\/\"]}]},{\"@type\":\"ImageObject\",\"inLanguage\":\"en-GB\",\"@id\":\"https:\\\/\\\/ruuby.ee\\\/pood\\\/kodusisustus\\\/ruumilohnastajad\\\/nore-kodulohnastaja-laim-basiilik\\\/#primaryimage\",\"url\":\"https:\\\/\\\/ruuby.ee\\\/wp-content\\\/uploads\\\/2025\\\/07\\\/Screenshot-2025-07-08-at-10.49.13.png\",\"contentUrl\":\"https:\\\/\\\/ruuby.ee\\\/wp-content\\\/uploads\\\/2025\\\/07\\\/Screenshot-2025-07-08-at-10.49.13.png\",\"width\":884,\"height\":1120},{\"@type\":\"BreadcrumbList\",\"@id\":\"https:\\\/\\\/ruuby.ee\\\/pood\\\/kodusisustus\\\/ruumilohnastajad\\\/nore-kodulohnastaja-laim-basiilik\\\/#breadcrumb\",\"itemListElement\":[{\"@type\":\"ListItem\",\"position\":1,\"name\":\"Kdu\",\"item\":\"https:\\\/\\\/ruuby.ee\\\/\"},{\"@type\":\"ListItem\",\"position\":2,\"name\":\"Pood\",\"item\":\"https:\\\/\\\/ruuby.ee\\\/pood\\\/\"},{\"@type\":\"ListItem\",\"position\":3,\"name\":\"NORE kodul\u00f5hnastaja laim-basiilik\"}]},{\"@type\":\"WebSite\",\"@id\":\"https:\\\/\\\/ruuby.ee\\\/#website\",\"url\":\"https:\\\/\\\/ruuby.ee\\\/\",\"name\":\"RUUBY\",\"description\":\"Ruubys on \u00fchendatud elustiil ja disain\",\"publisher\":{\"@id\":\"https:\\\/\\\/ruuby.ee\\\/#organization\"},\"alternateName\":\"Ruuby Disain\",\"potentialAction\":[{\"@type\":\"SearchAction\",\"target\":{\"@type\":\"EntryPoint\",\"urlTemplate\":\"https:\\\/\\\/ruuby.ee\\\/?s={search_term_string}\"},\"query-input\":{\"@type\":\"PropertyValueSpecification\",\"valueRequired\":true,\"valueName\":\"search_term_string\"}}],\"inLanguage\":\"en-GB\"},{\"@type\":\"Organization\",\"@id\":\"https:\\\/\\\/ruuby.ee\\\/#organization\",\"name\":\"Ruuby Disain O\u00dc\",\"alternateName\":\"Ruuby\",\"url\":\"https:\\\/\\\/ruuby.ee\\\/\",\"logo\":{\"@type\":\"ImageObject\",\"inLanguage\":\"en-GB\",\"@id\":\"https:\\\/\\\/ruuby.ee\\\/#\\\/schema\\\/logo\\\/image\\\/\",\"url\":\"https:\\\/\\\/ruuby.ee\\\/wp-content\\\/uploads\\\/2023\\\/06\\\/cropped-Black-White-Elegant-Circle-Signature-Fashion-Logo-12_large.png\",\"contentUrl\":\"https:\\\/\\\/ruuby.ee\\\/wp-content\\\/uploads\\\/2023\\\/06\\\/cropped-Black-White-Elegant-Circle-Signature-Fashion-Logo-12_large.png\",\"width\":1280,\"height\":747,\"caption\":\"Ruuby Disain O\u00dc\"},\"image\":{\"@id\":\"https:\\\/\\\/ruuby.ee\\\/#\\\/schema\\\/logo\\\/image\\\/\"},\"sameAs\":[\"https:\\\/\\\/www.facebook.com\\\/ruubyconcept\",\"https:\\\/\\\/www.instagram.com\\\/ruuby_concept\\\/\"]}]}<\/script>\n<!-- \/ Yoast SEO plugin. -->","yoast_head_json":{"title":"NORE kodul\u00f5hnastaja laim-basiilik - RUUBY","robots":{"index":"index","follow":"follow","max-snippet":"max-snippet:-1","max-image-preview":"max-image-preview:large","max-video-preview":"max-video-preview:-1"},"canonical":"https:\/\/ruuby.ee\/en\/pood\/kodusisustus\/ruumilohnastajad\/nore-kodulohnastaja-laim-basiilik\/","og_locale":"en_GB","og_type":"article","og_title":"NORE kodul\u00f5hnastaja laim-basiilik - RUUBY","og_description":"Lummav kooslus laimi, basiiliku ja k\u00fcpsete mandariinide aroomidest, mida tasakaalustavad valge t\u00fc\u00fcmian ja pat\u0161uli. Nore kodul\u00f5hnastajad valmivad k\u00e4sit\u00f6\u00f6na looduss\u00f5bralikest baas\u00f5lidest ning k\u00f5rgekvaliteedilistest aroomi\u00f5lidest. Eemaldage pudelilt kaitsekork ja asetage pulgad pudelisse. V\u00e4ikses ruumis kasutage v\u00e4hem pulki, suures rohkem. L\u00f5hn hakkab eralduma 24 tunni jooksul, kui vedelik on pulkadesse imbunud. Intensiivsema l\u00f5hna saamiseks soovitame \u00fcks kord n\u00e4dalas [&hellip;]","og_url":"https:\/\/ruuby.ee\/en\/pood\/kodusisustus\/ruumilohnastajad\/nore-kodulohnastaja-laim-basiilik\/","og_site_name":"RUUBY","article_publisher":"https:\/\/www.facebook.com\/ruubyconcept","article_modified_time":"2026-04-07T22:28:24+00:00","og_image":[{"width":884,"height":1120,"url":"https:\/\/ruuby.ee\/wp-content\/uploads\/2025\/07\/Screenshot-2025-07-08-at-10.49.13.png","type":"image\/png"}],"twitter_card":"summary_large_image","twitter_misc":{"Estimated reading time":"1 minute"},"schema":{"@context":"https:\/\/schema.org","@graph":[{"@type":["WebPage","ItemPage"],"@id":"https:\/\/ruuby.ee\/pood\/kodusisustus\/ruumilohnastajad\/nore-kodulohnastaja-laim-basiilik\/","url":"https:\/\/ruuby.ee\/pood\/kodusisustus\/ruumilohnastajad\/nore-kodulohnastaja-laim-basiilik\/","name":"NORE kodul\u00f5hnastaja laim-basiilik - RUUBY","isPartOf":{"@id":"https:\/\/ruuby.ee\/#website"},"primaryImageOfPage":{"@id":"https:\/\/ruuby.ee\/pood\/kodusisustus\/ruumilohnastajad\/nore-kodulohnastaja-laim-basiilik\/#primaryimage"},"image":{"@id":"https:\/\/ruuby.ee\/pood\/kodusisustus\/ruumilohnastajad\/nore-kodulohnastaja-laim-basiilik\/#primaryimage"},"thumbnailUrl":"https:\/\/ruuby.ee\/wp-content\/uploads\/2025\/07\/Screenshot-2025-07-08-at-10.49.13.png","datePublished":"2025-07-06T09:57:11+00:00","dateModified":"2026-04-07T22:28:24+00:00","breadcrumb":{"@id":"https:\/\/ruuby.ee\/pood\/kodusisustus\/ruumilohnastajad\/nore-kodulohnastaja-laim-basiilik\/#breadcrumb"},"inLanguage":"en-GB","potentialAction":[{"@type":"ReadAction","target":["https:\/\/ruuby.ee\/pood\/kodusisustus\/ruumilohnastajad\/nore-kodulohnastaja-laim-basiilik\/"]}]},{"@type":"ImageObject","inLanguage":"en-GB","@id":"https:\/\/ruuby.ee\/pood\/kodusisustus\/ruumilohnastajad\/nore-kodulohnastaja-laim-basiilik\/#primaryimage","url":"https:\/\/ruuby.ee\/wp-content\/uploads\/2025\/07\/Screenshot-2025-07-08-at-10.49.13.png","contentUrl":"https:\/\/ruuby.ee\/wp-content\/uploads\/2025\/07\/Screenshot-2025-07-08-at-10.49.13.png","width":884,"height":1120},{"@type":"BreadcrumbList","@id":"https:\/\/ruuby.ee\/pood\/kodusisustus\/ruumilohnastajad\/nore-kodulohnastaja-laim-basiilik\/#breadcrumb","itemListElement":[{"@type":"ListItem","position":1,"name":"Kdu","item":"https:\/\/ruuby.ee\/"},{"@type":"ListItem","position":2,"name":"Pood","item":"https:\/\/ruuby.ee\/pood\/"},{"@type":"ListItem","position":3,"name":"NORE kodul\u00f5hnastaja laim-basiilik"}]},{"@type":"WebSite","@id":"https:\/\/ruuby.ee\/#website","url":"https:\/\/ruuby.ee\/","name":"RUUBY","description":"Ruubys on \u00fchendatud elustiil ja disain","publisher":{"@id":"https:\/\/ruuby.ee\/#organization"},"alternateName":"Ruuby Disain","potentialAction":[{"@type":"SearchAction","target":{"@type":"EntryPoint","urlTemplate":"https:\/\/ruuby.ee\/?s={search_term_string}"},"query-input":{"@type":"PropertyValueSpecification","valueRequired":true,"valueName":"search_term_string"}}],"inLanguage":"en-GB"},{"@type":"Organization","@id":"https:\/\/ruuby.ee\/#organization","name":"Ruuby Disain O\u00dc","alternateName":"Ruuby","url":"https:\/\/ruuby.ee\/","logo":{"@type":"ImageObject","inLanguage":"en-GB","@id":"https:\/\/ruuby.ee\/#\/schema\/logo\/image\/","url":"https:\/\/ruuby.ee\/wp-content\/uploads\/2023\/06\/cropped-Black-White-Elegant-Circle-Signature-Fashion-Logo-12_large.png","contentUrl":"https:\/\/ruuby.ee\/wp-content\/uploads\/2023\/06\/cropped-Black-White-Elegant-Circle-Signature-Fashion-Logo-12_large.png","width":1280,"height":747,"caption":"Ruuby Disain O\u00dc"},"image":{"@id":"https:\/\/ruuby.ee\/#\/schema\/logo\/image\/"},"sameAs":["https:\/\/www.facebook.com\/ruubyconcept","https:\/\/www.instagram.com\/ruuby_concept\/"]}]}},"jetpack_sharing_enabled":true,"_links":{"self":[{"href":"https:\/\/ruuby.ee\/en\/wp-json\/wp\/v2\/product\/1854116","targetHints":{"allow":["GET"]}}],"collection":[{"href":"https:\/\/ruuby.ee\/en\/wp-json\/wp\/v2\/product"}],"about":[{"href":"https:\/\/ruuby.ee\/en\/wp-json\/wp\/v2\/types\/product"}],"replies":[{"embeddable":true,"href":"https:\/\/ruuby.ee\/en\/wp-json\/wp\/v2\/comments?post=1854116"}],"wp:featuredmedia":[{"embeddable":true,"href":"https:\/\/ruuby.ee\/en\/wp-json\/wp\/v2\/media\/1854221"}],"wp:attachment":[{"href":"https:\/\/ruuby.ee\/en\/wp-json\/wp\/v2\/media?parent=1854116"}],"wp:term":[{"taxonomy":"product_brand","embeddable":true,"href":"https:\/\/ruuby.ee\/en\/wp-json\/wp\/v2\/product_brand?post=1854116"},{"taxonomy":"product_cat","embeddable":true,"href":"https:\/\/ruuby.ee\/en\/wp-json\/wp\/v2\/product_cat?post=1854116"},{"taxonomy":"product_tag","embeddable":true,"href":"https:\/\/ruuby.ee\/en\/wp-json\/wp\/v2\/product_tag?post=1854116"}],"curies":[{"name":"wp","href":"https:\/\/api.w.org\/{rel}","templated":true}]}}