{"id":1854024,"date":"2025-07-04T22:03:45","date_gmt":"2025-07-04T19:03:45","guid":{"rendered":"https:\/\/ruuby.ee\/?post_type=product&#038;p=1854024"},"modified":"2026-04-07T01:27:08","modified_gmt":"2026-04-06T22:27:08","slug":"happy-socks-laste-libisemisvastased-sokid-star","status":"publish","type":"product","link":"https:\/\/ruuby.ee\/en\/pood\/aksessuaarid\/sokid\/happy-socks-laste-libisemisvastased-sokid-star\/","title":{"rendered":"HAPPY SOCKS &#8211; Laste libisemisvastased sokid, Star"},"content":{"rendered":"<p>Aeg k\u00e4ppasid nende v\u00e4rviliste t\u00e4hekestega soojendada. Silmatorkavad v\u00e4rvid ja armsad mustrid \u2013 k\u00f5ik on siin.<\/p>\n<p>Need sokid on libisemisvastased, nii et v\u00e4ikestel jalgadel on kogu see k\u00f5ndimisv\u00e4rk lihtsam. Kokkupandav \u00e4\u00e4ris tagab suurep\u00e4rase ja mugava istuvuse. Valmistatud pehmest ja hingavast orgaanilisest puuvillast ning nagu ikka, on kand ja varvas tugevdatud, et v\u00e4ltida aukude teket.<\/p>\n<p>Kaasas on ka nutikas nimesilt! Erksad v\u00e4rvid ja m\u00e4ngulised mustrid k\u00f6idavad pisikesi, samas kui libisemisvastased haarded tagavad stabiilsuse ja enesekindluse igal sammul. Meile on oluline autentne enesev\u00e4ljendus ja need l\u00f5busad sokid v\u00f5imaldavad lastel just seda teha.<\/p>\n<p>Ideaalne kingitus m\u00e4nguhimulistele v\u00e4ikelastele ja mugavust otsivatele vanematele. Tugevdatud kand ja varvas<\/p>\n<ul>\n<li>Nimesilt<\/li>\n<li>Libisemisvastane<\/li>\n<li>Kokkupandav k\u00e4tis<\/li>\n<li>\u00d5mblusteta varvas<\/li>\n<li>Orgaanilise puuvilla segu<\/li>\n<li>Taaskasutatud segu<\/li>\n<\/ul>\n<p>Materjalid: 85% puuvill, 13% pol\u00fcamiid, 2% elastaan<\/p>","protected":false},"excerpt":{"rendered":"<p>Aeg k\u00e4ppasid nende v\u00e4rviliste t\u00e4hekestega soojendada. Silmatorkavad v\u00e4rvid ja armsad mustrid \u2013 k\u00f5ik on siin. Need sokid on libisemisvastased, nii et v\u00e4ikestel jalgadel on kogu see k\u00f5ndimisv\u00e4rk lihtsam. Kokkupandav \u00e4\u00e4ris tagab suurep\u00e4rase ja mugava istuvuse. Valmistatud pehmest ja hingavast orgaanilisest puuvillast ning nagu ikka, on kand ja varvas tugevdatud, et v\u00e4ltida aukude teket. Kaasas on [&hellip;]<\/p>\n","protected":false},"featured_media":1854051,"comment_status":"open","ping_status":"closed","template":"","meta":[],"product_brand":[],"product_cat":[43,792],"product_tag":[793],"class_list":{"0":"post-1854024","1":"product","2":"type-product","3":"status-publish","4":"has-post-thumbnail","6":"product_cat-aksessuaarid","7":"product_cat-sokid","8":"product_tag-happy-socks","10":"first","11":"instock","12":"taxable","13":"shipping-taxable","14":"purchasable","15":"product-type-variable","16":"rtwpvs-product"},"yoast_head":"<!-- This site is optimized with the Yoast SEO plugin v27.3 - https:\/\/yoast.com\/product\/yoast-seo-wordpress\/ -->\n<title>HAPPY SOCKS - Laste libisemisvastased sokid, Star - RUUBY<\/title>\n<meta name=\"robots\" content=\"index, follow, max-snippet:-1, max-image-preview:large, max-video-preview:-1\" \/>\n<link rel=\"canonical\" href=\"https:\/\/ruuby.ee\/en\/pood\/aksessuaarid\/sokid\/happy-socks-laste-libisemisvastased-sokid-star\/\" \/>\n<meta property=\"og:locale\" content=\"en_GB\" \/>\n<meta property=\"og:type\" content=\"article\" \/>\n<meta property=\"og:title\" content=\"HAPPY SOCKS - Laste libisemisvastased sokid, Star - RUUBY\" \/>\n<meta property=\"og:description\" content=\"Aeg k\u00e4ppasid nende v\u00e4rviliste t\u00e4hekestega soojendada. Silmatorkavad v\u00e4rvid ja armsad mustrid \u2013 k\u00f5ik on siin. Need sokid on libisemisvastased, nii et v\u00e4ikestel jalgadel on kogu see k\u00f5ndimisv\u00e4rk lihtsam. Kokkupandav \u00e4\u00e4ris tagab suurep\u00e4rase ja mugava istuvuse. Valmistatud pehmest ja hingavast orgaanilisest puuvillast ning nagu ikka, on kand ja varvas tugevdatud, et v\u00e4ltida aukude teket. Kaasas on [&hellip;]\" \/>\n<meta property=\"og:url\" content=\"https:\/\/ruuby.ee\/en\/pood\/aksessuaarid\/sokid\/happy-socks-laste-libisemisvastased-sokid-star\/\" \/>\n<meta property=\"og:site_name\" content=\"RUUBY\" \/>\n<meta property=\"article:publisher\" content=\"https:\/\/www.facebook.com\/ruubyconcept\" \/>\n<meta property=\"article:modified_time\" content=\"2026-04-06T22:27:08+00:00\" \/>\n<meta property=\"og:image\" content=\"https:\/\/ruuby.ee\/wp-content\/uploads\/2025\/07\/Screenshot-2025-07-04-at-22.36.51.png\" \/>\n\t<meta property=\"og:image:width\" content=\"550\" \/>\n\t<meta property=\"og:image:height\" content=\"520\" \/>\n\t<meta property=\"og:image:type\" content=\"image\/png\" \/>\n<meta name=\"twitter:card\" content=\"summary_large_image\" \/>\n<meta name=\"twitter:label1\" content=\"Estimated reading time\" \/>\n\t<meta name=\"twitter:data1\" content=\"1 minute\" \/>\n<script type=\"application\/ld+json\" class=\"yoast-schema-graph\">{\"@context\":\"https:\\\/\\\/schema.org\",\"@graph\":[{\"@type\":[\"WebPage\",\"ItemPage\"],\"@id\":\"https:\\\/\\\/ruuby.ee\\\/pood\\\/aksessuaarid\\\/sokid\\\/happy-socks-laste-libisemisvastased-sokid-star\\\/\",\"url\":\"https:\\\/\\\/ruuby.ee\\\/pood\\\/aksessuaarid\\\/sokid\\\/happy-socks-laste-libisemisvastased-sokid-star\\\/\",\"name\":\"HAPPY SOCKS - Laste libisemisvastased sokid, Star - RUUBY\",\"isPartOf\":{\"@id\":\"https:\\\/\\\/ruuby.ee\\\/en\\\/#website\"},\"primaryImageOfPage\":{\"@id\":\"https:\\\/\\\/ruuby.ee\\\/pood\\\/aksessuaarid\\\/sokid\\\/happy-socks-laste-libisemisvastased-sokid-star\\\/#primaryimage\"},\"image\":{\"@id\":\"https:\\\/\\\/ruuby.ee\\\/pood\\\/aksessuaarid\\\/sokid\\\/happy-socks-laste-libisemisvastased-sokid-star\\\/#primaryimage\"},\"thumbnailUrl\":\"https:\\\/\\\/ruuby.ee\\\/wp-content\\\/uploads\\\/2025\\\/07\\\/Screenshot-2025-07-04-at-22.36.51.png\",\"datePublished\":\"2025-07-04T19:03:45+00:00\",\"dateModified\":\"2026-04-06T22:27:08+00:00\",\"breadcrumb\":{\"@id\":\"https:\\\/\\\/ruuby.ee\\\/pood\\\/aksessuaarid\\\/sokid\\\/happy-socks-laste-libisemisvastased-sokid-star\\\/#breadcrumb\"},\"inLanguage\":\"en-GB\",\"potentialAction\":[{\"@type\":\"ReadAction\",\"target\":[\"https:\\\/\\\/ruuby.ee\\\/pood\\\/aksessuaarid\\\/sokid\\\/happy-socks-laste-libisemisvastased-sokid-star\\\/\"]}]},{\"@type\":\"ImageObject\",\"inLanguage\":\"en-GB\",\"@id\":\"https:\\\/\\\/ruuby.ee\\\/pood\\\/aksessuaarid\\\/sokid\\\/happy-socks-laste-libisemisvastased-sokid-star\\\/#primaryimage\",\"url\":\"https:\\\/\\\/ruuby.ee\\\/wp-content\\\/uploads\\\/2025\\\/07\\\/Screenshot-2025-07-04-at-22.36.51.png\",\"contentUrl\":\"https:\\\/\\\/ruuby.ee\\\/wp-content\\\/uploads\\\/2025\\\/07\\\/Screenshot-2025-07-04-at-22.36.51.png\",\"width\":550,\"height\":520},{\"@type\":\"BreadcrumbList\",\"@id\":\"https:\\\/\\\/ruuby.ee\\\/pood\\\/aksessuaarid\\\/sokid\\\/happy-socks-laste-libisemisvastased-sokid-star\\\/#breadcrumb\",\"itemListElement\":[{\"@type\":\"ListItem\",\"position\":1,\"name\":\"Kdu\",\"item\":\"https:\\\/\\\/ruuby.ee\\\/en\\\/\"},{\"@type\":\"ListItem\",\"position\":2,\"name\":\"Pood\",\"item\":\"https:\\\/\\\/ruuby.ee\\\/en\\\/pood\\\/\"},{\"@type\":\"ListItem\",\"position\":3,\"name\":\"HAPPY SOCKS &#8211; Laste libisemisvastased sokid, Star\"}]},{\"@type\":\"WebSite\",\"@id\":\"https:\\\/\\\/ruuby.ee\\\/en\\\/#website\",\"url\":\"https:\\\/\\\/ruuby.ee\\\/en\\\/\",\"name\":\"RUUBY\",\"description\":\"Ruubys on \u00fchendatud elustiil ja disain\",\"publisher\":{\"@id\":\"https:\\\/\\\/ruuby.ee\\\/en\\\/#organization\"},\"alternateName\":\"Ruuby Disain\",\"potentialAction\":[{\"@type\":\"SearchAction\",\"target\":{\"@type\":\"EntryPoint\",\"urlTemplate\":\"https:\\\/\\\/ruuby.ee\\\/en\\\/?s={search_term_string}\"},\"query-input\":{\"@type\":\"PropertyValueSpecification\",\"valueRequired\":true,\"valueName\":\"search_term_string\"}}],\"inLanguage\":\"en-GB\"},{\"@type\":\"Organization\",\"@id\":\"https:\\\/\\\/ruuby.ee\\\/en\\\/#organization\",\"name\":\"Ruuby Disain O\u00dc\",\"alternateName\":\"Ruuby\",\"url\":\"https:\\\/\\\/ruuby.ee\\\/en\\\/\",\"logo\":{\"@type\":\"ImageObject\",\"inLanguage\":\"en-GB\",\"@id\":\"https:\\\/\\\/ruuby.ee\\\/en\\\/#\\\/schema\\\/logo\\\/image\\\/\",\"url\":\"https:\\\/\\\/ruuby.ee\\\/wp-content\\\/uploads\\\/2023\\\/06\\\/cropped-Black-White-Elegant-Circle-Signature-Fashion-Logo-12_large.png\",\"contentUrl\":\"https:\\\/\\\/ruuby.ee\\\/wp-content\\\/uploads\\\/2023\\\/06\\\/cropped-Black-White-Elegant-Circle-Signature-Fashion-Logo-12_large.png\",\"width\":1280,\"height\":747,\"caption\":\"Ruuby Disain O\u00dc\"},\"image\":{\"@id\":\"https:\\\/\\\/ruuby.ee\\\/en\\\/#\\\/schema\\\/logo\\\/image\\\/\"},\"sameAs\":[\"https:\\\/\\\/www.facebook.com\\\/ruubyconcept\",\"https:\\\/\\\/www.instagram.com\\\/ruuby_concept\\\/\"]}]}<\/script>\n<!-- \/ Yoast SEO plugin. -->","yoast_head_json":{"title":"HAPPY SOCKS - Laste libisemisvastased sokid, Star - RUUBY","robots":{"index":"index","follow":"follow","max-snippet":"max-snippet:-1","max-image-preview":"max-image-preview:large","max-video-preview":"max-video-preview:-1"},"canonical":"https:\/\/ruuby.ee\/en\/pood\/aksessuaarid\/sokid\/happy-socks-laste-libisemisvastased-sokid-star\/","og_locale":"en_GB","og_type":"article","og_title":"HAPPY SOCKS - Laste libisemisvastased sokid, Star - RUUBY","og_description":"Aeg k\u00e4ppasid nende v\u00e4rviliste t\u00e4hekestega soojendada. Silmatorkavad v\u00e4rvid ja armsad mustrid \u2013 k\u00f5ik on siin. Need sokid on libisemisvastased, nii et v\u00e4ikestel jalgadel on kogu see k\u00f5ndimisv\u00e4rk lihtsam. Kokkupandav \u00e4\u00e4ris tagab suurep\u00e4rase ja mugava istuvuse. Valmistatud pehmest ja hingavast orgaanilisest puuvillast ning nagu ikka, on kand ja varvas tugevdatud, et v\u00e4ltida aukude teket. Kaasas on [&hellip;]","og_url":"https:\/\/ruuby.ee\/en\/pood\/aksessuaarid\/sokid\/happy-socks-laste-libisemisvastased-sokid-star\/","og_site_name":"RUUBY","article_publisher":"https:\/\/www.facebook.com\/ruubyconcept","article_modified_time":"2026-04-06T22:27:08+00:00","og_image":[{"width":550,"height":520,"url":"https:\/\/ruuby.ee\/wp-content\/uploads\/2025\/07\/Screenshot-2025-07-04-at-22.36.51.png","type":"image\/png"}],"twitter_card":"summary_large_image","twitter_misc":{"Estimated reading time":"1 minute"},"schema":{"@context":"https:\/\/schema.org","@graph":[{"@type":["WebPage","ItemPage"],"@id":"https:\/\/ruuby.ee\/pood\/aksessuaarid\/sokid\/happy-socks-laste-libisemisvastased-sokid-star\/","url":"https:\/\/ruuby.ee\/pood\/aksessuaarid\/sokid\/happy-socks-laste-libisemisvastased-sokid-star\/","name":"HAPPY SOCKS - Laste libisemisvastased sokid, Star - RUUBY","isPartOf":{"@id":"https:\/\/ruuby.ee\/en\/#website"},"primaryImageOfPage":{"@id":"https:\/\/ruuby.ee\/pood\/aksessuaarid\/sokid\/happy-socks-laste-libisemisvastased-sokid-star\/#primaryimage"},"image":{"@id":"https:\/\/ruuby.ee\/pood\/aksessuaarid\/sokid\/happy-socks-laste-libisemisvastased-sokid-star\/#primaryimage"},"thumbnailUrl":"https:\/\/ruuby.ee\/wp-content\/uploads\/2025\/07\/Screenshot-2025-07-04-at-22.36.51.png","datePublished":"2025-07-04T19:03:45+00:00","dateModified":"2026-04-06T22:27:08+00:00","breadcrumb":{"@id":"https:\/\/ruuby.ee\/pood\/aksessuaarid\/sokid\/happy-socks-laste-libisemisvastased-sokid-star\/#breadcrumb"},"inLanguage":"en-GB","potentialAction":[{"@type":"ReadAction","target":["https:\/\/ruuby.ee\/pood\/aksessuaarid\/sokid\/happy-socks-laste-libisemisvastased-sokid-star\/"]}]},{"@type":"ImageObject","inLanguage":"en-GB","@id":"https:\/\/ruuby.ee\/pood\/aksessuaarid\/sokid\/happy-socks-laste-libisemisvastased-sokid-star\/#primaryimage","url":"https:\/\/ruuby.ee\/wp-content\/uploads\/2025\/07\/Screenshot-2025-07-04-at-22.36.51.png","contentUrl":"https:\/\/ruuby.ee\/wp-content\/uploads\/2025\/07\/Screenshot-2025-07-04-at-22.36.51.png","width":550,"height":520},{"@type":"BreadcrumbList","@id":"https:\/\/ruuby.ee\/pood\/aksessuaarid\/sokid\/happy-socks-laste-libisemisvastased-sokid-star\/#breadcrumb","itemListElement":[{"@type":"ListItem","position":1,"name":"Kdu","item":"https:\/\/ruuby.ee\/en\/"},{"@type":"ListItem","position":2,"name":"Pood","item":"https:\/\/ruuby.ee\/en\/pood\/"},{"@type":"ListItem","position":3,"name":"HAPPY SOCKS &#8211; Laste libisemisvastased sokid, Star"}]},{"@type":"WebSite","@id":"https:\/\/ruuby.ee\/en\/#website","url":"https:\/\/ruuby.ee\/en\/","name":"RUUBY","description":"Ruubys on \u00fchendatud elustiil ja disain","publisher":{"@id":"https:\/\/ruuby.ee\/en\/#organization"},"alternateName":"Ruuby Disain","potentialAction":[{"@type":"SearchAction","target":{"@type":"EntryPoint","urlTemplate":"https:\/\/ruuby.ee\/en\/?s={search_term_string}"},"query-input":{"@type":"PropertyValueSpecification","valueRequired":true,"valueName":"search_term_string"}}],"inLanguage":"en-GB"},{"@type":"Organization","@id":"https:\/\/ruuby.ee\/en\/#organization","name":"Ruuby Disain O\u00dc","alternateName":"Ruuby","url":"https:\/\/ruuby.ee\/en\/","logo":{"@type":"ImageObject","inLanguage":"en-GB","@id":"https:\/\/ruuby.ee\/en\/#\/schema\/logo\/image\/","url":"https:\/\/ruuby.ee\/wp-content\/uploads\/2023\/06\/cropped-Black-White-Elegant-Circle-Signature-Fashion-Logo-12_large.png","contentUrl":"https:\/\/ruuby.ee\/wp-content\/uploads\/2023\/06\/cropped-Black-White-Elegant-Circle-Signature-Fashion-Logo-12_large.png","width":1280,"height":747,"caption":"Ruuby Disain O\u00dc"},"image":{"@id":"https:\/\/ruuby.ee\/en\/#\/schema\/logo\/image\/"},"sameAs":["https:\/\/www.facebook.com\/ruubyconcept","https:\/\/www.instagram.com\/ruuby_concept\/"]}]}},"jetpack_sharing_enabled":true,"_links":{"self":[{"href":"https:\/\/ruuby.ee\/en\/wp-json\/wp\/v2\/product\/1854024","targetHints":{"allow":["GET"]}}],"collection":[{"href":"https:\/\/ruuby.ee\/en\/wp-json\/wp\/v2\/product"}],"about":[{"href":"https:\/\/ruuby.ee\/en\/wp-json\/wp\/v2\/types\/product"}],"replies":[{"embeddable":true,"href":"https:\/\/ruuby.ee\/en\/wp-json\/wp\/v2\/comments?post=1854024"}],"wp:featuredmedia":[{"embeddable":true,"href":"https:\/\/ruuby.ee\/en\/wp-json\/wp\/v2\/media\/1854051"}],"wp:attachment":[{"href":"https:\/\/ruuby.ee\/en\/wp-json\/wp\/v2\/media?parent=1854024"}],"wp:term":[{"taxonomy":"product_brand","embeddable":true,"href":"https:\/\/ruuby.ee\/en\/wp-json\/wp\/v2\/product_brand?post=1854024"},{"taxonomy":"product_cat","embeddable":true,"href":"https:\/\/ruuby.ee\/en\/wp-json\/wp\/v2\/product_cat?post=1854024"},{"taxonomy":"product_tag","embeddable":true,"href":"https:\/\/ruuby.ee\/en\/wp-json\/wp\/v2\/product_tag?post=1854024"}],"curies":[{"name":"wp","href":"https:\/\/api.w.org\/{rel}","templated":true}]}}