{"id":1854001,"date":"2025-07-04T17:41:52","date_gmt":"2025-07-04T14:41:52","guid":{"rendered":"https:\/\/ruuby.ee\/?post_type=product&#038;p=1854001"},"modified":"2026-04-08T01:28:24","modified_gmt":"2026-04-07T22:28:24","slug":"bonobo-sidruni-deodorant-kreem","status":"publish","type":"product","link":"https:\/\/ruuby.ee\/en\/pood\/kosmeetika\/deodorandid\/bonobo-sidruni-deodorant-kreem\/","title":{"rendered":"Bonobo &#8211; Sidruni deodorant-kreem"},"content":{"rendered":"<p><strong>Antimikroobne v\u00e4rske sidruni aroomiga deodorant-kreem on t\u00e4iesti looduslik ning hoolitseb Sinu naha eest \u00f5rnalt kogu p\u00e4eva!<\/strong><\/p>\n<p>Sobib igap\u00e4evaseks kasutamiseks neutraliseerides higil\u00f5hna ilma poore ummistamata.<\/p>\n<p><strong>KASUTA:<\/strong> Libista \u00f5rnalt s\u00f5rmedega \u00fcle pasta ning h\u00f5\u00f5ru v\u00e4ike kogus kergelt niisketesse kaenlaalustesse. Lase 5 minutit imenduda enne riietumist. V\u00e4ga v\u00e4ikesest kogusest piisab \u2013 kui tunne on rasvane, oled kasutanud liiga palju.<\/p>\n<p><em><strong>NB! V\u00f5ib p\u00f5hjustada \u00e4rritust, kui kasutada kohe peale raseerimist.<\/strong><\/em><\/p>\n<p>Ainult v\u00e4lispidiseks kasutamiseks. Hoida lastele k\u00e4ttesaamatus kohas.<\/p>\n<p>S\u00e4ilita kuivas ja jahedas, eemal kuumaallikatest ja otsesest p\u00e4ikesevalgusest.<\/p>\n<p>S\u00e4ilib 6 kuud peale avamist.<\/p>\n<p>Hoia otsese p\u00e4ikesevalguse eest kaitstult.<\/p>","protected":false},"excerpt":{"rendered":"<p>Antimikroobne v\u00e4rske sidruni aroomiga deodorant-kreem on t\u00e4iesti looduslik ning hoolitseb Sinu naha eest \u00f5rnalt kogu p\u00e4eva! Sobib igap\u00e4evaseks kasutamiseks neutraliseerides higil\u00f5hna ilma poore ummistamata. KASUTA: Libista \u00f5rnalt s\u00f5rmedega \u00fcle pasta ning h\u00f5\u00f5ru v\u00e4ike kogus kergelt niisketesse kaenlaalustesse. Lase 5 minutit imenduda enne riietumist. V\u00e4ga v\u00e4ikesest kogusest piisab \u2013 kui tunne on rasvane, oled kasutanud liiga [&hellip;]<\/p>\n","protected":false},"featured_media":1853990,"comment_status":"open","ping_status":"closed","template":"","meta":[],"product_brand":[],"product_cat":[686,25],"product_tag":[531,106],"class_list":{"0":"post-1854001","1":"product","2":"type-product","3":"status-publish","4":"has-post-thumbnail","6":"product_cat-deodorandid","7":"product_cat-kosmeetika","8":"product_tag-bonobo","9":"product_tag-kreemdeodorant","11":"first","12":"instock","13":"taxable","14":"shipping-taxable","15":"purchasable","16":"product-type-variable","17":"rtwpvs-product"},"yoast_head":"<!-- This site is optimized with the Yoast SEO plugin v27.3 - https:\/\/yoast.com\/product\/yoast-seo-wordpress\/ -->\n<title>Bonobo - Sidruni deodorant-kreem - RUUBY<\/title>\n<meta name=\"robots\" content=\"index, follow, max-snippet:-1, max-image-preview:large, max-video-preview:-1\" \/>\n<link rel=\"canonical\" href=\"http:\/\/ruuby.ee\/en\/pood\/kosmeetika\/deodorandid\/bonobo-sidruni-deodorant-kreem\/\" \/>\n<meta property=\"og:locale\" content=\"en_GB\" \/>\n<meta property=\"og:type\" content=\"article\" \/>\n<meta property=\"og:title\" content=\"Bonobo - Sidruni deodorant-kreem - RUUBY\" \/>\n<meta property=\"og:description\" content=\"Antimikroobne v\u00e4rske sidruni aroomiga deodorant-kreem on t\u00e4iesti looduslik ning hoolitseb Sinu naha eest \u00f5rnalt kogu p\u00e4eva! Sobib igap\u00e4evaseks kasutamiseks neutraliseerides higil\u00f5hna ilma poore ummistamata. KASUTA: Libista \u00f5rnalt s\u00f5rmedega \u00fcle pasta ning h\u00f5\u00f5ru v\u00e4ike kogus kergelt niisketesse kaenlaalustesse. Lase 5 minutit imenduda enne riietumist. V\u00e4ga v\u00e4ikesest kogusest piisab \u2013 kui tunne on rasvane, oled kasutanud liiga [&hellip;]\" \/>\n<meta property=\"og:url\" content=\"http:\/\/ruuby.ee\/en\/pood\/kosmeetika\/deodorandid\/bonobo-sidruni-deodorant-kreem\/\" \/>\n<meta property=\"og:site_name\" content=\"RUUBY\" \/>\n<meta property=\"article:publisher\" content=\"https:\/\/www.facebook.com\/ruubyconcept\" \/>\n<meta property=\"article:modified_time\" content=\"2026-04-07T22:28:24+00:00\" \/>\n<meta property=\"og:image\" content=\"http:\/\/ruuby.ee\/wp-content\/uploads\/2025\/07\/Screenshot-2025-07-04-at-17.33.40.png\" \/>\n\t<meta property=\"og:image:width\" content=\"932\" \/>\n\t<meta property=\"og:image:height\" content=\"1184\" \/>\n\t<meta property=\"og:image:type\" content=\"image\/png\" \/>\n<meta name=\"twitter:card\" content=\"summary_large_image\" \/>\n<meta name=\"twitter:label1\" content=\"Estimated reading time\" \/>\n\t<meta name=\"twitter:data1\" content=\"1 minute\" \/>\n<script type=\"application\/ld+json\" class=\"yoast-schema-graph\">{\"@context\":\"https:\\\/\\\/schema.org\",\"@graph\":[{\"@type\":[\"WebPage\",\"ItemPage\"],\"@id\":\"http:\\\/\\\/ruuby.ee\\\/pood\\\/kosmeetika\\\/deodorandid\\\/bonobo-sidruni-deodorant-kreem\\\/\",\"url\":\"http:\\\/\\\/ruuby.ee\\\/pood\\\/kosmeetika\\\/deodorandid\\\/bonobo-sidruni-deodorant-kreem\\\/\",\"name\":\"Bonobo - Sidruni deodorant-kreem - RUUBY\",\"isPartOf\":{\"@id\":\"http:\\\/\\\/ruuby.ee\\\/#website\"},\"primaryImageOfPage\":{\"@id\":\"http:\\\/\\\/ruuby.ee\\\/pood\\\/kosmeetika\\\/deodorandid\\\/bonobo-sidruni-deodorant-kreem\\\/#primaryimage\"},\"image\":{\"@id\":\"http:\\\/\\\/ruuby.ee\\\/pood\\\/kosmeetika\\\/deodorandid\\\/bonobo-sidruni-deodorant-kreem\\\/#primaryimage\"},\"thumbnailUrl\":\"https:\\\/\\\/ruuby.ee\\\/wp-content\\\/uploads\\\/2025\\\/07\\\/Screenshot-2025-07-04-at-17.33.40.png\",\"datePublished\":\"2025-07-04T14:41:52+00:00\",\"dateModified\":\"2026-04-07T22:28:24+00:00\",\"breadcrumb\":{\"@id\":\"http:\\\/\\\/ruuby.ee\\\/pood\\\/kosmeetika\\\/deodorandid\\\/bonobo-sidruni-deodorant-kreem\\\/#breadcrumb\"},\"inLanguage\":\"en-GB\",\"potentialAction\":[{\"@type\":\"ReadAction\",\"target\":[\"http:\\\/\\\/ruuby.ee\\\/pood\\\/kosmeetika\\\/deodorandid\\\/bonobo-sidruni-deodorant-kreem\\\/\"]}]},{\"@type\":\"ImageObject\",\"inLanguage\":\"en-GB\",\"@id\":\"http:\\\/\\\/ruuby.ee\\\/pood\\\/kosmeetika\\\/deodorandid\\\/bonobo-sidruni-deodorant-kreem\\\/#primaryimage\",\"url\":\"https:\\\/\\\/ruuby.ee\\\/wp-content\\\/uploads\\\/2025\\\/07\\\/Screenshot-2025-07-04-at-17.33.40.png\",\"contentUrl\":\"https:\\\/\\\/ruuby.ee\\\/wp-content\\\/uploads\\\/2025\\\/07\\\/Screenshot-2025-07-04-at-17.33.40.png\",\"width\":932,\"height\":1184},{\"@type\":\"BreadcrumbList\",\"@id\":\"http:\\\/\\\/ruuby.ee\\\/pood\\\/kosmeetika\\\/deodorandid\\\/bonobo-sidruni-deodorant-kreem\\\/#breadcrumb\",\"itemListElement\":[{\"@type\":\"ListItem\",\"position\":1,\"name\":\"Kdu\",\"item\":\"http:\\\/\\\/ruuby.ee\\\/\"},{\"@type\":\"ListItem\",\"position\":2,\"name\":\"Pood\",\"item\":\"http:\\\/\\\/ruuby.ee\\\/pood\\\/\"},{\"@type\":\"ListItem\",\"position\":3,\"name\":\"Bonobo &#8211; Sidruni deodorant-kreem\"}]},{\"@type\":\"WebSite\",\"@id\":\"http:\\\/\\\/ruuby.ee\\\/#website\",\"url\":\"http:\\\/\\\/ruuby.ee\\\/\",\"name\":\"RUUBY\",\"description\":\"Ruubys on \u00fchendatud elustiil ja disain\",\"publisher\":{\"@id\":\"http:\\\/\\\/ruuby.ee\\\/#organization\"},\"alternateName\":\"Ruuby Disain\",\"potentialAction\":[{\"@type\":\"SearchAction\",\"target\":{\"@type\":\"EntryPoint\",\"urlTemplate\":\"http:\\\/\\\/ruuby.ee\\\/?s={search_term_string}\"},\"query-input\":{\"@type\":\"PropertyValueSpecification\",\"valueRequired\":true,\"valueName\":\"search_term_string\"}}],\"inLanguage\":\"en-GB\"},{\"@type\":\"Organization\",\"@id\":\"http:\\\/\\\/ruuby.ee\\\/#organization\",\"name\":\"Ruuby Disain O\u00dc\",\"alternateName\":\"Ruuby\",\"url\":\"http:\\\/\\\/ruuby.ee\\\/\",\"logo\":{\"@type\":\"ImageObject\",\"inLanguage\":\"en-GB\",\"@id\":\"http:\\\/\\\/ruuby.ee\\\/#\\\/schema\\\/logo\\\/image\\\/\",\"url\":\"https:\\\/\\\/ruuby.ee\\\/wp-content\\\/uploads\\\/2023\\\/06\\\/cropped-Black-White-Elegant-Circle-Signature-Fashion-Logo-12_large.png\",\"contentUrl\":\"https:\\\/\\\/ruuby.ee\\\/wp-content\\\/uploads\\\/2023\\\/06\\\/cropped-Black-White-Elegant-Circle-Signature-Fashion-Logo-12_large.png\",\"width\":1280,\"height\":747,\"caption\":\"Ruuby Disain O\u00dc\"},\"image\":{\"@id\":\"http:\\\/\\\/ruuby.ee\\\/#\\\/schema\\\/logo\\\/image\\\/\"},\"sameAs\":[\"https:\\\/\\\/www.facebook.com\\\/ruubyconcept\",\"https:\\\/\\\/www.instagram.com\\\/ruuby_concept\\\/\"]}]}<\/script>\n<!-- \/ Yoast SEO plugin. -->","yoast_head_json":{"title":"Bonobo - Sidruni deodorant-kreem - RUUBY","robots":{"index":"index","follow":"follow","max-snippet":"max-snippet:-1","max-image-preview":"max-image-preview:large","max-video-preview":"max-video-preview:-1"},"canonical":"http:\/\/ruuby.ee\/en\/pood\/kosmeetika\/deodorandid\/bonobo-sidruni-deodorant-kreem\/","og_locale":"en_GB","og_type":"article","og_title":"Bonobo - Sidruni deodorant-kreem - RUUBY","og_description":"Antimikroobne v\u00e4rske sidruni aroomiga deodorant-kreem on t\u00e4iesti looduslik ning hoolitseb Sinu naha eest \u00f5rnalt kogu p\u00e4eva! Sobib igap\u00e4evaseks kasutamiseks neutraliseerides higil\u00f5hna ilma poore ummistamata. KASUTA: Libista \u00f5rnalt s\u00f5rmedega \u00fcle pasta ning h\u00f5\u00f5ru v\u00e4ike kogus kergelt niisketesse kaenlaalustesse. Lase 5 minutit imenduda enne riietumist. V\u00e4ga v\u00e4ikesest kogusest piisab \u2013 kui tunne on rasvane, oled kasutanud liiga [&hellip;]","og_url":"http:\/\/ruuby.ee\/en\/pood\/kosmeetika\/deodorandid\/bonobo-sidruni-deodorant-kreem\/","og_site_name":"RUUBY","article_publisher":"https:\/\/www.facebook.com\/ruubyconcept","article_modified_time":"2026-04-07T22:28:24+00:00","og_image":[{"width":932,"height":1184,"url":"http:\/\/ruuby.ee\/wp-content\/uploads\/2025\/07\/Screenshot-2025-07-04-at-17.33.40.png","type":"image\/png"}],"twitter_card":"summary_large_image","twitter_misc":{"Estimated reading time":"1 minute"},"schema":{"@context":"https:\/\/schema.org","@graph":[{"@type":["WebPage","ItemPage"],"@id":"http:\/\/ruuby.ee\/pood\/kosmeetika\/deodorandid\/bonobo-sidruni-deodorant-kreem\/","url":"http:\/\/ruuby.ee\/pood\/kosmeetika\/deodorandid\/bonobo-sidruni-deodorant-kreem\/","name":"Bonobo - Sidruni deodorant-kreem - RUUBY","isPartOf":{"@id":"http:\/\/ruuby.ee\/#website"},"primaryImageOfPage":{"@id":"http:\/\/ruuby.ee\/pood\/kosmeetika\/deodorandid\/bonobo-sidruni-deodorant-kreem\/#primaryimage"},"image":{"@id":"http:\/\/ruuby.ee\/pood\/kosmeetika\/deodorandid\/bonobo-sidruni-deodorant-kreem\/#primaryimage"},"thumbnailUrl":"https:\/\/ruuby.ee\/wp-content\/uploads\/2025\/07\/Screenshot-2025-07-04-at-17.33.40.png","datePublished":"2025-07-04T14:41:52+00:00","dateModified":"2026-04-07T22:28:24+00:00","breadcrumb":{"@id":"http:\/\/ruuby.ee\/pood\/kosmeetika\/deodorandid\/bonobo-sidruni-deodorant-kreem\/#breadcrumb"},"inLanguage":"en-GB","potentialAction":[{"@type":"ReadAction","target":["http:\/\/ruuby.ee\/pood\/kosmeetika\/deodorandid\/bonobo-sidruni-deodorant-kreem\/"]}]},{"@type":"ImageObject","inLanguage":"en-GB","@id":"http:\/\/ruuby.ee\/pood\/kosmeetika\/deodorandid\/bonobo-sidruni-deodorant-kreem\/#primaryimage","url":"https:\/\/ruuby.ee\/wp-content\/uploads\/2025\/07\/Screenshot-2025-07-04-at-17.33.40.png","contentUrl":"https:\/\/ruuby.ee\/wp-content\/uploads\/2025\/07\/Screenshot-2025-07-04-at-17.33.40.png","width":932,"height":1184},{"@type":"BreadcrumbList","@id":"http:\/\/ruuby.ee\/pood\/kosmeetika\/deodorandid\/bonobo-sidruni-deodorant-kreem\/#breadcrumb","itemListElement":[{"@type":"ListItem","position":1,"name":"Kdu","item":"http:\/\/ruuby.ee\/"},{"@type":"ListItem","position":2,"name":"Pood","item":"http:\/\/ruuby.ee\/pood\/"},{"@type":"ListItem","position":3,"name":"Bonobo &#8211; Sidruni deodorant-kreem"}]},{"@type":"WebSite","@id":"http:\/\/ruuby.ee\/#website","url":"http:\/\/ruuby.ee\/","name":"RUUBY","description":"Ruubys on \u00fchendatud elustiil ja disain","publisher":{"@id":"http:\/\/ruuby.ee\/#organization"},"alternateName":"Ruuby Disain","potentialAction":[{"@type":"SearchAction","target":{"@type":"EntryPoint","urlTemplate":"http:\/\/ruuby.ee\/?s={search_term_string}"},"query-input":{"@type":"PropertyValueSpecification","valueRequired":true,"valueName":"search_term_string"}}],"inLanguage":"en-GB"},{"@type":"Organization","@id":"http:\/\/ruuby.ee\/#organization","name":"Ruuby Disain O\u00dc","alternateName":"Ruuby","url":"http:\/\/ruuby.ee\/","logo":{"@type":"ImageObject","inLanguage":"en-GB","@id":"http:\/\/ruuby.ee\/#\/schema\/logo\/image\/","url":"https:\/\/ruuby.ee\/wp-content\/uploads\/2023\/06\/cropped-Black-White-Elegant-Circle-Signature-Fashion-Logo-12_large.png","contentUrl":"https:\/\/ruuby.ee\/wp-content\/uploads\/2023\/06\/cropped-Black-White-Elegant-Circle-Signature-Fashion-Logo-12_large.png","width":1280,"height":747,"caption":"Ruuby Disain O\u00dc"},"image":{"@id":"http:\/\/ruuby.ee\/#\/schema\/logo\/image\/"},"sameAs":["https:\/\/www.facebook.com\/ruubyconcept","https:\/\/www.instagram.com\/ruuby_concept\/"]}]}},"jetpack_sharing_enabled":true,"_links":{"self":[{"href":"https:\/\/ruuby.ee\/en\/wp-json\/wp\/v2\/product\/1854001","targetHints":{"allow":["GET"]}}],"collection":[{"href":"https:\/\/ruuby.ee\/en\/wp-json\/wp\/v2\/product"}],"about":[{"href":"https:\/\/ruuby.ee\/en\/wp-json\/wp\/v2\/types\/product"}],"replies":[{"embeddable":true,"href":"https:\/\/ruuby.ee\/en\/wp-json\/wp\/v2\/comments?post=1854001"}],"wp:featuredmedia":[{"embeddable":true,"href":"https:\/\/ruuby.ee\/en\/wp-json\/wp\/v2\/media\/1853990"}],"wp:attachment":[{"href":"https:\/\/ruuby.ee\/en\/wp-json\/wp\/v2\/media?parent=1854001"}],"wp:term":[{"taxonomy":"product_brand","embeddable":true,"href":"https:\/\/ruuby.ee\/en\/wp-json\/wp\/v2\/product_brand?post=1854001"},{"taxonomy":"product_cat","embeddable":true,"href":"https:\/\/ruuby.ee\/en\/wp-json\/wp\/v2\/product_cat?post=1854001"},{"taxonomy":"product_tag","embeddable":true,"href":"https:\/\/ruuby.ee\/en\/wp-json\/wp\/v2\/product_tag?post=1854001"}],"curies":[{"name":"wp","href":"https:\/\/api.w.org\/{rel}","templated":true}]}}