{"id":1853979,"date":"2025-07-04T17:26:12","date_gmt":"2025-07-04T14:26:12","guid":{"rendered":"https:\/\/ruuby.ee\/pood\/maaratlemata\/bonobo-kehakreem-astelpaju-saialille-rahustab-niisutab-60ml\/"},"modified":"2026-04-08T01:28:24","modified_gmt":"2026-04-07T22:28:24","slug":"bonobo-kehakreem-astelpaju-saialille-rahustab-niisutab-60ml","status":"publish","type":"product","link":"https:\/\/ruuby.ee\/en\/pood\/kosmeetika\/kehahooldus\/bonobo-kehakreem-astelpaju-saialille-rahustab-niisutab-60ml\/","title":{"rendered":"Bonobo &#8211; Kehakreem, Astelpaju &amp; Saialille, rahustab &amp; niisutab, 60ml"},"content":{"rendered":"<p><strong>Pehmendab &amp; niisutab.<\/strong><\/p>\n<p>Heleoran\u017eikat tooni ja lummavalt tummise l\u00f5hnaga astelpaju ja saialille kehakreem pehmendab ja niisutab Su nahka. <strong>Astelpajumarjad<\/strong> on \u00fcks t\u00e4iuslikumaid taimsete vitamiinide allikaid. Selle marju, varsi, juuri ja lehti on kasutatud juba aastatuhandeid. V\u00e4lispidiselt kasutatuna aitab astelpaju korrastada naha ainevahetust ning kiirendada haavade paranemispotsessi. <strong>Saialill<\/strong> on nagu v\u00e4ike p\u00e4ike, mis toob s\u00e4ra Su p\u00e4evadesse. Lisaks on ta p\u00f5letikuvastane ja antibakteriaalse toimega.<\/p>\n<p><strong>Shea-v\u00f5i<\/strong> toetab naharakkude uuenemist, m\u00f5judes nahale noorendavalt ja kortse v\u00e4hendavalt.<\/p>\n<p><strong>Kookos\u00f5li<\/strong> kaitseb nahka ultraviolettkiirguse eest, niisutab, omab p\u00f5letikuvastast toimet, leevendab ekseemi, psoriaasi, dermatiiti.<\/p>\n<p><strong>Nisuidu\u00f5li<\/strong> sisaldab rohkelt E-vitamiini, mis soodustab uute naharakkude teket, h\u00f5lbustab naharakkude varustamist hapnikuga ning parandab naha verevarustust.<\/p>\n<p><strong>Magusa mandli \u00f5li<\/strong>\u00a0toidab, rahustab ja silub nahka ning on rikas E-vitamiini, kaltsiumi ja magneesiumi poolest.<\/p>\n<p><strong>Astelpaju \u00f5li<\/strong> on t\u00f5sine vitamiinipomm Su nahale ning aitab paranda naha toonust.<\/p>\n<p><strong>Saialill<\/strong> pehmendab nahka ja leevendab \u00e4rritust.<\/p>\n<p><strong>Koostis:<\/strong> Shea-v\u00f5i, magusa mandli \u00f5li, astelpaju \u00f5li, allikavesi, kookos\u00f5li, kakaov\u00f5i, mangov\u00f5i, nisuidu\u00f5li, rooma kummeli eeterlik \u00f5li, saialille ekstrakt ja ecosafe s\u00e4ilitusaine.<\/p>\n<p>&nbsp;<\/p>\n<p>S\u00e4ilib 6 kuud peale avamist.<\/p>\n<p>Hoia otsese p\u00e4ikesevalguse eest kaitstult.<\/p>","protected":false},"excerpt":{"rendered":"<p>Pehmendab &amp; niisutab. Heleoran\u017eikat tooni ja lummavalt tummise l\u00f5hnaga astelpaju ja saialille kehakreem pehmendab ja niisutab Su nahka. Astelpajumarjad on \u00fcks t\u00e4iuslikumaid taimsete vitamiinide allikaid. Selle marju, varsi, juuri ja lehti on kasutatud juba aastatuhandeid. V\u00e4lispidiselt kasutatuna aitab astelpaju korrastada naha ainevahetust ning kiirendada haavade paranemispotsessi. Saialill on nagu v\u00e4ike p\u00e4ike, mis toob s\u00e4ra Su [&hellip;]<\/p>\n","protected":false},"featured_media":1853986,"comment_status":"open","ping_status":"closed","template":"","meta":[],"product_brand":[],"product_cat":[690,25],"product_tag":[531,138],"class_list":{"0":"post-1853979","1":"product","2":"type-product","3":"status-publish","4":"has-post-thumbnail","6":"product_cat-kehahooldus","7":"product_cat-kosmeetika","8":"product_tag-bonobo","9":"product_tag-kehahooldus","11":"first","12":"instock","13":"taxable","14":"shipping-taxable","15":"purchasable","16":"product-type-simple"},"yoast_head":"<!-- This site is optimized with the Yoast SEO plugin v27.3 - https:\/\/yoast.com\/product\/yoast-seo-wordpress\/ -->\n<title>Bonobo - Kehakreem, Astelpaju &amp; Saialille, rahustab &amp; niisutab, 60ml - RUUBY<\/title>\n<meta name=\"robots\" content=\"index, follow, max-snippet:-1, max-image-preview:large, max-video-preview:-1\" \/>\n<link rel=\"canonical\" href=\"http:\/\/ruuby.ee\/en\/pood\/kosmeetika\/kehahooldus\/bonobo-kehakreem-astelpaju-saialille-rahustab-niisutab-60ml\/\" \/>\n<meta property=\"og:locale\" content=\"en_GB\" \/>\n<meta property=\"og:type\" content=\"article\" \/>\n<meta property=\"og:title\" content=\"Bonobo - Kehakreem, Astelpaju &amp; Saialille, rahustab &amp; niisutab, 60ml - RUUBY\" \/>\n<meta property=\"og:description\" content=\"Pehmendab &amp; niisutab. Heleoran\u017eikat tooni ja lummavalt tummise l\u00f5hnaga astelpaju ja saialille kehakreem pehmendab ja niisutab Su nahka. Astelpajumarjad on \u00fcks t\u00e4iuslikumaid taimsete vitamiinide allikaid. Selle marju, varsi, juuri ja lehti on kasutatud juba aastatuhandeid. V\u00e4lispidiselt kasutatuna aitab astelpaju korrastada naha ainevahetust ning kiirendada haavade paranemispotsessi. Saialill on nagu v\u00e4ike p\u00e4ike, mis toob s\u00e4ra Su [&hellip;]\" \/>\n<meta property=\"og:url\" content=\"http:\/\/ruuby.ee\/en\/pood\/kosmeetika\/kehahooldus\/bonobo-kehakreem-astelpaju-saialille-rahustab-niisutab-60ml\/\" \/>\n<meta property=\"og:site_name\" content=\"RUUBY\" \/>\n<meta property=\"article:publisher\" content=\"https:\/\/www.facebook.com\/ruubyconcept\" \/>\n<meta property=\"article:modified_time\" content=\"2026-04-07T22:28:24+00:00\" \/>\n<meta property=\"og:image\" content=\"http:\/\/ruuby.ee\/wp-content\/uploads\/2025\/07\/Screenshot-2025-07-04-at-17.23.30-1.png\" \/>\n\t<meta property=\"og:image:width\" content=\"1184\" \/>\n\t<meta property=\"og:image:height\" content=\"1178\" \/>\n\t<meta property=\"og:image:type\" content=\"image\/png\" \/>\n<meta name=\"twitter:card\" content=\"summary_large_image\" \/>\n<meta name=\"twitter:label1\" content=\"Estimated reading time\" \/>\n\t<meta name=\"twitter:data1\" content=\"2 minutes\" \/>\n<script type=\"application\/ld+json\" class=\"yoast-schema-graph\">{\"@context\":\"https:\\\/\\\/schema.org\",\"@graph\":[{\"@type\":[\"WebPage\",\"ItemPage\"],\"@id\":\"http:\\\/\\\/ruuby.ee\\\/en\\\/pood\\\/kosmeetika\\\/kehahooldus\\\/bonobo-kehakreem-astelpaju-saialille-rahustab-niisutab-60ml\\\/\",\"url\":\"http:\\\/\\\/ruuby.ee\\\/en\\\/pood\\\/kosmeetika\\\/kehahooldus\\\/bonobo-kehakreem-astelpaju-saialille-rahustab-niisutab-60ml\\\/\",\"name\":\"Bonobo - Kehakreem, Astelpaju &amp; Saialille, rahustab &amp; niisutab, 60ml - RUUBY\",\"isPartOf\":{\"@id\":\"https:\\\/\\\/ruuby.ee\\\/#website\"},\"primaryImageOfPage\":{\"@id\":\"http:\\\/\\\/ruuby.ee\\\/en\\\/pood\\\/kosmeetika\\\/kehahooldus\\\/bonobo-kehakreem-astelpaju-saialille-rahustab-niisutab-60ml\\\/#primaryimage\"},\"image\":{\"@id\":\"http:\\\/\\\/ruuby.ee\\\/en\\\/pood\\\/kosmeetika\\\/kehahooldus\\\/bonobo-kehakreem-astelpaju-saialille-rahustab-niisutab-60ml\\\/#primaryimage\"},\"thumbnailUrl\":\"https:\\\/\\\/ruuby.ee\\\/wp-content\\\/uploads\\\/2025\\\/07\\\/Screenshot-2025-07-04-at-17.23.30-1.png\",\"datePublished\":\"2025-07-04T14:26:12+00:00\",\"dateModified\":\"2026-04-07T22:28:24+00:00\",\"breadcrumb\":{\"@id\":\"http:\\\/\\\/ruuby.ee\\\/en\\\/pood\\\/kosmeetika\\\/kehahooldus\\\/bonobo-kehakreem-astelpaju-saialille-rahustab-niisutab-60ml\\\/#breadcrumb\"},\"inLanguage\":\"en-GB\",\"potentialAction\":[{\"@type\":\"ReadAction\",\"target\":[\"http:\\\/\\\/ruuby.ee\\\/en\\\/pood\\\/kosmeetika\\\/kehahooldus\\\/bonobo-kehakreem-astelpaju-saialille-rahustab-niisutab-60ml\\\/\"]}]},{\"@type\":\"ImageObject\",\"inLanguage\":\"en-GB\",\"@id\":\"http:\\\/\\\/ruuby.ee\\\/en\\\/pood\\\/kosmeetika\\\/kehahooldus\\\/bonobo-kehakreem-astelpaju-saialille-rahustab-niisutab-60ml\\\/#primaryimage\",\"url\":\"https:\\\/\\\/ruuby.ee\\\/wp-content\\\/uploads\\\/2025\\\/07\\\/Screenshot-2025-07-04-at-17.23.30-1.png\",\"contentUrl\":\"https:\\\/\\\/ruuby.ee\\\/wp-content\\\/uploads\\\/2025\\\/07\\\/Screenshot-2025-07-04-at-17.23.30-1.png\",\"width\":1184,\"height\":1178},{\"@type\":\"BreadcrumbList\",\"@id\":\"http:\\\/\\\/ruuby.ee\\\/en\\\/pood\\\/kosmeetika\\\/kehahooldus\\\/bonobo-kehakreem-astelpaju-saialille-rahustab-niisutab-60ml\\\/#breadcrumb\",\"itemListElement\":[{\"@type\":\"ListItem\",\"position\":1,\"name\":\"Kdu\",\"item\":\"https:\\\/\\\/ruuby.ee\\\/\"},{\"@type\":\"ListItem\",\"position\":2,\"name\":\"Pood\",\"item\":\"https:\\\/\\\/ruuby.ee\\\/pood\\\/\"},{\"@type\":\"ListItem\",\"position\":3,\"name\":\"Bonobo &#8211; Kehakreem, Astelpaju &amp; Saialille, rahustab &amp; niisutab, 60ml\"}]},{\"@type\":\"WebSite\",\"@id\":\"https:\\\/\\\/ruuby.ee\\\/#website\",\"url\":\"https:\\\/\\\/ruuby.ee\\\/\",\"name\":\"RUUBY\",\"description\":\"Ruubys on \u00fchendatud elustiil ja disain\",\"publisher\":{\"@id\":\"https:\\\/\\\/ruuby.ee\\\/#organization\"},\"alternateName\":\"Ruuby Disain\",\"potentialAction\":[{\"@type\":\"SearchAction\",\"target\":{\"@type\":\"EntryPoint\",\"urlTemplate\":\"https:\\\/\\\/ruuby.ee\\\/?s={search_term_string}\"},\"query-input\":{\"@type\":\"PropertyValueSpecification\",\"valueRequired\":true,\"valueName\":\"search_term_string\"}}],\"inLanguage\":\"en-GB\"},{\"@type\":\"Organization\",\"@id\":\"https:\\\/\\\/ruuby.ee\\\/#organization\",\"name\":\"Ruuby Disain O\u00dc\",\"alternateName\":\"Ruuby\",\"url\":\"https:\\\/\\\/ruuby.ee\\\/\",\"logo\":{\"@type\":\"ImageObject\",\"inLanguage\":\"en-GB\",\"@id\":\"https:\\\/\\\/ruuby.ee\\\/#\\\/schema\\\/logo\\\/image\\\/\",\"url\":\"https:\\\/\\\/ruuby.ee\\\/wp-content\\\/uploads\\\/2023\\\/06\\\/cropped-Black-White-Elegant-Circle-Signature-Fashion-Logo-12_large.png\",\"contentUrl\":\"https:\\\/\\\/ruuby.ee\\\/wp-content\\\/uploads\\\/2023\\\/06\\\/cropped-Black-White-Elegant-Circle-Signature-Fashion-Logo-12_large.png\",\"width\":1280,\"height\":747,\"caption\":\"Ruuby Disain O\u00dc\"},\"image\":{\"@id\":\"https:\\\/\\\/ruuby.ee\\\/#\\\/schema\\\/logo\\\/image\\\/\"},\"sameAs\":[\"https:\\\/\\\/www.facebook.com\\\/ruubyconcept\",\"https:\\\/\\\/www.instagram.com\\\/ruuby_concept\\\/\"]}]}<\/script>\n<!-- \/ Yoast SEO plugin. -->","yoast_head_json":{"title":"Bonobo - Kehakreem, Astelpaju &amp; Saialille, rahustab &amp; niisutab, 60ml - RUUBY","robots":{"index":"index","follow":"follow","max-snippet":"max-snippet:-1","max-image-preview":"max-image-preview:large","max-video-preview":"max-video-preview:-1"},"canonical":"http:\/\/ruuby.ee\/en\/pood\/kosmeetika\/kehahooldus\/bonobo-kehakreem-astelpaju-saialille-rahustab-niisutab-60ml\/","og_locale":"en_GB","og_type":"article","og_title":"Bonobo - Kehakreem, Astelpaju &amp; Saialille, rahustab &amp; niisutab, 60ml - RUUBY","og_description":"Pehmendab &amp; niisutab. Heleoran\u017eikat tooni ja lummavalt tummise l\u00f5hnaga astelpaju ja saialille kehakreem pehmendab ja niisutab Su nahka. Astelpajumarjad on \u00fcks t\u00e4iuslikumaid taimsete vitamiinide allikaid. Selle marju, varsi, juuri ja lehti on kasutatud juba aastatuhandeid. V\u00e4lispidiselt kasutatuna aitab astelpaju korrastada naha ainevahetust ning kiirendada haavade paranemispotsessi. Saialill on nagu v\u00e4ike p\u00e4ike, mis toob s\u00e4ra Su [&hellip;]","og_url":"http:\/\/ruuby.ee\/en\/pood\/kosmeetika\/kehahooldus\/bonobo-kehakreem-astelpaju-saialille-rahustab-niisutab-60ml\/","og_site_name":"RUUBY","article_publisher":"https:\/\/www.facebook.com\/ruubyconcept","article_modified_time":"2026-04-07T22:28:24+00:00","og_image":[{"width":1184,"height":1178,"url":"http:\/\/ruuby.ee\/wp-content\/uploads\/2025\/07\/Screenshot-2025-07-04-at-17.23.30-1.png","type":"image\/png"}],"twitter_card":"summary_large_image","twitter_misc":{"Estimated reading time":"2 minutes"},"schema":{"@context":"https:\/\/schema.org","@graph":[{"@type":["WebPage","ItemPage"],"@id":"http:\/\/ruuby.ee\/en\/pood\/kosmeetika\/kehahooldus\/bonobo-kehakreem-astelpaju-saialille-rahustab-niisutab-60ml\/","url":"http:\/\/ruuby.ee\/en\/pood\/kosmeetika\/kehahooldus\/bonobo-kehakreem-astelpaju-saialille-rahustab-niisutab-60ml\/","name":"Bonobo - Kehakreem, Astelpaju &amp; Saialille, rahustab &amp; niisutab, 60ml - RUUBY","isPartOf":{"@id":"https:\/\/ruuby.ee\/#website"},"primaryImageOfPage":{"@id":"http:\/\/ruuby.ee\/en\/pood\/kosmeetika\/kehahooldus\/bonobo-kehakreem-astelpaju-saialille-rahustab-niisutab-60ml\/#primaryimage"},"image":{"@id":"http:\/\/ruuby.ee\/en\/pood\/kosmeetika\/kehahooldus\/bonobo-kehakreem-astelpaju-saialille-rahustab-niisutab-60ml\/#primaryimage"},"thumbnailUrl":"https:\/\/ruuby.ee\/wp-content\/uploads\/2025\/07\/Screenshot-2025-07-04-at-17.23.30-1.png","datePublished":"2025-07-04T14:26:12+00:00","dateModified":"2026-04-07T22:28:24+00:00","breadcrumb":{"@id":"http:\/\/ruuby.ee\/en\/pood\/kosmeetika\/kehahooldus\/bonobo-kehakreem-astelpaju-saialille-rahustab-niisutab-60ml\/#breadcrumb"},"inLanguage":"en-GB","potentialAction":[{"@type":"ReadAction","target":["http:\/\/ruuby.ee\/en\/pood\/kosmeetika\/kehahooldus\/bonobo-kehakreem-astelpaju-saialille-rahustab-niisutab-60ml\/"]}]},{"@type":"ImageObject","inLanguage":"en-GB","@id":"http:\/\/ruuby.ee\/en\/pood\/kosmeetika\/kehahooldus\/bonobo-kehakreem-astelpaju-saialille-rahustab-niisutab-60ml\/#primaryimage","url":"https:\/\/ruuby.ee\/wp-content\/uploads\/2025\/07\/Screenshot-2025-07-04-at-17.23.30-1.png","contentUrl":"https:\/\/ruuby.ee\/wp-content\/uploads\/2025\/07\/Screenshot-2025-07-04-at-17.23.30-1.png","width":1184,"height":1178},{"@type":"BreadcrumbList","@id":"http:\/\/ruuby.ee\/en\/pood\/kosmeetika\/kehahooldus\/bonobo-kehakreem-astelpaju-saialille-rahustab-niisutab-60ml\/#breadcrumb","itemListElement":[{"@type":"ListItem","position":1,"name":"Kdu","item":"https:\/\/ruuby.ee\/"},{"@type":"ListItem","position":2,"name":"Pood","item":"https:\/\/ruuby.ee\/pood\/"},{"@type":"ListItem","position":3,"name":"Bonobo &#8211; Kehakreem, Astelpaju &amp; Saialille, rahustab &amp; niisutab, 60ml"}]},{"@type":"WebSite","@id":"https:\/\/ruuby.ee\/#website","url":"https:\/\/ruuby.ee\/","name":"RUUBY","description":"Ruubys on \u00fchendatud elustiil ja disain","publisher":{"@id":"https:\/\/ruuby.ee\/#organization"},"alternateName":"Ruuby Disain","potentialAction":[{"@type":"SearchAction","target":{"@type":"EntryPoint","urlTemplate":"https:\/\/ruuby.ee\/?s={search_term_string}"},"query-input":{"@type":"PropertyValueSpecification","valueRequired":true,"valueName":"search_term_string"}}],"inLanguage":"en-GB"},{"@type":"Organization","@id":"https:\/\/ruuby.ee\/#organization","name":"Ruuby Disain O\u00dc","alternateName":"Ruuby","url":"https:\/\/ruuby.ee\/","logo":{"@type":"ImageObject","inLanguage":"en-GB","@id":"https:\/\/ruuby.ee\/#\/schema\/logo\/image\/","url":"https:\/\/ruuby.ee\/wp-content\/uploads\/2023\/06\/cropped-Black-White-Elegant-Circle-Signature-Fashion-Logo-12_large.png","contentUrl":"https:\/\/ruuby.ee\/wp-content\/uploads\/2023\/06\/cropped-Black-White-Elegant-Circle-Signature-Fashion-Logo-12_large.png","width":1280,"height":747,"caption":"Ruuby Disain O\u00dc"},"image":{"@id":"https:\/\/ruuby.ee\/#\/schema\/logo\/image\/"},"sameAs":["https:\/\/www.facebook.com\/ruubyconcept","https:\/\/www.instagram.com\/ruuby_concept\/"]}]}},"jetpack_sharing_enabled":true,"_links":{"self":[{"href":"https:\/\/ruuby.ee\/en\/wp-json\/wp\/v2\/product\/1853979","targetHints":{"allow":["GET"]}}],"collection":[{"href":"https:\/\/ruuby.ee\/en\/wp-json\/wp\/v2\/product"}],"about":[{"href":"https:\/\/ruuby.ee\/en\/wp-json\/wp\/v2\/types\/product"}],"replies":[{"embeddable":true,"href":"https:\/\/ruuby.ee\/en\/wp-json\/wp\/v2\/comments?post=1853979"}],"wp:featuredmedia":[{"embeddable":true,"href":"https:\/\/ruuby.ee\/en\/wp-json\/wp\/v2\/media\/1853986"}],"wp:attachment":[{"href":"https:\/\/ruuby.ee\/en\/wp-json\/wp\/v2\/media?parent=1853979"}],"wp:term":[{"taxonomy":"product_brand","embeddable":true,"href":"https:\/\/ruuby.ee\/en\/wp-json\/wp\/v2\/product_brand?post=1853979"},{"taxonomy":"product_cat","embeddable":true,"href":"https:\/\/ruuby.ee\/en\/wp-json\/wp\/v2\/product_cat?post=1853979"},{"taxonomy":"product_tag","embeddable":true,"href":"https:\/\/ruuby.ee\/en\/wp-json\/wp\/v2\/product_tag?post=1853979"}],"curies":[{"name":"wp","href":"https:\/\/api.w.org\/{rel}","templated":true}]}}