{"id":1853927,"date":"2025-07-02T09:05:47","date_gmt":"2025-07-02T06:05:47","guid":{"rendered":"https:\/\/ruuby.ee\/pood\/maaratlemata\/dock-bay-juukseratik-crystal-white\/"},"modified":"2026-04-08T01:28:24","modified_gmt":"2026-04-07T22:28:24","slug":"dock-bay-juukseratik-crystal-white","status":"publish","type":"product","link":"https:\/\/ruuby.ee\/en\/pood\/aksessuaarid\/kiirelt-kuivavad-ratikud-ponchod\/juukseratik\/dock-bay-juukseratik-crystal-white\/","title":{"rendered":"Dock &amp; Bay juukser\u00e4tik &#8211; Crystal White"},"content":{"rendered":"<p>Hilja t\u00f6\u00f6le? V\u00f5i veel hullem, peole? \u200b\u200bL\u00f5ika kuivatamine poole v\u00f5rra l\u00fchemaks ja veeda v\u00e4hem aega f\u00f6\u00f6niga, kasutades \u00fcliimavaid juuksek\u00e4\u00e4re. Haara kaasa kiiresti kuivav seemisnahast juukser\u00e4tik, mis on loodud liigse niiskuse eemaldamiseks, j\u00e4\u00e4des samal ajal kergeks ja imeliseks.<\/p>","protected":false},"excerpt":{"rendered":"<p>Hilja t\u00f6\u00f6le? V\u00f5i veel hullem, peole? \u200b\u200bL\u00f5ika kuivatamine poole v\u00f5rra l\u00fchemaks ja veeda v\u00e4hem aega f\u00f6\u00f6niga, kasutades \u00fcliimavaid juuksek\u00e4\u00e4re. Haara kaasa kiiresti kuivav seemisnahast juukser\u00e4tik, mis on loodud liigse niiskuse eemaldamiseks, j\u00e4\u00e4des samal ajal kergeks ja imeliseks.<\/p>","protected":false},"featured_media":1853934,"comment_status":"open","ping_status":"closed","template":"","meta":[],"product_brand":[],"product_cat":[43,1054,999],"product_tag":[1004,1055],"class_list":{"0":"post-1853927","1":"product","2":"type-product","3":"status-publish","4":"has-post-thumbnail","6":"product_cat-aksessuaarid","7":"product_cat-juukseratik","8":"product_cat-kiirelt-kuivavad-ratikud-ponchod","9":"product_tag-dockbay","10":"product_tag-juukseratik","12":"first","13":"outofstock","14":"taxable","15":"shipping-taxable","16":"purchasable","17":"product-type-simple"},"yoast_head":"<!-- This site is optimized with the Yoast SEO plugin v27.3 - https:\/\/yoast.com\/product\/yoast-seo-wordpress\/ -->\n<title>Dock &amp; Bay juukser\u00e4tik - Crystal White - RUUBY<\/title>\n<meta name=\"robots\" content=\"index, follow, max-snippet:-1, max-image-preview:large, max-video-preview:-1\" \/>\n<link rel=\"canonical\" href=\"https:\/\/ruuby.ee\/en\/pood\/aksessuaarid\/kiirelt-kuivavad-ratikud-ponchod\/juukseratik\/dock-bay-juukseratik-crystal-white\/\" \/>\n<meta property=\"og:locale\" content=\"en_GB\" \/>\n<meta property=\"og:type\" content=\"article\" \/>\n<meta property=\"og:title\" content=\"Dock &amp; Bay juukser\u00e4tik - Crystal White - RUUBY\" \/>\n<meta property=\"og:description\" content=\"Hilja t\u00f6\u00f6le? V\u00f5i veel hullem, peole? \u200b\u200bL\u00f5ika kuivatamine poole v\u00f5rra l\u00fchemaks ja veeda v\u00e4hem aega f\u00f6\u00f6niga, kasutades \u00fcliimavaid juuksek\u00e4\u00e4re. Haara kaasa kiiresti kuivav seemisnahast juukser\u00e4tik, mis on loodud liigse niiskuse eemaldamiseks, j\u00e4\u00e4des samal ajal kergeks ja imeliseks.\" \/>\n<meta property=\"og:url\" content=\"https:\/\/ruuby.ee\/en\/pood\/aksessuaarid\/kiirelt-kuivavad-ratikud-ponchod\/juukseratik\/dock-bay-juukseratik-crystal-white\/\" \/>\n<meta property=\"og:site_name\" content=\"RUUBY\" \/>\n<meta property=\"article:publisher\" content=\"https:\/\/www.facebook.com\/ruubyconcept\" \/>\n<meta property=\"article:modified_time\" content=\"2026-04-07T22:28:24+00:00\" \/>\n<meta property=\"og:image\" content=\"https:\/\/ruuby.ee\/wp-content\/uploads\/2025\/07\/Screenshot-2025-07-02-at-09.07.17.png\" \/>\n\t<meta property=\"og:image:width\" content=\"1124\" \/>\n\t<meta property=\"og:image:height\" content=\"1162\" \/>\n\t<meta property=\"og:image:type\" content=\"image\/png\" \/>\n<meta name=\"twitter:card\" content=\"summary_large_image\" \/>\n<meta name=\"twitter:label1\" content=\"Estimated reading time\" \/>\n\t<meta name=\"twitter:data1\" content=\"1 minute\" \/>\n<script type=\"application\/ld+json\" class=\"yoast-schema-graph\">{\"@context\":\"https:\\\/\\\/schema.org\",\"@graph\":[{\"@type\":[\"WebPage\",\"ItemPage\"],\"@id\":\"https:\\\/\\\/ruuby.ee\\\/pood\\\/aksessuaarid\\\/kiirelt-kuivavad-ratikud-ponchod\\\/juukseratik\\\/dock-bay-juukseratik-crystal-white\\\/\",\"url\":\"https:\\\/\\\/ruuby.ee\\\/pood\\\/aksessuaarid\\\/kiirelt-kuivavad-ratikud-ponchod\\\/juukseratik\\\/dock-bay-juukseratik-crystal-white\\\/\",\"name\":\"Dock &amp; Bay juukser\u00e4tik - Crystal White - RUUBY\",\"isPartOf\":{\"@id\":\"http:\\\/\\\/ruuby.ee\\\/en\\\/#website\"},\"primaryImageOfPage\":{\"@id\":\"https:\\\/\\\/ruuby.ee\\\/pood\\\/aksessuaarid\\\/kiirelt-kuivavad-ratikud-ponchod\\\/juukseratik\\\/dock-bay-juukseratik-crystal-white\\\/#primaryimage\"},\"image\":{\"@id\":\"https:\\\/\\\/ruuby.ee\\\/pood\\\/aksessuaarid\\\/kiirelt-kuivavad-ratikud-ponchod\\\/juukseratik\\\/dock-bay-juukseratik-crystal-white\\\/#primaryimage\"},\"thumbnailUrl\":\"https:\\\/\\\/ruuby.ee\\\/wp-content\\\/uploads\\\/2025\\\/07\\\/Screenshot-2025-07-02-at-09.07.17.png\",\"datePublished\":\"2025-07-02T06:05:47+00:00\",\"dateModified\":\"2026-04-07T22:28:24+00:00\",\"breadcrumb\":{\"@id\":\"https:\\\/\\\/ruuby.ee\\\/pood\\\/aksessuaarid\\\/kiirelt-kuivavad-ratikud-ponchod\\\/juukseratik\\\/dock-bay-juukseratik-crystal-white\\\/#breadcrumb\"},\"inLanguage\":\"en-GB\",\"potentialAction\":[{\"@type\":\"ReadAction\",\"target\":[\"https:\\\/\\\/ruuby.ee\\\/pood\\\/aksessuaarid\\\/kiirelt-kuivavad-ratikud-ponchod\\\/juukseratik\\\/dock-bay-juukseratik-crystal-white\\\/\"]}]},{\"@type\":\"ImageObject\",\"inLanguage\":\"en-GB\",\"@id\":\"https:\\\/\\\/ruuby.ee\\\/pood\\\/aksessuaarid\\\/kiirelt-kuivavad-ratikud-ponchod\\\/juukseratik\\\/dock-bay-juukseratik-crystal-white\\\/#primaryimage\",\"url\":\"https:\\\/\\\/ruuby.ee\\\/wp-content\\\/uploads\\\/2025\\\/07\\\/Screenshot-2025-07-02-at-09.07.17.png\",\"contentUrl\":\"https:\\\/\\\/ruuby.ee\\\/wp-content\\\/uploads\\\/2025\\\/07\\\/Screenshot-2025-07-02-at-09.07.17.png\",\"width\":1124,\"height\":1162},{\"@type\":\"BreadcrumbList\",\"@id\":\"https:\\\/\\\/ruuby.ee\\\/pood\\\/aksessuaarid\\\/kiirelt-kuivavad-ratikud-ponchod\\\/juukseratik\\\/dock-bay-juukseratik-crystal-white\\\/#breadcrumb\",\"itemListElement\":[{\"@type\":\"ListItem\",\"position\":1,\"name\":\"Kdu\",\"item\":\"http:\\\/\\\/ruuby.ee\\\/en\\\/\"},{\"@type\":\"ListItem\",\"position\":2,\"name\":\"Pood\",\"item\":\"http:\\\/\\\/ruuby.ee\\\/en\\\/pood\\\/\"},{\"@type\":\"ListItem\",\"position\":3,\"name\":\"Dock &amp; Bay juukser\u00e4tik &#8211; Crystal White\"}]},{\"@type\":\"WebSite\",\"@id\":\"http:\\\/\\\/ruuby.ee\\\/en\\\/#website\",\"url\":\"http:\\\/\\\/ruuby.ee\\\/en\\\/\",\"name\":\"RUUBY\",\"description\":\"Ruubys on \u00fchendatud elustiil ja disain\",\"publisher\":{\"@id\":\"http:\\\/\\\/ruuby.ee\\\/en\\\/#organization\"},\"alternateName\":\"Ruuby Disain\",\"potentialAction\":[{\"@type\":\"SearchAction\",\"target\":{\"@type\":\"EntryPoint\",\"urlTemplate\":\"http:\\\/\\\/ruuby.ee\\\/en\\\/?s={search_term_string}\"},\"query-input\":{\"@type\":\"PropertyValueSpecification\",\"valueRequired\":true,\"valueName\":\"search_term_string\"}}],\"inLanguage\":\"en-GB\"},{\"@type\":\"Organization\",\"@id\":\"http:\\\/\\\/ruuby.ee\\\/en\\\/#organization\",\"name\":\"Ruuby Disain O\u00dc\",\"alternateName\":\"Ruuby\",\"url\":\"http:\\\/\\\/ruuby.ee\\\/en\\\/\",\"logo\":{\"@type\":\"ImageObject\",\"inLanguage\":\"en-GB\",\"@id\":\"http:\\\/\\\/ruuby.ee\\\/en\\\/#\\\/schema\\\/logo\\\/image\\\/\",\"url\":\"https:\\\/\\\/ruuby.ee\\\/wp-content\\\/uploads\\\/2023\\\/06\\\/cropped-Black-White-Elegant-Circle-Signature-Fashion-Logo-12_large.png\",\"contentUrl\":\"https:\\\/\\\/ruuby.ee\\\/wp-content\\\/uploads\\\/2023\\\/06\\\/cropped-Black-White-Elegant-Circle-Signature-Fashion-Logo-12_large.png\",\"width\":1280,\"height\":747,\"caption\":\"Ruuby Disain O\u00dc\"},\"image\":{\"@id\":\"http:\\\/\\\/ruuby.ee\\\/en\\\/#\\\/schema\\\/logo\\\/image\\\/\"},\"sameAs\":[\"https:\\\/\\\/www.facebook.com\\\/ruubyconcept\",\"https:\\\/\\\/www.instagram.com\\\/ruuby_concept\\\/\"]}]}<\/script>\n<!-- \/ Yoast SEO plugin. -->","yoast_head_json":{"title":"Dock &amp; Bay juukser\u00e4tik - Crystal White - RUUBY","robots":{"index":"index","follow":"follow","max-snippet":"max-snippet:-1","max-image-preview":"max-image-preview:large","max-video-preview":"max-video-preview:-1"},"canonical":"https:\/\/ruuby.ee\/en\/pood\/aksessuaarid\/kiirelt-kuivavad-ratikud-ponchod\/juukseratik\/dock-bay-juukseratik-crystal-white\/","og_locale":"en_GB","og_type":"article","og_title":"Dock &amp; Bay juukser\u00e4tik - Crystal White - RUUBY","og_description":"Hilja t\u00f6\u00f6le? V\u00f5i veel hullem, peole? \u200b\u200bL\u00f5ika kuivatamine poole v\u00f5rra l\u00fchemaks ja veeda v\u00e4hem aega f\u00f6\u00f6niga, kasutades \u00fcliimavaid juuksek\u00e4\u00e4re. Haara kaasa kiiresti kuivav seemisnahast juukser\u00e4tik, mis on loodud liigse niiskuse eemaldamiseks, j\u00e4\u00e4des samal ajal kergeks ja imeliseks.","og_url":"https:\/\/ruuby.ee\/en\/pood\/aksessuaarid\/kiirelt-kuivavad-ratikud-ponchod\/juukseratik\/dock-bay-juukseratik-crystal-white\/","og_site_name":"RUUBY","article_publisher":"https:\/\/www.facebook.com\/ruubyconcept","article_modified_time":"2026-04-07T22:28:24+00:00","og_image":[{"width":1124,"height":1162,"url":"https:\/\/ruuby.ee\/wp-content\/uploads\/2025\/07\/Screenshot-2025-07-02-at-09.07.17.png","type":"image\/png"}],"twitter_card":"summary_large_image","twitter_misc":{"Estimated reading time":"1 minute"},"schema":{"@context":"https:\/\/schema.org","@graph":[{"@type":["WebPage","ItemPage"],"@id":"https:\/\/ruuby.ee\/pood\/aksessuaarid\/kiirelt-kuivavad-ratikud-ponchod\/juukseratik\/dock-bay-juukseratik-crystal-white\/","url":"https:\/\/ruuby.ee\/pood\/aksessuaarid\/kiirelt-kuivavad-ratikud-ponchod\/juukseratik\/dock-bay-juukseratik-crystal-white\/","name":"Dock &amp; Bay juukser\u00e4tik - Crystal White - RUUBY","isPartOf":{"@id":"http:\/\/ruuby.ee\/en\/#website"},"primaryImageOfPage":{"@id":"https:\/\/ruuby.ee\/pood\/aksessuaarid\/kiirelt-kuivavad-ratikud-ponchod\/juukseratik\/dock-bay-juukseratik-crystal-white\/#primaryimage"},"image":{"@id":"https:\/\/ruuby.ee\/pood\/aksessuaarid\/kiirelt-kuivavad-ratikud-ponchod\/juukseratik\/dock-bay-juukseratik-crystal-white\/#primaryimage"},"thumbnailUrl":"https:\/\/ruuby.ee\/wp-content\/uploads\/2025\/07\/Screenshot-2025-07-02-at-09.07.17.png","datePublished":"2025-07-02T06:05:47+00:00","dateModified":"2026-04-07T22:28:24+00:00","breadcrumb":{"@id":"https:\/\/ruuby.ee\/pood\/aksessuaarid\/kiirelt-kuivavad-ratikud-ponchod\/juukseratik\/dock-bay-juukseratik-crystal-white\/#breadcrumb"},"inLanguage":"en-GB","potentialAction":[{"@type":"ReadAction","target":["https:\/\/ruuby.ee\/pood\/aksessuaarid\/kiirelt-kuivavad-ratikud-ponchod\/juukseratik\/dock-bay-juukseratik-crystal-white\/"]}]},{"@type":"ImageObject","inLanguage":"en-GB","@id":"https:\/\/ruuby.ee\/pood\/aksessuaarid\/kiirelt-kuivavad-ratikud-ponchod\/juukseratik\/dock-bay-juukseratik-crystal-white\/#primaryimage","url":"https:\/\/ruuby.ee\/wp-content\/uploads\/2025\/07\/Screenshot-2025-07-02-at-09.07.17.png","contentUrl":"https:\/\/ruuby.ee\/wp-content\/uploads\/2025\/07\/Screenshot-2025-07-02-at-09.07.17.png","width":1124,"height":1162},{"@type":"BreadcrumbList","@id":"https:\/\/ruuby.ee\/pood\/aksessuaarid\/kiirelt-kuivavad-ratikud-ponchod\/juukseratik\/dock-bay-juukseratik-crystal-white\/#breadcrumb","itemListElement":[{"@type":"ListItem","position":1,"name":"Kdu","item":"http:\/\/ruuby.ee\/en\/"},{"@type":"ListItem","position":2,"name":"Pood","item":"http:\/\/ruuby.ee\/en\/pood\/"},{"@type":"ListItem","position":3,"name":"Dock &amp; Bay juukser\u00e4tik &#8211; Crystal White"}]},{"@type":"WebSite","@id":"http:\/\/ruuby.ee\/en\/#website","url":"http:\/\/ruuby.ee\/en\/","name":"RUUBY","description":"Ruubys on \u00fchendatud elustiil ja disain","publisher":{"@id":"http:\/\/ruuby.ee\/en\/#organization"},"alternateName":"Ruuby Disain","potentialAction":[{"@type":"SearchAction","target":{"@type":"EntryPoint","urlTemplate":"http:\/\/ruuby.ee\/en\/?s={search_term_string}"},"query-input":{"@type":"PropertyValueSpecification","valueRequired":true,"valueName":"search_term_string"}}],"inLanguage":"en-GB"},{"@type":"Organization","@id":"http:\/\/ruuby.ee\/en\/#organization","name":"Ruuby Disain O\u00dc","alternateName":"Ruuby","url":"http:\/\/ruuby.ee\/en\/","logo":{"@type":"ImageObject","inLanguage":"en-GB","@id":"http:\/\/ruuby.ee\/en\/#\/schema\/logo\/image\/","url":"https:\/\/ruuby.ee\/wp-content\/uploads\/2023\/06\/cropped-Black-White-Elegant-Circle-Signature-Fashion-Logo-12_large.png","contentUrl":"https:\/\/ruuby.ee\/wp-content\/uploads\/2023\/06\/cropped-Black-White-Elegant-Circle-Signature-Fashion-Logo-12_large.png","width":1280,"height":747,"caption":"Ruuby Disain O\u00dc"},"image":{"@id":"http:\/\/ruuby.ee\/en\/#\/schema\/logo\/image\/"},"sameAs":["https:\/\/www.facebook.com\/ruubyconcept","https:\/\/www.instagram.com\/ruuby_concept\/"]}]}},"jetpack_sharing_enabled":true,"_links":{"self":[{"href":"https:\/\/ruuby.ee\/en\/wp-json\/wp\/v2\/product\/1853927","targetHints":{"allow":["GET"]}}],"collection":[{"href":"https:\/\/ruuby.ee\/en\/wp-json\/wp\/v2\/product"}],"about":[{"href":"https:\/\/ruuby.ee\/en\/wp-json\/wp\/v2\/types\/product"}],"replies":[{"embeddable":true,"href":"https:\/\/ruuby.ee\/en\/wp-json\/wp\/v2\/comments?post=1853927"}],"wp:featuredmedia":[{"embeddable":true,"href":"https:\/\/ruuby.ee\/en\/wp-json\/wp\/v2\/media\/1853934"}],"wp:attachment":[{"href":"https:\/\/ruuby.ee\/en\/wp-json\/wp\/v2\/media?parent=1853927"}],"wp:term":[{"taxonomy":"product_brand","embeddable":true,"href":"https:\/\/ruuby.ee\/en\/wp-json\/wp\/v2\/product_brand?post=1853927"},{"taxonomy":"product_cat","embeddable":true,"href":"https:\/\/ruuby.ee\/en\/wp-json\/wp\/v2\/product_cat?post=1853927"},{"taxonomy":"product_tag","embeddable":true,"href":"https:\/\/ruuby.ee\/en\/wp-json\/wp\/v2\/product_tag?post=1853927"}],"curies":[{"name":"wp","href":"https:\/\/api.w.org\/{rel}","templated":true}]}}