{"id":1853899,"date":"2025-07-01T10:52:02","date_gmt":"2025-07-01T07:52:02","guid":{"rendered":"https:\/\/ruuby.ee\/pood\/maaratlemata\/kinfill-koogipuhastuvahendi-kontsentraat-tangerine\/"},"modified":"2026-04-08T01:28:24","modified_gmt":"2026-04-07T22:28:24","slug":"kinfill-koogipuhastuvahendi-kontsentraat-tangerine","status":"publish","type":"product","link":"https:\/\/ruuby.ee\/en\/pood\/kodusisustus\/puhastusvahendid\/taiteampullid\/kinfill-koogipuhastuvahendi-kontsentraat-tangerine\/","title":{"rendered":"KINFILL &#8211; k\u00f6\u00f6gipuhastuvahendi kontsentraat, Tangerine"},"content":{"rendered":"<p><span lang=\"et\">Kinfill <\/span>k\u00f6\u00f6gipuhastusvahend\u00a0<span lang=\"et\"><em>Kitchen Cleaner<\/em> on rasva suurim vaenlane. <\/span><span lang=\"et\">Toiduvalmistamine on r\u00e4pane m\u00e4ng. See k\u00f6\u00f6gipuhastusvahend t\u00f6\u00f6tab suurep\u00e4raselt k\u00f5igel alates roostevabast terasest kuni loodusliku kivini. See ei j\u00e4ta j\u00e4lgi ja loomulikult l\u00f5hnab see suurep\u00e4raselt. \u00a0<\/span><span lang=\"et\">Ostke \u00fcks kord, t\u00e4itke igavesti.<\/span><\/p>\n<p>Lisaks saad lahti \u00fchekordselt kasutatavatest plastpudelitest.<\/p>\n<p><span lang=\"et\">Kinfill<\/span> puhastusvahendid on valmistatud t\u00f5husatest koostisosadest, mis ei sisalda kemikaale, mis v\u00f5iksid olla kahjulikud Teile v\u00f5i keskkonnale.<\/p>\n<p><span lang=\"et\">Kinfill<\/span> puhastusvahendid ei sisalda kemikaale, mis v\u00f5iksid olla kahjulikud Teile v\u00f5i keskkonnale.<\/p>\n<p>\u2014 Vegan<br \/>\n\u2014 Ei sisalda palmi\u00f5li<br \/>\n\u2014 \u00dchekordse plastpakendi vaba<\/p>\n<p><strong>L\u00f5hnad:<\/strong><\/p>\n<p><em>Lavender Fields<\/em>.<\/p>\n<p>Lavendel \u2013 klassikaline rahustav lavendli l\u00f5hn. <span lang=\"et\">Rahustav, magus, v\u00fcrtsikas. Lavendli rahustavad taimsed noodid koos rohelise tee, laimi ja piparm\u00fcndiga. <\/span><span lang=\"et\">Rikkalik l\u00f5hn, mis toob meelde h\u00e4id m\u00e4lestusi.<\/span><\/p>\n<p>&nbsp;<\/p>\n<p><strong>Kasutamine:<\/strong><\/p>\n<p><span class=\"HwtZe\" lang=\"et\"><span class=\"jCAhz ChMk0b\"><span class=\"ryNqvb\">Said Kinfill \u00fcldpuhastusvahendi kontsentraadi k\u00e4tte?<\/span><\/span><\/span><\/p>\n<p><span class=\"HwtZe\" lang=\"et\"><span class=\"jCAhz ChMk0b\"><span class=\"ryNqvb\">Siis on kolm lihtsat sammu ja oletegi valmis.<\/span><\/span><\/span><\/p>\n<p><span class=\"HwtZe\" lang=\"et\"><span class=\"jCAhz ChMk0b\"><span class=\"ryNqvb\">1. Valage puhastuskontsentraat pudelisse.<\/span><\/span><\/span><\/p>\n<p><span class=\"HwtZe\" lang=\"et\"><span class=\"jCAhz ChMk0b\"><span class=\"ryNqvb\">2. T\u00e4itke pudel k\u00fclma veega, kuni see on t\u00e4is.<\/span><\/span><\/span><\/p>\n<p><span class=\"HwtZe\" lang=\"et\"><span class=\"jCAhz ChMk0b\"><span class=\"ryNqvb\">3. Loksuta<\/span><\/span><\/span><\/p>\n<p>Ongi valmis!<\/p>\n<p>&nbsp;<\/p>\n<p>Toodetud Hollandis.<\/p>","protected":false},"excerpt":{"rendered":"<p>\u00dclim abivahend l\u00e4ikiva, puhta ja l\u00f5hnava k\u00f6\u00f6gi jaoks.<\/p>\n<p>Komplekti kuulub 2 x puhastuskontsentraati (10ml).<\/p>","protected":false},"featured_media":1853900,"comment_status":"open","ping_status":"closed","template":"","meta":[],"product_brand":[],"product_cat":[42,891,987],"product_tag":[892,893],"class_list":{"0":"post-1853899","1":"product","2":"type-product","3":"status-publish","4":"has-post-thumbnail","6":"product_cat-kodusisustus","7":"product_cat-puhastusvahendid","8":"product_cat-taiteampullid","9":"product_tag-kinfill","10":"product_tag-puhastusvahend","12":"first","13":"outofstock","14":"taxable","15":"shipping-taxable","16":"purchasable","17":"product-type-simple"},"yoast_head":"<!-- This site is optimized with the Yoast SEO plugin v27.3 - https:\/\/yoast.com\/product\/yoast-seo-wordpress\/ -->\n<title>KINFILL - k\u00f6\u00f6gipuhastuvahendi kontsentraat, Tangerine - RUUBY<\/title>\n<meta name=\"robots\" content=\"index, follow, max-snippet:-1, max-image-preview:large, max-video-preview:-1\" \/>\n<link rel=\"canonical\" href=\"http:\/\/ruuby.ee\/en\/pood\/kodusisustus\/puhastusvahendid\/taiteampullid\/kinfill-koogipuhastuvahendi-kontsentraat-tangerine\/\" \/>\n<meta property=\"og:locale\" content=\"en_GB\" \/>\n<meta property=\"og:type\" content=\"article\" \/>\n<meta property=\"og:title\" content=\"KINFILL - k\u00f6\u00f6gipuhastuvahendi kontsentraat, Tangerine - RUUBY\" \/>\n<meta property=\"og:description\" content=\"\u00dclim abivahend l\u00e4ikiva, puhta ja l\u00f5hnava k\u00f6\u00f6gi jaoks.  Komplekti kuulub 2 x puhastuskontsentraati (10ml).\" \/>\n<meta property=\"og:url\" content=\"http:\/\/ruuby.ee\/en\/pood\/kodusisustus\/puhastusvahendid\/taiteampullid\/kinfill-koogipuhastuvahendi-kontsentraat-tangerine\/\" \/>\n<meta property=\"og:site_name\" content=\"RUUBY\" \/>\n<meta property=\"article:publisher\" content=\"https:\/\/www.facebook.com\/ruubyconcept\" \/>\n<meta property=\"article:modified_time\" content=\"2026-04-07T22:28:24+00:00\" \/>\n<meta property=\"og:image\" content=\"http:\/\/ruuby.ee\/wp-content\/uploads\/2025\/07\/Screenshot-2025-07-01-at-10.53.53.png\" \/>\n\t<meta property=\"og:image:width\" content=\"784\" \/>\n\t<meta property=\"og:image:height\" content=\"744\" \/>\n\t<meta property=\"og:image:type\" content=\"image\/png\" \/>\n<meta name=\"twitter:card\" content=\"summary_large_image\" \/>\n<meta name=\"twitter:label1\" content=\"Estimated reading time\" \/>\n\t<meta name=\"twitter:data1\" content=\"1 minute\" \/>\n<script type=\"application\/ld+json\" class=\"yoast-schema-graph\">{\"@context\":\"https:\\\/\\\/schema.org\",\"@graph\":[{\"@type\":[\"WebPage\",\"ItemPage\"],\"@id\":\"http:\\\/\\\/ruuby.ee\\\/en\\\/pood\\\/kodusisustus\\\/puhastusvahendid\\\/taiteampullid\\\/kinfill-koogipuhastuvahendi-kontsentraat-tangerine\\\/\",\"url\":\"http:\\\/\\\/ruuby.ee\\\/en\\\/pood\\\/kodusisustus\\\/puhastusvahendid\\\/taiteampullid\\\/kinfill-koogipuhastuvahendi-kontsentraat-tangerine\\\/\",\"name\":\"KINFILL - k\u00f6\u00f6gipuhastuvahendi kontsentraat, Tangerine - RUUBY\",\"isPartOf\":{\"@id\":\"http:\\\/\\\/ruuby.ee\\\/en\\\/#website\"},\"primaryImageOfPage\":{\"@id\":\"http:\\\/\\\/ruuby.ee\\\/en\\\/pood\\\/kodusisustus\\\/puhastusvahendid\\\/taiteampullid\\\/kinfill-koogipuhastuvahendi-kontsentraat-tangerine\\\/#primaryimage\"},\"image\":{\"@id\":\"http:\\\/\\\/ruuby.ee\\\/en\\\/pood\\\/kodusisustus\\\/puhastusvahendid\\\/taiteampullid\\\/kinfill-koogipuhastuvahendi-kontsentraat-tangerine\\\/#primaryimage\"},\"thumbnailUrl\":\"https:\\\/\\\/ruuby.ee\\\/wp-content\\\/uploads\\\/2025\\\/07\\\/Screenshot-2025-07-01-at-10.53.53.png\",\"datePublished\":\"2025-07-01T07:52:02+00:00\",\"dateModified\":\"2026-04-07T22:28:24+00:00\",\"breadcrumb\":{\"@id\":\"http:\\\/\\\/ruuby.ee\\\/en\\\/pood\\\/kodusisustus\\\/puhastusvahendid\\\/taiteampullid\\\/kinfill-koogipuhastuvahendi-kontsentraat-tangerine\\\/#breadcrumb\"},\"inLanguage\":\"en-GB\",\"potentialAction\":[{\"@type\":\"ReadAction\",\"target\":[\"http:\\\/\\\/ruuby.ee\\\/en\\\/pood\\\/kodusisustus\\\/puhastusvahendid\\\/taiteampullid\\\/kinfill-koogipuhastuvahendi-kontsentraat-tangerine\\\/\"]}]},{\"@type\":\"ImageObject\",\"inLanguage\":\"en-GB\",\"@id\":\"http:\\\/\\\/ruuby.ee\\\/en\\\/pood\\\/kodusisustus\\\/puhastusvahendid\\\/taiteampullid\\\/kinfill-koogipuhastuvahendi-kontsentraat-tangerine\\\/#primaryimage\",\"url\":\"https:\\\/\\\/ruuby.ee\\\/wp-content\\\/uploads\\\/2025\\\/07\\\/Screenshot-2025-07-01-at-10.53.53.png\",\"contentUrl\":\"https:\\\/\\\/ruuby.ee\\\/wp-content\\\/uploads\\\/2025\\\/07\\\/Screenshot-2025-07-01-at-10.53.53.png\",\"width\":784,\"height\":744},{\"@type\":\"BreadcrumbList\",\"@id\":\"http:\\\/\\\/ruuby.ee\\\/en\\\/pood\\\/kodusisustus\\\/puhastusvahendid\\\/taiteampullid\\\/kinfill-koogipuhastuvahendi-kontsentraat-tangerine\\\/#breadcrumb\",\"itemListElement\":[{\"@type\":\"ListItem\",\"position\":1,\"name\":\"Kdu\",\"item\":\"http:\\\/\\\/ruuby.ee\\\/en\\\/\"},{\"@type\":\"ListItem\",\"position\":2,\"name\":\"Pood\",\"item\":\"http:\\\/\\\/ruuby.ee\\\/en\\\/pood\\\/\"},{\"@type\":\"ListItem\",\"position\":3,\"name\":\"KINFILL &#8211; k\u00f6\u00f6gipuhastuvahendi kontsentraat, Tangerine\"}]},{\"@type\":\"WebSite\",\"@id\":\"http:\\\/\\\/ruuby.ee\\\/en\\\/#website\",\"url\":\"http:\\\/\\\/ruuby.ee\\\/en\\\/\",\"name\":\"RUUBY\",\"description\":\"Ruubys on \u00fchendatud elustiil ja disain\",\"publisher\":{\"@id\":\"http:\\\/\\\/ruuby.ee\\\/en\\\/#organization\"},\"alternateName\":\"Ruuby Disain\",\"potentialAction\":[{\"@type\":\"SearchAction\",\"target\":{\"@type\":\"EntryPoint\",\"urlTemplate\":\"http:\\\/\\\/ruuby.ee\\\/en\\\/?s={search_term_string}\"},\"query-input\":{\"@type\":\"PropertyValueSpecification\",\"valueRequired\":true,\"valueName\":\"search_term_string\"}}],\"inLanguage\":\"en-GB\"},{\"@type\":\"Organization\",\"@id\":\"http:\\\/\\\/ruuby.ee\\\/en\\\/#organization\",\"name\":\"Ruuby Disain O\u00dc\",\"alternateName\":\"Ruuby\",\"url\":\"http:\\\/\\\/ruuby.ee\\\/en\\\/\",\"logo\":{\"@type\":\"ImageObject\",\"inLanguage\":\"en-GB\",\"@id\":\"http:\\\/\\\/ruuby.ee\\\/en\\\/#\\\/schema\\\/logo\\\/image\\\/\",\"url\":\"https:\\\/\\\/ruuby.ee\\\/wp-content\\\/uploads\\\/2023\\\/06\\\/cropped-Black-White-Elegant-Circle-Signature-Fashion-Logo-12_large.png\",\"contentUrl\":\"https:\\\/\\\/ruuby.ee\\\/wp-content\\\/uploads\\\/2023\\\/06\\\/cropped-Black-White-Elegant-Circle-Signature-Fashion-Logo-12_large.png\",\"width\":1280,\"height\":747,\"caption\":\"Ruuby Disain O\u00dc\"},\"image\":{\"@id\":\"http:\\\/\\\/ruuby.ee\\\/en\\\/#\\\/schema\\\/logo\\\/image\\\/\"},\"sameAs\":[\"https:\\\/\\\/www.facebook.com\\\/ruubyconcept\",\"https:\\\/\\\/www.instagram.com\\\/ruuby_concept\\\/\"]}]}<\/script>\n<!-- \/ Yoast SEO plugin. -->","yoast_head_json":{"title":"KINFILL - k\u00f6\u00f6gipuhastuvahendi kontsentraat, Tangerine - RUUBY","robots":{"index":"index","follow":"follow","max-snippet":"max-snippet:-1","max-image-preview":"max-image-preview:large","max-video-preview":"max-video-preview:-1"},"canonical":"http:\/\/ruuby.ee\/en\/pood\/kodusisustus\/puhastusvahendid\/taiteampullid\/kinfill-koogipuhastuvahendi-kontsentraat-tangerine\/","og_locale":"en_GB","og_type":"article","og_title":"KINFILL - k\u00f6\u00f6gipuhastuvahendi kontsentraat, Tangerine - RUUBY","og_description":"\u00dclim abivahend l\u00e4ikiva, puhta ja l\u00f5hnava k\u00f6\u00f6gi jaoks.  Komplekti kuulub 2 x puhastuskontsentraati (10ml).","og_url":"http:\/\/ruuby.ee\/en\/pood\/kodusisustus\/puhastusvahendid\/taiteampullid\/kinfill-koogipuhastuvahendi-kontsentraat-tangerine\/","og_site_name":"RUUBY","article_publisher":"https:\/\/www.facebook.com\/ruubyconcept","article_modified_time":"2026-04-07T22:28:24+00:00","og_image":[{"width":784,"height":744,"url":"http:\/\/ruuby.ee\/wp-content\/uploads\/2025\/07\/Screenshot-2025-07-01-at-10.53.53.png","type":"image\/png"}],"twitter_card":"summary_large_image","twitter_misc":{"Estimated reading time":"1 minute"},"schema":{"@context":"https:\/\/schema.org","@graph":[{"@type":["WebPage","ItemPage"],"@id":"http:\/\/ruuby.ee\/en\/pood\/kodusisustus\/puhastusvahendid\/taiteampullid\/kinfill-koogipuhastuvahendi-kontsentraat-tangerine\/","url":"http:\/\/ruuby.ee\/en\/pood\/kodusisustus\/puhastusvahendid\/taiteampullid\/kinfill-koogipuhastuvahendi-kontsentraat-tangerine\/","name":"KINFILL - k\u00f6\u00f6gipuhastuvahendi kontsentraat, Tangerine - RUUBY","isPartOf":{"@id":"http:\/\/ruuby.ee\/en\/#website"},"primaryImageOfPage":{"@id":"http:\/\/ruuby.ee\/en\/pood\/kodusisustus\/puhastusvahendid\/taiteampullid\/kinfill-koogipuhastuvahendi-kontsentraat-tangerine\/#primaryimage"},"image":{"@id":"http:\/\/ruuby.ee\/en\/pood\/kodusisustus\/puhastusvahendid\/taiteampullid\/kinfill-koogipuhastuvahendi-kontsentraat-tangerine\/#primaryimage"},"thumbnailUrl":"https:\/\/ruuby.ee\/wp-content\/uploads\/2025\/07\/Screenshot-2025-07-01-at-10.53.53.png","datePublished":"2025-07-01T07:52:02+00:00","dateModified":"2026-04-07T22:28:24+00:00","breadcrumb":{"@id":"http:\/\/ruuby.ee\/en\/pood\/kodusisustus\/puhastusvahendid\/taiteampullid\/kinfill-koogipuhastuvahendi-kontsentraat-tangerine\/#breadcrumb"},"inLanguage":"en-GB","potentialAction":[{"@type":"ReadAction","target":["http:\/\/ruuby.ee\/en\/pood\/kodusisustus\/puhastusvahendid\/taiteampullid\/kinfill-koogipuhastuvahendi-kontsentraat-tangerine\/"]}]},{"@type":"ImageObject","inLanguage":"en-GB","@id":"http:\/\/ruuby.ee\/en\/pood\/kodusisustus\/puhastusvahendid\/taiteampullid\/kinfill-koogipuhastuvahendi-kontsentraat-tangerine\/#primaryimage","url":"https:\/\/ruuby.ee\/wp-content\/uploads\/2025\/07\/Screenshot-2025-07-01-at-10.53.53.png","contentUrl":"https:\/\/ruuby.ee\/wp-content\/uploads\/2025\/07\/Screenshot-2025-07-01-at-10.53.53.png","width":784,"height":744},{"@type":"BreadcrumbList","@id":"http:\/\/ruuby.ee\/en\/pood\/kodusisustus\/puhastusvahendid\/taiteampullid\/kinfill-koogipuhastuvahendi-kontsentraat-tangerine\/#breadcrumb","itemListElement":[{"@type":"ListItem","position":1,"name":"Kdu","item":"http:\/\/ruuby.ee\/en\/"},{"@type":"ListItem","position":2,"name":"Pood","item":"http:\/\/ruuby.ee\/en\/pood\/"},{"@type":"ListItem","position":3,"name":"KINFILL &#8211; k\u00f6\u00f6gipuhastuvahendi kontsentraat, Tangerine"}]},{"@type":"WebSite","@id":"http:\/\/ruuby.ee\/en\/#website","url":"http:\/\/ruuby.ee\/en\/","name":"RUUBY","description":"Ruubys on \u00fchendatud elustiil ja disain","publisher":{"@id":"http:\/\/ruuby.ee\/en\/#organization"},"alternateName":"Ruuby Disain","potentialAction":[{"@type":"SearchAction","target":{"@type":"EntryPoint","urlTemplate":"http:\/\/ruuby.ee\/en\/?s={search_term_string}"},"query-input":{"@type":"PropertyValueSpecification","valueRequired":true,"valueName":"search_term_string"}}],"inLanguage":"en-GB"},{"@type":"Organization","@id":"http:\/\/ruuby.ee\/en\/#organization","name":"Ruuby Disain O\u00dc","alternateName":"Ruuby","url":"http:\/\/ruuby.ee\/en\/","logo":{"@type":"ImageObject","inLanguage":"en-GB","@id":"http:\/\/ruuby.ee\/en\/#\/schema\/logo\/image\/","url":"https:\/\/ruuby.ee\/wp-content\/uploads\/2023\/06\/cropped-Black-White-Elegant-Circle-Signature-Fashion-Logo-12_large.png","contentUrl":"https:\/\/ruuby.ee\/wp-content\/uploads\/2023\/06\/cropped-Black-White-Elegant-Circle-Signature-Fashion-Logo-12_large.png","width":1280,"height":747,"caption":"Ruuby Disain O\u00dc"},"image":{"@id":"http:\/\/ruuby.ee\/en\/#\/schema\/logo\/image\/"},"sameAs":["https:\/\/www.facebook.com\/ruubyconcept","https:\/\/www.instagram.com\/ruuby_concept\/"]}]}},"jetpack_sharing_enabled":true,"_links":{"self":[{"href":"https:\/\/ruuby.ee\/en\/wp-json\/wp\/v2\/product\/1853899","targetHints":{"allow":["GET"]}}],"collection":[{"href":"https:\/\/ruuby.ee\/en\/wp-json\/wp\/v2\/product"}],"about":[{"href":"https:\/\/ruuby.ee\/en\/wp-json\/wp\/v2\/types\/product"}],"replies":[{"embeddable":true,"href":"https:\/\/ruuby.ee\/en\/wp-json\/wp\/v2\/comments?post=1853899"}],"wp:featuredmedia":[{"embeddable":true,"href":"https:\/\/ruuby.ee\/en\/wp-json\/wp\/v2\/media\/1853900"}],"wp:attachment":[{"href":"https:\/\/ruuby.ee\/en\/wp-json\/wp\/v2\/media?parent=1853899"}],"wp:term":[{"taxonomy":"product_brand","embeddable":true,"href":"https:\/\/ruuby.ee\/en\/wp-json\/wp\/v2\/product_brand?post=1853899"},{"taxonomy":"product_cat","embeddable":true,"href":"https:\/\/ruuby.ee\/en\/wp-json\/wp\/v2\/product_cat?post=1853899"},{"taxonomy":"product_tag","embeddable":true,"href":"https:\/\/ruuby.ee\/en\/wp-json\/wp\/v2\/product_tag?post=1853899"}],"curies":[{"name":"wp","href":"https:\/\/api.w.org\/{rel}","templated":true}]}}